{"id":17268,"date":"2024-07-31T13:07:53","date_gmt":"2024-07-31T12:07:53","guid":{"rendered":"https:\/\/www.urbanspot.si\/?page_id=17268"},"modified":"2025-07-09T09:30:31","modified_gmt":"2025-07-09T07:30:31","slug":"nacini-placanja-i-dostava","status":"publish","type":"page","link":"https:\/\/www.urbanspot.si\/hr\/nacini-placila-in-dostava\/","title":{"rendered":"Na\u010dini pla\u0107anja i dostava"},"content":{"rendered":"<div data-elementor-type=\"wp-page\" data-elementor-id=\"17268\" class=\"elementor elementor-17268\">\n\t\t\t\t<div class=\"wd-negative-gap elementor-element elementor-element-53baebf e-flex e-con-boxed e-con e-parent\" data-id=\"53baebf\" data-element_type=\"container\" data-e-type=\"container\">\n\t\t\t\t\t<div class=\"e-con-inner\">\n\t\t\t\t<div class=\"elementor-element elementor-element-773ec6a elementor-widget elementor-widget-heading\" data-id=\"773ec6a\" data-element_type=\"widget\" data-e-type=\"widget\" data-widget_type=\"heading.default\">\n\t\t\t\t<div class=\"elementor-widget-container\">\n\t\t\t\t\t<h4 class=\"elementor-heading-title elementor-size-default\">1. Na\u010din pla\u0107anja<\/h4>\t\t\t\t<\/div>\n\t\t\t\t<\/div>\n\t\t\t\t<div class=\"elementor-element elementor-element-9a27bfa color-scheme-inherit text-left elementor-widget elementor-widget-text-editor\" data-id=\"9a27bfa\" data-element_type=\"widget\" data-e-type=\"widget\" data-widget_type=\"text-editor.default\">\n\t\t\t\t<div class=\"elementor-widget-container\">\n\t\t\t\t\t\t\t\t\t<p>Pru\u017eatelj usluga nudi sljede\u0107e na\u010dine pla\u0107anja:<\/p><ul><li>prijenosom na ra\u010dun administratora iSERVER doo (prema ponudi \/ predra\u010dunu) Korisnik mo\u017ee naru\u010diti kupnju i telefonom na broj 070 555 775. Nakon narud\u017ebe, na njegovu e-mail adresu bit \u0107e poslana UPN narud\u017eba koju kupac mo\u017ee platiti u po\u0161ti ili banci. Nakon pla\u0107anja narud\u017ebe, kupcu \u0107e biti poslan proizvod i ra\u010dun. Pla\u0107anjem po predra\u010dunu, kupac pristaje na op\u0107e uvjete poslovanja.<\/li><li>s kreditnom karticom Eurocard \/ Mastercard, Visa<\/li><li>putem PayPala<\/li><li>pla\u0107anje Diners karticom<\/li><li>pla\u0107anje putem APPLE Paya<\/li><li>pla\u0107anje putem GOOGLE Paya<\/li><\/ul>\t\t\t\t\t\t\t\t<\/div>\n\t\t\t\t<\/div>\n\t\t\t\t\t<\/div>\n\t\t\t\t<\/div>\n\t\t<div class=\"wd-negative-gap elementor-element elementor-element-d430407 e-flex e-con-boxed e-con e-parent\" data-id=\"d430407\" data-element_type=\"container\" data-e-type=\"container\">\n\t\t\t\t\t<div class=\"e-con-inner\">\n\t\t\t\t<div class=\"elementor-element elementor-element-8664d39 elementor-widget elementor-widget-heading\" data-id=\"8664d39\" data-element_type=\"widget\" data-e-type=\"widget\" data-widget_type=\"heading.default\">\n\t\t\t\t<div class=\"elementor-widget-container\">\n\t\t\t\t\t<h4 class=\"elementor-heading-title elementor-size-default\">2. Dostava narud\u017ebe<\/h4>\t\t\t\t<\/div>\n\t\t\t\t<\/div>\n\t\t\t\t<div class=\"elementor-element elementor-element-67c35e6 color-scheme-inherit text-left elementor-widget elementor-widget-text-editor\" data-id=\"67c35e6\" data-element_type=\"widget\" data-e-type=\"widget\" data-widget_type=\"text-editor.default\">\n\t\t\t\t<div class=\"elementor-widget-container\">\n\t\t\t\t\t\t\t\t\t<p><b>Dostava narud\u017ebe traje 2 do 4 radna dana nakon primitka bankovne doznake ili uplate - nema dostave vikendom i praznicima.<\/b><\/p><ul><li>Pru\u017eatelj usluga \u0107e isporu\u010diti robu ili usluge u dogovorenom roku.<\/li><li>Ugovorni partner za dostavu po\u0161iljki je GLS.<\/li><li>Na\u0161 partner dostavlja pakete ujutro na adresu koju ste unijeli prilikom narud\u017ebe.<\/li><li>Budu\u0107i da dostavna slu\u017eba dostavlja artikle u jutarnjim satima, mo\u017eete odabrati i dostavu artikla na bilo koje drugo ime ili adresu.<\/li><li>Ako u trenutku dostave niste na odre\u0111enoj lokaciji (tvrtka, ured itd.), dostavlja\u010d \u0107e ostaviti poruku s uputama za kasnije preuzimanje.<\/li><li>Ako kupac ne primi robu u roku od nekoliko dana od otpreme, du\u017ean je o tome odmah obavijestiti dobavlja\u010da.<\/li><li>U tom slu\u010daju, pru\u017eatelj usluga utvr\u0111uje uzroke i obavje\u0161tava kupca.<\/li><\/ul><p><b>Koliki su tro\u0161kovi dostave?<\/b><\/p><p>Cijena dostave ovisi o koli\u010dini naru\u010denih proizvoda.<\/p><ul><li>Za narud\u017ebe do 10 \u20ac, dostava je 3,49 \u20ac.<\/li><li>Za narud\u017ebe od 10 \u20ac do 30 \u20ac (uklju\u010duju\u0107i cijenu), dostava iznosi 2,99 \u20ac.<\/li><li>Za narud\u017ebe od 30 \u20ac do 50 \u20ac (uklju\u010duju\u0107i i cijenu), dostava iznosi 1,99 \u20ac.<\/li><li>Za narud\u017ebe preko 50 \u20ac, dostava je besplatna.<\/li><li>GLS kuriru mo\u017eete platiti paket prilikom dostave gotovinom ili kreditnom\/debitnom karticom. Ako robu pla\u0107ate karticom (na GLS paketomatima mogu\u0107e je samo pla\u0107anje karticom), naplatit \u0107e vam se dodatna bankovna provizija od 1,43 % od iznosa uplate, za \u0161to \u0107e vam GLS izdati ra\u010dun. U slu\u010daju neuspje\u0161nog poku\u0161aja dostave, GLS kurir \u0107e vam ostaviti poruku o dolasku po\u0161iljke. Poruka sadr\u017ei broj paketa i broj telefona GLS dostavne slu\u017ebe (01 500 11 90), kao i adresu e-po\u0161te (info@gls-slovenia.com).<\/li><\/ul><p><b>Preuzimanje u paketomatu:<\/b><\/p><p>Za povremene po\u0161iljatelje, GLS paketne trgovine i paketomati izvrsno su rje\u0161enje za pouzdanu distribuciju paketa. Slu\u017ee kao prakti\u010dna mjesta preuzimanja ili isporuke. GLS paketne trgovine imaju vrlo dugo radno vrijeme, a GLS paketomati dostupni su 24 sata dnevno. U Sloveniji postoji vi\u0161e od 250 paketnih trgovina i 15 paketomata. Pla\u0107anje u paketomatima mogu\u0107e je samo KARTICOM. Pro\u010ditajte vi\u0161e o paketomatima\u00a0<a href=\"https:\/\/gls-group.eu\/SI\/sl\/gls-iskanje-parcelshop\">OVDJE<\/a>. Mo\u017eete vidjeti sve poslovnice Parcel Shopa i njihovo radno vrijeme.\u00a0<a href=\"https:\/\/gls-group.eu\/SI\/sl\/gls-iskanje-parcelshop\">OVDJE<\/a>.<\/p><p>GLS kuriru mo\u017eete platiti paket prilikom dostave gotovinom ili kreditnom\/debitnom karticom. Karticom mo\u017eete platiti samo prilikom dostave na \u0161alter. Ako robu pla\u0107ate karticom, naplatit \u0107e vam se dodatna bankovna naknada od 1.43% od iznosa uplate, za koju \u0107e vam GLS kurir izdati ra\u010dun.<\/p><p>U slu\u010daju neuspje\u0161nog poku\u0161aja dostave, GLS kurir \u0107e vam ostaviti poruku o dolasku po\u0161iljke. Poruka \u0107e sadr\u017eavati broj paketa i broj telefona GLS dostavne slu\u017ebe (01 500 11 90), kao i adresu e-po\u0161te (info@gls-slovenia.com).<\/p><p><b>Gdje dostavljamo svu naru\u010denu robu?<\/b><\/p><p>Naru\u010denu robu dostavljamo unutar Republike Slovenije. Paketi se \u0161alju svaki dan iz skladi\u0161ta koje se nalazi na adresi iSERVER doo, Stanetova ulica 7, 3000 Celje.<\/p><p><b>O\u0161te\u0107enja tijekom dostave<\/b><\/p><p>Kupac treba pregledati sadr\u017eaj po\u0161iljke prilikom primitka. U slu\u010daju o\u0161te\u0107enja po\u0161iljke, kupac mora ispuniti OBRAZAC ZA POVRAT PROIZVODA na info@urbanspot.si, gdje mo\u017ee dogovoriti zamjenski proizvod. Obrazac je dostupan na poveznici: OVDJE: OBRAZAC ZA POVRAT PROIZVODA.<\/p>\t\t\t\t\t\t\t\t<\/div>\n\t\t\t\t<\/div>\n\t\t\t\t\t<\/div>\n\t\t\t\t<\/div>\n\t\t<div class=\"wd-negative-gap elementor-element elementor-element-4543019 e-flex e-con-boxed e-con e-parent\" data-id=\"4543019\" data-element_type=\"container\" data-e-type=\"container\">\n\t\t\t\t\t<div class=\"e-con-inner\">\n\t\t\t\t<div class=\"elementor-element elementor-element-e36bf57 color-scheme-inherit text-left elementor-widget elementor-widget-text-editor\" data-id=\"e36bf57\" data-element_type=\"widget\" data-e-type=\"widget\" data-widget_type=\"text-editor.default\">\n\t\t\t\t<div class=\"elementor-widget-container\">\n\t\t\t\t\t\t\t\t\t<p>Celje, 13. velja\u010de 2020.<\/p>\t\t\t\t\t\t\t\t<\/div>\n\t\t\t\t<\/div>\n\t\t\t\t\t<\/div>\n\t\t\t\t<\/div>\n\t\t\t\t<\/div>","protected":false},"excerpt":{"rendered":"<p>1. Na\u010din pla\u0107anja Davatelj usluga omogu\u0107uje sljede\u0107e na\u010dine pla\u0107anja: prijenosom na ra\u010dun upravitelja tvrtke iSERVER doo (prema ponudi\/predra\u010dunu) Korisnik mo\u017ee<\/p>","protected":false},"author":1,"featured_media":0,"parent":0,"menu_order":0,"comment_status":"closed","ping_status":"closed","template":"","meta":{"footnotes":""},"class_list":["post-17268","page","type-page","status-publish","hentry"],"yoast_head":"<!-- This site is optimized with the Yoast SEO plugin v27.2 - https:\/\/yoast.com\/product\/yoast-seo-wordpress\/ -->\n<title>Na\u010dini pla\u010dila in dostava -<\/title>\n<meta name=\"robots\" content=\"index, follow, max-snippet:-1, max-image-preview:large, max-video-preview:-1\" \/>\n<link rel=\"canonical\" href=\"https:\/\/www.urbanspot.si\/hr\/nacini-placanja-i-dostava\/\" \/>\n<meta property=\"og:locale\" content=\"hr_HR\" \/>\n<meta property=\"og:type\" content=\"article\" \/>\n<meta property=\"og:title\" content=\"Na\u010dini pla\u010dila in dostava -\" \/>\n<meta property=\"og:description\" content=\"1. Na\u010din pla\u010dila Ponudnik omogo\u010da naslednje na\u010dine pla\u010dila: z nakazilom na ra\u010dun upravitelja iSERVER d.o.o. (po ponudbi \/ predra\u010dunu)\u2028Uporabnik lahko\" \/>\n<meta property=\"og:url\" content=\"https:\/\/www.urbanspot.si\/hr\/nacini-placanja-i-dostava\/\" \/>\n<meta property=\"article:publisher\" content=\"https:\/\/www.facebook.com\/urbanspot.si\" \/>\n<meta property=\"article:modified_time\" content=\"2025-07-09T07:30:31+00:00\" \/>\n<meta name=\"twitter:card\" content=\"summary_large_image\" \/>\n<meta name=\"twitter:label1\" content=\"Procijenjeno vrijeme \u010ditanja\" \/>\n\t<meta name=\"twitter:data1\" content=\"4 minute\" \/>\n<script type=\"application\/ld+json\" class=\"yoast-schema-graph\">{\"@context\":\"https:\/\/schema.org\",\"@graph\":[{\"@type\":\"WebPage\",\"@id\":\"https:\/\/www.urbanspot.si\/nacini-placila-in-dostava\/\",\"url\":\"https:\/\/www.urbanspot.si\/nacini-placila-in-dostava\/\",\"name\":\"Na\u010dini pla\u010dila in dostava -\",\"isPartOf\":{\"@id\":\"https:\/\/www.urbanspot.si\/#website\"},\"datePublished\":\"2024-07-31T12:07:53+00:00\",\"dateModified\":\"2025-07-09T07:30:31+00:00\",\"breadcrumb\":{\"@id\":\"https:\/\/www.urbanspot.si\/nacini-placila-in-dostava\/#breadcrumb\"},\"inLanguage\":\"hr\",\"potentialAction\":[{\"@type\":\"ReadAction\",\"target\":[\"https:\/\/www.urbanspot.si\/nacini-placila-in-dostava\/\"]}]},{\"@type\":\"BreadcrumbList\",\"@id\":\"https:\/\/www.urbanspot.si\/nacini-placila-in-dostava\/#breadcrumb\",\"itemListElement\":[{\"@type\":\"ListItem\",\"position\":1,\"name\":\"Home\",\"item\":\"https:\/\/www.urbanspot.si\/\"},{\"@type\":\"ListItem\",\"position\":2,\"name\":\"Na\u010dini pla\u010dila in dostava\"}]},{\"@type\":\"WebSite\",\"@id\":\"https:\/\/www.urbanspot.si\/#website\",\"url\":\"https:\/\/www.urbanspot.si\/\",\"name\":\"UrbanSpot\",\"description\":\"\",\"publisher\":{\"@id\":\"https:\/\/www.urbanspot.si\/#organization\"},\"potentialAction\":[{\"@type\":\"SearchAction\",\"target\":{\"@type\":\"EntryPoint\",\"urlTemplate\":\"https:\/\/www.urbanspot.si\/?s={search_term_string}\"},\"query-input\":{\"@type\":\"PropertyValueSpecification\",\"valueRequired\":true,\"valueName\":\"search_term_string\"}}],\"inLanguage\":\"hr\"},{\"@type\":\"Organization\",\"@id\":\"https:\/\/www.urbanspot.si\/#organization\",\"name\":\"UrbanSpot\",\"url\":\"https:\/\/www.urbanspot.si\/\",\"logo\":{\"@type\":\"ImageObject\",\"inLanguage\":\"hr\",\"@id\":\"https:\/\/www.urbanspot.si\/#\/schema\/logo\/image\/\",\"url\":\"https:\/\/www.urbanspot.si\/wp-content\/uploads\/urbanspot-logo.svg\",\"contentUrl\":\"https:\/\/www.urbanspot.si\/wp-content\/uploads\/urbanspot-logo.svg\",\"width\":185,\"height\":40,\"caption\":\"UrbanSpot\"},\"image\":{\"@id\":\"https:\/\/www.urbanspot.si\/#\/schema\/logo\/image\/\"},\"sameAs\":[\"https:\/\/www.facebook.com\/urbanspot.si\"]}]}<\/script>\n<!-- \/ Yoast SEO plugin. -->","yoast_head_json":{"title":"Na\u010dini pla\u010dila in dostava -","robots":{"index":"index","follow":"follow","max-snippet":"max-snippet:-1","max-image-preview":"max-image-preview:large","max-video-preview":"max-video-preview:-1"},"canonical":"https:\/\/www.urbanspot.si\/hr\/nacini-placanja-i-dostava\/","og_locale":"hr_HR","og_type":"article","og_title":"Na\u010dini pla\u010dila in dostava -","og_description":"1. Na\u010din pla\u010dila Ponudnik omogo\u010da naslednje na\u010dine pla\u010dila: z nakazilom na ra\u010dun upravitelja iSERVER d.o.o. (po ponudbi \/ predra\u010dunu)\u2028Uporabnik lahko","og_url":"https:\/\/www.urbanspot.si\/hr\/nacini-placanja-i-dostava\/","article_publisher":"https:\/\/www.facebook.com\/urbanspot.si","article_modified_time":"2025-07-09T07:30:31+00:00","twitter_card":"summary_large_image","twitter_misc":{"Procijenjeno vrijeme \u010ditanja":"4 minute"},"schema":{"@context":"https:\/\/schema.org","@graph":[{"@type":"WebPage","@id":"https:\/\/www.urbanspot.si\/nacini-placila-in-dostava\/","url":"https:\/\/www.urbanspot.si\/nacini-placila-in-dostava\/","name":"Na\u010dini pla\u010dila in dostava -","isPartOf":{"@id":"https:\/\/www.urbanspot.si\/#website"},"datePublished":"2024-07-31T12:07:53+00:00","dateModified":"2025-07-09T07:30:31+00:00","breadcrumb":{"@id":"https:\/\/www.urbanspot.si\/nacini-placila-in-dostava\/#breadcrumb"},"inLanguage":"hr","potentialAction":[{"@type":"ReadAction","target":["https:\/\/www.urbanspot.si\/nacini-placila-in-dostava\/"]}]},{"@type":"BreadcrumbList","@id":"https:\/\/www.urbanspot.si\/nacini-placila-in-dostava\/#breadcrumb","itemListElement":[{"@type":"ListItem","position":1,"name":"Home","item":"https:\/\/www.urbanspot.si\/"},{"@type":"ListItem","position":2,"name":"Na\u010dini pla\u010dila in dostava"}]},{"@type":"WebSite","@id":"https:\/\/www.urbanspot.si\/#website","url":"https:\/\/www.urbanspot.si\/","name":"UrbanSpot","description":"","publisher":{"@id":"https:\/\/www.urbanspot.si\/#organization"},"potentialAction":[{"@type":"SearchAction","target":{"@type":"EntryPoint","urlTemplate":"https:\/\/www.urbanspot.si\/?s={search_term_string}"},"query-input":{"@type":"PropertyValueSpecification","valueRequired":true,"valueName":"search_term_string"}}],"inLanguage":"hr"},{"@type":"Organization","@id":"https:\/\/www.urbanspot.si\/#organization","name":"UrbanSpot","url":"https:\/\/www.urbanspot.si\/","logo":{"@type":"ImageObject","inLanguage":"hr","@id":"https:\/\/www.urbanspot.si\/#\/schema\/logo\/image\/","url":"https:\/\/www.urbanspot.si\/wp-content\/uploads\/urbanspot-logo.svg","contentUrl":"https:\/\/www.urbanspot.si\/wp-content\/uploads\/urbanspot-logo.svg","width":185,"height":40,"caption":"UrbanSpot"},"image":{"@id":"https:\/\/www.urbanspot.si\/#\/schema\/logo\/image\/"},"sameAs":["https:\/\/www.facebook.com\/urbanspot.si"]}]}},"_links":{"self":[{"href":"https:\/\/www.urbanspot.si\/hr\/wp-json\/wp\/v2\/pages\/17268","targetHints":{"allow":["GET"]}}],"collection":[{"href":"https:\/\/www.urbanspot.si\/hr\/wp-json\/wp\/v2\/pages"}],"about":[{"href":"https:\/\/www.urbanspot.si\/hr\/wp-json\/wp\/v2\/types\/page"}],"author":[{"embeddable":true,"href":"https:\/\/www.urbanspot.si\/hr\/wp-json\/wp\/v2\/users\/1"}],"replies":[{"embeddable":true,"href":"https:\/\/www.urbanspot.si\/hr\/wp-json\/wp\/v2\/comments?post=17268"}],"version-history":[{"count":7,"href":"https:\/\/www.urbanspot.si\/hr\/wp-json\/wp\/v2\/pages\/17268\/revisions"}],"predecessor-version":[{"id":21287,"href":"https:\/\/www.urbanspot.si\/hr\/wp-json\/wp\/v2\/pages\/17268\/revisions\/21287"}],"wp:attachment":[{"href":"https:\/\/www.urbanspot.si\/hr\/wp-json\/wp\/v2\/media?parent=17268"}],"curies":[{"name":"radni list","href":"https:\/\/api.w.org\/{rel}","templated":true}]}}