{"id":17273,"date":"2024-07-31T13:40:16","date_gmt":"2024-07-31T12:40:16","guid":{"rendered":"https:\/\/www.urbanspot.si\/?page_id=17273"},"modified":"2024-12-06T17:36:06","modified_gmt":"2024-12-06T15:36:06","slug":"povrat-robe-i-reklamacije","status":"publish","type":"page","link":"https:\/\/www.urbanspot.si\/hr\/vracilo-blaga-in-reklamacije\/","title":{"rendered":"Povrat robe i reklamacije"},"content":{"rendered":"<div data-elementor-type=\"wp-page\" data-elementor-id=\"17273\" class=\"elementor elementor-17273\">\n\t\t\t\t<div class=\"wd-negative-gap elementor-element elementor-element-53baebf e-flex e-con-boxed e-con e-parent\" data-id=\"53baebf\" data-element_type=\"container\" data-e-type=\"container\">\n\t\t\t\t\t<div class=\"e-con-inner\">\n\t\t\t\t<div class=\"elementor-element elementor-element-773ec6a elementor-widget elementor-widget-heading\" data-id=\"773ec6a\" data-element_type=\"widget\" data-e-type=\"widget\" data-widget_type=\"heading.default\">\n\t\t\t\t<div class=\"elementor-widget-container\">\n\t\t\t\t\t<h4 class=\"elementor-heading-title elementor-size-default\">1. Pravo na odustajanje od ugovora<\/h4>\t\t\t\t<\/div>\n\t\t\t\t<\/div>\n\t\t\t\t<div class=\"elementor-element elementor-element-9a27bfa color-scheme-inherit text-left elementor-widget elementor-widget-text-editor\" data-id=\"9a27bfa\" data-element_type=\"widget\" data-e-type=\"widget\" data-widget_type=\"text-editor.default\">\n\t\t\t\t<div class=\"elementor-widget-container\">\n\t\t\t\t\t\t\t\t\t<p>U slu\u010daju ugovora sklopljenih na daljinu, potro\u0161a\u010d ima pravo u roku od 14 dana obavijestiti tvrtku o svom odustanku od ugovora, bez potrebe da navede razlog za svoju odluku. Obavijest se smatra pravovremenom ako je po\u0161iljka isporu\u010dena u roku. Jedini tro\u0161ak koji snosi potro\u0161a\u010d u vezi s odustankom od ugovora je izravni tro\u0161ak povrata robe. Ako potro\u0161a\u010d odustane od ugovora, na\u0161a tvrtka \u0107e mu vratiti sve uplate izvr\u0161ene najkasnije u roku od 14 dana od primitka obavijesti o odustanku od ugovora.<\/p><p><strong>Kada po\u010dinje te\u0107i rok za raskid ugovora?<\/strong><br \/>Ako je tvrtka u potpunosti ispunila svoju obvezu, rok za odustajanje od isporuke robe po\u010dinje te\u0107i od dana kada potro\u0161a\u010d primi robu.<\/p><p><strong>Obveze prodavatelja prilikom odustajanja od ugovora<\/strong><br \/>Ako u slu\u010daju odustajanja od ugovora roba nije zamijenjena na zahtjev kupca, prodavatelj \u0107e vratiti punu kupovnu cijenu u roku od 14 dana od primitka obavijesti o odustajanju od ugovora. Prodavatelj \u0107e vratiti primljene uplate potro\u0161a\u010du koriste\u0107i isto sredstvo pla\u0107anja koje je potro\u0161a\u010d koristio, osim ako potro\u0161a\u010d nije izri\u010dito zatra\u017eio kori\u0161tenje drugog sredstva pla\u0107anja i potro\u0161a\u010d time ne snosi nikakve tro\u0161kove.<\/p>\t\t\t\t\t\t\t\t<\/div>\n\t\t\t\t<\/div>\n\t\t\t\t\t<\/div>\n\t\t\t\t<\/div>\n\t\t<div class=\"wd-negative-gap elementor-element elementor-element-d430407 e-flex e-con-boxed e-con e-parent\" data-id=\"d430407\" data-element_type=\"container\" data-e-type=\"container\">\n\t\t\t\t\t<div class=\"e-con-inner\">\n\t\t\t\t<div class=\"elementor-element elementor-element-8664d39 elementor-widget elementor-widget-heading\" data-id=\"8664d39\" data-element_type=\"widget\" data-e-type=\"widget\" data-widget_type=\"heading.default\">\n\t\t\t\t<div class=\"elementor-widget-container\">\n\t\t\t\t\t<h4 class=\"elementor-heading-title elementor-size-default\">2. Povrat robe, kupovna cijena<\/h4>\t\t\t\t<\/div>\n\t\t\t\t<\/div>\n\t\t\t\t<div class=\"elementor-element elementor-element-67c35e6 color-scheme-inherit text-left elementor-widget elementor-widget-text-editor\" data-id=\"67c35e6\" data-element_type=\"widget\" data-e-type=\"widget\" data-widget_type=\"text-editor.default\">\n\t\t\t\t<div class=\"elementor-widget-container\">\n\t\t\t\t\t\t\t\t\t<p>Kupac mora vratiti artikl prodavatelju neo\u0161te\u0107en i u istoj koli\u010dini, osim ako artikl nije uni\u0161ten, o\u0161te\u0107en, izgubljen ili se njegova koli\u010dina smanjila bez krivnje kupca. Kupac je odgovoran za svako smanjenje vrijednosti robe ako je smanjenje rezultat pona\u0161anja koje nije strogo potrebno za utvr\u0111ivanje prirode, svojstava i funkcioniranja robe.<\/p><p>Vra\u0107enu robu po\u0161aljite na na\u0161u adresu: iSERVER doo, Stanetova ulica 7, 3000 Celje<\/p><p><strong>Preuzmite obrazac za povrat ovdje:\u00a0<a href=\"https:\/\/www.urbanspot.si\/wp-content\/uploads\/obrazec-vracilo-urbanspot.pdf\" target=\"_blank\" rel=\"noopener\">Obrazac za povrat<\/a><\/strong>.<\/p><p>Ispunite obrazac i vratite ga putem e-po\u0161te.\u00a0<a href=\"mailto:info@urbanspot.si\">info@urbanspot.si<\/a>, donesite ga osobno u trgovinu ili kontaktirajte prodava\u010da.<\/p><p>Potro\u0161a\u010d mora robu kojom iz bilo kojeg razloga nije zadovoljan vratiti prodavatelju u roku od 14 dana od obavijesti o raskidu ugovora. Imajte na umu da bi roba, kako bi ostvarila puni povrat novca, morala biti neo\u0161te\u0107ena. Potro\u0161a\u010d ne mo\u017ee i ne smije nesmetano koristiti primljenu robu tijekom razdoblja do odustajanja od ugovora.<\/p><p>Ovo nije probna kupnja: kupnja na daljinu ne daje potro\u0161a\u010du vi\u0161e prava nego \u0161to ima pri kupnji u redovnoj trgovini. Potro\u0161a\u010d stoga mo\u017ee pregledati i testirati primljenu robu samo u mjeri u kojoj je to strogo potrebno za utvr\u0111ivanje stvarnog stanja i kako je uobi\u010dajeno u trgovinama (npr. isprobavanje odje\u0107e). Svako \u201ctestiranje\u201d i druga upotreba koja odstupa od gore navedenog mo\u017ee se smatrati upotrebom robe, \u0161to zna\u010di da je potro\u0161a\u010d odgovoran za svako smanjenje vrijednosti robe ako je smanjenje rezultat pona\u0161anja koje nije strogo potrebno za utvr\u0111ivanje prirode, karakteristika i funkcioniranja robe.<\/p><p>Mora se prilo\u017eiti kopija ra\u010duna i svi ostali prate\u0107i dokumenti. Kupac snosi rizik gubitka, o\u0161te\u0107enja ili uni\u0161tenja proizvoda koji \u017eeli vratiti, osim ako se to nije dogodilo njegovom krivnjom. Jedini tro\u0161ak koji snosi kupac u vezi s odustajanjem od ugovora je tro\u0161ak nastao vra\u0107anjem kupljenog artikla.<\/p>\t\t\t\t\t\t\t\t<\/div>\n\t\t\t\t<\/div>\n\t\t\t\t\t<\/div>\n\t\t\t\t<\/div>\n\t\t<div class=\"wd-negative-gap elementor-element elementor-element-771fa76 e-flex e-con-boxed e-con e-parent\" data-id=\"771fa76\" data-element_type=\"container\" data-e-type=\"container\">\n\t\t\t\t\t<div class=\"e-con-inner\">\n\t\t\t\t<div class=\"elementor-element elementor-element-844cc42 elementor-widget elementor-widget-heading\" data-id=\"844cc42\" data-element_type=\"widget\" data-e-type=\"widget\" data-widget_type=\"heading.default\">\n\t\t\t\t<div class=\"elementor-widget-container\">\n\t\t\t\t\t<h4 class=\"elementor-heading-title elementor-size-default\">3. Zahtjev za jamstvo<\/h4>\t\t\t\t<\/div>\n\t\t\t\t<\/div>\n\t\t\t\t<div class=\"elementor-element elementor-element-66c6412 color-scheme-inherit text-left elementor-widget elementor-widget-text-editor\" data-id=\"66c6412\" data-element_type=\"widget\" data-e-type=\"widget\" data-widget_type=\"text-editor.default\">\n\t\t\t\t<div class=\"elementor-widget-container\">\n\t\t\t\t\t\t\t\t\t<p><strong>Potro\u0161a\u010d mo\u017ee podnijeti pritu\u017ebu na nedostatak u bilo kojem trenutku tijekom jamstvenog roka.<\/strong>\u00a0Potro\u0161a\u010d mo\u017ee zatra\u017eiti jamstvo za proizvode za koje je jamstvo obavezno (popis tih proizvoda naveden je\u00a0<a href=\"http:\/\/www.tirs.si\/index.php?id=2571\" target=\"_blank\" rel=\"noopener\">Pravila o robi za koju se izdaje jamstvo besprijekornog rada<\/a>) i za one za koje je dano dobrovoljno jamstvo. Tijekom jamstvenog roka potro\u0161a\u010d mo\u017ee od jamca zatra\u017eiti besplatno ispravljanje nedostatka. Ako se nedostatak ne mo\u017ee ispraviti ili ga tvrtka ne ispravi u ukupnom roku od 45 dana, potro\u0161a\u010d mo\u017ee zatra\u017eiti zamjenu za novi, besplatni proizvod. Nakon tog roka, popravak robe provodi se samo uz pla\u0107anje. Samo ako popravak nije mogu\u0107 ili ga tvrtka ne izvr\u0161i u ukupnom roku od 45 dana, potro\u0161a\u010d mo\u017ee zatra\u017eiti zamjenu za novi, besprijekoran proizvod.<\/p><p><strong>Kakav je postupak reklamacije u jamstvenom roku?<\/strong><br \/>Kupac mora pismeno zatra\u017eiti od davatelja jamstva da otkloni nedostatke u jamstvenom roku i pod jamstvenim uvjetima, prila\u017eu\u0107i proizvod, jamstveni i servisni list te kopiju ra\u010duna. Kupac ne snosi nikakve tro\u0161kove za otklanjanje nedostataka ili zamjenu proizvoda. Ako prodavatelj utvrdi da je nedostatak na proizvodu nastao zbog nepropisnog pona\u0161anja kupca, \u0161to dokazuje da je zahtjev za jamstvo neopravdan, proizvod \u0107e biti vra\u0107en kupcu uz pisanu obavijest o njegovom tro\u0161ku.<\/p><p><strong>Preuzmite obrazac za pritu\u017ebu ovdje:\u00a0<a href=\"https:\/\/www.urbanspot.si\/hr\/povrat-robe-i-reklamacije\/\" target=\"_blank\" rel=\"noopener\">Obrazac za pritu\u017ebu<\/a><\/strong><\/p><p>Ispunite obrazac i vratite ga putem e-po\u0161te.\u00a0<a href=\"mailto:info@urbanspot.si\">info@urbanspot.si<\/a>, donesite ga osobno u trgovinu ili kontaktirajte prodava\u010da.<\/p>\t\t\t\t\t\t\t\t<\/div>\n\t\t\t\t<\/div>\n\t\t\t\t\t<\/div>\n\t\t\t\t<\/div>\n\t\t<div class=\"wd-negative-gap elementor-element elementor-element-e4a5e64 e-flex e-con-boxed e-con e-parent\" data-id=\"e4a5e64\" data-element_type=\"container\" data-e-type=\"container\">\n\t\t\t\t\t<div class=\"e-con-inner\">\n\t\t\t\t<div class=\"elementor-element elementor-element-f34fc96 elementor-widget elementor-widget-heading\" data-id=\"f34fc96\" data-element_type=\"widget\" data-e-type=\"widget\" data-widget_type=\"heading.default\">\n\t\t\t\t<div class=\"elementor-widget-container\">\n\t\t\t\t\t<h4 class=\"elementor-heading-title elementor-size-default\">4. Tvrdnja o \u010dinjeni\u010dnoj pogre\u0161ci<\/h4>\t\t\t\t<\/div>\n\t\t\t\t<\/div>\n\t\t\t\t<div class=\"elementor-element elementor-element-1b31ac1 color-scheme-inherit text-left elementor-widget elementor-widget-text-editor\" data-id=\"1b31ac1\" data-element_type=\"widget\" data-e-type=\"widget\" data-widget_type=\"text-editor.default\">\n\t\t\t\t<div class=\"elementor-widget-container\">\n\t\t\t\t\t\t\t\t\t<p>Potro\u0161a\u010d mo\u017ee zatra\u017eiti reklamaciju za materijalni nedostatak bilo kojeg kupljenog proizvoda (\u0161to zna\u010di da potro\u0161a\u010d mo\u017ee zatra\u017eiti prava za materijalni nedostatak zbog nedostatka proizvoda za koji nije dano jamstvo, a tako\u0111er mo\u017ee odlu\u010diti o istom ako ne \u017eeli zatra\u017eiti jamstvo za proizvod za koji je dano jamstvo).<\/p><p>U slu\u010daju materijalnog nedostatka, potro\u0161a\u010d mo\u017ee reklamirati nedostatak proizvoda prodavatelju, i to:\u00a0<strong>u roku od dva mjeseca od otkrivanja \u010dinjeni\u010dne pogre\u0161ke<\/strong>\u00a0(prodavatelj vi\u0161e ne odgovara za nedostatke koji se pojave na proizvodu nakon dvije godine od primitka), te po vlastitom izboru zahtijevati uklanjanje nedostatka ili povrat pla\u0107enog iznosa razmjerno nedostatku ili zamjenu robe ili povrat pla\u0107enog iznosa. Potro\u0161a\u010d mora\u00a0<strong>U obavijesti o pogre\u0161ci detaljnije opi\u0161ite nedostatak i dopustite prodavatelju da pregleda proizvod<\/strong>. Ako se nedostatak ne osporava, tvrtka mora udovoljiti zahtjevu potro\u0161a\u010da \u0161to je prije mogu\u0107e, a najkasnije u roku od osam dana. Ako postoji spor oko nedostatka, tvrtka mora potro\u0161a\u010du u istom roku dostaviti pisani odgovor.<\/p><p><strong>Obrazac za reklamaciju \u010dinjeni\u010dne pogre\u0161ke:\u00a0<a href=\"https:\/\/www.urbanspot.si\/hr\/povrat-robe-i-reklamacije\/\" target=\"_blank\" rel=\"noopener\">Obrazac za reklamaciju \u010dinjeni\u010dne pogre\u0161ke<\/a><\/strong><\/p><p>Ispunite obrazac i vratite ga putem e-po\u0161te.\u00a0<a href=\"mailto:info@urbanspot.si\">info@urbanspot.si<\/a>, donesite ga osobno u trgovinu ili kontaktirajte prodava\u010da.<\/p>\t\t\t\t\t\t\t\t<\/div>\n\t\t\t\t<\/div>\n\t\t\t\t\t<\/div>\n\t\t\t\t<\/div>\n\t\t<div class=\"wd-negative-gap elementor-element elementor-element-e154d63 e-flex e-con-boxed e-con e-parent\" data-id=\"e154d63\" data-element_type=\"container\" data-e-type=\"container\">\n\t\t\t\t\t<div class=\"e-con-inner\">\n\t\t\t\t<div class=\"elementor-element elementor-element-399efe7 elementor-widget elementor-widget-heading\" data-id=\"399efe7\" data-element_type=\"widget\" data-e-type=\"widget\" data-widget_type=\"heading.default\">\n\t\t\t\t<div class=\"elementor-widget-container\">\n\t\t\t\t\t<h4 class=\"elementor-heading-title elementor-size-default\">5. Propisi o za\u0161titi potro\u0161a\u010da<\/h4>\t\t\t\t<\/div>\n\t\t\t\t<\/div>\n\t\t\t\t<div class=\"elementor-element elementor-element-4340ff3 color-scheme-inherit text-left elementor-widget elementor-widget-text-editor\" data-id=\"4340ff3\" data-element_type=\"widget\" data-e-type=\"widget\" data-widget_type=\"text-editor.default\">\n\t\t\t\t<div class=\"elementor-widget-container\">\n\t\t\t\t\t\t\t\t\tPotro\u0161a\u010d mo\u017ee reklamirati nedostatke kupljene robe u jamstvenom roku ili po materijalnim nedostacima u skladu s odredbama Zakona o za\u0161titi potro\u0161a\u010da (u daljnjem tekstu ZVPot-1).\t\t\t\t\t\t\t\t<\/div>\n\t\t\t\t<\/div>\n\t\t\t\t\t<\/div>\n\t\t\t\t<\/div>\n\t\t<div class=\"wd-negative-gap elementor-element elementor-element-5eaac09 e-flex e-con-boxed e-con e-parent\" data-id=\"5eaac09\" data-element_type=\"container\" data-e-type=\"container\">\n\t\t\t\t\t<div class=\"e-con-inner\">\n\t\t\t\t<div class=\"elementor-element elementor-element-585686a elementor-widget elementor-widget-heading\" data-id=\"585686a\" data-element_type=\"widget\" data-e-type=\"widget\" data-widget_type=\"heading.default\">\n\t\t\t\t<div class=\"elementor-widget-container\">\n\t\t\t\t\t<h4 class=\"elementor-heading-title elementor-size-default\">6. Povrat novca<\/h4>\t\t\t\t<\/div>\n\t\t\t\t<\/div>\n\t\t\t\t<div class=\"elementor-element elementor-element-b5dc756 color-scheme-inherit text-left elementor-widget elementor-widget-text-editor\" data-id=\"b5dc756\" data-element_type=\"widget\" data-e-type=\"widget\" data-widget_type=\"text-editor.default\">\n\t\t\t\t<div class=\"elementor-widget-container\">\n\t\t\t\t\t\t\t\t\t<p>Prodavatelj \u0107e vratiti primljena pla\u0107anja potro\u0161a\u010du u roku od 14 dana koriste\u0107i isti na\u010din pla\u0107anja koji je potro\u0161a\u010d koristio, osim ako potro\u0161a\u010d nije izri\u010dito zatra\u017eio kori\u0161tenje drugog na\u010dina pla\u0107anja i potro\u0161a\u010d time ne snosi nikakve tro\u0161kove.<\/p>\t\t\t\t\t\t\t\t<\/div>\n\t\t\t\t<\/div>\n\t\t\t\t\t<\/div>\n\t\t\t\t<\/div>\n\t\t<div class=\"wd-negative-gap elementor-element elementor-element-c8be355 e-flex e-con-boxed e-con e-parent\" data-id=\"c8be355\" data-element_type=\"container\" data-e-type=\"container\">\n\t\t\t\t\t<div class=\"e-con-inner\">\n\t\t\t\t<div class=\"elementor-element elementor-element-dd57cd8 elementor-widget elementor-widget-heading\" data-id=\"dd57cd8\" data-element_type=\"widget\" data-e-type=\"widget\" data-widget_type=\"heading.default\">\n\t\t\t\t<div class=\"elementor-widget-container\">\n\t\t\t\t\t<h4 class=\"elementor-heading-title elementor-size-default\">7. Kada roba nije na zalihi<\/h4>\t\t\t\t<\/div>\n\t\t\t\t<\/div>\n\t\t\t\t<div class=\"elementor-element elementor-element-b932c95 color-scheme-inherit text-left elementor-widget elementor-widget-text-editor\" data-id=\"b932c95\" data-element_type=\"widget\" data-e-type=\"widget\" data-widget_type=\"text-editor.default\">\n\t\t\t\t<div class=\"elementor-widget-container\">\n\t\t\t\t\t\t\t\t\t<p>Doga\u0111a se da potro\u0161a\u010d naru\u010di putem interneta, prodavatelj to potvrdi, a kasnije obavijesti da naru\u010dena roba nije na zalihi; roba je ve\u0107 pla\u0107ena. Tvrtka mora ispuniti svoje obveze u roku od 14 dana od sklapanja ugovora, osim ako se stranke ne dogovore druga\u010dije. Ako roba nije dostupna i prodavatelj stoga nije u mogu\u0107nosti ispuniti svoje obveze, mora odmah obavijestiti potro\u0161a\u010da i vratiti sve izvr\u0161ene uplate. Novac mora biti vra\u0107en \u0161to je prije mogu\u0107e, a najkasnije u roku od 14 dana od primitka obavijesti o odustajanju od ugovora.<\/p><p>Izvor: Zakon o za\u0161titi potro\u0161a\u010da (ZVPot-1)<\/p>\t\t\t\t\t\t\t\t<\/div>\n\t\t\t\t<\/div>\n\t\t\t\t\t<\/div>\n\t\t\t\t<\/div>\n\t\t<div class=\"wd-negative-gap elementor-element elementor-element-4543019 e-flex e-con-boxed e-con e-parent\" data-id=\"4543019\" data-element_type=\"container\" data-e-type=\"container\">\n\t\t\t\t\t<div class=\"e-con-inner\">\n\t\t\t\t<div class=\"elementor-element elementor-element-e36bf57 color-scheme-inherit text-left elementor-widget elementor-widget-text-editor\" data-id=\"e36bf57\" data-element_type=\"widget\" data-e-type=\"widget\" data-widget_type=\"text-editor.default\">\n\t\t\t\t<div class=\"elementor-widget-container\">\n\t\t\t\t\t\t\t\t\t<p>Celje, 11. velja\u010de 2021.<\/p>\t\t\t\t\t\t\t\t<\/div>\n\t\t\t\t<\/div>\n\t\t\t\t\t<\/div>\n\t\t\t\t<\/div>\n\t\t\t\t<\/div>","protected":false},"excerpt":{"rendered":"<p>1. Pravo na odustajanje od ugovora Kod ugovora sklopljenih na daljinu, potro\u0161a\u010d ima pravo obavijestiti tvrtku u roku od 14 dana,<\/p>","protected":false},"author":1,"featured_media":0,"parent":0,"menu_order":0,"comment_status":"closed","ping_status":"closed","template":"","meta":{"footnotes":""},"class_list":["post-17273","page","type-page","status-publish","hentry"],"yoast_head":"<!-- This site is optimized with the Yoast SEO plugin v27.2 - https:\/\/yoast.com\/product\/yoast-seo-wordpress\/ -->\n<title>Vra\u010dilo blaga in reklamacije -<\/title>\n<meta name=\"robots\" content=\"index, follow, max-snippet:-1, max-image-preview:large, max-video-preview:-1\" \/>\n<link rel=\"canonical\" href=\"https:\/\/www.urbanspot.si\/hr\/povrat-robe-i-reklamacije\/\" \/>\n<meta property=\"og:locale\" content=\"hr_HR\" \/>\n<meta property=\"og:type\" content=\"article\" \/>\n<meta property=\"og:title\" content=\"Vra\u010dilo blaga in reklamacije -\" \/>\n<meta property=\"og:description\" content=\"1. Pravica do odstopa od pogodbe Pri pogodbah, sklenjenih na daljavo, ima potro\u0161nik pravico, da v 14 dneh podjetju sporo\u010di,\" \/>\n<meta property=\"og:url\" content=\"https:\/\/www.urbanspot.si\/hr\/povrat-robe-i-reklamacije\/\" \/>\n<meta property=\"article:publisher\" content=\"https:\/\/www.facebook.com\/urbanspot.si\" \/>\n<meta property=\"article:modified_time\" content=\"2024-12-06T15:36:06+00:00\" \/>\n<meta name=\"twitter:card\" content=\"summary_large_image\" \/>\n<meta name=\"twitter:label1\" content=\"Procijenjeno vrijeme \u010ditanja\" \/>\n\t<meta name=\"twitter:data1\" content=\"6 minuta\" \/>\n<script type=\"application\/ld+json\" class=\"yoast-schema-graph\">{\"@context\":\"https:\/\/schema.org\",\"@graph\":[{\"@type\":\"WebPage\",\"@id\":\"https:\/\/www.urbanspot.si\/vracilo-blaga-in-reklamacije\/\",\"url\":\"https:\/\/www.urbanspot.si\/vracilo-blaga-in-reklamacije\/\",\"name\":\"Vra\u010dilo blaga in reklamacije -\",\"isPartOf\":{\"@id\":\"https:\/\/www.urbanspot.si\/#website\"},\"datePublished\":\"2024-07-31T12:40:16+00:00\",\"dateModified\":\"2024-12-06T15:36:06+00:00\",\"breadcrumb\":{\"@id\":\"https:\/\/www.urbanspot.si\/vracilo-blaga-in-reklamacije\/#breadcrumb\"},\"inLanguage\":\"hr\",\"potentialAction\":[{\"@type\":\"ReadAction\",\"target\":[\"https:\/\/www.urbanspot.si\/vracilo-blaga-in-reklamacije\/\"]}]},{\"@type\":\"BreadcrumbList\",\"@id\":\"https:\/\/www.urbanspot.si\/vracilo-blaga-in-reklamacije\/#breadcrumb\",\"itemListElement\":[{\"@type\":\"ListItem\",\"position\":1,\"name\":\"Home\",\"item\":\"https:\/\/www.urbanspot.si\/\"},{\"@type\":\"ListItem\",\"position\":2,\"name\":\"Vra\u010dilo blaga in reklamacije\"}]},{\"@type\":\"WebSite\",\"@id\":\"https:\/\/www.urbanspot.si\/#website\",\"url\":\"https:\/\/www.urbanspot.si\/\",\"name\":\"UrbanSpot\",\"description\":\"\",\"publisher\":{\"@id\":\"https:\/\/www.urbanspot.si\/#organization\"},\"potentialAction\":[{\"@type\":\"SearchAction\",\"target\":{\"@type\":\"EntryPoint\",\"urlTemplate\":\"https:\/\/www.urbanspot.si\/?s={search_term_string}\"},\"query-input\":{\"@type\":\"PropertyValueSpecification\",\"valueRequired\":true,\"valueName\":\"search_term_string\"}}],\"inLanguage\":\"hr\"},{\"@type\":\"Organization\",\"@id\":\"https:\/\/www.urbanspot.si\/#organization\",\"name\":\"UrbanSpot\",\"url\":\"https:\/\/www.urbanspot.si\/\",\"logo\":{\"@type\":\"ImageObject\",\"inLanguage\":\"hr\",\"@id\":\"https:\/\/www.urbanspot.si\/#\/schema\/logo\/image\/\",\"url\":\"https:\/\/www.urbanspot.si\/wp-content\/uploads\/urbanspot-logo.svg\",\"contentUrl\":\"https:\/\/www.urbanspot.si\/wp-content\/uploads\/urbanspot-logo.svg\",\"width\":185,\"height\":40,\"caption\":\"UrbanSpot\"},\"image\":{\"@id\":\"https:\/\/www.urbanspot.si\/#\/schema\/logo\/image\/\"},\"sameAs\":[\"https:\/\/www.facebook.com\/urbanspot.si\"]}]}<\/script>\n<!-- \/ Yoast SEO plugin. -->","yoast_head_json":{"title":"Povrat i pritu\u017ebe -","robots":{"index":"index","follow":"follow","max-snippet":"max-snippet:-1","max-image-preview":"max-image-preview:large","max-video-preview":"max-video-preview:-1"},"canonical":"https:\/\/www.urbanspot.si\/hr\/povrat-robe-i-reklamacije\/","og_locale":"hr_HR","og_type":"article","og_title":"Vra\u010dilo blaga in reklamacije -","og_description":"1. Pravica do odstopa od pogodbe Pri pogodbah, sklenjenih na daljavo, ima potro\u0161nik pravico, da v 14 dneh podjetju sporo\u010di,","og_url":"https:\/\/www.urbanspot.si\/hr\/povrat-robe-i-reklamacije\/","article_publisher":"https:\/\/www.facebook.com\/urbanspot.si","article_modified_time":"2024-12-06T15:36:06+00:00","twitter_card":"summary_large_image","twitter_misc":{"Procijenjeno vrijeme \u010ditanja":"6 minuta"},"schema":{"@context":"https:\/\/schema.org","@graph":[{"@type":"WebPage","@id":"https:\/\/www.urbanspot.si\/vracilo-blaga-in-reklamacije\/","url":"https:\/\/www.urbanspot.si\/vracilo-blaga-in-reklamacije\/","name":"Povrat i pritu\u017ebe -","isPartOf":{"@id":"https:\/\/www.urbanspot.si\/#website"},"datePublished":"2024-07-31T12:40:16+00:00","dateModified":"2024-12-06T15:36:06+00:00","breadcrumb":{"@id":"https:\/\/www.urbanspot.si\/vracilo-blaga-in-reklamacije\/#breadcrumb"},"inLanguage":"hr","potentialAction":[{"@type":"ReadAction","target":["https:\/\/www.urbanspot.si\/vracilo-blaga-in-reklamacije\/"]}]},{"@type":"BreadcrumbList","@id":"https:\/\/www.urbanspot.si\/vracilo-blaga-in-reklamacije\/#breadcrumb","itemListElement":[{"@type":"ListItem","position":1,"name":"Home","item":"https:\/\/www.urbanspot.si\/"},{"@type":"ListItem","position":2,"name":"Vra\u010dilo blaga in reklamacije"}]},{"@type":"WebSite","@id":"https:\/\/www.urbanspot.si\/#website","url":"https:\/\/www.urbanspot.si\/","name":"UrbanSpot","description":"","publisher":{"@id":"https:\/\/www.urbanspot.si\/#organization"},"potentialAction":[{"@type":"SearchAction","target":{"@type":"EntryPoint","urlTemplate":"https:\/\/www.urbanspot.si\/?s={search_term_string}"},"query-input":{"@type":"PropertyValueSpecification","valueRequired":true,"valueName":"search_term_string"}}],"inLanguage":"hr"},{"@type":"Organization","@id":"https:\/\/www.urbanspot.si\/#organization","name":"UrbanSpot","url":"https:\/\/www.urbanspot.si\/","logo":{"@type":"ImageObject","inLanguage":"hr","@id":"https:\/\/www.urbanspot.si\/#\/schema\/logo\/image\/","url":"https:\/\/www.urbanspot.si\/wp-content\/uploads\/urbanspot-logo.svg","contentUrl":"https:\/\/www.urbanspot.si\/wp-content\/uploads\/urbanspot-logo.svg","width":185,"height":40,"caption":"UrbanSpot"},"image":{"@id":"https:\/\/www.urbanspot.si\/#\/schema\/logo\/image\/"},"sameAs":["https:\/\/www.facebook.com\/urbanspot.si"]}]}},"_links":{"self":[{"href":"https:\/\/www.urbanspot.si\/hr\/wp-json\/wp\/v2\/pages\/17273","targetHints":{"allow":["GET"]}}],"collection":[{"href":"https:\/\/www.urbanspot.si\/hr\/wp-json\/wp\/v2\/pages"}],"about":[{"href":"https:\/\/www.urbanspot.si\/hr\/wp-json\/wp\/v2\/types\/page"}],"author":[{"embeddable":true,"href":"https:\/\/www.urbanspot.si\/hr\/wp-json\/wp\/v2\/users\/1"}],"replies":[{"embeddable":true,"href":"https:\/\/www.urbanspot.si\/hr\/wp-json\/wp\/v2\/comments?post=17273"}],"version-history":[{"count":10,"href":"https:\/\/www.urbanspot.si\/hr\/wp-json\/wp\/v2\/pages\/17273\/revisions"}],"predecessor-version":[{"id":19652,"href":"https:\/\/www.urbanspot.si\/hr\/wp-json\/wp\/v2\/pages\/17273\/revisions\/19652"}],"wp:attachment":[{"href":"https:\/\/www.urbanspot.si\/hr\/wp-json\/wp\/v2\/media?parent=17273"}],"curies":[{"name":"radni list","href":"https:\/\/api.w.org\/{rel}","templated":true}]}}