{"id":2,"date":"2024-05-10T09:43:48","date_gmt":"2024-05-10T08:43:48","guid":{"rendered":"https:\/\/www.urbanspot.si\/?page_id=2"},"modified":"2024-05-10T09:43:48","modified_gmt":"2024-05-10T08:43:48","slug":"primjer-stranice","status":"publish","type":"page","link":"https:\/\/www.urbanspot.si\/hr\/vzorcna-stran\/","title":{"rendered":"Primjer stranice"},"content":{"rendered":"<p>Ovo je primjer stranice. Razlikuje se od objave na blogu jer \u0107e ostati na mjestu i prikazivat \u0107e se u navigaciji web-mjesta za ve\u0107inu tema. Ve\u0107ina ljudi zapo\u010dinje sa stranicom O meni, koja ih upoznaje s potencijalnim posjetiteljima web-mjesta. Mogla bi izgledati ovako:<\/p>\n\n\n\n<blockquote class=\"wp-block-quote is-layout-flow wp-block-quote-is-layout-flow\"><p>Bok! Danju sam kurir na biciklu, no\u0107u ambiciozni glumac, a ovo je moja web stranica. \u017divim u Los Angelesu, imam sjajnog psa po imenu Jack i volim pi\u00f1a colade. (I volim biti uhva\u0107en na ki\u0161i.)<\/p><\/blockquote>\n\n\n\n<p>...ili ne\u0161to ovako:<\/p>\n\n\n\n<blockquote class=\"wp-block-quote is-layout-flow wp-block-quote-is-layout-flow\"><p>Tvrtka XYZ Doohickey osnovana je 1971. godine i od tada javnosti pru\u017ea kvalitetne doohickeyje. Smje\u0161tena u Gotham Cityju, XYZ zapo\u0161ljava preko 2000 ljudi i radi svakakve sjajne stvari za zajednicu Gothama.<\/p><\/blockquote>\n\n\n\n<p>Kao novi korisnik WordPressa, trebali biste posjetiti svoj <a href=\"https:\/\/www.urbanspot.si\/wp-admin\/\">upravlja\u010dka plo\u010da<\/a> izbrisati ovu stranicu i stvoriti nove stranice za svoj sadr\u017eaj. Zabavite se!<\/p>","protected":false},"excerpt":{"rendered":"<p>Ovo je primjer stranice. Razlikuje se od objave na blogu jer \u0107e ostati na mjestu i bit \u0107e uklju\u010dena u ve\u0107inu tema.<\/p>","protected":false},"author":1,"featured_media":0,"parent":0,"menu_order":0,"comment_status":"closed","ping_status":"open","template":"","meta":{"footnotes":""},"class_list":["post-2","page","type-page","status-publish","hentry"],"yoast_head":"<!-- This site is optimized with the Yoast SEO plugin v27.4 - https:\/\/yoast.com\/product\/yoast-seo-wordpress\/ -->\n<title>Vzor\u010dna stran -<\/title>\n<meta name=\"robots\" content=\"index, follow, max-snippet:-1, max-image-preview:large, max-video-preview:-1\" \/>\n<link rel=\"canonical\" href=\"https:\/\/www.urbanspot.si\/hr\/primjer-stranice\/\" \/>\n<meta property=\"og:locale\" content=\"hr_HR\" \/>\n<meta property=\"og:type\" content=\"article\" \/>\n<meta property=\"og:title\" content=\"Vzor\u010dna stran -\" \/>\n<meta property=\"og:description\" content=\"To je vzor\u010dna stran. Druga\u010dna je od prispevka bloga, ker bo ostala na mestu in se bo v ve\u010dini tem\" \/>\n<meta property=\"og:url\" content=\"https:\/\/www.urbanspot.si\/hr\/primjer-stranice\/\" \/>\n<meta property=\"article:publisher\" content=\"https:\/\/www.facebook.com\/urbanspot.si\" \/>\n<meta name=\"twitter:card\" content=\"summary_large_image\" \/>\n<meta name=\"twitter:label1\" content=\"Procijenjeno vrijeme \u010ditanja\" \/>\n\t<meta name=\"twitter:data1\" content=\"1 minuta\" \/>\n<script type=\"application\/ld+json\" class=\"yoast-schema-graph\">{\"@context\":\"https:\\\/\\\/schema.org\",\"@graph\":[{\"@type\":\"WebPage\",\"@id\":\"https:\\\/\\\/www.urbanspot.si\\\/vzorcna-stran\\\/\",\"url\":\"https:\\\/\\\/www.urbanspot.si\\\/vzorcna-stran\\\/\",\"name\":\"Vzor\u010dna stran -\",\"isPartOf\":{\"@id\":\"https:\\\/\\\/www.urbanspot.si\\\/#website\"},\"datePublished\":\"2024-05-10T08:43:48+00:00\",\"breadcrumb\":{\"@id\":\"https:\\\/\\\/www.urbanspot.si\\\/vzorcna-stran\\\/#breadcrumb\"},\"inLanguage\":\"hr\",\"potentialAction\":[{\"@type\":\"ReadAction\",\"target\":[\"https:\\\/\\\/www.urbanspot.si\\\/vzorcna-stran\\\/\"]}]},{\"@type\":\"BreadcrumbList\",\"@id\":\"https:\\\/\\\/www.urbanspot.si\\\/vzorcna-stran\\\/#breadcrumb\",\"itemListElement\":[{\"@type\":\"ListItem\",\"position\":1,\"name\":\"Home\",\"item\":\"https:\\\/\\\/www.urbanspot.si\\\/\"},{\"@type\":\"ListItem\",\"position\":2,\"name\":\"Vzor\u010dna stran\"}]},{\"@type\":\"WebSite\",\"@id\":\"https:\\\/\\\/www.urbanspot.si\\\/#website\",\"url\":\"https:\\\/\\\/www.urbanspot.si\\\/\",\"name\":\"UrbanSpot\",\"description\":\"\",\"publisher\":{\"@id\":\"https:\\\/\\\/www.urbanspot.si\\\/#organization\"},\"potentialAction\":[{\"@type\":\"SearchAction\",\"target\":{\"@type\":\"EntryPoint\",\"urlTemplate\":\"https:\\\/\\\/www.urbanspot.si\\\/?s={search_term_string}\"},\"query-input\":{\"@type\":\"PropertyValueSpecification\",\"valueRequired\":true,\"valueName\":\"search_term_string\"}}],\"inLanguage\":\"hr\"},{\"@type\":\"Organization\",\"@id\":\"https:\\\/\\\/www.urbanspot.si\\\/#organization\",\"name\":\"UrbanSpot\",\"url\":\"https:\\\/\\\/www.urbanspot.si\\\/\",\"logo\":{\"@type\":\"ImageObject\",\"inLanguage\":\"hr\",\"@id\":\"https:\\\/\\\/www.urbanspot.si\\\/#\\\/schema\\\/logo\\\/image\\\/\",\"url\":\"https:\\\/\\\/www.urbanspot.si\\\/wp-content\\\/uploads\\\/urbanspot-logo.svg\",\"contentUrl\":\"https:\\\/\\\/www.urbanspot.si\\\/wp-content\\\/uploads\\\/urbanspot-logo.svg\",\"width\":185,\"height\":40,\"caption\":\"UrbanSpot\"},\"image\":{\"@id\":\"https:\\\/\\\/www.urbanspot.si\\\/#\\\/schema\\\/logo\\\/image\\\/\"},\"sameAs\":[\"https:\\\/\\\/www.facebook.com\\\/urbanspot.si\"]}]}<\/script>\n<!-- \/ Yoast SEO plugin. -->","yoast_head_json":{"title":"Vzor\u010dna stran -","robots":{"index":"index","follow":"follow","max-snippet":"max-snippet:-1","max-image-preview":"max-image-preview:large","max-video-preview":"max-video-preview:-1"},"canonical":"https:\/\/www.urbanspot.si\/hr\/primjer-stranice\/","og_locale":"hr_HR","og_type":"article","og_title":"Vzor\u010dna stran -","og_description":"To je vzor\u010dna stran. Druga\u010dna je od prispevka bloga, ker bo ostala na mestu in se bo v ve\u010dini tem","og_url":"https:\/\/www.urbanspot.si\/hr\/primjer-stranice\/","article_publisher":"https:\/\/www.facebook.com\/urbanspot.si","twitter_card":"summary_large_image","twitter_misc":{"Procijenjeno vrijeme \u010ditanja":"1 minuta"},"schema":{"@context":"https:\/\/schema.org","@graph":[{"@type":"WebPage","@id":"https:\/\/www.urbanspot.si\/vzorcna-stran\/","url":"https:\/\/www.urbanspot.si\/vzorcna-stran\/","name":"Vzor\u010dna stran -","isPartOf":{"@id":"https:\/\/www.urbanspot.si\/#website"},"datePublished":"2024-05-10T08:43:48+00:00","breadcrumb":{"@id":"https:\/\/www.urbanspot.si\/vzorcna-stran\/#breadcrumb"},"inLanguage":"hr","potentialAction":[{"@type":"ReadAction","target":["https:\/\/www.urbanspot.si\/vzorcna-stran\/"]}]},{"@type":"BreadcrumbList","@id":"https:\/\/www.urbanspot.si\/vzorcna-stran\/#breadcrumb","itemListElement":[{"@type":"ListItem","position":1,"name":"Home","item":"https:\/\/www.urbanspot.si\/"},{"@type":"ListItem","position":2,"name":"Vzor\u010dna stran"}]},{"@type":"WebSite","@id":"https:\/\/www.urbanspot.si\/#website","url":"https:\/\/www.urbanspot.si\/","name":"UrbanSpot","description":"","publisher":{"@id":"https:\/\/www.urbanspot.si\/#organization"},"potentialAction":[{"@type":"SearchAction","target":{"@type":"EntryPoint","urlTemplate":"https:\/\/www.urbanspot.si\/?s={search_term_string}"},"query-input":{"@type":"PropertyValueSpecification","valueRequired":true,"valueName":"search_term_string"}}],"inLanguage":"hr"},{"@type":"Organization","@id":"https:\/\/www.urbanspot.si\/#organization","name":"UrbanSpot","url":"https:\/\/www.urbanspot.si\/","logo":{"@type":"ImageObject","inLanguage":"hr","@id":"https:\/\/www.urbanspot.si\/#\/schema\/logo\/image\/","url":"https:\/\/www.urbanspot.si\/wp-content\/uploads\/urbanspot-logo.svg","contentUrl":"https:\/\/www.urbanspot.si\/wp-content\/uploads\/urbanspot-logo.svg","width":185,"height":40,"caption":"UrbanSpot"},"image":{"@id":"https:\/\/www.urbanspot.si\/#\/schema\/logo\/image\/"},"sameAs":["https:\/\/www.facebook.com\/urbanspot.si"]}]}},"_links":{"self":[{"href":"https:\/\/www.urbanspot.si\/hr\/wp-json\/wp\/v2\/pages\/2","targetHints":{"allow":["GET"]}}],"collection":[{"href":"https:\/\/www.urbanspot.si\/hr\/wp-json\/wp\/v2\/pages"}],"about":[{"href":"https:\/\/www.urbanspot.si\/hr\/wp-json\/wp\/v2\/types\/page"}],"author":[{"embeddable":true,"href":"https:\/\/www.urbanspot.si\/hr\/wp-json\/wp\/v2\/users\/1"}],"replies":[{"embeddable":true,"href":"https:\/\/www.urbanspot.si\/hr\/wp-json\/wp\/v2\/comments?post=2"}],"version-history":[{"count":0,"href":"https:\/\/www.urbanspot.si\/hr\/wp-json\/wp\/v2\/pages\/2\/revisions"}],"wp:attachment":[{"href":"https:\/\/www.urbanspot.si\/hr\/wp-json\/wp\/v2\/media?parent=2"}],"curies":[{"name":"radni list","href":"https:\/\/api.w.org\/{rel}","templated":true}]}}