{"id":10001,"date":"2024-05-22T14:28:01","date_gmt":"2024-05-22T13:28:01","guid":{"rendered":"https:\/\/www.urbanspot.si\/product\/mercedez-benz-zascitni-ovitek-aluminium-iphone-8\/"},"modified":"2026-03-19T16:05:56","modified_gmt":"2026-03-19T14:05:56","slug":"mercedes-benz-zastitna-aluminijska-futrola-za-iphone-8","status":"publish","type":"product","link":"https:\/\/www.urbanspot.si\/hr\/produkt\/mercedez-benz-zascitni-ovitek-aluminium-iphone-8\/","title":{"rendered":"Mercedez-Benz za\u0161titna futrola od aluminija, za iPhone 8"},"content":{"rendered":"<p>Elegantno dizajnirana futrola savr\u0161eno \u0107e za\u0161tititi va\u0161 ure\u0111aj.<\/p>\n<p>\u00a0<\/p>\n<ul>\n<li>Vrhunski dizajn<\/li>\n<li>Izvorni proizvod<\/li>\n<li>Tvr\u0111i materijal<\/li>\n<li>Izvrsna za\u0161tita<\/li>\n<li>3D ikonski izgled<\/li>\n<\/ul>","protected":false},"excerpt":{"rendered":"<p>Za\u0161titna futrola s Mercedes-Benz Signature Logom nudi vam ne samo optimalnu udobnost rukovanja, ve\u0107 i lijep i \u010dvrst dizajn.<\/p>","protected":false},"featured_media":10003,"comment_status":"closed","ping_status":"open","template":"","meta":[],"product_brand":[],"product_cat":[92,119,157,158,160,159,156,162,163,161,560,91],"product_tag":[],"class_list":{"0":"post-10001","1":"product","2":"type-product","3":"status-publish","4":"has-post-thumbnail","6":"product_cat-apple","7":"product_cat-apple-ovitki-stekla","8":"product_cat-apple-iphone-7","9":"product_cat-apple-iphone-8-serija","10":"product_cat-iphone-7","11":"product_cat-iphone-8-8-serija","12":"product_cat-iphone-8","13":"product_cat-iphone-se-2020","14":"product_cat-iphone-se-2022","15":"product_cat-ostale-iphone-serije","16":"product_cat-ovitki-za-telefone","17":"product_cat-razprodaja","18":"pa_primerno-za-model-iphone-8","19":"pa_primerno-za-proizvajalca-apple","21":"first","22":"instock","23":"sale","24":"taxable","25":"shipping-taxable","26":"purchasable","27":"product-type-simple"},"yoast_head":"<!-- This site is optimized with the Yoast SEO plugin v27.4 - https:\/\/yoast.com\/product\/yoast-seo-wordpress\/ -->\n<title>Mercedez-Benz za\u0161\u010ditni ovitek Aluminium, Iphone 8 -<\/title>\n<meta name=\"robots\" content=\"index, follow, max-snippet:-1, max-image-preview:large, max-video-preview:-1\" \/>\n<link rel=\"canonical\" href=\"https:\/\/www.urbanspot.si\/hr\/proizvod-2\/mercedes-benz-zastitna-aluminijska-futrola-za-iphone-8\/\" \/>\n<meta property=\"og:locale\" content=\"hr_HR\" \/>\n<meta property=\"og:type\" content=\"article\" \/>\n<meta property=\"og:title\" content=\"Mercedez-Benz za\u0161\u010ditni ovitek Aluminium, Iphone 8 -\" \/>\n<meta property=\"og:description\" content=\"Mercedes-Benz za\u0161\u010ditni ovitek Signature Logo vam ponuja ne le optimalno udobje delovanja, temve\u010d tudi lep in mo\u010dan dizajn.\" \/>\n<meta property=\"og:url\" content=\"https:\/\/www.urbanspot.si\/hr\/proizvod-2\/mercedes-benz-zastitna-aluminijska-futrola-za-iphone-8\/\" \/>\n<meta property=\"article:publisher\" content=\"https:\/\/www.facebook.com\/urbanspot.si\" \/>\n<meta property=\"article:modified_time\" content=\"2026-03-19T14:05:56+00:00\" \/>\n<meta property=\"og:image\" content=\"https:\/\/www.urbanspot.si\/wp-content\/uploads\/mercedez-benz-zascitni-ovitek-aluminium-iphone-8.jpg\" \/>\n\t<meta property=\"og:image:width\" content=\"749\" \/>\n\t<meta property=\"og:image:height\" content=\"749\" \/>\n\t<meta property=\"og:image:type\" content=\"image\/jpeg\" \/>\n<meta name=\"twitter:card\" content=\"summary_large_image\" \/>\n<script type=\"application\/ld+json\" class=\"yoast-schema-graph\">{\"@context\":\"https:\\\/\\\/schema.org\",\"@graph\":[{\"@type\":\"WebPage\",\"@id\":\"https:\\\/\\\/www.urbanspot.si\\\/produkt\\\/mercedez-benz-zascitni-ovitek-aluminium-iphone-8\\\/\",\"url\":\"https:\\\/\\\/www.urbanspot.si\\\/produkt\\\/mercedez-benz-zascitni-ovitek-aluminium-iphone-8\\\/\",\"name\":\"Mercedez-Benz za\u0161\u010ditni ovitek Aluminium, Iphone 8 -\",\"isPartOf\":{\"@id\":\"https:\\\/\\\/www.urbanspot.si\\\/#website\"},\"primaryImageOfPage\":{\"@id\":\"https:\\\/\\\/www.urbanspot.si\\\/produkt\\\/mercedez-benz-zascitni-ovitek-aluminium-iphone-8\\\/#primaryimage\"},\"image\":{\"@id\":\"https:\\\/\\\/www.urbanspot.si\\\/produkt\\\/mercedez-benz-zascitni-ovitek-aluminium-iphone-8\\\/#primaryimage\"},\"thumbnailUrl\":\"https:\\\/\\\/www.urbanspot.si\\\/wp-content\\\/uploads\\\/mercedez-benz-zascitni-ovitek-aluminium-iphone-8.jpg\",\"datePublished\":\"2024-05-22T13:28:01+00:00\",\"dateModified\":\"2026-03-19T14:05:56+00:00\",\"breadcrumb\":{\"@id\":\"https:\\\/\\\/www.urbanspot.si\\\/produkt\\\/mercedez-benz-zascitni-ovitek-aluminium-iphone-8\\\/#breadcrumb\"},\"inLanguage\":\"hr\",\"potentialAction\":[{\"@type\":\"ReadAction\",\"target\":[\"https:\\\/\\\/www.urbanspot.si\\\/produkt\\\/mercedez-benz-zascitni-ovitek-aluminium-iphone-8\\\/\"]}]},{\"@type\":\"ImageObject\",\"inLanguage\":\"hr\",\"@id\":\"https:\\\/\\\/www.urbanspot.si\\\/produkt\\\/mercedez-benz-zascitni-ovitek-aluminium-iphone-8\\\/#primaryimage\",\"url\":\"https:\\\/\\\/www.urbanspot.si\\\/wp-content\\\/uploads\\\/mercedez-benz-zascitni-ovitek-aluminium-iphone-8.jpg\",\"contentUrl\":\"https:\\\/\\\/www.urbanspot.si\\\/wp-content\\\/uploads\\\/mercedez-benz-zascitni-ovitek-aluminium-iphone-8.jpg\",\"width\":749,\"height\":749,\"caption\":\"Mercedez-Benz za\u0161\u010ditni ovitek Aluminium\"},{\"@type\":\"BreadcrumbList\",\"@id\":\"https:\\\/\\\/www.urbanspot.si\\\/produkt\\\/mercedez-benz-zascitni-ovitek-aluminium-iphone-8\\\/#breadcrumb\",\"itemListElement\":[{\"@type\":\"ListItem\",\"position\":1,\"name\":\"Home\",\"item\":\"https:\\\/\\\/www.urbanspot.si\\\/\"},{\"@type\":\"ListItem\",\"position\":2,\"name\":\"Shop\",\"item\":\"https:\\\/\\\/www.urbanspot.si\\\/shop\\\/\"},{\"@type\":\"ListItem\",\"position\":3,\"name\":\"Mercedez-Benz za\u0161\u010ditni ovitek Aluminium, Iphone 8\"}]},{\"@type\":\"WebSite\",\"@id\":\"https:\\\/\\\/www.urbanspot.si\\\/#website\",\"url\":\"https:\\\/\\\/www.urbanspot.si\\\/\",\"name\":\"UrbanSpot\",\"description\":\"\",\"publisher\":{\"@id\":\"https:\\\/\\\/www.urbanspot.si\\\/#organization\"},\"potentialAction\":[{\"@type\":\"SearchAction\",\"target\":{\"@type\":\"EntryPoint\",\"urlTemplate\":\"https:\\\/\\\/www.urbanspot.si\\\/?s={search_term_string}\"},\"query-input\":{\"@type\":\"PropertyValueSpecification\",\"valueRequired\":true,\"valueName\":\"search_term_string\"}}],\"inLanguage\":\"hr\"},{\"@type\":\"Organization\",\"@id\":\"https:\\\/\\\/www.urbanspot.si\\\/#organization\",\"name\":\"UrbanSpot\",\"url\":\"https:\\\/\\\/www.urbanspot.si\\\/\",\"logo\":{\"@type\":\"ImageObject\",\"inLanguage\":\"hr\",\"@id\":\"https:\\\/\\\/www.urbanspot.si\\\/#\\\/schema\\\/logo\\\/image\\\/\",\"url\":\"https:\\\/\\\/www.urbanspot.si\\\/wp-content\\\/uploads\\\/urbanspot-logo.svg\",\"contentUrl\":\"https:\\\/\\\/www.urbanspot.si\\\/wp-content\\\/uploads\\\/urbanspot-logo.svg\",\"width\":185,\"height\":40,\"caption\":\"UrbanSpot\"},\"image\":{\"@id\":\"https:\\\/\\\/www.urbanspot.si\\\/#\\\/schema\\\/logo\\\/image\\\/\"},\"sameAs\":[\"https:\\\/\\\/www.facebook.com\\\/urbanspot.si\"]}]}<\/script>\n<!-- \/ Yoast SEO plugin. -->","yoast_head_json":{"title":"Za\u0161titna navlaka Mercedes-Benz aluminijska, iPhone 8 -","robots":{"index":"index","follow":"follow","max-snippet":"max-snippet:-1","max-image-preview":"max-image-preview:large","max-video-preview":"max-video-preview:-1"},"canonical":"https:\/\/www.urbanspot.si\/hr\/proizvod-2\/mercedes-benz-zastitna-aluminijska-futrola-za-iphone-8\/","og_locale":"hr_HR","og_type":"article","og_title":"Mercedez-Benz za\u0161\u010ditni ovitek Aluminium, Iphone 8 -","og_description":"Mercedes-Benz za\u0161\u010ditni ovitek Signature Logo vam ponuja ne le optimalno udobje delovanja, temve\u010d tudi lep in mo\u010dan dizajn.","og_url":"https:\/\/www.urbanspot.si\/hr\/proizvod-2\/mercedes-benz-zastitna-aluminijska-futrola-za-iphone-8\/","article_publisher":"https:\/\/www.facebook.com\/urbanspot.si","article_modified_time":"2026-03-19T14:05:56+00:00","og_image":[{"width":749,"height":749,"url":"https:\/\/www.urbanspot.si\/wp-content\/uploads\/mercedez-benz-zascitni-ovitek-aluminium-iphone-8.jpg","type":"image\/jpeg"}],"twitter_card":"summary_large_image","schema":{"@context":"https:\/\/schema.org","@graph":[{"@type":"WebPage","@id":"https:\/\/www.urbanspot.si\/produkt\/mercedez-benz-zascitni-ovitek-aluminium-iphone-8\/","url":"https:\/\/www.urbanspot.si\/produkt\/mercedez-benz-zascitni-ovitek-aluminium-iphone-8\/","name":"Za\u0161titna navlaka Mercedes-Benz aluminijska, iPhone 8 -","isPartOf":{"@id":"https:\/\/www.urbanspot.si\/#website"},"primaryImageOfPage":{"@id":"https:\/\/www.urbanspot.si\/produkt\/mercedez-benz-zascitni-ovitek-aluminium-iphone-8\/#primaryimage"},"image":{"@id":"https:\/\/www.urbanspot.si\/produkt\/mercedez-benz-zascitni-ovitek-aluminium-iphone-8\/#primaryimage"},"thumbnailUrl":"https:\/\/www.urbanspot.si\/wp-content\/uploads\/mercedez-benz-zascitni-ovitek-aluminium-iphone-8.jpg","datePublished":"2024-05-22T13:28:01+00:00","dateModified":"2026-03-19T14:05:56+00:00","breadcrumb":{"@id":"https:\/\/www.urbanspot.si\/produkt\/mercedez-benz-zascitni-ovitek-aluminium-iphone-8\/#breadcrumb"},"inLanguage":"hr","potentialAction":[{"@type":"ReadAction","target":["https:\/\/www.urbanspot.si\/produkt\/mercedez-benz-zascitni-ovitek-aluminium-iphone-8\/"]}]},{"@type":"ImageObject","inLanguage":"hr","@id":"https:\/\/www.urbanspot.si\/produkt\/mercedez-benz-zascitni-ovitek-aluminium-iphone-8\/#primaryimage","url":"https:\/\/www.urbanspot.si\/wp-content\/uploads\/mercedez-benz-zascitni-ovitek-aluminium-iphone-8.jpg","contentUrl":"https:\/\/www.urbanspot.si\/wp-content\/uploads\/mercedez-benz-zascitni-ovitek-aluminium-iphone-8.jpg","width":749,"height":749,"caption":"Mercedez-Benz za\u0161\u010ditni ovitek Aluminium"},{"@type":"BreadcrumbList","@id":"https:\/\/www.urbanspot.si\/produkt\/mercedez-benz-zascitni-ovitek-aluminium-iphone-8\/#breadcrumb","itemListElement":[{"@type":"ListItem","position":1,"name":"Home","item":"https:\/\/www.urbanspot.si\/"},{"@type":"ListItem","position":2,"name":"Shop","item":"https:\/\/www.urbanspot.si\/shop\/"},{"@type":"ListItem","position":3,"name":"Mercedez-Benz za\u0161\u010ditni ovitek Aluminium, Iphone 8"}]},{"@type":"WebSite","@id":"https:\/\/www.urbanspot.si\/#website","url":"https:\/\/www.urbanspot.si\/","name":"UrbanSpot","description":"","publisher":{"@id":"https:\/\/www.urbanspot.si\/#organization"},"potentialAction":[{"@type":"SearchAction","target":{"@type":"EntryPoint","urlTemplate":"https:\/\/www.urbanspot.si\/?s={search_term_string}"},"query-input":{"@type":"PropertyValueSpecification","valueRequired":true,"valueName":"search_term_string"}}],"inLanguage":"hr"},{"@type":"Organization","@id":"https:\/\/www.urbanspot.si\/#organization","name":"UrbanSpot","url":"https:\/\/www.urbanspot.si\/","logo":{"@type":"ImageObject","inLanguage":"hr","@id":"https:\/\/www.urbanspot.si\/#\/schema\/logo\/image\/","url":"https:\/\/www.urbanspot.si\/wp-content\/uploads\/urbanspot-logo.svg","contentUrl":"https:\/\/www.urbanspot.si\/wp-content\/uploads\/urbanspot-logo.svg","width":185,"height":40,"caption":"UrbanSpot"},"image":{"@id":"https:\/\/www.urbanspot.si\/#\/schema\/logo\/image\/"},"sameAs":["https:\/\/www.facebook.com\/urbanspot.si"]}]}},"_links":{"self":[{"href":"https:\/\/www.urbanspot.si\/hr\/wp-json\/wp\/v2\/product\/10001","targetHints":{"allow":["GET"]}}],"collection":[{"href":"https:\/\/www.urbanspot.si\/hr\/wp-json\/wp\/v2\/product"}],"about":[{"href":"https:\/\/www.urbanspot.si\/hr\/wp-json\/wp\/v2\/types\/product"}],"replies":[{"embeddable":true,"href":"https:\/\/www.urbanspot.si\/hr\/wp-json\/wp\/v2\/comments?post=10001"}],"version-history":[{"count":1,"href":"https:\/\/www.urbanspot.si\/hr\/wp-json\/wp\/v2\/product\/10001\/revisions"}],"predecessor-version":[{"id":10002,"href":"https:\/\/www.urbanspot.si\/hr\/wp-json\/wp\/v2\/product\/10001\/revisions\/10002"}],"wp:featuredmedia":[{"embeddable":true,"href":"https:\/\/www.urbanspot.si\/hr\/wp-json\/wp\/v2\/media\/10003"}],"wp:attachment":[{"href":"https:\/\/www.urbanspot.si\/hr\/wp-json\/wp\/v2\/media?parent=10001"}],"wp:term":[{"taxonomy":"product_brand","embeddable":true,"href":"https:\/\/www.urbanspot.si\/hr\/wp-json\/wp\/v2\/product_brand?post=10001"},{"taxonomy":"product_cat","embeddable":true,"href":"https:\/\/www.urbanspot.si\/hr\/wp-json\/wp\/v2\/product_cat?post=10001"},{"taxonomy":"product_tag","embeddable":true,"href":"https:\/\/www.urbanspot.si\/hr\/wp-json\/wp\/v2\/product_tag?post=10001"}],"curies":[{"name":"radni list","href":"https:\/\/api.w.org\/{rel}","templated":true}]}}