{"id":10106,"date":"2025-06-22T14:28:30","date_gmt":"2025-06-22T12:28:30","guid":{"rendered":"https:\/\/www.urbanspot.si\/product\/guess-zascitni-ovitek-lizard-collection-gold-iphone-7-8-se2022\/"},"modified":"2026-03-19T16:03:02","modified_gmt":"2026-03-19T14:03:02","slug":"pretpostavljam-zastitni-futrolu-kolekcija-guster-zlato-iphone-7-8-se2022","status":"publish","type":"product","link":"https:\/\/www.urbanspot.si\/hr\/produkt\/guess-zascitni-ovitek-lizard-collection-gold-iphone-7-8-se2022\/","title":{"rendered":"Guess za\u0161titna futrola Lizard kolekcija zlatna, iPhone 7\/8\/SE2022"},"content":{"rendered":"<p>Sa svojim uzorkom i profinjeno\u0161\u0107u, Guess omot \u0107e se sigurno istaknuti iz mase.<br \/>\nNavlaka savr\u0161eno pristaje va\u0161em telefonu i \u0161titi ga od ogrebotina i o\u0161te\u0107enja.<\/p>\n<p>Zna\u010dajke naslovnice:<\/p>\n<ul>\n<li>Izra\u0111en od \u010dvrstog i visokokvalitetnog TPU materijala<\/li>\n<li>Podstava od mikrovlakana unutar poklopca sprje\u010dava ogrebotine<\/li>\n<li>Zlatni detalji na dnu korica za ekskluzivan izgled<\/li>\n<li>Potpuna za\u0161tita telefona<\/li>\n<li>Udoban hvat<\/li>\n<li>Izvorni proizvod<\/li>\n<li>Otporno na udarce<\/li>\n<\/ul>","protected":false},"excerpt":{"rendered":"<p>Elegantno i ekskluzivno Guess futrolo za iPhone idealna je za\u0161tita s prekrasnim uzorkom. Zlatni Guess logo na donjem dijelu futrole daje zavr\u0161ni dodir.<\/p>","protected":false},"featured_media":10108,"comment_status":"closed","ping_status":"closed","template":"","meta":[],"product_brand":[],"product_cat":[177,119,92,157,158,176,180,160,159,156,162,163,161,560,91,179],"product_tag":[],"class_list":{"0":"post-10106","1":"product","2":"type-product","3":"status-publish","4":"has-post-thumbnail","6":"product_cat-5s","7":"product_cat-apple-ovitki-stekla","8":"product_cat-apple","9":"product_cat-apple-iphone-7","10":"product_cat-apple-iphone-8-serija","11":"product_cat-iphone-5","12":"product_cat-iphone-7-apple-ovitki-stekla","13":"product_cat-iphone-7","14":"product_cat-iphone-8-8-serija","15":"product_cat-iphone-8","16":"product_cat-iphone-se-2020","17":"product_cat-iphone-se-2022","18":"product_cat-ostale-iphone-serije","19":"product_cat-ovitki-za-telefone","20":"product_cat-razprodaja","21":"product_cat-se-2020","22":"pa_primerno-za-model-iphone-7","23":"pa_primerno-za-model-iphone-8","24":"pa_primerno-za-model-iphone-se-2nd-gen","25":"pa_primerno-za-proizvajalca-apple","27":"first","28":"instock","29":"sale","30":"taxable","31":"shipping-taxable","32":"purchasable","33":"product-type-simple"},"yoast_head":"<!-- This site is optimized with the Yoast SEO plugin v27.4 - https:\/\/yoast.com\/product\/yoast-seo-wordpress\/ -->\n<title>Guess za\u0161\u010ditni ovitek Lizard Collection Gold, Iphone 7\/8\/SE2022 -<\/title>\n<meta name=\"robots\" content=\"index, follow, max-snippet:-1, max-image-preview:large, max-video-preview:-1\" \/>\n<link rel=\"canonical\" href=\"https:\/\/www.urbanspot.si\/hr\/proizvod-2\/pretpostavljam-zastitni-futrolu-kolekcija-guster-zlato-iphone-7-8-se2022\/\" \/>\n<meta property=\"og:locale\" content=\"hr_HR\" \/>\n<meta property=\"og:type\" content=\"article\" \/>\n<meta property=\"og:title\" content=\"Guess za\u0161\u010ditni ovitek Lizard Collection Gold, Iphone 7\/8\/SE2022 -\" \/>\n<meta property=\"og:description\" content=\"Eleganten in ekskluziven Guess ovitek za iPhone je idealna za\u0161\u010dita s \u010dudovitim potiskom. Za piko na i je na spodnji strani ovitka \u0161e zlat logotip Guess.\" \/>\n<meta property=\"og:url\" content=\"https:\/\/www.urbanspot.si\/hr\/proizvod-2\/pretpostavljam-zastitni-futrolu-kolekcija-guster-zlato-iphone-7-8-se2022\/\" \/>\n<meta property=\"article:publisher\" content=\"https:\/\/www.facebook.com\/urbanspot.si\" \/>\n<meta property=\"article:modified_time\" content=\"2026-03-19T14:03:02+00:00\" \/>\n<meta property=\"og:image\" content=\"https:\/\/www.urbanspot.si\/wp-content\/uploads\/guess-zascitni-ovitek-lizard-collection-gold-iphone-7-8-se2022.jpg\" \/>\n\t<meta property=\"og:image:width\" content=\"1000\" \/>\n\t<meta property=\"og:image:height\" content=\"1000\" \/>\n\t<meta property=\"og:image:type\" content=\"image\/jpeg\" \/>\n<meta name=\"twitter:card\" content=\"summary_large_image\" \/>\n<meta name=\"twitter:label1\" content=\"Procijenjeno vrijeme \u010ditanja\" \/>\n\t<meta name=\"twitter:data1\" content=\"1 minuta\" \/>\n<script type=\"application\/ld+json\" class=\"yoast-schema-graph\">{\"@context\":\"https:\\\/\\\/schema.org\",\"@graph\":[{\"@type\":\"WebPage\",\"@id\":\"https:\\\/\\\/www.urbanspot.si\\\/produkt\\\/guess-zascitni-ovitek-lizard-collection-gold-iphone-7-8-se2022\\\/\",\"url\":\"https:\\\/\\\/www.urbanspot.si\\\/produkt\\\/guess-zascitni-ovitek-lizard-collection-gold-iphone-7-8-se2022\\\/\",\"name\":\"Guess za\u0161\u010ditni ovitek Lizard Collection Gold, Iphone 7\\\/8\\\/SE2022 -\",\"isPartOf\":{\"@id\":\"https:\\\/\\\/www.urbanspot.si\\\/#website\"},\"primaryImageOfPage\":{\"@id\":\"https:\\\/\\\/www.urbanspot.si\\\/produkt\\\/guess-zascitni-ovitek-lizard-collection-gold-iphone-7-8-se2022\\\/#primaryimage\"},\"image\":{\"@id\":\"https:\\\/\\\/www.urbanspot.si\\\/produkt\\\/guess-zascitni-ovitek-lizard-collection-gold-iphone-7-8-se2022\\\/#primaryimage\"},\"thumbnailUrl\":\"https:\\\/\\\/www.urbanspot.si\\\/wp-content\\\/uploads\\\/guess-zascitni-ovitek-lizard-collection-gold-iphone-7-8-se2022.jpg\",\"datePublished\":\"2025-06-22T12:28:30+00:00\",\"dateModified\":\"2026-03-19T14:03:02+00:00\",\"breadcrumb\":{\"@id\":\"https:\\\/\\\/www.urbanspot.si\\\/produkt\\\/guess-zascitni-ovitek-lizard-collection-gold-iphone-7-8-se2022\\\/#breadcrumb\"},\"inLanguage\":\"hr\",\"potentialAction\":[{\"@type\":\"ReadAction\",\"target\":[\"https:\\\/\\\/www.urbanspot.si\\\/produkt\\\/guess-zascitni-ovitek-lizard-collection-gold-iphone-7-8-se2022\\\/\"]}]},{\"@type\":\"ImageObject\",\"inLanguage\":\"hr\",\"@id\":\"https:\\\/\\\/www.urbanspot.si\\\/produkt\\\/guess-zascitni-ovitek-lizard-collection-gold-iphone-7-8-se2022\\\/#primaryimage\",\"url\":\"https:\\\/\\\/www.urbanspot.si\\\/wp-content\\\/uploads\\\/guess-zascitni-ovitek-lizard-collection-gold-iphone-7-8-se2022.jpg\",\"contentUrl\":\"https:\\\/\\\/www.urbanspot.si\\\/wp-content\\\/uploads\\\/guess-zascitni-ovitek-lizard-collection-gold-iphone-7-8-se2022.jpg\",\"width\":1000,\"height\":1000,\"caption\":\"Guess za\u0161\u010ditni ovitek Lizard Collection Gold\"},{\"@type\":\"BreadcrumbList\",\"@id\":\"https:\\\/\\\/www.urbanspot.si\\\/produkt\\\/guess-zascitni-ovitek-lizard-collection-gold-iphone-7-8-se2022\\\/#breadcrumb\",\"itemListElement\":[{\"@type\":\"ListItem\",\"position\":1,\"name\":\"Home\",\"item\":\"https:\\\/\\\/www.urbanspot.si\\\/\"},{\"@type\":\"ListItem\",\"position\":2,\"name\":\"Shop\",\"item\":\"https:\\\/\\\/www.urbanspot.si\\\/shop\\\/\"},{\"@type\":\"ListItem\",\"position\":3,\"name\":\"Guess za\u0161\u010ditni ovitek Lizard Collection Gold, Iphone 7\\\/8\\\/SE2022\"}]},{\"@type\":\"WebSite\",\"@id\":\"https:\\\/\\\/www.urbanspot.si\\\/#website\",\"url\":\"https:\\\/\\\/www.urbanspot.si\\\/\",\"name\":\"UrbanSpot\",\"description\":\"\",\"publisher\":{\"@id\":\"https:\\\/\\\/www.urbanspot.si\\\/#organization\"},\"potentialAction\":[{\"@type\":\"SearchAction\",\"target\":{\"@type\":\"EntryPoint\",\"urlTemplate\":\"https:\\\/\\\/www.urbanspot.si\\\/?s={search_term_string}\"},\"query-input\":{\"@type\":\"PropertyValueSpecification\",\"valueRequired\":true,\"valueName\":\"search_term_string\"}}],\"inLanguage\":\"hr\"},{\"@type\":\"Organization\",\"@id\":\"https:\\\/\\\/www.urbanspot.si\\\/#organization\",\"name\":\"UrbanSpot\",\"url\":\"https:\\\/\\\/www.urbanspot.si\\\/\",\"logo\":{\"@type\":\"ImageObject\",\"inLanguage\":\"hr\",\"@id\":\"https:\\\/\\\/www.urbanspot.si\\\/#\\\/schema\\\/logo\\\/image\\\/\",\"url\":\"https:\\\/\\\/www.urbanspot.si\\\/wp-content\\\/uploads\\\/urbanspot-logo.svg\",\"contentUrl\":\"https:\\\/\\\/www.urbanspot.si\\\/wp-content\\\/uploads\\\/urbanspot-logo.svg\",\"width\":185,\"height\":40,\"caption\":\"UrbanSpot\"},\"image\":{\"@id\":\"https:\\\/\\\/www.urbanspot.si\\\/#\\\/schema\\\/logo\\\/image\\\/\"},\"sameAs\":[\"https:\\\/\\\/www.facebook.com\\\/urbanspot.si\"]}]}<\/script>\n<!-- \/ Yoast SEO plugin. -->","yoast_head_json":{"title":"Guess za\u0161titna futrola Lizard Collection Gold, iPhone 7\/8\/SE2022 -","robots":{"index":"index","follow":"follow","max-snippet":"max-snippet:-1","max-image-preview":"max-image-preview:large","max-video-preview":"max-video-preview:-1"},"canonical":"https:\/\/www.urbanspot.si\/hr\/proizvod-2\/pretpostavljam-zastitni-futrolu-kolekcija-guster-zlato-iphone-7-8-se2022\/","og_locale":"hr_HR","og_type":"article","og_title":"Guess za\u0161\u010ditni ovitek Lizard Collection Gold, Iphone 7\/8\/SE2022 -","og_description":"Eleganten in ekskluziven Guess ovitek za iPhone je idealna za\u0161\u010dita s \u010dudovitim potiskom. Za piko na i je na spodnji strani ovitka \u0161e zlat logotip Guess.","og_url":"https:\/\/www.urbanspot.si\/hr\/proizvod-2\/pretpostavljam-zastitni-futrolu-kolekcija-guster-zlato-iphone-7-8-se2022\/","article_publisher":"https:\/\/www.facebook.com\/urbanspot.si","article_modified_time":"2026-03-19T14:03:02+00:00","og_image":[{"width":1000,"height":1000,"url":"https:\/\/www.urbanspot.si\/wp-content\/uploads\/guess-zascitni-ovitek-lizard-collection-gold-iphone-7-8-se2022.jpg","type":"image\/jpeg"}],"twitter_card":"summary_large_image","twitter_misc":{"Procijenjeno vrijeme \u010ditanja":"1 minuta"},"schema":{"@context":"https:\/\/schema.org","@graph":[{"@type":"WebPage","@id":"https:\/\/www.urbanspot.si\/produkt\/guess-zascitni-ovitek-lizard-collection-gold-iphone-7-8-se2022\/","url":"https:\/\/www.urbanspot.si\/produkt\/guess-zascitni-ovitek-lizard-collection-gold-iphone-7-8-se2022\/","name":"Guess za\u0161titna futrola Lizard Collection Gold, iPhone 7\/8\/SE2022 -","isPartOf":{"@id":"https:\/\/www.urbanspot.si\/#website"},"primaryImageOfPage":{"@id":"https:\/\/www.urbanspot.si\/produkt\/guess-zascitni-ovitek-lizard-collection-gold-iphone-7-8-se2022\/#primaryimage"},"image":{"@id":"https:\/\/www.urbanspot.si\/produkt\/guess-zascitni-ovitek-lizard-collection-gold-iphone-7-8-se2022\/#primaryimage"},"thumbnailUrl":"https:\/\/www.urbanspot.si\/wp-content\/uploads\/guess-zascitni-ovitek-lizard-collection-gold-iphone-7-8-se2022.jpg","datePublished":"2025-06-22T12:28:30+00:00","dateModified":"2026-03-19T14:03:02+00:00","breadcrumb":{"@id":"https:\/\/www.urbanspot.si\/produkt\/guess-zascitni-ovitek-lizard-collection-gold-iphone-7-8-se2022\/#breadcrumb"},"inLanguage":"hr","potentialAction":[{"@type":"ReadAction","target":["https:\/\/www.urbanspot.si\/produkt\/guess-zascitni-ovitek-lizard-collection-gold-iphone-7-8-se2022\/"]}]},{"@type":"ImageObject","inLanguage":"hr","@id":"https:\/\/www.urbanspot.si\/produkt\/guess-zascitni-ovitek-lizard-collection-gold-iphone-7-8-se2022\/#primaryimage","url":"https:\/\/www.urbanspot.si\/wp-content\/uploads\/guess-zascitni-ovitek-lizard-collection-gold-iphone-7-8-se2022.jpg","contentUrl":"https:\/\/www.urbanspot.si\/wp-content\/uploads\/guess-zascitni-ovitek-lizard-collection-gold-iphone-7-8-se2022.jpg","width":1000,"height":1000,"caption":"Guess za\u0161\u010ditni ovitek Lizard Collection Gold"},{"@type":"BreadcrumbList","@id":"https:\/\/www.urbanspot.si\/produkt\/guess-zascitni-ovitek-lizard-collection-gold-iphone-7-8-se2022\/#breadcrumb","itemListElement":[{"@type":"ListItem","position":1,"name":"Home","item":"https:\/\/www.urbanspot.si\/"},{"@type":"ListItem","position":2,"name":"Shop","item":"https:\/\/www.urbanspot.si\/shop\/"},{"@type":"ListItem","position":3,"name":"Guess za\u0161\u010ditni ovitek Lizard Collection Gold, Iphone 7\/8\/SE2022"}]},{"@type":"WebSite","@id":"https:\/\/www.urbanspot.si\/#website","url":"https:\/\/www.urbanspot.si\/","name":"UrbanSpot","description":"","publisher":{"@id":"https:\/\/www.urbanspot.si\/#organization"},"potentialAction":[{"@type":"SearchAction","target":{"@type":"EntryPoint","urlTemplate":"https:\/\/www.urbanspot.si\/?s={search_term_string}"},"query-input":{"@type":"PropertyValueSpecification","valueRequired":true,"valueName":"search_term_string"}}],"inLanguage":"hr"},{"@type":"Organization","@id":"https:\/\/www.urbanspot.si\/#organization","name":"UrbanSpot","url":"https:\/\/www.urbanspot.si\/","logo":{"@type":"ImageObject","inLanguage":"hr","@id":"https:\/\/www.urbanspot.si\/#\/schema\/logo\/image\/","url":"https:\/\/www.urbanspot.si\/wp-content\/uploads\/urbanspot-logo.svg","contentUrl":"https:\/\/www.urbanspot.si\/wp-content\/uploads\/urbanspot-logo.svg","width":185,"height":40,"caption":"UrbanSpot"},"image":{"@id":"https:\/\/www.urbanspot.si\/#\/schema\/logo\/image\/"},"sameAs":["https:\/\/www.facebook.com\/urbanspot.si"]}]}},"_links":{"self":[{"href":"https:\/\/www.urbanspot.si\/hr\/wp-json\/wp\/v2\/product\/10106","targetHints":{"allow":["GET"]}}],"collection":[{"href":"https:\/\/www.urbanspot.si\/hr\/wp-json\/wp\/v2\/product"}],"about":[{"href":"https:\/\/www.urbanspot.si\/hr\/wp-json\/wp\/v2\/types\/product"}],"replies":[{"embeddable":true,"href":"https:\/\/www.urbanspot.si\/hr\/wp-json\/wp\/v2\/comments?post=10106"}],"version-history":[{"count":2,"href":"https:\/\/www.urbanspot.si\/hr\/wp-json\/wp\/v2\/product\/10106\/revisions"}],"predecessor-version":[{"id":27133,"href":"https:\/\/www.urbanspot.si\/hr\/wp-json\/wp\/v2\/product\/10106\/revisions\/27133"}],"wp:featuredmedia":[{"embeddable":true,"href":"https:\/\/www.urbanspot.si\/hr\/wp-json\/wp\/v2\/media\/10108"}],"wp:attachment":[{"href":"https:\/\/www.urbanspot.si\/hr\/wp-json\/wp\/v2\/media?parent=10106"}],"wp:term":[{"taxonomy":"product_brand","embeddable":true,"href":"https:\/\/www.urbanspot.si\/hr\/wp-json\/wp\/v2\/product_brand?post=10106"},{"taxonomy":"product_cat","embeddable":true,"href":"https:\/\/www.urbanspot.si\/hr\/wp-json\/wp\/v2\/product_cat?post=10106"},{"taxonomy":"product_tag","embeddable":true,"href":"https:\/\/www.urbanspot.si\/hr\/wp-json\/wp\/v2\/product_tag?post=10106"}],"curies":[{"name":"radni list","href":"https:\/\/api.w.org\/{rel}","templated":true}]}}