{"id":10183,"date":"2024-05-22T14:28:38","date_gmt":"2024-05-22T13:28:38","guid":{"rendered":"https:\/\/www.urbanspot.si\/product\/guess-zascitni-ovitek-script-vintage-blue-iphone-12-12-pro\/"},"modified":"2026-03-18T15:58:18","modified_gmt":"2026-03-18T13:58:18","slug":"pretpostavljam-zastitni-futrola-natpis-vintage-plava-iphone-12-12-pro","status":"publish","type":"product","link":"https:\/\/www.urbanspot.si\/hr\/produkt\/guess-zascitni-ovitek-script-vintage-blue-iphone-12-12-pro\/","title":{"rendered":"Guess za\u0161titna futrola Script Vintage Blue, iPhone 12\/12 PRO"},"content":{"rendered":"<p>Futrola je savr\u0161eno prilago\u0111ena mobilnom ure\u0111aju i savr\u0161eno \u0161titi mobitel od ogrebotina tijekom svakodnevne upotrebe.<\/p>\n<ul>\n<li>Potpuno funkcionalno<\/li>\n<li>Izvorni proizvod<\/li>\n<li>Potpuna za\u0161tita telefona<\/li>\n<li>Udoban hvat<\/li>\n<li>Kvalitetni materijali<\/li>\n<li>Otporno na udarce<\/li>\n<li>\u0160titi od udaraca, padova, ogrebotina i prljav\u0161tine<\/li>\n<\/ul>","protected":false},"excerpt":{"rendered":"<p>Za\u0161titna navlaka Guess elegantan je i profinjen na\u010din za\u0161tite va\u0161eg telefona od mehani\u010dkih o\u0161te\u0107enja. Materijal je ugodan na dodir i pobolj\u0161ava prianjanje telefona, a dolazi i s trakom koja vam omogu\u0107uje da telefon nosite poput torbice.<\/p>","protected":false},"featured_media":10185,"comment_status":"closed","ping_status":"closed","template":"","meta":[],"product_brand":[],"product_cat":[119,92,144,142,145,146,560,91],"product_tag":[],"class_list":{"0":"post-10183","1":"product","2":"type-product","3":"status-publish","4":"has-post-thumbnail","6":"product_cat-apple-ovitki-stekla","7":"product_cat-apple","8":"product_cat-apple-iphone-12-serija","9":"product_cat-iphone-12","10":"product_cat-iphone-12-apple-iphone-12-serija","11":"product_cat-iphone-12-pro","12":"product_cat-ovitki-za-telefone","13":"product_cat-razprodaja","14":"pa_primerno-za-model-iphone-12-12-pro","15":"pa_primerno-za-proizvajalca-apple","17":"first","18":"outofstock","19":"sale","20":"taxable","21":"shipping-taxable","22":"purchasable","23":"product-type-simple"},"yoast_head":"<!-- This site is optimized with the Yoast SEO plugin v27.4 - https:\/\/yoast.com\/product\/yoast-seo-wordpress\/ -->\n<title>Guess za\u0161\u010ditni ovitek Script Vintage Blue, Iphone 12\/12 PRO -<\/title>\n<meta name=\"robots\" content=\"index, follow, max-snippet:-1, max-image-preview:large, max-video-preview:-1\" \/>\n<link rel=\"canonical\" href=\"https:\/\/www.urbanspot.si\/hr\/proizvod-2\/pretpostavljam-zastitni-futrola-natpis-vintage-plava-iphone-12-12-pro\/\" \/>\n<meta property=\"og:locale\" content=\"hr_HR\" \/>\n<meta property=\"og:type\" content=\"article\" \/>\n<meta property=\"og:title\" content=\"Guess za\u0161\u010ditni ovitek Script Vintage Blue, Iphone 12\/12 PRO -\" \/>\n<meta property=\"og:description\" content=\"Guess za\u0161\u010ditni ovitek je del elegance in prefinjenosti na podro\u010dju za\u0161\u010dite telefona pred mehanskimi po\u0161kodbami. Material je prijeten na dotik in izbolj\u0161uje oprijem telefona, zraven pa je prilo\u017eena \u0161e vrvica, ki omogo\u010da no\u0161enje telefona kot torbico.\" \/>\n<meta property=\"og:url\" content=\"https:\/\/www.urbanspot.si\/hr\/proizvod-2\/pretpostavljam-zastitni-futrola-natpis-vintage-plava-iphone-12-12-pro\/\" \/>\n<meta property=\"article:publisher\" content=\"https:\/\/www.facebook.com\/urbanspot.si\" \/>\n<meta property=\"article:modified_time\" content=\"2026-03-18T13:58:18+00:00\" \/>\n<meta property=\"og:image\" content=\"https:\/\/www.urbanspot.si\/wp-content\/uploads\/guess-zascitni-ovitek-script-vintage-blue-iphone-12-12-pro.jpg\" \/>\n\t<meta property=\"og:image:width\" content=\"600\" \/>\n\t<meta property=\"og:image:height\" content=\"600\" \/>\n\t<meta property=\"og:image:type\" content=\"image\/jpeg\" \/>\n<meta name=\"twitter:card\" content=\"summary_large_image\" \/>\n<script type=\"application\/ld+json\" class=\"yoast-schema-graph\">{\"@context\":\"https:\\\/\\\/schema.org\",\"@graph\":[{\"@type\":\"WebPage\",\"@id\":\"https:\\\/\\\/www.urbanspot.si\\\/produkt\\\/guess-zascitni-ovitek-script-vintage-blue-iphone-12-12-pro\\\/\",\"url\":\"https:\\\/\\\/www.urbanspot.si\\\/produkt\\\/guess-zascitni-ovitek-script-vintage-blue-iphone-12-12-pro\\\/\",\"name\":\"Guess za\u0161\u010ditni ovitek Script Vintage Blue, Iphone 12\\\/12 PRO -\",\"isPartOf\":{\"@id\":\"https:\\\/\\\/www.urbanspot.si\\\/#website\"},\"primaryImageOfPage\":{\"@id\":\"https:\\\/\\\/www.urbanspot.si\\\/produkt\\\/guess-zascitni-ovitek-script-vintage-blue-iphone-12-12-pro\\\/#primaryimage\"},\"image\":{\"@id\":\"https:\\\/\\\/www.urbanspot.si\\\/produkt\\\/guess-zascitni-ovitek-script-vintage-blue-iphone-12-12-pro\\\/#primaryimage\"},\"thumbnailUrl\":\"https:\\\/\\\/www.urbanspot.si\\\/wp-content\\\/uploads\\\/guess-zascitni-ovitek-script-vintage-blue-iphone-12-12-pro.jpg\",\"datePublished\":\"2024-05-22T13:28:38+00:00\",\"dateModified\":\"2026-03-18T13:58:18+00:00\",\"breadcrumb\":{\"@id\":\"https:\\\/\\\/www.urbanspot.si\\\/produkt\\\/guess-zascitni-ovitek-script-vintage-blue-iphone-12-12-pro\\\/#breadcrumb\"},\"inLanguage\":\"hr\",\"potentialAction\":[{\"@type\":\"ReadAction\",\"target\":[\"https:\\\/\\\/www.urbanspot.si\\\/produkt\\\/guess-zascitni-ovitek-script-vintage-blue-iphone-12-12-pro\\\/\"]}]},{\"@type\":\"ImageObject\",\"inLanguage\":\"hr\",\"@id\":\"https:\\\/\\\/www.urbanspot.si\\\/produkt\\\/guess-zascitni-ovitek-script-vintage-blue-iphone-12-12-pro\\\/#primaryimage\",\"url\":\"https:\\\/\\\/www.urbanspot.si\\\/wp-content\\\/uploads\\\/guess-zascitni-ovitek-script-vintage-blue-iphone-12-12-pro.jpg\",\"contentUrl\":\"https:\\\/\\\/www.urbanspot.si\\\/wp-content\\\/uploads\\\/guess-zascitni-ovitek-script-vintage-blue-iphone-12-12-pro.jpg\",\"width\":600,\"height\":600,\"caption\":\"Guess za\u0161\u010ditni ovitek Script Vintage Blue\"},{\"@type\":\"BreadcrumbList\",\"@id\":\"https:\\\/\\\/www.urbanspot.si\\\/produkt\\\/guess-zascitni-ovitek-script-vintage-blue-iphone-12-12-pro\\\/#breadcrumb\",\"itemListElement\":[{\"@type\":\"ListItem\",\"position\":1,\"name\":\"Home\",\"item\":\"https:\\\/\\\/www.urbanspot.si\\\/\"},{\"@type\":\"ListItem\",\"position\":2,\"name\":\"Shop\",\"item\":\"https:\\\/\\\/www.urbanspot.si\\\/shop\\\/\"},{\"@type\":\"ListItem\",\"position\":3,\"name\":\"Guess za\u0161\u010ditni ovitek Script Vintage Blue, Iphone 12\\\/12 PRO\"}]},{\"@type\":\"WebSite\",\"@id\":\"https:\\\/\\\/www.urbanspot.si\\\/#website\",\"url\":\"https:\\\/\\\/www.urbanspot.si\\\/\",\"name\":\"UrbanSpot\",\"description\":\"\",\"publisher\":{\"@id\":\"https:\\\/\\\/www.urbanspot.si\\\/#organization\"},\"potentialAction\":[{\"@type\":\"SearchAction\",\"target\":{\"@type\":\"EntryPoint\",\"urlTemplate\":\"https:\\\/\\\/www.urbanspot.si\\\/?s={search_term_string}\"},\"query-input\":{\"@type\":\"PropertyValueSpecification\",\"valueRequired\":true,\"valueName\":\"search_term_string\"}}],\"inLanguage\":\"hr\"},{\"@type\":\"Organization\",\"@id\":\"https:\\\/\\\/www.urbanspot.si\\\/#organization\",\"name\":\"UrbanSpot\",\"url\":\"https:\\\/\\\/www.urbanspot.si\\\/\",\"logo\":{\"@type\":\"ImageObject\",\"inLanguage\":\"hr\",\"@id\":\"https:\\\/\\\/www.urbanspot.si\\\/#\\\/schema\\\/logo\\\/image\\\/\",\"url\":\"https:\\\/\\\/www.urbanspot.si\\\/wp-content\\\/uploads\\\/urbanspot-logo.svg\",\"contentUrl\":\"https:\\\/\\\/www.urbanspot.si\\\/wp-content\\\/uploads\\\/urbanspot-logo.svg\",\"width\":185,\"height\":40,\"caption\":\"UrbanSpot\"},\"image\":{\"@id\":\"https:\\\/\\\/www.urbanspot.si\\\/#\\\/schema\\\/logo\\\/image\\\/\"},\"sameAs\":[\"https:\\\/\\\/www.facebook.com\\\/urbanspot.si\"]}]}<\/script>\n<!-- \/ Yoast SEO plugin. -->","yoast_head_json":{"title":"Guess za\u0161titna futrola Script Vintage Blue, iPhone 12\/12 PRO -","robots":{"index":"index","follow":"follow","max-snippet":"max-snippet:-1","max-image-preview":"max-image-preview:large","max-video-preview":"max-video-preview:-1"},"canonical":"https:\/\/www.urbanspot.si\/hr\/proizvod-2\/pretpostavljam-zastitni-futrola-natpis-vintage-plava-iphone-12-12-pro\/","og_locale":"hr_HR","og_type":"article","og_title":"Guess za\u0161\u010ditni ovitek Script Vintage Blue, Iphone 12\/12 PRO -","og_description":"Guess za\u0161\u010ditni ovitek je del elegance in prefinjenosti na podro\u010dju za\u0161\u010dite telefona pred mehanskimi po\u0161kodbami. Material je prijeten na dotik in izbolj\u0161uje oprijem telefona, zraven pa je prilo\u017eena \u0161e vrvica, ki omogo\u010da no\u0161enje telefona kot torbico.","og_url":"https:\/\/www.urbanspot.si\/hr\/proizvod-2\/pretpostavljam-zastitni-futrola-natpis-vintage-plava-iphone-12-12-pro\/","article_publisher":"https:\/\/www.facebook.com\/urbanspot.si","article_modified_time":"2026-03-18T13:58:18+00:00","og_image":[{"width":600,"height":600,"url":"https:\/\/www.urbanspot.si\/wp-content\/uploads\/guess-zascitni-ovitek-script-vintage-blue-iphone-12-12-pro.jpg","type":"image\/jpeg"}],"twitter_card":"summary_large_image","schema":{"@context":"https:\/\/schema.org","@graph":[{"@type":"WebPage","@id":"https:\/\/www.urbanspot.si\/produkt\/guess-zascitni-ovitek-script-vintage-blue-iphone-12-12-pro\/","url":"https:\/\/www.urbanspot.si\/produkt\/guess-zascitni-ovitek-script-vintage-blue-iphone-12-12-pro\/","name":"Guess za\u0161titna futrola Script Vintage Blue, iPhone 12\/12 PRO -","isPartOf":{"@id":"https:\/\/www.urbanspot.si\/#website"},"primaryImageOfPage":{"@id":"https:\/\/www.urbanspot.si\/produkt\/guess-zascitni-ovitek-script-vintage-blue-iphone-12-12-pro\/#primaryimage"},"image":{"@id":"https:\/\/www.urbanspot.si\/produkt\/guess-zascitni-ovitek-script-vintage-blue-iphone-12-12-pro\/#primaryimage"},"thumbnailUrl":"https:\/\/www.urbanspot.si\/wp-content\/uploads\/guess-zascitni-ovitek-script-vintage-blue-iphone-12-12-pro.jpg","datePublished":"2024-05-22T13:28:38+00:00","dateModified":"2026-03-18T13:58:18+00:00","breadcrumb":{"@id":"https:\/\/www.urbanspot.si\/produkt\/guess-zascitni-ovitek-script-vintage-blue-iphone-12-12-pro\/#breadcrumb"},"inLanguage":"hr","potentialAction":[{"@type":"ReadAction","target":["https:\/\/www.urbanspot.si\/produkt\/guess-zascitni-ovitek-script-vintage-blue-iphone-12-12-pro\/"]}]},{"@type":"ImageObject","inLanguage":"hr","@id":"https:\/\/www.urbanspot.si\/produkt\/guess-zascitni-ovitek-script-vintage-blue-iphone-12-12-pro\/#primaryimage","url":"https:\/\/www.urbanspot.si\/wp-content\/uploads\/guess-zascitni-ovitek-script-vintage-blue-iphone-12-12-pro.jpg","contentUrl":"https:\/\/www.urbanspot.si\/wp-content\/uploads\/guess-zascitni-ovitek-script-vintage-blue-iphone-12-12-pro.jpg","width":600,"height":600,"caption":"Guess za\u0161\u010ditni ovitek Script Vintage Blue"},{"@type":"BreadcrumbList","@id":"https:\/\/www.urbanspot.si\/produkt\/guess-zascitni-ovitek-script-vintage-blue-iphone-12-12-pro\/#breadcrumb","itemListElement":[{"@type":"ListItem","position":1,"name":"Home","item":"https:\/\/www.urbanspot.si\/"},{"@type":"ListItem","position":2,"name":"Shop","item":"https:\/\/www.urbanspot.si\/shop\/"},{"@type":"ListItem","position":3,"name":"Guess za\u0161\u010ditni ovitek Script Vintage Blue, Iphone 12\/12 PRO"}]},{"@type":"WebSite","@id":"https:\/\/www.urbanspot.si\/#website","url":"https:\/\/www.urbanspot.si\/","name":"UrbanSpot","description":"","publisher":{"@id":"https:\/\/www.urbanspot.si\/#organization"},"potentialAction":[{"@type":"SearchAction","target":{"@type":"EntryPoint","urlTemplate":"https:\/\/www.urbanspot.si\/?s={search_term_string}"},"query-input":{"@type":"PropertyValueSpecification","valueRequired":true,"valueName":"search_term_string"}}],"inLanguage":"hr"},{"@type":"Organization","@id":"https:\/\/www.urbanspot.si\/#organization","name":"UrbanSpot","url":"https:\/\/www.urbanspot.si\/","logo":{"@type":"ImageObject","inLanguage":"hr","@id":"https:\/\/www.urbanspot.si\/#\/schema\/logo\/image\/","url":"https:\/\/www.urbanspot.si\/wp-content\/uploads\/urbanspot-logo.svg","contentUrl":"https:\/\/www.urbanspot.si\/wp-content\/uploads\/urbanspot-logo.svg","width":185,"height":40,"caption":"UrbanSpot"},"image":{"@id":"https:\/\/www.urbanspot.si\/#\/schema\/logo\/image\/"},"sameAs":["https:\/\/www.facebook.com\/urbanspot.si"]}]}},"_links":{"self":[{"href":"https:\/\/www.urbanspot.si\/hr\/wp-json\/wp\/v2\/product\/10183","targetHints":{"allow":["GET"]}}],"collection":[{"href":"https:\/\/www.urbanspot.si\/hr\/wp-json\/wp\/v2\/product"}],"about":[{"href":"https:\/\/www.urbanspot.si\/hr\/wp-json\/wp\/v2\/types\/product"}],"replies":[{"embeddable":true,"href":"https:\/\/www.urbanspot.si\/hr\/wp-json\/wp\/v2\/comments?post=10183"}],"version-history":[{"count":1,"href":"https:\/\/www.urbanspot.si\/hr\/wp-json\/wp\/v2\/product\/10183\/revisions"}],"predecessor-version":[{"id":10184,"href":"https:\/\/www.urbanspot.si\/hr\/wp-json\/wp\/v2\/product\/10183\/revisions\/10184"}],"wp:featuredmedia":[{"embeddable":true,"href":"https:\/\/www.urbanspot.si\/hr\/wp-json\/wp\/v2\/media\/10185"}],"wp:attachment":[{"href":"https:\/\/www.urbanspot.si\/hr\/wp-json\/wp\/v2\/media?parent=10183"}],"wp:term":[{"taxonomy":"product_brand","embeddable":true,"href":"https:\/\/www.urbanspot.si\/hr\/wp-json\/wp\/v2\/product_brand?post=10183"},{"taxonomy":"product_cat","embeddable":true,"href":"https:\/\/www.urbanspot.si\/hr\/wp-json\/wp\/v2\/product_cat?post=10183"},{"taxonomy":"product_tag","embeddable":true,"href":"https:\/\/www.urbanspot.si\/hr\/wp-json\/wp\/v2\/product_tag?post=10183"}],"curies":[{"name":"radni list","href":"https:\/\/api.w.org\/{rel}","templated":true}]}}