{"id":10195,"date":"2024-05-22T14:28:38","date_gmt":"2024-05-22T13:28:38","guid":{"rendered":"https:\/\/www.urbanspot.si\/product\/spigen-zascitni-ovitek-rugged-armom-black-galaxy-a51\/"},"modified":"2026-03-18T15:58:18","modified_gmt":"2026-03-18T13:58:18","slug":"spigen-zastitna-futrola-rugged-armor-crna-za-galaxy-a51","status":"publish","type":"product","link":"https:\/\/www.urbanspot.si\/hr\/produkt\/spigen-zascitni-ovitek-rugged-armom-black-galaxy-a51\/","title":{"rendered":"Spigen Rugged Armor crna za\u0161titna futrola za Galaxy A51"},"content":{"rendered":"<p>Spigen Liquid Crystal maska izra\u0111ena je od visokokvalitetnih materijala koji \u0161tite va\u0161 telefon od svakodnevne prljav\u0161tine, ogrebotina i udaraca.<\/p>\n<p>\u00a0<\/p>\n<p>Zna\u010dajke:<\/p>\n<ul>\n<li>Potpuno transparentno<\/li>\n<li>Savr\u0161eno pristaje telefonu<\/li>\n<li>Tanka i d\u017eepna torbica<\/li>\n<li>Omogu\u0107uje be\u017ei\u010dno punjenje<\/li>\n<\/ul>","protected":false},"excerpt":{"rendered":"<p>Futrola Spigen Rugged Armor ne odlikuje se samo iznimnom kvalitetom, ve\u0107 i dizajnom. Izra\u0111ena je od izdr\u017eljivog materijala koji \u0161titi telefon od udaraca i ogrebotina te pru\u017ea dobar hvat i ne klizi. Postavljanje futrole ne ugro\u017eava nijednu funkciju telefona, vrlo je tanka kako bi va\u0161em telefonu dala moderan izgled.<\/p>","protected":false},"featured_media":10197,"comment_status":"closed","ping_status":"open","template":"","meta":[],"product_brand":[],"product_cat":[197,560,91,88,190],"product_tag":[],"class_list":{"0":"post-10195","1":"product","2":"type-product","3":"status-publish","4":"has-post-thumbnail","6":"product_cat-galaxy-a51","7":"product_cat-ovitki-za-telefone","8":"product_cat-razprodaja","9":"product_cat-samsung","10":"product_cat-samsung-a-serija","11":"pa_primerno-za-model-samsung-galaxy-a51","12":"pa_primerno-za-proizvajalca-samsung","14":"first","15":"outofstock","16":"sale","17":"taxable","18":"shipping-taxable","19":"purchasable","20":"product-type-simple"},"yoast_head":"<!-- This site is optimized with the Yoast SEO plugin v27.2 - https:\/\/yoast.com\/product\/yoast-seo-wordpress\/ -->\n<title>Spigen za\u0161\u010ditni ovitek Rugged Armom Black, Galaxy A51 -<\/title>\n<meta name=\"robots\" content=\"index, follow, max-snippet:-1, max-image-preview:large, max-video-preview:-1\" \/>\n<link rel=\"canonical\" href=\"https:\/\/www.urbanspot.si\/hr\/proizvod-2\/spigen-zastitna-futrola-rugged-armor-crna-za-galaxy-a51\/\" \/>\n<meta property=\"og:locale\" content=\"hr_HR\" \/>\n<meta property=\"og:type\" content=\"article\" \/>\n<meta property=\"og:title\" content=\"Spigen za\u0161\u010ditni ovitek Rugged Armom Black, Galaxy A51 -\" \/>\n<meta property=\"og:description\" content=\"Ovitka Spigen Rugged Armor ne odlikuje le izjemna kakovost, temve\u010d tudi dizajn.\u00a0Narejen je iz trpe\u017enega materiala, ki \u0161\u010diti telefon pred udarci in praskami ter omogo\u010da dober oprijem in ne drsi. Z namestitvijo ovitka niso okrnjene nobene funkcije telefona, je zelo tanek z namenom, da daje va\u0161emu telefonu eleganten izgled.\" \/>\n<meta property=\"og:url\" content=\"https:\/\/www.urbanspot.si\/hr\/proizvod-2\/spigen-zastitna-futrola-rugged-armor-crna-za-galaxy-a51\/\" \/>\n<meta property=\"article:publisher\" content=\"https:\/\/www.facebook.com\/urbanspot.si\" \/>\n<meta property=\"article:modified_time\" content=\"2026-03-18T13:58:18+00:00\" \/>\n<meta property=\"og:image\" content=\"https:\/\/www.urbanspot.si\/wp-content\/uploads\/spigen-zascitni-ovitek-rugged-armom-black-galaxy-a51.jpg\" \/>\n\t<meta property=\"og:image:width\" content=\"1000\" \/>\n\t<meta property=\"og:image:height\" content=\"1000\" \/>\n\t<meta property=\"og:image:type\" content=\"image\/jpeg\" \/>\n<meta name=\"twitter:card\" content=\"summary_large_image\" \/>\n<script type=\"application\/ld+json\" class=\"yoast-schema-graph\">{\"@context\":\"https:\/\/schema.org\",\"@graph\":[{\"@type\":\"WebPage\",\"@id\":\"https:\/\/www.urbanspot.si\/produkt\/spigen-zascitni-ovitek-rugged-armom-black-galaxy-a51\/\",\"url\":\"https:\/\/www.urbanspot.si\/produkt\/spigen-zascitni-ovitek-rugged-armom-black-galaxy-a51\/\",\"name\":\"Spigen za\u0161\u010ditni ovitek Rugged Armom Black, Galaxy A51 -\",\"isPartOf\":{\"@id\":\"https:\/\/www.urbanspot.si\/#website\"},\"primaryImageOfPage\":{\"@id\":\"https:\/\/www.urbanspot.si\/produkt\/spigen-zascitni-ovitek-rugged-armom-black-galaxy-a51\/#primaryimage\"},\"image\":{\"@id\":\"https:\/\/www.urbanspot.si\/produkt\/spigen-zascitni-ovitek-rugged-armom-black-galaxy-a51\/#primaryimage\"},\"thumbnailUrl\":\"https:\/\/www.urbanspot.si\/wp-content\/uploads\/spigen-zascitni-ovitek-rugged-armom-black-galaxy-a51.jpg\",\"datePublished\":\"2024-05-22T13:28:38+00:00\",\"dateModified\":\"2026-03-18T13:58:18+00:00\",\"breadcrumb\":{\"@id\":\"https:\/\/www.urbanspot.si\/produkt\/spigen-zascitni-ovitek-rugged-armom-black-galaxy-a51\/#breadcrumb\"},\"inLanguage\":\"hr\",\"potentialAction\":[{\"@type\":\"ReadAction\",\"target\":[\"https:\/\/www.urbanspot.si\/produkt\/spigen-zascitni-ovitek-rugged-armom-black-galaxy-a51\/\"]}]},{\"@type\":\"ImageObject\",\"inLanguage\":\"hr\",\"@id\":\"https:\/\/www.urbanspot.si\/produkt\/spigen-zascitni-ovitek-rugged-armom-black-galaxy-a51\/#primaryimage\",\"url\":\"https:\/\/www.urbanspot.si\/wp-content\/uploads\/spigen-zascitni-ovitek-rugged-armom-black-galaxy-a51.jpg\",\"contentUrl\":\"https:\/\/www.urbanspot.si\/wp-content\/uploads\/spigen-zascitni-ovitek-rugged-armom-black-galaxy-a51.jpg\",\"width\":1000,\"height\":1000,\"caption\":\"Spigen za\u0161\u010ditni ovitek Rugged Armom Black\"},{\"@type\":\"BreadcrumbList\",\"@id\":\"https:\/\/www.urbanspot.si\/produkt\/spigen-zascitni-ovitek-rugged-armom-black-galaxy-a51\/#breadcrumb\",\"itemListElement\":[{\"@type\":\"ListItem\",\"position\":1,\"name\":\"Home\",\"item\":\"https:\/\/www.urbanspot.si\/\"},{\"@type\":\"ListItem\",\"position\":2,\"name\":\"Shop\",\"item\":\"https:\/\/www.urbanspot.si\/shop\/\"},{\"@type\":\"ListItem\",\"position\":3,\"name\":\"Spigen za\u0161\u010ditni ovitek Rugged Armom Black, Galaxy A51\"}]},{\"@type\":\"WebSite\",\"@id\":\"https:\/\/www.urbanspot.si\/#website\",\"url\":\"https:\/\/www.urbanspot.si\/\",\"name\":\"UrbanSpot\",\"description\":\"\",\"publisher\":{\"@id\":\"https:\/\/www.urbanspot.si\/#organization\"},\"potentialAction\":[{\"@type\":\"SearchAction\",\"target\":{\"@type\":\"EntryPoint\",\"urlTemplate\":\"https:\/\/www.urbanspot.si\/?s={search_term_string}\"},\"query-input\":{\"@type\":\"PropertyValueSpecification\",\"valueRequired\":true,\"valueName\":\"search_term_string\"}}],\"inLanguage\":\"hr\"},{\"@type\":\"Organization\",\"@id\":\"https:\/\/www.urbanspot.si\/#organization\",\"name\":\"UrbanSpot\",\"url\":\"https:\/\/www.urbanspot.si\/\",\"logo\":{\"@type\":\"ImageObject\",\"inLanguage\":\"hr\",\"@id\":\"https:\/\/www.urbanspot.si\/#\/schema\/logo\/image\/\",\"url\":\"https:\/\/www.urbanspot.si\/wp-content\/uploads\/urbanspot-logo.svg\",\"contentUrl\":\"https:\/\/www.urbanspot.si\/wp-content\/uploads\/urbanspot-logo.svg\",\"width\":185,\"height\":40,\"caption\":\"UrbanSpot\"},\"image\":{\"@id\":\"https:\/\/www.urbanspot.si\/#\/schema\/logo\/image\/\"},\"sameAs\":[\"https:\/\/www.facebook.com\/urbanspot.si\"]}]}<\/script>\n<!-- \/ Yoast SEO plugin. -->","yoast_head_json":{"title":"Spigen Rugged Armom crni za\u0161titni futrol, Galaxy A51 -","robots":{"index":"index","follow":"follow","max-snippet":"max-snippet:-1","max-image-preview":"max-image-preview:large","max-video-preview":"max-video-preview:-1"},"canonical":"https:\/\/www.urbanspot.si\/hr\/proizvod-2\/spigen-zastitna-futrola-rugged-armor-crna-za-galaxy-a51\/","og_locale":"hr_HR","og_type":"article","og_title":"Spigen za\u0161\u010ditni ovitek Rugged Armom Black, Galaxy A51 -","og_description":"Ovitka Spigen Rugged Armor ne odlikuje le izjemna kakovost, temve\u010d tudi dizajn.\u00a0Narejen je iz trpe\u017enega materiala, ki \u0161\u010diti telefon pred udarci in praskami ter omogo\u010da dober oprijem in ne drsi. Z namestitvijo ovitka niso okrnjene nobene funkcije telefona, je zelo tanek z namenom, da daje va\u0161emu telefonu eleganten izgled.","og_url":"https:\/\/www.urbanspot.si\/hr\/proizvod-2\/spigen-zastitna-futrola-rugged-armor-crna-za-galaxy-a51\/","article_publisher":"https:\/\/www.facebook.com\/urbanspot.si","article_modified_time":"2026-03-18T13:58:18+00:00","og_image":[{"width":1000,"height":1000,"url":"https:\/\/www.urbanspot.si\/wp-content\/uploads\/spigen-zascitni-ovitek-rugged-armom-black-galaxy-a51.jpg","type":"image\/jpeg"}],"twitter_card":"summary_large_image","schema":{"@context":"https:\/\/schema.org","@graph":[{"@type":"WebPage","@id":"https:\/\/www.urbanspot.si\/produkt\/spigen-zascitni-ovitek-rugged-armom-black-galaxy-a51\/","url":"https:\/\/www.urbanspot.si\/produkt\/spigen-zascitni-ovitek-rugged-armom-black-galaxy-a51\/","name":"Spigen Rugged Armom crni za\u0161titni futrol, Galaxy A51 -","isPartOf":{"@id":"https:\/\/www.urbanspot.si\/#website"},"primaryImageOfPage":{"@id":"https:\/\/www.urbanspot.si\/produkt\/spigen-zascitni-ovitek-rugged-armom-black-galaxy-a51\/#primaryimage"},"image":{"@id":"https:\/\/www.urbanspot.si\/produkt\/spigen-zascitni-ovitek-rugged-armom-black-galaxy-a51\/#primaryimage"},"thumbnailUrl":"https:\/\/www.urbanspot.si\/wp-content\/uploads\/spigen-zascitni-ovitek-rugged-armom-black-galaxy-a51.jpg","datePublished":"2024-05-22T13:28:38+00:00","dateModified":"2026-03-18T13:58:18+00:00","breadcrumb":{"@id":"https:\/\/www.urbanspot.si\/produkt\/spigen-zascitni-ovitek-rugged-armom-black-galaxy-a51\/#breadcrumb"},"inLanguage":"hr","potentialAction":[{"@type":"ReadAction","target":["https:\/\/www.urbanspot.si\/produkt\/spigen-zascitni-ovitek-rugged-armom-black-galaxy-a51\/"]}]},{"@type":"ImageObject","inLanguage":"hr","@id":"https:\/\/www.urbanspot.si\/produkt\/spigen-zascitni-ovitek-rugged-armom-black-galaxy-a51\/#primaryimage","url":"https:\/\/www.urbanspot.si\/wp-content\/uploads\/spigen-zascitni-ovitek-rugged-armom-black-galaxy-a51.jpg","contentUrl":"https:\/\/www.urbanspot.si\/wp-content\/uploads\/spigen-zascitni-ovitek-rugged-armom-black-galaxy-a51.jpg","width":1000,"height":1000,"caption":"Spigen za\u0161\u010ditni ovitek Rugged Armom Black"},{"@type":"BreadcrumbList","@id":"https:\/\/www.urbanspot.si\/produkt\/spigen-zascitni-ovitek-rugged-armom-black-galaxy-a51\/#breadcrumb","itemListElement":[{"@type":"ListItem","position":1,"name":"Home","item":"https:\/\/www.urbanspot.si\/"},{"@type":"ListItem","position":2,"name":"Shop","item":"https:\/\/www.urbanspot.si\/shop\/"},{"@type":"ListItem","position":3,"name":"Spigen za\u0161\u010ditni ovitek Rugged Armom Black, Galaxy A51"}]},{"@type":"WebSite","@id":"https:\/\/www.urbanspot.si\/#website","url":"https:\/\/www.urbanspot.si\/","name":"UrbanSpot","description":"","publisher":{"@id":"https:\/\/www.urbanspot.si\/#organization"},"potentialAction":[{"@type":"SearchAction","target":{"@type":"EntryPoint","urlTemplate":"https:\/\/www.urbanspot.si\/?s={search_term_string}"},"query-input":{"@type":"PropertyValueSpecification","valueRequired":true,"valueName":"search_term_string"}}],"inLanguage":"hr"},{"@type":"Organization","@id":"https:\/\/www.urbanspot.si\/#organization","name":"UrbanSpot","url":"https:\/\/www.urbanspot.si\/","logo":{"@type":"ImageObject","inLanguage":"hr","@id":"https:\/\/www.urbanspot.si\/#\/schema\/logo\/image\/","url":"https:\/\/www.urbanspot.si\/wp-content\/uploads\/urbanspot-logo.svg","contentUrl":"https:\/\/www.urbanspot.si\/wp-content\/uploads\/urbanspot-logo.svg","width":185,"height":40,"caption":"UrbanSpot"},"image":{"@id":"https:\/\/www.urbanspot.si\/#\/schema\/logo\/image\/"},"sameAs":["https:\/\/www.facebook.com\/urbanspot.si"]}]}},"_links":{"self":[{"href":"https:\/\/www.urbanspot.si\/hr\/wp-json\/wp\/v2\/product\/10195","targetHints":{"allow":["GET"]}}],"collection":[{"href":"https:\/\/www.urbanspot.si\/hr\/wp-json\/wp\/v2\/product"}],"about":[{"href":"https:\/\/www.urbanspot.si\/hr\/wp-json\/wp\/v2\/types\/product"}],"replies":[{"embeddable":true,"href":"https:\/\/www.urbanspot.si\/hr\/wp-json\/wp\/v2\/comments?post=10195"}],"version-history":[{"count":1,"href":"https:\/\/www.urbanspot.si\/hr\/wp-json\/wp\/v2\/product\/10195\/revisions"}],"predecessor-version":[{"id":10196,"href":"https:\/\/www.urbanspot.si\/hr\/wp-json\/wp\/v2\/product\/10195\/revisions\/10196"}],"wp:featuredmedia":[{"embeddable":true,"href":"https:\/\/www.urbanspot.si\/hr\/wp-json\/wp\/v2\/media\/10197"}],"wp:attachment":[{"href":"https:\/\/www.urbanspot.si\/hr\/wp-json\/wp\/v2\/media?parent=10195"}],"wp:term":[{"taxonomy":"product_brand","embeddable":true,"href":"https:\/\/www.urbanspot.si\/hr\/wp-json\/wp\/v2\/product_brand?post=10195"},{"taxonomy":"product_cat","embeddable":true,"href":"https:\/\/www.urbanspot.si\/hr\/wp-json\/wp\/v2\/product_cat?post=10195"},{"taxonomy":"product_tag","embeddable":true,"href":"https:\/\/www.urbanspot.si\/hr\/wp-json\/wp\/v2\/product_tag?post=10195"}],"curies":[{"name":"radni list","href":"https:\/\/api.w.org\/{rel}","templated":true}]}}