{"id":10260,"date":"2024-05-22T14:28:50","date_gmt":"2024-05-22T13:28:50","guid":{"rendered":"https:\/\/www.urbanspot.si\/product\/vigo-zascitno-steklo-samsung-galax-a51\/"},"modified":"2026-03-18T15:58:13","modified_gmt":"2026-03-18T13:58:13","slug":"vigo-zastitno-staklo-za-samsung-galaxy-a51","status":"publish","type":"product","link":"https:\/\/www.urbanspot.si\/hr\/produkt\/vigo-zascitno-steklo-samsung-galax-a51\/","title":{"rendered":"Vigo za\u0161titno staklo, Samsung Galax A51"},"content":{"rendered":"<p>Svojstva stakla:<\/p>\n<ul>\n<li>Visokokvalitetno kaljeno staklo<\/li>\n<li>Tvrdo\u0107a stakla: 9H Debljina stakla: 0,3 mm<\/li>\n<li>2.5D obrada rubova nanostrukturiranog stakla<\/li>\n<li>Jednostavna instalacija.<\/li>\n<li>Tijekom ugradnje ne stvaraju se mjehuri\u0107i ispod stakla.<\/li>\n<li>Paket uklju\u010duje: 1x za\u0161titno staklo 1x krpa za \u010di\u0161\u0107enje od mikrovlakana 1x alkoholna maramica za prethodno \u010di\u0161\u0107enje<\/li>\n<\/ul>","protected":false},"excerpt":{"rendered":"<p>Vigo za\u0161titno staklo za Samsung Galaxy A51 pru\u017eit \u0107e va\u0161em telefonu izvrsnu za\u0161titu od prljav\u0161tine, ogrebotina i udaraca.<\/p>","protected":false},"featured_media":10262,"comment_status":"closed","ping_status":"open","template":"","meta":[],"product_brand":[],"product_cat":[197,91,88,190],"product_tag":[],"class_list":{"0":"post-10260","1":"product","2":"type-product","3":"status-publish","4":"has-post-thumbnail","6":"product_cat-galaxy-a51","7":"product_cat-razprodaja","8":"product_cat-samsung","9":"product_cat-samsung-a-serija","10":"pa_primerno-za-model-samsung-galaxy-a51","11":"pa_primerno-za-proizvajalca-samsung","13":"first","14":"outofstock","15":"sale","16":"taxable","17":"shipping-taxable","18":"purchasable","19":"product-type-simple"},"yoast_head":"<!-- This site is optimized with the Yoast SEO plugin v27.2 - https:\/\/yoast.com\/product\/yoast-seo-wordpress\/ -->\n<title>Vigo za\u0161\u010ditno steklo, Samsung Galax A51 -<\/title>\n<meta name=\"robots\" content=\"index, follow, max-snippet:-1, max-image-preview:large, max-video-preview:-1\" \/>\n<link rel=\"canonical\" href=\"https:\/\/www.urbanspot.si\/hr\/proizvod-2\/vigo-zastitno-staklo-za-samsung-galaxy-a51\/\" \/>\n<meta property=\"og:locale\" content=\"hr_HR\" \/>\n<meta property=\"og:type\" content=\"article\" \/>\n<meta property=\"og:title\" content=\"Vigo za\u0161\u010ditno steklo, Samsung Galax A51 -\" \/>\n<meta property=\"og:description\" content=\"Vigo za\u0161\u010ditno steklo za Samsung Galaxy A51 bo va\u0161emu telefonu nudil odli\u010dno za\u0161\u010dito pred umazanijo, praskami in udarci.\" \/>\n<meta property=\"og:url\" content=\"https:\/\/www.urbanspot.si\/hr\/proizvod-2\/vigo-zastitno-staklo-za-samsung-galaxy-a51\/\" \/>\n<meta property=\"article:publisher\" content=\"https:\/\/www.facebook.com\/urbanspot.si\" \/>\n<meta property=\"article:modified_time\" content=\"2026-03-18T13:58:13+00:00\" \/>\n<meta property=\"og:image\" content=\"https:\/\/www.urbanspot.si\/wp-content\/uploads\/vigo-zascitno-steklo-samsung-galax-a51.jpg\" \/>\n\t<meta property=\"og:image:width\" content=\"450\" \/>\n\t<meta property=\"og:image:height\" content=\"450\" \/>\n\t<meta property=\"og:image:type\" content=\"image\/jpeg\" \/>\n<meta name=\"twitter:card\" content=\"summary_large_image\" \/>\n<script type=\"application\/ld+json\" class=\"yoast-schema-graph\">{\"@context\":\"https:\/\/schema.org\",\"@graph\":[{\"@type\":\"WebPage\",\"@id\":\"https:\/\/www.urbanspot.si\/produkt\/vigo-zascitno-steklo-samsung-galax-a51\/\",\"url\":\"https:\/\/www.urbanspot.si\/produkt\/vigo-zascitno-steklo-samsung-galax-a51\/\",\"name\":\"Vigo za\u0161\u010ditno steklo, Samsung Galax A51 -\",\"isPartOf\":{\"@id\":\"https:\/\/www.urbanspot.si\/#website\"},\"primaryImageOfPage\":{\"@id\":\"https:\/\/www.urbanspot.si\/produkt\/vigo-zascitno-steklo-samsung-galax-a51\/#primaryimage\"},\"image\":{\"@id\":\"https:\/\/www.urbanspot.si\/produkt\/vigo-zascitno-steklo-samsung-galax-a51\/#primaryimage\"},\"thumbnailUrl\":\"https:\/\/www.urbanspot.si\/wp-content\/uploads\/vigo-zascitno-steklo-samsung-galax-a51.jpg\",\"datePublished\":\"2024-05-22T13:28:50+00:00\",\"dateModified\":\"2026-03-18T13:58:13+00:00\",\"breadcrumb\":{\"@id\":\"https:\/\/www.urbanspot.si\/produkt\/vigo-zascitno-steklo-samsung-galax-a51\/#breadcrumb\"},\"inLanguage\":\"hr\",\"potentialAction\":[{\"@type\":\"ReadAction\",\"target\":[\"https:\/\/www.urbanspot.si\/produkt\/vigo-zascitno-steklo-samsung-galax-a51\/\"]}]},{\"@type\":\"ImageObject\",\"inLanguage\":\"hr\",\"@id\":\"https:\/\/www.urbanspot.si\/produkt\/vigo-zascitno-steklo-samsung-galax-a51\/#primaryimage\",\"url\":\"https:\/\/www.urbanspot.si\/wp-content\/uploads\/vigo-zascitno-steklo-samsung-galax-a51.jpg\",\"contentUrl\":\"https:\/\/www.urbanspot.si\/wp-content\/uploads\/vigo-zascitno-steklo-samsung-galax-a51.jpg\",\"width\":450,\"height\":450,\"caption\":\"Vigo za\u0161\u010ditno steklo\"},{\"@type\":\"BreadcrumbList\",\"@id\":\"https:\/\/www.urbanspot.si\/produkt\/vigo-zascitno-steklo-samsung-galax-a51\/#breadcrumb\",\"itemListElement\":[{\"@type\":\"ListItem\",\"position\":1,\"name\":\"Home\",\"item\":\"https:\/\/www.urbanspot.si\/\"},{\"@type\":\"ListItem\",\"position\":2,\"name\":\"Shop\",\"item\":\"https:\/\/www.urbanspot.si\/shop\/\"},{\"@type\":\"ListItem\",\"position\":3,\"name\":\"Vigo za\u0161\u010ditno steklo, Samsung Galax A51\"}]},{\"@type\":\"WebSite\",\"@id\":\"https:\/\/www.urbanspot.si\/#website\",\"url\":\"https:\/\/www.urbanspot.si\/\",\"name\":\"UrbanSpot\",\"description\":\"\",\"publisher\":{\"@id\":\"https:\/\/www.urbanspot.si\/#organization\"},\"potentialAction\":[{\"@type\":\"SearchAction\",\"target\":{\"@type\":\"EntryPoint\",\"urlTemplate\":\"https:\/\/www.urbanspot.si\/?s={search_term_string}\"},\"query-input\":{\"@type\":\"PropertyValueSpecification\",\"valueRequired\":true,\"valueName\":\"search_term_string\"}}],\"inLanguage\":\"hr\"},{\"@type\":\"Organization\",\"@id\":\"https:\/\/www.urbanspot.si\/#organization\",\"name\":\"UrbanSpot\",\"url\":\"https:\/\/www.urbanspot.si\/\",\"logo\":{\"@type\":\"ImageObject\",\"inLanguage\":\"hr\",\"@id\":\"https:\/\/www.urbanspot.si\/#\/schema\/logo\/image\/\",\"url\":\"https:\/\/www.urbanspot.si\/wp-content\/uploads\/urbanspot-logo.svg\",\"contentUrl\":\"https:\/\/www.urbanspot.si\/wp-content\/uploads\/urbanspot-logo.svg\",\"width\":185,\"height\":40,\"caption\":\"UrbanSpot\"},\"image\":{\"@id\":\"https:\/\/www.urbanspot.si\/#\/schema\/logo\/image\/\"},\"sameAs\":[\"https:\/\/www.facebook.com\/urbanspot.si\"]}]}<\/script>\n<!-- \/ Yoast SEO plugin. -->","yoast_head_json":{"title":"Vigo za\u0161\u010ditno steklo, Samsung Galax A51 -","robots":{"index":"index","follow":"follow","max-snippet":"max-snippet:-1","max-image-preview":"max-image-preview:large","max-video-preview":"max-video-preview:-1"},"canonical":"https:\/\/www.urbanspot.si\/hr\/proizvod-2\/vigo-zastitno-staklo-za-samsung-galaxy-a51\/","og_locale":"hr_HR","og_type":"article","og_title":"Vigo za\u0161\u010ditno steklo, Samsung Galax A51 -","og_description":"Vigo za\u0161\u010ditno steklo za Samsung Galaxy A51 bo va\u0161emu telefonu nudil odli\u010dno za\u0161\u010dito pred umazanijo, praskami in udarci.","og_url":"https:\/\/www.urbanspot.si\/hr\/proizvod-2\/vigo-zastitno-staklo-za-samsung-galaxy-a51\/","article_publisher":"https:\/\/www.facebook.com\/urbanspot.si","article_modified_time":"2026-03-18T13:58:13+00:00","og_image":[{"width":450,"height":450,"url":"https:\/\/www.urbanspot.si\/wp-content\/uploads\/vigo-zascitno-steklo-samsung-galax-a51.jpg","type":"image\/jpeg"}],"twitter_card":"summary_large_image","schema":{"@context":"https:\/\/schema.org","@graph":[{"@type":"WebPage","@id":"https:\/\/www.urbanspot.si\/produkt\/vigo-zascitno-steklo-samsung-galax-a51\/","url":"https:\/\/www.urbanspot.si\/produkt\/vigo-zascitno-steklo-samsung-galax-a51\/","name":"Vigo za\u0161\u010ditno steklo, Samsung Galax A51 -","isPartOf":{"@id":"https:\/\/www.urbanspot.si\/#website"},"primaryImageOfPage":{"@id":"https:\/\/www.urbanspot.si\/produkt\/vigo-zascitno-steklo-samsung-galax-a51\/#primaryimage"},"image":{"@id":"https:\/\/www.urbanspot.si\/produkt\/vigo-zascitno-steklo-samsung-galax-a51\/#primaryimage"},"thumbnailUrl":"https:\/\/www.urbanspot.si\/wp-content\/uploads\/vigo-zascitno-steklo-samsung-galax-a51.jpg","datePublished":"2024-05-22T13:28:50+00:00","dateModified":"2026-03-18T13:58:13+00:00","breadcrumb":{"@id":"https:\/\/www.urbanspot.si\/produkt\/vigo-zascitno-steklo-samsung-galax-a51\/#breadcrumb"},"inLanguage":"hr","potentialAction":[{"@type":"ReadAction","target":["https:\/\/www.urbanspot.si\/produkt\/vigo-zascitno-steklo-samsung-galax-a51\/"]}]},{"@type":"ImageObject","inLanguage":"hr","@id":"https:\/\/www.urbanspot.si\/produkt\/vigo-zascitno-steklo-samsung-galax-a51\/#primaryimage","url":"https:\/\/www.urbanspot.si\/wp-content\/uploads\/vigo-zascitno-steklo-samsung-galax-a51.jpg","contentUrl":"https:\/\/www.urbanspot.si\/wp-content\/uploads\/vigo-zascitno-steklo-samsung-galax-a51.jpg","width":450,"height":450,"caption":"Vigo za\u0161\u010ditno steklo"},{"@type":"BreadcrumbList","@id":"https:\/\/www.urbanspot.si\/produkt\/vigo-zascitno-steklo-samsung-galax-a51\/#breadcrumb","itemListElement":[{"@type":"ListItem","position":1,"name":"Home","item":"https:\/\/www.urbanspot.si\/"},{"@type":"ListItem","position":2,"name":"Shop","item":"https:\/\/www.urbanspot.si\/shop\/"},{"@type":"ListItem","position":3,"name":"Vigo za\u0161\u010ditno steklo, Samsung Galax A51"}]},{"@type":"WebSite","@id":"https:\/\/www.urbanspot.si\/#website","url":"https:\/\/www.urbanspot.si\/","name":"UrbanSpot","description":"","publisher":{"@id":"https:\/\/www.urbanspot.si\/#organization"},"potentialAction":[{"@type":"SearchAction","target":{"@type":"EntryPoint","urlTemplate":"https:\/\/www.urbanspot.si\/?s={search_term_string}"},"query-input":{"@type":"PropertyValueSpecification","valueRequired":true,"valueName":"search_term_string"}}],"inLanguage":"hr"},{"@type":"Organization","@id":"https:\/\/www.urbanspot.si\/#organization","name":"UrbanSpot","url":"https:\/\/www.urbanspot.si\/","logo":{"@type":"ImageObject","inLanguage":"hr","@id":"https:\/\/www.urbanspot.si\/#\/schema\/logo\/image\/","url":"https:\/\/www.urbanspot.si\/wp-content\/uploads\/urbanspot-logo.svg","contentUrl":"https:\/\/www.urbanspot.si\/wp-content\/uploads\/urbanspot-logo.svg","width":185,"height":40,"caption":"UrbanSpot"},"image":{"@id":"https:\/\/www.urbanspot.si\/#\/schema\/logo\/image\/"},"sameAs":["https:\/\/www.facebook.com\/urbanspot.si"]}]}},"_links":{"self":[{"href":"https:\/\/www.urbanspot.si\/hr\/wp-json\/wp\/v2\/product\/10260","targetHints":{"allow":["GET"]}}],"collection":[{"href":"https:\/\/www.urbanspot.si\/hr\/wp-json\/wp\/v2\/product"}],"about":[{"href":"https:\/\/www.urbanspot.si\/hr\/wp-json\/wp\/v2\/types\/product"}],"replies":[{"embeddable":true,"href":"https:\/\/www.urbanspot.si\/hr\/wp-json\/wp\/v2\/comments?post=10260"}],"version-history":[{"count":1,"href":"https:\/\/www.urbanspot.si\/hr\/wp-json\/wp\/v2\/product\/10260\/revisions"}],"predecessor-version":[{"id":10261,"href":"https:\/\/www.urbanspot.si\/hr\/wp-json\/wp\/v2\/product\/10260\/revisions\/10261"}],"wp:featuredmedia":[{"embeddable":true,"href":"https:\/\/www.urbanspot.si\/hr\/wp-json\/wp\/v2\/media\/10262"}],"wp:attachment":[{"href":"https:\/\/www.urbanspot.si\/hr\/wp-json\/wp\/v2\/media?parent=10260"}],"wp:term":[{"taxonomy":"product_brand","embeddable":true,"href":"https:\/\/www.urbanspot.si\/hr\/wp-json\/wp\/v2\/product_brand?post=10260"},{"taxonomy":"product_cat","embeddable":true,"href":"https:\/\/www.urbanspot.si\/hr\/wp-json\/wp\/v2\/product_cat?post=10260"},{"taxonomy":"product_tag","embeddable":true,"href":"https:\/\/www.urbanspot.si\/hr\/wp-json\/wp\/v2\/product_tag?post=10260"}],"curies":[{"name":"radni list","href":"https:\/\/api.w.org\/{rel}","templated":true}]}}