{"id":10357,"date":"2024-05-22T14:29:08","date_gmt":"2024-05-22T13:29:08","guid":{"rendered":"https:\/\/www.urbanspot.si\/product\/adidas-prozoren-zascitni-ovitek-samsung-galaxy-s9-plus\/"},"modified":"2026-03-19T16:05:49","modified_gmt":"2026-03-19T14:05:49","slug":"adidas-prozirna-zastitna-futrola-za-samsung-galaxy-s9-plus","status":"publish","type":"product","link":"https:\/\/www.urbanspot.si\/hr\/produkt\/adidas-prozoren-zascitni-ovitek-samsung-galaxy-s9-plus\/","title":{"rendered":"Adidas prozirna za\u0161titna futrola za Samsung Galaxy S9+"},"content":{"rendered":"<p>Prozirna adidas Originals maskica poma\u017ee u za\u0161titi va\u0161eg telefona od udaraca i habanja. Izra\u0111ena je od izuzetno laganog TPU materijala koji je otporan na udarce za optimalnu za\u0161titu va\u0161eg ure\u0111aja. Stra\u017enja strana ima Adidas logotip.<\/p>\n<p>Zna\u010dajke:<\/p>\n<ul>\n<li>Fleksibilan, TPU materijal otporan na udarce<\/li>\n<li>Poma\u017ee u za\u0161titi od padova<\/li>\n<li>Fleksibilni poklopac za jednostavno uklanjanje ure\u0111aja<\/li>\n<li>Podignuta ivica poma\u017ee u za\u0161titi ekrana od ogrebotina<\/li>\n<li>Jednostavan pristup svim funkcijama telefona<\/li>\n<\/ul>","protected":false},"excerpt":{"rendered":"<p>Futrola je prozirna i na stra\u017enjoj strani ima nekoliko Adidas logotipa u prelijevaju\u0107im bojama. Futrola je tako\u0111er prikladna za be\u017ei\u010dno punjenje. Rubovi futrole su mekani i potpuno prianjaju uz va\u0161 pametni telefon, \u0161to je va\u017eno za za\u0161titu. Ova futrola \u0161titi va\u0161 telefon i istovremeno mu daje eleganciju. Na taj na\u010din u\u010dinite svoj telefon jedinstvenim i osobnim.<\/p>","protected":false},"featured_media":10359,"comment_status":"closed","ping_status":"closed","template":"","meta":[],"product_brand":[],"product_cat":[116,91,88,89],"product_tag":[],"class_list":{"0":"post-10357","1":"product","2":"type-product","3":"status-publish","4":"has-post-thumbnail","6":"product_cat-galaxy-s9","7":"product_cat-razprodaja","8":"product_cat-samsung","9":"product_cat-samsung-s-serija","10":"pa_primerno-za-model-samsung-galaxy-s9-2","11":"pa_primerno-za-proizvajalca-samsung","13":"first","14":"instock","15":"sale","16":"taxable","17":"shipping-taxable","18":"purchasable","19":"product-type-simple"},"yoast_head":"<!-- This site is optimized with the Yoast SEO plugin v27.2 - https:\/\/yoast.com\/product\/yoast-seo-wordpress\/ -->\n<title>Adidas prozoren za\u0161\u010ditni ovitek Samsung Galaxy S9+ -<\/title>\n<meta name=\"robots\" content=\"index, follow, max-snippet:-1, max-image-preview:large, max-video-preview:-1\" \/>\n<link rel=\"canonical\" href=\"https:\/\/www.urbanspot.si\/hr\/proizvod-2\/adidas-prozirna-zastitna-futrola-za-samsung-galaxy-s9-plus\/\" \/>\n<meta property=\"og:locale\" content=\"hr_HR\" \/>\n<meta property=\"og:type\" content=\"article\" \/>\n<meta property=\"og:title\" content=\"Adidas prozoren za\u0161\u010ditni ovitek Samsung Galaxy S9+ -\" \/>\n<meta property=\"og:description\" content=\"Etui je prozoren in ima na zadnji strani ve\u010d Adidas logotipom s prelivajo\u010dimi barvami. Ovitek je primeren tudi za uporabo brez\u017ei\u010dnega polnjenja. Robovi ohi\u0161ja so mehki in popolnoma objamejo va\u0161 pametni telefon, kar je pri za\u0161\u010diti pomembno. Ta etui \u0161\u010diti va\u0161 telefon in mu hkrati daje eleganco. Na ta na\u010din naredite svoj telefon edinstven in oseben.\" \/>\n<meta property=\"og:url\" content=\"https:\/\/www.urbanspot.si\/hr\/proizvod-2\/adidas-prozirna-zastitna-futrola-za-samsung-galaxy-s9-plus\/\" \/>\n<meta property=\"article:publisher\" content=\"https:\/\/www.facebook.com\/urbanspot.si\" \/>\n<meta property=\"article:modified_time\" content=\"2026-03-19T14:05:49+00:00\" \/>\n<meta property=\"og:image\" content=\"https:\/\/www.urbanspot.si\/wp-content\/uploads\/adidas-prozoren-zascitni-ovitek-samsung-galaxy-s9-plus.jpg\" \/>\n\t<meta property=\"og:image:width\" content=\"650\" \/>\n\t<meta property=\"og:image:height\" content=\"650\" \/>\n\t<meta property=\"og:image:type\" content=\"image\/jpeg\" \/>\n<meta name=\"twitter:card\" content=\"summary_large_image\" \/>\n<script type=\"application\/ld+json\" class=\"yoast-schema-graph\">{\"@context\":\"https:\/\/schema.org\",\"@graph\":[{\"@type\":\"WebPage\",\"@id\":\"https:\/\/www.urbanspot.si\/produkt\/adidas-prozoren-zascitni-ovitek-samsung-galaxy-s9-plus\/\",\"url\":\"https:\/\/www.urbanspot.si\/produkt\/adidas-prozoren-zascitni-ovitek-samsung-galaxy-s9-plus\/\",\"name\":\"Adidas prozoren za\u0161\u010ditni ovitek Samsung Galaxy S9+ -\",\"isPartOf\":{\"@id\":\"https:\/\/www.urbanspot.si\/#website\"},\"primaryImageOfPage\":{\"@id\":\"https:\/\/www.urbanspot.si\/produkt\/adidas-prozoren-zascitni-ovitek-samsung-galaxy-s9-plus\/#primaryimage\"},\"image\":{\"@id\":\"https:\/\/www.urbanspot.si\/produkt\/adidas-prozoren-zascitni-ovitek-samsung-galaxy-s9-plus\/#primaryimage\"},\"thumbnailUrl\":\"https:\/\/www.urbanspot.si\/wp-content\/uploads\/adidas-prozoren-zascitni-ovitek-samsung-galaxy-s9-plus.jpg\",\"datePublished\":\"2024-05-22T13:29:08+00:00\",\"dateModified\":\"2026-03-19T14:05:49+00:00\",\"breadcrumb\":{\"@id\":\"https:\/\/www.urbanspot.si\/produkt\/adidas-prozoren-zascitni-ovitek-samsung-galaxy-s9-plus\/#breadcrumb\"},\"inLanguage\":\"hr\",\"potentialAction\":[{\"@type\":\"ReadAction\",\"target\":[\"https:\/\/www.urbanspot.si\/produkt\/adidas-prozoren-zascitni-ovitek-samsung-galaxy-s9-plus\/\"]}]},{\"@type\":\"ImageObject\",\"inLanguage\":\"hr\",\"@id\":\"https:\/\/www.urbanspot.si\/produkt\/adidas-prozoren-zascitni-ovitek-samsung-galaxy-s9-plus\/#primaryimage\",\"url\":\"https:\/\/www.urbanspot.si\/wp-content\/uploads\/adidas-prozoren-zascitni-ovitek-samsung-galaxy-s9-plus.jpg\",\"contentUrl\":\"https:\/\/www.urbanspot.si\/wp-content\/uploads\/adidas-prozoren-zascitni-ovitek-samsung-galaxy-s9-plus.jpg\",\"width\":650,\"height\":650,\"caption\":\"Adidas prozoren za\u0161\u010ditni ovitek Samsung Galaxy S9 Plus\"},{\"@type\":\"BreadcrumbList\",\"@id\":\"https:\/\/www.urbanspot.si\/produkt\/adidas-prozoren-zascitni-ovitek-samsung-galaxy-s9-plus\/#breadcrumb\",\"itemListElement\":[{\"@type\":\"ListItem\",\"position\":1,\"name\":\"Home\",\"item\":\"https:\/\/www.urbanspot.si\/\"},{\"@type\":\"ListItem\",\"position\":2,\"name\":\"Shop\",\"item\":\"https:\/\/www.urbanspot.si\/shop\/\"},{\"@type\":\"ListItem\",\"position\":3,\"name\":\"Adidas prozoren za\u0161\u010ditni ovitek Samsung Galaxy S9+\"}]},{\"@type\":\"WebSite\",\"@id\":\"https:\/\/www.urbanspot.si\/#website\",\"url\":\"https:\/\/www.urbanspot.si\/\",\"name\":\"UrbanSpot\",\"description\":\"\",\"publisher\":{\"@id\":\"https:\/\/www.urbanspot.si\/#organization\"},\"potentialAction\":[{\"@type\":\"SearchAction\",\"target\":{\"@type\":\"EntryPoint\",\"urlTemplate\":\"https:\/\/www.urbanspot.si\/?s={search_term_string}\"},\"query-input\":{\"@type\":\"PropertyValueSpecification\",\"valueRequired\":true,\"valueName\":\"search_term_string\"}}],\"inLanguage\":\"hr\"},{\"@type\":\"Organization\",\"@id\":\"https:\/\/www.urbanspot.si\/#organization\",\"name\":\"UrbanSpot\",\"url\":\"https:\/\/www.urbanspot.si\/\",\"logo\":{\"@type\":\"ImageObject\",\"inLanguage\":\"hr\",\"@id\":\"https:\/\/www.urbanspot.si\/#\/schema\/logo\/image\/\",\"url\":\"https:\/\/www.urbanspot.si\/wp-content\/uploads\/urbanspot-logo.svg\",\"contentUrl\":\"https:\/\/www.urbanspot.si\/wp-content\/uploads\/urbanspot-logo.svg\",\"width\":185,\"height\":40,\"caption\":\"UrbanSpot\"},\"image\":{\"@id\":\"https:\/\/www.urbanspot.si\/#\/schema\/logo\/image\/\"},\"sameAs\":[\"https:\/\/www.facebook.com\/urbanspot.si\"]}]}<\/script>\n<!-- \/ Yoast SEO plugin. -->","yoast_head_json":{"title":"Adidas prozirna za\u0161titna maska za Samsung Galaxy S9+ -","robots":{"index":"index","follow":"follow","max-snippet":"max-snippet:-1","max-image-preview":"max-image-preview:large","max-video-preview":"max-video-preview:-1"},"canonical":"https:\/\/www.urbanspot.si\/hr\/proizvod-2\/adidas-prozirna-zastitna-futrola-za-samsung-galaxy-s9-plus\/","og_locale":"hr_HR","og_type":"article","og_title":"Adidas prozoren za\u0161\u010ditni ovitek Samsung Galaxy S9+ -","og_description":"Etui je prozoren in ima na zadnji strani ve\u010d Adidas logotipom s prelivajo\u010dimi barvami. Ovitek je primeren tudi za uporabo brez\u017ei\u010dnega polnjenja. Robovi ohi\u0161ja so mehki in popolnoma objamejo va\u0161 pametni telefon, kar je pri za\u0161\u010diti pomembno. Ta etui \u0161\u010diti va\u0161 telefon in mu hkrati daje eleganco. Na ta na\u010din naredite svoj telefon edinstven in oseben.","og_url":"https:\/\/www.urbanspot.si\/hr\/proizvod-2\/adidas-prozirna-zastitna-futrola-za-samsung-galaxy-s9-plus\/","article_publisher":"https:\/\/www.facebook.com\/urbanspot.si","article_modified_time":"2026-03-19T14:05:49+00:00","og_image":[{"width":650,"height":650,"url":"https:\/\/www.urbanspot.si\/wp-content\/uploads\/adidas-prozoren-zascitni-ovitek-samsung-galaxy-s9-plus.jpg","type":"image\/jpeg"}],"twitter_card":"summary_large_image","schema":{"@context":"https:\/\/schema.org","@graph":[{"@type":"WebPage","@id":"https:\/\/www.urbanspot.si\/produkt\/adidas-prozoren-zascitni-ovitek-samsung-galaxy-s9-plus\/","url":"https:\/\/www.urbanspot.si\/produkt\/adidas-prozoren-zascitni-ovitek-samsung-galaxy-s9-plus\/","name":"Adidas prozirna za\u0161titna maska za Samsung Galaxy S9+ -","isPartOf":{"@id":"https:\/\/www.urbanspot.si\/#website"},"primaryImageOfPage":{"@id":"https:\/\/www.urbanspot.si\/produkt\/adidas-prozoren-zascitni-ovitek-samsung-galaxy-s9-plus\/#primaryimage"},"image":{"@id":"https:\/\/www.urbanspot.si\/produkt\/adidas-prozoren-zascitni-ovitek-samsung-galaxy-s9-plus\/#primaryimage"},"thumbnailUrl":"https:\/\/www.urbanspot.si\/wp-content\/uploads\/adidas-prozoren-zascitni-ovitek-samsung-galaxy-s9-plus.jpg","datePublished":"2024-05-22T13:29:08+00:00","dateModified":"2026-03-19T14:05:49+00:00","breadcrumb":{"@id":"https:\/\/www.urbanspot.si\/produkt\/adidas-prozoren-zascitni-ovitek-samsung-galaxy-s9-plus\/#breadcrumb"},"inLanguage":"hr","potentialAction":[{"@type":"ReadAction","target":["https:\/\/www.urbanspot.si\/produkt\/adidas-prozoren-zascitni-ovitek-samsung-galaxy-s9-plus\/"]}]},{"@type":"ImageObject","inLanguage":"hr","@id":"https:\/\/www.urbanspot.si\/produkt\/adidas-prozoren-zascitni-ovitek-samsung-galaxy-s9-plus\/#primaryimage","url":"https:\/\/www.urbanspot.si\/wp-content\/uploads\/adidas-prozoren-zascitni-ovitek-samsung-galaxy-s9-plus.jpg","contentUrl":"https:\/\/www.urbanspot.si\/wp-content\/uploads\/adidas-prozoren-zascitni-ovitek-samsung-galaxy-s9-plus.jpg","width":650,"height":650,"caption":"Adidas prozoren za\u0161\u010ditni ovitek Samsung Galaxy S9 Plus"},{"@type":"BreadcrumbList","@id":"https:\/\/www.urbanspot.si\/produkt\/adidas-prozoren-zascitni-ovitek-samsung-galaxy-s9-plus\/#breadcrumb","itemListElement":[{"@type":"ListItem","position":1,"name":"Home","item":"https:\/\/www.urbanspot.si\/"},{"@type":"ListItem","position":2,"name":"Shop","item":"https:\/\/www.urbanspot.si\/shop\/"},{"@type":"ListItem","position":3,"name":"Adidas prozoren za\u0161\u010ditni ovitek Samsung Galaxy S9+"}]},{"@type":"WebSite","@id":"https:\/\/www.urbanspot.si\/#website","url":"https:\/\/www.urbanspot.si\/","name":"UrbanSpot","description":"","publisher":{"@id":"https:\/\/www.urbanspot.si\/#organization"},"potentialAction":[{"@type":"SearchAction","target":{"@type":"EntryPoint","urlTemplate":"https:\/\/www.urbanspot.si\/?s={search_term_string}"},"query-input":{"@type":"PropertyValueSpecification","valueRequired":true,"valueName":"search_term_string"}}],"inLanguage":"hr"},{"@type":"Organization","@id":"https:\/\/www.urbanspot.si\/#organization","name":"UrbanSpot","url":"https:\/\/www.urbanspot.si\/","logo":{"@type":"ImageObject","inLanguage":"hr","@id":"https:\/\/www.urbanspot.si\/#\/schema\/logo\/image\/","url":"https:\/\/www.urbanspot.si\/wp-content\/uploads\/urbanspot-logo.svg","contentUrl":"https:\/\/www.urbanspot.si\/wp-content\/uploads\/urbanspot-logo.svg","width":185,"height":40,"caption":"UrbanSpot"},"image":{"@id":"https:\/\/www.urbanspot.si\/#\/schema\/logo\/image\/"},"sameAs":["https:\/\/www.facebook.com\/urbanspot.si"]}]}},"_links":{"self":[{"href":"https:\/\/www.urbanspot.si\/hr\/wp-json\/wp\/v2\/product\/10357","targetHints":{"allow":["GET"]}}],"collection":[{"href":"https:\/\/www.urbanspot.si\/hr\/wp-json\/wp\/v2\/product"}],"about":[{"href":"https:\/\/www.urbanspot.si\/hr\/wp-json\/wp\/v2\/types\/product"}],"replies":[{"embeddable":true,"href":"https:\/\/www.urbanspot.si\/hr\/wp-json\/wp\/v2\/comments?post=10357"}],"version-history":[{"count":4,"href":"https:\/\/www.urbanspot.si\/hr\/wp-json\/wp\/v2\/product\/10357\/revisions"}],"predecessor-version":[{"id":18550,"href":"https:\/\/www.urbanspot.si\/hr\/wp-json\/wp\/v2\/product\/10357\/revisions\/18550"}],"wp:featuredmedia":[{"embeddable":true,"href":"https:\/\/www.urbanspot.si\/hr\/wp-json\/wp\/v2\/media\/10359"}],"wp:attachment":[{"href":"https:\/\/www.urbanspot.si\/hr\/wp-json\/wp\/v2\/media?parent=10357"}],"wp:term":[{"taxonomy":"product_brand","embeddable":true,"href":"https:\/\/www.urbanspot.si\/hr\/wp-json\/wp\/v2\/product_brand?post=10357"},{"taxonomy":"product_cat","embeddable":true,"href":"https:\/\/www.urbanspot.si\/hr\/wp-json\/wp\/v2\/product_cat?post=10357"},{"taxonomy":"product_tag","embeddable":true,"href":"https:\/\/www.urbanspot.si\/hr\/wp-json\/wp\/v2\/product_tag?post=10357"}],"curies":[{"name":"radni list","href":"https:\/\/api.w.org\/{rel}","templated":true}]}}