{"id":10467,"date":"2024-05-22T14:29:21","date_gmt":"2024-05-22T13:29:21","guid":{"rendered":"https:\/\/www.urbanspot.si\/product\/originalni-pleteni-kabel-xiaomi-mi-usb-type-c\/"},"modified":"2026-03-19T16:05:48","modified_gmt":"2026-03-19T14:05:48","slug":"originalni-pleteni-kabel-xiaomi-mi-usb-type-c","status":"publish","type":"product","link":"https:\/\/www.urbanspot.si\/hr\/produkt\/originalni-pleteni-kabel-xiaomi-mi-usb-type-c\/","title":{"rendered":"Originalni Xiaomi Mi USB Type-C pleteni kabel"},"content":{"rendered":"<p>Zna\u010dajke:<\/p>\n<ul>\n<li>Originalni Xiaomi USB Type-C podatkovni kabel<\/li>\n<li>Xiaomi Mi Type-C kabel omogu\u0107uje brz prijenos podataka i brzo punjenje<\/li>\n<li>Omogu\u0107uje brzo punjenje do 2A<\/li>\n<li>Omogu\u0107uje brzi prijenos podataka do 480 Mbps<\/li>\n<li>Dolazi s vi\u0161eslojnom za\u0161titom i \u010dvrstom strukturom<\/li>\n<li>Izra\u0111eno od visokokvalitetnih materijala<\/li>\n<li>Vi\u0161eslojno opletanje kabela osigurava dugi vijek trajanja<\/li>\n<li>\u00a0Duljina kabela: 1 m<\/li>\n<\/ul>","protected":false},"excerpt":{"rendered":"<p>Brzo napunite svoj pametni telefon pomo\u0107u originalnog Xiaomi Mi Type-C kabela. Kabel ima USB-A priklju\u010dak na jednom kraju i USB-C priklju\u010dak na drugom. Omogu\u0107uje brzi prijenos podataka i brzo punjenje, tako da mo\u017eete koristiti svoj ure\u0111aj u najkra\u0107em mogu\u0107em roku.<\/p>","protected":false},"featured_media":10469,"comment_status":"closed","ping_status":"closed","template":"","meta":[],"product_brand":[],"product_cat":[104,249,91],"product_tag":[],"class_list":{"0":"post-10467","1":"product","2":"type-product","3":"status-publish","4":"has-post-thumbnail","6":"product_cat-dodatna-oprema","7":"product_cat-kabli-in-polnilci","8":"product_cat-razprodaja","9":"pa_primerno-za-model-huawei-mate-20-pro","10":"pa_primerno-za-model-huawei-p30","11":"pa_primerno-za-model-huawei-p30-pro","12":"pa_primerno-za-model-huawei-p40-pro","13":"pa_primerno-za-model-samsung-galaxy-a51","14":"pa_primerno-za-model-samsung-galaxy-a52-a52s","15":"pa_primerno-za-model-samsung-galaxy-a71","16":"pa_primerno-za-model-samsung-galaxy-a72","17":"pa_primerno-za-model-samsung-galaxy-s20","18":"pa_primerno-za-model-samsung-galaxy-s20-fe","19":"pa_primerno-za-model-samsung-galaxy-s20-ultra","20":"pa_primerno-za-model-samsung-galaxy-s21","21":"pa_primerno-za-model-samsung-galaxy-s21-ultra","22":"pa_primerno-za-model-samsung-galaxy-s9","23":"pa_primerno-za-model-samsung-s10","24":"pa_primerno-za-model-xiaomi-redmi-9c","25":"pa_primerno-za-model-xiaomi-redmi-note-8","26":"pa_primerno-za-proizvajalca-huawei","27":"pa_primerno-za-proizvajalca-samsung","28":"pa_primerno-za-proizvajalca-xiaomi","30":"first","31":"instock","32":"sale","33":"taxable","34":"shipping-taxable","35":"purchasable","36":"product-type-simple"},"yoast_head":"<!-- This site is optimized with the Yoast SEO plugin v27.2 - https:\/\/yoast.com\/product\/yoast-seo-wordpress\/ -->\n<title>Originalni pleteni kabel Xiaomi Mi USB Type-C -<\/title>\n<meta name=\"robots\" content=\"index, follow, max-snippet:-1, max-image-preview:large, max-video-preview:-1\" \/>\n<link rel=\"canonical\" href=\"https:\/\/www.urbanspot.si\/hr\/proizvod-2\/originalni-pleteni-kabel-xiaomi-mi-usb-type-c\/\" \/>\n<meta property=\"og:locale\" content=\"hr_HR\" \/>\n<meta property=\"og:type\" content=\"article\" \/>\n<meta property=\"og:title\" content=\"Originalni pleteni kabel Xiaomi Mi USB Type-C -\" \/>\n<meta property=\"og:description\" content=\"Hitro napolnite svoj pametni telefon z original kablom Xiaomi Mi Type-C. Kabel ima na eni strani priklju\u010dek USB-A in na drugi strani USB-C. Omogo\u010da hiter prenos podatkov in hitro polnjenje, tako da boste lahko svojo napravo uporabljali v najkraj\u0161em mo\u017enem \u010dasu.\" \/>\n<meta property=\"og:url\" content=\"https:\/\/www.urbanspot.si\/hr\/proizvod-2\/originalni-pleteni-kabel-xiaomi-mi-usb-type-c\/\" \/>\n<meta property=\"article:publisher\" content=\"https:\/\/www.facebook.com\/urbanspot.si\" \/>\n<meta property=\"article:modified_time\" content=\"2026-03-19T14:05:48+00:00\" \/>\n<meta property=\"og:image\" content=\"https:\/\/www.urbanspot.si\/wp-content\/uploads\/originalni-pleteni-kabel-xiaomi-mi-usb-type-c.jpg\" \/>\n\t<meta property=\"og:image:width\" content=\"800\" \/>\n\t<meta property=\"og:image:height\" content=\"800\" \/>\n\t<meta property=\"og:image:type\" content=\"image\/jpeg\" \/>\n<meta name=\"twitter:card\" content=\"summary_large_image\" \/>\n<meta name=\"twitter:label1\" content=\"Procijenjeno vrijeme \u010ditanja\" \/>\n\t<meta name=\"twitter:data1\" content=\"1 minuta\" \/>\n<script type=\"application\/ld+json\" class=\"yoast-schema-graph\">{\"@context\":\"https:\/\/schema.org\",\"@graph\":[{\"@type\":\"WebPage\",\"@id\":\"https:\/\/www.urbanspot.si\/produkt\/originalni-pleteni-kabel-xiaomi-mi-usb-type-c\/\",\"url\":\"https:\/\/www.urbanspot.si\/produkt\/originalni-pleteni-kabel-xiaomi-mi-usb-type-c\/\",\"name\":\"Originalni pleteni kabel Xiaomi Mi USB Type-C -\",\"isPartOf\":{\"@id\":\"https:\/\/www.urbanspot.si\/#website\"},\"primaryImageOfPage\":{\"@id\":\"https:\/\/www.urbanspot.si\/produkt\/originalni-pleteni-kabel-xiaomi-mi-usb-type-c\/#primaryimage\"},\"image\":{\"@id\":\"https:\/\/www.urbanspot.si\/produkt\/originalni-pleteni-kabel-xiaomi-mi-usb-type-c\/#primaryimage\"},\"thumbnailUrl\":\"https:\/\/www.urbanspot.si\/wp-content\/uploads\/originalni-pleteni-kabel-xiaomi-mi-usb-type-c.jpg\",\"datePublished\":\"2024-05-22T13:29:21+00:00\",\"dateModified\":\"2026-03-19T14:05:48+00:00\",\"breadcrumb\":{\"@id\":\"https:\/\/www.urbanspot.si\/produkt\/originalni-pleteni-kabel-xiaomi-mi-usb-type-c\/#breadcrumb\"},\"inLanguage\":\"hr\",\"potentialAction\":[{\"@type\":\"ReadAction\",\"target\":[\"https:\/\/www.urbanspot.si\/produkt\/originalni-pleteni-kabel-xiaomi-mi-usb-type-c\/\"]}]},{\"@type\":\"ImageObject\",\"inLanguage\":\"hr\",\"@id\":\"https:\/\/www.urbanspot.si\/produkt\/originalni-pleteni-kabel-xiaomi-mi-usb-type-c\/#primaryimage\",\"url\":\"https:\/\/www.urbanspot.si\/wp-content\/uploads\/originalni-pleteni-kabel-xiaomi-mi-usb-type-c.jpg\",\"contentUrl\":\"https:\/\/www.urbanspot.si\/wp-content\/uploads\/originalni-pleteni-kabel-xiaomi-mi-usb-type-c.jpg\",\"width\":800,\"height\":800,\"caption\":\"Originalni pleteni kabel Xiaomi Mi USB Type-C\"},{\"@type\":\"BreadcrumbList\",\"@id\":\"https:\/\/www.urbanspot.si\/produkt\/originalni-pleteni-kabel-xiaomi-mi-usb-type-c\/#breadcrumb\",\"itemListElement\":[{\"@type\":\"ListItem\",\"position\":1,\"name\":\"Home\",\"item\":\"https:\/\/www.urbanspot.si\/\"},{\"@type\":\"ListItem\",\"position\":2,\"name\":\"Shop\",\"item\":\"https:\/\/www.urbanspot.si\/shop\/\"},{\"@type\":\"ListItem\",\"position\":3,\"name\":\"Originalni pleteni kabel Xiaomi Mi USB Type-C\"}]},{\"@type\":\"WebSite\",\"@id\":\"https:\/\/www.urbanspot.si\/#website\",\"url\":\"https:\/\/www.urbanspot.si\/\",\"name\":\"UrbanSpot\",\"description\":\"\",\"publisher\":{\"@id\":\"https:\/\/www.urbanspot.si\/#organization\"},\"potentialAction\":[{\"@type\":\"SearchAction\",\"target\":{\"@type\":\"EntryPoint\",\"urlTemplate\":\"https:\/\/www.urbanspot.si\/?s={search_term_string}\"},\"query-input\":{\"@type\":\"PropertyValueSpecification\",\"valueRequired\":true,\"valueName\":\"search_term_string\"}}],\"inLanguage\":\"hr\"},{\"@type\":\"Organization\",\"@id\":\"https:\/\/www.urbanspot.si\/#organization\",\"name\":\"UrbanSpot\",\"url\":\"https:\/\/www.urbanspot.si\/\",\"logo\":{\"@type\":\"ImageObject\",\"inLanguage\":\"hr\",\"@id\":\"https:\/\/www.urbanspot.si\/#\/schema\/logo\/image\/\",\"url\":\"https:\/\/www.urbanspot.si\/wp-content\/uploads\/urbanspot-logo.svg\",\"contentUrl\":\"https:\/\/www.urbanspot.si\/wp-content\/uploads\/urbanspot-logo.svg\",\"width\":185,\"height\":40,\"caption\":\"UrbanSpot\"},\"image\":{\"@id\":\"https:\/\/www.urbanspot.si\/#\/schema\/logo\/image\/\"},\"sameAs\":[\"https:\/\/www.facebook.com\/urbanspot.si\"]}]}<\/script>\n<!-- \/ Yoast SEO plugin. -->","yoast_head_json":{"title":"Originalni Xiaomi Mi pleteni USB Type-C kabel -","robots":{"index":"index","follow":"follow","max-snippet":"max-snippet:-1","max-image-preview":"max-image-preview:large","max-video-preview":"max-video-preview:-1"},"canonical":"https:\/\/www.urbanspot.si\/hr\/proizvod-2\/originalni-pleteni-kabel-xiaomi-mi-usb-type-c\/","og_locale":"hr_HR","og_type":"article","og_title":"Originalni pleteni kabel Xiaomi Mi USB Type-C -","og_description":"Hitro napolnite svoj pametni telefon z original kablom Xiaomi Mi Type-C. Kabel ima na eni strani priklju\u010dek USB-A in na drugi strani USB-C. Omogo\u010da hiter prenos podatkov in hitro polnjenje, tako da boste lahko svojo napravo uporabljali v najkraj\u0161em mo\u017enem \u010dasu.","og_url":"https:\/\/www.urbanspot.si\/hr\/proizvod-2\/originalni-pleteni-kabel-xiaomi-mi-usb-type-c\/","article_publisher":"https:\/\/www.facebook.com\/urbanspot.si","article_modified_time":"2026-03-19T14:05:48+00:00","og_image":[{"width":800,"height":800,"url":"https:\/\/www.urbanspot.si\/wp-content\/uploads\/originalni-pleteni-kabel-xiaomi-mi-usb-type-c.jpg","type":"image\/jpeg"}],"twitter_card":"summary_large_image","twitter_misc":{"Procijenjeno vrijeme \u010ditanja":"1 minuta"},"schema":{"@context":"https:\/\/schema.org","@graph":[{"@type":"WebPage","@id":"https:\/\/www.urbanspot.si\/produkt\/originalni-pleteni-kabel-xiaomi-mi-usb-type-c\/","url":"https:\/\/www.urbanspot.si\/produkt\/originalni-pleteni-kabel-xiaomi-mi-usb-type-c\/","name":"Originalni Xiaomi Mi pleteni USB Type-C kabel -","isPartOf":{"@id":"https:\/\/www.urbanspot.si\/#website"},"primaryImageOfPage":{"@id":"https:\/\/www.urbanspot.si\/produkt\/originalni-pleteni-kabel-xiaomi-mi-usb-type-c\/#primaryimage"},"image":{"@id":"https:\/\/www.urbanspot.si\/produkt\/originalni-pleteni-kabel-xiaomi-mi-usb-type-c\/#primaryimage"},"thumbnailUrl":"https:\/\/www.urbanspot.si\/wp-content\/uploads\/originalni-pleteni-kabel-xiaomi-mi-usb-type-c.jpg","datePublished":"2024-05-22T13:29:21+00:00","dateModified":"2026-03-19T14:05:48+00:00","breadcrumb":{"@id":"https:\/\/www.urbanspot.si\/produkt\/originalni-pleteni-kabel-xiaomi-mi-usb-type-c\/#breadcrumb"},"inLanguage":"hr","potentialAction":[{"@type":"ReadAction","target":["https:\/\/www.urbanspot.si\/produkt\/originalni-pleteni-kabel-xiaomi-mi-usb-type-c\/"]}]},{"@type":"ImageObject","inLanguage":"hr","@id":"https:\/\/www.urbanspot.si\/produkt\/originalni-pleteni-kabel-xiaomi-mi-usb-type-c\/#primaryimage","url":"https:\/\/www.urbanspot.si\/wp-content\/uploads\/originalni-pleteni-kabel-xiaomi-mi-usb-type-c.jpg","contentUrl":"https:\/\/www.urbanspot.si\/wp-content\/uploads\/originalni-pleteni-kabel-xiaomi-mi-usb-type-c.jpg","width":800,"height":800,"caption":"Originalni pleteni kabel Xiaomi Mi USB Type-C"},{"@type":"BreadcrumbList","@id":"https:\/\/www.urbanspot.si\/produkt\/originalni-pleteni-kabel-xiaomi-mi-usb-type-c\/#breadcrumb","itemListElement":[{"@type":"ListItem","position":1,"name":"Home","item":"https:\/\/www.urbanspot.si\/"},{"@type":"ListItem","position":2,"name":"Shop","item":"https:\/\/www.urbanspot.si\/shop\/"},{"@type":"ListItem","position":3,"name":"Originalni pleteni kabel Xiaomi Mi USB Type-C"}]},{"@type":"WebSite","@id":"https:\/\/www.urbanspot.si\/#website","url":"https:\/\/www.urbanspot.si\/","name":"UrbanSpot","description":"","publisher":{"@id":"https:\/\/www.urbanspot.si\/#organization"},"potentialAction":[{"@type":"SearchAction","target":{"@type":"EntryPoint","urlTemplate":"https:\/\/www.urbanspot.si\/?s={search_term_string}"},"query-input":{"@type":"PropertyValueSpecification","valueRequired":true,"valueName":"search_term_string"}}],"inLanguage":"hr"},{"@type":"Organization","@id":"https:\/\/www.urbanspot.si\/#organization","name":"UrbanSpot","url":"https:\/\/www.urbanspot.si\/","logo":{"@type":"ImageObject","inLanguage":"hr","@id":"https:\/\/www.urbanspot.si\/#\/schema\/logo\/image\/","url":"https:\/\/www.urbanspot.si\/wp-content\/uploads\/urbanspot-logo.svg","contentUrl":"https:\/\/www.urbanspot.si\/wp-content\/uploads\/urbanspot-logo.svg","width":185,"height":40,"caption":"UrbanSpot"},"image":{"@id":"https:\/\/www.urbanspot.si\/#\/schema\/logo\/image\/"},"sameAs":["https:\/\/www.facebook.com\/urbanspot.si"]}]}},"_links":{"self":[{"href":"https:\/\/www.urbanspot.si\/hr\/wp-json\/wp\/v2\/product\/10467","targetHints":{"allow":["GET"]}}],"collection":[{"href":"https:\/\/www.urbanspot.si\/hr\/wp-json\/wp\/v2\/product"}],"about":[{"href":"https:\/\/www.urbanspot.si\/hr\/wp-json\/wp\/v2\/types\/product"}],"replies":[{"embeddable":true,"href":"https:\/\/www.urbanspot.si\/hr\/wp-json\/wp\/v2\/comments?post=10467"}],"version-history":[{"count":2,"href":"https:\/\/www.urbanspot.si\/hr\/wp-json\/wp\/v2\/product\/10467\/revisions"}],"predecessor-version":[{"id":21190,"href":"https:\/\/www.urbanspot.si\/hr\/wp-json\/wp\/v2\/product\/10467\/revisions\/21190"}],"wp:featuredmedia":[{"embeddable":true,"href":"https:\/\/www.urbanspot.si\/hr\/wp-json\/wp\/v2\/media\/10469"}],"wp:attachment":[{"href":"https:\/\/www.urbanspot.si\/hr\/wp-json\/wp\/v2\/media?parent=10467"}],"wp:term":[{"taxonomy":"product_brand","embeddable":true,"href":"https:\/\/www.urbanspot.si\/hr\/wp-json\/wp\/v2\/product_brand?post=10467"},{"taxonomy":"product_cat","embeddable":true,"href":"https:\/\/www.urbanspot.si\/hr\/wp-json\/wp\/v2\/product_cat?post=10467"},{"taxonomy":"product_tag","embeddable":true,"href":"https:\/\/www.urbanspot.si\/hr\/wp-json\/wp\/v2\/product_tag?post=10467"}],"curies":[{"name":"radni list","href":"https:\/\/api.w.org\/{rel}","templated":true}]}}