{"id":10524,"date":"2024-05-22T14:29:21","date_gmt":"2024-05-22T13:29:21","guid":{"rendered":"https:\/\/www.urbanspot.si\/product\/vigo-komplet-polnilec-quick-charge-iphone-lightning\/"},"modified":"2026-03-19T16:05:47","modified_gmt":"2026-03-19T14:05:47","slug":"vigo-komplet-za-brzo-punjenje-iphonea-s-lightningom","status":"publish","type":"product","link":"https:\/\/www.urbanspot.si\/hr\/produkt\/vigo-komplet-polnilec-quick-charge-iphone-lightning\/","title":{"rendered":"Vigo set punja\u010da, Brzo punjenje, iPhone Lightning"},"content":{"rendered":"<p>Zna\u010dajke:<\/p>\n<ul>\n<li>Duljina kabela: 1 metar<\/li>\n<li>Iznimna izdr\u017eljivost<\/li>\n<li>Omogu\u0107uje brzo punjenje<\/li>\n<li>Dugi vijek trajanja<\/li>\n<li>Atraktivan izgled<\/li>\n<li>Brzina punjenja: do 3A<\/li>\n<li>Set uklju\u010duje 1x adapter i 1x Lightning USB kabel<\/li>\n<li>Fotografija mo\u017ee biti simboli\u010dna<\/li>\n<\/ul>","protected":false},"excerpt":{"rendered":"<p>Vigo set punja\u010da izuzetno je izdr\u017eljiv i uklju\u010duje adapter i kabel koji, osim izvrsne otpornosti, sprje\u010dava i zapetljavanje, \u0161to ga \u010dini savr\u0161enim za sve koji cijene atraktivan izgled i dugi vijek trajanja. Kabel za punjenje, svojom visokokvalitetnom konstrukcijom, omogu\u0107uje i brzo punjenje.<\/p>","protected":false},"featured_media":10526,"comment_status":"closed","ping_status":"closed","template":"","meta":[],"product_brand":[],"product_cat":[104,249,91],"product_tag":[],"class_list":{"0":"post-10524","1":"product","2":"type-product","3":"status-publish","4":"has-post-thumbnail","6":"product_cat-dodatna-oprema","7":"product_cat-kabli-in-polnilci","8":"product_cat-razprodaja","9":"pa_primerno-za-proizvajalca-apple","11":"first","12":"instock","13":"sale","14":"taxable","15":"shipping-taxable","16":"purchasable","17":"product-type-simple"},"yoast_head":"<!-- This site is optimized with the Yoast SEO plugin v27.2 - https:\/\/yoast.com\/product\/yoast-seo-wordpress\/ -->\n<title>Komplet polnilec Vigo, Quick charge, iPhone Lightning -<\/title>\n<meta name=\"robots\" content=\"index, follow, max-snippet:-1, max-image-preview:large, max-video-preview:-1\" \/>\n<link rel=\"canonical\" href=\"https:\/\/www.urbanspot.si\/hr\/proizvod-2\/vigo-komplet-za-brzo-punjenje-iphonea-s-lightningom\/\" \/>\n<meta property=\"og:locale\" content=\"hr_HR\" \/>\n<meta property=\"og:type\" content=\"article\" \/>\n<meta property=\"og:title\" content=\"Komplet polnilec Vigo, Quick charge, iPhone Lightning -\" \/>\n<meta property=\"og:description\" content=\"Komplet polnilec Vigo je izjemno vzdr\u017eljiv in vklju\u010duje tudi adapter ter kabel, ki poleg odli\u010dne odpornosti prepre\u010duje tudi vozlanje, je kot nala\u0161\u010d za vse, ki vam je pomemben privla\u010den videz in dolga \u017eivljenska doba. Polnilni kabel s svojo kvalitetno izdelavo omogo\u010da tudi hitro polnjenje.\" \/>\n<meta property=\"og:url\" content=\"https:\/\/www.urbanspot.si\/hr\/proizvod-2\/vigo-komplet-za-brzo-punjenje-iphonea-s-lightningom\/\" \/>\n<meta property=\"article:publisher\" content=\"https:\/\/www.facebook.com\/urbanspot.si\" \/>\n<meta property=\"article:modified_time\" content=\"2026-03-19T14:05:47+00:00\" \/>\n<meta property=\"og:image\" content=\"https:\/\/www.urbanspot.si\/wp-content\/uploads\/vigo-komplet-polnilec-quick-charge-iphone-lightning.jpg\" \/>\n\t<meta property=\"og:image:width\" content=\"1678\" \/>\n\t<meta property=\"og:image:height\" content=\"1200\" \/>\n\t<meta property=\"og:image:type\" content=\"image\/jpeg\" \/>\n<meta name=\"twitter:card\" content=\"summary_large_image\" \/>\n<meta name=\"twitter:label1\" content=\"Procijenjeno vrijeme \u010ditanja\" \/>\n\t<meta name=\"twitter:data1\" content=\"1 minuta\" \/>\n<script type=\"application\/ld+json\" class=\"yoast-schema-graph\">{\"@context\":\"https:\/\/schema.org\",\"@graph\":[{\"@type\":\"WebPage\",\"@id\":\"https:\/\/www.urbanspot.si\/produkt\/vigo-komplet-polnilec-quick-charge-iphone-lightning\/\",\"url\":\"https:\/\/www.urbanspot.si\/produkt\/vigo-komplet-polnilec-quick-charge-iphone-lightning\/\",\"name\":\"Komplet polnilec Vigo, Quick charge, iPhone Lightning -\",\"isPartOf\":{\"@id\":\"https:\/\/www.urbanspot.si\/#website\"},\"primaryImageOfPage\":{\"@id\":\"https:\/\/www.urbanspot.si\/produkt\/vigo-komplet-polnilec-quick-charge-iphone-lightning\/#primaryimage\"},\"image\":{\"@id\":\"https:\/\/www.urbanspot.si\/produkt\/vigo-komplet-polnilec-quick-charge-iphone-lightning\/#primaryimage\"},\"thumbnailUrl\":\"https:\/\/www.urbanspot.si\/wp-content\/uploads\/vigo-komplet-polnilec-quick-charge-iphone-lightning.jpg\",\"datePublished\":\"2024-05-22T13:29:21+00:00\",\"dateModified\":\"2026-03-19T14:05:47+00:00\",\"breadcrumb\":{\"@id\":\"https:\/\/www.urbanspot.si\/produkt\/vigo-komplet-polnilec-quick-charge-iphone-lightning\/#breadcrumb\"},\"inLanguage\":\"hr\",\"potentialAction\":[{\"@type\":\"ReadAction\",\"target\":[\"https:\/\/www.urbanspot.si\/produkt\/vigo-komplet-polnilec-quick-charge-iphone-lightning\/\"]}]},{\"@type\":\"ImageObject\",\"inLanguage\":\"hr\",\"@id\":\"https:\/\/www.urbanspot.si\/produkt\/vigo-komplet-polnilec-quick-charge-iphone-lightning\/#primaryimage\",\"url\":\"https:\/\/www.urbanspot.si\/wp-content\/uploads\/vigo-komplet-polnilec-quick-charge-iphone-lightning.jpg\",\"contentUrl\":\"https:\/\/www.urbanspot.si\/wp-content\/uploads\/vigo-komplet-polnilec-quick-charge-iphone-lightning.jpg\",\"width\":1678,\"height\":1200,\"caption\":\"Vigo Komplet polnilec Quick Charge\"},{\"@type\":\"BreadcrumbList\",\"@id\":\"https:\/\/www.urbanspot.si\/produkt\/vigo-komplet-polnilec-quick-charge-iphone-lightning\/#breadcrumb\",\"itemListElement\":[{\"@type\":\"ListItem\",\"position\":1,\"name\":\"Home\",\"item\":\"https:\/\/www.urbanspot.si\/\"},{\"@type\":\"ListItem\",\"position\":2,\"name\":\"Shop\",\"item\":\"https:\/\/www.urbanspot.si\/shop\/\"},{\"@type\":\"ListItem\",\"position\":3,\"name\":\"Komplet polnilec Vigo, Quick charge, iPhone Lightning\"}]},{\"@type\":\"WebSite\",\"@id\":\"https:\/\/www.urbanspot.si\/#website\",\"url\":\"https:\/\/www.urbanspot.si\/\",\"name\":\"UrbanSpot\",\"description\":\"\",\"publisher\":{\"@id\":\"https:\/\/www.urbanspot.si\/#organization\"},\"potentialAction\":[{\"@type\":\"SearchAction\",\"target\":{\"@type\":\"EntryPoint\",\"urlTemplate\":\"https:\/\/www.urbanspot.si\/?s={search_term_string}\"},\"query-input\":{\"@type\":\"PropertyValueSpecification\",\"valueRequired\":true,\"valueName\":\"search_term_string\"}}],\"inLanguage\":\"hr\"},{\"@type\":\"Organization\",\"@id\":\"https:\/\/www.urbanspot.si\/#organization\",\"name\":\"UrbanSpot\",\"url\":\"https:\/\/www.urbanspot.si\/\",\"logo\":{\"@type\":\"ImageObject\",\"inLanguage\":\"hr\",\"@id\":\"https:\/\/www.urbanspot.si\/#\/schema\/logo\/image\/\",\"url\":\"https:\/\/www.urbanspot.si\/wp-content\/uploads\/urbanspot-logo.svg\",\"contentUrl\":\"https:\/\/www.urbanspot.si\/wp-content\/uploads\/urbanspot-logo.svg\",\"width\":185,\"height\":40,\"caption\":\"UrbanSpot\"},\"image\":{\"@id\":\"https:\/\/www.urbanspot.si\/#\/schema\/logo\/image\/\"},\"sameAs\":[\"https:\/\/www.facebook.com\/urbanspot.si\"]}]}<\/script>\n<!-- \/ Yoast SEO plugin. -->","yoast_head_json":{"title":"Komplet polnilec Vigo, Quick charge, iPhone Lightning -","robots":{"index":"index","follow":"follow","max-snippet":"max-snippet:-1","max-image-preview":"max-image-preview:large","max-video-preview":"max-video-preview:-1"},"canonical":"https:\/\/www.urbanspot.si\/hr\/proizvod-2\/vigo-komplet-za-brzo-punjenje-iphonea-s-lightningom\/","og_locale":"hr_HR","og_type":"article","og_title":"Komplet polnilec Vigo, Quick charge, iPhone Lightning -","og_description":"Komplet polnilec Vigo je izjemno vzdr\u017eljiv in vklju\u010duje tudi adapter ter kabel, ki poleg odli\u010dne odpornosti prepre\u010duje tudi vozlanje, je kot nala\u0161\u010d za vse, ki vam je pomemben privla\u010den videz in dolga \u017eivljenska doba. Polnilni kabel s svojo kvalitetno izdelavo omogo\u010da tudi hitro polnjenje.","og_url":"https:\/\/www.urbanspot.si\/hr\/proizvod-2\/vigo-komplet-za-brzo-punjenje-iphonea-s-lightningom\/","article_publisher":"https:\/\/www.facebook.com\/urbanspot.si","article_modified_time":"2026-03-19T14:05:47+00:00","og_image":[{"width":1678,"height":1200,"url":"https:\/\/www.urbanspot.si\/wp-content\/uploads\/vigo-komplet-polnilec-quick-charge-iphone-lightning.jpg","type":"image\/jpeg"}],"twitter_card":"summary_large_image","twitter_misc":{"Procijenjeno vrijeme \u010ditanja":"1 minuta"},"schema":{"@context":"https:\/\/schema.org","@graph":[{"@type":"WebPage","@id":"https:\/\/www.urbanspot.si\/produkt\/vigo-komplet-polnilec-quick-charge-iphone-lightning\/","url":"https:\/\/www.urbanspot.si\/produkt\/vigo-komplet-polnilec-quick-charge-iphone-lightning\/","name":"Komplet polnilec Vigo, Quick charge, iPhone Lightning -","isPartOf":{"@id":"https:\/\/www.urbanspot.si\/#website"},"primaryImageOfPage":{"@id":"https:\/\/www.urbanspot.si\/produkt\/vigo-komplet-polnilec-quick-charge-iphone-lightning\/#primaryimage"},"image":{"@id":"https:\/\/www.urbanspot.si\/produkt\/vigo-komplet-polnilec-quick-charge-iphone-lightning\/#primaryimage"},"thumbnailUrl":"https:\/\/www.urbanspot.si\/wp-content\/uploads\/vigo-komplet-polnilec-quick-charge-iphone-lightning.jpg","datePublished":"2024-05-22T13:29:21+00:00","dateModified":"2026-03-19T14:05:47+00:00","breadcrumb":{"@id":"https:\/\/www.urbanspot.si\/produkt\/vigo-komplet-polnilec-quick-charge-iphone-lightning\/#breadcrumb"},"inLanguage":"hr","potentialAction":[{"@type":"ReadAction","target":["https:\/\/www.urbanspot.si\/produkt\/vigo-komplet-polnilec-quick-charge-iphone-lightning\/"]}]},{"@type":"ImageObject","inLanguage":"hr","@id":"https:\/\/www.urbanspot.si\/produkt\/vigo-komplet-polnilec-quick-charge-iphone-lightning\/#primaryimage","url":"https:\/\/www.urbanspot.si\/wp-content\/uploads\/vigo-komplet-polnilec-quick-charge-iphone-lightning.jpg","contentUrl":"https:\/\/www.urbanspot.si\/wp-content\/uploads\/vigo-komplet-polnilec-quick-charge-iphone-lightning.jpg","width":1678,"height":1200,"caption":"Vigo Komplet polnilec Quick Charge"},{"@type":"BreadcrumbList","@id":"https:\/\/www.urbanspot.si\/produkt\/vigo-komplet-polnilec-quick-charge-iphone-lightning\/#breadcrumb","itemListElement":[{"@type":"ListItem","position":1,"name":"Home","item":"https:\/\/www.urbanspot.si\/"},{"@type":"ListItem","position":2,"name":"Shop","item":"https:\/\/www.urbanspot.si\/shop\/"},{"@type":"ListItem","position":3,"name":"Komplet polnilec Vigo, Quick charge, iPhone Lightning"}]},{"@type":"WebSite","@id":"https:\/\/www.urbanspot.si\/#website","url":"https:\/\/www.urbanspot.si\/","name":"UrbanSpot","description":"","publisher":{"@id":"https:\/\/www.urbanspot.si\/#organization"},"potentialAction":[{"@type":"SearchAction","target":{"@type":"EntryPoint","urlTemplate":"https:\/\/www.urbanspot.si\/?s={search_term_string}"},"query-input":{"@type":"PropertyValueSpecification","valueRequired":true,"valueName":"search_term_string"}}],"inLanguage":"hr"},{"@type":"Organization","@id":"https:\/\/www.urbanspot.si\/#organization","name":"UrbanSpot","url":"https:\/\/www.urbanspot.si\/","logo":{"@type":"ImageObject","inLanguage":"hr","@id":"https:\/\/www.urbanspot.si\/#\/schema\/logo\/image\/","url":"https:\/\/www.urbanspot.si\/wp-content\/uploads\/urbanspot-logo.svg","contentUrl":"https:\/\/www.urbanspot.si\/wp-content\/uploads\/urbanspot-logo.svg","width":185,"height":40,"caption":"UrbanSpot"},"image":{"@id":"https:\/\/www.urbanspot.si\/#\/schema\/logo\/image\/"},"sameAs":["https:\/\/www.facebook.com\/urbanspot.si"]}]}},"_links":{"self":[{"href":"https:\/\/www.urbanspot.si\/hr\/wp-json\/wp\/v2\/product\/10524","targetHints":{"allow":["GET"]}}],"collection":[{"href":"https:\/\/www.urbanspot.si\/hr\/wp-json\/wp\/v2\/product"}],"about":[{"href":"https:\/\/www.urbanspot.si\/hr\/wp-json\/wp\/v2\/types\/product"}],"replies":[{"embeddable":true,"href":"https:\/\/www.urbanspot.si\/hr\/wp-json\/wp\/v2\/comments?post=10524"}],"version-history":[{"count":4,"href":"https:\/\/www.urbanspot.si\/hr\/wp-json\/wp\/v2\/product\/10524\/revisions"}],"predecessor-version":[{"id":21389,"href":"https:\/\/www.urbanspot.si\/hr\/wp-json\/wp\/v2\/product\/10524\/revisions\/21389"}],"wp:featuredmedia":[{"embeddable":true,"href":"https:\/\/www.urbanspot.si\/hr\/wp-json\/wp\/v2\/media\/10526"}],"wp:attachment":[{"href":"https:\/\/www.urbanspot.si\/hr\/wp-json\/wp\/v2\/media?parent=10524"}],"wp:term":[{"taxonomy":"product_brand","embeddable":true,"href":"https:\/\/www.urbanspot.si\/hr\/wp-json\/wp\/v2\/product_brand?post=10524"},{"taxonomy":"product_cat","embeddable":true,"href":"https:\/\/www.urbanspot.si\/hr\/wp-json\/wp\/v2\/product_cat?post=10524"},{"taxonomy":"product_tag","embeddable":true,"href":"https:\/\/www.urbanspot.si\/hr\/wp-json\/wp\/v2\/product_tag?post=10524"}],"curies":[{"name":"radni list","href":"https:\/\/api.w.org\/{rel}","templated":true}]}}