{"id":10540,"date":"2024-05-22T14:29:33","date_gmt":"2024-05-22T13:29:33","guid":{"rendered":"https:\/\/www.urbanspot.si\/product\/barbie-ovitek-za-iphone-5-5s-se\/"},"modified":"2026-03-19T16:05:47","modified_gmt":"2026-03-19T14:05:47","slug":"barbie-navlaka-za-iphone-5-5s-se","status":"publish","type":"product","link":"https:\/\/www.urbanspot.si\/hr\/produkt\/barbie-ovitek-za-iphone-5-5s-se\/","title":{"rendered":"Barbie maskica za iPhone 5\/5S\/SE"},"content":{"rendered":"<p>Barbie futrola je izra\u0111ena od kvalitetnih materijala koji \u0161tite telefon od svakodnevne prljav\u0161tine, ogrebotina i udaraca.<\/p>\n<p>Zna\u010dajke:<\/p>\n<ul>\n<li>Izra\u0111ena od visokokvalitetnog TPU-a, maskica \u0161titi va\u0161 ure\u0111aj od o\u0161te\u0107enja i ogrebotina.<\/li>\n<li>Savr\u0161eno pristaje telefonu<\/li>\n<li>Tanka i d\u017eepna torbica<\/li>\n<li>Omogu\u0107uje be\u017ei\u010dno punjenje<\/li>\n<\/ul>","protected":false},"excerpt":{"rendered":"<p>Barbie maska se ne odlikuje samo iznimnom kvalitetom, ve\u0107 i dizajnom. \u0160arena maska pru\u017eit \u0107e sasvim prirodan izgled telefonu, a unato\u010d tome, on \u0107e biti odli\u010dno za\u0161ti\u0107en.<\/p>","protected":false},"featured_media":10542,"comment_status":"closed","ping_status":"closed","template":"","meta":[],"product_brand":[],"product_cat":[177,92,119,176,162,161,560,91,179],"product_tag":[],"class_list":{"0":"post-10540","1":"product","2":"type-product","3":"status-publish","4":"has-post-thumbnail","6":"product_cat-5s","7":"product_cat-apple","8":"product_cat-apple-ovitki-stekla","9":"product_cat-iphone-5","10":"product_cat-iphone-se-2020","11":"product_cat-ostale-iphone-serije","12":"product_cat-ovitki-za-telefone","13":"product_cat-razprodaja","14":"product_cat-se-2020","15":"pa_primerno-za-model-iphone-5-5s-se","16":"pa_primerno-za-model-iphone-se-2nd-gen","17":"pa_primerno-za-proizvajalca-apple","19":"first","20":"instock","21":"sale","22":"taxable","23":"shipping-taxable","24":"purchasable","25":"product-type-simple"},"yoast_head":"<!-- This site is optimized with the Yoast SEO plugin v27.4 - https:\/\/yoast.com\/product\/yoast-seo-wordpress\/ -->\n<title>Barbie ovitek za Iphone 5\/5S\/SE -<\/title>\n<meta name=\"robots\" content=\"index, follow, max-snippet:-1, max-image-preview:large, max-video-preview:-1\" \/>\n<link rel=\"canonical\" href=\"https:\/\/www.urbanspot.si\/hr\/proizvod-2\/barbie-navlaka-za-iphone-5-5s-se\/\" \/>\n<meta property=\"og:locale\" content=\"hr_HR\" \/>\n<meta property=\"og:type\" content=\"article\" \/>\n<meta property=\"og:title\" content=\"Barbie ovitek za Iphone 5\/5S\/SE -\" \/>\n<meta property=\"og:description\" content=\"Ovitka Barbie ne odlikuje le izjemna kakovost, temve\u010d tudi dizajn. Pisan ovitek bo poskrbel za popolnoma naraven videz telefona, kljub temu pa bo le ta odli\u010dno za\u0161\u010diten.\" \/>\n<meta property=\"og:url\" content=\"https:\/\/www.urbanspot.si\/hr\/proizvod-2\/barbie-navlaka-za-iphone-5-5s-se\/\" \/>\n<meta property=\"article:publisher\" content=\"https:\/\/www.facebook.com\/urbanspot.si\" \/>\n<meta property=\"article:modified_time\" content=\"2026-03-19T14:05:47+00:00\" \/>\n<meta property=\"og:image\" content=\"https:\/\/www.urbanspot.si\/wp-content\/uploads\/barbie-ovitek-za-iphone-5-5s-se.png\" \/>\n\t<meta property=\"og:image:width\" content=\"680\" \/>\n\t<meta property=\"og:image:height\" content=\"680\" \/>\n\t<meta property=\"og:image:type\" content=\"image\/png\" \/>\n<meta name=\"twitter:card\" content=\"summary_large_image\" \/>\n<meta name=\"twitter:label1\" content=\"Procijenjeno vrijeme \u010ditanja\" \/>\n\t<meta name=\"twitter:data1\" content=\"1 minuta\" \/>\n<script type=\"application\/ld+json\" class=\"yoast-schema-graph\">{\"@context\":\"https:\\\/\\\/schema.org\",\"@graph\":[{\"@type\":\"WebPage\",\"@id\":\"https:\\\/\\\/www.urbanspot.si\\\/produkt\\\/barbie-ovitek-za-iphone-5-5s-se\\\/\",\"url\":\"https:\\\/\\\/www.urbanspot.si\\\/produkt\\\/barbie-ovitek-za-iphone-5-5s-se\\\/\",\"name\":\"Barbie ovitek za Iphone 5\\\/5S\\\/SE -\",\"isPartOf\":{\"@id\":\"https:\\\/\\\/www.urbanspot.si\\\/#website\"},\"primaryImageOfPage\":{\"@id\":\"https:\\\/\\\/www.urbanspot.si\\\/produkt\\\/barbie-ovitek-za-iphone-5-5s-se\\\/#primaryimage\"},\"image\":{\"@id\":\"https:\\\/\\\/www.urbanspot.si\\\/produkt\\\/barbie-ovitek-za-iphone-5-5s-se\\\/#primaryimage\"},\"thumbnailUrl\":\"https:\\\/\\\/www.urbanspot.si\\\/wp-content\\\/uploads\\\/barbie-ovitek-za-iphone-5-5s-se.png\",\"datePublished\":\"2024-05-22T13:29:33+00:00\",\"dateModified\":\"2026-03-19T14:05:47+00:00\",\"breadcrumb\":{\"@id\":\"https:\\\/\\\/www.urbanspot.si\\\/produkt\\\/barbie-ovitek-za-iphone-5-5s-se\\\/#breadcrumb\"},\"inLanguage\":\"hr\",\"potentialAction\":[{\"@type\":\"ReadAction\",\"target\":[\"https:\\\/\\\/www.urbanspot.si\\\/produkt\\\/barbie-ovitek-za-iphone-5-5s-se\\\/\"]}]},{\"@type\":\"ImageObject\",\"inLanguage\":\"hr\",\"@id\":\"https:\\\/\\\/www.urbanspot.si\\\/produkt\\\/barbie-ovitek-za-iphone-5-5s-se\\\/#primaryimage\",\"url\":\"https:\\\/\\\/www.urbanspot.si\\\/wp-content\\\/uploads\\\/barbie-ovitek-za-iphone-5-5s-se.png\",\"contentUrl\":\"https:\\\/\\\/www.urbanspot.si\\\/wp-content\\\/uploads\\\/barbie-ovitek-za-iphone-5-5s-se.png\",\"width\":680,\"height\":680,\"caption\":\"Barbie ovitek za Iphone 5\\\/5S\\\/SE\"},{\"@type\":\"BreadcrumbList\",\"@id\":\"https:\\\/\\\/www.urbanspot.si\\\/produkt\\\/barbie-ovitek-za-iphone-5-5s-se\\\/#breadcrumb\",\"itemListElement\":[{\"@type\":\"ListItem\",\"position\":1,\"name\":\"Home\",\"item\":\"https:\\\/\\\/www.urbanspot.si\\\/\"},{\"@type\":\"ListItem\",\"position\":2,\"name\":\"Shop\",\"item\":\"https:\\\/\\\/www.urbanspot.si\\\/shop\\\/\"},{\"@type\":\"ListItem\",\"position\":3,\"name\":\"Barbie ovitek za Iphone 5\\\/5S\\\/SE\"}]},{\"@type\":\"WebSite\",\"@id\":\"https:\\\/\\\/www.urbanspot.si\\\/#website\",\"url\":\"https:\\\/\\\/www.urbanspot.si\\\/\",\"name\":\"UrbanSpot\",\"description\":\"\",\"publisher\":{\"@id\":\"https:\\\/\\\/www.urbanspot.si\\\/#organization\"},\"potentialAction\":[{\"@type\":\"SearchAction\",\"target\":{\"@type\":\"EntryPoint\",\"urlTemplate\":\"https:\\\/\\\/www.urbanspot.si\\\/?s={search_term_string}\"},\"query-input\":{\"@type\":\"PropertyValueSpecification\",\"valueRequired\":true,\"valueName\":\"search_term_string\"}}],\"inLanguage\":\"hr\"},{\"@type\":\"Organization\",\"@id\":\"https:\\\/\\\/www.urbanspot.si\\\/#organization\",\"name\":\"UrbanSpot\",\"url\":\"https:\\\/\\\/www.urbanspot.si\\\/\",\"logo\":{\"@type\":\"ImageObject\",\"inLanguage\":\"hr\",\"@id\":\"https:\\\/\\\/www.urbanspot.si\\\/#\\\/schema\\\/logo\\\/image\\\/\",\"url\":\"https:\\\/\\\/www.urbanspot.si\\\/wp-content\\\/uploads\\\/urbanspot-logo.svg\",\"contentUrl\":\"https:\\\/\\\/www.urbanspot.si\\\/wp-content\\\/uploads\\\/urbanspot-logo.svg\",\"width\":185,\"height\":40,\"caption\":\"UrbanSpot\"},\"image\":{\"@id\":\"https:\\\/\\\/www.urbanspot.si\\\/#\\\/schema\\\/logo\\\/image\\\/\"},\"sameAs\":[\"https:\\\/\\\/www.facebook.com\\\/urbanspot.si\"]}]}<\/script>\n<!-- \/ Yoast SEO plugin. -->","yoast_head_json":{"title":"Barbie maska za iPhone 5\/5S\/SE","robots":{"index":"index","follow":"follow","max-snippet":"max-snippet:-1","max-image-preview":"max-image-preview:large","max-video-preview":"max-video-preview:-1"},"canonical":"https:\/\/www.urbanspot.si\/hr\/proizvod-2\/barbie-navlaka-za-iphone-5-5s-se\/","og_locale":"hr_HR","og_type":"article","og_title":"Barbie ovitek za Iphone 5\/5S\/SE -","og_description":"Ovitka Barbie ne odlikuje le izjemna kakovost, temve\u010d tudi dizajn. Pisan ovitek bo poskrbel za popolnoma naraven videz telefona, kljub temu pa bo le ta odli\u010dno za\u0161\u010diten.","og_url":"https:\/\/www.urbanspot.si\/hr\/proizvod-2\/barbie-navlaka-za-iphone-5-5s-se\/","article_publisher":"https:\/\/www.facebook.com\/urbanspot.si","article_modified_time":"2026-03-19T14:05:47+00:00","og_image":[{"width":680,"height":680,"url":"https:\/\/www.urbanspot.si\/wp-content\/uploads\/barbie-ovitek-za-iphone-5-5s-se.png","type":"image\/png"}],"twitter_card":"summary_large_image","twitter_misc":{"Procijenjeno vrijeme \u010ditanja":"1 minuta"},"schema":{"@context":"https:\/\/schema.org","@graph":[{"@type":"WebPage","@id":"https:\/\/www.urbanspot.si\/produkt\/barbie-ovitek-za-iphone-5-5s-se\/","url":"https:\/\/www.urbanspot.si\/produkt\/barbie-ovitek-za-iphone-5-5s-se\/","name":"Barbie maska za iPhone 5\/5S\/SE","isPartOf":{"@id":"https:\/\/www.urbanspot.si\/#website"},"primaryImageOfPage":{"@id":"https:\/\/www.urbanspot.si\/produkt\/barbie-ovitek-za-iphone-5-5s-se\/#primaryimage"},"image":{"@id":"https:\/\/www.urbanspot.si\/produkt\/barbie-ovitek-za-iphone-5-5s-se\/#primaryimage"},"thumbnailUrl":"https:\/\/www.urbanspot.si\/wp-content\/uploads\/barbie-ovitek-za-iphone-5-5s-se.png","datePublished":"2024-05-22T13:29:33+00:00","dateModified":"2026-03-19T14:05:47+00:00","breadcrumb":{"@id":"https:\/\/www.urbanspot.si\/produkt\/barbie-ovitek-za-iphone-5-5s-se\/#breadcrumb"},"inLanguage":"hr","potentialAction":[{"@type":"ReadAction","target":["https:\/\/www.urbanspot.si\/produkt\/barbie-ovitek-za-iphone-5-5s-se\/"]}]},{"@type":"ImageObject","inLanguage":"hr","@id":"https:\/\/www.urbanspot.si\/produkt\/barbie-ovitek-za-iphone-5-5s-se\/#primaryimage","url":"https:\/\/www.urbanspot.si\/wp-content\/uploads\/barbie-ovitek-za-iphone-5-5s-se.png","contentUrl":"https:\/\/www.urbanspot.si\/wp-content\/uploads\/barbie-ovitek-za-iphone-5-5s-se.png","width":680,"height":680,"caption":"Barbie ovitek za Iphone 5\/5S\/SE"},{"@type":"BreadcrumbList","@id":"https:\/\/www.urbanspot.si\/produkt\/barbie-ovitek-za-iphone-5-5s-se\/#breadcrumb","itemListElement":[{"@type":"ListItem","position":1,"name":"Home","item":"https:\/\/www.urbanspot.si\/"},{"@type":"ListItem","position":2,"name":"Shop","item":"https:\/\/www.urbanspot.si\/shop\/"},{"@type":"ListItem","position":3,"name":"Barbie ovitek za Iphone 5\/5S\/SE"}]},{"@type":"WebSite","@id":"https:\/\/www.urbanspot.si\/#website","url":"https:\/\/www.urbanspot.si\/","name":"UrbanSpot","description":"","publisher":{"@id":"https:\/\/www.urbanspot.si\/#organization"},"potentialAction":[{"@type":"SearchAction","target":{"@type":"EntryPoint","urlTemplate":"https:\/\/www.urbanspot.si\/?s={search_term_string}"},"query-input":{"@type":"PropertyValueSpecification","valueRequired":true,"valueName":"search_term_string"}}],"inLanguage":"hr"},{"@type":"Organization","@id":"https:\/\/www.urbanspot.si\/#organization","name":"UrbanSpot","url":"https:\/\/www.urbanspot.si\/","logo":{"@type":"ImageObject","inLanguage":"hr","@id":"https:\/\/www.urbanspot.si\/#\/schema\/logo\/image\/","url":"https:\/\/www.urbanspot.si\/wp-content\/uploads\/urbanspot-logo.svg","contentUrl":"https:\/\/www.urbanspot.si\/wp-content\/uploads\/urbanspot-logo.svg","width":185,"height":40,"caption":"UrbanSpot"},"image":{"@id":"https:\/\/www.urbanspot.si\/#\/schema\/logo\/image\/"},"sameAs":["https:\/\/www.facebook.com\/urbanspot.si"]}]}},"_links":{"self":[{"href":"https:\/\/www.urbanspot.si\/hr\/wp-json\/wp\/v2\/product\/10540","targetHints":{"allow":["GET"]}}],"collection":[{"href":"https:\/\/www.urbanspot.si\/hr\/wp-json\/wp\/v2\/product"}],"about":[{"href":"https:\/\/www.urbanspot.si\/hr\/wp-json\/wp\/v2\/types\/product"}],"replies":[{"embeddable":true,"href":"https:\/\/www.urbanspot.si\/hr\/wp-json\/wp\/v2\/comments?post=10540"}],"version-history":[{"count":3,"href":"https:\/\/www.urbanspot.si\/hr\/wp-json\/wp\/v2\/product\/10540\/revisions"}],"predecessor-version":[{"id":19399,"href":"https:\/\/www.urbanspot.si\/hr\/wp-json\/wp\/v2\/product\/10540\/revisions\/19399"}],"wp:featuredmedia":[{"embeddable":true,"href":"https:\/\/www.urbanspot.si\/hr\/wp-json\/wp\/v2\/media\/10542"}],"wp:attachment":[{"href":"https:\/\/www.urbanspot.si\/hr\/wp-json\/wp\/v2\/media?parent=10540"}],"wp:term":[{"taxonomy":"product_brand","embeddable":true,"href":"https:\/\/www.urbanspot.si\/hr\/wp-json\/wp\/v2\/product_brand?post=10540"},{"taxonomy":"product_cat","embeddable":true,"href":"https:\/\/www.urbanspot.si\/hr\/wp-json\/wp\/v2\/product_cat?post=10540"},{"taxonomy":"product_tag","embeddable":true,"href":"https:\/\/www.urbanspot.si\/hr\/wp-json\/wp\/v2\/product_tag?post=10540"}],"curies":[{"name":"radni list","href":"https:\/\/api.w.org\/{rel}","templated":true}]}}