{"id":10558,"date":"2024-05-22T14:29:33","date_gmt":"2024-05-22T13:29:33","guid":{"rendered":"https:\/\/www.urbanspot.si\/product\/spigen-h12-avtomobilsko-drzalo-za-telefon\/"},"modified":"2026-03-18T15:57:00","modified_gmt":"2026-03-18T13:57:00","slug":"drzac-za-telefon-u-automobilu-spigen-h12","status":"publish","type":"product","link":"https:\/\/www.urbanspot.si\/hr\/produkt\/spigen-h12-avtomobilsko-drzalo-za-telefon\/","title":{"rendered":"Dr\u017ea\u010d za telefon u automobilu Spigen H12"},"content":{"rendered":"<p>Dr\u017ea\u010d za auto tvrtke SPIGEN je vrhunski univerzalni dr\u017ea\u010d za telefon.<\/p>\n<p>Zna\u010dajke:\u00a0<\/p>\n<ul>\n<li>\u00a0Iznimno koristan i elegantan dr\u017ea\u010d<\/li>\n<li>Instalacija na nadzornoj plo\u010di\u00a0<\/li>\n<li>Magnetski dodatak\u00a0<\/li>\n<li>Kompatibilnost s telefonima \u0161irine 58-110 mm\u00a0<\/li>\n<li>Izvorni SPIGEN\u00a0<\/li>\n<li>Kvalitetna izrada\u00a0<\/li>\n<li>Glava nosa\u010da ima rotaciju od 360 stupnjeva<span class=\"Y2IQFc\" lang=\"sl\">\u00b0<\/span><\/li>\n<li><span class=\"Y2IQFc\" lang=\"sl\">Instalacija je jednostavna, samo umetnite nosa\u010d u otvor za izlaz zraka.<\/span><\/li>\n<li>Originalno pakiranje<\/li>\n<\/ul>","protected":false},"excerpt":{"rendered":"<p>Spigen univerzalni magnetski dr\u017ea\u010d za automobil omogu\u0107uje vam sigurno postavljanje bilo kojeg pametnog telefona na stalak! To je kompaktan dr\u017ea\u010d fleksibilnog dizajna (rotacija od 360\u00b0), \u0161to korisniku omogu\u0107uje prakti\u010dno pode\u0161avanje ure\u0111aja pod bilo kojim kutom.<\/p>","protected":false},"featured_media":10560,"comment_status":"closed","ping_status":"closed","template":"","meta":[],"product_brand":[],"product_cat":[104,105,91],"product_tag":[],"class_list":{"0":"post-10558","1":"product","2":"type-product","3":"status-publish","4":"has-post-thumbnail","6":"product_cat-dodatna-oprema","7":"product_cat-nosilci-in-drzala","8":"product_cat-razprodaja","9":"pa_primerno-za-model-dodatek-za-ovitke","10":"pa_primerno-za-proizvajalca-apple","11":"pa_primerno-za-proizvajalca-samsung","13":"first","14":"outofstock","15":"sale","16":"taxable","17":"shipping-taxable","18":"purchasable","19":"product-type-simple"},"yoast_head":"<!-- This site is optimized with the Yoast SEO plugin v27.4 - https:\/\/yoast.com\/product\/yoast-seo-wordpress\/ -->\n<title>Spigen H12 avtomobilsko dr\u017ealo za telefon -<\/title>\n<meta name=\"robots\" content=\"index, follow, max-snippet:-1, max-image-preview:large, max-video-preview:-1\" \/>\n<link rel=\"canonical\" href=\"https:\/\/www.urbanspot.si\/hr\/proizvod-2\/drzac-za-telefon-u-automobilu-spigen-h12\/\" \/>\n<meta property=\"og:locale\" content=\"hr_HR\" \/>\n<meta property=\"og:type\" content=\"article\" \/>\n<meta property=\"og:title\" content=\"Spigen H12 avtomobilsko dr\u017ealo za telefon -\" \/>\n<meta property=\"og:description\" content=\"Univerzalni magnetni nosilec za avtomobile znamke Spigen omogo\u010da varno namestitev na stojalo kateregakoli pametnega telefona! Gre za kompaktno dr\u017ealo, ki ima prilagodljivo zasnovo (rotacija 360 \u00b0), kar uporabniku omogo\u010da udobje prilagajanja naprave pod katerimkoli kotom.\" \/>\n<meta property=\"og:url\" content=\"https:\/\/www.urbanspot.si\/hr\/proizvod-2\/drzac-za-telefon-u-automobilu-spigen-h12\/\" \/>\n<meta property=\"article:publisher\" content=\"https:\/\/www.facebook.com\/urbanspot.si\" \/>\n<meta property=\"article:modified_time\" content=\"2026-03-18T13:57:00+00:00\" \/>\n<meta property=\"og:image\" content=\"https:\/\/www.urbanspot.si\/wp-content\/uploads\/spigen-h12-avtomobilsko-drzalo-za-telefon.jpg\" \/>\n\t<meta property=\"og:image:width\" content=\"1000\" \/>\n\t<meta property=\"og:image:height\" content=\"1000\" \/>\n\t<meta property=\"og:image:type\" content=\"image\/jpeg\" \/>\n<meta name=\"twitter:card\" content=\"summary_large_image\" \/>\n<script type=\"application\/ld+json\" class=\"yoast-schema-graph\">{\"@context\":\"https:\\\/\\\/schema.org\",\"@graph\":[{\"@type\":\"WebPage\",\"@id\":\"https:\\\/\\\/www.urbanspot.si\\\/produkt\\\/spigen-h12-avtomobilsko-drzalo-za-telefon\\\/\",\"url\":\"https:\\\/\\\/www.urbanspot.si\\\/produkt\\\/spigen-h12-avtomobilsko-drzalo-za-telefon\\\/\",\"name\":\"Spigen H12 avtomobilsko dr\u017ealo za telefon -\",\"isPartOf\":{\"@id\":\"https:\\\/\\\/www.urbanspot.si\\\/#website\"},\"primaryImageOfPage\":{\"@id\":\"https:\\\/\\\/www.urbanspot.si\\\/produkt\\\/spigen-h12-avtomobilsko-drzalo-za-telefon\\\/#primaryimage\"},\"image\":{\"@id\":\"https:\\\/\\\/www.urbanspot.si\\\/produkt\\\/spigen-h12-avtomobilsko-drzalo-za-telefon\\\/#primaryimage\"},\"thumbnailUrl\":\"https:\\\/\\\/www.urbanspot.si\\\/wp-content\\\/uploads\\\/spigen-h12-avtomobilsko-drzalo-za-telefon.jpg\",\"datePublished\":\"2024-05-22T13:29:33+00:00\",\"dateModified\":\"2026-03-18T13:57:00+00:00\",\"breadcrumb\":{\"@id\":\"https:\\\/\\\/www.urbanspot.si\\\/produkt\\\/spigen-h12-avtomobilsko-drzalo-za-telefon\\\/#breadcrumb\"},\"inLanguage\":\"hr\",\"potentialAction\":[{\"@type\":\"ReadAction\",\"target\":[\"https:\\\/\\\/www.urbanspot.si\\\/produkt\\\/spigen-h12-avtomobilsko-drzalo-za-telefon\\\/\"]}]},{\"@type\":\"ImageObject\",\"inLanguage\":\"hr\",\"@id\":\"https:\\\/\\\/www.urbanspot.si\\\/produkt\\\/spigen-h12-avtomobilsko-drzalo-za-telefon\\\/#primaryimage\",\"url\":\"https:\\\/\\\/www.urbanspot.si\\\/wp-content\\\/uploads\\\/spigen-h12-avtomobilsko-drzalo-za-telefon.jpg\",\"contentUrl\":\"https:\\\/\\\/www.urbanspot.si\\\/wp-content\\\/uploads\\\/spigen-h12-avtomobilsko-drzalo-za-telefon.jpg\",\"width\":1000,\"height\":1000,\"caption\":\"Spigen H12 avtomobilsko dr\u017ealo za telefon\"},{\"@type\":\"BreadcrumbList\",\"@id\":\"https:\\\/\\\/www.urbanspot.si\\\/produkt\\\/spigen-h12-avtomobilsko-drzalo-za-telefon\\\/#breadcrumb\",\"itemListElement\":[{\"@type\":\"ListItem\",\"position\":1,\"name\":\"Home\",\"item\":\"https:\\\/\\\/www.urbanspot.si\\\/\"},{\"@type\":\"ListItem\",\"position\":2,\"name\":\"Shop\",\"item\":\"https:\\\/\\\/www.urbanspot.si\\\/shop\\\/\"},{\"@type\":\"ListItem\",\"position\":3,\"name\":\"Spigen H12 avtomobilsko dr\u017ealo za telefon\"}]},{\"@type\":\"WebSite\",\"@id\":\"https:\\\/\\\/www.urbanspot.si\\\/#website\",\"url\":\"https:\\\/\\\/www.urbanspot.si\\\/\",\"name\":\"UrbanSpot\",\"description\":\"\",\"publisher\":{\"@id\":\"https:\\\/\\\/www.urbanspot.si\\\/#organization\"},\"potentialAction\":[{\"@type\":\"SearchAction\",\"target\":{\"@type\":\"EntryPoint\",\"urlTemplate\":\"https:\\\/\\\/www.urbanspot.si\\\/?s={search_term_string}\"},\"query-input\":{\"@type\":\"PropertyValueSpecification\",\"valueRequired\":true,\"valueName\":\"search_term_string\"}}],\"inLanguage\":\"hr\"},{\"@type\":\"Organization\",\"@id\":\"https:\\\/\\\/www.urbanspot.si\\\/#organization\",\"name\":\"UrbanSpot\",\"url\":\"https:\\\/\\\/www.urbanspot.si\\\/\",\"logo\":{\"@type\":\"ImageObject\",\"inLanguage\":\"hr\",\"@id\":\"https:\\\/\\\/www.urbanspot.si\\\/#\\\/schema\\\/logo\\\/image\\\/\",\"url\":\"https:\\\/\\\/www.urbanspot.si\\\/wp-content\\\/uploads\\\/urbanspot-logo.svg\",\"contentUrl\":\"https:\\\/\\\/www.urbanspot.si\\\/wp-content\\\/uploads\\\/urbanspot-logo.svg\",\"width\":185,\"height\":40,\"caption\":\"UrbanSpot\"},\"image\":{\"@id\":\"https:\\\/\\\/www.urbanspot.si\\\/#\\\/schema\\\/logo\\\/image\\\/\"},\"sameAs\":[\"https:\\\/\\\/www.facebook.com\\\/urbanspot.si\"]}]}<\/script>\n<!-- \/ Yoast SEO plugin. -->","yoast_head_json":{"title":"Spigen H12 avtomobilsko dr\u017ealo za telefon -","robots":{"index":"index","follow":"follow","max-snippet":"max-snippet:-1","max-image-preview":"max-image-preview:large","max-video-preview":"max-video-preview:-1"},"canonical":"https:\/\/www.urbanspot.si\/hr\/proizvod-2\/drzac-za-telefon-u-automobilu-spigen-h12\/","og_locale":"hr_HR","og_type":"article","og_title":"Spigen H12 avtomobilsko dr\u017ealo za telefon -","og_description":"Univerzalni magnetni nosilec za avtomobile znamke Spigen omogo\u010da varno namestitev na stojalo kateregakoli pametnega telefona! Gre za kompaktno dr\u017ealo, ki ima prilagodljivo zasnovo (rotacija 360 \u00b0), kar uporabniku omogo\u010da udobje prilagajanja naprave pod katerimkoli kotom.","og_url":"https:\/\/www.urbanspot.si\/hr\/proizvod-2\/drzac-za-telefon-u-automobilu-spigen-h12\/","article_publisher":"https:\/\/www.facebook.com\/urbanspot.si","article_modified_time":"2026-03-18T13:57:00+00:00","og_image":[{"width":1000,"height":1000,"url":"https:\/\/www.urbanspot.si\/wp-content\/uploads\/spigen-h12-avtomobilsko-drzalo-za-telefon.jpg","type":"image\/jpeg"}],"twitter_card":"summary_large_image","schema":{"@context":"https:\/\/schema.org","@graph":[{"@type":"WebPage","@id":"https:\/\/www.urbanspot.si\/produkt\/spigen-h12-avtomobilsko-drzalo-za-telefon\/","url":"https:\/\/www.urbanspot.si\/produkt\/spigen-h12-avtomobilsko-drzalo-za-telefon\/","name":"Spigen H12 avtomobilsko dr\u017ealo za telefon -","isPartOf":{"@id":"https:\/\/www.urbanspot.si\/#website"},"primaryImageOfPage":{"@id":"https:\/\/www.urbanspot.si\/produkt\/spigen-h12-avtomobilsko-drzalo-za-telefon\/#primaryimage"},"image":{"@id":"https:\/\/www.urbanspot.si\/produkt\/spigen-h12-avtomobilsko-drzalo-za-telefon\/#primaryimage"},"thumbnailUrl":"https:\/\/www.urbanspot.si\/wp-content\/uploads\/spigen-h12-avtomobilsko-drzalo-za-telefon.jpg","datePublished":"2024-05-22T13:29:33+00:00","dateModified":"2026-03-18T13:57:00+00:00","breadcrumb":{"@id":"https:\/\/www.urbanspot.si\/produkt\/spigen-h12-avtomobilsko-drzalo-za-telefon\/#breadcrumb"},"inLanguage":"hr","potentialAction":[{"@type":"ReadAction","target":["https:\/\/www.urbanspot.si\/produkt\/spigen-h12-avtomobilsko-drzalo-za-telefon\/"]}]},{"@type":"ImageObject","inLanguage":"hr","@id":"https:\/\/www.urbanspot.si\/produkt\/spigen-h12-avtomobilsko-drzalo-za-telefon\/#primaryimage","url":"https:\/\/www.urbanspot.si\/wp-content\/uploads\/spigen-h12-avtomobilsko-drzalo-za-telefon.jpg","contentUrl":"https:\/\/www.urbanspot.si\/wp-content\/uploads\/spigen-h12-avtomobilsko-drzalo-za-telefon.jpg","width":1000,"height":1000,"caption":"Spigen H12 avtomobilsko dr\u017ealo za telefon"},{"@type":"BreadcrumbList","@id":"https:\/\/www.urbanspot.si\/produkt\/spigen-h12-avtomobilsko-drzalo-za-telefon\/#breadcrumb","itemListElement":[{"@type":"ListItem","position":1,"name":"Home","item":"https:\/\/www.urbanspot.si\/"},{"@type":"ListItem","position":2,"name":"Shop","item":"https:\/\/www.urbanspot.si\/shop\/"},{"@type":"ListItem","position":3,"name":"Spigen H12 avtomobilsko dr\u017ealo za telefon"}]},{"@type":"WebSite","@id":"https:\/\/www.urbanspot.si\/#website","url":"https:\/\/www.urbanspot.si\/","name":"UrbanSpot","description":"","publisher":{"@id":"https:\/\/www.urbanspot.si\/#organization"},"potentialAction":[{"@type":"SearchAction","target":{"@type":"EntryPoint","urlTemplate":"https:\/\/www.urbanspot.si\/?s={search_term_string}"},"query-input":{"@type":"PropertyValueSpecification","valueRequired":true,"valueName":"search_term_string"}}],"inLanguage":"hr"},{"@type":"Organization","@id":"https:\/\/www.urbanspot.si\/#organization","name":"UrbanSpot","url":"https:\/\/www.urbanspot.si\/","logo":{"@type":"ImageObject","inLanguage":"hr","@id":"https:\/\/www.urbanspot.si\/#\/schema\/logo\/image\/","url":"https:\/\/www.urbanspot.si\/wp-content\/uploads\/urbanspot-logo.svg","contentUrl":"https:\/\/www.urbanspot.si\/wp-content\/uploads\/urbanspot-logo.svg","width":185,"height":40,"caption":"UrbanSpot"},"image":{"@id":"https:\/\/www.urbanspot.si\/#\/schema\/logo\/image\/"},"sameAs":["https:\/\/www.facebook.com\/urbanspot.si"]}]}},"_links":{"self":[{"href":"https:\/\/www.urbanspot.si\/hr\/wp-json\/wp\/v2\/product\/10558","targetHints":{"allow":["GET"]}}],"collection":[{"href":"https:\/\/www.urbanspot.si\/hr\/wp-json\/wp\/v2\/product"}],"about":[{"href":"https:\/\/www.urbanspot.si\/hr\/wp-json\/wp\/v2\/types\/product"}],"replies":[{"embeddable":true,"href":"https:\/\/www.urbanspot.si\/hr\/wp-json\/wp\/v2\/comments?post=10558"}],"version-history":[{"count":1,"href":"https:\/\/www.urbanspot.si\/hr\/wp-json\/wp\/v2\/product\/10558\/revisions"}],"predecessor-version":[{"id":10559,"href":"https:\/\/www.urbanspot.si\/hr\/wp-json\/wp\/v2\/product\/10558\/revisions\/10559"}],"wp:featuredmedia":[{"embeddable":true,"href":"https:\/\/www.urbanspot.si\/hr\/wp-json\/wp\/v2\/media\/10560"}],"wp:attachment":[{"href":"https:\/\/www.urbanspot.si\/hr\/wp-json\/wp\/v2\/media?parent=10558"}],"wp:term":[{"taxonomy":"product_brand","embeddable":true,"href":"https:\/\/www.urbanspot.si\/hr\/wp-json\/wp\/v2\/product_brand?post=10558"},{"taxonomy":"product_cat","embeddable":true,"href":"https:\/\/www.urbanspot.si\/hr\/wp-json\/wp\/v2\/product_cat?post=10558"},{"taxonomy":"product_tag","embeddable":true,"href":"https:\/\/www.urbanspot.si\/hr\/wp-json\/wp\/v2\/product_tag?post=10558"}],"curies":[{"name":"radni list","href":"https:\/\/api.w.org\/{rel}","templated":true}]}}