{"id":10680,"date":"2024-05-22T14:29:46","date_gmt":"2024-05-22T13:29:46","guid":{"rendered":"https:\/\/www.urbanspot.si\/product\/guess-big-logo-pink-torba-za-prenosnike-do-16\/"},"modified":"2026-03-18T15:56:56","modified_gmt":"2026-03-18T13:56:56","slug":"guess-torba-za-laptop-s-velikim-logom-ruzicasta-do-16","status":"publish","type":"product","link":"https:\/\/www.urbanspot.si\/hr\/produkt\/guess-big-logo-pink-torba-za-prenosnike-do-16\/","title":{"rendered":"Guess torba za laptop s velikim logom, do 16\u2033, ru\u017ei\u010dasta"},"content":{"rendered":"<p>S Guess torbom mo\u017eete ponijeti svoj laptop bilo gdje. Bit \u0107e za\u0161ti\u0107en od ogrebotina, udaraca i prljav\u0161tine.<\/p>\n<p>Torba ima ru\u010dku za no\u0161enje u ruci i podesivi remen od 60 cm do 130 cm, tako da je mo\u017eete nositi i preko ramena. Glavni odjeljak ima podstavljeni d\u017eep za laptop i dva odvojena d\u017eepa za pribor. Torba, koja se zatvara dvostrukim patentnim zatvara\u010dem, ima i jedan vanjski d\u017eep koji se zatvara ugra\u0111enim magnetima.<\/p>\n<p><strong>Zna\u010dajke:<\/strong><\/p>\n<ul>\n<li>Materijal: Umjetna ko\u017ea<\/li>\n<li>Boja: Roza s uzorkom<\/li>\n<li>Dimenzije: 41 cm x 30 cm x 4,5 cm<\/li>\n<li>Pogodno za: laptope od 13\u2033 do 16\u2033<\/li>\n<\/ul>","protected":false},"excerpt":{"rendered":"<p>Moderna i elegantna torba pru\u017eit \u0107e potpunu za\u0161titu va\u0161em prijenosnom ra\u010dunalu od ogrebotina, udaraca i prljav\u0161tine. Pogodna je za sva prijenosna ra\u010dunala od 13\u2033 i 16\u2033. Torba ima ru\u010dku za no\u0161enje u ruci i podesivi remen od 60 cm do 130 cm, tako da je mo\u017eete nositi i preko ramena. Glavni odjeljak ima podstavljeni d\u017eep za prijenosno ra\u010dunalo i dva odvojena d\u017eepa za pribor. Torba, koja se zatvara dvostrukim patentnim zatvara\u010dem, tako\u0111er ima jedan vanjski d\u017eep koji se zatvara ugra\u0111enim magnetima.<\/p>","protected":false},"featured_media":10682,"comment_status":"closed","ping_status":"closed","template":"","meta":[],"product_brand":[],"product_cat":[91,140,139,549],"product_tag":[],"class_list":{"0":"post-10680","1":"product","2":"type-product","3":"status-publish","4":"has-post-thumbnail","6":"product_cat-razprodaja","7":"product_cat-torbe","8":"product_cat-torbe-in-nahrbtniki-za-prenosnike","9":"product_cat-torbe-za-prenosnike","11":"first","12":"outofstock","13":"sale","14":"taxable","15":"shipping-taxable","16":"purchasable","17":"product-type-simple"},"yoast_head":"<!-- This site is optimized with the Yoast SEO plugin v27.4 - https:\/\/yoast.com\/product\/yoast-seo-wordpress\/ -->\n<title>Torba za prenosnike Guess Big Logo , do 16\u2033, roza -<\/title>\n<meta name=\"robots\" content=\"index, follow, max-snippet:-1, max-image-preview:large, max-video-preview:-1\" \/>\n<link rel=\"canonical\" href=\"https:\/\/www.urbanspot.si\/hr\/proizvod-2\/guess-torba-za-laptop-s-velikim-logom-ruzicasta-do-16\/\" \/>\n<meta property=\"og:locale\" content=\"hr_HR\" \/>\n<meta property=\"og:type\" content=\"article\" \/>\n<meta property=\"og:title\" content=\"Torba za prenosnike Guess Big Logo , do 16\u2033, roza -\" \/>\n<meta property=\"og:description\" content=\"Modna in elegantna torba bo poskrbela za popolno za\u0161\u010ditno va\u0161ega prenosnika pred praskami, udarci in umazanijo. Primerna je za vse 13&quot; in 16&quot; prenosnike. Torba ima ro\u010daj za ro\u010dno no\u0161enje ter prilo\u017een prilagodljiv pas od 60 cm to 130 cm, da jo lahko nosite tudi preko rame. Glavni predal ima oblazinjen \u017eep za prenosni ra\u010dunalnik ter dva lo\u010dena \u017eepa za dodatke. Torba, ki se zapira z dvojno zadrgo ima tudi en zunanji \u017eep, ki se zapre z vgrajenimi magneti.\" \/>\n<meta property=\"og:url\" content=\"https:\/\/www.urbanspot.si\/hr\/proizvod-2\/guess-torba-za-laptop-s-velikim-logom-ruzicasta-do-16\/\" \/>\n<meta property=\"article:publisher\" content=\"https:\/\/www.facebook.com\/urbanspot.si\" \/>\n<meta property=\"article:modified_time\" content=\"2026-03-18T13:56:56+00:00\" \/>\n<meta property=\"og:image\" content=\"https:\/\/www.urbanspot.si\/wp-content\/uploads\/guess-big-logo-pink-torba-za-prenosnike-do-16.jpg\" \/>\n\t<meta property=\"og:image:width\" content=\"1200\" \/>\n\t<meta property=\"og:image:height\" content=\"1200\" \/>\n\t<meta property=\"og:image:type\" content=\"image\/jpeg\" \/>\n<meta name=\"twitter:card\" content=\"summary_large_image\" \/>\n<meta name=\"twitter:label1\" content=\"Procijenjeno vrijeme \u010ditanja\" \/>\n\t<meta name=\"twitter:data1\" content=\"1 minuta\" \/>\n<script type=\"application\/ld+json\" class=\"yoast-schema-graph\">{\"@context\":\"https:\\\/\\\/schema.org\",\"@graph\":[{\"@type\":\"WebPage\",\"@id\":\"https:\\\/\\\/www.urbanspot.si\\\/produkt\\\/guess-big-logo-pink-torba-za-prenosnike-do-16\\\/\",\"url\":\"https:\\\/\\\/www.urbanspot.si\\\/produkt\\\/guess-big-logo-pink-torba-za-prenosnike-do-16\\\/\",\"name\":\"Torba za prenosnike Guess Big Logo , do 16\u2033, roza -\",\"isPartOf\":{\"@id\":\"https:\\\/\\\/www.urbanspot.si\\\/#website\"},\"primaryImageOfPage\":{\"@id\":\"https:\\\/\\\/www.urbanspot.si\\\/produkt\\\/guess-big-logo-pink-torba-za-prenosnike-do-16\\\/#primaryimage\"},\"image\":{\"@id\":\"https:\\\/\\\/www.urbanspot.si\\\/produkt\\\/guess-big-logo-pink-torba-za-prenosnike-do-16\\\/#primaryimage\"},\"thumbnailUrl\":\"https:\\\/\\\/www.urbanspot.si\\\/wp-content\\\/uploads\\\/guess-big-logo-pink-torba-za-prenosnike-do-16.jpg\",\"datePublished\":\"2024-05-22T13:29:46+00:00\",\"dateModified\":\"2026-03-18T13:56:56+00:00\",\"breadcrumb\":{\"@id\":\"https:\\\/\\\/www.urbanspot.si\\\/produkt\\\/guess-big-logo-pink-torba-za-prenosnike-do-16\\\/#breadcrumb\"},\"inLanguage\":\"hr\",\"potentialAction\":[{\"@type\":\"ReadAction\",\"target\":[\"https:\\\/\\\/www.urbanspot.si\\\/produkt\\\/guess-big-logo-pink-torba-za-prenosnike-do-16\\\/\"]}]},{\"@type\":\"ImageObject\",\"inLanguage\":\"hr\",\"@id\":\"https:\\\/\\\/www.urbanspot.si\\\/produkt\\\/guess-big-logo-pink-torba-za-prenosnike-do-16\\\/#primaryimage\",\"url\":\"https:\\\/\\\/www.urbanspot.si\\\/wp-content\\\/uploads\\\/guess-big-logo-pink-torba-za-prenosnike-do-16.jpg\",\"contentUrl\":\"https:\\\/\\\/www.urbanspot.si\\\/wp-content\\\/uploads\\\/guess-big-logo-pink-torba-za-prenosnike-do-16.jpg\",\"width\":1200,\"height\":1200,\"caption\":\"Guess Big Logo Pink torba za prenosnike do 16\\\"\"},{\"@type\":\"BreadcrumbList\",\"@id\":\"https:\\\/\\\/www.urbanspot.si\\\/produkt\\\/guess-big-logo-pink-torba-za-prenosnike-do-16\\\/#breadcrumb\",\"itemListElement\":[{\"@type\":\"ListItem\",\"position\":1,\"name\":\"Home\",\"item\":\"https:\\\/\\\/www.urbanspot.si\\\/\"},{\"@type\":\"ListItem\",\"position\":2,\"name\":\"Shop\",\"item\":\"https:\\\/\\\/www.urbanspot.si\\\/shop\\\/\"},{\"@type\":\"ListItem\",\"position\":3,\"name\":\"Torba za prenosnike Guess Big Logo , do 16\u2033, roza\"}]},{\"@type\":\"WebSite\",\"@id\":\"https:\\\/\\\/www.urbanspot.si\\\/#website\",\"url\":\"https:\\\/\\\/www.urbanspot.si\\\/\",\"name\":\"UrbanSpot\",\"description\":\"\",\"publisher\":{\"@id\":\"https:\\\/\\\/www.urbanspot.si\\\/#organization\"},\"potentialAction\":[{\"@type\":\"SearchAction\",\"target\":{\"@type\":\"EntryPoint\",\"urlTemplate\":\"https:\\\/\\\/www.urbanspot.si\\\/?s={search_term_string}\"},\"query-input\":{\"@type\":\"PropertyValueSpecification\",\"valueRequired\":true,\"valueName\":\"search_term_string\"}}],\"inLanguage\":\"hr\"},{\"@type\":\"Organization\",\"@id\":\"https:\\\/\\\/www.urbanspot.si\\\/#organization\",\"name\":\"UrbanSpot\",\"url\":\"https:\\\/\\\/www.urbanspot.si\\\/\",\"logo\":{\"@type\":\"ImageObject\",\"inLanguage\":\"hr\",\"@id\":\"https:\\\/\\\/www.urbanspot.si\\\/#\\\/schema\\\/logo\\\/image\\\/\",\"url\":\"https:\\\/\\\/www.urbanspot.si\\\/wp-content\\\/uploads\\\/urbanspot-logo.svg\",\"contentUrl\":\"https:\\\/\\\/www.urbanspot.si\\\/wp-content\\\/uploads\\\/urbanspot-logo.svg\",\"width\":185,\"height\":40,\"caption\":\"UrbanSpot\"},\"image\":{\"@id\":\"https:\\\/\\\/www.urbanspot.si\\\/#\\\/schema\\\/logo\\\/image\\\/\"},\"sameAs\":[\"https:\\\/\\\/www.facebook.com\\\/urbanspot.si\"]}]}<\/script>\n<!-- \/ Yoast SEO plugin. -->","yoast_head_json":{"title":"Torba za prijenosnike Guess Big Logo, do 16\u2033, ru\u017ei\u010dasta -","robots":{"index":"index","follow":"follow","max-snippet":"max-snippet:-1","max-image-preview":"max-image-preview:large","max-video-preview":"max-video-preview:-1"},"canonical":"https:\/\/www.urbanspot.si\/hr\/proizvod-2\/guess-torba-za-laptop-s-velikim-logom-ruzicasta-do-16\/","og_locale":"hr_HR","og_type":"article","og_title":"Torba za prenosnike Guess Big Logo , do 16\u2033, roza -","og_description":"Modna in elegantna torba bo poskrbela za popolno za\u0161\u010ditno va\u0161ega prenosnika pred praskami, udarci in umazanijo. Primerna je za vse 13\" in 16\" prenosnike. Torba ima ro\u010daj za ro\u010dno no\u0161enje ter prilo\u017een prilagodljiv pas od 60 cm to 130 cm, da jo lahko nosite tudi preko rame. Glavni predal ima oblazinjen \u017eep za prenosni ra\u010dunalnik ter dva lo\u010dena \u017eepa za dodatke. Torba, ki se zapira z dvojno zadrgo ima tudi en zunanji \u017eep, ki se zapre z vgrajenimi magneti.","og_url":"https:\/\/www.urbanspot.si\/hr\/proizvod-2\/guess-torba-za-laptop-s-velikim-logom-ruzicasta-do-16\/","article_publisher":"https:\/\/www.facebook.com\/urbanspot.si","article_modified_time":"2026-03-18T13:56:56+00:00","og_image":[{"width":1200,"height":1200,"url":"https:\/\/www.urbanspot.si\/wp-content\/uploads\/guess-big-logo-pink-torba-za-prenosnike-do-16.jpg","type":"image\/jpeg"}],"twitter_card":"summary_large_image","twitter_misc":{"Procijenjeno vrijeme \u010ditanja":"1 minuta"},"schema":{"@context":"https:\/\/schema.org","@graph":[{"@type":"WebPage","@id":"https:\/\/www.urbanspot.si\/produkt\/guess-big-logo-pink-torba-za-prenosnike-do-16\/","url":"https:\/\/www.urbanspot.si\/produkt\/guess-big-logo-pink-torba-za-prenosnike-do-16\/","name":"Torba za prijenosnike Guess Big Logo, do 16\u2033, ru\u017ei\u010dasta -","isPartOf":{"@id":"https:\/\/www.urbanspot.si\/#website"},"primaryImageOfPage":{"@id":"https:\/\/www.urbanspot.si\/produkt\/guess-big-logo-pink-torba-za-prenosnike-do-16\/#primaryimage"},"image":{"@id":"https:\/\/www.urbanspot.si\/produkt\/guess-big-logo-pink-torba-za-prenosnike-do-16\/#primaryimage"},"thumbnailUrl":"https:\/\/www.urbanspot.si\/wp-content\/uploads\/guess-big-logo-pink-torba-za-prenosnike-do-16.jpg","datePublished":"2024-05-22T13:29:46+00:00","dateModified":"2026-03-18T13:56:56+00:00","breadcrumb":{"@id":"https:\/\/www.urbanspot.si\/produkt\/guess-big-logo-pink-torba-za-prenosnike-do-16\/#breadcrumb"},"inLanguage":"hr","potentialAction":[{"@type":"ReadAction","target":["https:\/\/www.urbanspot.si\/produkt\/guess-big-logo-pink-torba-za-prenosnike-do-16\/"]}]},{"@type":"ImageObject","inLanguage":"hr","@id":"https:\/\/www.urbanspot.si\/produkt\/guess-big-logo-pink-torba-za-prenosnike-do-16\/#primaryimage","url":"https:\/\/www.urbanspot.si\/wp-content\/uploads\/guess-big-logo-pink-torba-za-prenosnike-do-16.jpg","contentUrl":"https:\/\/www.urbanspot.si\/wp-content\/uploads\/guess-big-logo-pink-torba-za-prenosnike-do-16.jpg","width":1200,"height":1200,"caption":"Guess Big Logo Pink torba za prenosnike do 16\""},{"@type":"BreadcrumbList","@id":"https:\/\/www.urbanspot.si\/produkt\/guess-big-logo-pink-torba-za-prenosnike-do-16\/#breadcrumb","itemListElement":[{"@type":"ListItem","position":1,"name":"Home","item":"https:\/\/www.urbanspot.si\/"},{"@type":"ListItem","position":2,"name":"Shop","item":"https:\/\/www.urbanspot.si\/shop\/"},{"@type":"ListItem","position":3,"name":"Torba za prenosnike Guess Big Logo , do 16\u2033, roza"}]},{"@type":"WebSite","@id":"https:\/\/www.urbanspot.si\/#website","url":"https:\/\/www.urbanspot.si\/","name":"UrbanSpot","description":"","publisher":{"@id":"https:\/\/www.urbanspot.si\/#organization"},"potentialAction":[{"@type":"SearchAction","target":{"@type":"EntryPoint","urlTemplate":"https:\/\/www.urbanspot.si\/?s={search_term_string}"},"query-input":{"@type":"PropertyValueSpecification","valueRequired":true,"valueName":"search_term_string"}}],"inLanguage":"hr"},{"@type":"Organization","@id":"https:\/\/www.urbanspot.si\/#organization","name":"UrbanSpot","url":"https:\/\/www.urbanspot.si\/","logo":{"@type":"ImageObject","inLanguage":"hr","@id":"https:\/\/www.urbanspot.si\/#\/schema\/logo\/image\/","url":"https:\/\/www.urbanspot.si\/wp-content\/uploads\/urbanspot-logo.svg","contentUrl":"https:\/\/www.urbanspot.si\/wp-content\/uploads\/urbanspot-logo.svg","width":185,"height":40,"caption":"UrbanSpot"},"image":{"@id":"https:\/\/www.urbanspot.si\/#\/schema\/logo\/image\/"},"sameAs":["https:\/\/www.facebook.com\/urbanspot.si"]}]}},"_links":{"self":[{"href":"https:\/\/www.urbanspot.si\/hr\/wp-json\/wp\/v2\/product\/10680","targetHints":{"allow":["GET"]}}],"collection":[{"href":"https:\/\/www.urbanspot.si\/hr\/wp-json\/wp\/v2\/product"}],"about":[{"href":"https:\/\/www.urbanspot.si\/hr\/wp-json\/wp\/v2\/types\/product"}],"replies":[{"embeddable":true,"href":"https:\/\/www.urbanspot.si\/hr\/wp-json\/wp\/v2\/comments?post=10680"}],"version-history":[{"count":4,"href":"https:\/\/www.urbanspot.si\/hr\/wp-json\/wp\/v2\/product\/10680\/revisions"}],"predecessor-version":[{"id":27212,"href":"https:\/\/www.urbanspot.si\/hr\/wp-json\/wp\/v2\/product\/10680\/revisions\/27212"}],"wp:featuredmedia":[{"embeddable":true,"href":"https:\/\/www.urbanspot.si\/hr\/wp-json\/wp\/v2\/media\/10682"}],"wp:attachment":[{"href":"https:\/\/www.urbanspot.si\/hr\/wp-json\/wp\/v2\/media?parent=10680"}],"wp:term":[{"taxonomy":"product_brand","embeddable":true,"href":"https:\/\/www.urbanspot.si\/hr\/wp-json\/wp\/v2\/product_brand?post=10680"},{"taxonomy":"product_cat","embeddable":true,"href":"https:\/\/www.urbanspot.si\/hr\/wp-json\/wp\/v2\/product_cat?post=10680"},{"taxonomy":"product_tag","embeddable":true,"href":"https:\/\/www.urbanspot.si\/hr\/wp-json\/wp\/v2\/product_tag?post=10680"}],"curies":[{"name":"radni list","href":"https:\/\/api.w.org\/{rel}","templated":true}]}}