{"id":10734,"date":"2024-05-22T14:30:04","date_gmt":"2024-05-22T13:30:04","guid":{"rendered":"https:\/\/www.urbanspot.si\/product\/guess-big-logo-gray-ovitek-za-prenosnike-do-13-3\/"},"modified":"2026-04-28T12:16:33","modified_gmt":"2026-04-28T10:16:33","slug":"guess-siva-futrola-za-laptop-do-13-3","status":"publish","type":"product","link":"https:\/\/www.urbanspot.si\/hr\/produkt\/guess-big-logo-gray-ovitek-za-prenosnike-do-13-3\/","title":{"rendered":"Guess Big Logo siva futrola za laptop do 13&#039;3"},"content":{"rendered":"<p>Va\u0161e prijenosno ra\u010dunalo bit \u0107e u potpunosti za\u0161ti\u0107eno od povr\u0161inskih o\u0161te\u0107enja, prljav\u0161tine, ogrebotina i manjih padova.<\/p>\n<p>Zna\u010dajke:<\/p>\n<ul>\n<li>Materijal: Visokokvalitetna eko ko\u017ea<\/li>\n<li>Vrsta: Torba za tablet i laptop<\/li>\n<li>Boja: Siva s uzorcima i zlatnim metalnim logotipom<\/li>\n<li>Dimenzije: 38 x 30 x 4 cm\u00a0\u00a0<\/li>\n<li>Broj ladica: 2<\/li>\n<li>Pogodno za: laptope i tablete do 14&quot;<\/li>\n<li>Magnetsko zatvaranje<\/li>\n<li>Jedinstveni dizajn<\/li>\n<\/ul>","protected":false},"excerpt":{"rendered":"<p>Eleganten ovitek za prenosnik, zasnovan za 13.3 do 14 -pal\u010dni prenosnik \/ tabli\u010dni ra\u010dunalnik. Natan\u010den dizajn in eleganten videz sta prednost izdelkov Guess. Torba je narejena iz visoko kakovostnega eko usnja in nudi varno magnetno zapiranje. Ohi\u0161je odlikuje izjemna tanj\u0161a oblika,  katera ne zavzame odve\u010dnega prostora. Etui se udobno prilega va\u0161emu nahrbtniku ali torbi. Primerno tudi za model : MacBook Air in MacBook Pro.<\/p>","protected":false},"featured_media":10736,"comment_status":"closed","ping_status":"closed","template":"","meta":[],"product_brand":[],"product_cat":[104,551,560,91,140,139],"product_tag":[],"class_list":{"0":"post-10734","1":"product","2":"type-product","3":"status-publish","4":"has-post-thumbnail","6":"product_cat-dodatna-oprema","7":"product_cat-ovitek-za-prenosnike","8":"product_cat-ovitki-za-telefone","9":"product_cat-razprodaja","10":"product_cat-torbe","11":"product_cat-torbe-in-nahrbtniki-za-prenosnike","13":"first","14":"instock","15":"sale","16":"taxable","17":"shipping-taxable","18":"purchasable","19":"product-type-simple"},"yoast_head":"<!-- This site is optimized with the Yoast SEO plugin v27.4 - https:\/\/yoast.com\/product\/yoast-seo-wordpress\/ -->\n<title>Guess Big Logo Gray ovitek za prenosnike do 13&#039;3 -<\/title>\n<meta name=\"robots\" content=\"index, follow, max-snippet:-1, max-image-preview:large, max-video-preview:-1\" \/>\n<link rel=\"canonical\" href=\"https:\/\/www.urbanspot.si\/hr\/proizvod-2\/guess-siva-futrola-za-laptop-do-13-3\/\" \/>\n<meta property=\"og:locale\" content=\"hr_HR\" \/>\n<meta property=\"og:type\" content=\"article\" \/>\n<meta property=\"og:title\" content=\"Guess Big Logo Gray ovitek za prenosnike do 13&#039;3 -\" \/>\n<meta property=\"og:description\" content=\"Eleganten ovitek za prenosnik, zasnovan za 13.3 do 14 -pal\u010dni prenosnik \/ tabli\u010dni ra\u010dunalnik. Natan\u010den dizajn in eleganten videz sta prednost izdelkov Guess. Torba je narejena iz visoko kakovostnega eko usnja in nudi varno magnetno zapiranje. Ohi\u0161je odlikuje izjemna tanj\u0161a oblika, katera ne zavzame odve\u010dnega prostora. Etui se udobno prilega va\u0161emu nahrbtniku ali torbi. Primerno tudi za model : MacBook Air in MacBook Pro.\" \/>\n<meta property=\"og:url\" content=\"https:\/\/www.urbanspot.si\/hr\/proizvod-2\/guess-siva-futrola-za-laptop-do-13-3\/\" \/>\n<meta property=\"article:publisher\" content=\"https:\/\/www.facebook.com\/urbanspot.si\" \/>\n<meta property=\"article:modified_time\" content=\"2026-04-28T10:16:33+00:00\" \/>\n<meta property=\"og:image\" content=\"https:\/\/www.urbanspot.si\/wp-content\/uploads\/guess-big-logo-gray-ovitek-za-prenosnike-do-13-3.jpg\" \/>\n\t<meta property=\"og:image:width\" content=\"1200\" \/>\n\t<meta property=\"og:image:height\" content=\"1200\" \/>\n\t<meta property=\"og:image:type\" content=\"image\/jpeg\" \/>\n<meta name=\"twitter:card\" content=\"summary_large_image\" \/>\n<script type=\"application\/ld+json\" class=\"yoast-schema-graph\">{\"@context\":\"https:\\\/\\\/schema.org\",\"@graph\":[{\"@type\":\"WebPage\",\"@id\":\"https:\\\/\\\/www.urbanspot.si\\\/produkt\\\/guess-big-logo-gray-ovitek-za-prenosnike-do-13-3\\\/\",\"url\":\"https:\\\/\\\/www.urbanspot.si\\\/produkt\\\/guess-big-logo-gray-ovitek-za-prenosnike-do-13-3\\\/\",\"name\":\"Guess Big Logo Gray ovitek za prenosnike do 13'3 -\",\"isPartOf\":{\"@id\":\"https:\\\/\\\/www.urbanspot.si\\\/#website\"},\"primaryImageOfPage\":{\"@id\":\"https:\\\/\\\/www.urbanspot.si\\\/produkt\\\/guess-big-logo-gray-ovitek-za-prenosnike-do-13-3\\\/#primaryimage\"},\"image\":{\"@id\":\"https:\\\/\\\/www.urbanspot.si\\\/produkt\\\/guess-big-logo-gray-ovitek-za-prenosnike-do-13-3\\\/#primaryimage\"},\"thumbnailUrl\":\"https:\\\/\\\/www.urbanspot.si\\\/wp-content\\\/uploads\\\/guess-big-logo-gray-ovitek-za-prenosnike-do-13-3.jpg\",\"datePublished\":\"2024-05-22T13:30:04+00:00\",\"dateModified\":\"2026-04-28T10:16:33+00:00\",\"breadcrumb\":{\"@id\":\"https:\\\/\\\/www.urbanspot.si\\\/produkt\\\/guess-big-logo-gray-ovitek-za-prenosnike-do-13-3\\\/#breadcrumb\"},\"inLanguage\":\"hr\",\"potentialAction\":[{\"@type\":\"ReadAction\",\"target\":[\"https:\\\/\\\/www.urbanspot.si\\\/produkt\\\/guess-big-logo-gray-ovitek-za-prenosnike-do-13-3\\\/\"]}]},{\"@type\":\"ImageObject\",\"inLanguage\":\"hr\",\"@id\":\"https:\\\/\\\/www.urbanspot.si\\\/produkt\\\/guess-big-logo-gray-ovitek-za-prenosnike-do-13-3\\\/#primaryimage\",\"url\":\"https:\\\/\\\/www.urbanspot.si\\\/wp-content\\\/uploads\\\/guess-big-logo-gray-ovitek-za-prenosnike-do-13-3.jpg\",\"contentUrl\":\"https:\\\/\\\/www.urbanspot.si\\\/wp-content\\\/uploads\\\/guess-big-logo-gray-ovitek-za-prenosnike-do-13-3.jpg\",\"width\":1200,\"height\":1200,\"caption\":\"Guess Big Logo Gray ovitek za prenosnike do 13'3\"},{\"@type\":\"BreadcrumbList\",\"@id\":\"https:\\\/\\\/www.urbanspot.si\\\/produkt\\\/guess-big-logo-gray-ovitek-za-prenosnike-do-13-3\\\/#breadcrumb\",\"itemListElement\":[{\"@type\":\"ListItem\",\"position\":1,\"name\":\"Home\",\"item\":\"https:\\\/\\\/www.urbanspot.si\\\/\"},{\"@type\":\"ListItem\",\"position\":2,\"name\":\"Shop\",\"item\":\"https:\\\/\\\/www.urbanspot.si\\\/shop\\\/\"},{\"@type\":\"ListItem\",\"position\":3,\"name\":\"Guess Big Logo Gray ovitek za prenosnike do 13&#8217;3\"}]},{\"@type\":\"WebSite\",\"@id\":\"https:\\\/\\\/www.urbanspot.si\\\/#website\",\"url\":\"https:\\\/\\\/www.urbanspot.si\\\/\",\"name\":\"UrbanSpot\",\"description\":\"\",\"publisher\":{\"@id\":\"https:\\\/\\\/www.urbanspot.si\\\/#organization\"},\"potentialAction\":[{\"@type\":\"SearchAction\",\"target\":{\"@type\":\"EntryPoint\",\"urlTemplate\":\"https:\\\/\\\/www.urbanspot.si\\\/?s={search_term_string}\"},\"query-input\":{\"@type\":\"PropertyValueSpecification\",\"valueRequired\":true,\"valueName\":\"search_term_string\"}}],\"inLanguage\":\"hr\"},{\"@type\":\"Organization\",\"@id\":\"https:\\\/\\\/www.urbanspot.si\\\/#organization\",\"name\":\"UrbanSpot\",\"url\":\"https:\\\/\\\/www.urbanspot.si\\\/\",\"logo\":{\"@type\":\"ImageObject\",\"inLanguage\":\"hr\",\"@id\":\"https:\\\/\\\/www.urbanspot.si\\\/#\\\/schema\\\/logo\\\/image\\\/\",\"url\":\"https:\\\/\\\/www.urbanspot.si\\\/wp-content\\\/uploads\\\/urbanspot-logo.svg\",\"contentUrl\":\"https:\\\/\\\/www.urbanspot.si\\\/wp-content\\\/uploads\\\/urbanspot-logo.svg\",\"width\":185,\"height\":40,\"caption\":\"UrbanSpot\"},\"image\":{\"@id\":\"https:\\\/\\\/www.urbanspot.si\\\/#\\\/schema\\\/logo\\\/image\\\/\"},\"sameAs\":[\"https:\\\/\\\/www.facebook.com\\\/urbanspot.si\"]}]}<\/script>\n<!-- \/ Yoast SEO plugin. -->","yoast_head_json":{"title":"Guess Big Logo Gray ovitek za prenosnike do 13'3 -","robots":{"index":"index","follow":"follow","max-snippet":"max-snippet:-1","max-image-preview":"max-image-preview:large","max-video-preview":"max-video-preview:-1"},"canonical":"https:\/\/www.urbanspot.si\/hr\/proizvod-2\/guess-siva-futrola-za-laptop-do-13-3\/","og_locale":"hr_HR","og_type":"article","og_title":"Guess Big Logo Gray ovitek za prenosnike do 13'3 -","og_description":"Eleganten ovitek za prenosnik, zasnovan za 13.3 do 14 -pal\u010dni prenosnik \/ tabli\u010dni ra\u010dunalnik. Natan\u010den dizajn in eleganten videz sta prednost izdelkov Guess. Torba je narejena iz visoko kakovostnega eko usnja in nudi varno magnetno zapiranje. Ohi\u0161je odlikuje izjemna tanj\u0161a oblika, katera ne zavzame odve\u010dnega prostora. Etui se udobno prilega va\u0161emu nahrbtniku ali torbi. Primerno tudi za model : MacBook Air in MacBook Pro.","og_url":"https:\/\/www.urbanspot.si\/hr\/proizvod-2\/guess-siva-futrola-za-laptop-do-13-3\/","article_publisher":"https:\/\/www.facebook.com\/urbanspot.si","article_modified_time":"2026-04-28T10:16:33+00:00","og_image":[{"width":1200,"height":1200,"url":"https:\/\/www.urbanspot.si\/wp-content\/uploads\/guess-big-logo-gray-ovitek-za-prenosnike-do-13-3.jpg","type":"image\/jpeg"}],"twitter_card":"summary_large_image","schema":{"@context":"https:\/\/schema.org","@graph":[{"@type":"WebPage","@id":"https:\/\/www.urbanspot.si\/produkt\/guess-big-logo-gray-ovitek-za-prenosnike-do-13-3\/","url":"https:\/\/www.urbanspot.si\/produkt\/guess-big-logo-gray-ovitek-za-prenosnike-do-13-3\/","name":"Guess Big Logo Gray ovitek za prenosnike do 13'3 -","isPartOf":{"@id":"https:\/\/www.urbanspot.si\/#website"},"primaryImageOfPage":{"@id":"https:\/\/www.urbanspot.si\/produkt\/guess-big-logo-gray-ovitek-za-prenosnike-do-13-3\/#primaryimage"},"image":{"@id":"https:\/\/www.urbanspot.si\/produkt\/guess-big-logo-gray-ovitek-za-prenosnike-do-13-3\/#primaryimage"},"thumbnailUrl":"https:\/\/www.urbanspot.si\/wp-content\/uploads\/guess-big-logo-gray-ovitek-za-prenosnike-do-13-3.jpg","datePublished":"2024-05-22T13:30:04+00:00","dateModified":"2026-04-28T10:16:33+00:00","breadcrumb":{"@id":"https:\/\/www.urbanspot.si\/produkt\/guess-big-logo-gray-ovitek-za-prenosnike-do-13-3\/#breadcrumb"},"inLanguage":"hr","potentialAction":[{"@type":"ReadAction","target":["https:\/\/www.urbanspot.si\/produkt\/guess-big-logo-gray-ovitek-za-prenosnike-do-13-3\/"]}]},{"@type":"ImageObject","inLanguage":"hr","@id":"https:\/\/www.urbanspot.si\/produkt\/guess-big-logo-gray-ovitek-za-prenosnike-do-13-3\/#primaryimage","url":"https:\/\/www.urbanspot.si\/wp-content\/uploads\/guess-big-logo-gray-ovitek-za-prenosnike-do-13-3.jpg","contentUrl":"https:\/\/www.urbanspot.si\/wp-content\/uploads\/guess-big-logo-gray-ovitek-za-prenosnike-do-13-3.jpg","width":1200,"height":1200,"caption":"Guess Big Logo Gray ovitek za prenosnike do 13'3"},{"@type":"BreadcrumbList","@id":"https:\/\/www.urbanspot.si\/produkt\/guess-big-logo-gray-ovitek-za-prenosnike-do-13-3\/#breadcrumb","itemListElement":[{"@type":"ListItem","position":1,"name":"Home","item":"https:\/\/www.urbanspot.si\/"},{"@type":"ListItem","position":2,"name":"Shop","item":"https:\/\/www.urbanspot.si\/shop\/"},{"@type":"ListItem","position":3,"name":"Guess Big Logo Gray ovitek za prenosnike do 13&#8217;3"}]},{"@type":"WebSite","@id":"https:\/\/www.urbanspot.si\/#website","url":"https:\/\/www.urbanspot.si\/","name":"UrbanSpot","description":"","publisher":{"@id":"https:\/\/www.urbanspot.si\/#organization"},"potentialAction":[{"@type":"SearchAction","target":{"@type":"EntryPoint","urlTemplate":"https:\/\/www.urbanspot.si\/?s={search_term_string}"},"query-input":{"@type":"PropertyValueSpecification","valueRequired":true,"valueName":"search_term_string"}}],"inLanguage":"hr"},{"@type":"Organization","@id":"https:\/\/www.urbanspot.si\/#organization","name":"UrbanSpot","url":"https:\/\/www.urbanspot.si\/","logo":{"@type":"ImageObject","inLanguage":"hr","@id":"https:\/\/www.urbanspot.si\/#\/schema\/logo\/image\/","url":"https:\/\/www.urbanspot.si\/wp-content\/uploads\/urbanspot-logo.svg","contentUrl":"https:\/\/www.urbanspot.si\/wp-content\/uploads\/urbanspot-logo.svg","width":185,"height":40,"caption":"UrbanSpot"},"image":{"@id":"https:\/\/www.urbanspot.si\/#\/schema\/logo\/image\/"},"sameAs":["https:\/\/www.facebook.com\/urbanspot.si"]}]}},"_links":{"self":[{"href":"https:\/\/www.urbanspot.si\/hr\/wp-json\/wp\/v2\/product\/10734","targetHints":{"allow":["GET"]}}],"collection":[{"href":"https:\/\/www.urbanspot.si\/hr\/wp-json\/wp\/v2\/product"}],"about":[{"href":"https:\/\/www.urbanspot.si\/hr\/wp-json\/wp\/v2\/types\/product"}],"replies":[{"embeddable":true,"href":"https:\/\/www.urbanspot.si\/hr\/wp-json\/wp\/v2\/comments?post=10734"}],"version-history":[{"count":1,"href":"https:\/\/www.urbanspot.si\/hr\/wp-json\/wp\/v2\/product\/10734\/revisions"}],"predecessor-version":[{"id":10735,"href":"https:\/\/www.urbanspot.si\/hr\/wp-json\/wp\/v2\/product\/10734\/revisions\/10735"}],"wp:featuredmedia":[{"embeddable":true,"href":"https:\/\/www.urbanspot.si\/hr\/wp-json\/wp\/v2\/media\/10736"}],"wp:attachment":[{"href":"https:\/\/www.urbanspot.si\/hr\/wp-json\/wp\/v2\/media?parent=10734"}],"wp:term":[{"taxonomy":"product_brand","embeddable":true,"href":"https:\/\/www.urbanspot.si\/hr\/wp-json\/wp\/v2\/product_brand?post=10734"},{"taxonomy":"product_cat","embeddable":true,"href":"https:\/\/www.urbanspot.si\/hr\/wp-json\/wp\/v2\/product_cat?post=10734"},{"taxonomy":"product_tag","embeddable":true,"href":"https:\/\/www.urbanspot.si\/hr\/wp-json\/wp\/v2\/product_tag?post=10734"}],"curies":[{"name":"radni list","href":"https:\/\/api.w.org\/{rel}","templated":true}]}}