{"id":10810,"date":"2024-05-22T14:30:04","date_gmt":"2024-05-22T13:30:04","guid":{"rendered":"https:\/\/www.urbanspot.si\/product\/dux-ducis-preklopna-torbica-za-telefon-xiaomi-redmi-9t\/"},"modified":"2026-03-19T16:05:42","modified_gmt":"2026-03-19T14:05:42","slug":"dux-ducis-preklopna-torbica-za-telefon-xiaomi-redmi-9t","status":"publish","type":"product","link":"https:\/\/www.urbanspot.si\/hr\/produkt\/dux-ducis-preklopna-torbica-za-telefon-xiaomi-redmi-9t\/","title":{"rendered":"Dux Ducis preklopna torbica za Xiaomi Redmi 9T"},"content":{"rendered":"<p>Preklopna maskica Dux Ducis savr\u0161eno \u0107e za\u0161tititi va\u0161 mobitel, a ujedno \u0107e mu dati i vrlo moderan izgled. \u0160titit \u0107e telefon sa svih strana, jer je maskica zatvorena kada se ne koristi, a ujedno \u0161titi i prednju stranu telefona.<\/p>\n<p>\u00a0<\/p>\n<ul>\n<li>Poklopac odr\u017eava elegantne linije ure\u0111aja<\/li>\n<li>Visokokvalitetni i izdr\u017eljivi materijali<\/li>\n<li>Elegantni dizajn i za\u0161tita u isto vrijeme<\/li>\n<li>Pristup svim tipkama<\/li>\n<li>Unutar poklopca nalazi se prostor za sigurno pohranjivanje kartica<\/li>\n<li>Izvorni proizvod<\/li>\n<\/ul>","protected":false},"excerpt":{"rendered":"<p>Za\u0161titna preklopna maskica Dux Ducis izvrsna je kombinacija modernog dizajna i visokokvalitetnih materijala, \u0161to je \u010dini odli\u010dnim izborom za va\u0161 mobilni ure\u0111aj.<\/p>","protected":false},"featured_media":10812,"comment_status":"closed","ping_status":"closed","template":"","meta":[],"product_brand":[],"product_cat":[560,91,329,230,232,328,233],"product_tag":[],"class_list":{"0":"post-10810","1":"product","2":"type-product","3":"status-publish","4":"has-post-thumbnail","6":"product_cat-ovitki-za-telefone","7":"product_cat-razprodaja","8":"product_cat-redmi-9t","9":"product_cat-xiaomi","10":"product_cat-xiaomi-2","11":"product_cat-xiaomi-redmi-9t","12":"product_cat-xiaomi-redmi-serija","13":"pa_primerno-za-proizvajalca-xiaomi","15":"first","16":"instock","17":"sale","18":"taxable","19":"shipping-taxable","20":"purchasable","21":"product-type-simple"},"yoast_head":"<!-- This site is optimized with the Yoast SEO plugin v27.2 - https:\/\/yoast.com\/product\/yoast-seo-wordpress\/ -->\n<title>Dux Ducis preklopna torbica za telefon Xiaomi Redmi 9T -<\/title>\n<meta name=\"robots\" content=\"index, follow, max-snippet:-1, max-image-preview:large, max-video-preview:-1\" \/>\n<link rel=\"canonical\" href=\"https:\/\/www.urbanspot.si\/hr\/proizvod-2\/dux-ducis-preklopna-torbica-za-telefon-xiaomi-redmi-9t\/\" \/>\n<meta property=\"og:locale\" content=\"hr_HR\" \/>\n<meta property=\"og:type\" content=\"article\" \/>\n<meta property=\"og:title\" content=\"Dux Ducis preklopna torbica za telefon Xiaomi Redmi 9T -\" \/>\n<meta property=\"og:description\" content=\"Dux Ducis za\u0161\u010ditna preklopna torbica je odli\u010dna kombinacija modernega dizajna in visokokakovostnih materialov, ki bo odli\u010dna izbira za va\u0161o mobilno napravo.\" \/>\n<meta property=\"og:url\" content=\"https:\/\/www.urbanspot.si\/hr\/proizvod-2\/dux-ducis-preklopna-torbica-za-telefon-xiaomi-redmi-9t\/\" \/>\n<meta property=\"article:publisher\" content=\"https:\/\/www.facebook.com\/urbanspot.si\" \/>\n<meta property=\"article:modified_time\" content=\"2026-03-19T14:05:42+00:00\" \/>\n<meta property=\"og:image\" content=\"https:\/\/www.urbanspot.si\/wp-content\/uploads\/dux-ducis-preklopna-torbica-za-telefon-xiaomi-redmi-9t.jpg\" \/>\n\t<meta property=\"og:image:width\" content=\"1000\" \/>\n\t<meta property=\"og:image:height\" content=\"1000\" \/>\n\t<meta property=\"og:image:type\" content=\"image\/jpeg\" \/>\n<meta name=\"twitter:card\" content=\"summary_large_image\" \/>\n<script type=\"application\/ld+json\" class=\"yoast-schema-graph\">{\"@context\":\"https:\/\/schema.org\",\"@graph\":[{\"@type\":\"WebPage\",\"@id\":\"https:\/\/www.urbanspot.si\/produkt\/dux-ducis-preklopna-torbica-za-telefon-xiaomi-redmi-9t\/\",\"url\":\"https:\/\/www.urbanspot.si\/produkt\/dux-ducis-preklopna-torbica-za-telefon-xiaomi-redmi-9t\/\",\"name\":\"Dux Ducis preklopna torbica za telefon Xiaomi Redmi 9T -\",\"isPartOf\":{\"@id\":\"https:\/\/www.urbanspot.si\/#website\"},\"primaryImageOfPage\":{\"@id\":\"https:\/\/www.urbanspot.si\/produkt\/dux-ducis-preklopna-torbica-za-telefon-xiaomi-redmi-9t\/#primaryimage\"},\"image\":{\"@id\":\"https:\/\/www.urbanspot.si\/produkt\/dux-ducis-preklopna-torbica-za-telefon-xiaomi-redmi-9t\/#primaryimage\"},\"thumbnailUrl\":\"https:\/\/www.urbanspot.si\/wp-content\/uploads\/dux-ducis-preklopna-torbica-za-telefon-xiaomi-redmi-9t.jpg\",\"datePublished\":\"2024-05-22T13:30:04+00:00\",\"dateModified\":\"2026-03-19T14:05:42+00:00\",\"breadcrumb\":{\"@id\":\"https:\/\/www.urbanspot.si\/produkt\/dux-ducis-preklopna-torbica-za-telefon-xiaomi-redmi-9t\/#breadcrumb\"},\"inLanguage\":\"hr\",\"potentialAction\":[{\"@type\":\"ReadAction\",\"target\":[\"https:\/\/www.urbanspot.si\/produkt\/dux-ducis-preklopna-torbica-za-telefon-xiaomi-redmi-9t\/\"]}]},{\"@type\":\"ImageObject\",\"inLanguage\":\"hr\",\"@id\":\"https:\/\/www.urbanspot.si\/produkt\/dux-ducis-preklopna-torbica-za-telefon-xiaomi-redmi-9t\/#primaryimage\",\"url\":\"https:\/\/www.urbanspot.si\/wp-content\/uploads\/dux-ducis-preklopna-torbica-za-telefon-xiaomi-redmi-9t.jpg\",\"contentUrl\":\"https:\/\/www.urbanspot.si\/wp-content\/uploads\/dux-ducis-preklopna-torbica-za-telefon-xiaomi-redmi-9t.jpg\",\"width\":1000,\"height\":1000,\"caption\":\"Dux Ducis preklopna torbica za telefon Xiaomi Redmi 9T\"},{\"@type\":\"BreadcrumbList\",\"@id\":\"https:\/\/www.urbanspot.si\/produkt\/dux-ducis-preklopna-torbica-za-telefon-xiaomi-redmi-9t\/#breadcrumb\",\"itemListElement\":[{\"@type\":\"ListItem\",\"position\":1,\"name\":\"Home\",\"item\":\"https:\/\/www.urbanspot.si\/\"},{\"@type\":\"ListItem\",\"position\":2,\"name\":\"Shop\",\"item\":\"https:\/\/www.urbanspot.si\/shop\/\"},{\"@type\":\"ListItem\",\"position\":3,\"name\":\"Dux Ducis preklopna torbica za telefon Xiaomi Redmi 9T\"}]},{\"@type\":\"WebSite\",\"@id\":\"https:\/\/www.urbanspot.si\/#website\",\"url\":\"https:\/\/www.urbanspot.si\/\",\"name\":\"UrbanSpot\",\"description\":\"\",\"publisher\":{\"@id\":\"https:\/\/www.urbanspot.si\/#organization\"},\"potentialAction\":[{\"@type\":\"SearchAction\",\"target\":{\"@type\":\"EntryPoint\",\"urlTemplate\":\"https:\/\/www.urbanspot.si\/?s={search_term_string}\"},\"query-input\":{\"@type\":\"PropertyValueSpecification\",\"valueRequired\":true,\"valueName\":\"search_term_string\"}}],\"inLanguage\":\"hr\"},{\"@type\":\"Organization\",\"@id\":\"https:\/\/www.urbanspot.si\/#organization\",\"name\":\"UrbanSpot\",\"url\":\"https:\/\/www.urbanspot.si\/\",\"logo\":{\"@type\":\"ImageObject\",\"inLanguage\":\"hr\",\"@id\":\"https:\/\/www.urbanspot.si\/#\/schema\/logo\/image\/\",\"url\":\"https:\/\/www.urbanspot.si\/wp-content\/uploads\/urbanspot-logo.svg\",\"contentUrl\":\"https:\/\/www.urbanspot.si\/wp-content\/uploads\/urbanspot-logo.svg\",\"width\":185,\"height\":40,\"caption\":\"UrbanSpot\"},\"image\":{\"@id\":\"https:\/\/www.urbanspot.si\/#\/schema\/logo\/image\/\"},\"sameAs\":[\"https:\/\/www.facebook.com\/urbanspot.si\"]}]}<\/script>\n<!-- \/ Yoast SEO plugin. -->","yoast_head_json":{"title":"Dux Ducis preklopna torbica za telefon Xiaomi Redmi 9T -","robots":{"index":"index","follow":"follow","max-snippet":"max-snippet:-1","max-image-preview":"max-image-preview:large","max-video-preview":"max-video-preview:-1"},"canonical":"https:\/\/www.urbanspot.si\/hr\/proizvod-2\/dux-ducis-preklopna-torbica-za-telefon-xiaomi-redmi-9t\/","og_locale":"hr_HR","og_type":"article","og_title":"Dux Ducis preklopna torbica za telefon Xiaomi Redmi 9T -","og_description":"Dux Ducis za\u0161\u010ditna preklopna torbica je odli\u010dna kombinacija modernega dizajna in visokokakovostnih materialov, ki bo odli\u010dna izbira za va\u0161o mobilno napravo.","og_url":"https:\/\/www.urbanspot.si\/hr\/proizvod-2\/dux-ducis-preklopna-torbica-za-telefon-xiaomi-redmi-9t\/","article_publisher":"https:\/\/www.facebook.com\/urbanspot.si","article_modified_time":"2026-03-19T14:05:42+00:00","og_image":[{"width":1000,"height":1000,"url":"https:\/\/www.urbanspot.si\/wp-content\/uploads\/dux-ducis-preklopna-torbica-za-telefon-xiaomi-redmi-9t.jpg","type":"image\/jpeg"}],"twitter_card":"summary_large_image","schema":{"@context":"https:\/\/schema.org","@graph":[{"@type":"WebPage","@id":"https:\/\/www.urbanspot.si\/produkt\/dux-ducis-preklopna-torbica-za-telefon-xiaomi-redmi-9t\/","url":"https:\/\/www.urbanspot.si\/produkt\/dux-ducis-preklopna-torbica-za-telefon-xiaomi-redmi-9t\/","name":"Dux Ducis preklopna torbica za telefon Xiaomi Redmi 9T -","isPartOf":{"@id":"https:\/\/www.urbanspot.si\/#website"},"primaryImageOfPage":{"@id":"https:\/\/www.urbanspot.si\/produkt\/dux-ducis-preklopna-torbica-za-telefon-xiaomi-redmi-9t\/#primaryimage"},"image":{"@id":"https:\/\/www.urbanspot.si\/produkt\/dux-ducis-preklopna-torbica-za-telefon-xiaomi-redmi-9t\/#primaryimage"},"thumbnailUrl":"https:\/\/www.urbanspot.si\/wp-content\/uploads\/dux-ducis-preklopna-torbica-za-telefon-xiaomi-redmi-9t.jpg","datePublished":"2024-05-22T13:30:04+00:00","dateModified":"2026-03-19T14:05:42+00:00","breadcrumb":{"@id":"https:\/\/www.urbanspot.si\/produkt\/dux-ducis-preklopna-torbica-za-telefon-xiaomi-redmi-9t\/#breadcrumb"},"inLanguage":"hr","potentialAction":[{"@type":"ReadAction","target":["https:\/\/www.urbanspot.si\/produkt\/dux-ducis-preklopna-torbica-za-telefon-xiaomi-redmi-9t\/"]}]},{"@type":"ImageObject","inLanguage":"hr","@id":"https:\/\/www.urbanspot.si\/produkt\/dux-ducis-preklopna-torbica-za-telefon-xiaomi-redmi-9t\/#primaryimage","url":"https:\/\/www.urbanspot.si\/wp-content\/uploads\/dux-ducis-preklopna-torbica-za-telefon-xiaomi-redmi-9t.jpg","contentUrl":"https:\/\/www.urbanspot.si\/wp-content\/uploads\/dux-ducis-preklopna-torbica-za-telefon-xiaomi-redmi-9t.jpg","width":1000,"height":1000,"caption":"Dux Ducis preklopna torbica za telefon Xiaomi Redmi 9T"},{"@type":"BreadcrumbList","@id":"https:\/\/www.urbanspot.si\/produkt\/dux-ducis-preklopna-torbica-za-telefon-xiaomi-redmi-9t\/#breadcrumb","itemListElement":[{"@type":"ListItem","position":1,"name":"Home","item":"https:\/\/www.urbanspot.si\/"},{"@type":"ListItem","position":2,"name":"Shop","item":"https:\/\/www.urbanspot.si\/shop\/"},{"@type":"ListItem","position":3,"name":"Dux Ducis preklopna torbica za telefon Xiaomi Redmi 9T"}]},{"@type":"WebSite","@id":"https:\/\/www.urbanspot.si\/#website","url":"https:\/\/www.urbanspot.si\/","name":"UrbanSpot","description":"","publisher":{"@id":"https:\/\/www.urbanspot.si\/#organization"},"potentialAction":[{"@type":"SearchAction","target":{"@type":"EntryPoint","urlTemplate":"https:\/\/www.urbanspot.si\/?s={search_term_string}"},"query-input":{"@type":"PropertyValueSpecification","valueRequired":true,"valueName":"search_term_string"}}],"inLanguage":"hr"},{"@type":"Organization","@id":"https:\/\/www.urbanspot.si\/#organization","name":"UrbanSpot","url":"https:\/\/www.urbanspot.si\/","logo":{"@type":"ImageObject","inLanguage":"hr","@id":"https:\/\/www.urbanspot.si\/#\/schema\/logo\/image\/","url":"https:\/\/www.urbanspot.si\/wp-content\/uploads\/urbanspot-logo.svg","contentUrl":"https:\/\/www.urbanspot.si\/wp-content\/uploads\/urbanspot-logo.svg","width":185,"height":40,"caption":"UrbanSpot"},"image":{"@id":"https:\/\/www.urbanspot.si\/#\/schema\/logo\/image\/"},"sameAs":["https:\/\/www.facebook.com\/urbanspot.si"]}]}},"_links":{"self":[{"href":"https:\/\/www.urbanspot.si\/hr\/wp-json\/wp\/v2\/product\/10810","targetHints":{"allow":["GET"]}}],"collection":[{"href":"https:\/\/www.urbanspot.si\/hr\/wp-json\/wp\/v2\/product"}],"about":[{"href":"https:\/\/www.urbanspot.si\/hr\/wp-json\/wp\/v2\/types\/product"}],"replies":[{"embeddable":true,"href":"https:\/\/www.urbanspot.si\/hr\/wp-json\/wp\/v2\/comments?post=10810"}],"version-history":[{"count":1,"href":"https:\/\/www.urbanspot.si\/hr\/wp-json\/wp\/v2\/product\/10810\/revisions"}],"predecessor-version":[{"id":10811,"href":"https:\/\/www.urbanspot.si\/hr\/wp-json\/wp\/v2\/product\/10810\/revisions\/10811"}],"wp:featuredmedia":[{"embeddable":true,"href":"https:\/\/www.urbanspot.si\/hr\/wp-json\/wp\/v2\/media\/10812"}],"wp:attachment":[{"href":"https:\/\/www.urbanspot.si\/hr\/wp-json\/wp\/v2\/media?parent=10810"}],"wp:term":[{"taxonomy":"product_brand","embeddable":true,"href":"https:\/\/www.urbanspot.si\/hr\/wp-json\/wp\/v2\/product_brand?post=10810"},{"taxonomy":"product_cat","embeddable":true,"href":"https:\/\/www.urbanspot.si\/hr\/wp-json\/wp\/v2\/product_cat?post=10810"},{"taxonomy":"product_tag","embeddable":true,"href":"https:\/\/www.urbanspot.si\/hr\/wp-json\/wp\/v2\/product_tag?post=10810"}],"curies":[{"name":"radni list","href":"https:\/\/api.w.org\/{rel}","templated":true}]}}