{"id":10893,"date":"2024-05-22T14:30:24","date_gmt":"2024-05-22T13:30:24","guid":{"rendered":"https:\/\/www.urbanspot.si\/product\/spigen-zascitni-ovitek-core-armor-iphone-13-mini\/"},"modified":"2026-03-19T16:05:40","modified_gmt":"2026-03-19T14:05:40","slug":"zastitna-futrola-spigen-core-armor-za-iphone-13-mini","status":"publish","type":"product","link":"https:\/\/www.urbanspot.si\/hr\/produkt\/spigen-zascitni-ovitek-core-armor-iphone-13-mini\/","title":{"rendered":"Za\u0161titna futrola Spigen Core Armor za iPhone 13 Mini"},"content":{"rendered":"<p>Spigen Core Armor maska izra\u0111ena je od visokokvalitetnih materijala koji \u0161tite va\u0161 telefon od svakodnevne prljav\u0161tine, ogrebotina i udaraca.<\/p>\n<p>\u00a0<\/p>\n<p>Zna\u010dajke:<\/p>\n<ul>\n<li>Potpuno transparentno<\/li>\n<li>Savr\u0161eno pristaje telefonu<\/li>\n<li>Tanka i d\u017eepna torbica<\/li>\n<li>Omogu\u0107uje be\u017ei\u010dno punjenje<\/li>\n<li>Visokokvalitetni materijal<\/li>\n<\/ul>","protected":false},"excerpt":{"rendered":"<p>Futrola Spigen Core Armor ne odlikuje se samo iznimnom kvalitetom, ve\u0107 i dizajnom. Crna futrola pru\u017eit \u0107e potpuno prirodan izgled va\u0161em telefonu, a istovremeno pru\u017ea izvrsnu za\u0161titu.<\/p>","protected":false},"featured_media":10895,"comment_status":"closed","ping_status":"closed","template":"","meta":[],"product_brand":[],"product_cat":[119,92,250,336,337,560,91],"product_tag":[],"class_list":{"0":"post-10893","1":"product","2":"type-product","3":"status-publish","4":"has-post-thumbnail","6":"product_cat-apple-ovitki-stekla","7":"product_cat-apple","8":"product_cat-apple-iphone-13-serija","9":"product_cat-iphone-13-mini","10":"product_cat-iphone-13-mini-apple-iphone-13-serija","11":"product_cat-ovitki-za-telefone","12":"product_cat-razprodaja","13":"pa_primerno-za-model-iphone-13-mini","14":"pa_primerno-za-proizvajalca-apple","16":"first","17":"instock","18":"sale","19":"taxable","20":"shipping-taxable","21":"purchasable","22":"product-type-simple"},"yoast_head":"<!-- This site is optimized with the Yoast SEO plugin v27.2 - https:\/\/yoast.com\/product\/yoast-seo-wordpress\/ -->\n<title>Spigen za\u0161\u010ditni ovitek Core Armor, Iphone 13 Mini -<\/title>\n<meta name=\"robots\" content=\"index, follow, max-snippet:-1, max-image-preview:large, max-video-preview:-1\" \/>\n<link rel=\"canonical\" href=\"https:\/\/www.urbanspot.si\/hr\/proizvod-2\/zastitna-futrola-spigen-core-armor-za-iphone-13-mini\/\" \/>\n<meta property=\"og:locale\" content=\"hr_HR\" \/>\n<meta property=\"og:type\" content=\"article\" \/>\n<meta property=\"og:title\" content=\"Spigen za\u0161\u010ditni ovitek Core Armor, Iphone 13 Mini -\" \/>\n<meta property=\"og:description\" content=\"Ovitka Spigen Core Armor ne odlikuje le izjemna kakovost, temve\u010d tudi dizajn. Ovitek v \u010drni barvi bo poskrbel za popolnoma naraven videz telefona, kljub temu pa bo le ta odli\u010dno za\u0161\u010diten.\" \/>\n<meta property=\"og:url\" content=\"https:\/\/www.urbanspot.si\/hr\/proizvod-2\/zastitna-futrola-spigen-core-armor-za-iphone-13-mini\/\" \/>\n<meta property=\"article:publisher\" content=\"https:\/\/www.facebook.com\/urbanspot.si\" \/>\n<meta property=\"article:modified_time\" content=\"2026-03-19T14:05:40+00:00\" \/>\n<meta property=\"og:image\" content=\"https:\/\/www.urbanspot.si\/wp-content\/uploads\/spigen-zascitni-ovitek-core-armor-iphone-13-mini.jpg\" \/>\n\t<meta property=\"og:image:width\" content=\"1000\" \/>\n\t<meta property=\"og:image:height\" content=\"1000\" \/>\n\t<meta property=\"og:image:type\" content=\"image\/jpeg\" \/>\n<meta name=\"twitter:card\" content=\"summary_large_image\" \/>\n<script type=\"application\/ld+json\" class=\"yoast-schema-graph\">{\"@context\":\"https:\/\/schema.org\",\"@graph\":[{\"@type\":\"WebPage\",\"@id\":\"https:\/\/www.urbanspot.si\/produkt\/spigen-zascitni-ovitek-core-armor-iphone-13-mini\/\",\"url\":\"https:\/\/www.urbanspot.si\/produkt\/spigen-zascitni-ovitek-core-armor-iphone-13-mini\/\",\"name\":\"Spigen za\u0161\u010ditni ovitek Core Armor, Iphone 13 Mini -\",\"isPartOf\":{\"@id\":\"https:\/\/www.urbanspot.si\/#website\"},\"primaryImageOfPage\":{\"@id\":\"https:\/\/www.urbanspot.si\/produkt\/spigen-zascitni-ovitek-core-armor-iphone-13-mini\/#primaryimage\"},\"image\":{\"@id\":\"https:\/\/www.urbanspot.si\/produkt\/spigen-zascitni-ovitek-core-armor-iphone-13-mini\/#primaryimage\"},\"thumbnailUrl\":\"https:\/\/www.urbanspot.si\/wp-content\/uploads\/spigen-zascitni-ovitek-core-armor-iphone-13-mini.jpg\",\"datePublished\":\"2024-05-22T13:30:24+00:00\",\"dateModified\":\"2026-03-19T14:05:40+00:00\",\"breadcrumb\":{\"@id\":\"https:\/\/www.urbanspot.si\/produkt\/spigen-zascitni-ovitek-core-armor-iphone-13-mini\/#breadcrumb\"},\"inLanguage\":\"hr\",\"potentialAction\":[{\"@type\":\"ReadAction\",\"target\":[\"https:\/\/www.urbanspot.si\/produkt\/spigen-zascitni-ovitek-core-armor-iphone-13-mini\/\"]}]},{\"@type\":\"ImageObject\",\"inLanguage\":\"hr\",\"@id\":\"https:\/\/www.urbanspot.si\/produkt\/spigen-zascitni-ovitek-core-armor-iphone-13-mini\/#primaryimage\",\"url\":\"https:\/\/www.urbanspot.si\/wp-content\/uploads\/spigen-zascitni-ovitek-core-armor-iphone-13-mini.jpg\",\"contentUrl\":\"https:\/\/www.urbanspot.si\/wp-content\/uploads\/spigen-zascitni-ovitek-core-armor-iphone-13-mini.jpg\",\"width\":1000,\"height\":1000,\"caption\":\"Spigen za\u0161\u010ditni ovitek Core Armor\"},{\"@type\":\"BreadcrumbList\",\"@id\":\"https:\/\/www.urbanspot.si\/produkt\/spigen-zascitni-ovitek-core-armor-iphone-13-mini\/#breadcrumb\",\"itemListElement\":[{\"@type\":\"ListItem\",\"position\":1,\"name\":\"Home\",\"item\":\"https:\/\/www.urbanspot.si\/\"},{\"@type\":\"ListItem\",\"position\":2,\"name\":\"Shop\",\"item\":\"https:\/\/www.urbanspot.si\/shop\/\"},{\"@type\":\"ListItem\",\"position\":3,\"name\":\"Spigen za\u0161\u010ditni ovitek Core Armor, Iphone 13 Mini\"}]},{\"@type\":\"WebSite\",\"@id\":\"https:\/\/www.urbanspot.si\/#website\",\"url\":\"https:\/\/www.urbanspot.si\/\",\"name\":\"UrbanSpot\",\"description\":\"\",\"publisher\":{\"@id\":\"https:\/\/www.urbanspot.si\/#organization\"},\"potentialAction\":[{\"@type\":\"SearchAction\",\"target\":{\"@type\":\"EntryPoint\",\"urlTemplate\":\"https:\/\/www.urbanspot.si\/?s={search_term_string}\"},\"query-input\":{\"@type\":\"PropertyValueSpecification\",\"valueRequired\":true,\"valueName\":\"search_term_string\"}}],\"inLanguage\":\"hr\"},{\"@type\":\"Organization\",\"@id\":\"https:\/\/www.urbanspot.si\/#organization\",\"name\":\"UrbanSpot\",\"url\":\"https:\/\/www.urbanspot.si\/\",\"logo\":{\"@type\":\"ImageObject\",\"inLanguage\":\"hr\",\"@id\":\"https:\/\/www.urbanspot.si\/#\/schema\/logo\/image\/\",\"url\":\"https:\/\/www.urbanspot.si\/wp-content\/uploads\/urbanspot-logo.svg\",\"contentUrl\":\"https:\/\/www.urbanspot.si\/wp-content\/uploads\/urbanspot-logo.svg\",\"width\":185,\"height\":40,\"caption\":\"UrbanSpot\"},\"image\":{\"@id\":\"https:\/\/www.urbanspot.si\/#\/schema\/logo\/image\/\"},\"sameAs\":[\"https:\/\/www.facebook.com\/urbanspot.si\"]}]}<\/script>\n<!-- \/ Yoast SEO plugin. -->","yoast_head_json":{"title":"Spigen za\u0161\u010ditni ovitek Core Armor, Iphone 13 Mini -","robots":{"index":"index","follow":"follow","max-snippet":"max-snippet:-1","max-image-preview":"max-image-preview:large","max-video-preview":"max-video-preview:-1"},"canonical":"https:\/\/www.urbanspot.si\/hr\/proizvod-2\/zastitna-futrola-spigen-core-armor-za-iphone-13-mini\/","og_locale":"hr_HR","og_type":"article","og_title":"Spigen za\u0161\u010ditni ovitek Core Armor, Iphone 13 Mini -","og_description":"Ovitka Spigen Core Armor ne odlikuje le izjemna kakovost, temve\u010d tudi dizajn. Ovitek v \u010drni barvi bo poskrbel za popolnoma naraven videz telefona, kljub temu pa bo le ta odli\u010dno za\u0161\u010diten.","og_url":"https:\/\/www.urbanspot.si\/hr\/proizvod-2\/zastitna-futrola-spigen-core-armor-za-iphone-13-mini\/","article_publisher":"https:\/\/www.facebook.com\/urbanspot.si","article_modified_time":"2026-03-19T14:05:40+00:00","og_image":[{"width":1000,"height":1000,"url":"https:\/\/www.urbanspot.si\/wp-content\/uploads\/spigen-zascitni-ovitek-core-armor-iphone-13-mini.jpg","type":"image\/jpeg"}],"twitter_card":"summary_large_image","schema":{"@context":"https:\/\/schema.org","@graph":[{"@type":"WebPage","@id":"https:\/\/www.urbanspot.si\/produkt\/spigen-zascitni-ovitek-core-armor-iphone-13-mini\/","url":"https:\/\/www.urbanspot.si\/produkt\/spigen-zascitni-ovitek-core-armor-iphone-13-mini\/","name":"Spigen za\u0161\u010ditni ovitek Core Armor, Iphone 13 Mini -","isPartOf":{"@id":"https:\/\/www.urbanspot.si\/#website"},"primaryImageOfPage":{"@id":"https:\/\/www.urbanspot.si\/produkt\/spigen-zascitni-ovitek-core-armor-iphone-13-mini\/#primaryimage"},"image":{"@id":"https:\/\/www.urbanspot.si\/produkt\/spigen-zascitni-ovitek-core-armor-iphone-13-mini\/#primaryimage"},"thumbnailUrl":"https:\/\/www.urbanspot.si\/wp-content\/uploads\/spigen-zascitni-ovitek-core-armor-iphone-13-mini.jpg","datePublished":"2024-05-22T13:30:24+00:00","dateModified":"2026-03-19T14:05:40+00:00","breadcrumb":{"@id":"https:\/\/www.urbanspot.si\/produkt\/spigen-zascitni-ovitek-core-armor-iphone-13-mini\/#breadcrumb"},"inLanguage":"hr","potentialAction":[{"@type":"ReadAction","target":["https:\/\/www.urbanspot.si\/produkt\/spigen-zascitni-ovitek-core-armor-iphone-13-mini\/"]}]},{"@type":"ImageObject","inLanguage":"hr","@id":"https:\/\/www.urbanspot.si\/produkt\/spigen-zascitni-ovitek-core-armor-iphone-13-mini\/#primaryimage","url":"https:\/\/www.urbanspot.si\/wp-content\/uploads\/spigen-zascitni-ovitek-core-armor-iphone-13-mini.jpg","contentUrl":"https:\/\/www.urbanspot.si\/wp-content\/uploads\/spigen-zascitni-ovitek-core-armor-iphone-13-mini.jpg","width":1000,"height":1000,"caption":"Spigen za\u0161\u010ditni ovitek Core Armor"},{"@type":"BreadcrumbList","@id":"https:\/\/www.urbanspot.si\/produkt\/spigen-zascitni-ovitek-core-armor-iphone-13-mini\/#breadcrumb","itemListElement":[{"@type":"ListItem","position":1,"name":"Home","item":"https:\/\/www.urbanspot.si\/"},{"@type":"ListItem","position":2,"name":"Shop","item":"https:\/\/www.urbanspot.si\/shop\/"},{"@type":"ListItem","position":3,"name":"Spigen za\u0161\u010ditni ovitek Core Armor, Iphone 13 Mini"}]},{"@type":"WebSite","@id":"https:\/\/www.urbanspot.si\/#website","url":"https:\/\/www.urbanspot.si\/","name":"UrbanSpot","description":"","publisher":{"@id":"https:\/\/www.urbanspot.si\/#organization"},"potentialAction":[{"@type":"SearchAction","target":{"@type":"EntryPoint","urlTemplate":"https:\/\/www.urbanspot.si\/?s={search_term_string}"},"query-input":{"@type":"PropertyValueSpecification","valueRequired":true,"valueName":"search_term_string"}}],"inLanguage":"hr"},{"@type":"Organization","@id":"https:\/\/www.urbanspot.si\/#organization","name":"UrbanSpot","url":"https:\/\/www.urbanspot.si\/","logo":{"@type":"ImageObject","inLanguage":"hr","@id":"https:\/\/www.urbanspot.si\/#\/schema\/logo\/image\/","url":"https:\/\/www.urbanspot.si\/wp-content\/uploads\/urbanspot-logo.svg","contentUrl":"https:\/\/www.urbanspot.si\/wp-content\/uploads\/urbanspot-logo.svg","width":185,"height":40,"caption":"UrbanSpot"},"image":{"@id":"https:\/\/www.urbanspot.si\/#\/schema\/logo\/image\/"},"sameAs":["https:\/\/www.facebook.com\/urbanspot.si"]}]}},"_links":{"self":[{"href":"https:\/\/www.urbanspot.si\/hr\/wp-json\/wp\/v2\/product\/10893","targetHints":{"allow":["GET"]}}],"collection":[{"href":"https:\/\/www.urbanspot.si\/hr\/wp-json\/wp\/v2\/product"}],"about":[{"href":"https:\/\/www.urbanspot.si\/hr\/wp-json\/wp\/v2\/types\/product"}],"replies":[{"embeddable":true,"href":"https:\/\/www.urbanspot.si\/hr\/wp-json\/wp\/v2\/comments?post=10893"}],"version-history":[{"count":1,"href":"https:\/\/www.urbanspot.si\/hr\/wp-json\/wp\/v2\/product\/10893\/revisions"}],"predecessor-version":[{"id":10894,"href":"https:\/\/www.urbanspot.si\/hr\/wp-json\/wp\/v2\/product\/10893\/revisions\/10894"}],"wp:featuredmedia":[{"embeddable":true,"href":"https:\/\/www.urbanspot.si\/hr\/wp-json\/wp\/v2\/media\/10895"}],"wp:attachment":[{"href":"https:\/\/www.urbanspot.si\/hr\/wp-json\/wp\/v2\/media?parent=10893"}],"wp:term":[{"taxonomy":"product_brand","embeddable":true,"href":"https:\/\/www.urbanspot.si\/hr\/wp-json\/wp\/v2\/product_brand?post=10893"},{"taxonomy":"product_cat","embeddable":true,"href":"https:\/\/www.urbanspot.si\/hr\/wp-json\/wp\/v2\/product_cat?post=10893"},{"taxonomy":"product_tag","embeddable":true,"href":"https:\/\/www.urbanspot.si\/hr\/wp-json\/wp\/v2\/product_tag?post=10893"}],"curies":[{"name":"radni list","href":"https:\/\/api.w.org\/{rel}","templated":true}]}}