{"id":10969,"date":"2024-05-22T14:30:42","date_gmt":"2024-05-22T13:30:42","guid":{"rendered":"https:\/\/www.urbanspot.si\/product\/ovitek-sensation-iphone-13-crn\/"},"modified":"2026-03-19T16:05:40","modified_gmt":"2026-03-19T14:05:40","slug":"sensation-crni-futrola-za-iphone-13","status":"publish","type":"product","link":"https:\/\/www.urbanspot.si\/hr\/produkt\/ovitek-sensation-iphone-13-crn\/","title":{"rendered":"SENSATION maskica za iPhone 13, crna"},"content":{"rendered":"<p>SENSATION maskica izra\u0111ena je od visokokvalitetnih materijala koji \u0161tite va\u0161 telefon od svakodnevne prljav\u0161tine, ogrebotina i udaraca.<\/p>\n<p>Zna\u010dajke:<\/p>\n<ul>\n<li>Unutarnja podstava od mikrovlakana<\/li>\n<li>Savr\u0161eno pristaje telefonu<\/li>\n<li>Tanka i d\u017eepna torbica<\/li>\n<li>Omogu\u0107uje be\u017ei\u010dno punjenje<\/li>\n<li>Ima oja\u010dane rubove za za\u0161titu telefona prilikom pada i otporan je na ogrebotine.<\/li>\n<li>Ku\u0107i\u0161te izra\u0111eno od mekog, ugodnog materijala na dodir<\/li>\n<\/ul>","protected":false},"excerpt":{"rendered":"<p>SENSATION je silikonska maskica mekana na dodir s unutarnjom mikrovlaknom otpornom na ogrebotine koja savr\u0161eno prianja uz dizajn va\u0161eg pametnog telefona, a istovremeno \u0161titi njegove kutove, rubove i priklju\u010dke.<\/p>","protected":false},"featured_media":10971,"comment_status":"closed","ping_status":"closed","template":"","meta":[],"product_brand":[],"product_cat":[92,119,250,330,331,560,91],"product_tag":[],"class_list":{"0":"post-10969","1":"product","2":"type-product","3":"status-publish","4":"has-post-thumbnail","6":"product_cat-apple","7":"product_cat-apple-ovitki-stekla","8":"product_cat-apple-iphone-13-serija","9":"product_cat-iphone-13","10":"product_cat-iphone-13-apple-iphone-13-serija","11":"product_cat-ovitki-za-telefone","12":"product_cat-razprodaja","13":"pa_primerno-za-model-iphone-13","14":"pa_primerno-za-proizvajalca-apple","16":"first","17":"instock","18":"sale","19":"taxable","20":"shipping-taxable","21":"purchasable","22":"product-type-simple"},"yoast_head":"<!-- This site is optimized with the Yoast SEO plugin v27.2 - https:\/\/yoast.com\/product\/yoast-seo-wordpress\/ -->\n<title>Ovitek SENSATION Iphone 13, \u010drn -<\/title>\n<meta name=\"robots\" content=\"index, follow, max-snippet:-1, max-image-preview:large, max-video-preview:-1\" \/>\n<link rel=\"canonical\" href=\"https:\/\/www.urbanspot.si\/hr\/proizvod-2\/sensation-crni-futrola-za-iphone-13\/\" \/>\n<meta property=\"og:locale\" content=\"hr_HR\" \/>\n<meta property=\"og:type\" content=\"article\" \/>\n<meta property=\"og:title\" content=\"Ovitek SENSATION Iphone 13, \u010drn -\" \/>\n<meta property=\"og:description\" content=\"SENSATION je silikonsko ohi\u0161je iz mehkega materiala na dotik in notranja obloga iz mikrovlaken, odporna proti praskam, ki se odli\u010dno dr\u017ei oblikovanja va\u0161ega pametnega telefona, hkrati pa \u0161\u010diti njegove vogale, robove in priklju\u010dke.\" \/>\n<meta property=\"og:url\" content=\"https:\/\/www.urbanspot.si\/hr\/proizvod-2\/sensation-crni-futrola-za-iphone-13\/\" \/>\n<meta property=\"article:publisher\" content=\"https:\/\/www.facebook.com\/urbanspot.si\" \/>\n<meta property=\"article:modified_time\" content=\"2026-03-19T14:05:40+00:00\" \/>\n<meta property=\"og:image\" content=\"https:\/\/www.urbanspot.si\/wp-content\/uploads\/ovitek-sensation-iphone-13-crn.jpg\" \/>\n\t<meta property=\"og:image:width\" content=\"1000\" \/>\n\t<meta property=\"og:image:height\" content=\"1000\" \/>\n\t<meta property=\"og:image:type\" content=\"image\/jpeg\" \/>\n<meta name=\"twitter:card\" content=\"summary_large_image\" \/>\n<meta name=\"twitter:label1\" content=\"Procijenjeno vrijeme \u010ditanja\" \/>\n\t<meta name=\"twitter:data1\" content=\"1 minuta\" \/>\n<script type=\"application\/ld+json\" class=\"yoast-schema-graph\">{\"@context\":\"https:\/\/schema.org\",\"@graph\":[{\"@type\":\"WebPage\",\"@id\":\"https:\/\/www.urbanspot.si\/produkt\/ovitek-sensation-iphone-13-crn\/\",\"url\":\"https:\/\/www.urbanspot.si\/produkt\/ovitek-sensation-iphone-13-crn\/\",\"name\":\"Ovitek SENSATION Iphone 13, \u010drn -\",\"isPartOf\":{\"@id\":\"https:\/\/www.urbanspot.si\/#website\"},\"primaryImageOfPage\":{\"@id\":\"https:\/\/www.urbanspot.si\/produkt\/ovitek-sensation-iphone-13-crn\/#primaryimage\"},\"image\":{\"@id\":\"https:\/\/www.urbanspot.si\/produkt\/ovitek-sensation-iphone-13-crn\/#primaryimage\"},\"thumbnailUrl\":\"https:\/\/www.urbanspot.si\/wp-content\/uploads\/ovitek-sensation-iphone-13-crn.jpg\",\"datePublished\":\"2024-05-22T13:30:42+00:00\",\"dateModified\":\"2026-03-19T14:05:40+00:00\",\"breadcrumb\":{\"@id\":\"https:\/\/www.urbanspot.si\/produkt\/ovitek-sensation-iphone-13-crn\/#breadcrumb\"},\"inLanguage\":\"hr\",\"potentialAction\":[{\"@type\":\"ReadAction\",\"target\":[\"https:\/\/www.urbanspot.si\/produkt\/ovitek-sensation-iphone-13-crn\/\"]}]},{\"@type\":\"ImageObject\",\"inLanguage\":\"hr\",\"@id\":\"https:\/\/www.urbanspot.si\/produkt\/ovitek-sensation-iphone-13-crn\/#primaryimage\",\"url\":\"https:\/\/www.urbanspot.si\/wp-content\/uploads\/ovitek-sensation-iphone-13-crn.jpg\",\"contentUrl\":\"https:\/\/www.urbanspot.si\/wp-content\/uploads\/ovitek-sensation-iphone-13-crn.jpg\",\"width\":1000,\"height\":1000,\"caption\":\"Ovitek SENSATION Iphone 13\"},{\"@type\":\"BreadcrumbList\",\"@id\":\"https:\/\/www.urbanspot.si\/produkt\/ovitek-sensation-iphone-13-crn\/#breadcrumb\",\"itemListElement\":[{\"@type\":\"ListItem\",\"position\":1,\"name\":\"Home\",\"item\":\"https:\/\/www.urbanspot.si\/\"},{\"@type\":\"ListItem\",\"position\":2,\"name\":\"Shop\",\"item\":\"https:\/\/www.urbanspot.si\/shop\/\"},{\"@type\":\"ListItem\",\"position\":3,\"name\":\"Ovitek SENSATION Iphone 13, \u010drn\"}]},{\"@type\":\"WebSite\",\"@id\":\"https:\/\/www.urbanspot.si\/#website\",\"url\":\"https:\/\/www.urbanspot.si\/\",\"name\":\"UrbanSpot\",\"description\":\"\",\"publisher\":{\"@id\":\"https:\/\/www.urbanspot.si\/#organization\"},\"potentialAction\":[{\"@type\":\"SearchAction\",\"target\":{\"@type\":\"EntryPoint\",\"urlTemplate\":\"https:\/\/www.urbanspot.si\/?s={search_term_string}\"},\"query-input\":{\"@type\":\"PropertyValueSpecification\",\"valueRequired\":true,\"valueName\":\"search_term_string\"}}],\"inLanguage\":\"hr\"},{\"@type\":\"Organization\",\"@id\":\"https:\/\/www.urbanspot.si\/#organization\",\"name\":\"UrbanSpot\",\"url\":\"https:\/\/www.urbanspot.si\/\",\"logo\":{\"@type\":\"ImageObject\",\"inLanguage\":\"hr\",\"@id\":\"https:\/\/www.urbanspot.si\/#\/schema\/logo\/image\/\",\"url\":\"https:\/\/www.urbanspot.si\/wp-content\/uploads\/urbanspot-logo.svg\",\"contentUrl\":\"https:\/\/www.urbanspot.si\/wp-content\/uploads\/urbanspot-logo.svg\",\"width\":185,\"height\":40,\"caption\":\"UrbanSpot\"},\"image\":{\"@id\":\"https:\/\/www.urbanspot.si\/#\/schema\/logo\/image\/\"},\"sameAs\":[\"https:\/\/www.facebook.com\/urbanspot.si\"]}]}<\/script>\n<!-- \/ Yoast SEO plugin. -->","yoast_head_json":{"title":"Ovitek SENSATION Iphone 13, \u010drn -","robots":{"index":"index","follow":"follow","max-snippet":"max-snippet:-1","max-image-preview":"max-image-preview:large","max-video-preview":"max-video-preview:-1"},"canonical":"https:\/\/www.urbanspot.si\/hr\/proizvod-2\/sensation-crni-futrola-za-iphone-13\/","og_locale":"hr_HR","og_type":"article","og_title":"Ovitek SENSATION Iphone 13, \u010drn -","og_description":"SENSATION je silikonsko ohi\u0161je iz mehkega materiala na dotik in notranja obloga iz mikrovlaken, odporna proti praskam, ki se odli\u010dno dr\u017ei oblikovanja va\u0161ega pametnega telefona, hkrati pa \u0161\u010diti njegove vogale, robove in priklju\u010dke.","og_url":"https:\/\/www.urbanspot.si\/hr\/proizvod-2\/sensation-crni-futrola-za-iphone-13\/","article_publisher":"https:\/\/www.facebook.com\/urbanspot.si","article_modified_time":"2026-03-19T14:05:40+00:00","og_image":[{"width":1000,"height":1000,"url":"https:\/\/www.urbanspot.si\/wp-content\/uploads\/ovitek-sensation-iphone-13-crn.jpg","type":"image\/jpeg"}],"twitter_card":"summary_large_image","twitter_misc":{"Procijenjeno vrijeme \u010ditanja":"1 minuta"},"schema":{"@context":"https:\/\/schema.org","@graph":[{"@type":"WebPage","@id":"https:\/\/www.urbanspot.si\/produkt\/ovitek-sensation-iphone-13-crn\/","url":"https:\/\/www.urbanspot.si\/produkt\/ovitek-sensation-iphone-13-crn\/","name":"Ovitek SENSATION Iphone 13, \u010drn -","isPartOf":{"@id":"https:\/\/www.urbanspot.si\/#website"},"primaryImageOfPage":{"@id":"https:\/\/www.urbanspot.si\/produkt\/ovitek-sensation-iphone-13-crn\/#primaryimage"},"image":{"@id":"https:\/\/www.urbanspot.si\/produkt\/ovitek-sensation-iphone-13-crn\/#primaryimage"},"thumbnailUrl":"https:\/\/www.urbanspot.si\/wp-content\/uploads\/ovitek-sensation-iphone-13-crn.jpg","datePublished":"2024-05-22T13:30:42+00:00","dateModified":"2026-03-19T14:05:40+00:00","breadcrumb":{"@id":"https:\/\/www.urbanspot.si\/produkt\/ovitek-sensation-iphone-13-crn\/#breadcrumb"},"inLanguage":"hr","potentialAction":[{"@type":"ReadAction","target":["https:\/\/www.urbanspot.si\/produkt\/ovitek-sensation-iphone-13-crn\/"]}]},{"@type":"ImageObject","inLanguage":"hr","@id":"https:\/\/www.urbanspot.si\/produkt\/ovitek-sensation-iphone-13-crn\/#primaryimage","url":"https:\/\/www.urbanspot.si\/wp-content\/uploads\/ovitek-sensation-iphone-13-crn.jpg","contentUrl":"https:\/\/www.urbanspot.si\/wp-content\/uploads\/ovitek-sensation-iphone-13-crn.jpg","width":1000,"height":1000,"caption":"Ovitek SENSATION Iphone 13"},{"@type":"BreadcrumbList","@id":"https:\/\/www.urbanspot.si\/produkt\/ovitek-sensation-iphone-13-crn\/#breadcrumb","itemListElement":[{"@type":"ListItem","position":1,"name":"Home","item":"https:\/\/www.urbanspot.si\/"},{"@type":"ListItem","position":2,"name":"Shop","item":"https:\/\/www.urbanspot.si\/shop\/"},{"@type":"ListItem","position":3,"name":"Ovitek SENSATION Iphone 13, \u010drn"}]},{"@type":"WebSite","@id":"https:\/\/www.urbanspot.si\/#website","url":"https:\/\/www.urbanspot.si\/","name":"UrbanSpot","description":"","publisher":{"@id":"https:\/\/www.urbanspot.si\/#organization"},"potentialAction":[{"@type":"SearchAction","target":{"@type":"EntryPoint","urlTemplate":"https:\/\/www.urbanspot.si\/?s={search_term_string}"},"query-input":{"@type":"PropertyValueSpecification","valueRequired":true,"valueName":"search_term_string"}}],"inLanguage":"hr"},{"@type":"Organization","@id":"https:\/\/www.urbanspot.si\/#organization","name":"UrbanSpot","url":"https:\/\/www.urbanspot.si\/","logo":{"@type":"ImageObject","inLanguage":"hr","@id":"https:\/\/www.urbanspot.si\/#\/schema\/logo\/image\/","url":"https:\/\/www.urbanspot.si\/wp-content\/uploads\/urbanspot-logo.svg","contentUrl":"https:\/\/www.urbanspot.si\/wp-content\/uploads\/urbanspot-logo.svg","width":185,"height":40,"caption":"UrbanSpot"},"image":{"@id":"https:\/\/www.urbanspot.si\/#\/schema\/logo\/image\/"},"sameAs":["https:\/\/www.facebook.com\/urbanspot.si"]}]}},"_links":{"self":[{"href":"https:\/\/www.urbanspot.si\/hr\/wp-json\/wp\/v2\/product\/10969","targetHints":{"allow":["GET"]}}],"collection":[{"href":"https:\/\/www.urbanspot.si\/hr\/wp-json\/wp\/v2\/product"}],"about":[{"href":"https:\/\/www.urbanspot.si\/hr\/wp-json\/wp\/v2\/types\/product"}],"replies":[{"embeddable":true,"href":"https:\/\/www.urbanspot.si\/hr\/wp-json\/wp\/v2\/comments?post=10969"}],"version-history":[{"count":2,"href":"https:\/\/www.urbanspot.si\/hr\/wp-json\/wp\/v2\/product\/10969\/revisions"}],"predecessor-version":[{"id":21295,"href":"https:\/\/www.urbanspot.si\/hr\/wp-json\/wp\/v2\/product\/10969\/revisions\/21295"}],"wp:featuredmedia":[{"embeddable":true,"href":"https:\/\/www.urbanspot.si\/hr\/wp-json\/wp\/v2\/media\/10971"}],"wp:attachment":[{"href":"https:\/\/www.urbanspot.si\/hr\/wp-json\/wp\/v2\/media?parent=10969"}],"wp:term":[{"taxonomy":"product_brand","embeddable":true,"href":"https:\/\/www.urbanspot.si\/hr\/wp-json\/wp\/v2\/product_brand?post=10969"},{"taxonomy":"product_cat","embeddable":true,"href":"https:\/\/www.urbanspot.si\/hr\/wp-json\/wp\/v2\/product_cat?post=10969"},{"taxonomy":"product_tag","embeddable":true,"href":"https:\/\/www.urbanspot.si\/hr\/wp-json\/wp\/v2\/product_tag?post=10969"}],"curies":[{"name":"radni list","href":"https:\/\/api.w.org\/{rel}","templated":true}]}}