{"id":11106,"date":"2024-05-22T14:30:56","date_gmt":"2024-05-22T13:30:56","guid":{"rendered":"https:\/\/www.urbanspot.si\/product\/huawei-preklopna-torbica-wallet-cover-huawei-mate-20-pro\/"},"modified":"2026-03-18T15:55:40","modified_gmt":"2026-03-18T13:55:40","slug":"huawei-preklopna-futrola-novcanik-za-huawei-mate-20-pro","status":"publish","type":"product","link":"https:\/\/www.urbanspot.si\/hr\/produkt\/huawei-preklopna-torbica-wallet-cover-huawei-mate-20-pro\/","title":{"rendered":"Huawei preklopna futrola\/nov\u010danik za Huawei Mate 20 Pro"},"content":{"rendered":"<p>Izradio proizvo\u0111a\u010d pametnih telefona Huawei.<\/p>\n<p>\u2022 Izra\u0111eno od najkvalitetnijih materijala<br \/>\n\u2022 Osnovne funkcije poput odgovaranja na pozive i reprodukcije glazbe dostupne su bez podizanja poklopca<br \/>\n\u2022 Otporno na otiske prstiju<br \/>\n\u2022 Nagnut u stranu omogu\u0107uje vam razgovore sa zatvorenim poklopcem<br \/>\n\u2022 Tanak i minimalisti\u010dki, tako da ne pove\u0107ava zna\u010dajno dimenzije va\u0161eg pametnog telefona<br \/>\n\u2022 Savr\u0161eno pristaje ure\u0111aju<br \/>\n\u2022 \u0160titi od ogrebotina i lak\u0161ih udaraca<br \/>\n\u2022 Jednostavan pristup svim potrebnim priklju\u010dcima<br \/>\n\u2022 Kori\u0161tena je funkcija \u201cWake-up\u201d \u2013 automatsko uklju\u010divanje\/isklju\u010divanje zaslona<br \/>\n\u2022 Jednostavno sastavljanje i rastavljanje<\/p>","protected":false},"excerpt":{"rendered":"<p>Za\u0161titite svoj telefon od padova i ogrebotina originalnom Huawei za\u0161titnom maskicom. Moderna je i prakti\u010dna za kori\u0161tenje. Dizajnirana za va\u0161 pametni telefon, tako da dobivate za\u0161titu bez ograni\u010davanja funkcionalnosti telefona.<\/p>","protected":false},"featured_media":11108,"comment_status":"closed","ping_status":"open","template":"","meta":[],"product_brand":[],"product_cat":[186,187,188,91],"product_tag":[],"class_list":{"0":"post-11106","1":"product","2":"type-product","3":"status-publish","4":"has-post-thumbnail","6":"product_cat-huawei","7":"product_cat-huawei-serija-mate","8":"product_cat-mate-20-pro","9":"product_cat-razprodaja","10":"pa_primerno-za-model-huawei-mate-20-pro","11":"pa_primerno-za-proizvajalca-huawei","13":"first","14":"outofstock","15":"sale","16":"taxable","17":"shipping-taxable","18":"purchasable","19":"product-type-simple"},"yoast_head":"<!-- This site is optimized with the Yoast SEO plugin v27.4 - https:\/\/yoast.com\/product\/yoast-seo-wordpress\/ -->\n<title>Huawei preklopna torbica Wallet Cover Huawei Mate 20 Pro -<\/title>\n<meta name=\"robots\" content=\"index, follow, max-snippet:-1, max-image-preview:large, max-video-preview:-1\" \/>\n<link rel=\"canonical\" href=\"https:\/\/www.urbanspot.si\/hr\/proizvod-2\/huawei-preklopna-futrola-novcanik-za-huawei-mate-20-pro\/\" \/>\n<meta property=\"og:locale\" content=\"hr_HR\" \/>\n<meta property=\"og:type\" content=\"article\" \/>\n<meta property=\"og:title\" content=\"Huawei preklopna torbica Wallet Cover Huawei Mate 20 Pro -\" \/>\n<meta property=\"og:description\" content=\"Za\u0161\u010ditite telefon pred padcem in praskami z originalno za\u0161\u010ditno torbico Huawei. Je sodoben in prakti\u010den za uporabo. Namenjen va\u0161emu pametnemu telefonu, tako da boste dobili za\u0161\u010dito, ne da bi omejili funkcionalnost telefona.\" \/>\n<meta property=\"og:url\" content=\"https:\/\/www.urbanspot.si\/hr\/proizvod-2\/huawei-preklopna-futrola-novcanik-za-huawei-mate-20-pro\/\" \/>\n<meta property=\"article:publisher\" content=\"https:\/\/www.facebook.com\/urbanspot.si\" \/>\n<meta property=\"article:modified_time\" content=\"2026-03-18T13:55:40+00:00\" \/>\n<meta property=\"og:image\" content=\"https:\/\/www.urbanspot.si\/wp-content\/uploads\/huawei-preklopna-torbica-wallet-cover-huawei-mate-20-pro.jpg\" \/>\n\t<meta property=\"og:image:width\" content=\"999\" \/>\n\t<meta property=\"og:image:height\" content=\"1000\" \/>\n\t<meta property=\"og:image:type\" content=\"image\/jpeg\" \/>\n<meta name=\"twitter:card\" content=\"summary_large_image\" \/>\n<script type=\"application\/ld+json\" class=\"yoast-schema-graph\">{\"@context\":\"https:\\\/\\\/schema.org\",\"@graph\":[{\"@type\":\"WebPage\",\"@id\":\"https:\\\/\\\/www.urbanspot.si\\\/produkt\\\/huawei-preklopna-torbica-wallet-cover-huawei-mate-20-pro\\\/\",\"url\":\"https:\\\/\\\/www.urbanspot.si\\\/produkt\\\/huawei-preklopna-torbica-wallet-cover-huawei-mate-20-pro\\\/\",\"name\":\"Huawei preklopna torbica Wallet Cover Huawei Mate 20 Pro -\",\"isPartOf\":{\"@id\":\"https:\\\/\\\/www.urbanspot.si\\\/#website\"},\"primaryImageOfPage\":{\"@id\":\"https:\\\/\\\/www.urbanspot.si\\\/produkt\\\/huawei-preklopna-torbica-wallet-cover-huawei-mate-20-pro\\\/#primaryimage\"},\"image\":{\"@id\":\"https:\\\/\\\/www.urbanspot.si\\\/produkt\\\/huawei-preklopna-torbica-wallet-cover-huawei-mate-20-pro\\\/#primaryimage\"},\"thumbnailUrl\":\"https:\\\/\\\/www.urbanspot.si\\\/wp-content\\\/uploads\\\/huawei-preklopna-torbica-wallet-cover-huawei-mate-20-pro.jpg\",\"datePublished\":\"2024-05-22T13:30:56+00:00\",\"dateModified\":\"2026-03-18T13:55:40+00:00\",\"breadcrumb\":{\"@id\":\"https:\\\/\\\/www.urbanspot.si\\\/produkt\\\/huawei-preklopna-torbica-wallet-cover-huawei-mate-20-pro\\\/#breadcrumb\"},\"inLanguage\":\"hr\",\"potentialAction\":[{\"@type\":\"ReadAction\",\"target\":[\"https:\\\/\\\/www.urbanspot.si\\\/produkt\\\/huawei-preklopna-torbica-wallet-cover-huawei-mate-20-pro\\\/\"]}]},{\"@type\":\"ImageObject\",\"inLanguage\":\"hr\",\"@id\":\"https:\\\/\\\/www.urbanspot.si\\\/produkt\\\/huawei-preklopna-torbica-wallet-cover-huawei-mate-20-pro\\\/#primaryimage\",\"url\":\"https:\\\/\\\/www.urbanspot.si\\\/wp-content\\\/uploads\\\/huawei-preklopna-torbica-wallet-cover-huawei-mate-20-pro.jpg\",\"contentUrl\":\"https:\\\/\\\/www.urbanspot.si\\\/wp-content\\\/uploads\\\/huawei-preklopna-torbica-wallet-cover-huawei-mate-20-pro.jpg\",\"width\":999,\"height\":1000,\"caption\":\"Huawei preklopna torbica Wallet Cover Huawei Mate 20 Pro\"},{\"@type\":\"BreadcrumbList\",\"@id\":\"https:\\\/\\\/www.urbanspot.si\\\/produkt\\\/huawei-preklopna-torbica-wallet-cover-huawei-mate-20-pro\\\/#breadcrumb\",\"itemListElement\":[{\"@type\":\"ListItem\",\"position\":1,\"name\":\"Home\",\"item\":\"https:\\\/\\\/www.urbanspot.si\\\/\"},{\"@type\":\"ListItem\",\"position\":2,\"name\":\"Shop\",\"item\":\"https:\\\/\\\/www.urbanspot.si\\\/shop\\\/\"},{\"@type\":\"ListItem\",\"position\":3,\"name\":\"Huawei preklopna torbica Wallet Cover Huawei Mate 20 Pro\"}]},{\"@type\":\"WebSite\",\"@id\":\"https:\\\/\\\/www.urbanspot.si\\\/#website\",\"url\":\"https:\\\/\\\/www.urbanspot.si\\\/\",\"name\":\"UrbanSpot\",\"description\":\"\",\"publisher\":{\"@id\":\"https:\\\/\\\/www.urbanspot.si\\\/#organization\"},\"potentialAction\":[{\"@type\":\"SearchAction\",\"target\":{\"@type\":\"EntryPoint\",\"urlTemplate\":\"https:\\\/\\\/www.urbanspot.si\\\/?s={search_term_string}\"},\"query-input\":{\"@type\":\"PropertyValueSpecification\",\"valueRequired\":true,\"valueName\":\"search_term_string\"}}],\"inLanguage\":\"hr\"},{\"@type\":\"Organization\",\"@id\":\"https:\\\/\\\/www.urbanspot.si\\\/#organization\",\"name\":\"UrbanSpot\",\"url\":\"https:\\\/\\\/www.urbanspot.si\\\/\",\"logo\":{\"@type\":\"ImageObject\",\"inLanguage\":\"hr\",\"@id\":\"https:\\\/\\\/www.urbanspot.si\\\/#\\\/schema\\\/logo\\\/image\\\/\",\"url\":\"https:\\\/\\\/www.urbanspot.si\\\/wp-content\\\/uploads\\\/urbanspot-logo.svg\",\"contentUrl\":\"https:\\\/\\\/www.urbanspot.si\\\/wp-content\\\/uploads\\\/urbanspot-logo.svg\",\"width\":185,\"height\":40,\"caption\":\"UrbanSpot\"},\"image\":{\"@id\":\"https:\\\/\\\/www.urbanspot.si\\\/#\\\/schema\\\/logo\\\/image\\\/\"},\"sameAs\":[\"https:\\\/\\\/www.facebook.com\\\/urbanspot.si\"]}]}<\/script>\n<!-- \/ Yoast SEO plugin. -->","yoast_head_json":{"title":"Huawei preklopna torbica Wallet Cover Huawei Mate 20 Pro -","robots":{"index":"index","follow":"follow","max-snippet":"max-snippet:-1","max-image-preview":"max-image-preview:large","max-video-preview":"max-video-preview:-1"},"canonical":"https:\/\/www.urbanspot.si\/hr\/proizvod-2\/huawei-preklopna-futrola-novcanik-za-huawei-mate-20-pro\/","og_locale":"hr_HR","og_type":"article","og_title":"Huawei preklopna torbica Wallet Cover Huawei Mate 20 Pro -","og_description":"Za\u0161\u010ditite telefon pred padcem in praskami z originalno za\u0161\u010ditno torbico Huawei. Je sodoben in prakti\u010den za uporabo. Namenjen va\u0161emu pametnemu telefonu, tako da boste dobili za\u0161\u010dito, ne da bi omejili funkcionalnost telefona.","og_url":"https:\/\/www.urbanspot.si\/hr\/proizvod-2\/huawei-preklopna-futrola-novcanik-za-huawei-mate-20-pro\/","article_publisher":"https:\/\/www.facebook.com\/urbanspot.si","article_modified_time":"2026-03-18T13:55:40+00:00","og_image":[{"width":999,"height":1000,"url":"https:\/\/www.urbanspot.si\/wp-content\/uploads\/huawei-preklopna-torbica-wallet-cover-huawei-mate-20-pro.jpg","type":"image\/jpeg"}],"twitter_card":"summary_large_image","schema":{"@context":"https:\/\/schema.org","@graph":[{"@type":"WebPage","@id":"https:\/\/www.urbanspot.si\/produkt\/huawei-preklopna-torbica-wallet-cover-huawei-mate-20-pro\/","url":"https:\/\/www.urbanspot.si\/produkt\/huawei-preklopna-torbica-wallet-cover-huawei-mate-20-pro\/","name":"Huawei preklopna torbica Wallet Cover Huawei Mate 20 Pro -","isPartOf":{"@id":"https:\/\/www.urbanspot.si\/#website"},"primaryImageOfPage":{"@id":"https:\/\/www.urbanspot.si\/produkt\/huawei-preklopna-torbica-wallet-cover-huawei-mate-20-pro\/#primaryimage"},"image":{"@id":"https:\/\/www.urbanspot.si\/produkt\/huawei-preklopna-torbica-wallet-cover-huawei-mate-20-pro\/#primaryimage"},"thumbnailUrl":"https:\/\/www.urbanspot.si\/wp-content\/uploads\/huawei-preklopna-torbica-wallet-cover-huawei-mate-20-pro.jpg","datePublished":"2024-05-22T13:30:56+00:00","dateModified":"2026-03-18T13:55:40+00:00","breadcrumb":{"@id":"https:\/\/www.urbanspot.si\/produkt\/huawei-preklopna-torbica-wallet-cover-huawei-mate-20-pro\/#breadcrumb"},"inLanguage":"hr","potentialAction":[{"@type":"ReadAction","target":["https:\/\/www.urbanspot.si\/produkt\/huawei-preklopna-torbica-wallet-cover-huawei-mate-20-pro\/"]}]},{"@type":"ImageObject","inLanguage":"hr","@id":"https:\/\/www.urbanspot.si\/produkt\/huawei-preklopna-torbica-wallet-cover-huawei-mate-20-pro\/#primaryimage","url":"https:\/\/www.urbanspot.si\/wp-content\/uploads\/huawei-preklopna-torbica-wallet-cover-huawei-mate-20-pro.jpg","contentUrl":"https:\/\/www.urbanspot.si\/wp-content\/uploads\/huawei-preklopna-torbica-wallet-cover-huawei-mate-20-pro.jpg","width":999,"height":1000,"caption":"Huawei preklopna torbica Wallet Cover Huawei Mate 20 Pro"},{"@type":"BreadcrumbList","@id":"https:\/\/www.urbanspot.si\/produkt\/huawei-preklopna-torbica-wallet-cover-huawei-mate-20-pro\/#breadcrumb","itemListElement":[{"@type":"ListItem","position":1,"name":"Home","item":"https:\/\/www.urbanspot.si\/"},{"@type":"ListItem","position":2,"name":"Shop","item":"https:\/\/www.urbanspot.si\/shop\/"},{"@type":"ListItem","position":3,"name":"Huawei preklopna torbica Wallet Cover Huawei Mate 20 Pro"}]},{"@type":"WebSite","@id":"https:\/\/www.urbanspot.si\/#website","url":"https:\/\/www.urbanspot.si\/","name":"UrbanSpot","description":"","publisher":{"@id":"https:\/\/www.urbanspot.si\/#organization"},"potentialAction":[{"@type":"SearchAction","target":{"@type":"EntryPoint","urlTemplate":"https:\/\/www.urbanspot.si\/?s={search_term_string}"},"query-input":{"@type":"PropertyValueSpecification","valueRequired":true,"valueName":"search_term_string"}}],"inLanguage":"hr"},{"@type":"Organization","@id":"https:\/\/www.urbanspot.si\/#organization","name":"UrbanSpot","url":"https:\/\/www.urbanspot.si\/","logo":{"@type":"ImageObject","inLanguage":"hr","@id":"https:\/\/www.urbanspot.si\/#\/schema\/logo\/image\/","url":"https:\/\/www.urbanspot.si\/wp-content\/uploads\/urbanspot-logo.svg","contentUrl":"https:\/\/www.urbanspot.si\/wp-content\/uploads\/urbanspot-logo.svg","width":185,"height":40,"caption":"UrbanSpot"},"image":{"@id":"https:\/\/www.urbanspot.si\/#\/schema\/logo\/image\/"},"sameAs":["https:\/\/www.facebook.com\/urbanspot.si"]}]}},"_links":{"self":[{"href":"https:\/\/www.urbanspot.si\/hr\/wp-json\/wp\/v2\/product\/11106","targetHints":{"allow":["GET"]}}],"collection":[{"href":"https:\/\/www.urbanspot.si\/hr\/wp-json\/wp\/v2\/product"}],"about":[{"href":"https:\/\/www.urbanspot.si\/hr\/wp-json\/wp\/v2\/types\/product"}],"replies":[{"embeddable":true,"href":"https:\/\/www.urbanspot.si\/hr\/wp-json\/wp\/v2\/comments?post=11106"}],"version-history":[{"count":1,"href":"https:\/\/www.urbanspot.si\/hr\/wp-json\/wp\/v2\/product\/11106\/revisions"}],"predecessor-version":[{"id":11107,"href":"https:\/\/www.urbanspot.si\/hr\/wp-json\/wp\/v2\/product\/11106\/revisions\/11107"}],"wp:featuredmedia":[{"embeddable":true,"href":"https:\/\/www.urbanspot.si\/hr\/wp-json\/wp\/v2\/media\/11108"}],"wp:attachment":[{"href":"https:\/\/www.urbanspot.si\/hr\/wp-json\/wp\/v2\/media?parent=11106"}],"wp:term":[{"taxonomy":"product_brand","embeddable":true,"href":"https:\/\/www.urbanspot.si\/hr\/wp-json\/wp\/v2\/product_brand?post=11106"},{"taxonomy":"product_cat","embeddable":true,"href":"https:\/\/www.urbanspot.si\/hr\/wp-json\/wp\/v2\/product_cat?post=11106"},{"taxonomy":"product_tag","embeddable":true,"href":"https:\/\/www.urbanspot.si\/hr\/wp-json\/wp\/v2\/product_tag?post=11106"}],"curies":[{"name":"radni list","href":"https:\/\/api.w.org\/{rel}","templated":true}]}}