{"id":11175,"date":"2024-05-22T14:30:56","date_gmt":"2024-05-22T13:30:56","guid":{"rendered":"https:\/\/www.urbanspot.si\/product\/spigen-zascitni-ovitek-liquid-air-black-samsung-galaxy-s21-ultra\/"},"modified":"2026-03-18T15:55:38","modified_gmt":"2026-03-18T13:55:38","slug":"spigen-zastitna-futrola-liquid-air-crna-za-samsung-galaxy-s21-ultra","status":"publish","type":"product","link":"https:\/\/www.urbanspot.si\/hr\/produkt\/spigen-zascitni-ovitek-liquid-air-black-samsung-galaxy-s21-ultra\/","title":{"rendered":"Spigen Liquid Air crna za\u0161titna futrola za Samsung Galaxy S21 Ultra"},"content":{"rendered":"<p>Spigen Liquid Air maskica izra\u0111ena je od visokokvalitetnih materijala koji \u0161tite va\u0161 telefon od svakodnevne prljav\u0161tine, ogrebotina i udaraca.<\/p>\n<p>\u00a0<\/p>\n<p>Zna\u010dajke:<\/p>\n<ul>\n<li>Savr\u0161en izgled<\/li>\n<li>Savr\u0161eno pristaje telefonu<\/li>\n<li>Tanka i d\u017eepna torbica<\/li>\n<li>Omogu\u0107uje be\u017ei\u010dno punjenje<\/li>\n<li>Visokokvalitetni materijal<\/li>\n<li>Omogu\u0107uje kori\u0161tenje magnetskog dr\u017ea\u010da za automobil<\/li>\n<\/ul>\n<p>\u00a0<\/p>\n<pre id=\"tw-target-text\" class=\"tw-data-text tw-text-large XcVN5d tw-ta\" dir=\"ltr\" data-placeholder=\"Translation\">\u00a0<\/pre>","protected":false},"excerpt":{"rendered":"<p>Spigen Liquid Air maskica ne odlikuje se samo iznimnom kvalitetom, ve\u0107 i dizajnom. Silikonska maskica koja \u0161titi va\u0161 pametni telefon od ogrebotina, prljav\u0161tine i udaraca. Dobro pristaje i ugodna je na dodir. <\/p>","protected":false},"featured_media":11177,"comment_status":"closed","ping_status":"open","template":"","meta":[],"product_brand":[],"product_cat":[316,560,91,88,89],"product_tag":[],"class_list":{"0":"post-11175","1":"product","2":"type-product","3":"status-publish","4":"has-post-thumbnail","6":"product_cat-galaxy-s21-ultra","7":"product_cat-ovitki-za-telefone","8":"product_cat-razprodaja","9":"product_cat-samsung","10":"product_cat-samsung-s-serija","11":"pa_primerno-za-model-samsung-galaxy-s21-ultra","12":"pa_primerno-za-proizvajalca-samsung","14":"first","15":"outofstock","16":"sale","17":"taxable","18":"shipping-taxable","19":"purchasable","20":"product-type-simple"},"yoast_head":"<!-- This site is optimized with the Yoast SEO plugin v27.4 - https:\/\/yoast.com\/product\/yoast-seo-wordpress\/ -->\n<title>Spigen za\u0161\u010ditni ovitek Liquid Air Black, Samsung Galaxy S21 Ultra -<\/title>\n<meta name=\"robots\" content=\"index, follow, max-snippet:-1, max-image-preview:large, max-video-preview:-1\" \/>\n<link rel=\"canonical\" href=\"https:\/\/www.urbanspot.si\/hr\/proizvod-2\/spigen-zastitna-futrola-liquid-air-crna-za-samsung-galaxy-s21-ultra\/\" \/>\n<meta property=\"og:locale\" content=\"hr_HR\" \/>\n<meta property=\"og:type\" content=\"article\" \/>\n<meta property=\"og:title\" content=\"Spigen za\u0161\u010ditni ovitek Liquid Air Black, Samsung Galaxy S21 Ultra -\" \/>\n<meta property=\"og:description\" content=\"Ovitka Spigen Liquid Air ne odlikuje le izjemna kakovost, temve\u010d tudi dizajn. Silikonski ovoj, ki va\u0161emu pametnemu telefonu nudi za\u0161\u010dito pred praskami, umazanijo in udarci. Dobro prileganje in prijeten na otip.\" \/>\n<meta property=\"og:url\" content=\"https:\/\/www.urbanspot.si\/hr\/proizvod-2\/spigen-zastitna-futrola-liquid-air-crna-za-samsung-galaxy-s21-ultra\/\" \/>\n<meta property=\"article:publisher\" content=\"https:\/\/www.facebook.com\/urbanspot.si\" \/>\n<meta property=\"article:modified_time\" content=\"2026-03-18T13:55:38+00:00\" \/>\n<meta property=\"og:image\" content=\"https:\/\/www.urbanspot.si\/wp-content\/uploads\/spigen-zascitni-ovitek-liquid-air-black-samsung-galaxy-s21-ultra.jpg\" \/>\n\t<meta property=\"og:image:width\" content=\"1000\" \/>\n\t<meta property=\"og:image:height\" content=\"1000\" \/>\n\t<meta property=\"og:image:type\" content=\"image\/jpeg\" \/>\n<meta name=\"twitter:card\" content=\"summary_large_image\" \/>\n<script type=\"application\/ld+json\" class=\"yoast-schema-graph\">{\"@context\":\"https:\\\/\\\/schema.org\",\"@graph\":[{\"@type\":\"WebPage\",\"@id\":\"https:\\\/\\\/www.urbanspot.si\\\/produkt\\\/spigen-zascitni-ovitek-liquid-air-black-samsung-galaxy-s21-ultra\\\/\",\"url\":\"https:\\\/\\\/www.urbanspot.si\\\/produkt\\\/spigen-zascitni-ovitek-liquid-air-black-samsung-galaxy-s21-ultra\\\/\",\"name\":\"Spigen za\u0161\u010ditni ovitek Liquid Air Black, Samsung Galaxy S21 Ultra -\",\"isPartOf\":{\"@id\":\"https:\\\/\\\/www.urbanspot.si\\\/#website\"},\"primaryImageOfPage\":{\"@id\":\"https:\\\/\\\/www.urbanspot.si\\\/produkt\\\/spigen-zascitni-ovitek-liquid-air-black-samsung-galaxy-s21-ultra\\\/#primaryimage\"},\"image\":{\"@id\":\"https:\\\/\\\/www.urbanspot.si\\\/produkt\\\/spigen-zascitni-ovitek-liquid-air-black-samsung-galaxy-s21-ultra\\\/#primaryimage\"},\"thumbnailUrl\":\"https:\\\/\\\/www.urbanspot.si\\\/wp-content\\\/uploads\\\/spigen-zascitni-ovitek-liquid-air-black-samsung-galaxy-s21-ultra.jpg\",\"datePublished\":\"2024-05-22T13:30:56+00:00\",\"dateModified\":\"2026-03-18T13:55:38+00:00\",\"breadcrumb\":{\"@id\":\"https:\\\/\\\/www.urbanspot.si\\\/produkt\\\/spigen-zascitni-ovitek-liquid-air-black-samsung-galaxy-s21-ultra\\\/#breadcrumb\"},\"inLanguage\":\"hr\",\"potentialAction\":[{\"@type\":\"ReadAction\",\"target\":[\"https:\\\/\\\/www.urbanspot.si\\\/produkt\\\/spigen-zascitni-ovitek-liquid-air-black-samsung-galaxy-s21-ultra\\\/\"]}]},{\"@type\":\"ImageObject\",\"inLanguage\":\"hr\",\"@id\":\"https:\\\/\\\/www.urbanspot.si\\\/produkt\\\/spigen-zascitni-ovitek-liquid-air-black-samsung-galaxy-s21-ultra\\\/#primaryimage\",\"url\":\"https:\\\/\\\/www.urbanspot.si\\\/wp-content\\\/uploads\\\/spigen-zascitni-ovitek-liquid-air-black-samsung-galaxy-s21-ultra.jpg\",\"contentUrl\":\"https:\\\/\\\/www.urbanspot.si\\\/wp-content\\\/uploads\\\/spigen-zascitni-ovitek-liquid-air-black-samsung-galaxy-s21-ultra.jpg\",\"width\":1000,\"height\":1000,\"caption\":\"Spigen za\u0161\u010ditni ovitek Liquid Air Black\"},{\"@type\":\"BreadcrumbList\",\"@id\":\"https:\\\/\\\/www.urbanspot.si\\\/produkt\\\/spigen-zascitni-ovitek-liquid-air-black-samsung-galaxy-s21-ultra\\\/#breadcrumb\",\"itemListElement\":[{\"@type\":\"ListItem\",\"position\":1,\"name\":\"Home\",\"item\":\"https:\\\/\\\/www.urbanspot.si\\\/\"},{\"@type\":\"ListItem\",\"position\":2,\"name\":\"Shop\",\"item\":\"https:\\\/\\\/www.urbanspot.si\\\/shop\\\/\"},{\"@type\":\"ListItem\",\"position\":3,\"name\":\"Spigen za\u0161\u010ditni ovitek Liquid Air Black, Samsung Galaxy S21 Ultra\"}]},{\"@type\":\"WebSite\",\"@id\":\"https:\\\/\\\/www.urbanspot.si\\\/#website\",\"url\":\"https:\\\/\\\/www.urbanspot.si\\\/\",\"name\":\"UrbanSpot\",\"description\":\"\",\"publisher\":{\"@id\":\"https:\\\/\\\/www.urbanspot.si\\\/#organization\"},\"potentialAction\":[{\"@type\":\"SearchAction\",\"target\":{\"@type\":\"EntryPoint\",\"urlTemplate\":\"https:\\\/\\\/www.urbanspot.si\\\/?s={search_term_string}\"},\"query-input\":{\"@type\":\"PropertyValueSpecification\",\"valueRequired\":true,\"valueName\":\"search_term_string\"}}],\"inLanguage\":\"hr\"},{\"@type\":\"Organization\",\"@id\":\"https:\\\/\\\/www.urbanspot.si\\\/#organization\",\"name\":\"UrbanSpot\",\"url\":\"https:\\\/\\\/www.urbanspot.si\\\/\",\"logo\":{\"@type\":\"ImageObject\",\"inLanguage\":\"hr\",\"@id\":\"https:\\\/\\\/www.urbanspot.si\\\/#\\\/schema\\\/logo\\\/image\\\/\",\"url\":\"https:\\\/\\\/www.urbanspot.si\\\/wp-content\\\/uploads\\\/urbanspot-logo.svg\",\"contentUrl\":\"https:\\\/\\\/www.urbanspot.si\\\/wp-content\\\/uploads\\\/urbanspot-logo.svg\",\"width\":185,\"height\":40,\"caption\":\"UrbanSpot\"},\"image\":{\"@id\":\"https:\\\/\\\/www.urbanspot.si\\\/#\\\/schema\\\/logo\\\/image\\\/\"},\"sameAs\":[\"https:\\\/\\\/www.facebook.com\\\/urbanspot.si\"]}]}<\/script>\n<!-- \/ Yoast SEO plugin. -->","yoast_head_json":{"title":"Spigen za\u0161\u010ditni ovitek Liquid Air Black, Samsung Galaxy S21 Ultra -","robots":{"index":"index","follow":"follow","max-snippet":"max-snippet:-1","max-image-preview":"max-image-preview:large","max-video-preview":"max-video-preview:-1"},"canonical":"https:\/\/www.urbanspot.si\/hr\/proizvod-2\/spigen-zastitna-futrola-liquid-air-crna-za-samsung-galaxy-s21-ultra\/","og_locale":"hr_HR","og_type":"article","og_title":"Spigen za\u0161\u010ditni ovitek Liquid Air Black, Samsung Galaxy S21 Ultra -","og_description":"Ovitka Spigen Liquid Air ne odlikuje le izjemna kakovost, temve\u010d tudi dizajn. Silikonski ovoj, ki va\u0161emu pametnemu telefonu nudi za\u0161\u010dito pred praskami, umazanijo in udarci. Dobro prileganje in prijeten na otip.","og_url":"https:\/\/www.urbanspot.si\/hr\/proizvod-2\/spigen-zastitna-futrola-liquid-air-crna-za-samsung-galaxy-s21-ultra\/","article_publisher":"https:\/\/www.facebook.com\/urbanspot.si","article_modified_time":"2026-03-18T13:55:38+00:00","og_image":[{"width":1000,"height":1000,"url":"https:\/\/www.urbanspot.si\/wp-content\/uploads\/spigen-zascitni-ovitek-liquid-air-black-samsung-galaxy-s21-ultra.jpg","type":"image\/jpeg"}],"twitter_card":"summary_large_image","schema":{"@context":"https:\/\/schema.org","@graph":[{"@type":"WebPage","@id":"https:\/\/www.urbanspot.si\/produkt\/spigen-zascitni-ovitek-liquid-air-black-samsung-galaxy-s21-ultra\/","url":"https:\/\/www.urbanspot.si\/produkt\/spigen-zascitni-ovitek-liquid-air-black-samsung-galaxy-s21-ultra\/","name":"Spigen za\u0161\u010ditni ovitek Liquid Air Black, Samsung Galaxy S21 Ultra -","isPartOf":{"@id":"https:\/\/www.urbanspot.si\/#website"},"primaryImageOfPage":{"@id":"https:\/\/www.urbanspot.si\/produkt\/spigen-zascitni-ovitek-liquid-air-black-samsung-galaxy-s21-ultra\/#primaryimage"},"image":{"@id":"https:\/\/www.urbanspot.si\/produkt\/spigen-zascitni-ovitek-liquid-air-black-samsung-galaxy-s21-ultra\/#primaryimage"},"thumbnailUrl":"https:\/\/www.urbanspot.si\/wp-content\/uploads\/spigen-zascitni-ovitek-liquid-air-black-samsung-galaxy-s21-ultra.jpg","datePublished":"2024-05-22T13:30:56+00:00","dateModified":"2026-03-18T13:55:38+00:00","breadcrumb":{"@id":"https:\/\/www.urbanspot.si\/produkt\/spigen-zascitni-ovitek-liquid-air-black-samsung-galaxy-s21-ultra\/#breadcrumb"},"inLanguage":"hr","potentialAction":[{"@type":"ReadAction","target":["https:\/\/www.urbanspot.si\/produkt\/spigen-zascitni-ovitek-liquid-air-black-samsung-galaxy-s21-ultra\/"]}]},{"@type":"ImageObject","inLanguage":"hr","@id":"https:\/\/www.urbanspot.si\/produkt\/spigen-zascitni-ovitek-liquid-air-black-samsung-galaxy-s21-ultra\/#primaryimage","url":"https:\/\/www.urbanspot.si\/wp-content\/uploads\/spigen-zascitni-ovitek-liquid-air-black-samsung-galaxy-s21-ultra.jpg","contentUrl":"https:\/\/www.urbanspot.si\/wp-content\/uploads\/spigen-zascitni-ovitek-liquid-air-black-samsung-galaxy-s21-ultra.jpg","width":1000,"height":1000,"caption":"Spigen za\u0161\u010ditni ovitek Liquid Air Black"},{"@type":"BreadcrumbList","@id":"https:\/\/www.urbanspot.si\/produkt\/spigen-zascitni-ovitek-liquid-air-black-samsung-galaxy-s21-ultra\/#breadcrumb","itemListElement":[{"@type":"ListItem","position":1,"name":"Home","item":"https:\/\/www.urbanspot.si\/"},{"@type":"ListItem","position":2,"name":"Shop","item":"https:\/\/www.urbanspot.si\/shop\/"},{"@type":"ListItem","position":3,"name":"Spigen za\u0161\u010ditni ovitek Liquid Air Black, Samsung Galaxy S21 Ultra"}]},{"@type":"WebSite","@id":"https:\/\/www.urbanspot.si\/#website","url":"https:\/\/www.urbanspot.si\/","name":"UrbanSpot","description":"","publisher":{"@id":"https:\/\/www.urbanspot.si\/#organization"},"potentialAction":[{"@type":"SearchAction","target":{"@type":"EntryPoint","urlTemplate":"https:\/\/www.urbanspot.si\/?s={search_term_string}"},"query-input":{"@type":"PropertyValueSpecification","valueRequired":true,"valueName":"search_term_string"}}],"inLanguage":"hr"},{"@type":"Organization","@id":"https:\/\/www.urbanspot.si\/#organization","name":"UrbanSpot","url":"https:\/\/www.urbanspot.si\/","logo":{"@type":"ImageObject","inLanguage":"hr","@id":"https:\/\/www.urbanspot.si\/#\/schema\/logo\/image\/","url":"https:\/\/www.urbanspot.si\/wp-content\/uploads\/urbanspot-logo.svg","contentUrl":"https:\/\/www.urbanspot.si\/wp-content\/uploads\/urbanspot-logo.svg","width":185,"height":40,"caption":"UrbanSpot"},"image":{"@id":"https:\/\/www.urbanspot.si\/#\/schema\/logo\/image\/"},"sameAs":["https:\/\/www.facebook.com\/urbanspot.si"]}]}},"_links":{"self":[{"href":"https:\/\/www.urbanspot.si\/hr\/wp-json\/wp\/v2\/product\/11175","targetHints":{"allow":["GET"]}}],"collection":[{"href":"https:\/\/www.urbanspot.si\/hr\/wp-json\/wp\/v2\/product"}],"about":[{"href":"https:\/\/www.urbanspot.si\/hr\/wp-json\/wp\/v2\/types\/product"}],"replies":[{"embeddable":true,"href":"https:\/\/www.urbanspot.si\/hr\/wp-json\/wp\/v2\/comments?post=11175"}],"version-history":[{"count":1,"href":"https:\/\/www.urbanspot.si\/hr\/wp-json\/wp\/v2\/product\/11175\/revisions"}],"predecessor-version":[{"id":11176,"href":"https:\/\/www.urbanspot.si\/hr\/wp-json\/wp\/v2\/product\/11175\/revisions\/11176"}],"wp:featuredmedia":[{"embeddable":true,"href":"https:\/\/www.urbanspot.si\/hr\/wp-json\/wp\/v2\/media\/11177"}],"wp:attachment":[{"href":"https:\/\/www.urbanspot.si\/hr\/wp-json\/wp\/v2\/media?parent=11175"}],"wp:term":[{"taxonomy":"product_brand","embeddable":true,"href":"https:\/\/www.urbanspot.si\/hr\/wp-json\/wp\/v2\/product_brand?post=11175"},{"taxonomy":"product_cat","embeddable":true,"href":"https:\/\/www.urbanspot.si\/hr\/wp-json\/wp\/v2\/product_cat?post=11175"},{"taxonomy":"product_tag","embeddable":true,"href":"https:\/\/www.urbanspot.si\/hr\/wp-json\/wp\/v2\/product_tag?post=11175"}],"curies":[{"name":"radni list","href":"https:\/\/api.w.org\/{rel}","templated":true}]}}