{"id":11261,"date":"2024-05-22T14:31:16","date_gmt":"2024-05-22T13:31:16","guid":{"rendered":"https:\/\/www.urbanspot.si\/product\/apple-earpods-slusalke-lightning-white\/"},"modified":"2026-03-18T15:55:36","modified_gmt":"2026-03-18T13:55:36","slug":"apple-earpods-lightning-bijeli","status":"publish","type":"product","link":"https:\/\/www.urbanspot.si\/hr\/produkt\/apple-earpods-slusalke-lightning-white\/","title":{"rendered":"Apple EarPods slu\u0161alice, Lightning, bijele"},"content":{"rendered":"<p>Dizajnirane da savr\u0161eno pristaju svakom obliku uha, tako\u0111er imaju visokokvalitetan zvuk. Kabel ima mikrofon s daljinskim upravlja\u010dem s tipkama za kontrolu glasno\u0107e i odgovaranje\/zavr\u0161etak poziva.<\/p>\n<p>\u00a0<\/p>\n<p>Tehni\u010dke zna\u010dajke:<\/p>\n<ul style=\"list-style-type: disc;\">\n<li>daljinski upravlja\u010d na kabelu<\/li>\n<li>mikrofon<\/li>\n<li>radi sa svim ure\u0111ajima s Lightning priklju\u010dkom<\/li>\n<li>podr\u017eava iOS 10 i novije verzije<\/li>\n<li>\u00a0<\/li>\n<\/ul>","protected":false},"excerpt":{"rendered":"<p>Apple EarPods su slu\u0161alice dizajnirane za Apple ure\u0111aje s Lightning priklju\u010dkom.<\/p>","protected":false},"featured_media":11263,"comment_status":"closed","ping_status":"closed","template":"","meta":[],"product_brand":[],"product_cat":[177,119,92,144,104,134,126,142,170,167,168,330,336,176,326,180,205,156,204,120,135,351,91,179,325,306,121],"product_tag":[],"class_list":{"0":"post-11261","1":"product","2":"type-product","3":"status-publish","4":"has-post-thumbnail","6":"product_cat-5s","7":"product_cat-apple-ovitki-stekla","8":"product_cat-apple","9":"product_cat-apple-iphone-12-serija","10":"product_cat-dodatna-oprema","11":"product_cat-iphone-11","12":"product_cat-iphone-11-pro-max","13":"product_cat-iphone-12","14":"product_cat-iphone-12-mini","15":"product_cat-iphone-12-pro-max","16":"product_cat-iphone-12-pro-max-apple-iphone-12-serija","17":"product_cat-iphone-13","18":"product_cat-iphone-13-mini","19":"product_cat-iphone-5","20":"product_cat-iphone-6","21":"product_cat-iphone-7-apple-ovitki-stekla","22":"product_cat-iphone-7-plus","23":"product_cat-iphone-8","24":"product_cat-iphone-8-plus","25":"product_cat-iphone-x","26":"product_cat-iphone-xr","27":"product_cat-iphone-xs-max","28":"product_cat-razprodaja","29":"product_cat-se-2020","30":"product_cat-se-2020-apple-ovitki-stekla","31":"product_cat-slusalke","32":"product_cat-xs","33":"pa_primerno-za-model-iphone-11","34":"pa_primerno-za-model-iphone-11-pro","35":"pa_primerno-za-model-iphone-7","36":"pa_primerno-za-model-iphone-7-8-plus","37":"pa_primerno-za-model-iphone-8","38":"pa_primerno-za-model-iphone-se-2nd-gen","39":"pa_primerno-za-model-iphone-x-xs","40":"pa_primerno-za-model-iphone-xr","41":"pa_primerno-za-model-iphone-xs-max","42":"pa_primerno-za-proizvajalca-apple","44":"first","45":"outofstock","46":"sale","47":"taxable","48":"shipping-taxable","49":"purchasable","50":"product-type-simple"},"yoast_head":"<!-- This site is optimized with the Yoast SEO plugin v27.2 - https:\/\/yoast.com\/product\/yoast-seo-wordpress\/ -->\n<title>Apple EarPods slu\u0161alke, Lightning, bele -<\/title>\n<meta name=\"robots\" content=\"index, follow, max-snippet:-1, max-image-preview:large, max-video-preview:-1\" \/>\n<link rel=\"canonical\" href=\"https:\/\/www.urbanspot.si\/hr\/proizvod-2\/apple-earpods-lightning-bijeli\/\" \/>\n<meta property=\"og:locale\" content=\"hr_HR\" \/>\n<meta property=\"og:type\" content=\"article\" \/>\n<meta property=\"og:title\" content=\"Apple EarPods slu\u0161alke, Lightning, bele -\" \/>\n<meta property=\"og:description\" content=\"Apple EarPods so slu\u0161alke, namenjene Apple napravam z Lightning priklju\u010dkom\" \/>\n<meta property=\"og:url\" content=\"https:\/\/www.urbanspot.si\/hr\/proizvod-2\/apple-earpods-lightning-bijeli\/\" \/>\n<meta property=\"article:publisher\" content=\"https:\/\/www.facebook.com\/urbanspot.si\" \/>\n<meta property=\"article:modified_time\" content=\"2026-03-18T13:55:36+00:00\" \/>\n<meta property=\"og:image\" content=\"https:\/\/www.urbanspot.si\/wp-content\/uploads\/apple-earpods-slusalke-lightning-white.png\" \/>\n\t<meta property=\"og:image:width\" content=\"600\" \/>\n\t<meta property=\"og:image:height\" content=\"600\" \/>\n\t<meta property=\"og:image:type\" content=\"image\/png\" \/>\n<meta name=\"twitter:card\" content=\"summary_large_image\" \/>\n<script type=\"application\/ld+json\" class=\"yoast-schema-graph\">{\"@context\":\"https:\/\/schema.org\",\"@graph\":[{\"@type\":\"WebPage\",\"@id\":\"https:\/\/www.urbanspot.si\/produkt\/apple-earpods-slusalke-lightning-white\/\",\"url\":\"https:\/\/www.urbanspot.si\/produkt\/apple-earpods-slusalke-lightning-white\/\",\"name\":\"Apple EarPods slu\u0161alke, Lightning, bele -\",\"isPartOf\":{\"@id\":\"https:\/\/www.urbanspot.si\/#website\"},\"primaryImageOfPage\":{\"@id\":\"https:\/\/www.urbanspot.si\/produkt\/apple-earpods-slusalke-lightning-white\/#primaryimage\"},\"image\":{\"@id\":\"https:\/\/www.urbanspot.si\/produkt\/apple-earpods-slusalke-lightning-white\/#primaryimage\"},\"thumbnailUrl\":\"https:\/\/www.urbanspot.si\/wp-content\/uploads\/apple-earpods-slusalke-lightning-white.png\",\"datePublished\":\"2024-05-22T13:31:16+00:00\",\"dateModified\":\"2026-03-18T13:55:36+00:00\",\"breadcrumb\":{\"@id\":\"https:\/\/www.urbanspot.si\/produkt\/apple-earpods-slusalke-lightning-white\/#breadcrumb\"},\"inLanguage\":\"hr\",\"potentialAction\":[{\"@type\":\"ReadAction\",\"target\":[\"https:\/\/www.urbanspot.si\/produkt\/apple-earpods-slusalke-lightning-white\/\"]}]},{\"@type\":\"ImageObject\",\"inLanguage\":\"hr\",\"@id\":\"https:\/\/www.urbanspot.si\/produkt\/apple-earpods-slusalke-lightning-white\/#primaryimage\",\"url\":\"https:\/\/www.urbanspot.si\/wp-content\/uploads\/apple-earpods-slusalke-lightning-white.png\",\"contentUrl\":\"https:\/\/www.urbanspot.si\/wp-content\/uploads\/apple-earpods-slusalke-lightning-white.png\",\"width\":600,\"height\":600,\"caption\":\"Apple EarPods slu\u0161alke\"},{\"@type\":\"BreadcrumbList\",\"@id\":\"https:\/\/www.urbanspot.si\/produkt\/apple-earpods-slusalke-lightning-white\/#breadcrumb\",\"itemListElement\":[{\"@type\":\"ListItem\",\"position\":1,\"name\":\"Home\",\"item\":\"https:\/\/www.urbanspot.si\/\"},{\"@type\":\"ListItem\",\"position\":2,\"name\":\"Shop\",\"item\":\"https:\/\/www.urbanspot.si\/shop\/\"},{\"@type\":\"ListItem\",\"position\":3,\"name\":\"Apple EarPods slu\u0161alke, Lightning, bele\"}]},{\"@type\":\"WebSite\",\"@id\":\"https:\/\/www.urbanspot.si\/#website\",\"url\":\"https:\/\/www.urbanspot.si\/\",\"name\":\"UrbanSpot\",\"description\":\"\",\"publisher\":{\"@id\":\"https:\/\/www.urbanspot.si\/#organization\"},\"potentialAction\":[{\"@type\":\"SearchAction\",\"target\":{\"@type\":\"EntryPoint\",\"urlTemplate\":\"https:\/\/www.urbanspot.si\/?s={search_term_string}\"},\"query-input\":{\"@type\":\"PropertyValueSpecification\",\"valueRequired\":true,\"valueName\":\"search_term_string\"}}],\"inLanguage\":\"hr\"},{\"@type\":\"Organization\",\"@id\":\"https:\/\/www.urbanspot.si\/#organization\",\"name\":\"UrbanSpot\",\"url\":\"https:\/\/www.urbanspot.si\/\",\"logo\":{\"@type\":\"ImageObject\",\"inLanguage\":\"hr\",\"@id\":\"https:\/\/www.urbanspot.si\/#\/schema\/logo\/image\/\",\"url\":\"https:\/\/www.urbanspot.si\/wp-content\/uploads\/urbanspot-logo.svg\",\"contentUrl\":\"https:\/\/www.urbanspot.si\/wp-content\/uploads\/urbanspot-logo.svg\",\"width\":185,\"height\":40,\"caption\":\"UrbanSpot\"},\"image\":{\"@id\":\"https:\/\/www.urbanspot.si\/#\/schema\/logo\/image\/\"},\"sameAs\":[\"https:\/\/www.facebook.com\/urbanspot.si\"]}]}<\/script>\n<!-- \/ Yoast SEO plugin. -->","yoast_head_json":{"title":"Apple EarPods slu\u0161alice, Lightning, bijele -","robots":{"index":"index","follow":"follow","max-snippet":"max-snippet:-1","max-image-preview":"max-image-preview:large","max-video-preview":"max-video-preview:-1"},"canonical":"https:\/\/www.urbanspot.si\/hr\/proizvod-2\/apple-earpods-lightning-bijeli\/","og_locale":"hr_HR","og_type":"article","og_title":"Apple EarPods slu\u0161alke, Lightning, bele -","og_description":"Apple EarPods so slu\u0161alke, namenjene Apple napravam z Lightning priklju\u010dkom","og_url":"https:\/\/www.urbanspot.si\/hr\/proizvod-2\/apple-earpods-lightning-bijeli\/","article_publisher":"https:\/\/www.facebook.com\/urbanspot.si","article_modified_time":"2026-03-18T13:55:36+00:00","og_image":[{"width":600,"height":600,"url":"https:\/\/www.urbanspot.si\/wp-content\/uploads\/apple-earpods-slusalke-lightning-white.png","type":"image\/png"}],"twitter_card":"summary_large_image","schema":{"@context":"https:\/\/schema.org","@graph":[{"@type":"WebPage","@id":"https:\/\/www.urbanspot.si\/produkt\/apple-earpods-slusalke-lightning-white\/","url":"https:\/\/www.urbanspot.si\/produkt\/apple-earpods-slusalke-lightning-white\/","name":"Apple EarPods slu\u0161alice, Lightning, bijele -","isPartOf":{"@id":"https:\/\/www.urbanspot.si\/#website"},"primaryImageOfPage":{"@id":"https:\/\/www.urbanspot.si\/produkt\/apple-earpods-slusalke-lightning-white\/#primaryimage"},"image":{"@id":"https:\/\/www.urbanspot.si\/produkt\/apple-earpods-slusalke-lightning-white\/#primaryimage"},"thumbnailUrl":"https:\/\/www.urbanspot.si\/wp-content\/uploads\/apple-earpods-slusalke-lightning-white.png","datePublished":"2024-05-22T13:31:16+00:00","dateModified":"2026-03-18T13:55:36+00:00","breadcrumb":{"@id":"https:\/\/www.urbanspot.si\/produkt\/apple-earpods-slusalke-lightning-white\/#breadcrumb"},"inLanguage":"hr","potentialAction":[{"@type":"ReadAction","target":["https:\/\/www.urbanspot.si\/produkt\/apple-earpods-slusalke-lightning-white\/"]}]},{"@type":"ImageObject","inLanguage":"hr","@id":"https:\/\/www.urbanspot.si\/produkt\/apple-earpods-slusalke-lightning-white\/#primaryimage","url":"https:\/\/www.urbanspot.si\/wp-content\/uploads\/apple-earpods-slusalke-lightning-white.png","contentUrl":"https:\/\/www.urbanspot.si\/wp-content\/uploads\/apple-earpods-slusalke-lightning-white.png","width":600,"height":600,"caption":"Apple EarPods slu\u0161alke"},{"@type":"BreadcrumbList","@id":"https:\/\/www.urbanspot.si\/produkt\/apple-earpods-slusalke-lightning-white\/#breadcrumb","itemListElement":[{"@type":"ListItem","position":1,"name":"Home","item":"https:\/\/www.urbanspot.si\/"},{"@type":"ListItem","position":2,"name":"Shop","item":"https:\/\/www.urbanspot.si\/shop\/"},{"@type":"ListItem","position":3,"name":"Apple EarPods slu\u0161alke, Lightning, bele"}]},{"@type":"WebSite","@id":"https:\/\/www.urbanspot.si\/#website","url":"https:\/\/www.urbanspot.si\/","name":"UrbanSpot","description":"","publisher":{"@id":"https:\/\/www.urbanspot.si\/#organization"},"potentialAction":[{"@type":"SearchAction","target":{"@type":"EntryPoint","urlTemplate":"https:\/\/www.urbanspot.si\/?s={search_term_string}"},"query-input":{"@type":"PropertyValueSpecification","valueRequired":true,"valueName":"search_term_string"}}],"inLanguage":"hr"},{"@type":"Organization","@id":"https:\/\/www.urbanspot.si\/#organization","name":"UrbanSpot","url":"https:\/\/www.urbanspot.si\/","logo":{"@type":"ImageObject","inLanguage":"hr","@id":"https:\/\/www.urbanspot.si\/#\/schema\/logo\/image\/","url":"https:\/\/www.urbanspot.si\/wp-content\/uploads\/urbanspot-logo.svg","contentUrl":"https:\/\/www.urbanspot.si\/wp-content\/uploads\/urbanspot-logo.svg","width":185,"height":40,"caption":"UrbanSpot"},"image":{"@id":"https:\/\/www.urbanspot.si\/#\/schema\/logo\/image\/"},"sameAs":["https:\/\/www.facebook.com\/urbanspot.si"]}]}},"_links":{"self":[{"href":"https:\/\/www.urbanspot.si\/hr\/wp-json\/wp\/v2\/product\/11261","targetHints":{"allow":["GET"]}}],"collection":[{"href":"https:\/\/www.urbanspot.si\/hr\/wp-json\/wp\/v2\/product"}],"about":[{"href":"https:\/\/www.urbanspot.si\/hr\/wp-json\/wp\/v2\/types\/product"}],"replies":[{"embeddable":true,"href":"https:\/\/www.urbanspot.si\/hr\/wp-json\/wp\/v2\/comments?post=11261"}],"version-history":[{"count":1,"href":"https:\/\/www.urbanspot.si\/hr\/wp-json\/wp\/v2\/product\/11261\/revisions"}],"predecessor-version":[{"id":11262,"href":"https:\/\/www.urbanspot.si\/hr\/wp-json\/wp\/v2\/product\/11261\/revisions\/11262"}],"wp:featuredmedia":[{"embeddable":true,"href":"https:\/\/www.urbanspot.si\/hr\/wp-json\/wp\/v2\/media\/11263"}],"wp:attachment":[{"href":"https:\/\/www.urbanspot.si\/hr\/wp-json\/wp\/v2\/media?parent=11261"}],"wp:term":[{"taxonomy":"product_brand","embeddable":true,"href":"https:\/\/www.urbanspot.si\/hr\/wp-json\/wp\/v2\/product_brand?post=11261"},{"taxonomy":"product_cat","embeddable":true,"href":"https:\/\/www.urbanspot.si\/hr\/wp-json\/wp\/v2\/product_cat?post=11261"},{"taxonomy":"product_tag","embeddable":true,"href":"https:\/\/www.urbanspot.si\/hr\/wp-json\/wp\/v2\/product_tag?post=11261"}],"curies":[{"name":"radni list","href":"https:\/\/api.w.org\/{rel}","templated":true}]}}