{"id":11364,"date":"2024-05-22T14:31:31","date_gmt":"2024-05-22T13:31:31","guid":{"rendered":"https:\/\/www.urbanspot.si\/product\/preklopna-torbica-urbie-purple-xiaomi-redmi-9c-nfc\/"},"modified":"2026-03-19T16:05:35","modified_gmt":"2026-03-19T14:05:35","slug":"flip-case-urbie-purple-xiaomi-redmi-9c-nfc","status":"publish","type":"product","link":"https:\/\/www.urbanspot.si\/hr\/produkt\/preklopna-torbica-urbie-purple-xiaomi-redmi-9c-nfc\/","title":{"rendered":"Urbie ljubi\u010dasta NFC preklopna maska za Xiaomi Redmi 9C"},"content":{"rendered":"<p>Urbie ljubi\u010dasta preklopna futrola:\u00a0<\/p>\n<ul>\n<li>\u2013 Navlaka izra\u0111ena od visokokvalitetne ekoko\u017ee s visokom razinom izdr\u017eljivosti<\/li>\n<li>\u2013 Mekan i ugodan materijal na dodir<\/li>\n<li>\u2013 Materijal koji se lako \u010disti<\/li>\n<li>- Pokriva sve bo\u010dne strane i stra\u017enju stranu telefona\u00a0<\/li>\n<li>\u2013 Besplatan pristup svim funkcijama telefona\u00a0<\/li>\n<li>\u2013 Prekrasan dizajn u zlatnoj boji<\/li>\n<li>\u2013 Izvrsna za\u0161tita va\u0161eg telefona od vibracija, udaraca i padova, ogrebotina, prljav\u0161tine i pra\u0161ine.<\/li>\n<li>\u2013 Blago podignuti rub ku\u0107i\u0161ta \u0161titi objektiv kamere od ogrebotina<\/li>\n<li>\u2013 Instalirajte i uklonite za nekoliko sekundi<\/li>\n<li>\u2013 Magnetni zatvara\u010d torbe<\/li>\n<\/ul>\n<p>\u00a0<\/p>","protected":false},"excerpt":{"rendered":"<p>Urbie Purple flip futrola \u0161titi stra\u017enju stranu i sve stranice va\u0161eg ure\u0111aja. Izra\u0111ena je od materijala koji \u0161tite va\u0161 telefon od udaraca, ogrebotina i o\u0161te\u0107enja.<\/p>","protected":false},"featured_media":11366,"comment_status":"closed","ping_status":"closed","template":"","meta":[],"product_brand":[],"product_cat":[560,91,357,232,230,356,233],"product_tag":[],"class_list":{"0":"post-11364","1":"product","2":"type-product","3":"status-publish","4":"has-post-thumbnail","6":"product_cat-ovitki-za-telefone","7":"product_cat-razprodaja","8":"product_cat-redmi-9c","9":"product_cat-xiaomi-2","10":"product_cat-xiaomi","11":"product_cat-xiaomi-redmi-9c","12":"product_cat-xiaomi-redmi-serija","13":"pa_primerno-za-model-xiaomi-redmi-9c","14":"pa_primerno-za-proizvajalca-xiaomi","16":"first","17":"instock","18":"sale","19":"taxable","20":"shipping-taxable","21":"purchasable","22":"product-type-simple"},"yoast_head":"<!-- This site is optimized with the Yoast SEO plugin v27.2 - https:\/\/yoast.com\/product\/yoast-seo-wordpress\/ -->\n<title>Preklopna torbica Urbie Purple Xiaomi Redmi 9C NFC -<\/title>\n<meta name=\"robots\" content=\"index, follow, max-snippet:-1, max-image-preview:large, max-video-preview:-1\" \/>\n<link rel=\"canonical\" href=\"https:\/\/www.urbanspot.si\/hr\/proizvod-2\/flip-case-urbie-purple-xiaomi-redmi-9c-nfc\/\" \/>\n<meta property=\"og:locale\" content=\"hr_HR\" \/>\n<meta property=\"og:type\" content=\"article\" \/>\n<meta property=\"og:title\" content=\"Preklopna torbica Urbie Purple Xiaomi Redmi 9C NFC -\" \/>\n<meta property=\"og:description\" content=\"Preklopna torbica Urbie Purple , ki \u0161\u010diti hrbet in vse stranice naprave, je izdelan iz materialov, ki v primeru udarcev poskrbijo za telefon in ga zavarujejo pred praskami in po\u0161kodbami.\" \/>\n<meta property=\"og:url\" content=\"https:\/\/www.urbanspot.si\/hr\/proizvod-2\/flip-case-urbie-purple-xiaomi-redmi-9c-nfc\/\" \/>\n<meta property=\"article:publisher\" content=\"https:\/\/www.facebook.com\/urbanspot.si\" \/>\n<meta property=\"article:modified_time\" content=\"2026-03-19T14:05:35+00:00\" \/>\n<meta property=\"og:image\" content=\"https:\/\/www.urbanspot.si\/wp-content\/uploads\/preklopna-torbica-urbie-purple-xiaomi-redmi-9c-nfc.jpg\" \/>\n\t<meta property=\"og:image:width\" content=\"797\" \/>\n\t<meta property=\"og:image:height\" content=\"742\" \/>\n\t<meta property=\"og:image:type\" content=\"image\/jpeg\" \/>\n<meta name=\"twitter:card\" content=\"summary_large_image\" \/>\n<script type=\"application\/ld+json\" class=\"yoast-schema-graph\">{\"@context\":\"https:\/\/schema.org\",\"@graph\":[{\"@type\":\"WebPage\",\"@id\":\"https:\/\/www.urbanspot.si\/produkt\/preklopna-torbica-urbie-purple-xiaomi-redmi-9c-nfc\/\",\"url\":\"https:\/\/www.urbanspot.si\/produkt\/preklopna-torbica-urbie-purple-xiaomi-redmi-9c-nfc\/\",\"name\":\"Preklopna torbica Urbie Purple Xiaomi Redmi 9C NFC -\",\"isPartOf\":{\"@id\":\"https:\/\/www.urbanspot.si\/#website\"},\"primaryImageOfPage\":{\"@id\":\"https:\/\/www.urbanspot.si\/produkt\/preklopna-torbica-urbie-purple-xiaomi-redmi-9c-nfc\/#primaryimage\"},\"image\":{\"@id\":\"https:\/\/www.urbanspot.si\/produkt\/preklopna-torbica-urbie-purple-xiaomi-redmi-9c-nfc\/#primaryimage\"},\"thumbnailUrl\":\"https:\/\/www.urbanspot.si\/wp-content\/uploads\/preklopna-torbica-urbie-purple-xiaomi-redmi-9c-nfc.jpg\",\"datePublished\":\"2024-05-22T13:31:31+00:00\",\"dateModified\":\"2026-03-19T14:05:35+00:00\",\"breadcrumb\":{\"@id\":\"https:\/\/www.urbanspot.si\/produkt\/preklopna-torbica-urbie-purple-xiaomi-redmi-9c-nfc\/#breadcrumb\"},\"inLanguage\":\"hr\",\"potentialAction\":[{\"@type\":\"ReadAction\",\"target\":[\"https:\/\/www.urbanspot.si\/produkt\/preklopna-torbica-urbie-purple-xiaomi-redmi-9c-nfc\/\"]}]},{\"@type\":\"ImageObject\",\"inLanguage\":\"hr\",\"@id\":\"https:\/\/www.urbanspot.si\/produkt\/preklopna-torbica-urbie-purple-xiaomi-redmi-9c-nfc\/#primaryimage\",\"url\":\"https:\/\/www.urbanspot.si\/wp-content\/uploads\/preklopna-torbica-urbie-purple-xiaomi-redmi-9c-nfc.jpg\",\"contentUrl\":\"https:\/\/www.urbanspot.si\/wp-content\/uploads\/preklopna-torbica-urbie-purple-xiaomi-redmi-9c-nfc.jpg\",\"width\":797,\"height\":742,\"caption\":\"Preklopna torbica Urbie Purple Xiaomi Redmi 9C NFC\"},{\"@type\":\"BreadcrumbList\",\"@id\":\"https:\/\/www.urbanspot.si\/produkt\/preklopna-torbica-urbie-purple-xiaomi-redmi-9c-nfc\/#breadcrumb\",\"itemListElement\":[{\"@type\":\"ListItem\",\"position\":1,\"name\":\"Home\",\"item\":\"https:\/\/www.urbanspot.si\/\"},{\"@type\":\"ListItem\",\"position\":2,\"name\":\"Shop\",\"item\":\"https:\/\/www.urbanspot.si\/shop\/\"},{\"@type\":\"ListItem\",\"position\":3,\"name\":\"Preklopna torbica Urbie Purple Xiaomi Redmi 9C NFC\"}]},{\"@type\":\"WebSite\",\"@id\":\"https:\/\/www.urbanspot.si\/#website\",\"url\":\"https:\/\/www.urbanspot.si\/\",\"name\":\"UrbanSpot\",\"description\":\"\",\"publisher\":{\"@id\":\"https:\/\/www.urbanspot.si\/#organization\"},\"potentialAction\":[{\"@type\":\"SearchAction\",\"target\":{\"@type\":\"EntryPoint\",\"urlTemplate\":\"https:\/\/www.urbanspot.si\/?s={search_term_string}\"},\"query-input\":{\"@type\":\"PropertyValueSpecification\",\"valueRequired\":true,\"valueName\":\"search_term_string\"}}],\"inLanguage\":\"hr\"},{\"@type\":\"Organization\",\"@id\":\"https:\/\/www.urbanspot.si\/#organization\",\"name\":\"UrbanSpot\",\"url\":\"https:\/\/www.urbanspot.si\/\",\"logo\":{\"@type\":\"ImageObject\",\"inLanguage\":\"hr\",\"@id\":\"https:\/\/www.urbanspot.si\/#\/schema\/logo\/image\/\",\"url\":\"https:\/\/www.urbanspot.si\/wp-content\/uploads\/urbanspot-logo.svg\",\"contentUrl\":\"https:\/\/www.urbanspot.si\/wp-content\/uploads\/urbanspot-logo.svg\",\"width\":185,\"height\":40,\"caption\":\"UrbanSpot\"},\"image\":{\"@id\":\"https:\/\/www.urbanspot.si\/#\/schema\/logo\/image\/\"},\"sameAs\":[\"https:\/\/www.facebook.com\/urbanspot.si\"]}]}<\/script>\n<!-- \/ Yoast SEO plugin. -->","yoast_head_json":{"title":"Urbie Purple Xiaomi Redmi 9C NFC futrola na preklop -","robots":{"index":"index","follow":"follow","max-snippet":"max-snippet:-1","max-image-preview":"max-image-preview:large","max-video-preview":"max-video-preview:-1"},"canonical":"https:\/\/www.urbanspot.si\/hr\/proizvod-2\/flip-case-urbie-purple-xiaomi-redmi-9c-nfc\/","og_locale":"hr_HR","og_type":"article","og_title":"Preklopna torbica Urbie Purple Xiaomi Redmi 9C NFC -","og_description":"Preklopna torbica Urbie Purple , ki \u0161\u010diti hrbet in vse stranice naprave, je izdelan iz materialov, ki v primeru udarcev poskrbijo za telefon in ga zavarujejo pred praskami in po\u0161kodbami.","og_url":"https:\/\/www.urbanspot.si\/hr\/proizvod-2\/flip-case-urbie-purple-xiaomi-redmi-9c-nfc\/","article_publisher":"https:\/\/www.facebook.com\/urbanspot.si","article_modified_time":"2026-03-19T14:05:35+00:00","og_image":[{"width":797,"height":742,"url":"https:\/\/www.urbanspot.si\/wp-content\/uploads\/preklopna-torbica-urbie-purple-xiaomi-redmi-9c-nfc.jpg","type":"image\/jpeg"}],"twitter_card":"summary_large_image","schema":{"@context":"https:\/\/schema.org","@graph":[{"@type":"WebPage","@id":"https:\/\/www.urbanspot.si\/produkt\/preklopna-torbica-urbie-purple-xiaomi-redmi-9c-nfc\/","url":"https:\/\/www.urbanspot.si\/produkt\/preklopna-torbica-urbie-purple-xiaomi-redmi-9c-nfc\/","name":"Urbie Purple Xiaomi Redmi 9C NFC futrola na preklop -","isPartOf":{"@id":"https:\/\/www.urbanspot.si\/#website"},"primaryImageOfPage":{"@id":"https:\/\/www.urbanspot.si\/produkt\/preklopna-torbica-urbie-purple-xiaomi-redmi-9c-nfc\/#primaryimage"},"image":{"@id":"https:\/\/www.urbanspot.si\/produkt\/preklopna-torbica-urbie-purple-xiaomi-redmi-9c-nfc\/#primaryimage"},"thumbnailUrl":"https:\/\/www.urbanspot.si\/wp-content\/uploads\/preklopna-torbica-urbie-purple-xiaomi-redmi-9c-nfc.jpg","datePublished":"2024-05-22T13:31:31+00:00","dateModified":"2026-03-19T14:05:35+00:00","breadcrumb":{"@id":"https:\/\/www.urbanspot.si\/produkt\/preklopna-torbica-urbie-purple-xiaomi-redmi-9c-nfc\/#breadcrumb"},"inLanguage":"hr","potentialAction":[{"@type":"ReadAction","target":["https:\/\/www.urbanspot.si\/produkt\/preklopna-torbica-urbie-purple-xiaomi-redmi-9c-nfc\/"]}]},{"@type":"ImageObject","inLanguage":"hr","@id":"https:\/\/www.urbanspot.si\/produkt\/preklopna-torbica-urbie-purple-xiaomi-redmi-9c-nfc\/#primaryimage","url":"https:\/\/www.urbanspot.si\/wp-content\/uploads\/preklopna-torbica-urbie-purple-xiaomi-redmi-9c-nfc.jpg","contentUrl":"https:\/\/www.urbanspot.si\/wp-content\/uploads\/preklopna-torbica-urbie-purple-xiaomi-redmi-9c-nfc.jpg","width":797,"height":742,"caption":"Preklopna torbica Urbie Purple Xiaomi Redmi 9C NFC"},{"@type":"BreadcrumbList","@id":"https:\/\/www.urbanspot.si\/produkt\/preklopna-torbica-urbie-purple-xiaomi-redmi-9c-nfc\/#breadcrumb","itemListElement":[{"@type":"ListItem","position":1,"name":"Home","item":"https:\/\/www.urbanspot.si\/"},{"@type":"ListItem","position":2,"name":"Shop","item":"https:\/\/www.urbanspot.si\/shop\/"},{"@type":"ListItem","position":3,"name":"Preklopna torbica Urbie Purple Xiaomi Redmi 9C NFC"}]},{"@type":"WebSite","@id":"https:\/\/www.urbanspot.si\/#website","url":"https:\/\/www.urbanspot.si\/","name":"UrbanSpot","description":"","publisher":{"@id":"https:\/\/www.urbanspot.si\/#organization"},"potentialAction":[{"@type":"SearchAction","target":{"@type":"EntryPoint","urlTemplate":"https:\/\/www.urbanspot.si\/?s={search_term_string}"},"query-input":{"@type":"PropertyValueSpecification","valueRequired":true,"valueName":"search_term_string"}}],"inLanguage":"hr"},{"@type":"Organization","@id":"https:\/\/www.urbanspot.si\/#organization","name":"UrbanSpot","url":"https:\/\/www.urbanspot.si\/","logo":{"@type":"ImageObject","inLanguage":"hr","@id":"https:\/\/www.urbanspot.si\/#\/schema\/logo\/image\/","url":"https:\/\/www.urbanspot.si\/wp-content\/uploads\/urbanspot-logo.svg","contentUrl":"https:\/\/www.urbanspot.si\/wp-content\/uploads\/urbanspot-logo.svg","width":185,"height":40,"caption":"UrbanSpot"},"image":{"@id":"https:\/\/www.urbanspot.si\/#\/schema\/logo\/image\/"},"sameAs":["https:\/\/www.facebook.com\/urbanspot.si"]}]}},"_links":{"self":[{"href":"https:\/\/www.urbanspot.si\/hr\/wp-json\/wp\/v2\/product\/11364","targetHints":{"allow":["GET"]}}],"collection":[{"href":"https:\/\/www.urbanspot.si\/hr\/wp-json\/wp\/v2\/product"}],"about":[{"href":"https:\/\/www.urbanspot.si\/hr\/wp-json\/wp\/v2\/types\/product"}],"replies":[{"embeddable":true,"href":"https:\/\/www.urbanspot.si\/hr\/wp-json\/wp\/v2\/comments?post=11364"}],"version-history":[{"count":1,"href":"https:\/\/www.urbanspot.si\/hr\/wp-json\/wp\/v2\/product\/11364\/revisions"}],"predecessor-version":[{"id":11365,"href":"https:\/\/www.urbanspot.si\/hr\/wp-json\/wp\/v2\/product\/11364\/revisions\/11365"}],"wp:featuredmedia":[{"embeddable":true,"href":"https:\/\/www.urbanspot.si\/hr\/wp-json\/wp\/v2\/media\/11366"}],"wp:attachment":[{"href":"https:\/\/www.urbanspot.si\/hr\/wp-json\/wp\/v2\/media?parent=11364"}],"wp:term":[{"taxonomy":"product_brand","embeddable":true,"href":"https:\/\/www.urbanspot.si\/hr\/wp-json\/wp\/v2\/product_brand?post=11364"},{"taxonomy":"product_cat","embeddable":true,"href":"https:\/\/www.urbanspot.si\/hr\/wp-json\/wp\/v2\/product_cat?post=11364"},{"taxonomy":"product_tag","embeddable":true,"href":"https:\/\/www.urbanspot.si\/hr\/wp-json\/wp\/v2\/product_tag?post=11364"}],"curies":[{"name":"radni list","href":"https:\/\/api.w.org\/{rel}","templated":true}]}}