{"id":11555,"date":"2024-05-22T14:31:59","date_gmt":"2024-05-22T13:31:59","guid":{"rendered":"https:\/\/www.urbanspot.si\/product\/celotno-zascitno-steklo-vigo-huawei-nova-9-honor-50\/"},"modified":"2026-03-18T15:55:26","modified_gmt":"2026-03-18T13:55:26","slug":"zastitna-folija-za-cijeli-ekran-za-huawei-vigo-i-huawei-nova-9-honor-50","status":"publish","type":"product","link":"https:\/\/www.urbanspot.si\/hr\/produkt\/celotno-zascitno-steklo-vigo-huawei-nova-9-honor-50\/","title":{"rendered":"VIGO za\u0161titna folija za cijeli ekran za Huawei Nova 9 \/ Honor 50"},"content":{"rendered":"<p>Za\u0161titno staklo izra\u0111eno je od kemijski obra\u0111enog stakla, \u0161to pru\u017ea izvrsnu prozirnost, vidljivost, visoku osjetljivost i ugodan osje\u0107aj dodira.<\/p>\n<p>Svojstva stakla:<\/p>\n<ul>\n<li>Visokokvalitetno kaljeno staklo<\/li>\n<li>Debljina stakla: 0,33 mm<\/li>\n<li>2.5D obrada rubova nanostrukturiranog stakla<\/li>\n<li>Jednostavna instalacija.<\/li>\n<li>Tijekom ugradnje ne stvaraju se mjehuri\u0107i ispod stakla.<\/li>\n<li>Sloj protiv lomljenja \u2013 (silikonski premaz)<\/li>\n<li>Staklo prekriva cijeli ekran<\/li>\n<li>Premaz protiv masno\u0107e \u2013 manje otisaka prstiju i drugih mrlja<\/li>\n<li>Paket uklju\u010duje: 1x za\u0161titno staklo 1x krpa za \u010di\u0161\u0107enje od mikrovlakana 1x alkoholna maramica za prethodno \u010di\u0161\u0107enje<\/li>\n<\/ul>","protected":false},"excerpt":{"rendered":"<p>Vigo za\u0161titna folija za cijeli ekran za Huawei Nova 9\/Honor 50 pru\u017eit \u0107e va\u0161em telefonu izvrsnu za\u0161titu od prljav\u0161tine, ogrebotina i udaraca.<\/p>","protected":false},"featured_media":11557,"comment_status":"closed","ping_status":"closed","template":"","meta":[],"product_brand":[],"product_cat":[364,186,365,366,91],"product_tag":[],"class_list":{"0":"post-11555","1":"product","2":"type-product","3":"status-publish","4":"has-post-thumbnail","6":"product_cat-honor-50","7":"product_cat-huawei","8":"product_cat-huawei-serija-nova","9":"product_cat-nova-9","10":"product_cat-razprodaja","11":"pa_primerno-za-model-huawei-nova-9","12":"pa_primerno-za-proizvajalca-honor","13":"pa_primerno-za-proizvajalca-huawei","15":"first","16":"outofstock","17":"sale","18":"taxable","19":"shipping-taxable","20":"purchasable","21":"product-type-simple"},"yoast_head":"<!-- This site is optimized with the Yoast SEO plugin v27.2 - https:\/\/yoast.com\/product\/yoast-seo-wordpress\/ -->\n<title>Celotno za\u0161\u010ditno steklo VIGO Huawei Nova 9 \/ Honor 50 -<\/title>\n<meta name=\"robots\" content=\"index, follow, max-snippet:-1, max-image-preview:large, max-video-preview:-1\" \/>\n<link rel=\"canonical\" href=\"https:\/\/www.urbanspot.si\/hr\/proizvod-2\/zastitna-folija-za-cijeli-ekran-za-huawei-vigo-i-huawei-nova-9-honor-50\/\" \/>\n<meta property=\"og:locale\" content=\"hr_HR\" \/>\n<meta property=\"og:type\" content=\"article\" \/>\n<meta property=\"og:title\" content=\"Celotno za\u0161\u010ditno steklo VIGO Huawei Nova 9 \/ Honor 50 -\" \/>\n<meta property=\"og:description\" content=\"Vigo Celotno za\u0161\u010ditno steklo za Huawei Nova 9\/Honor 50 bo va\u0161emu telefonu nudil odli\u010dno za\u0161\u010dito pred umazanijo, praskami in udarci.\" \/>\n<meta property=\"og:url\" content=\"https:\/\/www.urbanspot.si\/hr\/proizvod-2\/zastitna-folija-za-cijeli-ekran-za-huawei-vigo-i-huawei-nova-9-honor-50\/\" \/>\n<meta property=\"article:publisher\" content=\"https:\/\/www.facebook.com\/urbanspot.si\" \/>\n<meta property=\"article:modified_time\" content=\"2026-03-18T13:55:26+00:00\" \/>\n<meta property=\"og:image\" content=\"https:\/\/www.urbanspot.si\/wp-content\/uploads\/celotno-zascitno-steklo-vigo-huawei-nova-9-honor-50.jpg\" \/>\n\t<meta property=\"og:image:width\" content=\"960\" \/>\n\t<meta property=\"og:image:height\" content=\"960\" \/>\n\t<meta property=\"og:image:type\" content=\"image\/jpeg\" \/>\n<meta name=\"twitter:card\" content=\"summary_large_image\" \/>\n<script type=\"application\/ld+json\" class=\"yoast-schema-graph\">{\"@context\":\"https:\/\/schema.org\",\"@graph\":[{\"@type\":\"WebPage\",\"@id\":\"https:\/\/www.urbanspot.si\/produkt\/celotno-zascitno-steklo-vigo-huawei-nova-9-honor-50\/\",\"url\":\"https:\/\/www.urbanspot.si\/produkt\/celotno-zascitno-steklo-vigo-huawei-nova-9-honor-50\/\",\"name\":\"Celotno za\u0161\u010ditno steklo VIGO Huawei Nova 9 \/ Honor 50 -\",\"isPartOf\":{\"@id\":\"https:\/\/www.urbanspot.si\/#website\"},\"primaryImageOfPage\":{\"@id\":\"https:\/\/www.urbanspot.si\/produkt\/celotno-zascitno-steklo-vigo-huawei-nova-9-honor-50\/#primaryimage\"},\"image\":{\"@id\":\"https:\/\/www.urbanspot.si\/produkt\/celotno-zascitno-steklo-vigo-huawei-nova-9-honor-50\/#primaryimage\"},\"thumbnailUrl\":\"https:\/\/www.urbanspot.si\/wp-content\/uploads\/celotno-zascitno-steklo-vigo-huawei-nova-9-honor-50.jpg\",\"datePublished\":\"2024-05-22T13:31:59+00:00\",\"dateModified\":\"2026-03-18T13:55:26+00:00\",\"breadcrumb\":{\"@id\":\"https:\/\/www.urbanspot.si\/produkt\/celotno-zascitno-steklo-vigo-huawei-nova-9-honor-50\/#breadcrumb\"},\"inLanguage\":\"hr\",\"potentialAction\":[{\"@type\":\"ReadAction\",\"target\":[\"https:\/\/www.urbanspot.si\/produkt\/celotno-zascitno-steklo-vigo-huawei-nova-9-honor-50\/\"]}]},{\"@type\":\"ImageObject\",\"inLanguage\":\"hr\",\"@id\":\"https:\/\/www.urbanspot.si\/produkt\/celotno-zascitno-steklo-vigo-huawei-nova-9-honor-50\/#primaryimage\",\"url\":\"https:\/\/www.urbanspot.si\/wp-content\/uploads\/celotno-zascitno-steklo-vigo-huawei-nova-9-honor-50.jpg\",\"contentUrl\":\"https:\/\/www.urbanspot.si\/wp-content\/uploads\/celotno-zascitno-steklo-vigo-huawei-nova-9-honor-50.jpg\",\"width\":960,\"height\":960,\"caption\":\"Celotno za\u0161\u010ditno steklo VIGO Huawei Nova 9 \/ Honor 50\"},{\"@type\":\"BreadcrumbList\",\"@id\":\"https:\/\/www.urbanspot.si\/produkt\/celotno-zascitno-steklo-vigo-huawei-nova-9-honor-50\/#breadcrumb\",\"itemListElement\":[{\"@type\":\"ListItem\",\"position\":1,\"name\":\"Home\",\"item\":\"https:\/\/www.urbanspot.si\/\"},{\"@type\":\"ListItem\",\"position\":2,\"name\":\"Shop\",\"item\":\"https:\/\/www.urbanspot.si\/shop\/\"},{\"@type\":\"ListItem\",\"position\":3,\"name\":\"Celotno za\u0161\u010ditno steklo VIGO Huawei Nova 9 \/ Honor 50\"}]},{\"@type\":\"WebSite\",\"@id\":\"https:\/\/www.urbanspot.si\/#website\",\"url\":\"https:\/\/www.urbanspot.si\/\",\"name\":\"UrbanSpot\",\"description\":\"\",\"publisher\":{\"@id\":\"https:\/\/www.urbanspot.si\/#organization\"},\"potentialAction\":[{\"@type\":\"SearchAction\",\"target\":{\"@type\":\"EntryPoint\",\"urlTemplate\":\"https:\/\/www.urbanspot.si\/?s={search_term_string}\"},\"query-input\":{\"@type\":\"PropertyValueSpecification\",\"valueRequired\":true,\"valueName\":\"search_term_string\"}}],\"inLanguage\":\"hr\"},{\"@type\":\"Organization\",\"@id\":\"https:\/\/www.urbanspot.si\/#organization\",\"name\":\"UrbanSpot\",\"url\":\"https:\/\/www.urbanspot.si\/\",\"logo\":{\"@type\":\"ImageObject\",\"inLanguage\":\"hr\",\"@id\":\"https:\/\/www.urbanspot.si\/#\/schema\/logo\/image\/\",\"url\":\"https:\/\/www.urbanspot.si\/wp-content\/uploads\/urbanspot-logo.svg\",\"contentUrl\":\"https:\/\/www.urbanspot.si\/wp-content\/uploads\/urbanspot-logo.svg\",\"width\":185,\"height\":40,\"caption\":\"UrbanSpot\"},\"image\":{\"@id\":\"https:\/\/www.urbanspot.si\/#\/schema\/logo\/image\/\"},\"sameAs\":[\"https:\/\/www.facebook.com\/urbanspot.si\"]}]}<\/script>\n<!-- \/ Yoast SEO plugin. -->","yoast_head_json":{"title":"Celotno za\u0161\u010ditno steklo VIGO Huawei Nova 9 \/ Honor 50 -","robots":{"index":"index","follow":"follow","max-snippet":"max-snippet:-1","max-image-preview":"max-image-preview:large","max-video-preview":"max-video-preview:-1"},"canonical":"https:\/\/www.urbanspot.si\/hr\/proizvod-2\/zastitna-folija-za-cijeli-ekran-za-huawei-vigo-i-huawei-nova-9-honor-50\/","og_locale":"hr_HR","og_type":"article","og_title":"Celotno za\u0161\u010ditno steklo VIGO Huawei Nova 9 \/ Honor 50 -","og_description":"Vigo Celotno za\u0161\u010ditno steklo za Huawei Nova 9\/Honor 50 bo va\u0161emu telefonu nudil odli\u010dno za\u0161\u010dito pred umazanijo, praskami in udarci.","og_url":"https:\/\/www.urbanspot.si\/hr\/proizvod-2\/zastitna-folija-za-cijeli-ekran-za-huawei-vigo-i-huawei-nova-9-honor-50\/","article_publisher":"https:\/\/www.facebook.com\/urbanspot.si","article_modified_time":"2026-03-18T13:55:26+00:00","og_image":[{"width":960,"height":960,"url":"https:\/\/www.urbanspot.si\/wp-content\/uploads\/celotno-zascitno-steklo-vigo-huawei-nova-9-honor-50.jpg","type":"image\/jpeg"}],"twitter_card":"summary_large_image","schema":{"@context":"https:\/\/schema.org","@graph":[{"@type":"WebPage","@id":"https:\/\/www.urbanspot.si\/produkt\/celotno-zascitno-steklo-vigo-huawei-nova-9-honor-50\/","url":"https:\/\/www.urbanspot.si\/produkt\/celotno-zascitno-steklo-vigo-huawei-nova-9-honor-50\/","name":"Celotno za\u0161\u010ditno steklo VIGO Huawei Nova 9 \/ Honor 50 -","isPartOf":{"@id":"https:\/\/www.urbanspot.si\/#website"},"primaryImageOfPage":{"@id":"https:\/\/www.urbanspot.si\/produkt\/celotno-zascitno-steklo-vigo-huawei-nova-9-honor-50\/#primaryimage"},"image":{"@id":"https:\/\/www.urbanspot.si\/produkt\/celotno-zascitno-steklo-vigo-huawei-nova-9-honor-50\/#primaryimage"},"thumbnailUrl":"https:\/\/www.urbanspot.si\/wp-content\/uploads\/celotno-zascitno-steklo-vigo-huawei-nova-9-honor-50.jpg","datePublished":"2024-05-22T13:31:59+00:00","dateModified":"2026-03-18T13:55:26+00:00","breadcrumb":{"@id":"https:\/\/www.urbanspot.si\/produkt\/celotno-zascitno-steklo-vigo-huawei-nova-9-honor-50\/#breadcrumb"},"inLanguage":"hr","potentialAction":[{"@type":"ReadAction","target":["https:\/\/www.urbanspot.si\/produkt\/celotno-zascitno-steklo-vigo-huawei-nova-9-honor-50\/"]}]},{"@type":"ImageObject","inLanguage":"hr","@id":"https:\/\/www.urbanspot.si\/produkt\/celotno-zascitno-steklo-vigo-huawei-nova-9-honor-50\/#primaryimage","url":"https:\/\/www.urbanspot.si\/wp-content\/uploads\/celotno-zascitno-steklo-vigo-huawei-nova-9-honor-50.jpg","contentUrl":"https:\/\/www.urbanspot.si\/wp-content\/uploads\/celotno-zascitno-steklo-vigo-huawei-nova-9-honor-50.jpg","width":960,"height":960,"caption":"Celotno za\u0161\u010ditno steklo VIGO Huawei Nova 9 \/ Honor 50"},{"@type":"BreadcrumbList","@id":"https:\/\/www.urbanspot.si\/produkt\/celotno-zascitno-steklo-vigo-huawei-nova-9-honor-50\/#breadcrumb","itemListElement":[{"@type":"ListItem","position":1,"name":"Home","item":"https:\/\/www.urbanspot.si\/"},{"@type":"ListItem","position":2,"name":"Shop","item":"https:\/\/www.urbanspot.si\/shop\/"},{"@type":"ListItem","position":3,"name":"Celotno za\u0161\u010ditno steklo VIGO Huawei Nova 9 \/ Honor 50"}]},{"@type":"WebSite","@id":"https:\/\/www.urbanspot.si\/#website","url":"https:\/\/www.urbanspot.si\/","name":"UrbanSpot","description":"","publisher":{"@id":"https:\/\/www.urbanspot.si\/#organization"},"potentialAction":[{"@type":"SearchAction","target":{"@type":"EntryPoint","urlTemplate":"https:\/\/www.urbanspot.si\/?s={search_term_string}"},"query-input":{"@type":"PropertyValueSpecification","valueRequired":true,"valueName":"search_term_string"}}],"inLanguage":"hr"},{"@type":"Organization","@id":"https:\/\/www.urbanspot.si\/#organization","name":"UrbanSpot","url":"https:\/\/www.urbanspot.si\/","logo":{"@type":"ImageObject","inLanguage":"hr","@id":"https:\/\/www.urbanspot.si\/#\/schema\/logo\/image\/","url":"https:\/\/www.urbanspot.si\/wp-content\/uploads\/urbanspot-logo.svg","contentUrl":"https:\/\/www.urbanspot.si\/wp-content\/uploads\/urbanspot-logo.svg","width":185,"height":40,"caption":"UrbanSpot"},"image":{"@id":"https:\/\/www.urbanspot.si\/#\/schema\/logo\/image\/"},"sameAs":["https:\/\/www.facebook.com\/urbanspot.si"]}]}},"_links":{"self":[{"href":"https:\/\/www.urbanspot.si\/hr\/wp-json\/wp\/v2\/product\/11555","targetHints":{"allow":["GET"]}}],"collection":[{"href":"https:\/\/www.urbanspot.si\/hr\/wp-json\/wp\/v2\/product"}],"about":[{"href":"https:\/\/www.urbanspot.si\/hr\/wp-json\/wp\/v2\/types\/product"}],"replies":[{"embeddable":true,"href":"https:\/\/www.urbanspot.si\/hr\/wp-json\/wp\/v2\/comments?post=11555"}],"version-history":[{"count":1,"href":"https:\/\/www.urbanspot.si\/hr\/wp-json\/wp\/v2\/product\/11555\/revisions"}],"predecessor-version":[{"id":11556,"href":"https:\/\/www.urbanspot.si\/hr\/wp-json\/wp\/v2\/product\/11555\/revisions\/11556"}],"wp:featuredmedia":[{"embeddable":true,"href":"https:\/\/www.urbanspot.si\/hr\/wp-json\/wp\/v2\/media\/11557"}],"wp:attachment":[{"href":"https:\/\/www.urbanspot.si\/hr\/wp-json\/wp\/v2\/media?parent=11555"}],"wp:term":[{"taxonomy":"product_brand","embeddable":true,"href":"https:\/\/www.urbanspot.si\/hr\/wp-json\/wp\/v2\/product_brand?post=11555"},{"taxonomy":"product_cat","embeddable":true,"href":"https:\/\/www.urbanspot.si\/hr\/wp-json\/wp\/v2\/product_cat?post=11555"},{"taxonomy":"product_tag","embeddable":true,"href":"https:\/\/www.urbanspot.si\/hr\/wp-json\/wp\/v2\/product_tag?post=11555"}],"curies":[{"name":"radni list","href":"https:\/\/api.w.org\/{rel}","templated":true}]}}