{"id":11629,"date":"2024-05-22T14:31:59","date_gmt":"2024-05-22T13:31:59","guid":{"rendered":"https:\/\/www.urbanspot.si\/product\/ovitek-silicone-urbie-red-xiaomi-iphone-xr\/"},"modified":"2026-03-19T16:05:33","modified_gmt":"2026-03-19T14:05:33","slug":"silikonska-futrola-urbie-red-xiaomi-iphone-xr","status":"publish","type":"product","link":"https:\/\/www.urbanspot.si\/hr\/produkt\/ovitek-silicone-urbie-red-xiaomi-iphone-xr\/","title":{"rendered":"Silikonska Urbie crvena maskica za Xiaomi iPhone XR"},"content":{"rendered":"<p>Silikonska Urbie za\u0161titna futrola:\u00a0<\/p>\n<ul>\n<li>\u2013 Silikonska futrola izra\u0111ena od visokokvalitetnog materijala s visokom razinom izdr\u017eljivosti<\/li>\n<li>\u2013 Mekan i ugodan materijal na dodir<\/li>\n<li>\u2013 Vodootporni materijal koji se lako \u010disti<\/li>\n<li>- Pokriva sve bo\u010dne strane i stra\u017enju stranu telefona\u00a0<\/li>\n<li>\u2013 Besplatan pristup svim funkcijama telefona\u00a0<\/li>\n<li>\u2013 Prsten se tako\u0111er mo\u017ee staviti na prst dok ga nosite i za pove\u0107anje sigurnosti telefona od padova<\/li>\n<li>\u2013 Prsten mo\u017ee biti i stalak za telefon<\/li>\n<li>\u2013 Blago podignuti rub ku\u0107i\u0161ta \u0161titi objektiv kamere od ogrebotina<\/li>\n<li>\u2013 Instalirajte i uklonite za nekoliko sekundi<\/li>\n<\/ul>","protected":false},"excerpt":{"rendered":"<p>Silikonska maskica Silicone Urbie, koja \u0161titi stra\u017enju stranu i bo\u010dne strane ure\u0111aja, izra\u0111ena je od materijala koji brinu o telefonu u slu\u010daju udaraca i \u0161tite ga od ogrebotina i o\u0161te\u0107enja.<\/p>","protected":false},"featured_media":11631,"comment_status":"closed","ping_status":"closed","template":"","meta":[],"product_brand":[],"product_cat":[92,119,122,134,135,137,560,91],"product_tag":[],"class_list":{"0":"post-11629","1":"product","2":"type-product","3":"status-publish","4":"has-post-thumbnail","6":"product_cat-apple","7":"product_cat-apple-ovitki-stekla","8":"product_cat-apple-iphone-x-serija","9":"product_cat-iphone-11","10":"product_cat-iphone-xr","11":"product_cat-iphone-xr-apple-iphone-x-serija","12":"product_cat-ovitki-za-telefone","13":"product_cat-razprodaja","14":"pa_primerno-za-model-iphone-11","15":"pa_primerno-za-model-iphone-xr","16":"pa_primerno-za-proizvajalca-apple","18":"first","19":"instock","20":"sale","21":"taxable","22":"shipping-taxable","23":"purchasable","24":"product-type-simple"},"yoast_head":"<!-- This site is optimized with the Yoast SEO plugin v27.4 - https:\/\/yoast.com\/product\/yoast-seo-wordpress\/ -->\n<title>Ovitek Silicone Urbie Red Xiaomi Iphone XR -<\/title>\n<meta name=\"robots\" content=\"index, follow, max-snippet:-1, max-image-preview:large, max-video-preview:-1\" \/>\n<link rel=\"canonical\" href=\"https:\/\/www.urbanspot.si\/hr\/proizvod-2\/silikonska-futrola-urbie-red-xiaomi-iphone-xr\/\" \/>\n<meta property=\"og:locale\" content=\"hr_HR\" \/>\n<meta property=\"og:type\" content=\"article\" \/>\n<meta property=\"og:title\" content=\"Ovitek Silicone Urbie Red Xiaomi Iphone XR -\" \/>\n<meta property=\"og:description\" content=\"Silikonski ovitek Silicone Urbie, ki \u0161\u010diti hrbet in stranice naprave, je izdelan iz materialov, ki v primeru udarcev poskrbijo za telefon in ga zavarujejo pred praskami in po\u0161kodbami.\" \/>\n<meta property=\"og:url\" content=\"https:\/\/www.urbanspot.si\/hr\/proizvod-2\/silikonska-futrola-urbie-red-xiaomi-iphone-xr\/\" \/>\n<meta property=\"article:publisher\" content=\"https:\/\/www.facebook.com\/urbanspot.si\" \/>\n<meta property=\"article:modified_time\" content=\"2026-03-19T14:05:33+00:00\" \/>\n<meta property=\"og:image\" content=\"https:\/\/www.urbanspot.si\/wp-content\/uploads\/ovitek-silicone-urbie-red-xiaomi-iphone-xr.jpg\" \/>\n\t<meta property=\"og:image:width\" content=\"800\" \/>\n\t<meta property=\"og:image:height\" content=\"800\" \/>\n\t<meta property=\"og:image:type\" content=\"image\/jpeg\" \/>\n<meta name=\"twitter:card\" content=\"summary_large_image\" \/>\n<script type=\"application\/ld+json\" class=\"yoast-schema-graph\">{\"@context\":\"https:\\\/\\\/schema.org\",\"@graph\":[{\"@type\":\"WebPage\",\"@id\":\"https:\\\/\\\/www.urbanspot.si\\\/produkt\\\/ovitek-silicone-urbie-red-xiaomi-iphone-xr\\\/\",\"url\":\"https:\\\/\\\/www.urbanspot.si\\\/produkt\\\/ovitek-silicone-urbie-red-xiaomi-iphone-xr\\\/\",\"name\":\"Ovitek Silicone Urbie Red Xiaomi Iphone XR -\",\"isPartOf\":{\"@id\":\"https:\\\/\\\/www.urbanspot.si\\\/#website\"},\"primaryImageOfPage\":{\"@id\":\"https:\\\/\\\/www.urbanspot.si\\\/produkt\\\/ovitek-silicone-urbie-red-xiaomi-iphone-xr\\\/#primaryimage\"},\"image\":{\"@id\":\"https:\\\/\\\/www.urbanspot.si\\\/produkt\\\/ovitek-silicone-urbie-red-xiaomi-iphone-xr\\\/#primaryimage\"},\"thumbnailUrl\":\"https:\\\/\\\/www.urbanspot.si\\\/wp-content\\\/uploads\\\/ovitek-silicone-urbie-red-xiaomi-iphone-xr.jpg\",\"datePublished\":\"2024-05-22T13:31:59+00:00\",\"dateModified\":\"2026-03-19T14:05:33+00:00\",\"breadcrumb\":{\"@id\":\"https:\\\/\\\/www.urbanspot.si\\\/produkt\\\/ovitek-silicone-urbie-red-xiaomi-iphone-xr\\\/#breadcrumb\"},\"inLanguage\":\"hr\",\"potentialAction\":[{\"@type\":\"ReadAction\",\"target\":[\"https:\\\/\\\/www.urbanspot.si\\\/produkt\\\/ovitek-silicone-urbie-red-xiaomi-iphone-xr\\\/\"]}]},{\"@type\":\"ImageObject\",\"inLanguage\":\"hr\",\"@id\":\"https:\\\/\\\/www.urbanspot.si\\\/produkt\\\/ovitek-silicone-urbie-red-xiaomi-iphone-xr\\\/#primaryimage\",\"url\":\"https:\\\/\\\/www.urbanspot.si\\\/wp-content\\\/uploads\\\/ovitek-silicone-urbie-red-xiaomi-iphone-xr.jpg\",\"contentUrl\":\"https:\\\/\\\/www.urbanspot.si\\\/wp-content\\\/uploads\\\/ovitek-silicone-urbie-red-xiaomi-iphone-xr.jpg\",\"width\":800,\"height\":800,\"caption\":\"Ovitek Silicone Urbie Red Xiaomi Iphone XR\"},{\"@type\":\"BreadcrumbList\",\"@id\":\"https:\\\/\\\/www.urbanspot.si\\\/produkt\\\/ovitek-silicone-urbie-red-xiaomi-iphone-xr\\\/#breadcrumb\",\"itemListElement\":[{\"@type\":\"ListItem\",\"position\":1,\"name\":\"Home\",\"item\":\"https:\\\/\\\/www.urbanspot.si\\\/\"},{\"@type\":\"ListItem\",\"position\":2,\"name\":\"Shop\",\"item\":\"https:\\\/\\\/www.urbanspot.si\\\/shop\\\/\"},{\"@type\":\"ListItem\",\"position\":3,\"name\":\"Ovitek Silicone Urbie Red Xiaomi Iphone XR\"}]},{\"@type\":\"WebSite\",\"@id\":\"https:\\\/\\\/www.urbanspot.si\\\/#website\",\"url\":\"https:\\\/\\\/www.urbanspot.si\\\/\",\"name\":\"UrbanSpot\",\"description\":\"\",\"publisher\":{\"@id\":\"https:\\\/\\\/www.urbanspot.si\\\/#organization\"},\"potentialAction\":[{\"@type\":\"SearchAction\",\"target\":{\"@type\":\"EntryPoint\",\"urlTemplate\":\"https:\\\/\\\/www.urbanspot.si\\\/?s={search_term_string}\"},\"query-input\":{\"@type\":\"PropertyValueSpecification\",\"valueRequired\":true,\"valueName\":\"search_term_string\"}}],\"inLanguage\":\"hr\"},{\"@type\":\"Organization\",\"@id\":\"https:\\\/\\\/www.urbanspot.si\\\/#organization\",\"name\":\"UrbanSpot\",\"url\":\"https:\\\/\\\/www.urbanspot.si\\\/\",\"logo\":{\"@type\":\"ImageObject\",\"inLanguage\":\"hr\",\"@id\":\"https:\\\/\\\/www.urbanspot.si\\\/#\\\/schema\\\/logo\\\/image\\\/\",\"url\":\"https:\\\/\\\/www.urbanspot.si\\\/wp-content\\\/uploads\\\/urbanspot-logo.svg\",\"contentUrl\":\"https:\\\/\\\/www.urbanspot.si\\\/wp-content\\\/uploads\\\/urbanspot-logo.svg\",\"width\":185,\"height\":40,\"caption\":\"UrbanSpot\"},\"image\":{\"@id\":\"https:\\\/\\\/www.urbanspot.si\\\/#\\\/schema\\\/logo\\\/image\\\/\"},\"sameAs\":[\"https:\\\/\\\/www.facebook.com\\\/urbanspot.si\"]}]}<\/script>\n<!-- \/ Yoast SEO plugin. -->","yoast_head_json":{"title":"Ovitek Silicone Urbie Red Xiaomi Iphone XR -","robots":{"index":"index","follow":"follow","max-snippet":"max-snippet:-1","max-image-preview":"max-image-preview:large","max-video-preview":"max-video-preview:-1"},"canonical":"https:\/\/www.urbanspot.si\/hr\/proizvod-2\/silikonska-futrola-urbie-red-xiaomi-iphone-xr\/","og_locale":"hr_HR","og_type":"article","og_title":"Ovitek Silicone Urbie Red Xiaomi Iphone XR -","og_description":"Silikonski ovitek Silicone Urbie, ki \u0161\u010diti hrbet in stranice naprave, je izdelan iz materialov, ki v primeru udarcev poskrbijo za telefon in ga zavarujejo pred praskami in po\u0161kodbami.","og_url":"https:\/\/www.urbanspot.si\/hr\/proizvod-2\/silikonska-futrola-urbie-red-xiaomi-iphone-xr\/","article_publisher":"https:\/\/www.facebook.com\/urbanspot.si","article_modified_time":"2026-03-19T14:05:33+00:00","og_image":[{"width":800,"height":800,"url":"https:\/\/www.urbanspot.si\/wp-content\/uploads\/ovitek-silicone-urbie-red-xiaomi-iphone-xr.jpg","type":"image\/jpeg"}],"twitter_card":"summary_large_image","schema":{"@context":"https:\/\/schema.org","@graph":[{"@type":"WebPage","@id":"https:\/\/www.urbanspot.si\/produkt\/ovitek-silicone-urbie-red-xiaomi-iphone-xr\/","url":"https:\/\/www.urbanspot.si\/produkt\/ovitek-silicone-urbie-red-xiaomi-iphone-xr\/","name":"Ovitek Silicone Urbie Red Xiaomi Iphone XR -","isPartOf":{"@id":"https:\/\/www.urbanspot.si\/#website"},"primaryImageOfPage":{"@id":"https:\/\/www.urbanspot.si\/produkt\/ovitek-silicone-urbie-red-xiaomi-iphone-xr\/#primaryimage"},"image":{"@id":"https:\/\/www.urbanspot.si\/produkt\/ovitek-silicone-urbie-red-xiaomi-iphone-xr\/#primaryimage"},"thumbnailUrl":"https:\/\/www.urbanspot.si\/wp-content\/uploads\/ovitek-silicone-urbie-red-xiaomi-iphone-xr.jpg","datePublished":"2024-05-22T13:31:59+00:00","dateModified":"2026-03-19T14:05:33+00:00","breadcrumb":{"@id":"https:\/\/www.urbanspot.si\/produkt\/ovitek-silicone-urbie-red-xiaomi-iphone-xr\/#breadcrumb"},"inLanguage":"hr","potentialAction":[{"@type":"ReadAction","target":["https:\/\/www.urbanspot.si\/produkt\/ovitek-silicone-urbie-red-xiaomi-iphone-xr\/"]}]},{"@type":"ImageObject","inLanguage":"hr","@id":"https:\/\/www.urbanspot.si\/produkt\/ovitek-silicone-urbie-red-xiaomi-iphone-xr\/#primaryimage","url":"https:\/\/www.urbanspot.si\/wp-content\/uploads\/ovitek-silicone-urbie-red-xiaomi-iphone-xr.jpg","contentUrl":"https:\/\/www.urbanspot.si\/wp-content\/uploads\/ovitek-silicone-urbie-red-xiaomi-iphone-xr.jpg","width":800,"height":800,"caption":"Ovitek Silicone Urbie Red Xiaomi Iphone XR"},{"@type":"BreadcrumbList","@id":"https:\/\/www.urbanspot.si\/produkt\/ovitek-silicone-urbie-red-xiaomi-iphone-xr\/#breadcrumb","itemListElement":[{"@type":"ListItem","position":1,"name":"Home","item":"https:\/\/www.urbanspot.si\/"},{"@type":"ListItem","position":2,"name":"Shop","item":"https:\/\/www.urbanspot.si\/shop\/"},{"@type":"ListItem","position":3,"name":"Ovitek Silicone Urbie Red Xiaomi Iphone XR"}]},{"@type":"WebSite","@id":"https:\/\/www.urbanspot.si\/#website","url":"https:\/\/www.urbanspot.si\/","name":"UrbanSpot","description":"","publisher":{"@id":"https:\/\/www.urbanspot.si\/#organization"},"potentialAction":[{"@type":"SearchAction","target":{"@type":"EntryPoint","urlTemplate":"https:\/\/www.urbanspot.si\/?s={search_term_string}"},"query-input":{"@type":"PropertyValueSpecification","valueRequired":true,"valueName":"search_term_string"}}],"inLanguage":"hr"},{"@type":"Organization","@id":"https:\/\/www.urbanspot.si\/#organization","name":"UrbanSpot","url":"https:\/\/www.urbanspot.si\/","logo":{"@type":"ImageObject","inLanguage":"hr","@id":"https:\/\/www.urbanspot.si\/#\/schema\/logo\/image\/","url":"https:\/\/www.urbanspot.si\/wp-content\/uploads\/urbanspot-logo.svg","contentUrl":"https:\/\/www.urbanspot.si\/wp-content\/uploads\/urbanspot-logo.svg","width":185,"height":40,"caption":"UrbanSpot"},"image":{"@id":"https:\/\/www.urbanspot.si\/#\/schema\/logo\/image\/"},"sameAs":["https:\/\/www.facebook.com\/urbanspot.si"]}]}},"_links":{"self":[{"href":"https:\/\/www.urbanspot.si\/hr\/wp-json\/wp\/v2\/product\/11629","targetHints":{"allow":["GET"]}}],"collection":[{"href":"https:\/\/www.urbanspot.si\/hr\/wp-json\/wp\/v2\/product"}],"about":[{"href":"https:\/\/www.urbanspot.si\/hr\/wp-json\/wp\/v2\/types\/product"}],"replies":[{"embeddable":true,"href":"https:\/\/www.urbanspot.si\/hr\/wp-json\/wp\/v2\/comments?post=11629"}],"version-history":[{"count":1,"href":"https:\/\/www.urbanspot.si\/hr\/wp-json\/wp\/v2\/product\/11629\/revisions"}],"predecessor-version":[{"id":11630,"href":"https:\/\/www.urbanspot.si\/hr\/wp-json\/wp\/v2\/product\/11629\/revisions\/11630"}],"wp:featuredmedia":[{"embeddable":true,"href":"https:\/\/www.urbanspot.si\/hr\/wp-json\/wp\/v2\/media\/11631"}],"wp:attachment":[{"href":"https:\/\/www.urbanspot.si\/hr\/wp-json\/wp\/v2\/media?parent=11629"}],"wp:term":[{"taxonomy":"product_brand","embeddable":true,"href":"https:\/\/www.urbanspot.si\/hr\/wp-json\/wp\/v2\/product_brand?post=11629"},{"taxonomy":"product_cat","embeddable":true,"href":"https:\/\/www.urbanspot.si\/hr\/wp-json\/wp\/v2\/product_cat?post=11629"},{"taxonomy":"product_tag","embeddable":true,"href":"https:\/\/www.urbanspot.si\/hr\/wp-json\/wp\/v2\/product_tag?post=11629"}],"curies":[{"name":"radni list","href":"https:\/\/api.w.org\/{rel}","templated":true}]}}