{"id":11687,"date":"2024-05-22T14:32:19","date_gmt":"2024-05-22T13:32:19","guid":{"rendered":"https:\/\/www.urbanspot.si\/product\/ovitek-urbie-pop-it-iphone-7-8-se-2020\/"},"modified":"2026-03-19T16:05:32","modified_gmt":"2026-03-19T14:05:32","slug":"urbie-pop-it-maska-za-iphone-7-8-se-2020","status":"publish","type":"product","link":"https:\/\/www.urbanspot.si\/hr\/produkt\/ovitek-urbie-pop-it-iphone-7-8-se-2020\/","title":{"rendered":"Urbie Pop IT maskica za iPhone 7\/8\/SE 2020"},"content":{"rendered":"<p>Urbie POP IT za\u0161titna futrola:\u00a0<\/p>\n<ul>\n<li>\u2013 Silikonska futrola izra\u0111ena od visokokvalitetnog materijala s visokom razinom izdr\u017eljivosti<\/li>\n<li>\u2013 Mekan i ugodan materijal na dodir<\/li>\n<li>\u2013 Vodootporni materijal koji se lako \u010disti<\/li>\n<li>- Pokriva sve bo\u010dne strane i stra\u017enju stranu telefona\u00a0<\/li>\n<li>\u2013 Besplatan pristup svim funkcijama telefona\u00a0<\/li>\n<li>\u2013 Poklopac za dodatnu za\u0161titu kamere<\/li>\n<li>\u2013 Dodatna za\u0161tita za kameru<\/li>\n<li>\u2013 Instalirajte i uklonite za nekoliko sekundi<\/li>\n<\/ul>","protected":false},"excerpt":{"rendered":"<p>Silikonska maskica Urbie Pop It, koja \u0161titi stra\u017enju stranu i bo\u010dne strane ure\u0111aja, izra\u0111ena je od materijala koji brinu o telefonu u slu\u010daju udaraca i \u0161tite ga od ogrebotina i o\u0161te\u0107enja.<\/p>","protected":false},"featured_media":11689,"comment_status":"closed","ping_status":"open","template":"","meta":[],"product_brand":[],"product_cat":[177,92,119,157,158,176,160,180,156,159,162,161,91,325,179],"product_tag":[],"class_list":{"0":"post-11687","1":"product","2":"type-product","3":"status-publish","4":"has-post-thumbnail","6":"product_cat-5s","7":"product_cat-apple","8":"product_cat-apple-ovitki-stekla","9":"product_cat-apple-iphone-7","10":"product_cat-apple-iphone-8-serija","11":"product_cat-iphone-5","12":"product_cat-iphone-7","13":"product_cat-iphone-7-apple-ovitki-stekla","14":"product_cat-iphone-8","15":"product_cat-iphone-8-8-serija","16":"product_cat-iphone-se-2020","17":"product_cat-ostale-iphone-serije","18":"product_cat-razprodaja","19":"product_cat-se-2020-apple-ovitki-stekla","20":"product_cat-se-2020","21":"pa_primerno-za-model-iphone-7","22":"pa_primerno-za-model-iphone-8","23":"pa_primerno-za-model-iphone-se-2nd-gen","24":"pa_primerno-za-proizvajalca-apple","26":"first","27":"instock","28":"sale","29":"taxable","30":"shipping-taxable","31":"purchasable","32":"product-type-simple"},"yoast_head":"<!-- This site is optimized with the Yoast SEO plugin v27.4 - https:\/\/yoast.com\/product\/yoast-seo-wordpress\/ -->\n<title>Ovitek Urbie Pop IT, Iphone 7\/8\/SE 2020 -<\/title>\n<meta name=\"robots\" content=\"index, follow, max-snippet:-1, max-image-preview:large, max-video-preview:-1\" \/>\n<link rel=\"canonical\" href=\"https:\/\/www.urbanspot.si\/hr\/proizvod-2\/urbie-pop-it-maska-za-iphone-7-8-se-2020\/\" \/>\n<meta property=\"og:locale\" content=\"hr_HR\" \/>\n<meta property=\"og:type\" content=\"article\" \/>\n<meta property=\"og:title\" content=\"Ovitek Urbie Pop IT, Iphone 7\/8\/SE 2020 -\" \/>\n<meta property=\"og:description\" content=\"Ovitek Silikonski Urbie Pop It , ki \u0161\u010diti hrbet in stranice naprave, je izdelan iz materialov, ki v primeru udarcev poskrbijo za telefon in ga zavarujejo pred praskami in po\u0161kodbami.\" \/>\n<meta property=\"og:url\" content=\"https:\/\/www.urbanspot.si\/hr\/proizvod-2\/urbie-pop-it-maska-za-iphone-7-8-se-2020\/\" \/>\n<meta property=\"article:publisher\" content=\"https:\/\/www.facebook.com\/urbanspot.si\" \/>\n<meta property=\"article:modified_time\" content=\"2026-03-19T14:05:32+00:00\" \/>\n<meta property=\"og:image\" content=\"https:\/\/www.urbanspot.si\/wp-content\/uploads\/ovitek-urbie-pop-it-iphone-7-8-se-2020.jpg\" \/>\n\t<meta property=\"og:image:width\" content=\"800\" \/>\n\t<meta property=\"og:image:height\" content=\"800\" \/>\n\t<meta property=\"og:image:type\" content=\"image\/jpeg\" \/>\n<meta name=\"twitter:card\" content=\"summary_large_image\" \/>\n<script type=\"application\/ld+json\" class=\"yoast-schema-graph\">{\"@context\":\"https:\\\/\\\/schema.org\",\"@graph\":[{\"@type\":\"WebPage\",\"@id\":\"https:\\\/\\\/www.urbanspot.si\\\/produkt\\\/ovitek-urbie-pop-it-iphone-7-8-se-2020\\\/\",\"url\":\"https:\\\/\\\/www.urbanspot.si\\\/produkt\\\/ovitek-urbie-pop-it-iphone-7-8-se-2020\\\/\",\"name\":\"Ovitek Urbie Pop IT, Iphone 7\\\/8\\\/SE 2020 -\",\"isPartOf\":{\"@id\":\"https:\\\/\\\/www.urbanspot.si\\\/#website\"},\"primaryImageOfPage\":{\"@id\":\"https:\\\/\\\/www.urbanspot.si\\\/produkt\\\/ovitek-urbie-pop-it-iphone-7-8-se-2020\\\/#primaryimage\"},\"image\":{\"@id\":\"https:\\\/\\\/www.urbanspot.si\\\/produkt\\\/ovitek-urbie-pop-it-iphone-7-8-se-2020\\\/#primaryimage\"},\"thumbnailUrl\":\"https:\\\/\\\/www.urbanspot.si\\\/wp-content\\\/uploads\\\/ovitek-urbie-pop-it-iphone-7-8-se-2020.jpg\",\"datePublished\":\"2024-05-22T13:32:19+00:00\",\"dateModified\":\"2026-03-19T14:05:32+00:00\",\"breadcrumb\":{\"@id\":\"https:\\\/\\\/www.urbanspot.si\\\/produkt\\\/ovitek-urbie-pop-it-iphone-7-8-se-2020\\\/#breadcrumb\"},\"inLanguage\":\"hr\",\"potentialAction\":[{\"@type\":\"ReadAction\",\"target\":[\"https:\\\/\\\/www.urbanspot.si\\\/produkt\\\/ovitek-urbie-pop-it-iphone-7-8-se-2020\\\/\"]}]},{\"@type\":\"ImageObject\",\"inLanguage\":\"hr\",\"@id\":\"https:\\\/\\\/www.urbanspot.si\\\/produkt\\\/ovitek-urbie-pop-it-iphone-7-8-se-2020\\\/#primaryimage\",\"url\":\"https:\\\/\\\/www.urbanspot.si\\\/wp-content\\\/uploads\\\/ovitek-urbie-pop-it-iphone-7-8-se-2020.jpg\",\"contentUrl\":\"https:\\\/\\\/www.urbanspot.si\\\/wp-content\\\/uploads\\\/ovitek-urbie-pop-it-iphone-7-8-se-2020.jpg\",\"width\":800,\"height\":800,\"caption\":\"Ovitek Urbie Pop IT\"},{\"@type\":\"BreadcrumbList\",\"@id\":\"https:\\\/\\\/www.urbanspot.si\\\/produkt\\\/ovitek-urbie-pop-it-iphone-7-8-se-2020\\\/#breadcrumb\",\"itemListElement\":[{\"@type\":\"ListItem\",\"position\":1,\"name\":\"Home\",\"item\":\"https:\\\/\\\/www.urbanspot.si\\\/\"},{\"@type\":\"ListItem\",\"position\":2,\"name\":\"Shop\",\"item\":\"https:\\\/\\\/www.urbanspot.si\\\/shop\\\/\"},{\"@type\":\"ListItem\",\"position\":3,\"name\":\"Ovitek Urbie Pop IT, Iphone 7\\\/8\\\/SE 2020\"}]},{\"@type\":\"WebSite\",\"@id\":\"https:\\\/\\\/www.urbanspot.si\\\/#website\",\"url\":\"https:\\\/\\\/www.urbanspot.si\\\/\",\"name\":\"UrbanSpot\",\"description\":\"\",\"publisher\":{\"@id\":\"https:\\\/\\\/www.urbanspot.si\\\/#organization\"},\"potentialAction\":[{\"@type\":\"SearchAction\",\"target\":{\"@type\":\"EntryPoint\",\"urlTemplate\":\"https:\\\/\\\/www.urbanspot.si\\\/?s={search_term_string}\"},\"query-input\":{\"@type\":\"PropertyValueSpecification\",\"valueRequired\":true,\"valueName\":\"search_term_string\"}}],\"inLanguage\":\"hr\"},{\"@type\":\"Organization\",\"@id\":\"https:\\\/\\\/www.urbanspot.si\\\/#organization\",\"name\":\"UrbanSpot\",\"url\":\"https:\\\/\\\/www.urbanspot.si\\\/\",\"logo\":{\"@type\":\"ImageObject\",\"inLanguage\":\"hr\",\"@id\":\"https:\\\/\\\/www.urbanspot.si\\\/#\\\/schema\\\/logo\\\/image\\\/\",\"url\":\"https:\\\/\\\/www.urbanspot.si\\\/wp-content\\\/uploads\\\/urbanspot-logo.svg\",\"contentUrl\":\"https:\\\/\\\/www.urbanspot.si\\\/wp-content\\\/uploads\\\/urbanspot-logo.svg\",\"width\":185,\"height\":40,\"caption\":\"UrbanSpot\"},\"image\":{\"@id\":\"https:\\\/\\\/www.urbanspot.si\\\/#\\\/schema\\\/logo\\\/image\\\/\"},\"sameAs\":[\"https:\\\/\\\/www.facebook.com\\\/urbanspot.si\"]}]}<\/script>\n<!-- \/ Yoast SEO plugin. -->","yoast_head_json":{"title":"Urbia Pop IT futrola, iPhone 7\/8\/SE 2020 -","robots":{"index":"index","follow":"follow","max-snippet":"max-snippet:-1","max-image-preview":"max-image-preview:large","max-video-preview":"max-video-preview:-1"},"canonical":"https:\/\/www.urbanspot.si\/hr\/proizvod-2\/urbie-pop-it-maska-za-iphone-7-8-se-2020\/","og_locale":"hr_HR","og_type":"article","og_title":"Ovitek Urbie Pop IT, Iphone 7\/8\/SE 2020 -","og_description":"Ovitek Silikonski Urbie Pop It , ki \u0161\u010diti hrbet in stranice naprave, je izdelan iz materialov, ki v primeru udarcev poskrbijo za telefon in ga zavarujejo pred praskami in po\u0161kodbami.","og_url":"https:\/\/www.urbanspot.si\/hr\/proizvod-2\/urbie-pop-it-maska-za-iphone-7-8-se-2020\/","article_publisher":"https:\/\/www.facebook.com\/urbanspot.si","article_modified_time":"2026-03-19T14:05:32+00:00","og_image":[{"width":800,"height":800,"url":"https:\/\/www.urbanspot.si\/wp-content\/uploads\/ovitek-urbie-pop-it-iphone-7-8-se-2020.jpg","type":"image\/jpeg"}],"twitter_card":"summary_large_image","schema":{"@context":"https:\/\/schema.org","@graph":[{"@type":"WebPage","@id":"https:\/\/www.urbanspot.si\/produkt\/ovitek-urbie-pop-it-iphone-7-8-se-2020\/","url":"https:\/\/www.urbanspot.si\/produkt\/ovitek-urbie-pop-it-iphone-7-8-se-2020\/","name":"Urbia Pop IT futrola, iPhone 7\/8\/SE 2020 -","isPartOf":{"@id":"https:\/\/www.urbanspot.si\/#website"},"primaryImageOfPage":{"@id":"https:\/\/www.urbanspot.si\/produkt\/ovitek-urbie-pop-it-iphone-7-8-se-2020\/#primaryimage"},"image":{"@id":"https:\/\/www.urbanspot.si\/produkt\/ovitek-urbie-pop-it-iphone-7-8-se-2020\/#primaryimage"},"thumbnailUrl":"https:\/\/www.urbanspot.si\/wp-content\/uploads\/ovitek-urbie-pop-it-iphone-7-8-se-2020.jpg","datePublished":"2024-05-22T13:32:19+00:00","dateModified":"2026-03-19T14:05:32+00:00","breadcrumb":{"@id":"https:\/\/www.urbanspot.si\/produkt\/ovitek-urbie-pop-it-iphone-7-8-se-2020\/#breadcrumb"},"inLanguage":"hr","potentialAction":[{"@type":"ReadAction","target":["https:\/\/www.urbanspot.si\/produkt\/ovitek-urbie-pop-it-iphone-7-8-se-2020\/"]}]},{"@type":"ImageObject","inLanguage":"hr","@id":"https:\/\/www.urbanspot.si\/produkt\/ovitek-urbie-pop-it-iphone-7-8-se-2020\/#primaryimage","url":"https:\/\/www.urbanspot.si\/wp-content\/uploads\/ovitek-urbie-pop-it-iphone-7-8-se-2020.jpg","contentUrl":"https:\/\/www.urbanspot.si\/wp-content\/uploads\/ovitek-urbie-pop-it-iphone-7-8-se-2020.jpg","width":800,"height":800,"caption":"Ovitek Urbie Pop IT"},{"@type":"BreadcrumbList","@id":"https:\/\/www.urbanspot.si\/produkt\/ovitek-urbie-pop-it-iphone-7-8-se-2020\/#breadcrumb","itemListElement":[{"@type":"ListItem","position":1,"name":"Home","item":"https:\/\/www.urbanspot.si\/"},{"@type":"ListItem","position":2,"name":"Shop","item":"https:\/\/www.urbanspot.si\/shop\/"},{"@type":"ListItem","position":3,"name":"Ovitek Urbie Pop IT, Iphone 7\/8\/SE 2020"}]},{"@type":"WebSite","@id":"https:\/\/www.urbanspot.si\/#website","url":"https:\/\/www.urbanspot.si\/","name":"UrbanSpot","description":"","publisher":{"@id":"https:\/\/www.urbanspot.si\/#organization"},"potentialAction":[{"@type":"SearchAction","target":{"@type":"EntryPoint","urlTemplate":"https:\/\/www.urbanspot.si\/?s={search_term_string}"},"query-input":{"@type":"PropertyValueSpecification","valueRequired":true,"valueName":"search_term_string"}}],"inLanguage":"hr"},{"@type":"Organization","@id":"https:\/\/www.urbanspot.si\/#organization","name":"UrbanSpot","url":"https:\/\/www.urbanspot.si\/","logo":{"@type":"ImageObject","inLanguage":"hr","@id":"https:\/\/www.urbanspot.si\/#\/schema\/logo\/image\/","url":"https:\/\/www.urbanspot.si\/wp-content\/uploads\/urbanspot-logo.svg","contentUrl":"https:\/\/www.urbanspot.si\/wp-content\/uploads\/urbanspot-logo.svg","width":185,"height":40,"caption":"UrbanSpot"},"image":{"@id":"https:\/\/www.urbanspot.si\/#\/schema\/logo\/image\/"},"sameAs":["https:\/\/www.facebook.com\/urbanspot.si"]}]}},"_links":{"self":[{"href":"https:\/\/www.urbanspot.si\/hr\/wp-json\/wp\/v2\/product\/11687","targetHints":{"allow":["GET"]}}],"collection":[{"href":"https:\/\/www.urbanspot.si\/hr\/wp-json\/wp\/v2\/product"}],"about":[{"href":"https:\/\/www.urbanspot.si\/hr\/wp-json\/wp\/v2\/types\/product"}],"replies":[{"embeddable":true,"href":"https:\/\/www.urbanspot.si\/hr\/wp-json\/wp\/v2\/comments?post=11687"}],"version-history":[{"count":1,"href":"https:\/\/www.urbanspot.si\/hr\/wp-json\/wp\/v2\/product\/11687\/revisions"}],"predecessor-version":[{"id":11688,"href":"https:\/\/www.urbanspot.si\/hr\/wp-json\/wp\/v2\/product\/11687\/revisions\/11688"}],"wp:featuredmedia":[{"embeddable":true,"href":"https:\/\/www.urbanspot.si\/hr\/wp-json\/wp\/v2\/media\/11689"}],"wp:attachment":[{"href":"https:\/\/www.urbanspot.si\/hr\/wp-json\/wp\/v2\/media?parent=11687"}],"wp:term":[{"taxonomy":"product_brand","embeddable":true,"href":"https:\/\/www.urbanspot.si\/hr\/wp-json\/wp\/v2\/product_brand?post=11687"},{"taxonomy":"product_cat","embeddable":true,"href":"https:\/\/www.urbanspot.si\/hr\/wp-json\/wp\/v2\/product_cat?post=11687"},{"taxonomy":"product_tag","embeddable":true,"href":"https:\/\/www.urbanspot.si\/hr\/wp-json\/wp\/v2\/product_tag?post=11687"}],"curies":[{"name":"radni list","href":"https:\/\/api.w.org\/{rel}","templated":true}]}}