{"id":11981,"date":"2024-05-22T14:32:57","date_gmt":"2024-05-22T13:32:57","guid":{"rendered":"https:\/\/www.urbanspot.si\/product\/urbie-sleeve-wonder-blue-ovitek-za-prenosnik-do-17\/"},"modified":"2026-03-18T15:55:13","modified_gmt":"2026-03-18T13:55:13","slug":"urbie-sleeve-wonder-blue-ovitek-za-prenosnik-do-17","status":"publish","type":"product","link":"https:\/\/www.urbanspot.si\/hr\/produkt\/urbie-sleeve-wonder-blue-ovitek-za-prenosnik-do-17\/","title":{"rendered":"Urbie Sleeve Wonder plava navlaka za laptop do 17&quot;"},"content":{"rendered":"<p>Urbie Sleeve Wonder plava navlaka za laptop do 17&quot;<\/p>\n<p>\u00a0<\/p>\n<p>Zna\u010dajke:<\/p>\n<ul>\n<li>Materijal: Visokokvalitetni najlon<\/li>\n<li>Vrsta: Torba za tablet i laptop<\/li>\n<li>Boja: Plava s cvjetnim uzorcima<\/li>\n<li>Dimenzije: 44x30cm<\/li>\n<li>Broj ladica: 2<\/li>\n<li>Pogodno za: prijenosna ra\u010dunala i tablete do 17\u2033<\/li>\n<li>Prakti\u010dno zatvaranje patentnim zatvara\u010dem<\/li>\n<li>Unutra\u0161njost ku\u0107i\u0161ta oblo\u017eena je debelim slojem mekog materijala koji dr\u017ei i \u0161titi ure\u0111aj od udaraca.<\/li>\n<\/ul>","protected":false},"excerpt":{"rendered":"<p>Sleeve Wonder Blue ukra\u0161en je mirnim cvjetnim uzorkom koji mu daje \u017eenstven izgled. Elegantna torba za prijenosno ra\u010dunalo dizajnirana za prijenosna ra\u010dunala\/tablete do 17 in\u010da. Torba je vrlo prakti\u010dna i elegantna.<\/p>","protected":false},"featured_media":11983,"comment_status":"closed","ping_status":"closed","template":"","meta":[],"product_brand":[],"product_cat":[104,551,91,140],"product_tag":[],"class_list":{"0":"post-11981","1":"product","2":"type-product","3":"status-publish","4":"has-post-thumbnail","6":"product_cat-dodatna-oprema","7":"product_cat-ovitek-za-prenosnike","8":"product_cat-razprodaja","9":"product_cat-torbe","11":"first","12":"outofstock","13":"sale","14":"taxable","15":"shipping-taxable","16":"purchasable","17":"product-type-simple"},"yoast_head":"<!-- This site is optimized with the Yoast SEO plugin v27.4 - https:\/\/yoast.com\/product\/yoast-seo-wordpress\/ -->\n<title>Urbie Sleeve Wonder Blue ovitek za prenosnik do 17&quot; -<\/title>\n<meta name=\"robots\" content=\"index, follow, max-snippet:-1, max-image-preview:large, max-video-preview:-1\" \/>\n<link rel=\"canonical\" href=\"https:\/\/www.urbanspot.si\/hr\/proizvod-2\/urbie-sleeve-wonder-blue-ovitek-za-prenosnik-do-17\/\" \/>\n<meta property=\"og:locale\" content=\"hr_HR\" \/>\n<meta property=\"og:type\" content=\"article\" \/>\n<meta property=\"og:title\" content=\"Urbie Sleeve Wonder Blue ovitek za prenosnik do 17&quot; -\" \/>\n<meta property=\"og:description\" content=\"Ovitek Sleeve Wonder Blue je okra\u0161en z umirjenim cvetli\u010dnim vzorcem, ki mu daje \u017eenstven videz. Eleganten ovitek za prenosnik, zasnovan do 17-pal\u010dni prenosnik \/ tabli\u010dni ra\u010dunalnik. Ovitek je zelo prakti\u010den in eleganten.\" \/>\n<meta property=\"og:url\" content=\"https:\/\/www.urbanspot.si\/hr\/proizvod-2\/urbie-sleeve-wonder-blue-ovitek-za-prenosnik-do-17\/\" \/>\n<meta property=\"article:publisher\" content=\"https:\/\/www.facebook.com\/urbanspot.si\" \/>\n<meta property=\"article:modified_time\" content=\"2026-03-18T13:55:13+00:00\" \/>\n<meta property=\"og:image\" content=\"https:\/\/www.urbanspot.si\/wp-content\/uploads\/urbie-sleeve-wonder-blue-ovitek-za-prenosnik-do-17.jpg\" \/>\n\t<meta property=\"og:image:width\" content=\"1000\" \/>\n\t<meta property=\"og:image:height\" content=\"1000\" \/>\n\t<meta property=\"og:image:type\" content=\"image\/jpeg\" \/>\n<meta name=\"twitter:card\" content=\"summary_large_image\" \/>\n<script type=\"application\/ld+json\" class=\"yoast-schema-graph\">{\"@context\":\"https:\\\/\\\/schema.org\",\"@graph\":[{\"@type\":\"WebPage\",\"@id\":\"https:\\\/\\\/www.urbanspot.si\\\/produkt\\\/urbie-sleeve-wonder-blue-ovitek-za-prenosnik-do-17\\\/\",\"url\":\"https:\\\/\\\/www.urbanspot.si\\\/produkt\\\/urbie-sleeve-wonder-blue-ovitek-za-prenosnik-do-17\\\/\",\"name\":\"Urbie Sleeve Wonder Blue ovitek za prenosnik do 17\\\" -\",\"isPartOf\":{\"@id\":\"https:\\\/\\\/www.urbanspot.si\\\/#website\"},\"primaryImageOfPage\":{\"@id\":\"https:\\\/\\\/www.urbanspot.si\\\/produkt\\\/urbie-sleeve-wonder-blue-ovitek-za-prenosnik-do-17\\\/#primaryimage\"},\"image\":{\"@id\":\"https:\\\/\\\/www.urbanspot.si\\\/produkt\\\/urbie-sleeve-wonder-blue-ovitek-za-prenosnik-do-17\\\/#primaryimage\"},\"thumbnailUrl\":\"https:\\\/\\\/www.urbanspot.si\\\/wp-content\\\/uploads\\\/urbie-sleeve-wonder-blue-ovitek-za-prenosnik-do-17.jpg\",\"datePublished\":\"2024-05-22T13:32:57+00:00\",\"dateModified\":\"2026-03-18T13:55:13+00:00\",\"breadcrumb\":{\"@id\":\"https:\\\/\\\/www.urbanspot.si\\\/produkt\\\/urbie-sleeve-wonder-blue-ovitek-za-prenosnik-do-17\\\/#breadcrumb\"},\"inLanguage\":\"hr\",\"potentialAction\":[{\"@type\":\"ReadAction\",\"target\":[\"https:\\\/\\\/www.urbanspot.si\\\/produkt\\\/urbie-sleeve-wonder-blue-ovitek-za-prenosnik-do-17\\\/\"]}]},{\"@type\":\"ImageObject\",\"inLanguage\":\"hr\",\"@id\":\"https:\\\/\\\/www.urbanspot.si\\\/produkt\\\/urbie-sleeve-wonder-blue-ovitek-za-prenosnik-do-17\\\/#primaryimage\",\"url\":\"https:\\\/\\\/www.urbanspot.si\\\/wp-content\\\/uploads\\\/urbie-sleeve-wonder-blue-ovitek-za-prenosnik-do-17.jpg\",\"contentUrl\":\"https:\\\/\\\/www.urbanspot.si\\\/wp-content\\\/uploads\\\/urbie-sleeve-wonder-blue-ovitek-za-prenosnik-do-17.jpg\",\"width\":1000,\"height\":1000,\"caption\":\"Urbie Sleeve Wonder Blue ovitek za prenosnik do 17\\\"\"},{\"@type\":\"BreadcrumbList\",\"@id\":\"https:\\\/\\\/www.urbanspot.si\\\/produkt\\\/urbie-sleeve-wonder-blue-ovitek-za-prenosnik-do-17\\\/#breadcrumb\",\"itemListElement\":[{\"@type\":\"ListItem\",\"position\":1,\"name\":\"Home\",\"item\":\"https:\\\/\\\/www.urbanspot.si\\\/\"},{\"@type\":\"ListItem\",\"position\":2,\"name\":\"Shop\",\"item\":\"https:\\\/\\\/www.urbanspot.si\\\/shop\\\/\"},{\"@type\":\"ListItem\",\"position\":3,\"name\":\"Urbie Sleeve Wonder Blue ovitek za prenosnik do 17&#8243;\"}]},{\"@type\":\"WebSite\",\"@id\":\"https:\\\/\\\/www.urbanspot.si\\\/#website\",\"url\":\"https:\\\/\\\/www.urbanspot.si\\\/\",\"name\":\"UrbanSpot\",\"description\":\"\",\"publisher\":{\"@id\":\"https:\\\/\\\/www.urbanspot.si\\\/#organization\"},\"potentialAction\":[{\"@type\":\"SearchAction\",\"target\":{\"@type\":\"EntryPoint\",\"urlTemplate\":\"https:\\\/\\\/www.urbanspot.si\\\/?s={search_term_string}\"},\"query-input\":{\"@type\":\"PropertyValueSpecification\",\"valueRequired\":true,\"valueName\":\"search_term_string\"}}],\"inLanguage\":\"hr\"},{\"@type\":\"Organization\",\"@id\":\"https:\\\/\\\/www.urbanspot.si\\\/#organization\",\"name\":\"UrbanSpot\",\"url\":\"https:\\\/\\\/www.urbanspot.si\\\/\",\"logo\":{\"@type\":\"ImageObject\",\"inLanguage\":\"hr\",\"@id\":\"https:\\\/\\\/www.urbanspot.si\\\/#\\\/schema\\\/logo\\\/image\\\/\",\"url\":\"https:\\\/\\\/www.urbanspot.si\\\/wp-content\\\/uploads\\\/urbanspot-logo.svg\",\"contentUrl\":\"https:\\\/\\\/www.urbanspot.si\\\/wp-content\\\/uploads\\\/urbanspot-logo.svg\",\"width\":185,\"height\":40,\"caption\":\"UrbanSpot\"},\"image\":{\"@id\":\"https:\\\/\\\/www.urbanspot.si\\\/#\\\/schema\\\/logo\\\/image\\\/\"},\"sameAs\":[\"https:\\\/\\\/www.facebook.com\\\/urbanspot.si\"]}]}<\/script>\n<!-- \/ Yoast SEO plugin. -->","yoast_head_json":{"title":"Urbie Sleeve Wonder Blue ovitek za prenosnik do 17\" -","robots":{"index":"index","follow":"follow","max-snippet":"max-snippet:-1","max-image-preview":"max-image-preview:large","max-video-preview":"max-video-preview:-1"},"canonical":"https:\/\/www.urbanspot.si\/hr\/proizvod-2\/urbie-sleeve-wonder-blue-ovitek-za-prenosnik-do-17\/","og_locale":"hr_HR","og_type":"article","og_title":"Urbie Sleeve Wonder Blue ovitek za prenosnik do 17\" -","og_description":"Ovitek Sleeve Wonder Blue je okra\u0161en z umirjenim cvetli\u010dnim vzorcem, ki mu daje \u017eenstven videz. Eleganten ovitek za prenosnik, zasnovan do 17-pal\u010dni prenosnik \/ tabli\u010dni ra\u010dunalnik. Ovitek je zelo prakti\u010den in eleganten.","og_url":"https:\/\/www.urbanspot.si\/hr\/proizvod-2\/urbie-sleeve-wonder-blue-ovitek-za-prenosnik-do-17\/","article_publisher":"https:\/\/www.facebook.com\/urbanspot.si","article_modified_time":"2026-03-18T13:55:13+00:00","og_image":[{"width":1000,"height":1000,"url":"https:\/\/www.urbanspot.si\/wp-content\/uploads\/urbie-sleeve-wonder-blue-ovitek-za-prenosnik-do-17.jpg","type":"image\/jpeg"}],"twitter_card":"summary_large_image","schema":{"@context":"https:\/\/schema.org","@graph":[{"@type":"WebPage","@id":"https:\/\/www.urbanspot.si\/produkt\/urbie-sleeve-wonder-blue-ovitek-za-prenosnik-do-17\/","url":"https:\/\/www.urbanspot.si\/produkt\/urbie-sleeve-wonder-blue-ovitek-za-prenosnik-do-17\/","name":"Urbie Sleeve Wonder Blue ovitek za prenosnik do 17\" -","isPartOf":{"@id":"https:\/\/www.urbanspot.si\/#website"},"primaryImageOfPage":{"@id":"https:\/\/www.urbanspot.si\/produkt\/urbie-sleeve-wonder-blue-ovitek-za-prenosnik-do-17\/#primaryimage"},"image":{"@id":"https:\/\/www.urbanspot.si\/produkt\/urbie-sleeve-wonder-blue-ovitek-za-prenosnik-do-17\/#primaryimage"},"thumbnailUrl":"https:\/\/www.urbanspot.si\/wp-content\/uploads\/urbie-sleeve-wonder-blue-ovitek-za-prenosnik-do-17.jpg","datePublished":"2024-05-22T13:32:57+00:00","dateModified":"2026-03-18T13:55:13+00:00","breadcrumb":{"@id":"https:\/\/www.urbanspot.si\/produkt\/urbie-sleeve-wonder-blue-ovitek-za-prenosnik-do-17\/#breadcrumb"},"inLanguage":"hr","potentialAction":[{"@type":"ReadAction","target":["https:\/\/www.urbanspot.si\/produkt\/urbie-sleeve-wonder-blue-ovitek-za-prenosnik-do-17\/"]}]},{"@type":"ImageObject","inLanguage":"hr","@id":"https:\/\/www.urbanspot.si\/produkt\/urbie-sleeve-wonder-blue-ovitek-za-prenosnik-do-17\/#primaryimage","url":"https:\/\/www.urbanspot.si\/wp-content\/uploads\/urbie-sleeve-wonder-blue-ovitek-za-prenosnik-do-17.jpg","contentUrl":"https:\/\/www.urbanspot.si\/wp-content\/uploads\/urbie-sleeve-wonder-blue-ovitek-za-prenosnik-do-17.jpg","width":1000,"height":1000,"caption":"Urbie Sleeve Wonder Blue ovitek za prenosnik do 17\""},{"@type":"BreadcrumbList","@id":"https:\/\/www.urbanspot.si\/produkt\/urbie-sleeve-wonder-blue-ovitek-za-prenosnik-do-17\/#breadcrumb","itemListElement":[{"@type":"ListItem","position":1,"name":"Home","item":"https:\/\/www.urbanspot.si\/"},{"@type":"ListItem","position":2,"name":"Shop","item":"https:\/\/www.urbanspot.si\/shop\/"},{"@type":"ListItem","position":3,"name":"Urbie Sleeve Wonder Blue ovitek za prenosnik do 17&#8243;"}]},{"@type":"WebSite","@id":"https:\/\/www.urbanspot.si\/#website","url":"https:\/\/www.urbanspot.si\/","name":"UrbanSpot","description":"","publisher":{"@id":"https:\/\/www.urbanspot.si\/#organization"},"potentialAction":[{"@type":"SearchAction","target":{"@type":"EntryPoint","urlTemplate":"https:\/\/www.urbanspot.si\/?s={search_term_string}"},"query-input":{"@type":"PropertyValueSpecification","valueRequired":true,"valueName":"search_term_string"}}],"inLanguage":"hr"},{"@type":"Organization","@id":"https:\/\/www.urbanspot.si\/#organization","name":"UrbanSpot","url":"https:\/\/www.urbanspot.si\/","logo":{"@type":"ImageObject","inLanguage":"hr","@id":"https:\/\/www.urbanspot.si\/#\/schema\/logo\/image\/","url":"https:\/\/www.urbanspot.si\/wp-content\/uploads\/urbanspot-logo.svg","contentUrl":"https:\/\/www.urbanspot.si\/wp-content\/uploads\/urbanspot-logo.svg","width":185,"height":40,"caption":"UrbanSpot"},"image":{"@id":"https:\/\/www.urbanspot.si\/#\/schema\/logo\/image\/"},"sameAs":["https:\/\/www.facebook.com\/urbanspot.si"]}]}},"_links":{"self":[{"href":"https:\/\/www.urbanspot.si\/hr\/wp-json\/wp\/v2\/product\/11981","targetHints":{"allow":["GET"]}}],"collection":[{"href":"https:\/\/www.urbanspot.si\/hr\/wp-json\/wp\/v2\/product"}],"about":[{"href":"https:\/\/www.urbanspot.si\/hr\/wp-json\/wp\/v2\/types\/product"}],"replies":[{"embeddable":true,"href":"https:\/\/www.urbanspot.si\/hr\/wp-json\/wp\/v2\/comments?post=11981"}],"version-history":[{"count":1,"href":"https:\/\/www.urbanspot.si\/hr\/wp-json\/wp\/v2\/product\/11981\/revisions"}],"predecessor-version":[{"id":11982,"href":"https:\/\/www.urbanspot.si\/hr\/wp-json\/wp\/v2\/product\/11981\/revisions\/11982"}],"wp:featuredmedia":[{"embeddable":true,"href":"https:\/\/www.urbanspot.si\/hr\/wp-json\/wp\/v2\/media\/11983"}],"wp:attachment":[{"href":"https:\/\/www.urbanspot.si\/hr\/wp-json\/wp\/v2\/media?parent=11981"}],"wp:term":[{"taxonomy":"product_brand","embeddable":true,"href":"https:\/\/www.urbanspot.si\/hr\/wp-json\/wp\/v2\/product_brand?post=11981"},{"taxonomy":"product_cat","embeddable":true,"href":"https:\/\/www.urbanspot.si\/hr\/wp-json\/wp\/v2\/product_cat?post=11981"},{"taxonomy":"product_tag","embeddable":true,"href":"https:\/\/www.urbanspot.si\/hr\/wp-json\/wp\/v2\/product_tag?post=11981"}],"curies":[{"name":"radni list","href":"https:\/\/api.w.org\/{rel}","templated":true}]}}