{"id":12017,"date":"2024-05-22T14:32:57","date_gmt":"2024-05-22T13:32:57","guid":{"rendered":"https:\/\/www.urbanspot.si\/product\/usb-kljuc-goodram-64gb\/"},"modified":"2026-03-18T15:55:12","modified_gmt":"2026-03-18T13:55:12","slug":"goodram-64gb-usb-kljuc","status":"publish","type":"product","link":"https:\/\/www.urbanspot.si\/hr\/produkt\/usb-kljuc-goodram-64gb\/","title":{"rendered":"GOODRAM USB klju\u010d, 64 GB"},"content":{"rendered":"<p>Goodram UME3 USB flash pogon, 64 GB, USB 3.0, naran\u010dasti Moderni USB flash pogon s posebnim dizajnom - poklopac se mo\u017ee postaviti na stra\u017enju stranu ku\u0107i\u0161ta tijekom kori\u0161tenja flash pogona kako ga ne biste izgubili. Flash pogon ima kapacitet od 64 GB. Svojim visokokvalitetnim komponentama nudi brzinu \u010ditanja do 60 MB\/s i brzinu pisanja do 20 MB\/s. Flash pogon ima prakti\u010dnu rupu koja vam omogu\u0107uje da ga pri\u010dvrstite na privjesak za klju\u010deve i nikada ga ne izgubite.<\/p>\n<p>\u00a0<\/p>\n<h3 class=\"pnl pnl--default con-left h3\">Tehni\u010dki detalji<\/h3>\n<table class=\"tbl tbl--condensed\">\n<tbody>\n<tr>\n<td>Kapacitet<\/td>\n<td><strong>64 GB<\/strong><\/td>\n<\/tr>\n<tr>\n<td>Su\u010delje<\/td>\n<td><strong>USB 3.0. kompatibilan s 3.1, 3.0, 2.0, 1.1<\/strong><\/td>\n<\/tr>\n<tr>\n<td>Maks. brzina pisanja<\/td>\n<td><strong>do 20 MB\/s<\/strong><\/td>\n<\/tr>\n<tr>\n<td>Maks. brzina \u010ditanja<\/td>\n<td><strong>do 60 MB\/s<\/strong><\/td>\n<\/tr>\n<tr>\n<td>za OS<\/td>\n<td><strong>Windows 2000 SP4 i noviji, MacOS 10.5.x i noviji, Linux v.2.6.x i noviji<\/strong>&lt;\/t<\/td>\n<\/tr>\n<tr>\n<td>Dimenzije<\/td>\n<td><strong>55,0 \u00d7 21,0 \u00d7 9,6 mm<\/strong><\/td>\n<\/tr>\n<tr>\n<td>Te\u017eina<\/td>\n<td><strong>9 grama<\/strong><\/td>\n<\/tr>\n<tr>\n<td>Boja<\/td>\n<td><strong>naran\u010dasta<\/strong><\/td>\n<\/tr>\n<\/tbody>\n<\/table>","protected":false},"excerpt":{"rendered":"<p>USB flash pogon od 64 GB ima brzinu \u010ditanja do 60 MB\/s i brzinu pisanja do 20 MB\/s, te prakti\u010dnu rupu za privjesak za klju\u010deve. Dostupan u naran\u010dastoj boji.<\/p>","protected":false},"featured_media":12019,"comment_status":"closed","ping_status":"open","template":"","meta":[],"product_brand":[],"product_cat":[104,91,393],"product_tag":[],"class_list":{"0":"post-12017","1":"product","2":"type-product","3":"status-publish","4":"has-post-thumbnail","6":"product_cat-dodatna-oprema","7":"product_cat-razprodaja","8":"product_cat-usb-kljucki-in-spominske-kartice","10":"first","11":"outofstock","12":"sale","13":"taxable","14":"shipping-taxable","15":"purchasable","16":"product-type-simple"},"yoast_head":"<!-- This site is optimized with the Yoast SEO plugin v27.4 - https:\/\/yoast.com\/product\/yoast-seo-wordpress\/ -->\n<title>USB klju\u010d GOODRAM, 64GB -<\/title>\n<meta name=\"robots\" content=\"index, follow, max-snippet:-1, max-image-preview:large, max-video-preview:-1\" \/>\n<link rel=\"canonical\" href=\"https:\/\/www.urbanspot.si\/hr\/proizvod-2\/goodram-64gb-usb-kljuc\/\" \/>\n<meta property=\"og:locale\" content=\"hr_HR\" \/>\n<meta property=\"og:type\" content=\"article\" \/>\n<meta property=\"og:title\" content=\"USB klju\u010d GOODRAM, 64GB -\" \/>\n<meta property=\"og:description\" content=\"USB klju\u010dek s kapaciteto 64 GB ima hitrost branja do 60 MB\/s in hitrost zapisa do 20 MB\/s, prakti\u010dno luknjo za obe\u0161anje na klju\u010de. Na voljo v oran\u017eni barvi.\" \/>\n<meta property=\"og:url\" content=\"https:\/\/www.urbanspot.si\/hr\/proizvod-2\/goodram-64gb-usb-kljuc\/\" \/>\n<meta property=\"article:publisher\" content=\"https:\/\/www.facebook.com\/urbanspot.si\" \/>\n<meta property=\"article:modified_time\" content=\"2026-03-18T13:55:12+00:00\" \/>\n<meta property=\"og:image\" content=\"https:\/\/www.urbanspot.si\/wp-content\/uploads\/usb-kljuc-goodram-64gb.jpg\" \/>\n\t<meta property=\"og:image:width\" content=\"1000\" \/>\n\t<meta property=\"og:image:height\" content=\"1000\" \/>\n\t<meta property=\"og:image:type\" content=\"image\/jpeg\" \/>\n<meta name=\"twitter:card\" content=\"summary_large_image\" \/>\n<meta name=\"twitter:label1\" content=\"Procijenjeno vrijeme \u010ditanja\" \/>\n\t<meta name=\"twitter:data1\" content=\"1 minuta\" \/>\n<script type=\"application\/ld+json\" class=\"yoast-schema-graph\">{\"@context\":\"https:\\\/\\\/schema.org\",\"@graph\":[{\"@type\":\"WebPage\",\"@id\":\"https:\\\/\\\/www.urbanspot.si\\\/produkt\\\/usb-kljuc-goodram-64gb\\\/\",\"url\":\"https:\\\/\\\/www.urbanspot.si\\\/produkt\\\/usb-kljuc-goodram-64gb\\\/\",\"name\":\"USB klju\u010d GOODRAM, 64GB -\",\"isPartOf\":{\"@id\":\"https:\\\/\\\/www.urbanspot.si\\\/#website\"},\"primaryImageOfPage\":{\"@id\":\"https:\\\/\\\/www.urbanspot.si\\\/produkt\\\/usb-kljuc-goodram-64gb\\\/#primaryimage\"},\"image\":{\"@id\":\"https:\\\/\\\/www.urbanspot.si\\\/produkt\\\/usb-kljuc-goodram-64gb\\\/#primaryimage\"},\"thumbnailUrl\":\"https:\\\/\\\/www.urbanspot.si\\\/wp-content\\\/uploads\\\/usb-kljuc-goodram-64gb.jpg\",\"datePublished\":\"2024-05-22T13:32:57+00:00\",\"dateModified\":\"2026-03-18T13:55:12+00:00\",\"breadcrumb\":{\"@id\":\"https:\\\/\\\/www.urbanspot.si\\\/produkt\\\/usb-kljuc-goodram-64gb\\\/#breadcrumb\"},\"inLanguage\":\"hr\",\"potentialAction\":[{\"@type\":\"ReadAction\",\"target\":[\"https:\\\/\\\/www.urbanspot.si\\\/produkt\\\/usb-kljuc-goodram-64gb\\\/\"]}]},{\"@type\":\"ImageObject\",\"inLanguage\":\"hr\",\"@id\":\"https:\\\/\\\/www.urbanspot.si\\\/produkt\\\/usb-kljuc-goodram-64gb\\\/#primaryimage\",\"url\":\"https:\\\/\\\/www.urbanspot.si\\\/wp-content\\\/uploads\\\/usb-kljuc-goodram-64gb.jpg\",\"contentUrl\":\"https:\\\/\\\/www.urbanspot.si\\\/wp-content\\\/uploads\\\/usb-kljuc-goodram-64gb.jpg\",\"width\":1000,\"height\":1000,\"caption\":\"USB klju\u010d GOODRAM\"},{\"@type\":\"BreadcrumbList\",\"@id\":\"https:\\\/\\\/www.urbanspot.si\\\/produkt\\\/usb-kljuc-goodram-64gb\\\/#breadcrumb\",\"itemListElement\":[{\"@type\":\"ListItem\",\"position\":1,\"name\":\"Home\",\"item\":\"https:\\\/\\\/www.urbanspot.si\\\/\"},{\"@type\":\"ListItem\",\"position\":2,\"name\":\"Shop\",\"item\":\"https:\\\/\\\/www.urbanspot.si\\\/shop\\\/\"},{\"@type\":\"ListItem\",\"position\":3,\"name\":\"USB klju\u010d GOODRAM, 64GB\"}]},{\"@type\":\"WebSite\",\"@id\":\"https:\\\/\\\/www.urbanspot.si\\\/#website\",\"url\":\"https:\\\/\\\/www.urbanspot.si\\\/\",\"name\":\"UrbanSpot\",\"description\":\"\",\"publisher\":{\"@id\":\"https:\\\/\\\/www.urbanspot.si\\\/#organization\"},\"potentialAction\":[{\"@type\":\"SearchAction\",\"target\":{\"@type\":\"EntryPoint\",\"urlTemplate\":\"https:\\\/\\\/www.urbanspot.si\\\/?s={search_term_string}\"},\"query-input\":{\"@type\":\"PropertyValueSpecification\",\"valueRequired\":true,\"valueName\":\"search_term_string\"}}],\"inLanguage\":\"hr\"},{\"@type\":\"Organization\",\"@id\":\"https:\\\/\\\/www.urbanspot.si\\\/#organization\",\"name\":\"UrbanSpot\",\"url\":\"https:\\\/\\\/www.urbanspot.si\\\/\",\"logo\":{\"@type\":\"ImageObject\",\"inLanguage\":\"hr\",\"@id\":\"https:\\\/\\\/www.urbanspot.si\\\/#\\\/schema\\\/logo\\\/image\\\/\",\"url\":\"https:\\\/\\\/www.urbanspot.si\\\/wp-content\\\/uploads\\\/urbanspot-logo.svg\",\"contentUrl\":\"https:\\\/\\\/www.urbanspot.si\\\/wp-content\\\/uploads\\\/urbanspot-logo.svg\",\"width\":185,\"height\":40,\"caption\":\"UrbanSpot\"},\"image\":{\"@id\":\"https:\\\/\\\/www.urbanspot.si\\\/#\\\/schema\\\/logo\\\/image\\\/\"},\"sameAs\":[\"https:\\\/\\\/www.facebook.com\\\/urbanspot.si\"]}]}<\/script>\n<!-- \/ Yoast SEO plugin. -->","yoast_head_json":{"title":"GOODRAM USB flash pogon, 64 GB -","robots":{"index":"index","follow":"follow","max-snippet":"max-snippet:-1","max-image-preview":"max-image-preview:large","max-video-preview":"max-video-preview:-1"},"canonical":"https:\/\/www.urbanspot.si\/hr\/proizvod-2\/goodram-64gb-usb-kljuc\/","og_locale":"hr_HR","og_type":"article","og_title":"USB klju\u010d GOODRAM, 64GB -","og_description":"USB klju\u010dek s kapaciteto 64 GB ima hitrost branja do 60 MB\/s in hitrost zapisa do 20 MB\/s, prakti\u010dno luknjo za obe\u0161anje na klju\u010de. Na voljo v oran\u017eni barvi.","og_url":"https:\/\/www.urbanspot.si\/hr\/proizvod-2\/goodram-64gb-usb-kljuc\/","article_publisher":"https:\/\/www.facebook.com\/urbanspot.si","article_modified_time":"2026-03-18T13:55:12+00:00","og_image":[{"width":1000,"height":1000,"url":"https:\/\/www.urbanspot.si\/wp-content\/uploads\/usb-kljuc-goodram-64gb.jpg","type":"image\/jpeg"}],"twitter_card":"summary_large_image","twitter_misc":{"Procijenjeno vrijeme \u010ditanja":"1 minuta"},"schema":{"@context":"https:\/\/schema.org","@graph":[{"@type":"WebPage","@id":"https:\/\/www.urbanspot.si\/produkt\/usb-kljuc-goodram-64gb\/","url":"https:\/\/www.urbanspot.si\/produkt\/usb-kljuc-goodram-64gb\/","name":"GOODRAM USB flash pogon, 64 GB -","isPartOf":{"@id":"https:\/\/www.urbanspot.si\/#website"},"primaryImageOfPage":{"@id":"https:\/\/www.urbanspot.si\/produkt\/usb-kljuc-goodram-64gb\/#primaryimage"},"image":{"@id":"https:\/\/www.urbanspot.si\/produkt\/usb-kljuc-goodram-64gb\/#primaryimage"},"thumbnailUrl":"https:\/\/www.urbanspot.si\/wp-content\/uploads\/usb-kljuc-goodram-64gb.jpg","datePublished":"2024-05-22T13:32:57+00:00","dateModified":"2026-03-18T13:55:12+00:00","breadcrumb":{"@id":"https:\/\/www.urbanspot.si\/produkt\/usb-kljuc-goodram-64gb\/#breadcrumb"},"inLanguage":"hr","potentialAction":[{"@type":"ReadAction","target":["https:\/\/www.urbanspot.si\/produkt\/usb-kljuc-goodram-64gb\/"]}]},{"@type":"ImageObject","inLanguage":"hr","@id":"https:\/\/www.urbanspot.si\/produkt\/usb-kljuc-goodram-64gb\/#primaryimage","url":"https:\/\/www.urbanspot.si\/wp-content\/uploads\/usb-kljuc-goodram-64gb.jpg","contentUrl":"https:\/\/www.urbanspot.si\/wp-content\/uploads\/usb-kljuc-goodram-64gb.jpg","width":1000,"height":1000,"caption":"USB klju\u010d GOODRAM"},{"@type":"BreadcrumbList","@id":"https:\/\/www.urbanspot.si\/produkt\/usb-kljuc-goodram-64gb\/#breadcrumb","itemListElement":[{"@type":"ListItem","position":1,"name":"Home","item":"https:\/\/www.urbanspot.si\/"},{"@type":"ListItem","position":2,"name":"Shop","item":"https:\/\/www.urbanspot.si\/shop\/"},{"@type":"ListItem","position":3,"name":"USB klju\u010d GOODRAM, 64GB"}]},{"@type":"WebSite","@id":"https:\/\/www.urbanspot.si\/#website","url":"https:\/\/www.urbanspot.si\/","name":"UrbanSpot","description":"","publisher":{"@id":"https:\/\/www.urbanspot.si\/#organization"},"potentialAction":[{"@type":"SearchAction","target":{"@type":"EntryPoint","urlTemplate":"https:\/\/www.urbanspot.si\/?s={search_term_string}"},"query-input":{"@type":"PropertyValueSpecification","valueRequired":true,"valueName":"search_term_string"}}],"inLanguage":"hr"},{"@type":"Organization","@id":"https:\/\/www.urbanspot.si\/#organization","name":"UrbanSpot","url":"https:\/\/www.urbanspot.si\/","logo":{"@type":"ImageObject","inLanguage":"hr","@id":"https:\/\/www.urbanspot.si\/#\/schema\/logo\/image\/","url":"https:\/\/www.urbanspot.si\/wp-content\/uploads\/urbanspot-logo.svg","contentUrl":"https:\/\/www.urbanspot.si\/wp-content\/uploads\/urbanspot-logo.svg","width":185,"height":40,"caption":"UrbanSpot"},"image":{"@id":"https:\/\/www.urbanspot.si\/#\/schema\/logo\/image\/"},"sameAs":["https:\/\/www.facebook.com\/urbanspot.si"]}]}},"_links":{"self":[{"href":"https:\/\/www.urbanspot.si\/hr\/wp-json\/wp\/v2\/product\/12017","targetHints":{"allow":["GET"]}}],"collection":[{"href":"https:\/\/www.urbanspot.si\/hr\/wp-json\/wp\/v2\/product"}],"about":[{"href":"https:\/\/www.urbanspot.si\/hr\/wp-json\/wp\/v2\/types\/product"}],"replies":[{"embeddable":true,"href":"https:\/\/www.urbanspot.si\/hr\/wp-json\/wp\/v2\/comments?post=12017"}],"version-history":[{"count":1,"href":"https:\/\/www.urbanspot.si\/hr\/wp-json\/wp\/v2\/product\/12017\/revisions"}],"predecessor-version":[{"id":12018,"href":"https:\/\/www.urbanspot.si\/hr\/wp-json\/wp\/v2\/product\/12017\/revisions\/12018"}],"wp:featuredmedia":[{"embeddable":true,"href":"https:\/\/www.urbanspot.si\/hr\/wp-json\/wp\/v2\/media\/12019"}],"wp:attachment":[{"href":"https:\/\/www.urbanspot.si\/hr\/wp-json\/wp\/v2\/media?parent=12017"}],"wp:term":[{"taxonomy":"product_brand","embeddable":true,"href":"https:\/\/www.urbanspot.si\/hr\/wp-json\/wp\/v2\/product_brand?post=12017"},{"taxonomy":"product_cat","embeddable":true,"href":"https:\/\/www.urbanspot.si\/hr\/wp-json\/wp\/v2\/product_cat?post=12017"},{"taxonomy":"product_tag","embeddable":true,"href":"https:\/\/www.urbanspot.si\/hr\/wp-json\/wp\/v2\/product_tag?post=12017"}],"curies":[{"name":"radni list","href":"https:\/\/api.w.org\/{rel}","templated":true}]}}