{"id":12078,"date":"2024-05-22T14:33:17","date_gmt":"2024-05-22T13:33:17","guid":{"rendered":"https:\/\/www.urbanspot.si\/product\/spigen-zascitni-ovitek-rose-floral-samsung-galaxy-s22\/"},"modified":"2026-03-18T15:55:08","modified_gmt":"2026-03-18T13:55:08","slug":"spigen-zastitna-futrola-s-ruzicastim-cvjetnim-uzorkom-za-samsung-galaxy-s22","status":"publish","type":"product","link":"https:\/\/www.urbanspot.si\/hr\/produkt\/spigen-zascitni-ovitek-rose-floral-samsung-galaxy-s22\/","title":{"rendered":"Za\u0161titna futrola Spigen Rose Floral za Samsung Galaxy S22"},"content":{"rendered":"<p>Spigen maskica izra\u0111ena je od visokokvalitetnih materijala koji \u0161tite telefon od svakodnevne prljav\u0161tine, ogrebotina i udaraca.<\/p>\n<p>\u00a0<\/p>\n<p>Zna\u010dajke:<\/p>\n<ul>\n<li>Prozirno s uzorcima.<\/li>\n<li>Savr\u0161eno pristaje telefonu.<\/li>\n<li>Tanka i prikladna futrola za d\u017eep.<\/li>\n<li>Omogu\u0107uje be\u017ei\u010dno punjenje.<\/li>\n<li>\u0160titi od udaraca, prljav\u0161tine, padova, ogrebotina i drugih o\u0161te\u0107enja<\/li>\n<li>Moderan izgled<\/li>\n<li>Materijal: visokokvalitetni TPU<\/li>\n<\/ul>","protected":false},"excerpt":{"rendered":"<p>Futrola Rose Floral ne odlikuje se samo iznimnom kvalitetom, ve\u0107 i dizajnom. Prozirna futrola s uzorkom osigurat \u0107e potpuno prirodan izgled va\u0161eg telefona, a istovremeno pru\u017ea izvrsnu za\u0161titu.<\/p>","protected":false},"featured_media":12080,"comment_status":"closed","ping_status":"open","template":"","meta":[],"product_brand":[],"product_cat":[385,560,91,88,89],"product_tag":[],"class_list":{"0":"post-12078","1":"product","2":"type-product","3":"status-publish","4":"has-post-thumbnail","6":"product_cat-galaxy-s22","7":"product_cat-ovitki-za-telefone","8":"product_cat-razprodaja","9":"product_cat-samsung","10":"product_cat-samsung-s-serija","11":"pa_primerno-za-model-samsung-galaxy-s22","12":"pa_primerno-za-proizvajalca-samsung","14":"first","15":"outofstock","16":"sale","17":"taxable","18":"shipping-taxable","19":"purchasable","20":"product-type-simple"},"yoast_head":"<!-- This site is optimized with the Yoast SEO plugin v27.2 - https:\/\/yoast.com\/product\/yoast-seo-wordpress\/ -->\n<title>Spigen za\u0161\u010ditni ovitek Rose Floral, Samsung Galaxy S22 -<\/title>\n<meta name=\"robots\" content=\"index, follow, max-snippet:-1, max-image-preview:large, max-video-preview:-1\" \/>\n<link rel=\"canonical\" href=\"https:\/\/www.urbanspot.si\/hr\/proizvod-2\/spigen-zastitna-futrola-s-ruzicastim-cvjetnim-uzorkom-za-samsung-galaxy-s22\/\" \/>\n<meta property=\"og:locale\" content=\"hr_HR\" \/>\n<meta property=\"og:type\" content=\"article\" \/>\n<meta property=\"og:title\" content=\"Spigen za\u0161\u010ditni ovitek Rose Floral, Samsung Galaxy S22 -\" \/>\n<meta property=\"og:description\" content=\"Ovitka Rose Floral ne odlikuje le izjemna kakovost, temve\u010d tudi dizajn. Prozoren ovitek z vzorcem bo poskrbel za popolnoma naraven videz telefona, kljub temu pa bo le ta odli\u010dno za\u0161\u010diten.\" \/>\n<meta property=\"og:url\" content=\"https:\/\/www.urbanspot.si\/hr\/proizvod-2\/spigen-zastitna-futrola-s-ruzicastim-cvjetnim-uzorkom-za-samsung-galaxy-s22\/\" \/>\n<meta property=\"article:publisher\" content=\"https:\/\/www.facebook.com\/urbanspot.si\" \/>\n<meta property=\"article:modified_time\" content=\"2026-03-18T13:55:08+00:00\" \/>\n<meta property=\"og:image\" content=\"https:\/\/www.urbanspot.si\/wp-content\/uploads\/spigen-zascitni-ovitek-rose-floral-samsung-galaxy-s22.jpg\" \/>\n\t<meta property=\"og:image:width\" content=\"1000\" \/>\n\t<meta property=\"og:image:height\" content=\"1000\" \/>\n\t<meta property=\"og:image:type\" content=\"image\/jpeg\" \/>\n<meta name=\"twitter:card\" content=\"summary_large_image\" \/>\n<script type=\"application\/ld+json\" class=\"yoast-schema-graph\">{\"@context\":\"https:\/\/schema.org\",\"@graph\":[{\"@type\":\"WebPage\",\"@id\":\"https:\/\/www.urbanspot.si\/produkt\/spigen-zascitni-ovitek-rose-floral-samsung-galaxy-s22\/\",\"url\":\"https:\/\/www.urbanspot.si\/produkt\/spigen-zascitni-ovitek-rose-floral-samsung-galaxy-s22\/\",\"name\":\"Spigen za\u0161\u010ditni ovitek Rose Floral, Samsung Galaxy S22 -\",\"isPartOf\":{\"@id\":\"https:\/\/www.urbanspot.si\/#website\"},\"primaryImageOfPage\":{\"@id\":\"https:\/\/www.urbanspot.si\/produkt\/spigen-zascitni-ovitek-rose-floral-samsung-galaxy-s22\/#primaryimage\"},\"image\":{\"@id\":\"https:\/\/www.urbanspot.si\/produkt\/spigen-zascitni-ovitek-rose-floral-samsung-galaxy-s22\/#primaryimage\"},\"thumbnailUrl\":\"https:\/\/www.urbanspot.si\/wp-content\/uploads\/spigen-zascitni-ovitek-rose-floral-samsung-galaxy-s22.jpg\",\"datePublished\":\"2024-05-22T13:33:17+00:00\",\"dateModified\":\"2026-03-18T13:55:08+00:00\",\"breadcrumb\":{\"@id\":\"https:\/\/www.urbanspot.si\/produkt\/spigen-zascitni-ovitek-rose-floral-samsung-galaxy-s22\/#breadcrumb\"},\"inLanguage\":\"hr\",\"potentialAction\":[{\"@type\":\"ReadAction\",\"target\":[\"https:\/\/www.urbanspot.si\/produkt\/spigen-zascitni-ovitek-rose-floral-samsung-galaxy-s22\/\"]}]},{\"@type\":\"ImageObject\",\"inLanguage\":\"hr\",\"@id\":\"https:\/\/www.urbanspot.si\/produkt\/spigen-zascitni-ovitek-rose-floral-samsung-galaxy-s22\/#primaryimage\",\"url\":\"https:\/\/www.urbanspot.si\/wp-content\/uploads\/spigen-zascitni-ovitek-rose-floral-samsung-galaxy-s22.jpg\",\"contentUrl\":\"https:\/\/www.urbanspot.si\/wp-content\/uploads\/spigen-zascitni-ovitek-rose-floral-samsung-galaxy-s22.jpg\",\"width\":1000,\"height\":1000,\"caption\":\"Spigen za\u0161\u010ditni ovitek Rose Floral\"},{\"@type\":\"BreadcrumbList\",\"@id\":\"https:\/\/www.urbanspot.si\/produkt\/spigen-zascitni-ovitek-rose-floral-samsung-galaxy-s22\/#breadcrumb\",\"itemListElement\":[{\"@type\":\"ListItem\",\"position\":1,\"name\":\"Home\",\"item\":\"https:\/\/www.urbanspot.si\/\"},{\"@type\":\"ListItem\",\"position\":2,\"name\":\"Shop\",\"item\":\"https:\/\/www.urbanspot.si\/shop\/\"},{\"@type\":\"ListItem\",\"position\":3,\"name\":\"Spigen za\u0161\u010ditni ovitek Rose Floral, Samsung Galaxy S22\"}]},{\"@type\":\"WebSite\",\"@id\":\"https:\/\/www.urbanspot.si\/#website\",\"url\":\"https:\/\/www.urbanspot.si\/\",\"name\":\"UrbanSpot\",\"description\":\"\",\"publisher\":{\"@id\":\"https:\/\/www.urbanspot.si\/#organization\"},\"potentialAction\":[{\"@type\":\"SearchAction\",\"target\":{\"@type\":\"EntryPoint\",\"urlTemplate\":\"https:\/\/www.urbanspot.si\/?s={search_term_string}\"},\"query-input\":{\"@type\":\"PropertyValueSpecification\",\"valueRequired\":true,\"valueName\":\"search_term_string\"}}],\"inLanguage\":\"hr\"},{\"@type\":\"Organization\",\"@id\":\"https:\/\/www.urbanspot.si\/#organization\",\"name\":\"UrbanSpot\",\"url\":\"https:\/\/www.urbanspot.si\/\",\"logo\":{\"@type\":\"ImageObject\",\"inLanguage\":\"hr\",\"@id\":\"https:\/\/www.urbanspot.si\/#\/schema\/logo\/image\/\",\"url\":\"https:\/\/www.urbanspot.si\/wp-content\/uploads\/urbanspot-logo.svg\",\"contentUrl\":\"https:\/\/www.urbanspot.si\/wp-content\/uploads\/urbanspot-logo.svg\",\"width\":185,\"height\":40,\"caption\":\"UrbanSpot\"},\"image\":{\"@id\":\"https:\/\/www.urbanspot.si\/#\/schema\/logo\/image\/\"},\"sameAs\":[\"https:\/\/www.facebook.com\/urbanspot.si\"]}]}<\/script>\n<!-- \/ Yoast SEO plugin. -->","yoast_head_json":{"title":"Spigen za\u0161\u010ditni ovitek Rose Floral, Samsung Galaxy S22 -","robots":{"index":"index","follow":"follow","max-snippet":"max-snippet:-1","max-image-preview":"max-image-preview:large","max-video-preview":"max-video-preview:-1"},"canonical":"https:\/\/www.urbanspot.si\/hr\/proizvod-2\/spigen-zastitna-futrola-s-ruzicastim-cvjetnim-uzorkom-za-samsung-galaxy-s22\/","og_locale":"hr_HR","og_type":"article","og_title":"Spigen za\u0161\u010ditni ovitek Rose Floral, Samsung Galaxy S22 -","og_description":"Ovitka Rose Floral ne odlikuje le izjemna kakovost, temve\u010d tudi dizajn. Prozoren ovitek z vzorcem bo poskrbel za popolnoma naraven videz telefona, kljub temu pa bo le ta odli\u010dno za\u0161\u010diten.","og_url":"https:\/\/www.urbanspot.si\/hr\/proizvod-2\/spigen-zastitna-futrola-s-ruzicastim-cvjetnim-uzorkom-za-samsung-galaxy-s22\/","article_publisher":"https:\/\/www.facebook.com\/urbanspot.si","article_modified_time":"2026-03-18T13:55:08+00:00","og_image":[{"width":1000,"height":1000,"url":"https:\/\/www.urbanspot.si\/wp-content\/uploads\/spigen-zascitni-ovitek-rose-floral-samsung-galaxy-s22.jpg","type":"image\/jpeg"}],"twitter_card":"summary_large_image","schema":{"@context":"https:\/\/schema.org","@graph":[{"@type":"WebPage","@id":"https:\/\/www.urbanspot.si\/produkt\/spigen-zascitni-ovitek-rose-floral-samsung-galaxy-s22\/","url":"https:\/\/www.urbanspot.si\/produkt\/spigen-zascitni-ovitek-rose-floral-samsung-galaxy-s22\/","name":"Spigen za\u0161\u010ditni ovitek Rose Floral, Samsung Galaxy S22 -","isPartOf":{"@id":"https:\/\/www.urbanspot.si\/#website"},"primaryImageOfPage":{"@id":"https:\/\/www.urbanspot.si\/produkt\/spigen-zascitni-ovitek-rose-floral-samsung-galaxy-s22\/#primaryimage"},"image":{"@id":"https:\/\/www.urbanspot.si\/produkt\/spigen-zascitni-ovitek-rose-floral-samsung-galaxy-s22\/#primaryimage"},"thumbnailUrl":"https:\/\/www.urbanspot.si\/wp-content\/uploads\/spigen-zascitni-ovitek-rose-floral-samsung-galaxy-s22.jpg","datePublished":"2024-05-22T13:33:17+00:00","dateModified":"2026-03-18T13:55:08+00:00","breadcrumb":{"@id":"https:\/\/www.urbanspot.si\/produkt\/spigen-zascitni-ovitek-rose-floral-samsung-galaxy-s22\/#breadcrumb"},"inLanguage":"hr","potentialAction":[{"@type":"ReadAction","target":["https:\/\/www.urbanspot.si\/produkt\/spigen-zascitni-ovitek-rose-floral-samsung-galaxy-s22\/"]}]},{"@type":"ImageObject","inLanguage":"hr","@id":"https:\/\/www.urbanspot.si\/produkt\/spigen-zascitni-ovitek-rose-floral-samsung-galaxy-s22\/#primaryimage","url":"https:\/\/www.urbanspot.si\/wp-content\/uploads\/spigen-zascitni-ovitek-rose-floral-samsung-galaxy-s22.jpg","contentUrl":"https:\/\/www.urbanspot.si\/wp-content\/uploads\/spigen-zascitni-ovitek-rose-floral-samsung-galaxy-s22.jpg","width":1000,"height":1000,"caption":"Spigen za\u0161\u010ditni ovitek Rose Floral"},{"@type":"BreadcrumbList","@id":"https:\/\/www.urbanspot.si\/produkt\/spigen-zascitni-ovitek-rose-floral-samsung-galaxy-s22\/#breadcrumb","itemListElement":[{"@type":"ListItem","position":1,"name":"Home","item":"https:\/\/www.urbanspot.si\/"},{"@type":"ListItem","position":2,"name":"Shop","item":"https:\/\/www.urbanspot.si\/shop\/"},{"@type":"ListItem","position":3,"name":"Spigen za\u0161\u010ditni ovitek Rose Floral, Samsung Galaxy S22"}]},{"@type":"WebSite","@id":"https:\/\/www.urbanspot.si\/#website","url":"https:\/\/www.urbanspot.si\/","name":"UrbanSpot","description":"","publisher":{"@id":"https:\/\/www.urbanspot.si\/#organization"},"potentialAction":[{"@type":"SearchAction","target":{"@type":"EntryPoint","urlTemplate":"https:\/\/www.urbanspot.si\/?s={search_term_string}"},"query-input":{"@type":"PropertyValueSpecification","valueRequired":true,"valueName":"search_term_string"}}],"inLanguage":"hr"},{"@type":"Organization","@id":"https:\/\/www.urbanspot.si\/#organization","name":"UrbanSpot","url":"https:\/\/www.urbanspot.si\/","logo":{"@type":"ImageObject","inLanguage":"hr","@id":"https:\/\/www.urbanspot.si\/#\/schema\/logo\/image\/","url":"https:\/\/www.urbanspot.si\/wp-content\/uploads\/urbanspot-logo.svg","contentUrl":"https:\/\/www.urbanspot.si\/wp-content\/uploads\/urbanspot-logo.svg","width":185,"height":40,"caption":"UrbanSpot"},"image":{"@id":"https:\/\/www.urbanspot.si\/#\/schema\/logo\/image\/"},"sameAs":["https:\/\/www.facebook.com\/urbanspot.si"]}]}},"_links":{"self":[{"href":"https:\/\/www.urbanspot.si\/hr\/wp-json\/wp\/v2\/product\/12078","targetHints":{"allow":["GET"]}}],"collection":[{"href":"https:\/\/www.urbanspot.si\/hr\/wp-json\/wp\/v2\/product"}],"about":[{"href":"https:\/\/www.urbanspot.si\/hr\/wp-json\/wp\/v2\/types\/product"}],"replies":[{"embeddable":true,"href":"https:\/\/www.urbanspot.si\/hr\/wp-json\/wp\/v2\/comments?post=12078"}],"version-history":[{"count":1,"href":"https:\/\/www.urbanspot.si\/hr\/wp-json\/wp\/v2\/product\/12078\/revisions"}],"predecessor-version":[{"id":12079,"href":"https:\/\/www.urbanspot.si\/hr\/wp-json\/wp\/v2\/product\/12078\/revisions\/12079"}],"wp:featuredmedia":[{"embeddable":true,"href":"https:\/\/www.urbanspot.si\/hr\/wp-json\/wp\/v2\/media\/12080"}],"wp:attachment":[{"href":"https:\/\/www.urbanspot.si\/hr\/wp-json\/wp\/v2\/media?parent=12078"}],"wp:term":[{"taxonomy":"product_brand","embeddable":true,"href":"https:\/\/www.urbanspot.si\/hr\/wp-json\/wp\/v2\/product_brand?post=12078"},{"taxonomy":"product_cat","embeddable":true,"href":"https:\/\/www.urbanspot.si\/hr\/wp-json\/wp\/v2\/product_cat?post=12078"},{"taxonomy":"product_tag","embeddable":true,"href":"https:\/\/www.urbanspot.si\/hr\/wp-json\/wp\/v2\/product_tag?post=12078"}],"curies":[{"name":"radni list","href":"https:\/\/api.w.org\/{rel}","templated":true}]}}