{"id":12115,"date":"2024-05-22T14:33:17","date_gmt":"2024-05-22T13:33:17","guid":{"rendered":"https:\/\/www.urbanspot.si\/product\/ovitek-urbie-kingxbar-luxury-pearl-pink-iphone-13-pro\/"},"modified":"2026-03-19T16:05:25","modified_gmt":"2026-03-19T14:05:25","slug":"urbie-kingxbar-luxury-pearl-pink-futrola-za-iphone-13-pro","status":"publish","type":"product","link":"https:\/\/www.urbanspot.si\/hr\/produkt\/ovitek-urbie-kingxbar-luxury-pearl-pink-iphone-13-pro\/","title":{"rendered":"Urbie Kingxbar luksuzna biserno ru\u017ei\u010dasta maskica za iPhone 13 Pro"},"content":{"rendered":"<p>Za\u0161titna futrola Urbie Kingxbar Luxury Pearl Pink I:\u00a0<\/p>\n<ul>\n<li>\u2013 Navlaka izra\u0111ena od visokokvalitetnog silikonskog materijala s visokom razinom izdr\u017eljivosti<\/li>\n<li>\u2013 Mekan i ugodan materijal na dodir<\/li>\n<li>- Pokriva sve bo\u010dne strane i stra\u017enju stranu telefona\u00a0<\/li>\n<li>\u2013 Besplatan pristup svim funkcijama telefona\u00a0<\/li>\n<li>\u2013 Prekrasan dizajn i boja<\/li>\n<li>\u2013 Izvrsna za\u0161tita va\u0161eg telefona od vibracija, udaraca i padova, ogrebotina, prljav\u0161tine i pra\u0161ine.<\/li>\n<li>\u2013 Blago podignuti rub ku\u0107i\u0161ta \u0161titi objektiv kamere od ogrebotina<\/li>\n<li>\u2013 Instalirajte i uklonite za nekoliko sekundi<\/li>\n<li>\u2013 Materijal dobro apsorbira udarce i padove te \u0161titi od udubljenja i ogrebotina.<\/li>\n<li>\u2013 Fleksibilni rubovi olak\u0161avaju ugradnju<\/li>\n<\/ul>\n<pre id=\"tw-target-text\" class=\"tw-data-text tw-text-large tw-ta\" dir=\"ltr\" data-placeholder=\"Translation\">\u00a0<\/pre>\n<p>\u00a0<\/p>","protected":false},"excerpt":{"rendered":"<p>Luxuzno ru\u017ei\u010dasto ku\u0107i\u0161te Urbia Kingxbar Pearl za iPhone 13 Pro \u0161titi stra\u017enju stranu i bo\u010dne stranice ure\u0111aja te je izra\u0111eno od materijala koji \u0161tite telefon od ogrebotina i o\u0161te\u0107enja u slu\u010daju udaraca ili padova. Originalna struktura i nijanse koje podsje\u0107aju na prirodne bisere zasigurno \u0107e se svidjeti ljubiteljima elegantnih, \u017eenstvenih dodataka.<\/p>","protected":false},"featured_media":12117,"comment_status":"closed","ping_status":"closed","template":"","meta":[],"product_brand":[],"product_cat":[92,250,335,560,91],"product_tag":[],"class_list":{"0":"post-12115","1":"product","2":"type-product","3":"status-publish","4":"has-post-thumbnail","6":"product_cat-apple","7":"product_cat-apple-iphone-13-serija","8":"product_cat-iphone-13-pro-apple-iphone-13-serija","9":"product_cat-ovitki-za-telefone","10":"product_cat-razprodaja","11":"pa_primerno-za-model-iphone-13-pro","12":"pa_primerno-za-proizvajalca-apple","14":"first","15":"instock","16":"sale","17":"taxable","18":"shipping-taxable","19":"purchasable","20":"product-type-simple"},"yoast_head":"<!-- This site is optimized with the Yoast SEO plugin v27.4 - https:\/\/yoast.com\/product\/yoast-seo-wordpress\/ -->\n<title>Ovitek Urbie Kingxbar Luxury Pearl Pink Iphone 13 Pro -<\/title>\n<meta name=\"robots\" content=\"index, follow, max-snippet:-1, max-image-preview:large, max-video-preview:-1\" \/>\n<link rel=\"canonical\" href=\"https:\/\/www.urbanspot.si\/hr\/proizvod-2\/urbie-kingxbar-luxury-pearl-pink-futrola-za-iphone-13-pro\/\" \/>\n<meta property=\"og:locale\" content=\"hr_HR\" \/>\n<meta property=\"og:type\" content=\"article\" \/>\n<meta property=\"og:title\" content=\"Ovitek Urbie Kingxbar Luxury Pearl Pink Iphone 13 Pro -\" \/>\n<meta property=\"og:description\" content=\"Ovitek Urbie Kingxbar Luxury Pearl Pink ovitek za Iphone 13 Pro, ki \u0161\u010diti hrbet in stranice naprave, je izdelan iz materialov, ki v primeru udarcev ali udarcev poskrbijo za telefon in ga zavarujejo pred praskami in po\u0161kodbami. Izvirna struktura in odtenki, ki se nana\u0161ajo na naravni biser, bodo zagotovo prepri\u010dali ljubliteljice elegantnih, \u017eenstvenih dodatkov.\" \/>\n<meta property=\"og:url\" content=\"https:\/\/www.urbanspot.si\/hr\/proizvod-2\/urbie-kingxbar-luxury-pearl-pink-futrola-za-iphone-13-pro\/\" \/>\n<meta property=\"article:publisher\" content=\"https:\/\/www.facebook.com\/urbanspot.si\" \/>\n<meta property=\"article:modified_time\" content=\"2026-03-19T14:05:25+00:00\" \/>\n<meta property=\"og:image\" content=\"https:\/\/www.urbanspot.si\/wp-content\/uploads\/ovitek-urbie-kingxbar-luxury-pearl-pink-iphone-13-pro.jpg\" \/>\n\t<meta property=\"og:image:width\" content=\"1000\" \/>\n\t<meta property=\"og:image:height\" content=\"1000\" \/>\n\t<meta property=\"og:image:type\" content=\"image\/jpeg\" \/>\n<meta name=\"twitter:card\" content=\"summary_large_image\" \/>\n<meta name=\"twitter:label1\" content=\"Procijenjeno vrijeme \u010ditanja\" \/>\n\t<meta name=\"twitter:data1\" content=\"1 minuta\" \/>\n<script type=\"application\/ld+json\" class=\"yoast-schema-graph\">{\"@context\":\"https:\\\/\\\/schema.org\",\"@graph\":[{\"@type\":\"WebPage\",\"@id\":\"https:\\\/\\\/www.urbanspot.si\\\/produkt\\\/ovitek-urbie-kingxbar-luxury-pearl-pink-iphone-13-pro\\\/\",\"url\":\"https:\\\/\\\/www.urbanspot.si\\\/produkt\\\/ovitek-urbie-kingxbar-luxury-pearl-pink-iphone-13-pro\\\/\",\"name\":\"Ovitek Urbie Kingxbar Luxury Pearl Pink Iphone 13 Pro -\",\"isPartOf\":{\"@id\":\"https:\\\/\\\/www.urbanspot.si\\\/#website\"},\"primaryImageOfPage\":{\"@id\":\"https:\\\/\\\/www.urbanspot.si\\\/produkt\\\/ovitek-urbie-kingxbar-luxury-pearl-pink-iphone-13-pro\\\/#primaryimage\"},\"image\":{\"@id\":\"https:\\\/\\\/www.urbanspot.si\\\/produkt\\\/ovitek-urbie-kingxbar-luxury-pearl-pink-iphone-13-pro\\\/#primaryimage\"},\"thumbnailUrl\":\"https:\\\/\\\/www.urbanspot.si\\\/wp-content\\\/uploads\\\/ovitek-urbie-kingxbar-luxury-pearl-pink-iphone-13-pro.jpg\",\"datePublished\":\"2024-05-22T13:33:17+00:00\",\"dateModified\":\"2026-03-19T14:05:25+00:00\",\"breadcrumb\":{\"@id\":\"https:\\\/\\\/www.urbanspot.si\\\/produkt\\\/ovitek-urbie-kingxbar-luxury-pearl-pink-iphone-13-pro\\\/#breadcrumb\"},\"inLanguage\":\"hr\",\"potentialAction\":[{\"@type\":\"ReadAction\",\"target\":[\"https:\\\/\\\/www.urbanspot.si\\\/produkt\\\/ovitek-urbie-kingxbar-luxury-pearl-pink-iphone-13-pro\\\/\"]}]},{\"@type\":\"ImageObject\",\"inLanguage\":\"hr\",\"@id\":\"https:\\\/\\\/www.urbanspot.si\\\/produkt\\\/ovitek-urbie-kingxbar-luxury-pearl-pink-iphone-13-pro\\\/#primaryimage\",\"url\":\"https:\\\/\\\/www.urbanspot.si\\\/wp-content\\\/uploads\\\/ovitek-urbie-kingxbar-luxury-pearl-pink-iphone-13-pro.jpg\",\"contentUrl\":\"https:\\\/\\\/www.urbanspot.si\\\/wp-content\\\/uploads\\\/ovitek-urbie-kingxbar-luxury-pearl-pink-iphone-13-pro.jpg\",\"width\":1000,\"height\":1000,\"caption\":\"Ovitek Urbie Kingxbar Luxury Pearl Pink Iphone 13 Pro\"},{\"@type\":\"BreadcrumbList\",\"@id\":\"https:\\\/\\\/www.urbanspot.si\\\/produkt\\\/ovitek-urbie-kingxbar-luxury-pearl-pink-iphone-13-pro\\\/#breadcrumb\",\"itemListElement\":[{\"@type\":\"ListItem\",\"position\":1,\"name\":\"Home\",\"item\":\"https:\\\/\\\/www.urbanspot.si\\\/\"},{\"@type\":\"ListItem\",\"position\":2,\"name\":\"Shop\",\"item\":\"https:\\\/\\\/www.urbanspot.si\\\/shop\\\/\"},{\"@type\":\"ListItem\",\"position\":3,\"name\":\"Ovitek Urbie Kingxbar Luxury Pearl Pink Iphone 13 Pro\"}]},{\"@type\":\"WebSite\",\"@id\":\"https:\\\/\\\/www.urbanspot.si\\\/#website\",\"url\":\"https:\\\/\\\/www.urbanspot.si\\\/\",\"name\":\"UrbanSpot\",\"description\":\"\",\"publisher\":{\"@id\":\"https:\\\/\\\/www.urbanspot.si\\\/#organization\"},\"potentialAction\":[{\"@type\":\"SearchAction\",\"target\":{\"@type\":\"EntryPoint\",\"urlTemplate\":\"https:\\\/\\\/www.urbanspot.si\\\/?s={search_term_string}\"},\"query-input\":{\"@type\":\"PropertyValueSpecification\",\"valueRequired\":true,\"valueName\":\"search_term_string\"}}],\"inLanguage\":\"hr\"},{\"@type\":\"Organization\",\"@id\":\"https:\\\/\\\/www.urbanspot.si\\\/#organization\",\"name\":\"UrbanSpot\",\"url\":\"https:\\\/\\\/www.urbanspot.si\\\/\",\"logo\":{\"@type\":\"ImageObject\",\"inLanguage\":\"hr\",\"@id\":\"https:\\\/\\\/www.urbanspot.si\\\/#\\\/schema\\\/logo\\\/image\\\/\",\"url\":\"https:\\\/\\\/www.urbanspot.si\\\/wp-content\\\/uploads\\\/urbanspot-logo.svg\",\"contentUrl\":\"https:\\\/\\\/www.urbanspot.si\\\/wp-content\\\/uploads\\\/urbanspot-logo.svg\",\"width\":185,\"height\":40,\"caption\":\"UrbanSpot\"},\"image\":{\"@id\":\"https:\\\/\\\/www.urbanspot.si\\\/#\\\/schema\\\/logo\\\/image\\\/\"},\"sameAs\":[\"https:\\\/\\\/www.facebook.com\\\/urbanspot.si\"]}]}<\/script>\n<!-- \/ Yoast SEO plugin. -->","yoast_head_json":{"title":"Urbia Kingxbar Luxury Pearl Pink futrola za iPhone 13 Pro -","robots":{"index":"index","follow":"follow","max-snippet":"max-snippet:-1","max-image-preview":"max-image-preview:large","max-video-preview":"max-video-preview:-1"},"canonical":"https:\/\/www.urbanspot.si\/hr\/proizvod-2\/urbie-kingxbar-luxury-pearl-pink-futrola-za-iphone-13-pro\/","og_locale":"hr_HR","og_type":"article","og_title":"Ovitek Urbie Kingxbar Luxury Pearl Pink Iphone 13 Pro -","og_description":"Ovitek Urbie Kingxbar Luxury Pearl Pink ovitek za Iphone 13 Pro, ki \u0161\u010diti hrbet in stranice naprave, je izdelan iz materialov, ki v primeru udarcev ali udarcev poskrbijo za telefon in ga zavarujejo pred praskami in po\u0161kodbami. Izvirna struktura in odtenki, ki se nana\u0161ajo na naravni biser, bodo zagotovo prepri\u010dali ljubliteljice elegantnih, \u017eenstvenih dodatkov.","og_url":"https:\/\/www.urbanspot.si\/hr\/proizvod-2\/urbie-kingxbar-luxury-pearl-pink-futrola-za-iphone-13-pro\/","article_publisher":"https:\/\/www.facebook.com\/urbanspot.si","article_modified_time":"2026-03-19T14:05:25+00:00","og_image":[{"width":1000,"height":1000,"url":"https:\/\/www.urbanspot.si\/wp-content\/uploads\/ovitek-urbie-kingxbar-luxury-pearl-pink-iphone-13-pro.jpg","type":"image\/jpeg"}],"twitter_card":"summary_large_image","twitter_misc":{"Procijenjeno vrijeme \u010ditanja":"1 minuta"},"schema":{"@context":"https:\/\/schema.org","@graph":[{"@type":"WebPage","@id":"https:\/\/www.urbanspot.si\/produkt\/ovitek-urbie-kingxbar-luxury-pearl-pink-iphone-13-pro\/","url":"https:\/\/www.urbanspot.si\/produkt\/ovitek-urbie-kingxbar-luxury-pearl-pink-iphone-13-pro\/","name":"Urbia Kingxbar Luxury Pearl Pink futrola za iPhone 13 Pro -","isPartOf":{"@id":"https:\/\/www.urbanspot.si\/#website"},"primaryImageOfPage":{"@id":"https:\/\/www.urbanspot.si\/produkt\/ovitek-urbie-kingxbar-luxury-pearl-pink-iphone-13-pro\/#primaryimage"},"image":{"@id":"https:\/\/www.urbanspot.si\/produkt\/ovitek-urbie-kingxbar-luxury-pearl-pink-iphone-13-pro\/#primaryimage"},"thumbnailUrl":"https:\/\/www.urbanspot.si\/wp-content\/uploads\/ovitek-urbie-kingxbar-luxury-pearl-pink-iphone-13-pro.jpg","datePublished":"2024-05-22T13:33:17+00:00","dateModified":"2026-03-19T14:05:25+00:00","breadcrumb":{"@id":"https:\/\/www.urbanspot.si\/produkt\/ovitek-urbie-kingxbar-luxury-pearl-pink-iphone-13-pro\/#breadcrumb"},"inLanguage":"hr","potentialAction":[{"@type":"ReadAction","target":["https:\/\/www.urbanspot.si\/produkt\/ovitek-urbie-kingxbar-luxury-pearl-pink-iphone-13-pro\/"]}]},{"@type":"ImageObject","inLanguage":"hr","@id":"https:\/\/www.urbanspot.si\/produkt\/ovitek-urbie-kingxbar-luxury-pearl-pink-iphone-13-pro\/#primaryimage","url":"https:\/\/www.urbanspot.si\/wp-content\/uploads\/ovitek-urbie-kingxbar-luxury-pearl-pink-iphone-13-pro.jpg","contentUrl":"https:\/\/www.urbanspot.si\/wp-content\/uploads\/ovitek-urbie-kingxbar-luxury-pearl-pink-iphone-13-pro.jpg","width":1000,"height":1000,"caption":"Ovitek Urbie Kingxbar Luxury Pearl Pink Iphone 13 Pro"},{"@type":"BreadcrumbList","@id":"https:\/\/www.urbanspot.si\/produkt\/ovitek-urbie-kingxbar-luxury-pearl-pink-iphone-13-pro\/#breadcrumb","itemListElement":[{"@type":"ListItem","position":1,"name":"Home","item":"https:\/\/www.urbanspot.si\/"},{"@type":"ListItem","position":2,"name":"Shop","item":"https:\/\/www.urbanspot.si\/shop\/"},{"@type":"ListItem","position":3,"name":"Ovitek Urbie Kingxbar Luxury Pearl Pink Iphone 13 Pro"}]},{"@type":"WebSite","@id":"https:\/\/www.urbanspot.si\/#website","url":"https:\/\/www.urbanspot.si\/","name":"UrbanSpot","description":"","publisher":{"@id":"https:\/\/www.urbanspot.si\/#organization"},"potentialAction":[{"@type":"SearchAction","target":{"@type":"EntryPoint","urlTemplate":"https:\/\/www.urbanspot.si\/?s={search_term_string}"},"query-input":{"@type":"PropertyValueSpecification","valueRequired":true,"valueName":"search_term_string"}}],"inLanguage":"hr"},{"@type":"Organization","@id":"https:\/\/www.urbanspot.si\/#organization","name":"UrbanSpot","url":"https:\/\/www.urbanspot.si\/","logo":{"@type":"ImageObject","inLanguage":"hr","@id":"https:\/\/www.urbanspot.si\/#\/schema\/logo\/image\/","url":"https:\/\/www.urbanspot.si\/wp-content\/uploads\/urbanspot-logo.svg","contentUrl":"https:\/\/www.urbanspot.si\/wp-content\/uploads\/urbanspot-logo.svg","width":185,"height":40,"caption":"UrbanSpot"},"image":{"@id":"https:\/\/www.urbanspot.si\/#\/schema\/logo\/image\/"},"sameAs":["https:\/\/www.facebook.com\/urbanspot.si"]}]}},"_links":{"self":[{"href":"https:\/\/www.urbanspot.si\/hr\/wp-json\/wp\/v2\/product\/12115","targetHints":{"allow":["GET"]}}],"collection":[{"href":"https:\/\/www.urbanspot.si\/hr\/wp-json\/wp\/v2\/product"}],"about":[{"href":"https:\/\/www.urbanspot.si\/hr\/wp-json\/wp\/v2\/types\/product"}],"replies":[{"embeddable":true,"href":"https:\/\/www.urbanspot.si\/hr\/wp-json\/wp\/v2\/comments?post=12115"}],"version-history":[{"count":1,"href":"https:\/\/www.urbanspot.si\/hr\/wp-json\/wp\/v2\/product\/12115\/revisions"}],"predecessor-version":[{"id":12116,"href":"https:\/\/www.urbanspot.si\/hr\/wp-json\/wp\/v2\/product\/12115\/revisions\/12116"}],"wp:featuredmedia":[{"embeddable":true,"href":"https:\/\/www.urbanspot.si\/hr\/wp-json\/wp\/v2\/media\/12117"}],"wp:attachment":[{"href":"https:\/\/www.urbanspot.si\/hr\/wp-json\/wp\/v2\/media?parent=12115"}],"wp:term":[{"taxonomy":"product_brand","embeddable":true,"href":"https:\/\/www.urbanspot.si\/hr\/wp-json\/wp\/v2\/product_brand?post=12115"},{"taxonomy":"product_cat","embeddable":true,"href":"https:\/\/www.urbanspot.si\/hr\/wp-json\/wp\/v2\/product_cat?post=12115"},{"taxonomy":"product_tag","embeddable":true,"href":"https:\/\/www.urbanspot.si\/hr\/wp-json\/wp\/v2\/product_tag?post=12115"}],"curies":[{"name":"radni list","href":"https:\/\/api.w.org\/{rel}","templated":true}]}}