{"id":12121,"date":"2024-05-22T14:33:17","date_gmt":"2024-05-22T13:33:17","guid":{"rendered":"https:\/\/www.urbanspot.si\/product\/zascitni-ovitek-spigen-cyrill-classic-charm-black-iphone-13\/"},"modified":"2026-03-18T15:55:07","modified_gmt":"2026-03-18T13:55:07","slug":"zastitna-maskica-spigen-cyrill-classic-charm-crna-za-iphone-13","status":"publish","type":"product","link":"https:\/\/www.urbanspot.si\/hr\/produkt\/zascitni-ovitek-spigen-cyrill-classic-charm-black-iphone-13\/","title":{"rendered":"Spigen Cyrill Classic Charm crna za\u0161titna maskica za iPhone 13"},"content":{"rendered":"<p>Spigen Cyrill Charm Classic maskica izra\u0111ena je od visokokvalitetnih materijala koji \u0161tite va\u0161 telefon od svakodnevne prljav\u0161tine, ogrebotina i udaraca. Classic Charm je dobro izra\u0111ena maskica klasi\u010dnog dizajna. Zajedno s prilo\u017eenom remenom stvaraju elegantan dvojac koji \u0107e se svidjeti i najzahtjevnijim korisnicima.<\/p>\n<p>Zna\u010dajke:<\/p>\n<ul>\n<li>Savr\u0161eno pristaje telefonu<\/li>\n<li>Tanka i d\u017eepna torbica<\/li>\n<li>Omogu\u0107uje be\u017ei\u010dno punjenje.<\/li>\n<li>Tanak i izdr\u017eljiv<\/li>\n<li>Minimalisti\u010dki dizajn<\/li>\n<li>Modno i elegantno<\/li>\n<li>Tvrdo, visokokvalitetno polikarbonatno ku\u0107i\u0161te<\/li>\n<li>Fleksibilan i mekan TPU okvir.<\/li>\n<li>Futrolu mo\u017eete nositi na dva na\u010dina, kao prakti\u010dnu torbicu ili kao remen.<\/li>\n<\/ul>\n<pre id=\"tw-target-text\" class=\"tw-data-text tw-text-large tw-ta\" dir=\"ltr\" data-placeholder=\"Translation\"><\/pre>","protected":false},"excerpt":{"rendered":"<p>Futrola Spigen Cyrill Classic Charm Black ne odlikuje se samo iznimnom kvalitetom, ve\u0107 i dizajnom. Silikonska futrola koja \u0161titi va\u0161 pametni telefon od ogrebotina, prljav\u0161tine i udaraca. Dobro pristaje i ugodna je na dodir. Zajedno s prilo\u017eenom remenom stvaraju elegantan dvojac koji \u0107e se svidjeti i najzahtjevnijim korisnicima.<\/p>","protected":false},"featured_media":12123,"comment_status":"closed","ping_status":"closed","template":"","meta":[],"product_brand":[],"product_cat":[92,250,331,560,91],"product_tag":[],"class_list":{"0":"post-12121","1":"product","2":"type-product","3":"status-publish","4":"has-post-thumbnail","6":"product_cat-apple","7":"product_cat-apple-iphone-13-serija","8":"product_cat-iphone-13-apple-iphone-13-serija","9":"product_cat-ovitki-za-telefone","10":"product_cat-razprodaja","11":"pa_primerno-za-model-iphone-13","12":"pa_primerno-za-proizvajalca-apple","14":"first","15":"outofstock","16":"sale","17":"taxable","18":"shipping-taxable","19":"purchasable","20":"product-type-simple"},"yoast_head":"<!-- This site is optimized with the Yoast SEO plugin v27.4 - https:\/\/yoast.com\/product\/yoast-seo-wordpress\/ -->\n<title>Za\u0161\u010ditni ovitek Spigen Cyrill Classic Charm Black, Iphone 13 -<\/title>\n<meta name=\"robots\" content=\"index, follow, max-snippet:-1, max-image-preview:large, max-video-preview:-1\" \/>\n<link rel=\"canonical\" href=\"https:\/\/www.urbanspot.si\/hr\/proizvod-2\/zastitna-maskica-spigen-cyrill-classic-charm-crna-za-iphone-13\/\" \/>\n<meta property=\"og:locale\" content=\"hr_HR\" \/>\n<meta property=\"og:type\" content=\"article\" \/>\n<meta property=\"og:title\" content=\"Za\u0161\u010ditni ovitek Spigen Cyrill Classic Charm Black, Iphone 13 -\" \/>\n<meta property=\"og:description\" content=\"Ovitka Spigen Cyrill Classic Charm Black ne odlikuje le izjemna kakovost, temve\u010d tudi dizajn. Silikonski ovoj, ki va\u0161emu pametnemu telefonu nudi za\u0161\u010dito pred praskami, umazanijo in udarci. Dobro prileganje in prijeten na otip.Skupaj s prilo\u017eenim pa\u0161\u010dkom ustvarita eleganten duo, ki bo v\u0161e\u010d tudi najzahtevnej\u0161im uporabnikom.\" \/>\n<meta property=\"og:url\" content=\"https:\/\/www.urbanspot.si\/hr\/proizvod-2\/zastitna-maskica-spigen-cyrill-classic-charm-crna-za-iphone-13\/\" \/>\n<meta property=\"article:publisher\" content=\"https:\/\/www.facebook.com\/urbanspot.si\" \/>\n<meta property=\"article:modified_time\" content=\"2026-03-18T13:55:07+00:00\" \/>\n<meta property=\"og:image\" content=\"https:\/\/www.urbanspot.si\/wp-content\/uploads\/zascitni-ovitek-spigen-cyrill-classic-charm-black-iphone-13.jpg\" \/>\n\t<meta property=\"og:image:width\" content=\"1000\" \/>\n\t<meta property=\"og:image:height\" content=\"1000\" \/>\n\t<meta property=\"og:image:type\" content=\"image\/jpeg\" \/>\n<meta name=\"twitter:card\" content=\"summary_large_image\" \/>\n<script type=\"application\/ld+json\" class=\"yoast-schema-graph\">{\"@context\":\"https:\\\/\\\/schema.org\",\"@graph\":[{\"@type\":\"WebPage\",\"@id\":\"https:\\\/\\\/www.urbanspot.si\\\/produkt\\\/zascitni-ovitek-spigen-cyrill-classic-charm-black-iphone-13\\\/\",\"url\":\"https:\\\/\\\/www.urbanspot.si\\\/produkt\\\/zascitni-ovitek-spigen-cyrill-classic-charm-black-iphone-13\\\/\",\"name\":\"Za\u0161\u010ditni ovitek Spigen Cyrill Classic Charm Black, Iphone 13 -\",\"isPartOf\":{\"@id\":\"https:\\\/\\\/www.urbanspot.si\\\/#website\"},\"primaryImageOfPage\":{\"@id\":\"https:\\\/\\\/www.urbanspot.si\\\/produkt\\\/zascitni-ovitek-spigen-cyrill-classic-charm-black-iphone-13\\\/#primaryimage\"},\"image\":{\"@id\":\"https:\\\/\\\/www.urbanspot.si\\\/produkt\\\/zascitni-ovitek-spigen-cyrill-classic-charm-black-iphone-13\\\/#primaryimage\"},\"thumbnailUrl\":\"https:\\\/\\\/www.urbanspot.si\\\/wp-content\\\/uploads\\\/zascitni-ovitek-spigen-cyrill-classic-charm-black-iphone-13.jpg\",\"datePublished\":\"2024-05-22T13:33:17+00:00\",\"dateModified\":\"2026-03-18T13:55:07+00:00\",\"breadcrumb\":{\"@id\":\"https:\\\/\\\/www.urbanspot.si\\\/produkt\\\/zascitni-ovitek-spigen-cyrill-classic-charm-black-iphone-13\\\/#breadcrumb\"},\"inLanguage\":\"hr\",\"potentialAction\":[{\"@type\":\"ReadAction\",\"target\":[\"https:\\\/\\\/www.urbanspot.si\\\/produkt\\\/zascitni-ovitek-spigen-cyrill-classic-charm-black-iphone-13\\\/\"]}]},{\"@type\":\"ImageObject\",\"inLanguage\":\"hr\",\"@id\":\"https:\\\/\\\/www.urbanspot.si\\\/produkt\\\/zascitni-ovitek-spigen-cyrill-classic-charm-black-iphone-13\\\/#primaryimage\",\"url\":\"https:\\\/\\\/www.urbanspot.si\\\/wp-content\\\/uploads\\\/zascitni-ovitek-spigen-cyrill-classic-charm-black-iphone-13.jpg\",\"contentUrl\":\"https:\\\/\\\/www.urbanspot.si\\\/wp-content\\\/uploads\\\/zascitni-ovitek-spigen-cyrill-classic-charm-black-iphone-13.jpg\",\"width\":1000,\"height\":1000,\"caption\":\"Za\u0161\u010ditni ovitek Spigen Cyrill Classic Charm Black\"},{\"@type\":\"BreadcrumbList\",\"@id\":\"https:\\\/\\\/www.urbanspot.si\\\/produkt\\\/zascitni-ovitek-spigen-cyrill-classic-charm-black-iphone-13\\\/#breadcrumb\",\"itemListElement\":[{\"@type\":\"ListItem\",\"position\":1,\"name\":\"Home\",\"item\":\"https:\\\/\\\/www.urbanspot.si\\\/\"},{\"@type\":\"ListItem\",\"position\":2,\"name\":\"Shop\",\"item\":\"https:\\\/\\\/www.urbanspot.si\\\/shop\\\/\"},{\"@type\":\"ListItem\",\"position\":3,\"name\":\"Za\u0161\u010ditni ovitek Spigen Cyrill Classic Charm Black, Iphone 13\"}]},{\"@type\":\"WebSite\",\"@id\":\"https:\\\/\\\/www.urbanspot.si\\\/#website\",\"url\":\"https:\\\/\\\/www.urbanspot.si\\\/\",\"name\":\"UrbanSpot\",\"description\":\"\",\"publisher\":{\"@id\":\"https:\\\/\\\/www.urbanspot.si\\\/#organization\"},\"potentialAction\":[{\"@type\":\"SearchAction\",\"target\":{\"@type\":\"EntryPoint\",\"urlTemplate\":\"https:\\\/\\\/www.urbanspot.si\\\/?s={search_term_string}\"},\"query-input\":{\"@type\":\"PropertyValueSpecification\",\"valueRequired\":true,\"valueName\":\"search_term_string\"}}],\"inLanguage\":\"hr\"},{\"@type\":\"Organization\",\"@id\":\"https:\\\/\\\/www.urbanspot.si\\\/#organization\",\"name\":\"UrbanSpot\",\"url\":\"https:\\\/\\\/www.urbanspot.si\\\/\",\"logo\":{\"@type\":\"ImageObject\",\"inLanguage\":\"hr\",\"@id\":\"https:\\\/\\\/www.urbanspot.si\\\/#\\\/schema\\\/logo\\\/image\\\/\",\"url\":\"https:\\\/\\\/www.urbanspot.si\\\/wp-content\\\/uploads\\\/urbanspot-logo.svg\",\"contentUrl\":\"https:\\\/\\\/www.urbanspot.si\\\/wp-content\\\/uploads\\\/urbanspot-logo.svg\",\"width\":185,\"height\":40,\"caption\":\"UrbanSpot\"},\"image\":{\"@id\":\"https:\\\/\\\/www.urbanspot.si\\\/#\\\/schema\\\/logo\\\/image\\\/\"},\"sameAs\":[\"https:\\\/\\\/www.facebook.com\\\/urbanspot.si\"]}]}<\/script>\n<!-- \/ Yoast SEO plugin. -->","yoast_head_json":{"title":"Za\u0161\u010ditni ovitek Spigen Cyrill Classic Charm Black, Iphone 13 -","robots":{"index":"index","follow":"follow","max-snippet":"max-snippet:-1","max-image-preview":"max-image-preview:large","max-video-preview":"max-video-preview:-1"},"canonical":"https:\/\/www.urbanspot.si\/hr\/proizvod-2\/zastitna-maskica-spigen-cyrill-classic-charm-crna-za-iphone-13\/","og_locale":"hr_HR","og_type":"article","og_title":"Za\u0161\u010ditni ovitek Spigen Cyrill Classic Charm Black, Iphone 13 -","og_description":"Ovitka Spigen Cyrill Classic Charm Black ne odlikuje le izjemna kakovost, temve\u010d tudi dizajn. Silikonski ovoj, ki va\u0161emu pametnemu telefonu nudi za\u0161\u010dito pred praskami, umazanijo in udarci. Dobro prileganje in prijeten na otip.Skupaj s prilo\u017eenim pa\u0161\u010dkom ustvarita eleganten duo, ki bo v\u0161e\u010d tudi najzahtevnej\u0161im uporabnikom.","og_url":"https:\/\/www.urbanspot.si\/hr\/proizvod-2\/zastitna-maskica-spigen-cyrill-classic-charm-crna-za-iphone-13\/","article_publisher":"https:\/\/www.facebook.com\/urbanspot.si","article_modified_time":"2026-03-18T13:55:07+00:00","og_image":[{"width":1000,"height":1000,"url":"https:\/\/www.urbanspot.si\/wp-content\/uploads\/zascitni-ovitek-spigen-cyrill-classic-charm-black-iphone-13.jpg","type":"image\/jpeg"}],"twitter_card":"summary_large_image","schema":{"@context":"https:\/\/schema.org","@graph":[{"@type":"WebPage","@id":"https:\/\/www.urbanspot.si\/produkt\/zascitni-ovitek-spigen-cyrill-classic-charm-black-iphone-13\/","url":"https:\/\/www.urbanspot.si\/produkt\/zascitni-ovitek-spigen-cyrill-classic-charm-black-iphone-13\/","name":"Za\u0161\u010ditni ovitek Spigen Cyrill Classic Charm Black, Iphone 13 -","isPartOf":{"@id":"https:\/\/www.urbanspot.si\/#website"},"primaryImageOfPage":{"@id":"https:\/\/www.urbanspot.si\/produkt\/zascitni-ovitek-spigen-cyrill-classic-charm-black-iphone-13\/#primaryimage"},"image":{"@id":"https:\/\/www.urbanspot.si\/produkt\/zascitni-ovitek-spigen-cyrill-classic-charm-black-iphone-13\/#primaryimage"},"thumbnailUrl":"https:\/\/www.urbanspot.si\/wp-content\/uploads\/zascitni-ovitek-spigen-cyrill-classic-charm-black-iphone-13.jpg","datePublished":"2024-05-22T13:33:17+00:00","dateModified":"2026-03-18T13:55:07+00:00","breadcrumb":{"@id":"https:\/\/www.urbanspot.si\/produkt\/zascitni-ovitek-spigen-cyrill-classic-charm-black-iphone-13\/#breadcrumb"},"inLanguage":"hr","potentialAction":[{"@type":"ReadAction","target":["https:\/\/www.urbanspot.si\/produkt\/zascitni-ovitek-spigen-cyrill-classic-charm-black-iphone-13\/"]}]},{"@type":"ImageObject","inLanguage":"hr","@id":"https:\/\/www.urbanspot.si\/produkt\/zascitni-ovitek-spigen-cyrill-classic-charm-black-iphone-13\/#primaryimage","url":"https:\/\/www.urbanspot.si\/wp-content\/uploads\/zascitni-ovitek-spigen-cyrill-classic-charm-black-iphone-13.jpg","contentUrl":"https:\/\/www.urbanspot.si\/wp-content\/uploads\/zascitni-ovitek-spigen-cyrill-classic-charm-black-iphone-13.jpg","width":1000,"height":1000,"caption":"Za\u0161\u010ditni ovitek Spigen Cyrill Classic Charm Black"},{"@type":"BreadcrumbList","@id":"https:\/\/www.urbanspot.si\/produkt\/zascitni-ovitek-spigen-cyrill-classic-charm-black-iphone-13\/#breadcrumb","itemListElement":[{"@type":"ListItem","position":1,"name":"Home","item":"https:\/\/www.urbanspot.si\/"},{"@type":"ListItem","position":2,"name":"Shop","item":"https:\/\/www.urbanspot.si\/shop\/"},{"@type":"ListItem","position":3,"name":"Za\u0161\u010ditni ovitek Spigen Cyrill Classic Charm Black, Iphone 13"}]},{"@type":"WebSite","@id":"https:\/\/www.urbanspot.si\/#website","url":"https:\/\/www.urbanspot.si\/","name":"UrbanSpot","description":"","publisher":{"@id":"https:\/\/www.urbanspot.si\/#organization"},"potentialAction":[{"@type":"SearchAction","target":{"@type":"EntryPoint","urlTemplate":"https:\/\/www.urbanspot.si\/?s={search_term_string}"},"query-input":{"@type":"PropertyValueSpecification","valueRequired":true,"valueName":"search_term_string"}}],"inLanguage":"hr"},{"@type":"Organization","@id":"https:\/\/www.urbanspot.si\/#organization","name":"UrbanSpot","url":"https:\/\/www.urbanspot.si\/","logo":{"@type":"ImageObject","inLanguage":"hr","@id":"https:\/\/www.urbanspot.si\/#\/schema\/logo\/image\/","url":"https:\/\/www.urbanspot.si\/wp-content\/uploads\/urbanspot-logo.svg","contentUrl":"https:\/\/www.urbanspot.si\/wp-content\/uploads\/urbanspot-logo.svg","width":185,"height":40,"caption":"UrbanSpot"},"image":{"@id":"https:\/\/www.urbanspot.si\/#\/schema\/logo\/image\/"},"sameAs":["https:\/\/www.facebook.com\/urbanspot.si"]}]}},"_links":{"self":[{"href":"https:\/\/www.urbanspot.si\/hr\/wp-json\/wp\/v2\/product\/12121","targetHints":{"allow":["GET"]}}],"collection":[{"href":"https:\/\/www.urbanspot.si\/hr\/wp-json\/wp\/v2\/product"}],"about":[{"href":"https:\/\/www.urbanspot.si\/hr\/wp-json\/wp\/v2\/types\/product"}],"replies":[{"embeddable":true,"href":"https:\/\/www.urbanspot.si\/hr\/wp-json\/wp\/v2\/comments?post=12121"}],"version-history":[{"count":2,"href":"https:\/\/www.urbanspot.si\/hr\/wp-json\/wp\/v2\/product\/12121\/revisions"}],"predecessor-version":[{"id":18756,"href":"https:\/\/www.urbanspot.si\/hr\/wp-json\/wp\/v2\/product\/12121\/revisions\/18756"}],"wp:featuredmedia":[{"embeddable":true,"href":"https:\/\/www.urbanspot.si\/hr\/wp-json\/wp\/v2\/media\/12123"}],"wp:attachment":[{"href":"https:\/\/www.urbanspot.si\/hr\/wp-json\/wp\/v2\/media?parent=12121"}],"wp:term":[{"taxonomy":"product_brand","embeddable":true,"href":"https:\/\/www.urbanspot.si\/hr\/wp-json\/wp\/v2\/product_brand?post=12121"},{"taxonomy":"product_cat","embeddable":true,"href":"https:\/\/www.urbanspot.si\/hr\/wp-json\/wp\/v2\/product_cat?post=12121"},{"taxonomy":"product_tag","embeddable":true,"href":"https:\/\/www.urbanspot.si\/hr\/wp-json\/wp\/v2\/product_tag?post=12121"}],"curies":[{"name":"radni list","href":"https:\/\/api.w.org\/{rel}","templated":true}]}}