{"id":12570,"date":"2024-05-22T14:34:41","date_gmt":"2024-05-22T13:34:41","guid":{"rendered":"https:\/\/www.urbanspot.si\/product\/guess-triangle-logo-pink-torba-za-prenosnike-do-16\/"},"modified":"2026-03-18T15:54:52","modified_gmt":"2026-03-18T13:54:52","slug":"guess-torba-za-laptop-s-trokutastim-logotipom-ruzicasta-do-16-godina","status":"publish","type":"product","link":"https:\/\/www.urbanspot.si\/hr\/produkt\/guess-triangle-logo-pink-torba-za-prenosnike-do-16\/","title":{"rendered":"Guess torba za laptop s trokutastim logotipom, ru\u017ei\u010dasta, do 16&quot;"},"content":{"rendered":"<p>S Guess Triangle Logo torbom mo\u017eete ponijeti svoj laptop bilo gdje. Bit \u0107e za\u0161ti\u0107en od ogrebotina, udaraca i prljav\u0161tine.<\/p>\n<p>Torba ima ru\u010dku za no\u0161enje u ruci i podesivi remen od 60 cm do 130 cm, tako da je mo\u017eete nositi i preko ramena. Glavni odjeljak ima podstavljeni d\u017eep za laptop i dva odvojena d\u017eepa za pribor. Torba, koja se zatvara dvostrukim patentnim zatvara\u010dem, ima i jedan vanjski d\u017eep koji se zatvara ugra\u0111enim magnetima.<\/p>\n<p><strong>Zna\u010dajke:<\/strong><\/p>\n<ul>\n<li>Materijal: Umjetna ko\u017ea s cvjetnim printom<\/li>\n<li>Boja: Roza s uzorkom<\/li>\n<li>Dimenzije: 40 cm x 30 cm<\/li>\n<li>Pogodno za: laptope do 16&quot;<\/li>\n<\/ul>","protected":false},"excerpt":{"rendered":"<p>Moderna i elegantna torba pru\u017eit \u0107e potpunu za\u0161titu va\u0161em prijenosnom ra\u010dunalu od ogrebotina, udaraca i prljav\u0161tine. Pogodna je za sva prijenosna ra\u010dunala od 13\u2033 i 16\u2033. Torba ima ru\u010dku za no\u0161enje u ruci i podesivi remen od 60 cm do 130 cm, tako da je mo\u017eete nositi i preko ramena. Glavni odjeljak ima podstavljeni d\u017eep za prijenosno ra\u010dunalo i dva odvojena d\u017eepa za pribor. Torba, koja se zatvara dvostrukim patentnim zatvara\u010dem, tako\u0111er ima jedan vanjski d\u017eep koji se zatvara ugra\u0111enim magnetima. Na stra\u017enjoj strani nalazi se kop\u010da za pri\u010dvr\u0161\u0107ivanje torbe na kofer. Sada uvijek mo\u017eete ponijeti svoje prijenosno ra\u010dunalo sa sobom svugdje bez brige o njegovoj sigurnosti.<\/p>","protected":false},"featured_media":12572,"comment_status":"closed","ping_status":"closed","template":"","meta":[],"product_brand":[],"product_cat":[91,140,549],"product_tag":[],"class_list":{"0":"post-12570","1":"product","2":"type-product","3":"status-publish","4":"has-post-thumbnail","6":"product_cat-razprodaja","7":"product_cat-torbe","8":"product_cat-torbe-za-prenosnike","10":"first","11":"outofstock","12":"sale","13":"taxable","14":"shipping-taxable","15":"purchasable","16":"product-type-simple"},"yoast_head":"<!-- This site is optimized with the Yoast SEO plugin v27.2 - https:\/\/yoast.com\/product\/yoast-seo-wordpress\/ -->\n<title>Guess Triangle Logo Pink torba za prenosnike do 16&quot; -<\/title>\n<meta name=\"robots\" content=\"index, follow, max-snippet:-1, max-image-preview:large, max-video-preview:-1\" \/>\n<link rel=\"canonical\" href=\"https:\/\/www.urbanspot.si\/hr\/proizvod-2\/guess-torba-za-laptop-s-trokutastim-logotipom-ruzicasta-do-16-godina\/\" \/>\n<meta property=\"og:locale\" content=\"hr_HR\" \/>\n<meta property=\"og:type\" content=\"article\" \/>\n<meta property=\"og:title\" content=\"Guess Triangle Logo Pink torba za prenosnike do 16&quot; -\" \/>\n<meta property=\"og:description\" content=\"Modna in elegantna torba bo poskrbela za popolno za\u0161\u010ditno va\u0161ega prenosnika pred praskami, udarci in umazanijo. Primerna je za vse 13&quot; in 16&quot; prenosnike. Torba ima ro\u010daj za ro\u010dno no\u0161enje ter prilo\u017een prilagodljiv pas od 60 cm to 130 cm, da jo lahko nosite tudi preko rame. Glavni predal ima oblazinjen \u017eep za prenosni ra\u010dunalnik ter dva lo\u010dena \u017eepa za dodatke. Torba, ki se zapira z dvojno zadrgo ima tudi en zunanji \u017eep, ki se zapre z vgrajenimi magneti. Na hrbtni strani je zaponka za pritrditev torbe na potovalni kov\u010dek. Zdaj lahko svoj prenosnik vedno vzamete s seboj povsod, ne da bi vas skrbelo za njegovo varnost.\" \/>\n<meta property=\"og:url\" content=\"https:\/\/www.urbanspot.si\/hr\/proizvod-2\/guess-torba-za-laptop-s-trokutastim-logotipom-ruzicasta-do-16-godina\/\" \/>\n<meta property=\"article:publisher\" content=\"https:\/\/www.facebook.com\/urbanspot.si\" \/>\n<meta property=\"article:modified_time\" content=\"2026-03-18T13:54:52+00:00\" \/>\n<meta property=\"og:image\" content=\"https:\/\/www.urbanspot.si\/wp-content\/uploads\/guess-triangle-logo-pink-torba-za-prenosnike-do-16.jpg\" \/>\n\t<meta property=\"og:image:width\" content=\"806\" \/>\n\t<meta property=\"og:image:height\" content=\"804\" \/>\n\t<meta property=\"og:image:type\" content=\"image\/jpeg\" \/>\n<meta name=\"twitter:card\" content=\"summary_large_image\" \/>\n<script type=\"application\/ld+json\" class=\"yoast-schema-graph\">{\"@context\":\"https:\/\/schema.org\",\"@graph\":[{\"@type\":\"WebPage\",\"@id\":\"https:\/\/www.urbanspot.si\/produkt\/guess-triangle-logo-pink-torba-za-prenosnike-do-16\/\",\"url\":\"https:\/\/www.urbanspot.si\/produkt\/guess-triangle-logo-pink-torba-za-prenosnike-do-16\/\",\"name\":\"Guess Triangle Logo Pink torba za prenosnike do 16\\\" -\",\"isPartOf\":{\"@id\":\"https:\/\/www.urbanspot.si\/#website\"},\"primaryImageOfPage\":{\"@id\":\"https:\/\/www.urbanspot.si\/produkt\/guess-triangle-logo-pink-torba-za-prenosnike-do-16\/#primaryimage\"},\"image\":{\"@id\":\"https:\/\/www.urbanspot.si\/produkt\/guess-triangle-logo-pink-torba-za-prenosnike-do-16\/#primaryimage\"},\"thumbnailUrl\":\"https:\/\/www.urbanspot.si\/wp-content\/uploads\/guess-triangle-logo-pink-torba-za-prenosnike-do-16.jpg\",\"datePublished\":\"2024-05-22T13:34:41+00:00\",\"dateModified\":\"2026-03-18T13:54:52+00:00\",\"breadcrumb\":{\"@id\":\"https:\/\/www.urbanspot.si\/produkt\/guess-triangle-logo-pink-torba-za-prenosnike-do-16\/#breadcrumb\"},\"inLanguage\":\"hr\",\"potentialAction\":[{\"@type\":\"ReadAction\",\"target\":[\"https:\/\/www.urbanspot.si\/produkt\/guess-triangle-logo-pink-torba-za-prenosnike-do-16\/\"]}]},{\"@type\":\"ImageObject\",\"inLanguage\":\"hr\",\"@id\":\"https:\/\/www.urbanspot.si\/produkt\/guess-triangle-logo-pink-torba-za-prenosnike-do-16\/#primaryimage\",\"url\":\"https:\/\/www.urbanspot.si\/wp-content\/uploads\/guess-triangle-logo-pink-torba-za-prenosnike-do-16.jpg\",\"contentUrl\":\"https:\/\/www.urbanspot.si\/wp-content\/uploads\/guess-triangle-logo-pink-torba-za-prenosnike-do-16.jpg\",\"width\":806,\"height\":804,\"caption\":\"Guess Triangle Logo Pink torba za prenosnike do 16\\\"\"},{\"@type\":\"BreadcrumbList\",\"@id\":\"https:\/\/www.urbanspot.si\/produkt\/guess-triangle-logo-pink-torba-za-prenosnike-do-16\/#breadcrumb\",\"itemListElement\":[{\"@type\":\"ListItem\",\"position\":1,\"name\":\"Home\",\"item\":\"https:\/\/www.urbanspot.si\/\"},{\"@type\":\"ListItem\",\"position\":2,\"name\":\"Shop\",\"item\":\"https:\/\/www.urbanspot.si\/shop\/\"},{\"@type\":\"ListItem\",\"position\":3,\"name\":\"Guess Triangle Logo Pink torba za prenosnike do 16&#8243;\"}]},{\"@type\":\"WebSite\",\"@id\":\"https:\/\/www.urbanspot.si\/#website\",\"url\":\"https:\/\/www.urbanspot.si\/\",\"name\":\"UrbanSpot\",\"description\":\"\",\"publisher\":{\"@id\":\"https:\/\/www.urbanspot.si\/#organization\"},\"potentialAction\":[{\"@type\":\"SearchAction\",\"target\":{\"@type\":\"EntryPoint\",\"urlTemplate\":\"https:\/\/www.urbanspot.si\/?s={search_term_string}\"},\"query-input\":{\"@type\":\"PropertyValueSpecification\",\"valueRequired\":true,\"valueName\":\"search_term_string\"}}],\"inLanguage\":\"hr\"},{\"@type\":\"Organization\",\"@id\":\"https:\/\/www.urbanspot.si\/#organization\",\"name\":\"UrbanSpot\",\"url\":\"https:\/\/www.urbanspot.si\/\",\"logo\":{\"@type\":\"ImageObject\",\"inLanguage\":\"hr\",\"@id\":\"https:\/\/www.urbanspot.si\/#\/schema\/logo\/image\/\",\"url\":\"https:\/\/www.urbanspot.si\/wp-content\/uploads\/urbanspot-logo.svg\",\"contentUrl\":\"https:\/\/www.urbanspot.si\/wp-content\/uploads\/urbanspot-logo.svg\",\"width\":185,\"height\":40,\"caption\":\"UrbanSpot\"},\"image\":{\"@id\":\"https:\/\/www.urbanspot.si\/#\/schema\/logo\/image\/\"},\"sameAs\":[\"https:\/\/www.facebook.com\/urbanspot.si\"]}]}<\/script>\n<!-- \/ Yoast SEO plugin. -->","yoast_head_json":{"title":"Guess Triangle Logo ru\u017ei\u010dasta torbica za prijenosna ra\u010dunala do 16\" -","robots":{"index":"index","follow":"follow","max-snippet":"max-snippet:-1","max-image-preview":"max-image-preview:large","max-video-preview":"max-video-preview:-1"},"canonical":"https:\/\/www.urbanspot.si\/hr\/proizvod-2\/guess-torba-za-laptop-s-trokutastim-logotipom-ruzicasta-do-16-godina\/","og_locale":"hr_HR","og_type":"article","og_title":"Guess Triangle Logo Pink torba za prenosnike do 16\" -","og_description":"Modna in elegantna torba bo poskrbela za popolno za\u0161\u010ditno va\u0161ega prenosnika pred praskami, udarci in umazanijo. Primerna je za vse 13\" in 16\" prenosnike. Torba ima ro\u010daj za ro\u010dno no\u0161enje ter prilo\u017een prilagodljiv pas od 60 cm to 130 cm, da jo lahko nosite tudi preko rame. Glavni predal ima oblazinjen \u017eep za prenosni ra\u010dunalnik ter dva lo\u010dena \u017eepa za dodatke. Torba, ki se zapira z dvojno zadrgo ima tudi en zunanji \u017eep, ki se zapre z vgrajenimi magneti. Na hrbtni strani je zaponka za pritrditev torbe na potovalni kov\u010dek. Zdaj lahko svoj prenosnik vedno vzamete s seboj povsod, ne da bi vas skrbelo za njegovo varnost.","og_url":"https:\/\/www.urbanspot.si\/hr\/proizvod-2\/guess-torba-za-laptop-s-trokutastim-logotipom-ruzicasta-do-16-godina\/","article_publisher":"https:\/\/www.facebook.com\/urbanspot.si","article_modified_time":"2026-03-18T13:54:52+00:00","og_image":[{"width":806,"height":804,"url":"https:\/\/www.urbanspot.si\/wp-content\/uploads\/guess-triangle-logo-pink-torba-za-prenosnike-do-16.jpg","type":"image\/jpeg"}],"twitter_card":"summary_large_image","schema":{"@context":"https:\/\/schema.org","@graph":[{"@type":"WebPage","@id":"https:\/\/www.urbanspot.si\/produkt\/guess-triangle-logo-pink-torba-za-prenosnike-do-16\/","url":"https:\/\/www.urbanspot.si\/produkt\/guess-triangle-logo-pink-torba-za-prenosnike-do-16\/","name":"Guess Triangle Logo ru\u017ei\u010dasta torbica za prijenosna ra\u010dunala do 16\" -","isPartOf":{"@id":"https:\/\/www.urbanspot.si\/#website"},"primaryImageOfPage":{"@id":"https:\/\/www.urbanspot.si\/produkt\/guess-triangle-logo-pink-torba-za-prenosnike-do-16\/#primaryimage"},"image":{"@id":"https:\/\/www.urbanspot.si\/produkt\/guess-triangle-logo-pink-torba-za-prenosnike-do-16\/#primaryimage"},"thumbnailUrl":"https:\/\/www.urbanspot.si\/wp-content\/uploads\/guess-triangle-logo-pink-torba-za-prenosnike-do-16.jpg","datePublished":"2024-05-22T13:34:41+00:00","dateModified":"2026-03-18T13:54:52+00:00","breadcrumb":{"@id":"https:\/\/www.urbanspot.si\/produkt\/guess-triangle-logo-pink-torba-za-prenosnike-do-16\/#breadcrumb"},"inLanguage":"hr","potentialAction":[{"@type":"ReadAction","target":["https:\/\/www.urbanspot.si\/produkt\/guess-triangle-logo-pink-torba-za-prenosnike-do-16\/"]}]},{"@type":"ImageObject","inLanguage":"hr","@id":"https:\/\/www.urbanspot.si\/produkt\/guess-triangle-logo-pink-torba-za-prenosnike-do-16\/#primaryimage","url":"https:\/\/www.urbanspot.si\/wp-content\/uploads\/guess-triangle-logo-pink-torba-za-prenosnike-do-16.jpg","contentUrl":"https:\/\/www.urbanspot.si\/wp-content\/uploads\/guess-triangle-logo-pink-torba-za-prenosnike-do-16.jpg","width":806,"height":804,"caption":"Guess Triangle Logo Pink torba za prenosnike do 16\""},{"@type":"BreadcrumbList","@id":"https:\/\/www.urbanspot.si\/produkt\/guess-triangle-logo-pink-torba-za-prenosnike-do-16\/#breadcrumb","itemListElement":[{"@type":"ListItem","position":1,"name":"Home","item":"https:\/\/www.urbanspot.si\/"},{"@type":"ListItem","position":2,"name":"Shop","item":"https:\/\/www.urbanspot.si\/shop\/"},{"@type":"ListItem","position":3,"name":"Guess Triangle Logo Pink torba za prenosnike do 16&#8243;"}]},{"@type":"WebSite","@id":"https:\/\/www.urbanspot.si\/#website","url":"https:\/\/www.urbanspot.si\/","name":"UrbanSpot","description":"","publisher":{"@id":"https:\/\/www.urbanspot.si\/#organization"},"potentialAction":[{"@type":"SearchAction","target":{"@type":"EntryPoint","urlTemplate":"https:\/\/www.urbanspot.si\/?s={search_term_string}"},"query-input":{"@type":"PropertyValueSpecification","valueRequired":true,"valueName":"search_term_string"}}],"inLanguage":"hr"},{"@type":"Organization","@id":"https:\/\/www.urbanspot.si\/#organization","name":"UrbanSpot","url":"https:\/\/www.urbanspot.si\/","logo":{"@type":"ImageObject","inLanguage":"hr","@id":"https:\/\/www.urbanspot.si\/#\/schema\/logo\/image\/","url":"https:\/\/www.urbanspot.si\/wp-content\/uploads\/urbanspot-logo.svg","contentUrl":"https:\/\/www.urbanspot.si\/wp-content\/uploads\/urbanspot-logo.svg","width":185,"height":40,"caption":"UrbanSpot"},"image":{"@id":"https:\/\/www.urbanspot.si\/#\/schema\/logo\/image\/"},"sameAs":["https:\/\/www.facebook.com\/urbanspot.si"]}]}},"_links":{"self":[{"href":"https:\/\/www.urbanspot.si\/hr\/wp-json\/wp\/v2\/product\/12570","targetHints":{"allow":["GET"]}}],"collection":[{"href":"https:\/\/www.urbanspot.si\/hr\/wp-json\/wp\/v2\/product"}],"about":[{"href":"https:\/\/www.urbanspot.si\/hr\/wp-json\/wp\/v2\/types\/product"}],"replies":[{"embeddable":true,"href":"https:\/\/www.urbanspot.si\/hr\/wp-json\/wp\/v2\/comments?post=12570"}],"version-history":[{"count":2,"href":"https:\/\/www.urbanspot.si\/hr\/wp-json\/wp\/v2\/product\/12570\/revisions"}],"predecessor-version":[{"id":18620,"href":"https:\/\/www.urbanspot.si\/hr\/wp-json\/wp\/v2\/product\/12570\/revisions\/18620"}],"wp:featuredmedia":[{"embeddable":true,"href":"https:\/\/www.urbanspot.si\/hr\/wp-json\/wp\/v2\/media\/12572"}],"wp:attachment":[{"href":"https:\/\/www.urbanspot.si\/hr\/wp-json\/wp\/v2\/media?parent=12570"}],"wp:term":[{"taxonomy":"product_brand","embeddable":true,"href":"https:\/\/www.urbanspot.si\/hr\/wp-json\/wp\/v2\/product_brand?post=12570"},{"taxonomy":"product_cat","embeddable":true,"href":"https:\/\/www.urbanspot.si\/hr\/wp-json\/wp\/v2\/product_cat?post=12570"},{"taxonomy":"product_tag","embeddable":true,"href":"https:\/\/www.urbanspot.si\/hr\/wp-json\/wp\/v2\/product_tag?post=12570"}],"curies":[{"name":"radni list","href":"https:\/\/api.w.org\/{rel}","templated":true}]}}