{"id":12590,"date":"2024-05-22T14:34:41","date_gmt":"2024-05-22T13:34:41","guid":{"rendered":"https:\/\/www.urbanspot.si\/product\/guess-brown-triangle-ovitek-za-prenosnike-do-16\/"},"modified":"2026-04-07T08:08:41","modified_gmt":"2026-04-07T06:08:41","slug":"pretpostavljam-smedu-traku-za-nosenje-laptopa-do-16-inca","status":"publish","type":"product","link":"https:\/\/www.urbanspot.si\/hr\/produkt\/guess-brown-triangle-ovitek-za-prenosnike-do-16\/","title":{"rendered":"Guess sme\u0111a trokutasta navlaka za laptop, do 16&#039;"},"content":{"rendered":"<p>Va\u0161e prijenosno ra\u010dunalo bit \u0107e u potpunosti za\u0161ti\u0107eno od povr\u0161inskih o\u0161te\u0107enja, prljav\u0161tine, ogrebotina i manjih padova.<\/p>\n<p>Zna\u010dajke:<\/p>\n<ul>\n<li>Materijal: Visokokvalitetna eko ko\u017ea<\/li>\n<li>Vrsta: Torba za tablet i laptop<\/li>\n<li>Boja: Sme\u0111a s uzorcima i zlatnim logotipom<\/li>\n<li>Dimenzije: 39,5 x 27,5 x 2 cm<\/li>\n<li>Broj ladica: 2<\/li>\n<li>Pogodno za: laptope i tablete do 16&quot;<\/li>\n<li>Magnetsko zatvaranje<\/li>\n<li>Jedinstveni dizajn<\/li>\n<\/ul>","protected":false},"excerpt":{"rendered":"<p>Elegantna navlaka za prijenosna ra\u010dunala\/tablete od 13,3 do 16 in\u010da. Precizan dizajn i elegantan izgled za\u0161titni su znakovi Guess proizvoda. Torbica je izra\u0111ena od visokokvalitetne ekoko\u017ee i ima sigurno magnetsko zatvaranje. Futrola ima iznimno tanak dizajn koji ne zauzima nepotrebni prostor. Udobno stane u va\u0161 ruksak ili torbu. Tako\u0111er je pogodna za modele MacBook Air i MacBook Pro.<\/p>","protected":false},"featured_media":12592,"comment_status":"closed","ping_status":"closed","template":"","meta":[],"product_brand":[],"product_cat":[104,551,560,91,140,139],"product_tag":[],"class_list":{"0":"post-12590","1":"product","2":"type-product","3":"status-publish","4":"has-post-thumbnail","6":"product_cat-dodatna-oprema","7":"product_cat-ovitek-za-prenosnike","8":"product_cat-ovitki-za-telefone","9":"product_cat-razprodaja","10":"product_cat-torbe","11":"product_cat-torbe-in-nahrbtniki-za-prenosnike","12":"pa_primerno-za-proizvajalca-apple","14":"first","15":"instock","16":"sale","17":"taxable","18":"shipping-taxable","19":"purchasable","20":"product-type-simple"},"yoast_head":"<!-- This site is optimized with the Yoast SEO plugin v27.2 - https:\/\/yoast.com\/product\/yoast-seo-wordpress\/ -->\n<title>Guess Brown Triangle ovitek za prenosnike, do 16&#039; -<\/title>\n<meta name=\"robots\" content=\"index, follow, max-snippet:-1, max-image-preview:large, max-video-preview:-1\" \/>\n<link rel=\"canonical\" href=\"https:\/\/www.urbanspot.si\/hr\/proizvod-2\/pretpostavljam-smedu-traku-za-nosenje-laptopa-do-16-inca\/\" \/>\n<meta property=\"og:locale\" content=\"hr_HR\" \/>\n<meta property=\"og:type\" content=\"article\" \/>\n<meta property=\"og:title\" content=\"Guess Brown Triangle ovitek za prenosnike, do 16&#039; -\" \/>\n<meta property=\"og:description\" content=\"Eleganten ovitek za prenosnik, zasnovan za 13.3 do 16 -pal\u010dni prenosnik \/ tabli\u010dni ra\u010dunalnik. Natan\u010den dizajn in eleganten videz sta prednost izdelkov Guess. Torba je narejena iz visoko kakovostnega eko usnja in nudi varno magnetno zapiranje. Ohi\u0161je odlikuje izjemna tanj\u0161a oblika, katera ne zavzame odve\u010dnega prostora. Etui se udobno prilega va\u0161emu nahrbtniku ali torbi. Primerno tudi za model : MacBook Air in MacBook Pro.\" \/>\n<meta property=\"og:url\" content=\"https:\/\/www.urbanspot.si\/hr\/proizvod-2\/pretpostavljam-smedu-traku-za-nosenje-laptopa-do-16-inca\/\" \/>\n<meta property=\"article:publisher\" content=\"https:\/\/www.facebook.com\/urbanspot.si\" \/>\n<meta property=\"article:modified_time\" content=\"2026-04-07T06:08:41+00:00\" \/>\n<meta property=\"og:image\" content=\"https:\/\/www.urbanspot.si\/wp-content\/uploads\/guess-brown-triangle-ovitek-za-prenosnike-do-16.jpg\" \/>\n\t<meta property=\"og:image:width\" content=\"600\" \/>\n\t<meta property=\"og:image:height\" content=\"600\" \/>\n\t<meta property=\"og:image:type\" content=\"image\/jpeg\" \/>\n<meta name=\"twitter:card\" content=\"summary_large_image\" \/>\n<script type=\"application\/ld+json\" class=\"yoast-schema-graph\">{\"@context\":\"https:\/\/schema.org\",\"@graph\":[{\"@type\":\"WebPage\",\"@id\":\"https:\/\/www.urbanspot.si\/produkt\/guess-brown-triangle-ovitek-za-prenosnike-do-16\/\",\"url\":\"https:\/\/www.urbanspot.si\/produkt\/guess-brown-triangle-ovitek-za-prenosnike-do-16\/\",\"name\":\"Guess Brown Triangle ovitek za prenosnike, do 16' -\",\"isPartOf\":{\"@id\":\"https:\/\/www.urbanspot.si\/#website\"},\"primaryImageOfPage\":{\"@id\":\"https:\/\/www.urbanspot.si\/produkt\/guess-brown-triangle-ovitek-za-prenosnike-do-16\/#primaryimage\"},\"image\":{\"@id\":\"https:\/\/www.urbanspot.si\/produkt\/guess-brown-triangle-ovitek-za-prenosnike-do-16\/#primaryimage\"},\"thumbnailUrl\":\"https:\/\/www.urbanspot.si\/wp-content\/uploads\/guess-brown-triangle-ovitek-za-prenosnike-do-16.jpg\",\"datePublished\":\"2024-05-22T13:34:41+00:00\",\"dateModified\":\"2026-04-07T06:08:41+00:00\",\"breadcrumb\":{\"@id\":\"https:\/\/www.urbanspot.si\/produkt\/guess-brown-triangle-ovitek-za-prenosnike-do-16\/#breadcrumb\"},\"inLanguage\":\"hr\",\"potentialAction\":[{\"@type\":\"ReadAction\",\"target\":[\"https:\/\/www.urbanspot.si\/produkt\/guess-brown-triangle-ovitek-za-prenosnike-do-16\/\"]}]},{\"@type\":\"ImageObject\",\"inLanguage\":\"hr\",\"@id\":\"https:\/\/www.urbanspot.si\/produkt\/guess-brown-triangle-ovitek-za-prenosnike-do-16\/#primaryimage\",\"url\":\"https:\/\/www.urbanspot.si\/wp-content\/uploads\/guess-brown-triangle-ovitek-za-prenosnike-do-16.jpg\",\"contentUrl\":\"https:\/\/www.urbanspot.si\/wp-content\/uploads\/guess-brown-triangle-ovitek-za-prenosnike-do-16.jpg\",\"width\":600,\"height\":600,\"caption\":\"Guess Brown Triangle ovitek za prenosnike\"},{\"@type\":\"BreadcrumbList\",\"@id\":\"https:\/\/www.urbanspot.si\/produkt\/guess-brown-triangle-ovitek-za-prenosnike-do-16\/#breadcrumb\",\"itemListElement\":[{\"@type\":\"ListItem\",\"position\":1,\"name\":\"Home\",\"item\":\"https:\/\/www.urbanspot.si\/\"},{\"@type\":\"ListItem\",\"position\":2,\"name\":\"Shop\",\"item\":\"https:\/\/www.urbanspot.si\/shop\/\"},{\"@type\":\"ListItem\",\"position\":3,\"name\":\"Guess Brown Triangle ovitek za prenosnike, do 16&#8242;\"}]},{\"@type\":\"WebSite\",\"@id\":\"https:\/\/www.urbanspot.si\/#website\",\"url\":\"https:\/\/www.urbanspot.si\/\",\"name\":\"UrbanSpot\",\"description\":\"\",\"publisher\":{\"@id\":\"https:\/\/www.urbanspot.si\/#organization\"},\"potentialAction\":[{\"@type\":\"SearchAction\",\"target\":{\"@type\":\"EntryPoint\",\"urlTemplate\":\"https:\/\/www.urbanspot.si\/?s={search_term_string}\"},\"query-input\":{\"@type\":\"PropertyValueSpecification\",\"valueRequired\":true,\"valueName\":\"search_term_string\"}}],\"inLanguage\":\"hr\"},{\"@type\":\"Organization\",\"@id\":\"https:\/\/www.urbanspot.si\/#organization\",\"name\":\"UrbanSpot\",\"url\":\"https:\/\/www.urbanspot.si\/\",\"logo\":{\"@type\":\"ImageObject\",\"inLanguage\":\"hr\",\"@id\":\"https:\/\/www.urbanspot.si\/#\/schema\/logo\/image\/\",\"url\":\"https:\/\/www.urbanspot.si\/wp-content\/uploads\/urbanspot-logo.svg\",\"contentUrl\":\"https:\/\/www.urbanspot.si\/wp-content\/uploads\/urbanspot-logo.svg\",\"width\":185,\"height\":40,\"caption\":\"UrbanSpot\"},\"image\":{\"@id\":\"https:\/\/www.urbanspot.si\/#\/schema\/logo\/image\/\"},\"sameAs\":[\"https:\/\/www.facebook.com\/urbanspot.si\"]}]}<\/script>\n<!-- \/ Yoast SEO plugin. -->","yoast_head_json":{"title":"Guess Brown Triangle ovitek za prenosnike, do 16' -","robots":{"index":"index","follow":"follow","max-snippet":"max-snippet:-1","max-image-preview":"max-image-preview:large","max-video-preview":"max-video-preview:-1"},"canonical":"https:\/\/www.urbanspot.si\/hr\/proizvod-2\/pretpostavljam-smedu-traku-za-nosenje-laptopa-do-16-inca\/","og_locale":"hr_HR","og_type":"article","og_title":"Guess Brown Triangle ovitek za prenosnike, do 16' -","og_description":"Eleganten ovitek za prenosnik, zasnovan za 13.3 do 16 -pal\u010dni prenosnik \/ tabli\u010dni ra\u010dunalnik. Natan\u010den dizajn in eleganten videz sta prednost izdelkov Guess. Torba je narejena iz visoko kakovostnega eko usnja in nudi varno magnetno zapiranje. Ohi\u0161je odlikuje izjemna tanj\u0161a oblika, katera ne zavzame odve\u010dnega prostora. Etui se udobno prilega va\u0161emu nahrbtniku ali torbi. Primerno tudi za model : MacBook Air in MacBook Pro.","og_url":"https:\/\/www.urbanspot.si\/hr\/proizvod-2\/pretpostavljam-smedu-traku-za-nosenje-laptopa-do-16-inca\/","article_publisher":"https:\/\/www.facebook.com\/urbanspot.si","article_modified_time":"2026-04-07T06:08:41+00:00","og_image":[{"width":600,"height":600,"url":"https:\/\/www.urbanspot.si\/wp-content\/uploads\/guess-brown-triangle-ovitek-za-prenosnike-do-16.jpg","type":"image\/jpeg"}],"twitter_card":"summary_large_image","schema":{"@context":"https:\/\/schema.org","@graph":[{"@type":"WebPage","@id":"https:\/\/www.urbanspot.si\/produkt\/guess-brown-triangle-ovitek-za-prenosnike-do-16\/","url":"https:\/\/www.urbanspot.si\/produkt\/guess-brown-triangle-ovitek-za-prenosnike-do-16\/","name":"Guess Brown Triangle ovitek za prenosnike, do 16' -","isPartOf":{"@id":"https:\/\/www.urbanspot.si\/#website"},"primaryImageOfPage":{"@id":"https:\/\/www.urbanspot.si\/produkt\/guess-brown-triangle-ovitek-za-prenosnike-do-16\/#primaryimage"},"image":{"@id":"https:\/\/www.urbanspot.si\/produkt\/guess-brown-triangle-ovitek-za-prenosnike-do-16\/#primaryimage"},"thumbnailUrl":"https:\/\/www.urbanspot.si\/wp-content\/uploads\/guess-brown-triangle-ovitek-za-prenosnike-do-16.jpg","datePublished":"2024-05-22T13:34:41+00:00","dateModified":"2026-04-07T06:08:41+00:00","breadcrumb":{"@id":"https:\/\/www.urbanspot.si\/produkt\/guess-brown-triangle-ovitek-za-prenosnike-do-16\/#breadcrumb"},"inLanguage":"hr","potentialAction":[{"@type":"ReadAction","target":["https:\/\/www.urbanspot.si\/produkt\/guess-brown-triangle-ovitek-za-prenosnike-do-16\/"]}]},{"@type":"ImageObject","inLanguage":"hr","@id":"https:\/\/www.urbanspot.si\/produkt\/guess-brown-triangle-ovitek-za-prenosnike-do-16\/#primaryimage","url":"https:\/\/www.urbanspot.si\/wp-content\/uploads\/guess-brown-triangle-ovitek-za-prenosnike-do-16.jpg","contentUrl":"https:\/\/www.urbanspot.si\/wp-content\/uploads\/guess-brown-triangle-ovitek-za-prenosnike-do-16.jpg","width":600,"height":600,"caption":"Guess Brown Triangle ovitek za prenosnike"},{"@type":"BreadcrumbList","@id":"https:\/\/www.urbanspot.si\/produkt\/guess-brown-triangle-ovitek-za-prenosnike-do-16\/#breadcrumb","itemListElement":[{"@type":"ListItem","position":1,"name":"Home","item":"https:\/\/www.urbanspot.si\/"},{"@type":"ListItem","position":2,"name":"Shop","item":"https:\/\/www.urbanspot.si\/shop\/"},{"@type":"ListItem","position":3,"name":"Guess Brown Triangle ovitek za prenosnike, do 16&#8242;"}]},{"@type":"WebSite","@id":"https:\/\/www.urbanspot.si\/#website","url":"https:\/\/www.urbanspot.si\/","name":"UrbanSpot","description":"","publisher":{"@id":"https:\/\/www.urbanspot.si\/#organization"},"potentialAction":[{"@type":"SearchAction","target":{"@type":"EntryPoint","urlTemplate":"https:\/\/www.urbanspot.si\/?s={search_term_string}"},"query-input":{"@type":"PropertyValueSpecification","valueRequired":true,"valueName":"search_term_string"}}],"inLanguage":"hr"},{"@type":"Organization","@id":"https:\/\/www.urbanspot.si\/#organization","name":"UrbanSpot","url":"https:\/\/www.urbanspot.si\/","logo":{"@type":"ImageObject","inLanguage":"hr","@id":"https:\/\/www.urbanspot.si\/#\/schema\/logo\/image\/","url":"https:\/\/www.urbanspot.si\/wp-content\/uploads\/urbanspot-logo.svg","contentUrl":"https:\/\/www.urbanspot.si\/wp-content\/uploads\/urbanspot-logo.svg","width":185,"height":40,"caption":"UrbanSpot"},"image":{"@id":"https:\/\/www.urbanspot.si\/#\/schema\/logo\/image\/"},"sameAs":["https:\/\/www.facebook.com\/urbanspot.si"]}]}},"_links":{"self":[{"href":"https:\/\/www.urbanspot.si\/hr\/wp-json\/wp\/v2\/product\/12590","targetHints":{"allow":["GET"]}}],"collection":[{"href":"https:\/\/www.urbanspot.si\/hr\/wp-json\/wp\/v2\/product"}],"about":[{"href":"https:\/\/www.urbanspot.si\/hr\/wp-json\/wp\/v2\/types\/product"}],"replies":[{"embeddable":true,"href":"https:\/\/www.urbanspot.si\/hr\/wp-json\/wp\/v2\/comments?post=12590"}],"version-history":[{"count":2,"href":"https:\/\/www.urbanspot.si\/hr\/wp-json\/wp\/v2\/product\/12590\/revisions"}],"predecessor-version":[{"id":18258,"href":"https:\/\/www.urbanspot.si\/hr\/wp-json\/wp\/v2\/product\/12590\/revisions\/18258"}],"wp:featuredmedia":[{"embeddable":true,"href":"https:\/\/www.urbanspot.si\/hr\/wp-json\/wp\/v2\/media\/12592"}],"wp:attachment":[{"href":"https:\/\/www.urbanspot.si\/hr\/wp-json\/wp\/v2\/media?parent=12590"}],"wp:term":[{"taxonomy":"product_brand","embeddable":true,"href":"https:\/\/www.urbanspot.si\/hr\/wp-json\/wp\/v2\/product_brand?post=12590"},{"taxonomy":"product_cat","embeddable":true,"href":"https:\/\/www.urbanspot.si\/hr\/wp-json\/wp\/v2\/product_cat?post=12590"},{"taxonomy":"product_tag","embeddable":true,"href":"https:\/\/www.urbanspot.si\/hr\/wp-json\/wp\/v2\/product_tag?post=12590"}],"curies":[{"name":"radni list","href":"https:\/\/api.w.org\/{rel}","templated":true}]}}