{"id":12654,"date":"2024-05-22T14:34:41","date_gmt":"2024-05-22T13:34:41","guid":{"rendered":"https:\/\/www.urbanspot.si\/product\/torbica-za-mobilni-telefon-karl-lagerfeld-3d-saffiano-black\/"},"modified":"2026-03-18T15:54:49","modified_gmt":"2026-03-18T13:54:49","slug":"torbica-za-mobilni-telefon-karl-lagerfeld-3d-saffiano-black","status":"publish","type":"product","link":"https:\/\/www.urbanspot.si\/hr\/produkt\/torbica-za-mobilni-telefon-karl-lagerfeld-3d-saffiano-black\/","title":{"rendered":"Karl Lagerfeld 3D Saffiano crna maskica za mobitel"},"content":{"rendered":"<p>Maska za telefon Karl Lagerfeld - elegantna kolekcija s 3D logotipom Karl Lagerfeld. Brend Karl Lagerfeld ve\u0107 je desetlje\u0107ima sinonim za savr\u0161en dizajn i najvi\u0161u kvalitetu. Nova kolekcija za\u0161titnih maskica za telefon temelji se na istim vrijednostima.<\/p>\n<p><strong>Zna\u010dajke:<\/strong><\/p>\n<ul style=\"list-style-type: disc;\">\n<li>Elegantna maskica \u0161titi cijeli ure\u0111aj, a zahvaljuju\u0107i izrezu mo\u017eete puniti telefon bez va\u0111enja iz maskice.<\/li>\n<li>Torba ima ugra\u0111ene ru\u010dke, na koje je pri\u010dvr\u0161\u0107ena prakti\u010dna uzica sa srebrnim elementima.<\/li>\n<li>Stvorite svoj jedinstveni stil i dodajte sofisticiranu estetiku marke Karl Lagerfeld na svoj iPhone<\/li>\n<li>Velikost : Primerna za vse ve\u010dje telefone v velikosti 6,1&#8243; ( do Iphone 12\/13\/14 Pro in vse ostale telefone iste velikosti)<\/li>\n<\/ul>","protected":false},"excerpt":{"rendered":"<p>Z priro\u010dno Karl Lagerfeld torbico lahko svoj mobilni telefon vzamete kamorkoli. Telefon bo za\u0161\u010diten pred praskami, udarci in umazanijo.<\/p>","protected":false},"featured_media":12656,"comment_status":"closed","ping_status":"closed","template":"","meta":[],"product_brand":[],"product_cat":[104,91,140,139,550],"product_tag":[],"class_list":{"0":"post-12654","1":"product","2":"type-product","3":"status-publish","4":"has-post-thumbnail","6":"product_cat-dodatna-oprema","7":"product_cat-razprodaja","8":"product_cat-torbe","9":"product_cat-torbe-in-nahrbtniki-za-prenosnike","10":"product_cat-torbice-za-mobilni-telefon","12":"first","13":"outofstock","14":"sale","15":"taxable","16":"shipping-taxable","17":"purchasable","18":"product-type-simple"},"yoast_head":"<!-- This site is optimized with the Yoast SEO plugin v27.2 - https:\/\/yoast.com\/product\/yoast-seo-wordpress\/ -->\n<title>Torbica za mobilni telefon Karl Lagerfeld 3D Saffiano Black -<\/title>\n<meta name=\"robots\" content=\"index, follow, max-snippet:-1, max-image-preview:large, max-video-preview:-1\" \/>\n<link rel=\"canonical\" href=\"https:\/\/www.urbanspot.si\/hr\/proizvod-2\/torbica-za-mobilni-telefon-karl-lagerfeld-3d-saffiano-black\/\" \/>\n<meta property=\"og:locale\" content=\"hr_HR\" \/>\n<meta property=\"og:type\" content=\"article\" \/>\n<meta property=\"og:title\" content=\"Torbica za mobilni telefon Karl Lagerfeld 3D Saffiano Black -\" \/>\n<meta property=\"og:description\" content=\"Z priro\u010dno Karl Lagerfeld torbico lahko svoj mobilni telefon vzamete kamorkoli. Telefon bo za\u0161\u010diten pred praskami, udarci in umazanijo.\" \/>\n<meta property=\"og:url\" content=\"https:\/\/www.urbanspot.si\/hr\/proizvod-2\/torbica-za-mobilni-telefon-karl-lagerfeld-3d-saffiano-black\/\" \/>\n<meta property=\"article:publisher\" content=\"https:\/\/www.facebook.com\/urbanspot.si\" \/>\n<meta property=\"article:modified_time\" content=\"2026-03-18T13:54:49+00:00\" \/>\n<meta property=\"og:image\" content=\"https:\/\/www.urbanspot.si\/wp-content\/uploads\/torbica-za-mobilni-telefon-karl-lagerfeld-3d-saffiano-black.jpg\" \/>\n\t<meta property=\"og:image:width\" content=\"600\" \/>\n\t<meta property=\"og:image:height\" content=\"600\" \/>\n\t<meta property=\"og:image:type\" content=\"image\/jpeg\" \/>\n<meta name=\"twitter:card\" content=\"summary_large_image\" \/>\n<meta name=\"twitter:label1\" content=\"Procijenjeno vrijeme \u010ditanja\" \/>\n\t<meta name=\"twitter:data1\" content=\"1 minuta\" \/>\n<script type=\"application\/ld+json\" class=\"yoast-schema-graph\">{\"@context\":\"https:\/\/schema.org\",\"@graph\":[{\"@type\":\"WebPage\",\"@id\":\"https:\/\/www.urbanspot.si\/produkt\/torbica-za-mobilni-telefon-karl-lagerfeld-3d-saffiano-black\/\",\"url\":\"https:\/\/www.urbanspot.si\/produkt\/torbica-za-mobilni-telefon-karl-lagerfeld-3d-saffiano-black\/\",\"name\":\"Torbica za mobilni telefon Karl Lagerfeld 3D Saffiano Black -\",\"isPartOf\":{\"@id\":\"https:\/\/www.urbanspot.si\/#website\"},\"primaryImageOfPage\":{\"@id\":\"https:\/\/www.urbanspot.si\/produkt\/torbica-za-mobilni-telefon-karl-lagerfeld-3d-saffiano-black\/#primaryimage\"},\"image\":{\"@id\":\"https:\/\/www.urbanspot.si\/produkt\/torbica-za-mobilni-telefon-karl-lagerfeld-3d-saffiano-black\/#primaryimage\"},\"thumbnailUrl\":\"https:\/\/www.urbanspot.si\/wp-content\/uploads\/torbica-za-mobilni-telefon-karl-lagerfeld-3d-saffiano-black.jpg\",\"datePublished\":\"2024-05-22T13:34:41+00:00\",\"dateModified\":\"2026-03-18T13:54:49+00:00\",\"breadcrumb\":{\"@id\":\"https:\/\/www.urbanspot.si\/produkt\/torbica-za-mobilni-telefon-karl-lagerfeld-3d-saffiano-black\/#breadcrumb\"},\"inLanguage\":\"hr\",\"potentialAction\":[{\"@type\":\"ReadAction\",\"target\":[\"https:\/\/www.urbanspot.si\/produkt\/torbica-za-mobilni-telefon-karl-lagerfeld-3d-saffiano-black\/\"]}]},{\"@type\":\"ImageObject\",\"inLanguage\":\"hr\",\"@id\":\"https:\/\/www.urbanspot.si\/produkt\/torbica-za-mobilni-telefon-karl-lagerfeld-3d-saffiano-black\/#primaryimage\",\"url\":\"https:\/\/www.urbanspot.si\/wp-content\/uploads\/torbica-za-mobilni-telefon-karl-lagerfeld-3d-saffiano-black.jpg\",\"contentUrl\":\"https:\/\/www.urbanspot.si\/wp-content\/uploads\/torbica-za-mobilni-telefon-karl-lagerfeld-3d-saffiano-black.jpg\",\"width\":600,\"height\":600,\"caption\":\"Torbica za mobilni telefon Karl Lagerfeld 3D Saffiano Black\"},{\"@type\":\"BreadcrumbList\",\"@id\":\"https:\/\/www.urbanspot.si\/produkt\/torbica-za-mobilni-telefon-karl-lagerfeld-3d-saffiano-black\/#breadcrumb\",\"itemListElement\":[{\"@type\":\"ListItem\",\"position\":1,\"name\":\"Home\",\"item\":\"https:\/\/www.urbanspot.si\/\"},{\"@type\":\"ListItem\",\"position\":2,\"name\":\"Shop\",\"item\":\"https:\/\/www.urbanspot.si\/shop\/\"},{\"@type\":\"ListItem\",\"position\":3,\"name\":\"Torbica za mobilni telefon Karl Lagerfeld 3D Saffiano Black\"}]},{\"@type\":\"WebSite\",\"@id\":\"https:\/\/www.urbanspot.si\/#website\",\"url\":\"https:\/\/www.urbanspot.si\/\",\"name\":\"UrbanSpot\",\"description\":\"\",\"publisher\":{\"@id\":\"https:\/\/www.urbanspot.si\/#organization\"},\"potentialAction\":[{\"@type\":\"SearchAction\",\"target\":{\"@type\":\"EntryPoint\",\"urlTemplate\":\"https:\/\/www.urbanspot.si\/?s={search_term_string}\"},\"query-input\":{\"@type\":\"PropertyValueSpecification\",\"valueRequired\":true,\"valueName\":\"search_term_string\"}}],\"inLanguage\":\"hr\"},{\"@type\":\"Organization\",\"@id\":\"https:\/\/www.urbanspot.si\/#organization\",\"name\":\"UrbanSpot\",\"url\":\"https:\/\/www.urbanspot.si\/\",\"logo\":{\"@type\":\"ImageObject\",\"inLanguage\":\"hr\",\"@id\":\"https:\/\/www.urbanspot.si\/#\/schema\/logo\/image\/\",\"url\":\"https:\/\/www.urbanspot.si\/wp-content\/uploads\/urbanspot-logo.svg\",\"contentUrl\":\"https:\/\/www.urbanspot.si\/wp-content\/uploads\/urbanspot-logo.svg\",\"width\":185,\"height\":40,\"caption\":\"UrbanSpot\"},\"image\":{\"@id\":\"https:\/\/www.urbanspot.si\/#\/schema\/logo\/image\/\"},\"sameAs\":[\"https:\/\/www.facebook.com\/urbanspot.si\"]}]}<\/script>\n<!-- \/ Yoast SEO plugin. -->","yoast_head_json":{"title":"Torbica za mobilni telefon Karl Lagerfeld 3D Saffiano Black -","robots":{"index":"index","follow":"follow","max-snippet":"max-snippet:-1","max-image-preview":"max-image-preview:large","max-video-preview":"max-video-preview:-1"},"canonical":"https:\/\/www.urbanspot.si\/hr\/proizvod-2\/torbica-za-mobilni-telefon-karl-lagerfeld-3d-saffiano-black\/","og_locale":"hr_HR","og_type":"article","og_title":"Torbica za mobilni telefon Karl Lagerfeld 3D Saffiano Black -","og_description":"Z priro\u010dno Karl Lagerfeld torbico lahko svoj mobilni telefon vzamete kamorkoli. Telefon bo za\u0161\u010diten pred praskami, udarci in umazanijo.","og_url":"https:\/\/www.urbanspot.si\/hr\/proizvod-2\/torbica-za-mobilni-telefon-karl-lagerfeld-3d-saffiano-black\/","article_publisher":"https:\/\/www.facebook.com\/urbanspot.si","article_modified_time":"2026-03-18T13:54:49+00:00","og_image":[{"width":600,"height":600,"url":"https:\/\/www.urbanspot.si\/wp-content\/uploads\/torbica-za-mobilni-telefon-karl-lagerfeld-3d-saffiano-black.jpg","type":"image\/jpeg"}],"twitter_card":"summary_large_image","twitter_misc":{"Procijenjeno vrijeme \u010ditanja":"1 minuta"},"schema":{"@context":"https:\/\/schema.org","@graph":[{"@type":"WebPage","@id":"https:\/\/www.urbanspot.si\/produkt\/torbica-za-mobilni-telefon-karl-lagerfeld-3d-saffiano-black\/","url":"https:\/\/www.urbanspot.si\/produkt\/torbica-za-mobilni-telefon-karl-lagerfeld-3d-saffiano-black\/","name":"Torbica za mobilni telefon Karl Lagerfeld 3D Saffiano Black -","isPartOf":{"@id":"https:\/\/www.urbanspot.si\/#website"},"primaryImageOfPage":{"@id":"https:\/\/www.urbanspot.si\/produkt\/torbica-za-mobilni-telefon-karl-lagerfeld-3d-saffiano-black\/#primaryimage"},"image":{"@id":"https:\/\/www.urbanspot.si\/produkt\/torbica-za-mobilni-telefon-karl-lagerfeld-3d-saffiano-black\/#primaryimage"},"thumbnailUrl":"https:\/\/www.urbanspot.si\/wp-content\/uploads\/torbica-za-mobilni-telefon-karl-lagerfeld-3d-saffiano-black.jpg","datePublished":"2024-05-22T13:34:41+00:00","dateModified":"2026-03-18T13:54:49+00:00","breadcrumb":{"@id":"https:\/\/www.urbanspot.si\/produkt\/torbica-za-mobilni-telefon-karl-lagerfeld-3d-saffiano-black\/#breadcrumb"},"inLanguage":"hr","potentialAction":[{"@type":"ReadAction","target":["https:\/\/www.urbanspot.si\/produkt\/torbica-za-mobilni-telefon-karl-lagerfeld-3d-saffiano-black\/"]}]},{"@type":"ImageObject","inLanguage":"hr","@id":"https:\/\/www.urbanspot.si\/produkt\/torbica-za-mobilni-telefon-karl-lagerfeld-3d-saffiano-black\/#primaryimage","url":"https:\/\/www.urbanspot.si\/wp-content\/uploads\/torbica-za-mobilni-telefon-karl-lagerfeld-3d-saffiano-black.jpg","contentUrl":"https:\/\/www.urbanspot.si\/wp-content\/uploads\/torbica-za-mobilni-telefon-karl-lagerfeld-3d-saffiano-black.jpg","width":600,"height":600,"caption":"Torbica za mobilni telefon Karl Lagerfeld 3D Saffiano Black"},{"@type":"BreadcrumbList","@id":"https:\/\/www.urbanspot.si\/produkt\/torbica-za-mobilni-telefon-karl-lagerfeld-3d-saffiano-black\/#breadcrumb","itemListElement":[{"@type":"ListItem","position":1,"name":"Home","item":"https:\/\/www.urbanspot.si\/"},{"@type":"ListItem","position":2,"name":"Shop","item":"https:\/\/www.urbanspot.si\/shop\/"},{"@type":"ListItem","position":3,"name":"Torbica za mobilni telefon Karl Lagerfeld 3D Saffiano Black"}]},{"@type":"WebSite","@id":"https:\/\/www.urbanspot.si\/#website","url":"https:\/\/www.urbanspot.si\/","name":"UrbanSpot","description":"","publisher":{"@id":"https:\/\/www.urbanspot.si\/#organization"},"potentialAction":[{"@type":"SearchAction","target":{"@type":"EntryPoint","urlTemplate":"https:\/\/www.urbanspot.si\/?s={search_term_string}"},"query-input":{"@type":"PropertyValueSpecification","valueRequired":true,"valueName":"search_term_string"}}],"inLanguage":"hr"},{"@type":"Organization","@id":"https:\/\/www.urbanspot.si\/#organization","name":"UrbanSpot","url":"https:\/\/www.urbanspot.si\/","logo":{"@type":"ImageObject","inLanguage":"hr","@id":"https:\/\/www.urbanspot.si\/#\/schema\/logo\/image\/","url":"https:\/\/www.urbanspot.si\/wp-content\/uploads\/urbanspot-logo.svg","contentUrl":"https:\/\/www.urbanspot.si\/wp-content\/uploads\/urbanspot-logo.svg","width":185,"height":40,"caption":"UrbanSpot"},"image":{"@id":"https:\/\/www.urbanspot.si\/#\/schema\/logo\/image\/"},"sameAs":["https:\/\/www.facebook.com\/urbanspot.si"]}]}},"_links":{"self":[{"href":"https:\/\/www.urbanspot.si\/hr\/wp-json\/wp\/v2\/product\/12654","targetHints":{"allow":["GET"]}}],"collection":[{"href":"https:\/\/www.urbanspot.si\/hr\/wp-json\/wp\/v2\/product"}],"about":[{"href":"https:\/\/www.urbanspot.si\/hr\/wp-json\/wp\/v2\/types\/product"}],"replies":[{"embeddable":true,"href":"https:\/\/www.urbanspot.si\/hr\/wp-json\/wp\/v2\/comments?post=12654"}],"version-history":[{"count":2,"href":"https:\/\/www.urbanspot.si\/hr\/wp-json\/wp\/v2\/product\/12654\/revisions"}],"predecessor-version":[{"id":18605,"href":"https:\/\/www.urbanspot.si\/hr\/wp-json\/wp\/v2\/product\/12654\/revisions\/18605"}],"wp:featuredmedia":[{"embeddable":true,"href":"https:\/\/www.urbanspot.si\/hr\/wp-json\/wp\/v2\/media\/12656"}],"wp:attachment":[{"href":"https:\/\/www.urbanspot.si\/hr\/wp-json\/wp\/v2\/media?parent=12654"}],"wp:term":[{"taxonomy":"product_brand","embeddable":true,"href":"https:\/\/www.urbanspot.si\/hr\/wp-json\/wp\/v2\/product_brand?post=12654"},{"taxonomy":"product_cat","embeddable":true,"href":"https:\/\/www.urbanspot.si\/hr\/wp-json\/wp\/v2\/product_cat?post=12654"},{"taxonomy":"product_tag","embeddable":true,"href":"https:\/\/www.urbanspot.si\/hr\/wp-json\/wp\/v2\/product_tag?post=12654"}],"curies":[{"name":"radni list","href":"https:\/\/api.w.org\/{rel}","templated":true}]}}