{"id":13016,"date":"2024-05-22T14:35:28","date_gmt":"2024-05-22T13:35:28","guid":{"rendered":"https:\/\/www.urbanspot.si\/product\/guess-zascitni-ovitek-script-metal-black-samsung-galaxy-s21\/"},"modified":"2026-03-19T16:05:15","modified_gmt":"2026-03-19T14:05:15","slug":"guess-zastitna-metalna-futrola-s-tekstom-crna-za-samsung-galaxy-s21","status":"publish","type":"product","link":"https:\/\/www.urbanspot.si\/hr\/produkt\/guess-zascitni-ovitek-script-metal-black-samsung-galaxy-s21\/","title":{"rendered":"Guess za\u0161titna futrola Script Metal crna, Samsung Galaxy S21+"},"content":{"rendered":"<p>Za\u0161titna maskica Guess komad je elegancije i sofisticiranosti u podru\u010dju za\u0161tite va\u0161eg telefona od mehani\u010dkih o\u0161te\u0107enja. Stra\u017enja plo\u010da izra\u0111ena je od visokokvalitetne organske ko\u017ee koja je ugodna na dodir i pobolj\u0161ava prianjanje telefona. Maska ima blago podignuti rub s prednje strane koji \u0107e uvelike omek\u0161ati zaslon telefona kada padne na ravnu povr\u0161inu.<\/p>\n<ul>\n<li>\u0160titi od udaraca, padova, ogrebotina i prljav\u0161tine<\/li>\n<li>Otporno na udarce<\/li>\n<li>Pobolj\u0161ano prianjanje<\/li>\n<li>Ugodan osje\u0107aj u rukama<\/li>\n<li>Normalan pristup svim tipkama i funkcijama<\/li>\n<li>Izvrsna izdr\u017eljivost i trajnost<\/li>\n<li>Moderan izgled i potpuna za\u0161tita u jednom<\/li>\n<li>Kvalitetni materijali<\/li>\n<li>Moderan izgled<\/li>\n<li>Izvorni proizvod<\/li>\n<\/ul>","protected":false},"excerpt":{"rendered":"<p>Za\u0161titna maskica Guess Silicone Script savr\u0161eno \u0107e pristajati va\u0161em mobitelu i \u0161tititi ga od udaraca. Originalna maskica \u0107e prekrasno ukrasiti va\u0161 ure\u0111aj, isti\u010du\u0107i vas iz mase. Kombinira visoku kvalitetu, jedinstveni dizajn i funkcionalnost.<\/p>","protected":false},"featured_media":13018,"comment_status":"closed","ping_status":"closed","template":"","meta":[],"product_brand":[],"product_cat":[310,560,91,88,89],"product_tag":[],"class_list":{"0":"post-13016","1":"product","2":"type-product","3":"status-publish","4":"has-post-thumbnail","6":"product_cat-galaxy-s21-plus","7":"product_cat-ovitki-za-telefone","8":"product_cat-razprodaja","9":"product_cat-samsung","10":"product_cat-samsung-s-serija","11":"pa_primerno-za-model-samsung-galaxy-s21-plus","12":"pa_primerno-za-proizvajalca-samsung","14":"first","15":"instock","16":"sale","17":"taxable","18":"shipping-taxable","19":"purchasable","20":"product-type-simple"},"yoast_head":"<!-- This site is optimized with the Yoast SEO plugin v27.4 - https:\/\/yoast.com\/product\/yoast-seo-wordpress\/ -->\n<title>Guess za\u0161\u010ditni ovitek Script Metal Black, Samsung Galaxy S21+ -<\/title>\n<meta name=\"robots\" content=\"index, follow, max-snippet:-1, max-image-preview:large, max-video-preview:-1\" \/>\n<link rel=\"canonical\" href=\"https:\/\/www.urbanspot.si\/hr\/proizvod-2\/guess-zastitna-metalna-futrola-s-tekstom-crna-za-samsung-galaxy-s21\/\" \/>\n<meta property=\"og:locale\" content=\"hr_HR\" \/>\n<meta property=\"og:type\" content=\"article\" \/>\n<meta property=\"og:title\" content=\"Guess za\u0161\u010ditni ovitek Script Metal Black, Samsung Galaxy S21+ -\" \/>\n<meta property=\"og:description\" content=\"Guess Silicone Script za\u0161\u010ditni ovitek se bo odli\u010dno podal va\u0161emu mobilnemu telefonu in ga hkrati za\u0161\u010ditil proti udarcem. Originalen ovitek bo \u010dudovito krasil va\u0161 aparat, zaradi katerega boste izstopali iz mno\u017eice. Zdru\u017eujejo ga visoka kakovost, edinstven dizajn ter funkcionalnost.\" \/>\n<meta property=\"og:url\" content=\"https:\/\/www.urbanspot.si\/hr\/proizvod-2\/guess-zastitna-metalna-futrola-s-tekstom-crna-za-samsung-galaxy-s21\/\" \/>\n<meta property=\"article:publisher\" content=\"https:\/\/www.facebook.com\/urbanspot.si\" \/>\n<meta property=\"article:modified_time\" content=\"2026-03-19T14:05:15+00:00\" \/>\n<meta property=\"og:image\" content=\"https:\/\/www.urbanspot.si\/wp-content\/uploads\/guess-zascitni-ovitek-script-metal-black-samsung-galaxy-s21.jpg\" \/>\n\t<meta property=\"og:image:width\" content=\"1000\" \/>\n\t<meta property=\"og:image:height\" content=\"1000\" \/>\n\t<meta property=\"og:image:type\" content=\"image\/jpeg\" \/>\n<meta name=\"twitter:card\" content=\"summary_large_image\" \/>\n<meta name=\"twitter:label1\" content=\"Procijenjeno vrijeme \u010ditanja\" \/>\n\t<meta name=\"twitter:data1\" content=\"1 minuta\" \/>\n<script type=\"application\/ld+json\" class=\"yoast-schema-graph\">{\"@context\":\"https:\\\/\\\/schema.org\",\"@graph\":[{\"@type\":\"WebPage\",\"@id\":\"https:\\\/\\\/www.urbanspot.si\\\/produkt\\\/guess-zascitni-ovitek-script-metal-black-samsung-galaxy-s21\\\/\",\"url\":\"https:\\\/\\\/www.urbanspot.si\\\/produkt\\\/guess-zascitni-ovitek-script-metal-black-samsung-galaxy-s21\\\/\",\"name\":\"Guess za\u0161\u010ditni ovitek Script Metal Black, Samsung Galaxy S21+ -\",\"isPartOf\":{\"@id\":\"https:\\\/\\\/www.urbanspot.si\\\/#website\"},\"primaryImageOfPage\":{\"@id\":\"https:\\\/\\\/www.urbanspot.si\\\/produkt\\\/guess-zascitni-ovitek-script-metal-black-samsung-galaxy-s21\\\/#primaryimage\"},\"image\":{\"@id\":\"https:\\\/\\\/www.urbanspot.si\\\/produkt\\\/guess-zascitni-ovitek-script-metal-black-samsung-galaxy-s21\\\/#primaryimage\"},\"thumbnailUrl\":\"https:\\\/\\\/www.urbanspot.si\\\/wp-content\\\/uploads\\\/guess-zascitni-ovitek-script-metal-black-samsung-galaxy-s21.jpg\",\"datePublished\":\"2024-05-22T13:35:28+00:00\",\"dateModified\":\"2026-03-19T14:05:15+00:00\",\"breadcrumb\":{\"@id\":\"https:\\\/\\\/www.urbanspot.si\\\/produkt\\\/guess-zascitni-ovitek-script-metal-black-samsung-galaxy-s21\\\/#breadcrumb\"},\"inLanguage\":\"hr\",\"potentialAction\":[{\"@type\":\"ReadAction\",\"target\":[\"https:\\\/\\\/www.urbanspot.si\\\/produkt\\\/guess-zascitni-ovitek-script-metal-black-samsung-galaxy-s21\\\/\"]}]},{\"@type\":\"ImageObject\",\"inLanguage\":\"hr\",\"@id\":\"https:\\\/\\\/www.urbanspot.si\\\/produkt\\\/guess-zascitni-ovitek-script-metal-black-samsung-galaxy-s21\\\/#primaryimage\",\"url\":\"https:\\\/\\\/www.urbanspot.si\\\/wp-content\\\/uploads\\\/guess-zascitni-ovitek-script-metal-black-samsung-galaxy-s21.jpg\",\"contentUrl\":\"https:\\\/\\\/www.urbanspot.si\\\/wp-content\\\/uploads\\\/guess-zascitni-ovitek-script-metal-black-samsung-galaxy-s21.jpg\",\"width\":1000,\"height\":1000,\"caption\":\"Guess za\u0161\u010ditni ovitek Script Metal Black\"},{\"@type\":\"BreadcrumbList\",\"@id\":\"https:\\\/\\\/www.urbanspot.si\\\/produkt\\\/guess-zascitni-ovitek-script-metal-black-samsung-galaxy-s21\\\/#breadcrumb\",\"itemListElement\":[{\"@type\":\"ListItem\",\"position\":1,\"name\":\"Home\",\"item\":\"https:\\\/\\\/www.urbanspot.si\\\/\"},{\"@type\":\"ListItem\",\"position\":2,\"name\":\"Shop\",\"item\":\"https:\\\/\\\/www.urbanspot.si\\\/shop\\\/\"},{\"@type\":\"ListItem\",\"position\":3,\"name\":\"Guess za\u0161\u010ditni ovitek Script Metal Black, Samsung Galaxy S21+\"}]},{\"@type\":\"WebSite\",\"@id\":\"https:\\\/\\\/www.urbanspot.si\\\/#website\",\"url\":\"https:\\\/\\\/www.urbanspot.si\\\/\",\"name\":\"UrbanSpot\",\"description\":\"\",\"publisher\":{\"@id\":\"https:\\\/\\\/www.urbanspot.si\\\/#organization\"},\"potentialAction\":[{\"@type\":\"SearchAction\",\"target\":{\"@type\":\"EntryPoint\",\"urlTemplate\":\"https:\\\/\\\/www.urbanspot.si\\\/?s={search_term_string}\"},\"query-input\":{\"@type\":\"PropertyValueSpecification\",\"valueRequired\":true,\"valueName\":\"search_term_string\"}}],\"inLanguage\":\"hr\"},{\"@type\":\"Organization\",\"@id\":\"https:\\\/\\\/www.urbanspot.si\\\/#organization\",\"name\":\"UrbanSpot\",\"url\":\"https:\\\/\\\/www.urbanspot.si\\\/\",\"logo\":{\"@type\":\"ImageObject\",\"inLanguage\":\"hr\",\"@id\":\"https:\\\/\\\/www.urbanspot.si\\\/#\\\/schema\\\/logo\\\/image\\\/\",\"url\":\"https:\\\/\\\/www.urbanspot.si\\\/wp-content\\\/uploads\\\/urbanspot-logo.svg\",\"contentUrl\":\"https:\\\/\\\/www.urbanspot.si\\\/wp-content\\\/uploads\\\/urbanspot-logo.svg\",\"width\":185,\"height\":40,\"caption\":\"UrbanSpot\"},\"image\":{\"@id\":\"https:\\\/\\\/www.urbanspot.si\\\/#\\\/schema\\\/logo\\\/image\\\/\"},\"sameAs\":[\"https:\\\/\\\/www.facebook.com\\\/urbanspot.si\"]}]}<\/script>\n<!-- \/ Yoast SEO plugin. -->","yoast_head_json":{"title":"Guess za\u0161\u010ditni ovitek Script Metal Black, Samsung Galaxy S21+ -","robots":{"index":"index","follow":"follow","max-snippet":"max-snippet:-1","max-image-preview":"max-image-preview:large","max-video-preview":"max-video-preview:-1"},"canonical":"https:\/\/www.urbanspot.si\/hr\/proizvod-2\/guess-zastitna-metalna-futrola-s-tekstom-crna-za-samsung-galaxy-s21\/","og_locale":"hr_HR","og_type":"article","og_title":"Guess za\u0161\u010ditni ovitek Script Metal Black, Samsung Galaxy S21+ -","og_description":"Guess Silicone Script za\u0161\u010ditni ovitek se bo odli\u010dno podal va\u0161emu mobilnemu telefonu in ga hkrati za\u0161\u010ditil proti udarcem. Originalen ovitek bo \u010dudovito krasil va\u0161 aparat, zaradi katerega boste izstopali iz mno\u017eice. Zdru\u017eujejo ga visoka kakovost, edinstven dizajn ter funkcionalnost.","og_url":"https:\/\/www.urbanspot.si\/hr\/proizvod-2\/guess-zastitna-metalna-futrola-s-tekstom-crna-za-samsung-galaxy-s21\/","article_publisher":"https:\/\/www.facebook.com\/urbanspot.si","article_modified_time":"2026-03-19T14:05:15+00:00","og_image":[{"width":1000,"height":1000,"url":"https:\/\/www.urbanspot.si\/wp-content\/uploads\/guess-zascitni-ovitek-script-metal-black-samsung-galaxy-s21.jpg","type":"image\/jpeg"}],"twitter_card":"summary_large_image","twitter_misc":{"Procijenjeno vrijeme \u010ditanja":"1 minuta"},"schema":{"@context":"https:\/\/schema.org","@graph":[{"@type":"WebPage","@id":"https:\/\/www.urbanspot.si\/produkt\/guess-zascitni-ovitek-script-metal-black-samsung-galaxy-s21\/","url":"https:\/\/www.urbanspot.si\/produkt\/guess-zascitni-ovitek-script-metal-black-samsung-galaxy-s21\/","name":"Guess za\u0161\u010ditni ovitek Script Metal Black, Samsung Galaxy S21+ -","isPartOf":{"@id":"https:\/\/www.urbanspot.si\/#website"},"primaryImageOfPage":{"@id":"https:\/\/www.urbanspot.si\/produkt\/guess-zascitni-ovitek-script-metal-black-samsung-galaxy-s21\/#primaryimage"},"image":{"@id":"https:\/\/www.urbanspot.si\/produkt\/guess-zascitni-ovitek-script-metal-black-samsung-galaxy-s21\/#primaryimage"},"thumbnailUrl":"https:\/\/www.urbanspot.si\/wp-content\/uploads\/guess-zascitni-ovitek-script-metal-black-samsung-galaxy-s21.jpg","datePublished":"2024-05-22T13:35:28+00:00","dateModified":"2026-03-19T14:05:15+00:00","breadcrumb":{"@id":"https:\/\/www.urbanspot.si\/produkt\/guess-zascitni-ovitek-script-metal-black-samsung-galaxy-s21\/#breadcrumb"},"inLanguage":"hr","potentialAction":[{"@type":"ReadAction","target":["https:\/\/www.urbanspot.si\/produkt\/guess-zascitni-ovitek-script-metal-black-samsung-galaxy-s21\/"]}]},{"@type":"ImageObject","inLanguage":"hr","@id":"https:\/\/www.urbanspot.si\/produkt\/guess-zascitni-ovitek-script-metal-black-samsung-galaxy-s21\/#primaryimage","url":"https:\/\/www.urbanspot.si\/wp-content\/uploads\/guess-zascitni-ovitek-script-metal-black-samsung-galaxy-s21.jpg","contentUrl":"https:\/\/www.urbanspot.si\/wp-content\/uploads\/guess-zascitni-ovitek-script-metal-black-samsung-galaxy-s21.jpg","width":1000,"height":1000,"caption":"Guess za\u0161\u010ditni ovitek Script Metal Black"},{"@type":"BreadcrumbList","@id":"https:\/\/www.urbanspot.si\/produkt\/guess-zascitni-ovitek-script-metal-black-samsung-galaxy-s21\/#breadcrumb","itemListElement":[{"@type":"ListItem","position":1,"name":"Home","item":"https:\/\/www.urbanspot.si\/"},{"@type":"ListItem","position":2,"name":"Shop","item":"https:\/\/www.urbanspot.si\/shop\/"},{"@type":"ListItem","position":3,"name":"Guess za\u0161\u010ditni ovitek Script Metal Black, Samsung Galaxy S21+"}]},{"@type":"WebSite","@id":"https:\/\/www.urbanspot.si\/#website","url":"https:\/\/www.urbanspot.si\/","name":"UrbanSpot","description":"","publisher":{"@id":"https:\/\/www.urbanspot.si\/#organization"},"potentialAction":[{"@type":"SearchAction","target":{"@type":"EntryPoint","urlTemplate":"https:\/\/www.urbanspot.si\/?s={search_term_string}"},"query-input":{"@type":"PropertyValueSpecification","valueRequired":true,"valueName":"search_term_string"}}],"inLanguage":"hr"},{"@type":"Organization","@id":"https:\/\/www.urbanspot.si\/#organization","name":"UrbanSpot","url":"https:\/\/www.urbanspot.si\/","logo":{"@type":"ImageObject","inLanguage":"hr","@id":"https:\/\/www.urbanspot.si\/#\/schema\/logo\/image\/","url":"https:\/\/www.urbanspot.si\/wp-content\/uploads\/urbanspot-logo.svg","contentUrl":"https:\/\/www.urbanspot.si\/wp-content\/uploads\/urbanspot-logo.svg","width":185,"height":40,"caption":"UrbanSpot"},"image":{"@id":"https:\/\/www.urbanspot.si\/#\/schema\/logo\/image\/"},"sameAs":["https:\/\/www.facebook.com\/urbanspot.si"]}]}},"_links":{"self":[{"href":"https:\/\/www.urbanspot.si\/hr\/wp-json\/wp\/v2\/product\/13016","targetHints":{"allow":["GET"]}}],"collection":[{"href":"https:\/\/www.urbanspot.si\/hr\/wp-json\/wp\/v2\/product"}],"about":[{"href":"https:\/\/www.urbanspot.si\/hr\/wp-json\/wp\/v2\/types\/product"}],"replies":[{"embeddable":true,"href":"https:\/\/www.urbanspot.si\/hr\/wp-json\/wp\/v2\/comments?post=13016"}],"version-history":[{"count":2,"href":"https:\/\/www.urbanspot.si\/hr\/wp-json\/wp\/v2\/product\/13016\/revisions"}],"predecessor-version":[{"id":18116,"href":"https:\/\/www.urbanspot.si\/hr\/wp-json\/wp\/v2\/product\/13016\/revisions\/18116"}],"wp:featuredmedia":[{"embeddable":true,"href":"https:\/\/www.urbanspot.si\/hr\/wp-json\/wp\/v2\/media\/13018"}],"wp:attachment":[{"href":"https:\/\/www.urbanspot.si\/hr\/wp-json\/wp\/v2\/media?parent=13016"}],"wp:term":[{"taxonomy":"product_brand","embeddable":true,"href":"https:\/\/www.urbanspot.si\/hr\/wp-json\/wp\/v2\/product_brand?post=13016"},{"taxonomy":"product_cat","embeddable":true,"href":"https:\/\/www.urbanspot.si\/hr\/wp-json\/wp\/v2\/product_cat?post=13016"},{"taxonomy":"product_tag","embeddable":true,"href":"https:\/\/www.urbanspot.si\/hr\/wp-json\/wp\/v2\/product_tag?post=13016"}],"curies":[{"name":"radni list","href":"https:\/\/api.w.org\/{rel}","templated":true}]}}