{"id":13301,"date":"2024-05-22T14:36:03","date_gmt":"2024-05-22T13:36:03","guid":{"rendered":"https:\/\/www.urbanspot.si\/product\/kabel-baseus-za-hitro-polnjenje-type-c-na-lightning-1-20m\/"},"modified":"2026-03-19T16:05:13","modified_gmt":"2026-03-19T14:05:13","slug":"baseus-kabel-za-brzo-punjenje-tip-c-na-lightning-1-20-m","status":"publish","type":"product","link":"https:\/\/www.urbanspot.si\/hr\/produkt\/kabel-baseus-za-hitro-polnjenje-type-c-na-lightning-1-20m\/","title":{"rendered":"Baseus kabel za brzo punjenje, Type-C na Lightning, 2 m"},"content":{"rendered":"<pre id=\"tw-target-text\" class=\"tw-data-text tw-text-large tw-ta\" dir=\"ltr\" data-placeholder=\"Translation\"><span class=\"Y2IQFc\" lang=\"sl\">Crystal Shine serija kabela za Appleovu novu seriju brzih punja\u010da.<\/span><\/pre>\n<p>\u00a0<\/p>\n<p>Zna\u010dajke:\u00a0<\/p>\n<ul>\n<li>Baseus Type-C na Lighting 20W kabel za brzo punjenje\u00a0<\/li>\n<li>Baseus kabel omogu\u0107uje brz prijenos podataka i brzo punjenje<\/li>\n<li>Kompatibilan s PD 18W za sve Apple serije<\/li>\n<li>Omogu\u0107uje brzi prijenos podataka do 480 Mbps\u00a0<\/li>\n<li>Dolazi s vi\u0161eslojnom za\u0161titom i \u010dvrstom strukturom<\/li>\n<li>Izra\u0111eno od visokokvalitetnih materijala<\/li>\n<li>Vi\u0161eslojno opletanje kabela osigurava dugi vijek trajanja<\/li>\n<li>Pametni \u010dip SmartTemperature prati temperaturu i \u0161titi va\u0161 ure\u0111aj tijekom brzog punjenja<\/li>\n<li>SR oja\u010dani fleksibilni spojnik \u2013 ja\u010di i izdr\u017eljiviji<\/li>\n<li>Materijal: Lijevano aluminijsko legura i pleteni kabel od tkanine<\/li>\n<li>Izlazna snaga od 20 W poma\u017ee u trenutnom punjenju va\u0161eg telefona.<\/li>\n<li>\u00a0Duljina kabela: 2 m<\/li>\n<\/ul>","protected":false},"excerpt":{"rendered":"<p>Brzo napunite svoj pametni telefon pomo\u0107u Baseus kabela. Kabel ima Type-C priklju\u010dak na jednom kraju i Lightning priklju\u010dak na drugom. Omogu\u0107uje brzi prijenos podataka i brzo punjenje, tako da mo\u017eete koristiti svoj ure\u0111aj u najkra\u0107em mogu\u0107em roku. Pogodan za sve vrste Apple telefona i tableta.<\/p>","protected":false},"featured_media":13303,"comment_status":"closed","ping_status":"closed","template":"","meta":[],"product_brand":[],"product_cat":[104,249,91],"product_tag":[],"class_list":{"0":"post-13301","1":"product","2":"type-product","3":"status-publish","4":"has-post-thumbnail","6":"product_cat-dodatna-oprema","7":"product_cat-kabli-in-polnilci","8":"product_cat-razprodaja","9":"pa_primerno-za-proizvajalca-apple","11":"first","12":"instock","13":"sale","14":"taxable","15":"shipping-taxable","16":"purchasable","17":"product-type-simple"},"yoast_head":"<!-- This site is optimized with the Yoast SEO plugin v27.2 - https:\/\/yoast.com\/product\/yoast-seo-wordpress\/ -->\n<title>Kabel Baseus za hitro polnjenje, Type C na Lightning, 2m -<\/title>\n<meta name=\"robots\" content=\"index, follow, max-snippet:-1, max-image-preview:large, max-video-preview:-1\" \/>\n<link rel=\"canonical\" href=\"https:\/\/www.urbanspot.si\/hr\/proizvod-2\/baseus-kabel-za-brzo-punjenje-tip-c-na-lightning-1-20-m\/\" \/>\n<meta property=\"og:locale\" content=\"hr_HR\" \/>\n<meta property=\"og:type\" content=\"article\" \/>\n<meta property=\"og:title\" content=\"Kabel Baseus za hitro polnjenje, Type C na Lightning, 2m -\" \/>\n<meta property=\"og:description\" content=\"Hitro napolnite svoj pametni telefon z kablom Baseus. Kabel ima na eni strani priklju\u010dek Type C in na drugi strani pa Lightning. Omogo\u010da hiter prenos podatkov in hitro polnjenje, tako da boste lahko svojo napravo uporabljali v najkraj\u0161em mo\u017enem \u010dasu. Primeren za vse vrste Apple telefonov in tablic.\" \/>\n<meta property=\"og:url\" content=\"https:\/\/www.urbanspot.si\/hr\/proizvod-2\/baseus-kabel-za-brzo-punjenje-tip-c-na-lightning-1-20-m\/\" \/>\n<meta property=\"article:publisher\" content=\"https:\/\/www.facebook.com\/urbanspot.si\" \/>\n<meta property=\"article:modified_time\" content=\"2026-03-19T14:05:13+00:00\" \/>\n<meta property=\"og:image\" content=\"https:\/\/www.urbanspot.si\/wp-content\/uploads\/kabel-baseus-za-hitro-polnjenje-type-c-na-lightning-1-20m.jpg\" \/>\n\t<meta property=\"og:image:width\" content=\"1200\" \/>\n\t<meta property=\"og:image:height\" content=\"1200\" \/>\n\t<meta property=\"og:image:type\" content=\"image\/jpeg\" \/>\n<meta name=\"twitter:card\" content=\"summary_large_image\" \/>\n<meta name=\"twitter:label1\" content=\"Procijenjeno vrijeme \u010ditanja\" \/>\n\t<meta name=\"twitter:data1\" content=\"1 minuta\" \/>\n<script type=\"application\/ld+json\" class=\"yoast-schema-graph\">{\"@context\":\"https:\/\/schema.org\",\"@graph\":[{\"@type\":\"WebPage\",\"@id\":\"https:\/\/www.urbanspot.si\/produkt\/kabel-baseus-za-hitro-polnjenje-type-c-na-lightning-1-20m\/\",\"url\":\"https:\/\/www.urbanspot.si\/produkt\/kabel-baseus-za-hitro-polnjenje-type-c-na-lightning-1-20m\/\",\"name\":\"Kabel Baseus za hitro polnjenje, Type C na Lightning, 2m -\",\"isPartOf\":{\"@id\":\"https:\/\/www.urbanspot.si\/#website\"},\"primaryImageOfPage\":{\"@id\":\"https:\/\/www.urbanspot.si\/produkt\/kabel-baseus-za-hitro-polnjenje-type-c-na-lightning-1-20m\/#primaryimage\"},\"image\":{\"@id\":\"https:\/\/www.urbanspot.si\/produkt\/kabel-baseus-za-hitro-polnjenje-type-c-na-lightning-1-20m\/#primaryimage\"},\"thumbnailUrl\":\"https:\/\/www.urbanspot.si\/wp-content\/uploads\/kabel-baseus-za-hitro-polnjenje-type-c-na-lightning-1-20m.jpg\",\"datePublished\":\"2024-05-22T13:36:03+00:00\",\"dateModified\":\"2026-03-19T14:05:13+00:00\",\"breadcrumb\":{\"@id\":\"https:\/\/www.urbanspot.si\/produkt\/kabel-baseus-za-hitro-polnjenje-type-c-na-lightning-1-20m\/#breadcrumb\"},\"inLanguage\":\"hr\",\"potentialAction\":[{\"@type\":\"ReadAction\",\"target\":[\"https:\/\/www.urbanspot.si\/produkt\/kabel-baseus-za-hitro-polnjenje-type-c-na-lightning-1-20m\/\"]}]},{\"@type\":\"ImageObject\",\"inLanguage\":\"hr\",\"@id\":\"https:\/\/www.urbanspot.si\/produkt\/kabel-baseus-za-hitro-polnjenje-type-c-na-lightning-1-20m\/#primaryimage\",\"url\":\"https:\/\/www.urbanspot.si\/wp-content\/uploads\/kabel-baseus-za-hitro-polnjenje-type-c-na-lightning-1-20m.jpg\",\"contentUrl\":\"https:\/\/www.urbanspot.si\/wp-content\/uploads\/kabel-baseus-za-hitro-polnjenje-type-c-na-lightning-1-20m.jpg\",\"width\":1200,\"height\":1200,\"caption\":\"Kabel Baseus za hitro polnjenje\"},{\"@type\":\"BreadcrumbList\",\"@id\":\"https:\/\/www.urbanspot.si\/produkt\/kabel-baseus-za-hitro-polnjenje-type-c-na-lightning-1-20m\/#breadcrumb\",\"itemListElement\":[{\"@type\":\"ListItem\",\"position\":1,\"name\":\"Home\",\"item\":\"https:\/\/www.urbanspot.si\/\"},{\"@type\":\"ListItem\",\"position\":2,\"name\":\"Shop\",\"item\":\"https:\/\/www.urbanspot.si\/shop\/\"},{\"@type\":\"ListItem\",\"position\":3,\"name\":\"Kabel Baseus za hitro polnjenje, Type C na Lightning, 2m\"}]},{\"@type\":\"WebSite\",\"@id\":\"https:\/\/www.urbanspot.si\/#website\",\"url\":\"https:\/\/www.urbanspot.si\/\",\"name\":\"UrbanSpot\",\"description\":\"\",\"publisher\":{\"@id\":\"https:\/\/www.urbanspot.si\/#organization\"},\"potentialAction\":[{\"@type\":\"SearchAction\",\"target\":{\"@type\":\"EntryPoint\",\"urlTemplate\":\"https:\/\/www.urbanspot.si\/?s={search_term_string}\"},\"query-input\":{\"@type\":\"PropertyValueSpecification\",\"valueRequired\":true,\"valueName\":\"search_term_string\"}}],\"inLanguage\":\"hr\"},{\"@type\":\"Organization\",\"@id\":\"https:\/\/www.urbanspot.si\/#organization\",\"name\":\"UrbanSpot\",\"url\":\"https:\/\/www.urbanspot.si\/\",\"logo\":{\"@type\":\"ImageObject\",\"inLanguage\":\"hr\",\"@id\":\"https:\/\/www.urbanspot.si\/#\/schema\/logo\/image\/\",\"url\":\"https:\/\/www.urbanspot.si\/wp-content\/uploads\/urbanspot-logo.svg\",\"contentUrl\":\"https:\/\/www.urbanspot.si\/wp-content\/uploads\/urbanspot-logo.svg\",\"width\":185,\"height\":40,\"caption\":\"UrbanSpot\"},\"image\":{\"@id\":\"https:\/\/www.urbanspot.si\/#\/schema\/logo\/image\/\"},\"sameAs\":[\"https:\/\/www.facebook.com\/urbanspot.si\"]}]}<\/script>\n<!-- \/ Yoast SEO plugin. -->","yoast_head_json":{"title":"Kabel Baseus za hitro polnjenje, Type C na Lightning, 2m -","robots":{"index":"index","follow":"follow","max-snippet":"max-snippet:-1","max-image-preview":"max-image-preview:large","max-video-preview":"max-video-preview:-1"},"canonical":"https:\/\/www.urbanspot.si\/hr\/proizvod-2\/baseus-kabel-za-brzo-punjenje-tip-c-na-lightning-1-20-m\/","og_locale":"hr_HR","og_type":"article","og_title":"Kabel Baseus za hitro polnjenje, Type C na Lightning, 2m -","og_description":"Hitro napolnite svoj pametni telefon z kablom Baseus. Kabel ima na eni strani priklju\u010dek Type C in na drugi strani pa Lightning. Omogo\u010da hiter prenos podatkov in hitro polnjenje, tako da boste lahko svojo napravo uporabljali v najkraj\u0161em mo\u017enem \u010dasu. Primeren za vse vrste Apple telefonov in tablic.","og_url":"https:\/\/www.urbanspot.si\/hr\/proizvod-2\/baseus-kabel-za-brzo-punjenje-tip-c-na-lightning-1-20-m\/","article_publisher":"https:\/\/www.facebook.com\/urbanspot.si","article_modified_time":"2026-03-19T14:05:13+00:00","og_image":[{"width":1200,"height":1200,"url":"https:\/\/www.urbanspot.si\/wp-content\/uploads\/kabel-baseus-za-hitro-polnjenje-type-c-na-lightning-1-20m.jpg","type":"image\/jpeg"}],"twitter_card":"summary_large_image","twitter_misc":{"Procijenjeno vrijeme \u010ditanja":"1 minuta"},"schema":{"@context":"https:\/\/schema.org","@graph":[{"@type":"WebPage","@id":"https:\/\/www.urbanspot.si\/produkt\/kabel-baseus-za-hitro-polnjenje-type-c-na-lightning-1-20m\/","url":"https:\/\/www.urbanspot.si\/produkt\/kabel-baseus-za-hitro-polnjenje-type-c-na-lightning-1-20m\/","name":"Kabel Baseus za hitro polnjenje, Type C na Lightning, 2m -","isPartOf":{"@id":"https:\/\/www.urbanspot.si\/#website"},"primaryImageOfPage":{"@id":"https:\/\/www.urbanspot.si\/produkt\/kabel-baseus-za-hitro-polnjenje-type-c-na-lightning-1-20m\/#primaryimage"},"image":{"@id":"https:\/\/www.urbanspot.si\/produkt\/kabel-baseus-za-hitro-polnjenje-type-c-na-lightning-1-20m\/#primaryimage"},"thumbnailUrl":"https:\/\/www.urbanspot.si\/wp-content\/uploads\/kabel-baseus-za-hitro-polnjenje-type-c-na-lightning-1-20m.jpg","datePublished":"2024-05-22T13:36:03+00:00","dateModified":"2026-03-19T14:05:13+00:00","breadcrumb":{"@id":"https:\/\/www.urbanspot.si\/produkt\/kabel-baseus-za-hitro-polnjenje-type-c-na-lightning-1-20m\/#breadcrumb"},"inLanguage":"hr","potentialAction":[{"@type":"ReadAction","target":["https:\/\/www.urbanspot.si\/produkt\/kabel-baseus-za-hitro-polnjenje-type-c-na-lightning-1-20m\/"]}]},{"@type":"ImageObject","inLanguage":"hr","@id":"https:\/\/www.urbanspot.si\/produkt\/kabel-baseus-za-hitro-polnjenje-type-c-na-lightning-1-20m\/#primaryimage","url":"https:\/\/www.urbanspot.si\/wp-content\/uploads\/kabel-baseus-za-hitro-polnjenje-type-c-na-lightning-1-20m.jpg","contentUrl":"https:\/\/www.urbanspot.si\/wp-content\/uploads\/kabel-baseus-za-hitro-polnjenje-type-c-na-lightning-1-20m.jpg","width":1200,"height":1200,"caption":"Kabel Baseus za hitro polnjenje"},{"@type":"BreadcrumbList","@id":"https:\/\/www.urbanspot.si\/produkt\/kabel-baseus-za-hitro-polnjenje-type-c-na-lightning-1-20m\/#breadcrumb","itemListElement":[{"@type":"ListItem","position":1,"name":"Home","item":"https:\/\/www.urbanspot.si\/"},{"@type":"ListItem","position":2,"name":"Shop","item":"https:\/\/www.urbanspot.si\/shop\/"},{"@type":"ListItem","position":3,"name":"Kabel Baseus za hitro polnjenje, Type C na Lightning, 2m"}]},{"@type":"WebSite","@id":"https:\/\/www.urbanspot.si\/#website","url":"https:\/\/www.urbanspot.si\/","name":"UrbanSpot","description":"","publisher":{"@id":"https:\/\/www.urbanspot.si\/#organization"},"potentialAction":[{"@type":"SearchAction","target":{"@type":"EntryPoint","urlTemplate":"https:\/\/www.urbanspot.si\/?s={search_term_string}"},"query-input":{"@type":"PropertyValueSpecification","valueRequired":true,"valueName":"search_term_string"}}],"inLanguage":"hr"},{"@type":"Organization","@id":"https:\/\/www.urbanspot.si\/#organization","name":"UrbanSpot","url":"https:\/\/www.urbanspot.si\/","logo":{"@type":"ImageObject","inLanguage":"hr","@id":"https:\/\/www.urbanspot.si\/#\/schema\/logo\/image\/","url":"https:\/\/www.urbanspot.si\/wp-content\/uploads\/urbanspot-logo.svg","contentUrl":"https:\/\/www.urbanspot.si\/wp-content\/uploads\/urbanspot-logo.svg","width":185,"height":40,"caption":"UrbanSpot"},"image":{"@id":"https:\/\/www.urbanspot.si\/#\/schema\/logo\/image\/"},"sameAs":["https:\/\/www.facebook.com\/urbanspot.si"]}]}},"_links":{"self":[{"href":"https:\/\/www.urbanspot.si\/hr\/wp-json\/wp\/v2\/product\/13301","targetHints":{"allow":["GET"]}}],"collection":[{"href":"https:\/\/www.urbanspot.si\/hr\/wp-json\/wp\/v2\/product"}],"about":[{"href":"https:\/\/www.urbanspot.si\/hr\/wp-json\/wp\/v2\/types\/product"}],"replies":[{"embeddable":true,"href":"https:\/\/www.urbanspot.si\/hr\/wp-json\/wp\/v2\/comments?post=13301"}],"version-history":[{"count":1,"href":"https:\/\/www.urbanspot.si\/hr\/wp-json\/wp\/v2\/product\/13301\/revisions"}],"predecessor-version":[{"id":13302,"href":"https:\/\/www.urbanspot.si\/hr\/wp-json\/wp\/v2\/product\/13301\/revisions\/13302"}],"wp:featuredmedia":[{"embeddable":true,"href":"https:\/\/www.urbanspot.si\/hr\/wp-json\/wp\/v2\/media\/13303"}],"wp:attachment":[{"href":"https:\/\/www.urbanspot.si\/hr\/wp-json\/wp\/v2\/media?parent=13301"}],"wp:term":[{"taxonomy":"product_brand","embeddable":true,"href":"https:\/\/www.urbanspot.si\/hr\/wp-json\/wp\/v2\/product_brand?post=13301"},{"taxonomy":"product_cat","embeddable":true,"href":"https:\/\/www.urbanspot.si\/hr\/wp-json\/wp\/v2\/product_cat?post=13301"},{"taxonomy":"product_tag","embeddable":true,"href":"https:\/\/www.urbanspot.si\/hr\/wp-json\/wp\/v2\/product_tag?post=13301"}],"curies":[{"name":"radni list","href":"https:\/\/api.w.org\/{rel}","templated":true}]}}