{"id":13628,"date":"2024-05-22T14:36:53","date_gmt":"2024-05-22T13:36:53","guid":{"rendered":"https:\/\/www.urbanspot.si\/product\/karl-lagerfeld-torbica-za-mobilni-telefon-embossed-black\/"},"modified":"2026-03-18T15:54:20","modified_gmt":"2026-03-18T13:54:20","slug":"reljefna-crna-futrola-za-mobitel-karl-lagerfeld","status":"publish","type":"product","link":"https:\/\/www.urbanspot.si\/hr\/produkt\/karl-lagerfeld-torbica-za-mobilni-telefon-embossed-black\/","title":{"rendered":"Maska za mobitel Karl Lagerfeld, reljefna crna"},"content":{"rendered":"<p>Maska za telefon Karl Lagerfeld - elegantna kolekcija s 3D logotipom Karl Lagerfeld. Brend Karl Lagerfeld ve\u0107 je desetlje\u0107ima sinonim za savr\u0161en dizajn i najvi\u0161u kvalitetu. Nova kolekcija za\u0161titnih maskica za telefon temelji se na istim vrijednostima.<\/p>\n<p><strong>Zna\u010dajke:<\/strong><\/p>\n<ul style=\"list-style-type: disc;\">\n<li>Elegantna maskica \u0161titi cijeli ure\u0111aj, a zahvaljuju\u0107i izrezu mo\u017eete puniti telefon bez va\u0111enja iz maskice.<\/li>\n<li>Torba ima ugra\u0111ene ru\u010dke, na koje je pri\u010dvr\u0161\u0107en prakti\u010dni remen sa srebrnim elementima.<\/li>\n<li>Stvorite svoj jedinstveni stil i dodajte sofisticiranu estetiku marke Karl Lagerfeld na svoj telefon.<\/li>\n<li>Veli\u010dina: Pogodno za sve ve\u0107e telefone veli\u010dine 6,7\u2033 (do iPhone 12\/13 Pro Max)<\/li>\n<li>Izra\u0111ena od visokokvalitetne ekolo\u0161ki prihvatljive ko\u017ee<\/li>\n<\/ul>","protected":false},"excerpt":{"rendered":"<p>S prakti\u010dnom maskicom Karl Lagerfeld mo\u017eete ponijeti svoj mobitel bilo gdje. Va\u0161 \u0107e telefon biti za\u0161ti\u0107en od ogrebotina, udaraca i prljav\u0161tine. Maskica je idealna za ljude koji cijene prakti\u010dnost i estetiku.<\/p>","protected":false},"featured_media":13630,"comment_status":"closed","ping_status":"closed","template":"","meta":[],"product_brand":[],"product_cat":[104,91,140,139,550],"product_tag":[],"class_list":{"0":"post-13628","1":"product","2":"type-product","3":"status-publish","4":"has-post-thumbnail","6":"product_cat-dodatna-oprema","7":"product_cat-razprodaja","8":"product_cat-torbe","9":"product_cat-torbe-in-nahrbtniki-za-prenosnike","10":"product_cat-torbice-za-mobilni-telefon","11":"pa_primerno-za-proizvajalca-apple","12":"pa_primerno-za-proizvajalca-honor","13":"pa_primerno-za-proizvajalca-samsung","15":"first","16":"outofstock","17":"sale","18":"taxable","19":"shipping-taxable","20":"purchasable","21":"product-type-simple"},"yoast_head":"<!-- This site is optimized with the Yoast SEO plugin v27.2 - https:\/\/yoast.com\/product\/yoast-seo-wordpress\/ -->\n<title>Karl Lagerfeld torbica za mobilni telefon, Embossed Black -<\/title>\n<meta name=\"robots\" content=\"index, follow, max-snippet:-1, max-image-preview:large, max-video-preview:-1\" \/>\n<link rel=\"canonical\" href=\"https:\/\/www.urbanspot.si\/hr\/proizvod-2\/reljefna-crna-futrola-za-mobitel-karl-lagerfeld\/\" \/>\n<meta property=\"og:locale\" content=\"hr_HR\" \/>\n<meta property=\"og:type\" content=\"article\" \/>\n<meta property=\"og:title\" content=\"Karl Lagerfeld torbica za mobilni telefon, Embossed Black -\" \/>\n<meta property=\"og:description\" content=\"Z priro\u010dno Karl Lagerfeld torbico lahko svoj mobilni telefon vzamete kamorkoli. Telefon bo za\u0161\u010diten pred praskami, udarci in umazanijo. Torbica je idealna za ljudi, ki cenijo prakti\u010dnost in estetiko.\" \/>\n<meta property=\"og:url\" content=\"https:\/\/www.urbanspot.si\/hr\/proizvod-2\/reljefna-crna-futrola-za-mobitel-karl-lagerfeld\/\" \/>\n<meta property=\"article:publisher\" content=\"https:\/\/www.facebook.com\/urbanspot.si\" \/>\n<meta property=\"article:modified_time\" content=\"2026-03-18T13:54:20+00:00\" \/>\n<meta property=\"og:image\" content=\"https:\/\/www.urbanspot.si\/wp-content\/uploads\/karl-lagerfeld-torbica-za-mobilni-telefon-embossed-black.jpg\" \/>\n\t<meta property=\"og:image:width\" content=\"600\" \/>\n\t<meta property=\"og:image:height\" content=\"600\" \/>\n\t<meta property=\"og:image:type\" content=\"image\/jpeg\" \/>\n<meta name=\"twitter:card\" content=\"summary_large_image\" \/>\n<meta name=\"twitter:label1\" content=\"Procijenjeno vrijeme \u010ditanja\" \/>\n\t<meta name=\"twitter:data1\" content=\"1 minuta\" \/>\n<script type=\"application\/ld+json\" class=\"yoast-schema-graph\">{\"@context\":\"https:\/\/schema.org\",\"@graph\":[{\"@type\":\"WebPage\",\"@id\":\"https:\/\/www.urbanspot.si\/produkt\/karl-lagerfeld-torbica-za-mobilni-telefon-embossed-black\/\",\"url\":\"https:\/\/www.urbanspot.si\/produkt\/karl-lagerfeld-torbica-za-mobilni-telefon-embossed-black\/\",\"name\":\"Karl Lagerfeld torbica za mobilni telefon, Embossed Black -\",\"isPartOf\":{\"@id\":\"https:\/\/www.urbanspot.si\/#website\"},\"primaryImageOfPage\":{\"@id\":\"https:\/\/www.urbanspot.si\/produkt\/karl-lagerfeld-torbica-za-mobilni-telefon-embossed-black\/#primaryimage\"},\"image\":{\"@id\":\"https:\/\/www.urbanspot.si\/produkt\/karl-lagerfeld-torbica-za-mobilni-telefon-embossed-black\/#primaryimage\"},\"thumbnailUrl\":\"https:\/\/www.urbanspot.si\/wp-content\/uploads\/karl-lagerfeld-torbica-za-mobilni-telefon-embossed-black.jpg\",\"datePublished\":\"2024-05-22T13:36:53+00:00\",\"dateModified\":\"2026-03-18T13:54:20+00:00\",\"breadcrumb\":{\"@id\":\"https:\/\/www.urbanspot.si\/produkt\/karl-lagerfeld-torbica-za-mobilni-telefon-embossed-black\/#breadcrumb\"},\"inLanguage\":\"hr\",\"potentialAction\":[{\"@type\":\"ReadAction\",\"target\":[\"https:\/\/www.urbanspot.si\/produkt\/karl-lagerfeld-torbica-za-mobilni-telefon-embossed-black\/\"]}]},{\"@type\":\"ImageObject\",\"inLanguage\":\"hr\",\"@id\":\"https:\/\/www.urbanspot.si\/produkt\/karl-lagerfeld-torbica-za-mobilni-telefon-embossed-black\/#primaryimage\",\"url\":\"https:\/\/www.urbanspot.si\/wp-content\/uploads\/karl-lagerfeld-torbica-za-mobilni-telefon-embossed-black.jpg\",\"contentUrl\":\"https:\/\/www.urbanspot.si\/wp-content\/uploads\/karl-lagerfeld-torbica-za-mobilni-telefon-embossed-black.jpg\",\"width\":600,\"height\":600,\"caption\":\"Karl Lagerfeld torbica za mobilni telefon\"},{\"@type\":\"BreadcrumbList\",\"@id\":\"https:\/\/www.urbanspot.si\/produkt\/karl-lagerfeld-torbica-za-mobilni-telefon-embossed-black\/#breadcrumb\",\"itemListElement\":[{\"@type\":\"ListItem\",\"position\":1,\"name\":\"Home\",\"item\":\"https:\/\/www.urbanspot.si\/\"},{\"@type\":\"ListItem\",\"position\":2,\"name\":\"Shop\",\"item\":\"https:\/\/www.urbanspot.si\/shop\/\"},{\"@type\":\"ListItem\",\"position\":3,\"name\":\"Karl Lagerfeld torbica za mobilni telefon, Embossed Black\"}]},{\"@type\":\"WebSite\",\"@id\":\"https:\/\/www.urbanspot.si\/#website\",\"url\":\"https:\/\/www.urbanspot.si\/\",\"name\":\"UrbanSpot\",\"description\":\"\",\"publisher\":{\"@id\":\"https:\/\/www.urbanspot.si\/#organization\"},\"potentialAction\":[{\"@type\":\"SearchAction\",\"target\":{\"@type\":\"EntryPoint\",\"urlTemplate\":\"https:\/\/www.urbanspot.si\/?s={search_term_string}\"},\"query-input\":{\"@type\":\"PropertyValueSpecification\",\"valueRequired\":true,\"valueName\":\"search_term_string\"}}],\"inLanguage\":\"hr\"},{\"@type\":\"Organization\",\"@id\":\"https:\/\/www.urbanspot.si\/#organization\",\"name\":\"UrbanSpot\",\"url\":\"https:\/\/www.urbanspot.si\/\",\"logo\":{\"@type\":\"ImageObject\",\"inLanguage\":\"hr\",\"@id\":\"https:\/\/www.urbanspot.si\/#\/schema\/logo\/image\/\",\"url\":\"https:\/\/www.urbanspot.si\/wp-content\/uploads\/urbanspot-logo.svg\",\"contentUrl\":\"https:\/\/www.urbanspot.si\/wp-content\/uploads\/urbanspot-logo.svg\",\"width\":185,\"height\":40,\"caption\":\"UrbanSpot\"},\"image\":{\"@id\":\"https:\/\/www.urbanspot.si\/#\/schema\/logo\/image\/\"},\"sameAs\":[\"https:\/\/www.facebook.com\/urbanspot.si\"]}]}<\/script>\n<!-- \/ Yoast SEO plugin. -->","yoast_head_json":{"title":"Karl Lagerfeld torbica za mobilni telefon, Embossed Black -","robots":{"index":"index","follow":"follow","max-snippet":"max-snippet:-1","max-image-preview":"max-image-preview:large","max-video-preview":"max-video-preview:-1"},"canonical":"https:\/\/www.urbanspot.si\/hr\/proizvod-2\/reljefna-crna-futrola-za-mobitel-karl-lagerfeld\/","og_locale":"hr_HR","og_type":"article","og_title":"Karl Lagerfeld torbica za mobilni telefon, Embossed Black -","og_description":"Z priro\u010dno Karl Lagerfeld torbico lahko svoj mobilni telefon vzamete kamorkoli. Telefon bo za\u0161\u010diten pred praskami, udarci in umazanijo. Torbica je idealna za ljudi, ki cenijo prakti\u010dnost in estetiko.","og_url":"https:\/\/www.urbanspot.si\/hr\/proizvod-2\/reljefna-crna-futrola-za-mobitel-karl-lagerfeld\/","article_publisher":"https:\/\/www.facebook.com\/urbanspot.si","article_modified_time":"2026-03-18T13:54:20+00:00","og_image":[{"width":600,"height":600,"url":"https:\/\/www.urbanspot.si\/wp-content\/uploads\/karl-lagerfeld-torbica-za-mobilni-telefon-embossed-black.jpg","type":"image\/jpeg"}],"twitter_card":"summary_large_image","twitter_misc":{"Procijenjeno vrijeme \u010ditanja":"1 minuta"},"schema":{"@context":"https:\/\/schema.org","@graph":[{"@type":"WebPage","@id":"https:\/\/www.urbanspot.si\/produkt\/karl-lagerfeld-torbica-za-mobilni-telefon-embossed-black\/","url":"https:\/\/www.urbanspot.si\/produkt\/karl-lagerfeld-torbica-za-mobilni-telefon-embossed-black\/","name":"Karl Lagerfeld torbica za mobilni telefon, Embossed Black -","isPartOf":{"@id":"https:\/\/www.urbanspot.si\/#website"},"primaryImageOfPage":{"@id":"https:\/\/www.urbanspot.si\/produkt\/karl-lagerfeld-torbica-za-mobilni-telefon-embossed-black\/#primaryimage"},"image":{"@id":"https:\/\/www.urbanspot.si\/produkt\/karl-lagerfeld-torbica-za-mobilni-telefon-embossed-black\/#primaryimage"},"thumbnailUrl":"https:\/\/www.urbanspot.si\/wp-content\/uploads\/karl-lagerfeld-torbica-za-mobilni-telefon-embossed-black.jpg","datePublished":"2024-05-22T13:36:53+00:00","dateModified":"2026-03-18T13:54:20+00:00","breadcrumb":{"@id":"https:\/\/www.urbanspot.si\/produkt\/karl-lagerfeld-torbica-za-mobilni-telefon-embossed-black\/#breadcrumb"},"inLanguage":"hr","potentialAction":[{"@type":"ReadAction","target":["https:\/\/www.urbanspot.si\/produkt\/karl-lagerfeld-torbica-za-mobilni-telefon-embossed-black\/"]}]},{"@type":"ImageObject","inLanguage":"hr","@id":"https:\/\/www.urbanspot.si\/produkt\/karl-lagerfeld-torbica-za-mobilni-telefon-embossed-black\/#primaryimage","url":"https:\/\/www.urbanspot.si\/wp-content\/uploads\/karl-lagerfeld-torbica-za-mobilni-telefon-embossed-black.jpg","contentUrl":"https:\/\/www.urbanspot.si\/wp-content\/uploads\/karl-lagerfeld-torbica-za-mobilni-telefon-embossed-black.jpg","width":600,"height":600,"caption":"Karl Lagerfeld torbica za mobilni telefon"},{"@type":"BreadcrumbList","@id":"https:\/\/www.urbanspot.si\/produkt\/karl-lagerfeld-torbica-za-mobilni-telefon-embossed-black\/#breadcrumb","itemListElement":[{"@type":"ListItem","position":1,"name":"Home","item":"https:\/\/www.urbanspot.si\/"},{"@type":"ListItem","position":2,"name":"Shop","item":"https:\/\/www.urbanspot.si\/shop\/"},{"@type":"ListItem","position":3,"name":"Karl Lagerfeld torbica za mobilni telefon, Embossed Black"}]},{"@type":"WebSite","@id":"https:\/\/www.urbanspot.si\/#website","url":"https:\/\/www.urbanspot.si\/","name":"UrbanSpot","description":"","publisher":{"@id":"https:\/\/www.urbanspot.si\/#organization"},"potentialAction":[{"@type":"SearchAction","target":{"@type":"EntryPoint","urlTemplate":"https:\/\/www.urbanspot.si\/?s={search_term_string}"},"query-input":{"@type":"PropertyValueSpecification","valueRequired":true,"valueName":"search_term_string"}}],"inLanguage":"hr"},{"@type":"Organization","@id":"https:\/\/www.urbanspot.si\/#organization","name":"UrbanSpot","url":"https:\/\/www.urbanspot.si\/","logo":{"@type":"ImageObject","inLanguage":"hr","@id":"https:\/\/www.urbanspot.si\/#\/schema\/logo\/image\/","url":"https:\/\/www.urbanspot.si\/wp-content\/uploads\/urbanspot-logo.svg","contentUrl":"https:\/\/www.urbanspot.si\/wp-content\/uploads\/urbanspot-logo.svg","width":185,"height":40,"caption":"UrbanSpot"},"image":{"@id":"https:\/\/www.urbanspot.si\/#\/schema\/logo\/image\/"},"sameAs":["https:\/\/www.facebook.com\/urbanspot.si"]}]}},"_links":{"self":[{"href":"https:\/\/www.urbanspot.si\/hr\/wp-json\/wp\/v2\/product\/13628","targetHints":{"allow":["GET"]}}],"collection":[{"href":"https:\/\/www.urbanspot.si\/hr\/wp-json\/wp\/v2\/product"}],"about":[{"href":"https:\/\/www.urbanspot.si\/hr\/wp-json\/wp\/v2\/types\/product"}],"replies":[{"embeddable":true,"href":"https:\/\/www.urbanspot.si\/hr\/wp-json\/wp\/v2\/comments?post=13628"}],"version-history":[{"count":2,"href":"https:\/\/www.urbanspot.si\/hr\/wp-json\/wp\/v2\/product\/13628\/revisions"}],"predecessor-version":[{"id":18257,"href":"https:\/\/www.urbanspot.si\/hr\/wp-json\/wp\/v2\/product\/13628\/revisions\/18257"}],"wp:featuredmedia":[{"embeddable":true,"href":"https:\/\/www.urbanspot.si\/hr\/wp-json\/wp\/v2\/media\/13630"}],"wp:attachment":[{"href":"https:\/\/www.urbanspot.si\/hr\/wp-json\/wp\/v2\/media?parent=13628"}],"wp:term":[{"taxonomy":"product_brand","embeddable":true,"href":"https:\/\/www.urbanspot.si\/hr\/wp-json\/wp\/v2\/product_brand?post=13628"},{"taxonomy":"product_cat","embeddable":true,"href":"https:\/\/www.urbanspot.si\/hr\/wp-json\/wp\/v2\/product_cat?post=13628"},{"taxonomy":"product_tag","embeddable":true,"href":"https:\/\/www.urbanspot.si\/hr\/wp-json\/wp\/v2\/product_tag?post=13628"}],"curies":[{"name":"radni list","href":"https:\/\/api.w.org\/{rel}","templated":true}]}}