{"id":13670,"date":"2024-05-22T14:37:10","date_gmt":"2024-05-22T13:37:10","guid":{"rendered":"https:\/\/www.urbanspot.si\/product\/karl-lagerfeld-zascitni-ovitek-saffiano-monogram-card-slot-iphone-11-xr\/"},"modified":"2026-03-18T15:54:19","modified_gmt":"2026-03-18T13:54:19","slug":"zastitna-futrola-karl-lagerfeld-saffiano-s-utorom-za-kartice-i-monogramom-za-iphone-11-xr","status":"publish","type":"product","link":"https:\/\/www.urbanspot.si\/hr\/produkt\/karl-lagerfeld-zascitni-ovitek-saffiano-monogram-card-slot-iphone-11-xr\/","title":{"rendered":"Karl Lagerfeld za\u0161titna futrola Saffiano Monogram s utorom za kartice, iPhone 11\/XR"},"content":{"rendered":"<p>Futrola je izra\u0111ena od vrlo izdr\u017eljivog materijala i \u0161titi va\u0161 telefon od udaraca i ogrebotina. Naravno, to je i originalan modni dodatak koji \u0107e va\u0161em telefonu dati neusporediv izgled.<\/p>\n<p>\u00a0<\/p>\n<ul>\n<li>Za\u0161titna torbica modnog brenda Karl Lagerfeld<\/li>\n<li>Osim iznimne za\u0161tite, maskica za kartice Karl Lagerfeld Saffiano Monogram nudi i funkcionalnost.<\/li>\n<li>Futrola je od silikona, mekana i savr\u0161eno prianja uz telefon.<\/li>\n<li>Pouzdana za\u0161tita od padova i ozljeda<\/li>\n<li>\u0160titi od prljav\u0161tine i ogrebotina<\/li>\n<li>S posebno dizajniranim utorima na stra\u017enjoj strani kutije, sada uvijek mo\u017eete imati svoje omiljene kartice pri ruci.<\/li>\n<li>Zaboravite na tra\u017eenje nov\u010danika, jer u ovaj prakti\u010dni utor mo\u017eete jednostavno pohraniti svoju kreditnu karticu i osobnu iskaznicu ili posjetnicu.<\/li>\n<\/ul>","protected":false},"excerpt":{"rendered":"<p>Maska za kartice Karl Lagerfeld Saffiano Monogram izra\u0111ena je od vrhunske Saffiano PU ko\u017ee, \u0161to joj daje iznimnu izdr\u017eljivost i otpornost na ogrebotine i udarce. Va\u0161 iPhone 11 bit \u0107e sigurno za\u0161ti\u0107en od neo\u010dekivanih o\u0161te\u0107enja bez ugro\u017eavanja njegovog glamuroznog izgleda. Dizajn maskice ukra\u0161en je kultnim monogramom Karla Lagerfelda, nagla\u0161avaju\u0107i va\u0161u modnu svijest i ljubav prema presti\u017eu.<\/p>","protected":false},"featured_media":13672,"comment_status":"closed","ping_status":"closed","template":"","meta":[],"product_brand":[],"product_cat":[92,127,122,104,136,137,560,91],"product_tag":[],"class_list":{"0":"post-13670","1":"product","2":"type-product","3":"status-publish","4":"has-post-thumbnail","6":"product_cat-apple","7":"product_cat-apple-iphone-11-serija","8":"product_cat-apple-iphone-x-serija","9":"product_cat-dodatna-oprema","10":"product_cat-iphone-11-apple-iphone-11-serija","11":"product_cat-iphone-xr-apple-iphone-x-serija","12":"product_cat-ovitki-za-telefone","13":"product_cat-razprodaja","14":"pa_primerno-za-model-iphone-11","15":"pa_primerno-za-model-iphone-xr","16":"pa_primerno-za-proizvajalca-apple","18":"first","19":"outofstock","20":"sale","21":"taxable","22":"shipping-taxable","23":"purchasable","24":"product-type-simple"},"yoast_head":"<!-- This site is optimized with the Yoast SEO plugin v27.4 - https:\/\/yoast.com\/product\/yoast-seo-wordpress\/ -->\n<title>Karl Lagerfeld za\u0161\u010ditni ovitek Saffiano Monogram Card Slot, Iphone 11\/XR -<\/title>\n<meta name=\"robots\" content=\"index, follow, max-snippet:-1, max-image-preview:large, max-video-preview:-1\" \/>\n<link rel=\"canonical\" href=\"https:\/\/www.urbanspot.si\/hr\/proizvod-2\/zastitna-futrola-karl-lagerfeld-saffiano-s-utorom-za-kartice-i-monogramom-za-iphone-11-xr\/\" \/>\n<meta property=\"og:locale\" content=\"hr_HR\" \/>\n<meta property=\"og:type\" content=\"article\" \/>\n<meta property=\"og:title\" content=\"Karl Lagerfeld za\u0161\u010ditni ovitek Saffiano Monogram Card Slot, Iphone 11\/XR -\" \/>\n<meta property=\"og:description\" content=\"Ovitek Karl Lagerfeld Saffiano Monogram Card Slot je izdelan iz vrhunskega PU usnja Saffiano, ki mu daje izjemno vzdr\u017eljivost in odpornost na praske ter udarce. Va\u0161 iPhone 11 bo varno za\u0161\u010diten pred nepri\u010dakovanimi po\u0161kodbami, ne da bi pri tem ogrozil svoj glamurozen videz. Dizajn ovitka je okra\u0161en z ikoni\u010dnim monogramom Karl Lagerfeld, ki poudarja va\u0161o modno ozave\u0161\u010denost in ljubezen do presti\u017ea.\" \/>\n<meta property=\"og:url\" content=\"https:\/\/www.urbanspot.si\/hr\/proizvod-2\/zastitna-futrola-karl-lagerfeld-saffiano-s-utorom-za-kartice-i-monogramom-za-iphone-11-xr\/\" \/>\n<meta property=\"article:publisher\" content=\"https:\/\/www.facebook.com\/urbanspot.si\" \/>\n<meta property=\"article:modified_time\" content=\"2026-03-18T13:54:19+00:00\" \/>\n<meta property=\"og:image\" content=\"https:\/\/www.urbanspot.si\/wp-content\/uploads\/karl-lagerfeld-zascitni-ovitek-saffiano-monogram-card-slot-iphone-11-xr.png\" \/>\n\t<meta property=\"og:image:width\" content=\"1200\" \/>\n\t<meta property=\"og:image:height\" content=\"1200\" \/>\n\t<meta property=\"og:image:type\" content=\"image\/png\" \/>\n<meta name=\"twitter:card\" content=\"summary_large_image\" \/>\n<meta name=\"twitter:label1\" content=\"Procijenjeno vrijeme \u010ditanja\" \/>\n\t<meta name=\"twitter:data1\" content=\"1 minuta\" \/>\n<script type=\"application\/ld+json\" class=\"yoast-schema-graph\">{\"@context\":\"https:\\\/\\\/schema.org\",\"@graph\":[{\"@type\":\"WebPage\",\"@id\":\"https:\\\/\\\/www.urbanspot.si\\\/produkt\\\/karl-lagerfeld-zascitni-ovitek-saffiano-monogram-card-slot-iphone-11-xr\\\/\",\"url\":\"https:\\\/\\\/www.urbanspot.si\\\/produkt\\\/karl-lagerfeld-zascitni-ovitek-saffiano-monogram-card-slot-iphone-11-xr\\\/\",\"name\":\"Karl Lagerfeld za\u0161\u010ditni ovitek Saffiano Monogram Card Slot, Iphone 11\\\/XR -\",\"isPartOf\":{\"@id\":\"https:\\\/\\\/www.urbanspot.si\\\/#website\"},\"primaryImageOfPage\":{\"@id\":\"https:\\\/\\\/www.urbanspot.si\\\/produkt\\\/karl-lagerfeld-zascitni-ovitek-saffiano-monogram-card-slot-iphone-11-xr\\\/#primaryimage\"},\"image\":{\"@id\":\"https:\\\/\\\/www.urbanspot.si\\\/produkt\\\/karl-lagerfeld-zascitni-ovitek-saffiano-monogram-card-slot-iphone-11-xr\\\/#primaryimage\"},\"thumbnailUrl\":\"https:\\\/\\\/www.urbanspot.si\\\/wp-content\\\/uploads\\\/karl-lagerfeld-zascitni-ovitek-saffiano-monogram-card-slot-iphone-11-xr.png\",\"datePublished\":\"2024-05-22T13:37:10+00:00\",\"dateModified\":\"2026-03-18T13:54:19+00:00\",\"breadcrumb\":{\"@id\":\"https:\\\/\\\/www.urbanspot.si\\\/produkt\\\/karl-lagerfeld-zascitni-ovitek-saffiano-monogram-card-slot-iphone-11-xr\\\/#breadcrumb\"},\"inLanguage\":\"hr\",\"potentialAction\":[{\"@type\":\"ReadAction\",\"target\":[\"https:\\\/\\\/www.urbanspot.si\\\/produkt\\\/karl-lagerfeld-zascitni-ovitek-saffiano-monogram-card-slot-iphone-11-xr\\\/\"]}]},{\"@type\":\"ImageObject\",\"inLanguage\":\"hr\",\"@id\":\"https:\\\/\\\/www.urbanspot.si\\\/produkt\\\/karl-lagerfeld-zascitni-ovitek-saffiano-monogram-card-slot-iphone-11-xr\\\/#primaryimage\",\"url\":\"https:\\\/\\\/www.urbanspot.si\\\/wp-content\\\/uploads\\\/karl-lagerfeld-zascitni-ovitek-saffiano-monogram-card-slot-iphone-11-xr.png\",\"contentUrl\":\"https:\\\/\\\/www.urbanspot.si\\\/wp-content\\\/uploads\\\/karl-lagerfeld-zascitni-ovitek-saffiano-monogram-card-slot-iphone-11-xr.png\",\"width\":1200,\"height\":1200,\"caption\":\"Karl Lagerfeld za\u0161\u010ditni ovitek Saffiano Monogram Card Slot\"},{\"@type\":\"BreadcrumbList\",\"@id\":\"https:\\\/\\\/www.urbanspot.si\\\/produkt\\\/karl-lagerfeld-zascitni-ovitek-saffiano-monogram-card-slot-iphone-11-xr\\\/#breadcrumb\",\"itemListElement\":[{\"@type\":\"ListItem\",\"position\":1,\"name\":\"Home\",\"item\":\"https:\\\/\\\/www.urbanspot.si\\\/\"},{\"@type\":\"ListItem\",\"position\":2,\"name\":\"Shop\",\"item\":\"https:\\\/\\\/www.urbanspot.si\\\/shop\\\/\"},{\"@type\":\"ListItem\",\"position\":3,\"name\":\"Karl Lagerfeld za\u0161\u010ditni ovitek Saffiano Monogram Card Slot, Iphone 11\\\/XR\"}]},{\"@type\":\"WebSite\",\"@id\":\"https:\\\/\\\/www.urbanspot.si\\\/#website\",\"url\":\"https:\\\/\\\/www.urbanspot.si\\\/\",\"name\":\"UrbanSpot\",\"description\":\"\",\"publisher\":{\"@id\":\"https:\\\/\\\/www.urbanspot.si\\\/#organization\"},\"potentialAction\":[{\"@type\":\"SearchAction\",\"target\":{\"@type\":\"EntryPoint\",\"urlTemplate\":\"https:\\\/\\\/www.urbanspot.si\\\/?s={search_term_string}\"},\"query-input\":{\"@type\":\"PropertyValueSpecification\",\"valueRequired\":true,\"valueName\":\"search_term_string\"}}],\"inLanguage\":\"hr\"},{\"@type\":\"Organization\",\"@id\":\"https:\\\/\\\/www.urbanspot.si\\\/#organization\",\"name\":\"UrbanSpot\",\"url\":\"https:\\\/\\\/www.urbanspot.si\\\/\",\"logo\":{\"@type\":\"ImageObject\",\"inLanguage\":\"hr\",\"@id\":\"https:\\\/\\\/www.urbanspot.si\\\/#\\\/schema\\\/logo\\\/image\\\/\",\"url\":\"https:\\\/\\\/www.urbanspot.si\\\/wp-content\\\/uploads\\\/urbanspot-logo.svg\",\"contentUrl\":\"https:\\\/\\\/www.urbanspot.si\\\/wp-content\\\/uploads\\\/urbanspot-logo.svg\",\"width\":185,\"height\":40,\"caption\":\"UrbanSpot\"},\"image\":{\"@id\":\"https:\\\/\\\/www.urbanspot.si\\\/#\\\/schema\\\/logo\\\/image\\\/\"},\"sameAs\":[\"https:\\\/\\\/www.facebook.com\\\/urbanspot.si\"]}]}<\/script>\n<!-- \/ Yoast SEO plugin. -->","yoast_head_json":{"title":"Karl Lagerfeld za\u0161\u010ditni ovitek Saffiano Monogram Card Slot, Iphone 11\/XR -","robots":{"index":"index","follow":"follow","max-snippet":"max-snippet:-1","max-image-preview":"max-image-preview:large","max-video-preview":"max-video-preview:-1"},"canonical":"https:\/\/www.urbanspot.si\/hr\/proizvod-2\/zastitna-futrola-karl-lagerfeld-saffiano-s-utorom-za-kartice-i-monogramom-za-iphone-11-xr\/","og_locale":"hr_HR","og_type":"article","og_title":"Karl Lagerfeld za\u0161\u010ditni ovitek Saffiano Monogram Card Slot, Iphone 11\/XR -","og_description":"Ovitek Karl Lagerfeld Saffiano Monogram Card Slot je izdelan iz vrhunskega PU usnja Saffiano, ki mu daje izjemno vzdr\u017eljivost in odpornost na praske ter udarce. Va\u0161 iPhone 11 bo varno za\u0161\u010diten pred nepri\u010dakovanimi po\u0161kodbami, ne da bi pri tem ogrozil svoj glamurozen videz. Dizajn ovitka je okra\u0161en z ikoni\u010dnim monogramom Karl Lagerfeld, ki poudarja va\u0161o modno ozave\u0161\u010denost in ljubezen do presti\u017ea.","og_url":"https:\/\/www.urbanspot.si\/hr\/proizvod-2\/zastitna-futrola-karl-lagerfeld-saffiano-s-utorom-za-kartice-i-monogramom-za-iphone-11-xr\/","article_publisher":"https:\/\/www.facebook.com\/urbanspot.si","article_modified_time":"2026-03-18T13:54:19+00:00","og_image":[{"width":1200,"height":1200,"url":"https:\/\/www.urbanspot.si\/wp-content\/uploads\/karl-lagerfeld-zascitni-ovitek-saffiano-monogram-card-slot-iphone-11-xr.png","type":"image\/png"}],"twitter_card":"summary_large_image","twitter_misc":{"Procijenjeno vrijeme \u010ditanja":"1 minuta"},"schema":{"@context":"https:\/\/schema.org","@graph":[{"@type":"WebPage","@id":"https:\/\/www.urbanspot.si\/produkt\/karl-lagerfeld-zascitni-ovitek-saffiano-monogram-card-slot-iphone-11-xr\/","url":"https:\/\/www.urbanspot.si\/produkt\/karl-lagerfeld-zascitni-ovitek-saffiano-monogram-card-slot-iphone-11-xr\/","name":"Karl Lagerfeld za\u0161\u010ditni ovitek Saffiano Monogram Card Slot, Iphone 11\/XR -","isPartOf":{"@id":"https:\/\/www.urbanspot.si\/#website"},"primaryImageOfPage":{"@id":"https:\/\/www.urbanspot.si\/produkt\/karl-lagerfeld-zascitni-ovitek-saffiano-monogram-card-slot-iphone-11-xr\/#primaryimage"},"image":{"@id":"https:\/\/www.urbanspot.si\/produkt\/karl-lagerfeld-zascitni-ovitek-saffiano-monogram-card-slot-iphone-11-xr\/#primaryimage"},"thumbnailUrl":"https:\/\/www.urbanspot.si\/wp-content\/uploads\/karl-lagerfeld-zascitni-ovitek-saffiano-monogram-card-slot-iphone-11-xr.png","datePublished":"2024-05-22T13:37:10+00:00","dateModified":"2026-03-18T13:54:19+00:00","breadcrumb":{"@id":"https:\/\/www.urbanspot.si\/produkt\/karl-lagerfeld-zascitni-ovitek-saffiano-monogram-card-slot-iphone-11-xr\/#breadcrumb"},"inLanguage":"hr","potentialAction":[{"@type":"ReadAction","target":["https:\/\/www.urbanspot.si\/produkt\/karl-lagerfeld-zascitni-ovitek-saffiano-monogram-card-slot-iphone-11-xr\/"]}]},{"@type":"ImageObject","inLanguage":"hr","@id":"https:\/\/www.urbanspot.si\/produkt\/karl-lagerfeld-zascitni-ovitek-saffiano-monogram-card-slot-iphone-11-xr\/#primaryimage","url":"https:\/\/www.urbanspot.si\/wp-content\/uploads\/karl-lagerfeld-zascitni-ovitek-saffiano-monogram-card-slot-iphone-11-xr.png","contentUrl":"https:\/\/www.urbanspot.si\/wp-content\/uploads\/karl-lagerfeld-zascitni-ovitek-saffiano-monogram-card-slot-iphone-11-xr.png","width":1200,"height":1200,"caption":"Karl Lagerfeld za\u0161\u010ditni ovitek Saffiano Monogram Card Slot"},{"@type":"BreadcrumbList","@id":"https:\/\/www.urbanspot.si\/produkt\/karl-lagerfeld-zascitni-ovitek-saffiano-monogram-card-slot-iphone-11-xr\/#breadcrumb","itemListElement":[{"@type":"ListItem","position":1,"name":"Home","item":"https:\/\/www.urbanspot.si\/"},{"@type":"ListItem","position":2,"name":"Shop","item":"https:\/\/www.urbanspot.si\/shop\/"},{"@type":"ListItem","position":3,"name":"Karl Lagerfeld za\u0161\u010ditni ovitek Saffiano Monogram Card Slot, Iphone 11\/XR"}]},{"@type":"WebSite","@id":"https:\/\/www.urbanspot.si\/#website","url":"https:\/\/www.urbanspot.si\/","name":"UrbanSpot","description":"","publisher":{"@id":"https:\/\/www.urbanspot.si\/#organization"},"potentialAction":[{"@type":"SearchAction","target":{"@type":"EntryPoint","urlTemplate":"https:\/\/www.urbanspot.si\/?s={search_term_string}"},"query-input":{"@type":"PropertyValueSpecification","valueRequired":true,"valueName":"search_term_string"}}],"inLanguage":"hr"},{"@type":"Organization","@id":"https:\/\/www.urbanspot.si\/#organization","name":"UrbanSpot","url":"https:\/\/www.urbanspot.si\/","logo":{"@type":"ImageObject","inLanguage":"hr","@id":"https:\/\/www.urbanspot.si\/#\/schema\/logo\/image\/","url":"https:\/\/www.urbanspot.si\/wp-content\/uploads\/urbanspot-logo.svg","contentUrl":"https:\/\/www.urbanspot.si\/wp-content\/uploads\/urbanspot-logo.svg","width":185,"height":40,"caption":"UrbanSpot"},"image":{"@id":"https:\/\/www.urbanspot.si\/#\/schema\/logo\/image\/"},"sameAs":["https:\/\/www.facebook.com\/urbanspot.si"]}]}},"_links":{"self":[{"href":"https:\/\/www.urbanspot.si\/hr\/wp-json\/wp\/v2\/product\/13670","targetHints":{"allow":["GET"]}}],"collection":[{"href":"https:\/\/www.urbanspot.si\/hr\/wp-json\/wp\/v2\/product"}],"about":[{"href":"https:\/\/www.urbanspot.si\/hr\/wp-json\/wp\/v2\/types\/product"}],"replies":[{"embeddable":true,"href":"https:\/\/www.urbanspot.si\/hr\/wp-json\/wp\/v2\/comments?post=13670"}],"version-history":[{"count":1,"href":"https:\/\/www.urbanspot.si\/hr\/wp-json\/wp\/v2\/product\/13670\/revisions"}],"predecessor-version":[{"id":13671,"href":"https:\/\/www.urbanspot.si\/hr\/wp-json\/wp\/v2\/product\/13670\/revisions\/13671"}],"wp:featuredmedia":[{"embeddable":true,"href":"https:\/\/www.urbanspot.si\/hr\/wp-json\/wp\/v2\/media\/13672"}],"wp:attachment":[{"href":"https:\/\/www.urbanspot.si\/hr\/wp-json\/wp\/v2\/media?parent=13670"}],"wp:term":[{"taxonomy":"product_brand","embeddable":true,"href":"https:\/\/www.urbanspot.si\/hr\/wp-json\/wp\/v2\/product_brand?post=13670"},{"taxonomy":"product_cat","embeddable":true,"href":"https:\/\/www.urbanspot.si\/hr\/wp-json\/wp\/v2\/product_cat?post=13670"},{"taxonomy":"product_tag","embeddable":true,"href":"https:\/\/www.urbanspot.si\/hr\/wp-json\/wp\/v2\/product_tag?post=13670"}],"curies":[{"name":"radni list","href":"https:\/\/api.w.org\/{rel}","templated":true}]}}