{"id":13695,"date":"2024-05-22T14:37:10","date_gmt":"2024-05-22T13:37:10","guid":{"rendered":"https:\/\/www.urbanspot.si\/product\/powerbank-baseus-black-22-5w\/"},"modified":"2026-03-18T15:54:18","modified_gmt":"2026-03-18T13:54:18","slug":"powerbank-baseus-black-22-5w","status":"publish","type":"product","link":"https:\/\/www.urbanspot.si\/hr\/produkt\/powerbank-baseus-black-22-5w\/","title":{"rendered":"Powerbank BASEUS Star Lord PPXJ20 crna, 22,5 W"},"content":{"rendered":"<p>Punjiva baterija u sofisticiranom, izdr\u017eljivom ku\u0107i\u0161tu osigurat \u0107e da nikada ne\u0107ete ostati bez prazne baterije na svom ure\u0111aju. S LED zaslonom, pritiskom \u0107e vam pokazati status napunjenosti baterije. Zahvaljuju\u0107i dvama USB priklju\u010dcima i jednom USB-C priklju\u010dku, mo\u017eete istovremeno puniti do 3 ure\u0111aja, \u0161tede\u0107i vrijeme i omogu\u0107uju\u0107i vam da uvijek budete dostupni.<\/p>\n<p>\u00a0<\/p>\n<p><strong>Tehni\u010dke zna\u010dajke:<\/strong><\/p>\n<ul>\n<li>Kapacitet: 20000mAh<\/li>\n<li>Vrsta baterije: Litij-ionska baterija<\/li>\n<li>Ulazi: 1x Micro-USB ulaz (5V\/2A) 1x USB-C ulaz (5V\/2A<\/li>\n<li>Izlazi: 2x USB izlaz (5V\/2.4A) 1x USB-C izlaz (5V\/3A)<\/li>\n<li>Brzo punjenje: Da, podr\u0161ka za brzo punjenje strujom do 22,5 W.<\/li>\n<li>Za\u0161tita: Inteligentna vi\u0161eslojna za\u0161tita od prenapona, prekomjerne struje, kratkog spoja i drugih \u0161tetnih doga\u0111aja <\/li>\n<li>Materijal: Izdr\u017eljiva ABS plastika<\/li>\n<li>LED indikator: Da, za prikaz statusa napajanja<\/li>\n<li>Veli\u010dina proizvoda: 150 x 73 x 25 mm<\/li>\n<li>Izlazno su\u010delje: 2xUSB-A veli\u010dina<\/li>\n<li>Boja: Crna<\/li>\n<li>Jamstvo: 12 mjeseci<\/li>\n<li>Te\u017eina: 370 g<\/li>\n<\/ul>","protected":false},"excerpt":{"rendered":"<p>Zmogljiva prenosna baterija z izjemno kapaciteto 20.000 mAh bo hitro in u\u010dinkovito napolnila va\u0161 pametni telefon, tabli\u010dni ra\u010dunalnik ali drugo napravo. Ta powerbank zdru\u017euje visoko zmogljivost, eleganten dizajn in napredne funkcije, ki vam omogo\u010dajo, da ostanete povezani in polni energije ves dan.<\/p>","protected":false},"featured_media":13697,"comment_status":"closed","ping_status":"closed","template":"","meta":[],"product_brand":[],"product_cat":[104,249,432,91],"product_tag":[],"class_list":{"0":"post-13695","1":"product","2":"type-product","3":"status-publish","4":"has-post-thumbnail","6":"product_cat-dodatna-oprema","7":"product_cat-kabli-in-polnilci","8":"product_cat-power-bank","9":"product_cat-razprodaja","11":"first","12":"outofstock","13":"sale","14":"taxable","15":"shipping-taxable","16":"purchasable","17":"product-type-simple"},"yoast_head":"<!-- This site is optimized with the Yoast SEO plugin v27.4 - https:\/\/yoast.com\/product\/yoast-seo-wordpress\/ -->\n<title>Powerbank BASEUS Star Lord PPXJ20 Black, 22.5W -<\/title>\n<meta name=\"robots\" content=\"index, follow, max-snippet:-1, max-image-preview:large, max-video-preview:-1\" \/>\n<link rel=\"canonical\" href=\"https:\/\/www.urbanspot.si\/hr\/proizvod-2\/powerbank-baseus-black-22-5w\/\" \/>\n<meta property=\"og:locale\" content=\"hr_HR\" \/>\n<meta property=\"og:type\" content=\"article\" \/>\n<meta property=\"og:title\" content=\"Powerbank BASEUS Star Lord PPXJ20 Black, 22.5W -\" \/>\n<meta property=\"og:description\" content=\"Zmogljiva prenosna baterija z izjemno kapaciteto 20.000 mAh bo hitro in u\u010dinkovito napolnila va\u0161 pametni telefon, tabli\u010dni ra\u010dunalnik ali drugo napravo. Ta powerbank zdru\u017euje visoko zmogljivost, eleganten dizajn in napredne funkcije, ki vam omogo\u010dajo, da ostanete povezani in polni energije ves dan.\" \/>\n<meta property=\"og:url\" content=\"https:\/\/www.urbanspot.si\/hr\/proizvod-2\/powerbank-baseus-black-22-5w\/\" \/>\n<meta property=\"article:publisher\" content=\"https:\/\/www.facebook.com\/urbanspot.si\" \/>\n<meta property=\"article:modified_time\" content=\"2026-03-18T13:54:18+00:00\" \/>\n<meta property=\"og:image\" content=\"https:\/\/www.urbanspot.si\/wp-content\/uploads\/powerbank-baseus-black-22-5w.jpg\" \/>\n\t<meta property=\"og:image:width\" content=\"786\" \/>\n\t<meta property=\"og:image:height\" content=\"786\" \/>\n\t<meta property=\"og:image:type\" content=\"image\/jpeg\" \/>\n<meta name=\"twitter:card\" content=\"summary_large_image\" \/>\n<meta name=\"twitter:label1\" content=\"Procijenjeno vrijeme \u010ditanja\" \/>\n\t<meta name=\"twitter:data1\" content=\"1 minuta\" \/>\n<script type=\"application\/ld+json\" class=\"yoast-schema-graph\">{\"@context\":\"https:\\\/\\\/schema.org\",\"@graph\":[{\"@type\":\"WebPage\",\"@id\":\"https:\\\/\\\/www.urbanspot.si\\\/produkt\\\/powerbank-baseus-black-22-5w\\\/\",\"url\":\"https:\\\/\\\/www.urbanspot.si\\\/produkt\\\/powerbank-baseus-black-22-5w\\\/\",\"name\":\"Powerbank BASEUS Star Lord PPXJ20 Black, 22.5W -\",\"isPartOf\":{\"@id\":\"https:\\\/\\\/www.urbanspot.si\\\/#website\"},\"primaryImageOfPage\":{\"@id\":\"https:\\\/\\\/www.urbanspot.si\\\/produkt\\\/powerbank-baseus-black-22-5w\\\/#primaryimage\"},\"image\":{\"@id\":\"https:\\\/\\\/www.urbanspot.si\\\/produkt\\\/powerbank-baseus-black-22-5w\\\/#primaryimage\"},\"thumbnailUrl\":\"https:\\\/\\\/www.urbanspot.si\\\/wp-content\\\/uploads\\\/powerbank-baseus-black-22-5w.jpg\",\"datePublished\":\"2024-05-22T13:37:10+00:00\",\"dateModified\":\"2026-03-18T13:54:18+00:00\",\"breadcrumb\":{\"@id\":\"https:\\\/\\\/www.urbanspot.si\\\/produkt\\\/powerbank-baseus-black-22-5w\\\/#breadcrumb\"},\"inLanguage\":\"hr\",\"potentialAction\":[{\"@type\":\"ReadAction\",\"target\":[\"https:\\\/\\\/www.urbanspot.si\\\/produkt\\\/powerbank-baseus-black-22-5w\\\/\"]}]},{\"@type\":\"ImageObject\",\"inLanguage\":\"hr\",\"@id\":\"https:\\\/\\\/www.urbanspot.si\\\/produkt\\\/powerbank-baseus-black-22-5w\\\/#primaryimage\",\"url\":\"https:\\\/\\\/www.urbanspot.si\\\/wp-content\\\/uploads\\\/powerbank-baseus-black-22-5w.jpg\",\"contentUrl\":\"https:\\\/\\\/www.urbanspot.si\\\/wp-content\\\/uploads\\\/powerbank-baseus-black-22-5w.jpg\",\"width\":786,\"height\":786,\"caption\":\"Powerbank BASEUS Star Lord PPXJ20 Black\"},{\"@type\":\"BreadcrumbList\",\"@id\":\"https:\\\/\\\/www.urbanspot.si\\\/produkt\\\/powerbank-baseus-black-22-5w\\\/#breadcrumb\",\"itemListElement\":[{\"@type\":\"ListItem\",\"position\":1,\"name\":\"Home\",\"item\":\"https:\\\/\\\/www.urbanspot.si\\\/\"},{\"@type\":\"ListItem\",\"position\":2,\"name\":\"Shop\",\"item\":\"https:\\\/\\\/www.urbanspot.si\\\/shop\\\/\"},{\"@type\":\"ListItem\",\"position\":3,\"name\":\"Powerbank BASEUS Star Lord PPXJ20 Black, 22.5W\"}]},{\"@type\":\"WebSite\",\"@id\":\"https:\\\/\\\/www.urbanspot.si\\\/#website\",\"url\":\"https:\\\/\\\/www.urbanspot.si\\\/\",\"name\":\"UrbanSpot\",\"description\":\"\",\"publisher\":{\"@id\":\"https:\\\/\\\/www.urbanspot.si\\\/#organization\"},\"potentialAction\":[{\"@type\":\"SearchAction\",\"target\":{\"@type\":\"EntryPoint\",\"urlTemplate\":\"https:\\\/\\\/www.urbanspot.si\\\/?s={search_term_string}\"},\"query-input\":{\"@type\":\"PropertyValueSpecification\",\"valueRequired\":true,\"valueName\":\"search_term_string\"}}],\"inLanguage\":\"hr\"},{\"@type\":\"Organization\",\"@id\":\"https:\\\/\\\/www.urbanspot.si\\\/#organization\",\"name\":\"UrbanSpot\",\"url\":\"https:\\\/\\\/www.urbanspot.si\\\/\",\"logo\":{\"@type\":\"ImageObject\",\"inLanguage\":\"hr\",\"@id\":\"https:\\\/\\\/www.urbanspot.si\\\/#\\\/schema\\\/logo\\\/image\\\/\",\"url\":\"https:\\\/\\\/www.urbanspot.si\\\/wp-content\\\/uploads\\\/urbanspot-logo.svg\",\"contentUrl\":\"https:\\\/\\\/www.urbanspot.si\\\/wp-content\\\/uploads\\\/urbanspot-logo.svg\",\"width\":185,\"height\":40,\"caption\":\"UrbanSpot\"},\"image\":{\"@id\":\"https:\\\/\\\/www.urbanspot.si\\\/#\\\/schema\\\/logo\\\/image\\\/\"},\"sameAs\":[\"https:\\\/\\\/www.facebook.com\\\/urbanspot.si\"]}]}<\/script>\n<!-- \/ Yoast SEO plugin. -->","yoast_head_json":{"title":"Powerbank BASEUS Star Lord PPXJ20 Black, 22.5W -","robots":{"index":"index","follow":"follow","max-snippet":"max-snippet:-1","max-image-preview":"max-image-preview:large","max-video-preview":"max-video-preview:-1"},"canonical":"https:\/\/www.urbanspot.si\/hr\/proizvod-2\/powerbank-baseus-black-22-5w\/","og_locale":"hr_HR","og_type":"article","og_title":"Powerbank BASEUS Star Lord PPXJ20 Black, 22.5W -","og_description":"Zmogljiva prenosna baterija z izjemno kapaciteto 20.000 mAh bo hitro in u\u010dinkovito napolnila va\u0161 pametni telefon, tabli\u010dni ra\u010dunalnik ali drugo napravo. Ta powerbank zdru\u017euje visoko zmogljivost, eleganten dizajn in napredne funkcije, ki vam omogo\u010dajo, da ostanete povezani in polni energije ves dan.","og_url":"https:\/\/www.urbanspot.si\/hr\/proizvod-2\/powerbank-baseus-black-22-5w\/","article_publisher":"https:\/\/www.facebook.com\/urbanspot.si","article_modified_time":"2026-03-18T13:54:18+00:00","og_image":[{"width":786,"height":786,"url":"https:\/\/www.urbanspot.si\/wp-content\/uploads\/powerbank-baseus-black-22-5w.jpg","type":"image\/jpeg"}],"twitter_card":"summary_large_image","twitter_misc":{"Procijenjeno vrijeme \u010ditanja":"1 minuta"},"schema":{"@context":"https:\/\/schema.org","@graph":[{"@type":"WebPage","@id":"https:\/\/www.urbanspot.si\/produkt\/powerbank-baseus-black-22-5w\/","url":"https:\/\/www.urbanspot.si\/produkt\/powerbank-baseus-black-22-5w\/","name":"Powerbank BASEUS Star Lord PPXJ20 Black, 22.5W -","isPartOf":{"@id":"https:\/\/www.urbanspot.si\/#website"},"primaryImageOfPage":{"@id":"https:\/\/www.urbanspot.si\/produkt\/powerbank-baseus-black-22-5w\/#primaryimage"},"image":{"@id":"https:\/\/www.urbanspot.si\/produkt\/powerbank-baseus-black-22-5w\/#primaryimage"},"thumbnailUrl":"https:\/\/www.urbanspot.si\/wp-content\/uploads\/powerbank-baseus-black-22-5w.jpg","datePublished":"2024-05-22T13:37:10+00:00","dateModified":"2026-03-18T13:54:18+00:00","breadcrumb":{"@id":"https:\/\/www.urbanspot.si\/produkt\/powerbank-baseus-black-22-5w\/#breadcrumb"},"inLanguage":"hr","potentialAction":[{"@type":"ReadAction","target":["https:\/\/www.urbanspot.si\/produkt\/powerbank-baseus-black-22-5w\/"]}]},{"@type":"ImageObject","inLanguage":"hr","@id":"https:\/\/www.urbanspot.si\/produkt\/powerbank-baseus-black-22-5w\/#primaryimage","url":"https:\/\/www.urbanspot.si\/wp-content\/uploads\/powerbank-baseus-black-22-5w.jpg","contentUrl":"https:\/\/www.urbanspot.si\/wp-content\/uploads\/powerbank-baseus-black-22-5w.jpg","width":786,"height":786,"caption":"Powerbank BASEUS Star Lord PPXJ20 Black"},{"@type":"BreadcrumbList","@id":"https:\/\/www.urbanspot.si\/produkt\/powerbank-baseus-black-22-5w\/#breadcrumb","itemListElement":[{"@type":"ListItem","position":1,"name":"Home","item":"https:\/\/www.urbanspot.si\/"},{"@type":"ListItem","position":2,"name":"Shop","item":"https:\/\/www.urbanspot.si\/shop\/"},{"@type":"ListItem","position":3,"name":"Powerbank BASEUS Star Lord PPXJ20 Black, 22.5W"}]},{"@type":"WebSite","@id":"https:\/\/www.urbanspot.si\/#website","url":"https:\/\/www.urbanspot.si\/","name":"UrbanSpot","description":"","publisher":{"@id":"https:\/\/www.urbanspot.si\/#organization"},"potentialAction":[{"@type":"SearchAction","target":{"@type":"EntryPoint","urlTemplate":"https:\/\/www.urbanspot.si\/?s={search_term_string}"},"query-input":{"@type":"PropertyValueSpecification","valueRequired":true,"valueName":"search_term_string"}}],"inLanguage":"hr"},{"@type":"Organization","@id":"https:\/\/www.urbanspot.si\/#organization","name":"UrbanSpot","url":"https:\/\/www.urbanspot.si\/","logo":{"@type":"ImageObject","inLanguage":"hr","@id":"https:\/\/www.urbanspot.si\/#\/schema\/logo\/image\/","url":"https:\/\/www.urbanspot.si\/wp-content\/uploads\/urbanspot-logo.svg","contentUrl":"https:\/\/www.urbanspot.si\/wp-content\/uploads\/urbanspot-logo.svg","width":185,"height":40,"caption":"UrbanSpot"},"image":{"@id":"https:\/\/www.urbanspot.si\/#\/schema\/logo\/image\/"},"sameAs":["https:\/\/www.facebook.com\/urbanspot.si"]}]}},"_links":{"self":[{"href":"https:\/\/www.urbanspot.si\/hr\/wp-json\/wp\/v2\/product\/13695","targetHints":{"allow":["GET"]}}],"collection":[{"href":"https:\/\/www.urbanspot.si\/hr\/wp-json\/wp\/v2\/product"}],"about":[{"href":"https:\/\/www.urbanspot.si\/hr\/wp-json\/wp\/v2\/types\/product"}],"replies":[{"embeddable":true,"href":"https:\/\/www.urbanspot.si\/hr\/wp-json\/wp\/v2\/comments?post=13695"}],"version-history":[{"count":1,"href":"https:\/\/www.urbanspot.si\/hr\/wp-json\/wp\/v2\/product\/13695\/revisions"}],"predecessor-version":[{"id":13696,"href":"https:\/\/www.urbanspot.si\/hr\/wp-json\/wp\/v2\/product\/13695\/revisions\/13696"}],"wp:featuredmedia":[{"embeddable":true,"href":"https:\/\/www.urbanspot.si\/hr\/wp-json\/wp\/v2\/media\/13697"}],"wp:attachment":[{"href":"https:\/\/www.urbanspot.si\/hr\/wp-json\/wp\/v2\/media?parent=13695"}],"wp:term":[{"taxonomy":"product_brand","embeddable":true,"href":"https:\/\/www.urbanspot.si\/hr\/wp-json\/wp\/v2\/product_brand?post=13695"},{"taxonomy":"product_cat","embeddable":true,"href":"https:\/\/www.urbanspot.si\/hr\/wp-json\/wp\/v2\/product_cat?post=13695"},{"taxonomy":"product_tag","embeddable":true,"href":"https:\/\/www.urbanspot.si\/hr\/wp-json\/wp\/v2\/product_tag?post=13695"}],"curies":[{"name":"radni list","href":"https:\/\/api.w.org\/{rel}","templated":true}]}}