{"id":13713,"date":"2024-05-22T14:37:10","date_gmt":"2024-05-22T13:37:10","guid":{"rendered":"https:\/\/www.urbanspot.si\/product\/univerzalna-sportna-torbica-spigen-a700-armband-crna\/"},"modified":"2026-03-18T15:54:18","modified_gmt":"2026-03-18T13:54:18","slug":"spigen-a700-narukvica-univerzalna-sportska-torba-crna","status":"publish","type":"product","link":"https:\/\/www.urbanspot.si\/hr\/produkt\/univerzalna-sportna-torbica-spigen-a700-armband-crna\/","title":{"rendered":"Univerzalna sportska futrola Spigen A700 Armband, crna"},"content":{"rendered":"<p>Univerzalna sportska futrola Spigen A700 Armband za pametne telefone do 6,9\u2033.<\/p>\n<p>Zna\u010dajke proizvoda:<\/p>\n<ul>\n<li>\u2013 100% original,<\/li>\n<li>\u2013 Kompatibilan sa pametnim telefonima do 6,9 in\u010da,<\/li>\n<li>\u2013 Maksimalne preporu\u010dene dimenzije pametnog telefona: 175 \u00d7 99 mm,<\/li>\n<li>\u2013 Lagan i izdr\u017eljiv,<\/li>\n<li>\u2013 \u0160titi od vlage i prljav\u0161tine,<\/li>\n<li>\u2013 Savr\u0161eno pristajanje,<\/li>\n<li>\u2013 Mogu\u0107nost upravljanja ure\u0111ajem u ku\u0107i\u0161tu,<\/li>\n<li>\u2013 Jednostavno sastavljanje i rastavljanje,<\/li>\n<li>\u2013 Pakirano u originalnoj ambala\u017ei.<\/li>\n<li>\u2013 Slike su simboli\u010dne.<\/li>\n<\/ul>","protected":false},"excerpt":{"rendered":"<p>Univerzalna sportska torbica Spigen A700, dizajnirana za sport i aktivan na\u010din \u017eivota.<br \/>\nIzra\u0111en od najkvalitetnijih materijala, otporan na vlagu i znoj zahvaljuju\u0107i posebnom za\u0161titnom premazu. Omogu\u0107uje vam kori\u0161tenje pametnog telefona tijekom tr\u010danja ili vo\u017enje bicikla. Narukvica ima podesivi \u010di\u010dak remen, opremljena je diskretnim d\u017eepom za klju\u010deve, a posebni izrezi omogu\u0107uju vam pri\u010dvr\u0161\u0107ivanje slu\u0161alica.<\/p>\n<p>Zna\u010dajke proizvoda:<br \/>\n\u2013 100% original,<br \/>\n\u2013 Kompatibilan sa pametnim telefonima do 6,9 in\u010da,<br \/>\n\u2013 Maksimalne preporu\u010dene dimenzije pametnog telefona: 175 \u00d7 99 mm,<br \/>\n\u2013 Lagan i izdr\u017eljiv,<br \/>\n\u2013 \u0160titi od vlage i prljav\u0161tine,<br \/>\n\u2013 Savr\u0161eno pristajanje,<br \/>\n\u2013 Mogu\u0107nost upravljanja ure\u0111ajem u ku\u0107i\u0161tu,<br \/>\n\u2013 Jednostavno sastavljanje i rastavljanje,<br \/>\n\u2013 Pakirano u originalnoj ambala\u017ei.<br \/>\n   Slike su simboli\u010dne.<\/p>","protected":false},"featured_media":13715,"comment_status":"closed","ping_status":"closed","template":"","meta":[],"product_brand":[],"product_cat":[104,105,91],"product_tag":[],"class_list":{"0":"post-13713","1":"product","2":"type-product","3":"status-publish","4":"has-post-thumbnail","6":"product_cat-dodatna-oprema","7":"product_cat-nosilci-in-drzala","8":"product_cat-razprodaja","10":"first","11":"outofstock","12":"sale","13":"taxable","14":"shipping-taxable","15":"purchasable","16":"product-type-simple"},"yoast_head":"<!-- This site is optimized with the Yoast SEO plugin v27.2 - https:\/\/yoast.com\/product\/yoast-seo-wordpress\/ -->\n<title>Univerzalna \u0161portna torbica Spigen A700 Armband, \u010drna -<\/title>\n<meta name=\"robots\" content=\"index, follow, max-snippet:-1, max-image-preview:large, max-video-preview:-1\" \/>\n<link rel=\"canonical\" href=\"https:\/\/www.urbanspot.si\/hr\/proizvod-2\/spigen-a700-narukvica-univerzalna-sportska-torba-crna\/\" \/>\n<meta property=\"og:locale\" content=\"hr_HR\" \/>\n<meta property=\"og:type\" content=\"article\" \/>\n<meta property=\"og:title\" content=\"Univerzalna \u0161portna torbica Spigen A700 Armband, \u010drna -\" \/>\n<meta property=\"og:description\" content=\"Univerzalna \u0161portna torbica Spigen A700, namenjena za \u0161port in aktivni \u017eivljenjski slog. Izdelana je iz najkakovostnej\u0161ih materialov, odpornih na vlago in znoj, zahvaljujo\u010d posebnemu za\u0161\u010ditnemu premazu. Omogo\u010da uporabo pametnega telefona med tekom ali kolesarjenjem. Trak ima nastavljiv pas na je\u017eke, ki je opremljen z diskretnim \u017eepom za klju\u010de, posebni izrezi pa omogo\u010dajo pritrditev slu\u0161alk.  Lastnosti izdelka: \u2013 100% original, \u2013 Kompatibilna s pametnimi telefoni do 6,9 palca, \u2013 Najve\u010dje priporo\u010dene mere pametnega telefona: 175\u00d799 mm, \u2013 Lahka in trpe\u017ena, \u2013 \u0160\u010diti pred vlago in umazanijo, \u2013 Popolno prileganje, \u2013 Mo\u017enost upravljanja naprave v ohi\u0161ju, \u2013 Enostaven za sestavljanje in razstavljanje, \u2013 Pakirano v originalni embala\u017ei.  Slike so simboli\u010dne.\" \/>\n<meta property=\"og:url\" content=\"https:\/\/www.urbanspot.si\/hr\/proizvod-2\/spigen-a700-narukvica-univerzalna-sportska-torba-crna\/\" \/>\n<meta property=\"article:publisher\" content=\"https:\/\/www.facebook.com\/urbanspot.si\" \/>\n<meta property=\"article:modified_time\" content=\"2026-03-18T13:54:18+00:00\" \/>\n<meta property=\"og:image\" content=\"https:\/\/www.urbanspot.si\/wp-content\/uploads\/univerzalna-sportna-torbica-spigen-a700-armband-crna.jpg\" \/>\n\t<meta property=\"og:image:width\" content=\"1000\" \/>\n\t<meta property=\"og:image:height\" content=\"1000\" \/>\n\t<meta property=\"og:image:type\" content=\"image\/jpeg\" \/>\n<meta name=\"twitter:card\" content=\"summary_large_image\" \/>\n<script type=\"application\/ld+json\" class=\"yoast-schema-graph\">{\"@context\":\"https:\/\/schema.org\",\"@graph\":[{\"@type\":\"WebPage\",\"@id\":\"https:\/\/www.urbanspot.si\/produkt\/univerzalna-sportna-torbica-spigen-a700-armband-crna\/\",\"url\":\"https:\/\/www.urbanspot.si\/produkt\/univerzalna-sportna-torbica-spigen-a700-armband-crna\/\",\"name\":\"Univerzalna \u0161portna torbica Spigen A700 Armband, \u010drna -\",\"isPartOf\":{\"@id\":\"https:\/\/www.urbanspot.si\/#website\"},\"primaryImageOfPage\":{\"@id\":\"https:\/\/www.urbanspot.si\/produkt\/univerzalna-sportna-torbica-spigen-a700-armband-crna\/#primaryimage\"},\"image\":{\"@id\":\"https:\/\/www.urbanspot.si\/produkt\/univerzalna-sportna-torbica-spigen-a700-armband-crna\/#primaryimage\"},\"thumbnailUrl\":\"https:\/\/www.urbanspot.si\/wp-content\/uploads\/univerzalna-sportna-torbica-spigen-a700-armband-crna.jpg\",\"datePublished\":\"2024-05-22T13:37:10+00:00\",\"dateModified\":\"2026-03-18T13:54:18+00:00\",\"breadcrumb\":{\"@id\":\"https:\/\/www.urbanspot.si\/produkt\/univerzalna-sportna-torbica-spigen-a700-armband-crna\/#breadcrumb\"},\"inLanguage\":\"hr\",\"potentialAction\":[{\"@type\":\"ReadAction\",\"target\":[\"https:\/\/www.urbanspot.si\/produkt\/univerzalna-sportna-torbica-spigen-a700-armband-crna\/\"]}]},{\"@type\":\"ImageObject\",\"inLanguage\":\"hr\",\"@id\":\"https:\/\/www.urbanspot.si\/produkt\/univerzalna-sportna-torbica-spigen-a700-armband-crna\/#primaryimage\",\"url\":\"https:\/\/www.urbanspot.si\/wp-content\/uploads\/univerzalna-sportna-torbica-spigen-a700-armband-crna.jpg\",\"contentUrl\":\"https:\/\/www.urbanspot.si\/wp-content\/uploads\/univerzalna-sportna-torbica-spigen-a700-armband-crna.jpg\",\"width\":1000,\"height\":1000,\"caption\":\"Univerzalna \u0161portna torbica Spigen A700 Armband\"},{\"@type\":\"BreadcrumbList\",\"@id\":\"https:\/\/www.urbanspot.si\/produkt\/univerzalna-sportna-torbica-spigen-a700-armband-crna\/#breadcrumb\",\"itemListElement\":[{\"@type\":\"ListItem\",\"position\":1,\"name\":\"Home\",\"item\":\"https:\/\/www.urbanspot.si\/\"},{\"@type\":\"ListItem\",\"position\":2,\"name\":\"Shop\",\"item\":\"https:\/\/www.urbanspot.si\/shop\/\"},{\"@type\":\"ListItem\",\"position\":3,\"name\":\"Univerzalna \u0161portna torbica Spigen A700 Armband, \u010drna\"}]},{\"@type\":\"WebSite\",\"@id\":\"https:\/\/www.urbanspot.si\/#website\",\"url\":\"https:\/\/www.urbanspot.si\/\",\"name\":\"UrbanSpot\",\"description\":\"\",\"publisher\":{\"@id\":\"https:\/\/www.urbanspot.si\/#organization\"},\"potentialAction\":[{\"@type\":\"SearchAction\",\"target\":{\"@type\":\"EntryPoint\",\"urlTemplate\":\"https:\/\/www.urbanspot.si\/?s={search_term_string}\"},\"query-input\":{\"@type\":\"PropertyValueSpecification\",\"valueRequired\":true,\"valueName\":\"search_term_string\"}}],\"inLanguage\":\"hr\"},{\"@type\":\"Organization\",\"@id\":\"https:\/\/www.urbanspot.si\/#organization\",\"name\":\"UrbanSpot\",\"url\":\"https:\/\/www.urbanspot.si\/\",\"logo\":{\"@type\":\"ImageObject\",\"inLanguage\":\"hr\",\"@id\":\"https:\/\/www.urbanspot.si\/#\/schema\/logo\/image\/\",\"url\":\"https:\/\/www.urbanspot.si\/wp-content\/uploads\/urbanspot-logo.svg\",\"contentUrl\":\"https:\/\/www.urbanspot.si\/wp-content\/uploads\/urbanspot-logo.svg\",\"width\":185,\"height\":40,\"caption\":\"UrbanSpot\"},\"image\":{\"@id\":\"https:\/\/www.urbanspot.si\/#\/schema\/logo\/image\/\"},\"sameAs\":[\"https:\/\/www.facebook.com\/urbanspot.si\"]}]}<\/script>\n<!-- \/ Yoast SEO plugin. -->","yoast_head_json":{"title":"Univerzalna \u0161portna torbica Spigen A700 Armband, \u010drna -","robots":{"index":"index","follow":"follow","max-snippet":"max-snippet:-1","max-image-preview":"max-image-preview:large","max-video-preview":"max-video-preview:-1"},"canonical":"https:\/\/www.urbanspot.si\/hr\/proizvod-2\/spigen-a700-narukvica-univerzalna-sportska-torba-crna\/","og_locale":"hr_HR","og_type":"article","og_title":"Univerzalna \u0161portna torbica Spigen A700 Armband, \u010drna -","og_description":"Univerzalna \u0161portna torbica Spigen A700, namenjena za \u0161port in aktivni \u017eivljenjski slog. Izdelana je iz najkakovostnej\u0161ih materialov, odpornih na vlago in znoj, zahvaljujo\u010d posebnemu za\u0161\u010ditnemu premazu. Omogo\u010da uporabo pametnega telefona med tekom ali kolesarjenjem. Trak ima nastavljiv pas na je\u017eke, ki je opremljen z diskretnim \u017eepom za klju\u010de, posebni izrezi pa omogo\u010dajo pritrditev slu\u0161alk.  Lastnosti izdelka: \u2013 100% original, \u2013 Kompatibilna s pametnimi telefoni do 6,9 palca, \u2013 Najve\u010dje priporo\u010dene mere pametnega telefona: 175\u00d799 mm, \u2013 Lahka in trpe\u017ena, \u2013 \u0160\u010diti pred vlago in umazanijo, \u2013 Popolno prileganje, \u2013 Mo\u017enost upravljanja naprave v ohi\u0161ju, \u2013 Enostaven za sestavljanje in razstavljanje, \u2013 Pakirano v originalni embala\u017ei.  Slike so simboli\u010dne.","og_url":"https:\/\/www.urbanspot.si\/hr\/proizvod-2\/spigen-a700-narukvica-univerzalna-sportska-torba-crna\/","article_publisher":"https:\/\/www.facebook.com\/urbanspot.si","article_modified_time":"2026-03-18T13:54:18+00:00","og_image":[{"width":1000,"height":1000,"url":"https:\/\/www.urbanspot.si\/wp-content\/uploads\/univerzalna-sportna-torbica-spigen-a700-armband-crna.jpg","type":"image\/jpeg"}],"twitter_card":"summary_large_image","schema":{"@context":"https:\/\/schema.org","@graph":[{"@type":"WebPage","@id":"https:\/\/www.urbanspot.si\/produkt\/univerzalna-sportna-torbica-spigen-a700-armband-crna\/","url":"https:\/\/www.urbanspot.si\/produkt\/univerzalna-sportna-torbica-spigen-a700-armband-crna\/","name":"Univerzalna \u0161portna torbica Spigen A700 Armband, \u010drna -","isPartOf":{"@id":"https:\/\/www.urbanspot.si\/#website"},"primaryImageOfPage":{"@id":"https:\/\/www.urbanspot.si\/produkt\/univerzalna-sportna-torbica-spigen-a700-armband-crna\/#primaryimage"},"image":{"@id":"https:\/\/www.urbanspot.si\/produkt\/univerzalna-sportna-torbica-spigen-a700-armband-crna\/#primaryimage"},"thumbnailUrl":"https:\/\/www.urbanspot.si\/wp-content\/uploads\/univerzalna-sportna-torbica-spigen-a700-armband-crna.jpg","datePublished":"2024-05-22T13:37:10+00:00","dateModified":"2026-03-18T13:54:18+00:00","breadcrumb":{"@id":"https:\/\/www.urbanspot.si\/produkt\/univerzalna-sportna-torbica-spigen-a700-armband-crna\/#breadcrumb"},"inLanguage":"hr","potentialAction":[{"@type":"ReadAction","target":["https:\/\/www.urbanspot.si\/produkt\/univerzalna-sportna-torbica-spigen-a700-armband-crna\/"]}]},{"@type":"ImageObject","inLanguage":"hr","@id":"https:\/\/www.urbanspot.si\/produkt\/univerzalna-sportna-torbica-spigen-a700-armband-crna\/#primaryimage","url":"https:\/\/www.urbanspot.si\/wp-content\/uploads\/univerzalna-sportna-torbica-spigen-a700-armband-crna.jpg","contentUrl":"https:\/\/www.urbanspot.si\/wp-content\/uploads\/univerzalna-sportna-torbica-spigen-a700-armband-crna.jpg","width":1000,"height":1000,"caption":"Univerzalna \u0161portna torbica Spigen A700 Armband"},{"@type":"BreadcrumbList","@id":"https:\/\/www.urbanspot.si\/produkt\/univerzalna-sportna-torbica-spigen-a700-armband-crna\/#breadcrumb","itemListElement":[{"@type":"ListItem","position":1,"name":"Home","item":"https:\/\/www.urbanspot.si\/"},{"@type":"ListItem","position":2,"name":"Shop","item":"https:\/\/www.urbanspot.si\/shop\/"},{"@type":"ListItem","position":3,"name":"Univerzalna \u0161portna torbica Spigen A700 Armband, \u010drna"}]},{"@type":"WebSite","@id":"https:\/\/www.urbanspot.si\/#website","url":"https:\/\/www.urbanspot.si\/","name":"UrbanSpot","description":"","publisher":{"@id":"https:\/\/www.urbanspot.si\/#organization"},"potentialAction":[{"@type":"SearchAction","target":{"@type":"EntryPoint","urlTemplate":"https:\/\/www.urbanspot.si\/?s={search_term_string}"},"query-input":{"@type":"PropertyValueSpecification","valueRequired":true,"valueName":"search_term_string"}}],"inLanguage":"hr"},{"@type":"Organization","@id":"https:\/\/www.urbanspot.si\/#organization","name":"UrbanSpot","url":"https:\/\/www.urbanspot.si\/","logo":{"@type":"ImageObject","inLanguage":"hr","@id":"https:\/\/www.urbanspot.si\/#\/schema\/logo\/image\/","url":"https:\/\/www.urbanspot.si\/wp-content\/uploads\/urbanspot-logo.svg","contentUrl":"https:\/\/www.urbanspot.si\/wp-content\/uploads\/urbanspot-logo.svg","width":185,"height":40,"caption":"UrbanSpot"},"image":{"@id":"https:\/\/www.urbanspot.si\/#\/schema\/logo\/image\/"},"sameAs":["https:\/\/www.facebook.com\/urbanspot.si"]}]}},"_links":{"self":[{"href":"https:\/\/www.urbanspot.si\/hr\/wp-json\/wp\/v2\/product\/13713","targetHints":{"allow":["GET"]}}],"collection":[{"href":"https:\/\/www.urbanspot.si\/hr\/wp-json\/wp\/v2\/product"}],"about":[{"href":"https:\/\/www.urbanspot.si\/hr\/wp-json\/wp\/v2\/types\/product"}],"replies":[{"embeddable":true,"href":"https:\/\/www.urbanspot.si\/hr\/wp-json\/wp\/v2\/comments?post=13713"}],"version-history":[{"count":1,"href":"https:\/\/www.urbanspot.si\/hr\/wp-json\/wp\/v2\/product\/13713\/revisions"}],"predecessor-version":[{"id":13714,"href":"https:\/\/www.urbanspot.si\/hr\/wp-json\/wp\/v2\/product\/13713\/revisions\/13714"}],"wp:featuredmedia":[{"embeddable":true,"href":"https:\/\/www.urbanspot.si\/hr\/wp-json\/wp\/v2\/media\/13715"}],"wp:attachment":[{"href":"https:\/\/www.urbanspot.si\/hr\/wp-json\/wp\/v2\/media?parent=13713"}],"wp:term":[{"taxonomy":"product_brand","embeddable":true,"href":"https:\/\/www.urbanspot.si\/hr\/wp-json\/wp\/v2\/product_brand?post=13713"},{"taxonomy":"product_cat","embeddable":true,"href":"https:\/\/www.urbanspot.si\/hr\/wp-json\/wp\/v2\/product_cat?post=13713"},{"taxonomy":"product_tag","embeddable":true,"href":"https:\/\/www.urbanspot.si\/hr\/wp-json\/wp\/v2\/product_tag?post=13713"}],"curies":[{"name":"radni list","href":"https:\/\/api.w.org\/{rel}","templated":true}]}}