{"id":13773,"date":"2024-05-22T14:37:33","date_gmt":"2024-05-22T13:37:33","guid":{"rendered":"https:\/\/www.urbanspot.si\/product\/karl-lagerfeld-zascitni-ovitek-saffiano-karl-choupette-black-samsung-galaxy-a34-5g\/"},"modified":"2026-03-18T15:54:14","modified_gmt":"2026-03-18T13:54:14","slug":"karl-lagerfeld-zastitna-navlaka-saffiano-karl-choupette-crna-za-samsung-galaxy-a34-5g","status":"publish","type":"product","link":"https:\/\/www.urbanspot.si\/hr\/produkt\/karl-lagerfeld-zascitni-ovitek-saffiano-karl-choupette-black-samsung-galaxy-a34-5g\/","title":{"rendered":"Karl Lagerfeld za\u0161titna futrola Saffiano Karl &amp; Choupette crna, Samsung Galaxy A34 5G"},"content":{"rendered":"<p>Futrola je savr\u0161eno prilago\u0111ena mobilnom ure\u0111aju i savr\u0161eno \u0161titi mobitel od ogrebotina tijekom svakodnevne upotrebe.<\/p>\n<ul>\n<li>Potpuno funkcionalno<\/li>\n<li>Izvorni proizvod<\/li>\n<li>Potpuna za\u0161tita telefona<\/li>\n<li>Udoban hvat<\/li>\n<li>Kvalitetni materijali<\/li>\n<li>Otporno na udarce<\/li>\n<li>\u0160titi od udaraca, padova, ogrebotina i prljav\u0161tine<\/li>\n<\/ul>","protected":false},"excerpt":{"rendered":"<p>Za\u0161titna crna futrola Karl Lagerfeld Saffiano Karl &amp; Choupette zasigurno \u0107e za\u010diniti va\u0161 ure\u0111aj. Dodaje mu moderan \u0161tih te se na stra\u017enjoj strani odlikuje zakrivljenim, ikoni\u010dnim dizajnom i logotipom.<\/p>","protected":false},"featured_media":13775,"comment_status":"closed","ping_status":"closed","template":"","meta":[],"product_brand":[],"product_cat":[437,560,91,88,190],"product_tag":[],"class_list":{"0":"post-13773","1":"product","2":"type-product","3":"status-publish","4":"has-post-thumbnail","6":"product_cat-galaxy-a34-5g","7":"product_cat-ovitki-za-telefone","8":"product_cat-razprodaja","9":"product_cat-samsung","10":"product_cat-samsung-a-serija","11":"pa_primerno-za-model-samsung-galaxy-a34-5g","12":"pa_primerno-za-proizvajalca-samsung","14":"first","15":"outofstock","16":"sale","17":"taxable","18":"shipping-taxable","19":"purchasable","20":"product-type-simple"},"yoast_head":"<!-- This site is optimized with the Yoast SEO plugin v27.4 - https:\/\/yoast.com\/product\/yoast-seo-wordpress\/ -->\n<title>Karl Lagerfeld za\u0161\u010ditni ovitek Saffiano Karl &amp; Choupette Black, Samsung Galaxy A34 5G -<\/title>\n<meta name=\"robots\" content=\"index, follow, max-snippet:-1, max-image-preview:large, max-video-preview:-1\" \/>\n<link rel=\"canonical\" href=\"https:\/\/www.urbanspot.si\/hr\/proizvod-2\/karl-lagerfeld-zastitna-navlaka-saffiano-karl-choupette-crna-za-samsung-galaxy-a34-5g\/\" \/>\n<meta property=\"og:locale\" content=\"hr_HR\" \/>\n<meta property=\"og:type\" content=\"article\" \/>\n<meta property=\"og:title\" content=\"Karl Lagerfeld za\u0161\u010ditni ovitek Saffiano Karl &amp; Choupette Black, Samsung Galaxy A34 5G -\" \/>\n<meta property=\"og:description\" content=\"Karl Lagerfeld za\u0161\u010ditni ovitek Saffiano Karl &amp; Choupette Black, bo vsekakor odli\u010dno popestril va\u0161o napravo. Prina\u0161a sodoben pridih in ima na hrbtni strani izbo\u010den ikoni\u010dni izgled ter logotip.\" \/>\n<meta property=\"og:url\" content=\"https:\/\/www.urbanspot.si\/hr\/proizvod-2\/karl-lagerfeld-zastitna-navlaka-saffiano-karl-choupette-crna-za-samsung-galaxy-a34-5g\/\" \/>\n<meta property=\"article:publisher\" content=\"https:\/\/www.facebook.com\/urbanspot.si\" \/>\n<meta property=\"article:modified_time\" content=\"2026-03-18T13:54:14+00:00\" \/>\n<meta property=\"og:image\" content=\"https:\/\/www.urbanspot.si\/wp-content\/uploads\/karl-lagerfeld-zascitni-ovitek-saffiano-karl-choupette-black-samsung-galaxy-a34-5g.jpg\" \/>\n\t<meta property=\"og:image:width\" content=\"600\" \/>\n\t<meta property=\"og:image:height\" content=\"600\" \/>\n\t<meta property=\"og:image:type\" content=\"image\/jpeg\" \/>\n<meta name=\"twitter:card\" content=\"summary_large_image\" \/>\n<script type=\"application\/ld+json\" class=\"yoast-schema-graph\">{\"@context\":\"https:\\\/\\\/schema.org\",\"@graph\":[{\"@type\":\"WebPage\",\"@id\":\"https:\\\/\\\/www.urbanspot.si\\\/produkt\\\/karl-lagerfeld-zascitni-ovitek-saffiano-karl-choupette-black-samsung-galaxy-a34-5g\\\/\",\"url\":\"https:\\\/\\\/www.urbanspot.si\\\/produkt\\\/karl-lagerfeld-zascitni-ovitek-saffiano-karl-choupette-black-samsung-galaxy-a34-5g\\\/\",\"name\":\"Karl Lagerfeld za\u0161\u010ditni ovitek Saffiano Karl & Choupette Black, Samsung Galaxy A34 5G -\",\"isPartOf\":{\"@id\":\"https:\\\/\\\/www.urbanspot.si\\\/#website\"},\"primaryImageOfPage\":{\"@id\":\"https:\\\/\\\/www.urbanspot.si\\\/produkt\\\/karl-lagerfeld-zascitni-ovitek-saffiano-karl-choupette-black-samsung-galaxy-a34-5g\\\/#primaryimage\"},\"image\":{\"@id\":\"https:\\\/\\\/www.urbanspot.si\\\/produkt\\\/karl-lagerfeld-zascitni-ovitek-saffiano-karl-choupette-black-samsung-galaxy-a34-5g\\\/#primaryimage\"},\"thumbnailUrl\":\"https:\\\/\\\/www.urbanspot.si\\\/wp-content\\\/uploads\\\/karl-lagerfeld-zascitni-ovitek-saffiano-karl-choupette-black-samsung-galaxy-a34-5g.jpg\",\"datePublished\":\"2024-05-22T13:37:33+00:00\",\"dateModified\":\"2026-03-18T13:54:14+00:00\",\"breadcrumb\":{\"@id\":\"https:\\\/\\\/www.urbanspot.si\\\/produkt\\\/karl-lagerfeld-zascitni-ovitek-saffiano-karl-choupette-black-samsung-galaxy-a34-5g\\\/#breadcrumb\"},\"inLanguage\":\"hr\",\"potentialAction\":[{\"@type\":\"ReadAction\",\"target\":[\"https:\\\/\\\/www.urbanspot.si\\\/produkt\\\/karl-lagerfeld-zascitni-ovitek-saffiano-karl-choupette-black-samsung-galaxy-a34-5g\\\/\"]}]},{\"@type\":\"ImageObject\",\"inLanguage\":\"hr\",\"@id\":\"https:\\\/\\\/www.urbanspot.si\\\/produkt\\\/karl-lagerfeld-zascitni-ovitek-saffiano-karl-choupette-black-samsung-galaxy-a34-5g\\\/#primaryimage\",\"url\":\"https:\\\/\\\/www.urbanspot.si\\\/wp-content\\\/uploads\\\/karl-lagerfeld-zascitni-ovitek-saffiano-karl-choupette-black-samsung-galaxy-a34-5g.jpg\",\"contentUrl\":\"https:\\\/\\\/www.urbanspot.si\\\/wp-content\\\/uploads\\\/karl-lagerfeld-zascitni-ovitek-saffiano-karl-choupette-black-samsung-galaxy-a34-5g.jpg\",\"width\":600,\"height\":600,\"caption\":\"Karl Lagerfeld za\u0161\u010ditni ovitek Saffiano Karl & Choupette Black\"},{\"@type\":\"BreadcrumbList\",\"@id\":\"https:\\\/\\\/www.urbanspot.si\\\/produkt\\\/karl-lagerfeld-zascitni-ovitek-saffiano-karl-choupette-black-samsung-galaxy-a34-5g\\\/#breadcrumb\",\"itemListElement\":[{\"@type\":\"ListItem\",\"position\":1,\"name\":\"Home\",\"item\":\"https:\\\/\\\/www.urbanspot.si\\\/\"},{\"@type\":\"ListItem\",\"position\":2,\"name\":\"Shop\",\"item\":\"https:\\\/\\\/www.urbanspot.si\\\/shop\\\/\"},{\"@type\":\"ListItem\",\"position\":3,\"name\":\"Karl Lagerfeld za\u0161\u010ditni ovitek Saffiano Karl &#038; Choupette Black, Samsung Galaxy A34 5G\"}]},{\"@type\":\"WebSite\",\"@id\":\"https:\\\/\\\/www.urbanspot.si\\\/#website\",\"url\":\"https:\\\/\\\/www.urbanspot.si\\\/\",\"name\":\"UrbanSpot\",\"description\":\"\",\"publisher\":{\"@id\":\"https:\\\/\\\/www.urbanspot.si\\\/#organization\"},\"potentialAction\":[{\"@type\":\"SearchAction\",\"target\":{\"@type\":\"EntryPoint\",\"urlTemplate\":\"https:\\\/\\\/www.urbanspot.si\\\/?s={search_term_string}\"},\"query-input\":{\"@type\":\"PropertyValueSpecification\",\"valueRequired\":true,\"valueName\":\"search_term_string\"}}],\"inLanguage\":\"hr\"},{\"@type\":\"Organization\",\"@id\":\"https:\\\/\\\/www.urbanspot.si\\\/#organization\",\"name\":\"UrbanSpot\",\"url\":\"https:\\\/\\\/www.urbanspot.si\\\/\",\"logo\":{\"@type\":\"ImageObject\",\"inLanguage\":\"hr\",\"@id\":\"https:\\\/\\\/www.urbanspot.si\\\/#\\\/schema\\\/logo\\\/image\\\/\",\"url\":\"https:\\\/\\\/www.urbanspot.si\\\/wp-content\\\/uploads\\\/urbanspot-logo.svg\",\"contentUrl\":\"https:\\\/\\\/www.urbanspot.si\\\/wp-content\\\/uploads\\\/urbanspot-logo.svg\",\"width\":185,\"height\":40,\"caption\":\"UrbanSpot\"},\"image\":{\"@id\":\"https:\\\/\\\/www.urbanspot.si\\\/#\\\/schema\\\/logo\\\/image\\\/\"},\"sameAs\":[\"https:\\\/\\\/www.facebook.com\\\/urbanspot.si\"]}]}<\/script>\n<!-- \/ Yoast SEO plugin. -->","yoast_head_json":{"title":"Karl Lagerfeld Saffiano Karl &amp; Choupette crni za\u0161titni futrol, Samsung Galaxy A34 5G -","robots":{"index":"index","follow":"follow","max-snippet":"max-snippet:-1","max-image-preview":"max-image-preview:large","max-video-preview":"max-video-preview:-1"},"canonical":"https:\/\/www.urbanspot.si\/hr\/proizvod-2\/karl-lagerfeld-zastitna-navlaka-saffiano-karl-choupette-crna-za-samsung-galaxy-a34-5g\/","og_locale":"hr_HR","og_type":"article","og_title":"Karl Lagerfeld za\u0161\u010ditni ovitek Saffiano Karl & Choupette Black, Samsung Galaxy A34 5G -","og_description":"Karl Lagerfeld za\u0161\u010ditni ovitek Saffiano Karl & Choupette Black, bo vsekakor odli\u010dno popestril va\u0161o napravo. Prina\u0161a sodoben pridih in ima na hrbtni strani izbo\u010den ikoni\u010dni izgled ter logotip.","og_url":"https:\/\/www.urbanspot.si\/hr\/proizvod-2\/karl-lagerfeld-zastitna-navlaka-saffiano-karl-choupette-crna-za-samsung-galaxy-a34-5g\/","article_publisher":"https:\/\/www.facebook.com\/urbanspot.si","article_modified_time":"2026-03-18T13:54:14+00:00","og_image":[{"width":600,"height":600,"url":"https:\/\/www.urbanspot.si\/wp-content\/uploads\/karl-lagerfeld-zascitni-ovitek-saffiano-karl-choupette-black-samsung-galaxy-a34-5g.jpg","type":"image\/jpeg"}],"twitter_card":"summary_large_image","schema":{"@context":"https:\/\/schema.org","@graph":[{"@type":"WebPage","@id":"https:\/\/www.urbanspot.si\/produkt\/karl-lagerfeld-zascitni-ovitek-saffiano-karl-choupette-black-samsung-galaxy-a34-5g\/","url":"https:\/\/www.urbanspot.si\/produkt\/karl-lagerfeld-zascitni-ovitek-saffiano-karl-choupette-black-samsung-galaxy-a34-5g\/","name":"Karl Lagerfeld Saffiano Karl &amp; Choupette crni za\u0161titni futrol, Samsung Galaxy A34 5G -","isPartOf":{"@id":"https:\/\/www.urbanspot.si\/#website"},"primaryImageOfPage":{"@id":"https:\/\/www.urbanspot.si\/produkt\/karl-lagerfeld-zascitni-ovitek-saffiano-karl-choupette-black-samsung-galaxy-a34-5g\/#primaryimage"},"image":{"@id":"https:\/\/www.urbanspot.si\/produkt\/karl-lagerfeld-zascitni-ovitek-saffiano-karl-choupette-black-samsung-galaxy-a34-5g\/#primaryimage"},"thumbnailUrl":"https:\/\/www.urbanspot.si\/wp-content\/uploads\/karl-lagerfeld-zascitni-ovitek-saffiano-karl-choupette-black-samsung-galaxy-a34-5g.jpg","datePublished":"2024-05-22T13:37:33+00:00","dateModified":"2026-03-18T13:54:14+00:00","breadcrumb":{"@id":"https:\/\/www.urbanspot.si\/produkt\/karl-lagerfeld-zascitni-ovitek-saffiano-karl-choupette-black-samsung-galaxy-a34-5g\/#breadcrumb"},"inLanguage":"hr","potentialAction":[{"@type":"ReadAction","target":["https:\/\/www.urbanspot.si\/produkt\/karl-lagerfeld-zascitni-ovitek-saffiano-karl-choupette-black-samsung-galaxy-a34-5g\/"]}]},{"@type":"ImageObject","inLanguage":"hr","@id":"https:\/\/www.urbanspot.si\/produkt\/karl-lagerfeld-zascitni-ovitek-saffiano-karl-choupette-black-samsung-galaxy-a34-5g\/#primaryimage","url":"https:\/\/www.urbanspot.si\/wp-content\/uploads\/karl-lagerfeld-zascitni-ovitek-saffiano-karl-choupette-black-samsung-galaxy-a34-5g.jpg","contentUrl":"https:\/\/www.urbanspot.si\/wp-content\/uploads\/karl-lagerfeld-zascitni-ovitek-saffiano-karl-choupette-black-samsung-galaxy-a34-5g.jpg","width":600,"height":600,"caption":"Karl Lagerfeld za\u0161\u010ditni ovitek Saffiano Karl & Choupette Black"},{"@type":"BreadcrumbList","@id":"https:\/\/www.urbanspot.si\/produkt\/karl-lagerfeld-zascitni-ovitek-saffiano-karl-choupette-black-samsung-galaxy-a34-5g\/#breadcrumb","itemListElement":[{"@type":"ListItem","position":1,"name":"Home","item":"https:\/\/www.urbanspot.si\/"},{"@type":"ListItem","position":2,"name":"Shop","item":"https:\/\/www.urbanspot.si\/shop\/"},{"@type":"ListItem","position":3,"name":"Karl Lagerfeld za\u0161\u010ditni ovitek Saffiano Karl &#038; Choupette Black, Samsung Galaxy A34 5G"}]},{"@type":"WebSite","@id":"https:\/\/www.urbanspot.si\/#website","url":"https:\/\/www.urbanspot.si\/","name":"UrbanSpot","description":"","publisher":{"@id":"https:\/\/www.urbanspot.si\/#organization"},"potentialAction":[{"@type":"SearchAction","target":{"@type":"EntryPoint","urlTemplate":"https:\/\/www.urbanspot.si\/?s={search_term_string}"},"query-input":{"@type":"PropertyValueSpecification","valueRequired":true,"valueName":"search_term_string"}}],"inLanguage":"hr"},{"@type":"Organization","@id":"https:\/\/www.urbanspot.si\/#organization","name":"UrbanSpot","url":"https:\/\/www.urbanspot.si\/","logo":{"@type":"ImageObject","inLanguage":"hr","@id":"https:\/\/www.urbanspot.si\/#\/schema\/logo\/image\/","url":"https:\/\/www.urbanspot.si\/wp-content\/uploads\/urbanspot-logo.svg","contentUrl":"https:\/\/www.urbanspot.si\/wp-content\/uploads\/urbanspot-logo.svg","width":185,"height":40,"caption":"UrbanSpot"},"image":{"@id":"https:\/\/www.urbanspot.si\/#\/schema\/logo\/image\/"},"sameAs":["https:\/\/www.facebook.com\/urbanspot.si"]}]}},"_links":{"self":[{"href":"https:\/\/www.urbanspot.si\/hr\/wp-json\/wp\/v2\/product\/13773","targetHints":{"allow":["GET"]}}],"collection":[{"href":"https:\/\/www.urbanspot.si\/hr\/wp-json\/wp\/v2\/product"}],"about":[{"href":"https:\/\/www.urbanspot.si\/hr\/wp-json\/wp\/v2\/types\/product"}],"replies":[{"embeddable":true,"href":"https:\/\/www.urbanspot.si\/hr\/wp-json\/wp\/v2\/comments?post=13773"}],"version-history":[{"count":1,"href":"https:\/\/www.urbanspot.si\/hr\/wp-json\/wp\/v2\/product\/13773\/revisions"}],"predecessor-version":[{"id":13774,"href":"https:\/\/www.urbanspot.si\/hr\/wp-json\/wp\/v2\/product\/13773\/revisions\/13774"}],"wp:featuredmedia":[{"embeddable":true,"href":"https:\/\/www.urbanspot.si\/hr\/wp-json\/wp\/v2\/media\/13775"}],"wp:attachment":[{"href":"https:\/\/www.urbanspot.si\/hr\/wp-json\/wp\/v2\/media?parent=13773"}],"wp:term":[{"taxonomy":"product_brand","embeddable":true,"href":"https:\/\/www.urbanspot.si\/hr\/wp-json\/wp\/v2\/product_brand?post=13773"},{"taxonomy":"product_cat","embeddable":true,"href":"https:\/\/www.urbanspot.si\/hr\/wp-json\/wp\/v2\/product_cat?post=13773"},{"taxonomy":"product_tag","embeddable":true,"href":"https:\/\/www.urbanspot.si\/hr\/wp-json\/wp\/v2\/product_tag?post=13773"}],"curies":[{"name":"radni list","href":"https:\/\/api.w.org\/{rel}","templated":true}]}}