{"id":13827,"date":"2024-05-22T14:37:33","date_gmt":"2024-05-22T13:37:33","guid":{"rendered":"https:\/\/www.urbanspot.si\/product\/zascitno-steklo-urbie-diamond-glass-xiaomi-pad-5-5-pro\/"},"modified":"2026-03-18T15:54:12","modified_gmt":"2026-03-18T13:54:12","slug":"zastitno-staklo-urbie-diamond-glass-xiaomi-pad-5-5-pro","status":"publish","type":"product","link":"https:\/\/www.urbanspot.si\/hr\/produkt\/zascitno-steklo-urbie-diamond-glass-xiaomi-pad-5-5-pro\/","title":{"rendered":"Za\u0161titno staklo Urbie Diamond Glass, Xiaomi Pad 5\/ 5 PRO,"},"content":{"rendered":"<p>Cijelo za\u0161titno staklo izra\u0111eno je od kemijski obra\u0111enog stakla, \u0161to pru\u017ea izvrsnu prozirnost, vidljivost, visoku osjetljivost i ugodan osje\u0107aj dodira.<\/p>\n<p>Svojstva stakla:<\/p>\n<ul>\n<li>Visokokvalitetno kaljeno staklo<\/li>\n<li>\u010cvrsto\u0107a stakla H9.<\/li>\n<li>Jednostavna instalacija.<\/li>\n<li>Tijekom ugradnje ne stvaraju se mjehuri\u0107i ispod stakla.<\/li>\n<li>Sloj protiv lomljenja \u2013 (silikonski premaz)<\/li>\n<li>Staklo prekriva cijeli ekran<\/li>\n<li>Premaz protiv masno\u0107e \u2013 manje otisaka prstiju i drugih mrlja<\/li>\n<li>Staklo daje prirodan osje\u0107aj i ne utje\u010de na odziv zaslona.<\/li>\n<li>Paket uklju\u010duje: 1x za\u0161titno staklo 1x krpa za \u010di\u0161\u0107enje od mikrovlakana 1x alkoholna maramica za prethodno \u010di\u0161\u0107enje<\/li>\n<\/ul>","protected":false},"excerpt":{"rendered":"<p>Urbie Diamond Glass, kompletno za\u0161titno staklo, pru\u017eit \u0107e va\u0161em tabletu izvrsnu za\u0161titu od prljav\u0161tine, ogrebotina i udaraca. Za\u0161titno staklo izra\u0111eno je od najboljih materijala koji osiguravaju vrhunsku \u010dvrsto\u0107u i izdr\u017eljivost (tvrdo\u0107a stakla H9). Osim toga, jednostavno se postavlja, jer dolazi s setom pribora za \u010di\u0161\u0107enje i postavljanje stakla.<\/p>","protected":false},"featured_media":13829,"comment_status":"closed","ping_status":"closed","template":"","meta":[],"product_brand":[],"product_cat":[91,232,441,559,562],"product_tag":[],"class_list":{"0":"post-13827","1":"product","2":"type-product","3":"status-publish","4":"has-post-thumbnail","6":"product_cat-razprodaja","7":"product_cat-xiaomi-2","8":"product_cat-xiaomi-pad-5","9":"product_cat-zascitna-stekla","10":"product_cat-zascitna-stekla-za-tablice","11":"pa_primerno-za-model-xiaomi-pad-5","12":"pa_primerno-za-proizvajalca-xiaomi","14":"first","15":"outofstock","16":"sale","17":"taxable","18":"shipping-taxable","19":"purchasable","20":"product-type-simple"},"yoast_head":"<!-- This site is optimized with the Yoast SEO plugin v27.4 - https:\/\/yoast.com\/product\/yoast-seo-wordpress\/ -->\n<title>Za\u0161\u010ditno steklo Urbie Diamond Glass, Xiaomi Pad 5\/ 5 PRO, -<\/title>\n<meta name=\"robots\" content=\"index, follow, max-snippet:-1, max-image-preview:large, max-video-preview:-1\" \/>\n<link rel=\"canonical\" href=\"https:\/\/www.urbanspot.si\/hr\/proizvod-2\/zastitno-staklo-urbie-diamond-glass-xiaomi-pad-5-5-pro\/\" \/>\n<meta property=\"og:locale\" content=\"hr_HR\" \/>\n<meta property=\"og:type\" content=\"article\" \/>\n<meta property=\"og:title\" content=\"Za\u0161\u010ditno steklo Urbie Diamond Glass, Xiaomi Pad 5\/ 5 PRO, -\" \/>\n<meta property=\"og:description\" content=\"Urbie Diamond Glass, celotno za\u0161\u010ditno steklo bo va\u0161i tablici nudil odli\u010dno za\u0161\u010dito pred umazanijo, praskami in udarci. Za\u0161\u010ditno steklo je narejeno iz najbolj\u0161ih materialov, ki zagotavljajo vrhunsko trdnost in trajnost (Trdnost stekla H9). Poleg tega je enostaven za namestitev, saj je prilo\u017een komplet pripomo\u010dkov za \u010di\u0161\u010denje in namestitev stekla.\" \/>\n<meta property=\"og:url\" content=\"https:\/\/www.urbanspot.si\/hr\/proizvod-2\/zastitno-staklo-urbie-diamond-glass-xiaomi-pad-5-5-pro\/\" \/>\n<meta property=\"article:publisher\" content=\"https:\/\/www.facebook.com\/urbanspot.si\" \/>\n<meta property=\"article:modified_time\" content=\"2026-03-18T13:54:12+00:00\" \/>\n<meta property=\"og:image\" content=\"https:\/\/www.urbanspot.si\/wp-content\/uploads\/zascitno-steklo-urbie-diamond-glass-xiaomi-pad-5-5-pro.jpg\" \/>\n\t<meta property=\"og:image:width\" content=\"805\" \/>\n\t<meta property=\"og:image:height\" content=\"806\" \/>\n\t<meta property=\"og:image:type\" content=\"image\/jpeg\" \/>\n<meta name=\"twitter:card\" content=\"summary_large_image\" \/>\n<script type=\"application\/ld+json\" class=\"yoast-schema-graph\">{\"@context\":\"https:\\\/\\\/schema.org\",\"@graph\":[{\"@type\":\"WebPage\",\"@id\":\"https:\\\/\\\/www.urbanspot.si\\\/produkt\\\/zascitno-steklo-urbie-diamond-glass-xiaomi-pad-5-5-pro\\\/\",\"url\":\"https:\\\/\\\/www.urbanspot.si\\\/produkt\\\/zascitno-steklo-urbie-diamond-glass-xiaomi-pad-5-5-pro\\\/\",\"name\":\"Za\u0161\u010ditno steklo Urbie Diamond Glass, Xiaomi Pad 5\\\/ 5 PRO, -\",\"isPartOf\":{\"@id\":\"https:\\\/\\\/www.urbanspot.si\\\/#website\"},\"primaryImageOfPage\":{\"@id\":\"https:\\\/\\\/www.urbanspot.si\\\/produkt\\\/zascitno-steklo-urbie-diamond-glass-xiaomi-pad-5-5-pro\\\/#primaryimage\"},\"image\":{\"@id\":\"https:\\\/\\\/www.urbanspot.si\\\/produkt\\\/zascitno-steklo-urbie-diamond-glass-xiaomi-pad-5-5-pro\\\/#primaryimage\"},\"thumbnailUrl\":\"https:\\\/\\\/www.urbanspot.si\\\/wp-content\\\/uploads\\\/zascitno-steklo-urbie-diamond-glass-xiaomi-pad-5-5-pro.jpg\",\"datePublished\":\"2024-05-22T13:37:33+00:00\",\"dateModified\":\"2026-03-18T13:54:12+00:00\",\"breadcrumb\":{\"@id\":\"https:\\\/\\\/www.urbanspot.si\\\/produkt\\\/zascitno-steklo-urbie-diamond-glass-xiaomi-pad-5-5-pro\\\/#breadcrumb\"},\"inLanguage\":\"hr\",\"potentialAction\":[{\"@type\":\"ReadAction\",\"target\":[\"https:\\\/\\\/www.urbanspot.si\\\/produkt\\\/zascitno-steklo-urbie-diamond-glass-xiaomi-pad-5-5-pro\\\/\"]}]},{\"@type\":\"ImageObject\",\"inLanguage\":\"hr\",\"@id\":\"https:\\\/\\\/www.urbanspot.si\\\/produkt\\\/zascitno-steklo-urbie-diamond-glass-xiaomi-pad-5-5-pro\\\/#primaryimage\",\"url\":\"https:\\\/\\\/www.urbanspot.si\\\/wp-content\\\/uploads\\\/zascitno-steklo-urbie-diamond-glass-xiaomi-pad-5-5-pro.jpg\",\"contentUrl\":\"https:\\\/\\\/www.urbanspot.si\\\/wp-content\\\/uploads\\\/zascitno-steklo-urbie-diamond-glass-xiaomi-pad-5-5-pro.jpg\",\"width\":805,\"height\":806,\"caption\":\"Za\u0161\u010ditno steklo Urbie Diamond Glass\"},{\"@type\":\"BreadcrumbList\",\"@id\":\"https:\\\/\\\/www.urbanspot.si\\\/produkt\\\/zascitno-steklo-urbie-diamond-glass-xiaomi-pad-5-5-pro\\\/#breadcrumb\",\"itemListElement\":[{\"@type\":\"ListItem\",\"position\":1,\"name\":\"Home\",\"item\":\"https:\\\/\\\/www.urbanspot.si\\\/\"},{\"@type\":\"ListItem\",\"position\":2,\"name\":\"Shop\",\"item\":\"https:\\\/\\\/www.urbanspot.si\\\/shop\\\/\"},{\"@type\":\"ListItem\",\"position\":3,\"name\":\"Za\u0161\u010ditno steklo Urbie Diamond Glass, Xiaomi Pad 5\\\/ 5 PRO,\"}]},{\"@type\":\"WebSite\",\"@id\":\"https:\\\/\\\/www.urbanspot.si\\\/#website\",\"url\":\"https:\\\/\\\/www.urbanspot.si\\\/\",\"name\":\"UrbanSpot\",\"description\":\"\",\"publisher\":{\"@id\":\"https:\\\/\\\/www.urbanspot.si\\\/#organization\"},\"potentialAction\":[{\"@type\":\"SearchAction\",\"target\":{\"@type\":\"EntryPoint\",\"urlTemplate\":\"https:\\\/\\\/www.urbanspot.si\\\/?s={search_term_string}\"},\"query-input\":{\"@type\":\"PropertyValueSpecification\",\"valueRequired\":true,\"valueName\":\"search_term_string\"}}],\"inLanguage\":\"hr\"},{\"@type\":\"Organization\",\"@id\":\"https:\\\/\\\/www.urbanspot.si\\\/#organization\",\"name\":\"UrbanSpot\",\"url\":\"https:\\\/\\\/www.urbanspot.si\\\/\",\"logo\":{\"@type\":\"ImageObject\",\"inLanguage\":\"hr\",\"@id\":\"https:\\\/\\\/www.urbanspot.si\\\/#\\\/schema\\\/logo\\\/image\\\/\",\"url\":\"https:\\\/\\\/www.urbanspot.si\\\/wp-content\\\/uploads\\\/urbanspot-logo.svg\",\"contentUrl\":\"https:\\\/\\\/www.urbanspot.si\\\/wp-content\\\/uploads\\\/urbanspot-logo.svg\",\"width\":185,\"height\":40,\"caption\":\"UrbanSpot\"},\"image\":{\"@id\":\"https:\\\/\\\/www.urbanspot.si\\\/#\\\/schema\\\/logo\\\/image\\\/\"},\"sameAs\":[\"https:\\\/\\\/www.facebook.com\\\/urbanspot.si\"]}]}<\/script>\n<!-- \/ Yoast SEO plugin. -->","yoast_head_json":{"title":"Za\u0161\u010ditno steklo Urbie Diamond Glass, Xiaomi Pad 5\/ 5 PRO, -","robots":{"index":"index","follow":"follow","max-snippet":"max-snippet:-1","max-image-preview":"max-image-preview:large","max-video-preview":"max-video-preview:-1"},"canonical":"https:\/\/www.urbanspot.si\/hr\/proizvod-2\/zastitno-staklo-urbie-diamond-glass-xiaomi-pad-5-5-pro\/","og_locale":"hr_HR","og_type":"article","og_title":"Za\u0161\u010ditno steklo Urbie Diamond Glass, Xiaomi Pad 5\/ 5 PRO, -","og_description":"Urbie Diamond Glass, celotno za\u0161\u010ditno steklo bo va\u0161i tablici nudil odli\u010dno za\u0161\u010dito pred umazanijo, praskami in udarci. Za\u0161\u010ditno steklo je narejeno iz najbolj\u0161ih materialov, ki zagotavljajo vrhunsko trdnost in trajnost (Trdnost stekla H9). Poleg tega je enostaven za namestitev, saj je prilo\u017een komplet pripomo\u010dkov za \u010di\u0161\u010denje in namestitev stekla.","og_url":"https:\/\/www.urbanspot.si\/hr\/proizvod-2\/zastitno-staklo-urbie-diamond-glass-xiaomi-pad-5-5-pro\/","article_publisher":"https:\/\/www.facebook.com\/urbanspot.si","article_modified_time":"2026-03-18T13:54:12+00:00","og_image":[{"width":805,"height":806,"url":"https:\/\/www.urbanspot.si\/wp-content\/uploads\/zascitno-steklo-urbie-diamond-glass-xiaomi-pad-5-5-pro.jpg","type":"image\/jpeg"}],"twitter_card":"summary_large_image","schema":{"@context":"https:\/\/schema.org","@graph":[{"@type":"WebPage","@id":"https:\/\/www.urbanspot.si\/produkt\/zascitno-steklo-urbie-diamond-glass-xiaomi-pad-5-5-pro\/","url":"https:\/\/www.urbanspot.si\/produkt\/zascitno-steklo-urbie-diamond-glass-xiaomi-pad-5-5-pro\/","name":"Za\u0161\u010ditno steklo Urbie Diamond Glass, Xiaomi Pad 5\/ 5 PRO, -","isPartOf":{"@id":"https:\/\/www.urbanspot.si\/#website"},"primaryImageOfPage":{"@id":"https:\/\/www.urbanspot.si\/produkt\/zascitno-steklo-urbie-diamond-glass-xiaomi-pad-5-5-pro\/#primaryimage"},"image":{"@id":"https:\/\/www.urbanspot.si\/produkt\/zascitno-steklo-urbie-diamond-glass-xiaomi-pad-5-5-pro\/#primaryimage"},"thumbnailUrl":"https:\/\/www.urbanspot.si\/wp-content\/uploads\/zascitno-steklo-urbie-diamond-glass-xiaomi-pad-5-5-pro.jpg","datePublished":"2024-05-22T13:37:33+00:00","dateModified":"2026-03-18T13:54:12+00:00","breadcrumb":{"@id":"https:\/\/www.urbanspot.si\/produkt\/zascitno-steklo-urbie-diamond-glass-xiaomi-pad-5-5-pro\/#breadcrumb"},"inLanguage":"hr","potentialAction":[{"@type":"ReadAction","target":["https:\/\/www.urbanspot.si\/produkt\/zascitno-steklo-urbie-diamond-glass-xiaomi-pad-5-5-pro\/"]}]},{"@type":"ImageObject","inLanguage":"hr","@id":"https:\/\/www.urbanspot.si\/produkt\/zascitno-steklo-urbie-diamond-glass-xiaomi-pad-5-5-pro\/#primaryimage","url":"https:\/\/www.urbanspot.si\/wp-content\/uploads\/zascitno-steklo-urbie-diamond-glass-xiaomi-pad-5-5-pro.jpg","contentUrl":"https:\/\/www.urbanspot.si\/wp-content\/uploads\/zascitno-steklo-urbie-diamond-glass-xiaomi-pad-5-5-pro.jpg","width":805,"height":806,"caption":"Za\u0161\u010ditno steklo Urbie Diamond Glass"},{"@type":"BreadcrumbList","@id":"https:\/\/www.urbanspot.si\/produkt\/zascitno-steklo-urbie-diamond-glass-xiaomi-pad-5-5-pro\/#breadcrumb","itemListElement":[{"@type":"ListItem","position":1,"name":"Home","item":"https:\/\/www.urbanspot.si\/"},{"@type":"ListItem","position":2,"name":"Shop","item":"https:\/\/www.urbanspot.si\/shop\/"},{"@type":"ListItem","position":3,"name":"Za\u0161\u010ditno steklo Urbie Diamond Glass, Xiaomi Pad 5\/ 5 PRO,"}]},{"@type":"WebSite","@id":"https:\/\/www.urbanspot.si\/#website","url":"https:\/\/www.urbanspot.si\/","name":"UrbanSpot","description":"","publisher":{"@id":"https:\/\/www.urbanspot.si\/#organization"},"potentialAction":[{"@type":"SearchAction","target":{"@type":"EntryPoint","urlTemplate":"https:\/\/www.urbanspot.si\/?s={search_term_string}"},"query-input":{"@type":"PropertyValueSpecification","valueRequired":true,"valueName":"search_term_string"}}],"inLanguage":"hr"},{"@type":"Organization","@id":"https:\/\/www.urbanspot.si\/#organization","name":"UrbanSpot","url":"https:\/\/www.urbanspot.si\/","logo":{"@type":"ImageObject","inLanguage":"hr","@id":"https:\/\/www.urbanspot.si\/#\/schema\/logo\/image\/","url":"https:\/\/www.urbanspot.si\/wp-content\/uploads\/urbanspot-logo.svg","contentUrl":"https:\/\/www.urbanspot.si\/wp-content\/uploads\/urbanspot-logo.svg","width":185,"height":40,"caption":"UrbanSpot"},"image":{"@id":"https:\/\/www.urbanspot.si\/#\/schema\/logo\/image\/"},"sameAs":["https:\/\/www.facebook.com\/urbanspot.si"]}]}},"_links":{"self":[{"href":"https:\/\/www.urbanspot.si\/hr\/wp-json\/wp\/v2\/product\/13827","targetHints":{"allow":["GET"]}}],"collection":[{"href":"https:\/\/www.urbanspot.si\/hr\/wp-json\/wp\/v2\/product"}],"about":[{"href":"https:\/\/www.urbanspot.si\/hr\/wp-json\/wp\/v2\/types\/product"}],"replies":[{"embeddable":true,"href":"https:\/\/www.urbanspot.si\/hr\/wp-json\/wp\/v2\/comments?post=13827"}],"version-history":[{"count":1,"href":"https:\/\/www.urbanspot.si\/hr\/wp-json\/wp\/v2\/product\/13827\/revisions"}],"predecessor-version":[{"id":13828,"href":"https:\/\/www.urbanspot.si\/hr\/wp-json\/wp\/v2\/product\/13827\/revisions\/13828"}],"wp:featuredmedia":[{"embeddable":true,"href":"https:\/\/www.urbanspot.si\/hr\/wp-json\/wp\/v2\/media\/13829"}],"wp:attachment":[{"href":"https:\/\/www.urbanspot.si\/hr\/wp-json\/wp\/v2\/media?parent=13827"}],"wp:term":[{"taxonomy":"product_brand","embeddable":true,"href":"https:\/\/www.urbanspot.si\/hr\/wp-json\/wp\/v2\/product_brand?post=13827"},{"taxonomy":"product_cat","embeddable":true,"href":"https:\/\/www.urbanspot.si\/hr\/wp-json\/wp\/v2\/product_cat?post=13827"},{"taxonomy":"product_tag","embeddable":true,"href":"https:\/\/www.urbanspot.si\/hr\/wp-json\/wp\/v2\/product_tag?post=13827"}],"curies":[{"name":"radni list","href":"https:\/\/api.w.org\/{rel}","templated":true}]}}