{"id":13832,"date":"2024-05-22T14:37:33","date_gmt":"2024-05-22T13:37:33","guid":{"rendered":"https:\/\/www.urbanspot.si\/product\/ovitek-urbie-panda-blue-za-tablico-xiaomi-pad-5-5-pro\/"},"modified":"2026-03-18T15:54:11","modified_gmt":"2026-03-18T13:54:11","slug":"urbie-panda-plava-futrola-za-xiaomi-pad-5-5-pro-tablet","status":"publish","type":"product","link":"https:\/\/www.urbanspot.si\/hr\/produkt\/ovitek-urbie-panda-blue-za-tablico-xiaomi-pad-5-5-pro\/","title":{"rendered":"Urbie Panda plava futrola za tablet, Xiaomi Pad 5\/5 PRO"},"content":{"rendered":"<p>Urbie futrola za tablet Xiaomi Pad 5\/5 PRO definitivno \u0107e se istaknuti iz mase svojim djetinjastim dizajnom i sofisticirano\u0161\u0107u. Futrola savr\u0161eno pristaje va\u0161em tabletu i \u0161titi ga od ogrebotina i o\u0161te\u0107enja.<\/p>\n<p>Zna\u010dajke:\u00a0<\/p>\n<ul>\n<li>Izra\u0111eno od kvalitetnog materijala.<\/li>\n<li>Mogu\u0107nost postavljanja futrole za tablet radi lak\u0161eg gledanja filmova i tipkanja.<\/li>\n<li>Jednostavno pri\u010dvrstite tablet u okvir, koji \u0107e ga \u010dvrsto pri\u010dvrstiti.<\/li>\n<li>Pristup svim tipkama i priklju\u010dku za punjenje.<\/li>\n<li>\u00a0Dimenzije navlake: 28 cm x 24 cm x 4 cm<\/li>\n<li>Funkcionalni stalak, dr\u017ea\u010d za ruku i utor za olovku.<\/li>\n<li>Boja: plava<\/li>\n<\/ul>\n<p>\u00a0<\/p>\n<p>\u00a0<\/p>","protected":false},"excerpt":{"rendered":"<p>Urbie PANDA futrola za djecu. Elegantna i visokokvalitetna futrola za tablet, Xiaomi Pad 5\/ 5 PRO. Futrola savr\u0161eno pristaje na tablet. Jednostavna i prakti\u010dna za kori\u0161tenje.<\/p>","protected":false},"featured_media":13834,"comment_status":"closed","ping_status":"closed","template":"","meta":[],"product_brand":[],"product_cat":[560,91,232,441],"product_tag":[],"class_list":{"0":"post-13832","1":"product","2":"type-product","3":"status-publish","4":"has-post-thumbnail","6":"product_cat-ovitki-za-telefone","7":"product_cat-razprodaja","8":"product_cat-xiaomi-2","9":"product_cat-xiaomi-pad-5","10":"pa_primerno-za-model-xiaomi-pad-5","12":"first","13":"outofstock","14":"sale","15":"taxable","16":"shipping-taxable","17":"purchasable","18":"product-type-simple"},"yoast_head":"<!-- This site is optimized with the Yoast SEO plugin v27.4 - https:\/\/yoast.com\/product\/yoast-seo-wordpress\/ -->\n<title>Ovitek Urbie Panda Blue za tablico, Xiaomi Pad 5\/ 5 PRO -<\/title>\n<meta name=\"robots\" content=\"index, follow, max-snippet:-1, max-image-preview:large, max-video-preview:-1\" \/>\n<link rel=\"canonical\" href=\"https:\/\/www.urbanspot.si\/hr\/proizvod-2\/urbie-panda-plava-futrola-za-xiaomi-pad-5-5-pro-tablet\/\" \/>\n<meta property=\"og:locale\" content=\"hr_HR\" \/>\n<meta property=\"og:type\" content=\"article\" \/>\n<meta property=\"og:title\" content=\"Ovitek Urbie Panda Blue za tablico, Xiaomi Pad 5\/ 5 PRO -\" \/>\n<meta property=\"og:description\" content=\"Ovitek Urbie PANDA za otroke. Eleganten in kvaliteten ovitek za tablico, Xiaomi Pad 5\/ 5 PRO. Ovitek se popolnoma prilega za tablico. Enostavna in priro\u010dna za uporabo.\" \/>\n<meta property=\"og:url\" content=\"https:\/\/www.urbanspot.si\/hr\/proizvod-2\/urbie-panda-plava-futrola-za-xiaomi-pad-5-5-pro-tablet\/\" \/>\n<meta property=\"article:publisher\" content=\"https:\/\/www.facebook.com\/urbanspot.si\" \/>\n<meta property=\"article:modified_time\" content=\"2026-03-18T13:54:11+00:00\" \/>\n<meta property=\"og:image\" content=\"https:\/\/www.urbanspot.si\/wp-content\/uploads\/ovitek-urbie-panda-blue-za-tablico-xiaomi-pad-5-5-pro.jpg\" \/>\n\t<meta property=\"og:image:width\" content=\"1000\" \/>\n\t<meta property=\"og:image:height\" content=\"1000\" \/>\n\t<meta property=\"og:image:type\" content=\"image\/jpeg\" \/>\n<meta name=\"twitter:card\" content=\"summary_large_image\" \/>\n<script type=\"application\/ld+json\" class=\"yoast-schema-graph\">{\"@context\":\"https:\\\/\\\/schema.org\",\"@graph\":[{\"@type\":\"WebPage\",\"@id\":\"https:\\\/\\\/www.urbanspot.si\\\/produkt\\\/ovitek-urbie-panda-blue-za-tablico-xiaomi-pad-5-5-pro\\\/\",\"url\":\"https:\\\/\\\/www.urbanspot.si\\\/produkt\\\/ovitek-urbie-panda-blue-za-tablico-xiaomi-pad-5-5-pro\\\/\",\"name\":\"Ovitek Urbie Panda Blue za tablico, Xiaomi Pad 5\\\/ 5 PRO -\",\"isPartOf\":{\"@id\":\"https:\\\/\\\/www.urbanspot.si\\\/#website\"},\"primaryImageOfPage\":{\"@id\":\"https:\\\/\\\/www.urbanspot.si\\\/produkt\\\/ovitek-urbie-panda-blue-za-tablico-xiaomi-pad-5-5-pro\\\/#primaryimage\"},\"image\":{\"@id\":\"https:\\\/\\\/www.urbanspot.si\\\/produkt\\\/ovitek-urbie-panda-blue-za-tablico-xiaomi-pad-5-5-pro\\\/#primaryimage\"},\"thumbnailUrl\":\"https:\\\/\\\/www.urbanspot.si\\\/wp-content\\\/uploads\\\/ovitek-urbie-panda-blue-za-tablico-xiaomi-pad-5-5-pro.jpg\",\"datePublished\":\"2024-05-22T13:37:33+00:00\",\"dateModified\":\"2026-03-18T13:54:11+00:00\",\"breadcrumb\":{\"@id\":\"https:\\\/\\\/www.urbanspot.si\\\/produkt\\\/ovitek-urbie-panda-blue-za-tablico-xiaomi-pad-5-5-pro\\\/#breadcrumb\"},\"inLanguage\":\"hr\",\"potentialAction\":[{\"@type\":\"ReadAction\",\"target\":[\"https:\\\/\\\/www.urbanspot.si\\\/produkt\\\/ovitek-urbie-panda-blue-za-tablico-xiaomi-pad-5-5-pro\\\/\"]}]},{\"@type\":\"ImageObject\",\"inLanguage\":\"hr\",\"@id\":\"https:\\\/\\\/www.urbanspot.si\\\/produkt\\\/ovitek-urbie-panda-blue-za-tablico-xiaomi-pad-5-5-pro\\\/#primaryimage\",\"url\":\"https:\\\/\\\/www.urbanspot.si\\\/wp-content\\\/uploads\\\/ovitek-urbie-panda-blue-za-tablico-xiaomi-pad-5-5-pro.jpg\",\"contentUrl\":\"https:\\\/\\\/www.urbanspot.si\\\/wp-content\\\/uploads\\\/ovitek-urbie-panda-blue-za-tablico-xiaomi-pad-5-5-pro.jpg\",\"width\":1000,\"height\":1000,\"caption\":\"Ovitek Urbie Panda Blue za tablico\"},{\"@type\":\"BreadcrumbList\",\"@id\":\"https:\\\/\\\/www.urbanspot.si\\\/produkt\\\/ovitek-urbie-panda-blue-za-tablico-xiaomi-pad-5-5-pro\\\/#breadcrumb\",\"itemListElement\":[{\"@type\":\"ListItem\",\"position\":1,\"name\":\"Home\",\"item\":\"https:\\\/\\\/www.urbanspot.si\\\/\"},{\"@type\":\"ListItem\",\"position\":2,\"name\":\"Shop\",\"item\":\"https:\\\/\\\/www.urbanspot.si\\\/shop\\\/\"},{\"@type\":\"ListItem\",\"position\":3,\"name\":\"Ovitek Urbie Panda Blue za tablico, Xiaomi Pad 5\\\/ 5 PRO\"}]},{\"@type\":\"WebSite\",\"@id\":\"https:\\\/\\\/www.urbanspot.si\\\/#website\",\"url\":\"https:\\\/\\\/www.urbanspot.si\\\/\",\"name\":\"UrbanSpot\",\"description\":\"\",\"publisher\":{\"@id\":\"https:\\\/\\\/www.urbanspot.si\\\/#organization\"},\"potentialAction\":[{\"@type\":\"SearchAction\",\"target\":{\"@type\":\"EntryPoint\",\"urlTemplate\":\"https:\\\/\\\/www.urbanspot.si\\\/?s={search_term_string}\"},\"query-input\":{\"@type\":\"PropertyValueSpecification\",\"valueRequired\":true,\"valueName\":\"search_term_string\"}}],\"inLanguage\":\"hr\"},{\"@type\":\"Organization\",\"@id\":\"https:\\\/\\\/www.urbanspot.si\\\/#organization\",\"name\":\"UrbanSpot\",\"url\":\"https:\\\/\\\/www.urbanspot.si\\\/\",\"logo\":{\"@type\":\"ImageObject\",\"inLanguage\":\"hr\",\"@id\":\"https:\\\/\\\/www.urbanspot.si\\\/#\\\/schema\\\/logo\\\/image\\\/\",\"url\":\"https:\\\/\\\/www.urbanspot.si\\\/wp-content\\\/uploads\\\/urbanspot-logo.svg\",\"contentUrl\":\"https:\\\/\\\/www.urbanspot.si\\\/wp-content\\\/uploads\\\/urbanspot-logo.svg\",\"width\":185,\"height\":40,\"caption\":\"UrbanSpot\"},\"image\":{\"@id\":\"https:\\\/\\\/www.urbanspot.si\\\/#\\\/schema\\\/logo\\\/image\\\/\"},\"sameAs\":[\"https:\\\/\\\/www.facebook.com\\\/urbanspot.si\"]}]}<\/script>\n<!-- \/ Yoast SEO plugin. -->","yoast_head_json":{"title":"Urbia Panda plavi za\u0161titni poklopac za tablet, Xiaomi Pad 5\/ 5 PRO -","robots":{"index":"index","follow":"follow","max-snippet":"max-snippet:-1","max-image-preview":"max-image-preview:large","max-video-preview":"max-video-preview:-1"},"canonical":"https:\/\/www.urbanspot.si\/hr\/proizvod-2\/urbie-panda-plava-futrola-za-xiaomi-pad-5-5-pro-tablet\/","og_locale":"hr_HR","og_type":"article","og_title":"Ovitek Urbie Panda Blue za tablico, Xiaomi Pad 5\/ 5 PRO -","og_description":"Ovitek Urbie PANDA za otroke. Eleganten in kvaliteten ovitek za tablico, Xiaomi Pad 5\/ 5 PRO. Ovitek se popolnoma prilega za tablico. Enostavna in priro\u010dna za uporabo.","og_url":"https:\/\/www.urbanspot.si\/hr\/proizvod-2\/urbie-panda-plava-futrola-za-xiaomi-pad-5-5-pro-tablet\/","article_publisher":"https:\/\/www.facebook.com\/urbanspot.si","article_modified_time":"2026-03-18T13:54:11+00:00","og_image":[{"width":1000,"height":1000,"url":"https:\/\/www.urbanspot.si\/wp-content\/uploads\/ovitek-urbie-panda-blue-za-tablico-xiaomi-pad-5-5-pro.jpg","type":"image\/jpeg"}],"twitter_card":"summary_large_image","schema":{"@context":"https:\/\/schema.org","@graph":[{"@type":"WebPage","@id":"https:\/\/www.urbanspot.si\/produkt\/ovitek-urbie-panda-blue-za-tablico-xiaomi-pad-5-5-pro\/","url":"https:\/\/www.urbanspot.si\/produkt\/ovitek-urbie-panda-blue-za-tablico-xiaomi-pad-5-5-pro\/","name":"Urbia Panda plavi za\u0161titni poklopac za tablet, Xiaomi Pad 5\/ 5 PRO -","isPartOf":{"@id":"https:\/\/www.urbanspot.si\/#website"},"primaryImageOfPage":{"@id":"https:\/\/www.urbanspot.si\/produkt\/ovitek-urbie-panda-blue-za-tablico-xiaomi-pad-5-5-pro\/#primaryimage"},"image":{"@id":"https:\/\/www.urbanspot.si\/produkt\/ovitek-urbie-panda-blue-za-tablico-xiaomi-pad-5-5-pro\/#primaryimage"},"thumbnailUrl":"https:\/\/www.urbanspot.si\/wp-content\/uploads\/ovitek-urbie-panda-blue-za-tablico-xiaomi-pad-5-5-pro.jpg","datePublished":"2024-05-22T13:37:33+00:00","dateModified":"2026-03-18T13:54:11+00:00","breadcrumb":{"@id":"https:\/\/www.urbanspot.si\/produkt\/ovitek-urbie-panda-blue-za-tablico-xiaomi-pad-5-5-pro\/#breadcrumb"},"inLanguage":"hr","potentialAction":[{"@type":"ReadAction","target":["https:\/\/www.urbanspot.si\/produkt\/ovitek-urbie-panda-blue-za-tablico-xiaomi-pad-5-5-pro\/"]}]},{"@type":"ImageObject","inLanguage":"hr","@id":"https:\/\/www.urbanspot.si\/produkt\/ovitek-urbie-panda-blue-za-tablico-xiaomi-pad-5-5-pro\/#primaryimage","url":"https:\/\/www.urbanspot.si\/wp-content\/uploads\/ovitek-urbie-panda-blue-za-tablico-xiaomi-pad-5-5-pro.jpg","contentUrl":"https:\/\/www.urbanspot.si\/wp-content\/uploads\/ovitek-urbie-panda-blue-za-tablico-xiaomi-pad-5-5-pro.jpg","width":1000,"height":1000,"caption":"Ovitek Urbie Panda Blue za tablico"},{"@type":"BreadcrumbList","@id":"https:\/\/www.urbanspot.si\/produkt\/ovitek-urbie-panda-blue-za-tablico-xiaomi-pad-5-5-pro\/#breadcrumb","itemListElement":[{"@type":"ListItem","position":1,"name":"Home","item":"https:\/\/www.urbanspot.si\/"},{"@type":"ListItem","position":2,"name":"Shop","item":"https:\/\/www.urbanspot.si\/shop\/"},{"@type":"ListItem","position":3,"name":"Ovitek Urbie Panda Blue za tablico, Xiaomi Pad 5\/ 5 PRO"}]},{"@type":"WebSite","@id":"https:\/\/www.urbanspot.si\/#website","url":"https:\/\/www.urbanspot.si\/","name":"UrbanSpot","description":"","publisher":{"@id":"https:\/\/www.urbanspot.si\/#organization"},"potentialAction":[{"@type":"SearchAction","target":{"@type":"EntryPoint","urlTemplate":"https:\/\/www.urbanspot.si\/?s={search_term_string}"},"query-input":{"@type":"PropertyValueSpecification","valueRequired":true,"valueName":"search_term_string"}}],"inLanguage":"hr"},{"@type":"Organization","@id":"https:\/\/www.urbanspot.si\/#organization","name":"UrbanSpot","url":"https:\/\/www.urbanspot.si\/","logo":{"@type":"ImageObject","inLanguage":"hr","@id":"https:\/\/www.urbanspot.si\/#\/schema\/logo\/image\/","url":"https:\/\/www.urbanspot.si\/wp-content\/uploads\/urbanspot-logo.svg","contentUrl":"https:\/\/www.urbanspot.si\/wp-content\/uploads\/urbanspot-logo.svg","width":185,"height":40,"caption":"UrbanSpot"},"image":{"@id":"https:\/\/www.urbanspot.si\/#\/schema\/logo\/image\/"},"sameAs":["https:\/\/www.facebook.com\/urbanspot.si"]}]}},"_links":{"self":[{"href":"https:\/\/www.urbanspot.si\/hr\/wp-json\/wp\/v2\/product\/13832","targetHints":{"allow":["GET"]}}],"collection":[{"href":"https:\/\/www.urbanspot.si\/hr\/wp-json\/wp\/v2\/product"}],"about":[{"href":"https:\/\/www.urbanspot.si\/hr\/wp-json\/wp\/v2\/types\/product"}],"replies":[{"embeddable":true,"href":"https:\/\/www.urbanspot.si\/hr\/wp-json\/wp\/v2\/comments?post=13832"}],"version-history":[{"count":1,"href":"https:\/\/www.urbanspot.si\/hr\/wp-json\/wp\/v2\/product\/13832\/revisions"}],"predecessor-version":[{"id":13833,"href":"https:\/\/www.urbanspot.si\/hr\/wp-json\/wp\/v2\/product\/13832\/revisions\/13833"}],"wp:featuredmedia":[{"embeddable":true,"href":"https:\/\/www.urbanspot.si\/hr\/wp-json\/wp\/v2\/media\/13834"}],"wp:attachment":[{"href":"https:\/\/www.urbanspot.si\/hr\/wp-json\/wp\/v2\/media?parent=13832"}],"wp:term":[{"taxonomy":"product_brand","embeddable":true,"href":"https:\/\/www.urbanspot.si\/hr\/wp-json\/wp\/v2\/product_brand?post=13832"},{"taxonomy":"product_cat","embeddable":true,"href":"https:\/\/www.urbanspot.si\/hr\/wp-json\/wp\/v2\/product_cat?post=13832"},{"taxonomy":"product_tag","embeddable":true,"href":"https:\/\/www.urbanspot.si\/hr\/wp-json\/wp\/v2\/product_tag?post=13832"}],"curies":[{"name":"radni list","href":"https:\/\/api.w.org\/{rel}","templated":true}]}}