{"id":13836,"date":"2024-05-22T14:37:33","date_gmt":"2024-05-22T13:37:33","guid":{"rendered":"https:\/\/www.urbanspot.si\/product\/brezzicne-slusalke-xiaomi-mi-sports-black\/"},"modified":"2026-03-18T15:54:11","modified_gmt":"2026-03-18T13:54:11","slug":"bezicne-slusalice-xiaomi-mi-sports-crne","status":"publish","type":"product","link":"https:\/\/www.urbanspot.si\/hr\/produkt\/brezzicne-slusalke-xiaomi-mi-sports-black\/","title":{"rendered":"XIAOMI MI SPORTS be\u017ei\u010dne slu\u0161alice, crne"},"content":{"rendered":"<p>Xiaomi Mi Sport Bluetooth slu\u0161alice s malom te\u017einom i udobno\u0161\u0107u zadovoljavaju potrebe sportskih entuzijasta. S vodootporno\u0161\u0107u i otporno\u0161\u0107u na znoj, prikladne su za ve\u0107inu sportskih aktivnosti.<\/p>\n<p>\u00a0<\/p>\n<p><strong>Tehni\u010dke zna\u010dajke:<\/strong><\/p>\n<ul>\n<li>Vrsta slu\u0161alica: Be\u017ei\u010dne sportske slu\u0161alice<\/li>\n<li>Tehnologija: Bluetooth 4.1 tehnologija\u00a0<\/li>\n<li>Baterija: litij-polimerna baterija od 110 mAh<\/li>\n<li>MEMS mikrofon za \u010dist i stabilan zvuk<\/li>\n<li>Otpornost: IPX4 otpornost na vodu i znoj<\/li>\n<li>Vrijeme punjenja: 1,5 h<\/li>\n<li>Osjetljivost: 110dB<\/li>\n<li>Materijal: Ku\u0107i\u0161te slu\u0161alica premazano je posebnom nanometarskom tehnologijom premaza s visokom otporno\u0161\u0107u na habanje i trajne mrlje.<\/li>\n<li>Gumb za upravljanje funkcijama<\/li>\n<\/ul>\n<h4>\u00a0<\/h4>","protected":false},"excerpt":{"rendered":"<p>Lagane i udobne Xiaomi Mi Sport Bluetooth slu\u0161alice dizajnirane su da zadovolje potrebe sportskih entuzijasta. Svojom vodootpornom i znoju otpornom konstrukcijom pogodne su za ve\u0107inu sportskih aktivnosti. Baterija velike kapaciteta, koja omogu\u0107uje 7 sati reprodukcije glazbe bez punjenja, osigurava da mo\u017eete slu\u0161ati glazbu i u pokretu i tijekom treninga. Istovremeno, posebno dizajnirane slu\u0161alice osiguravaju da Xiaomi Bluetooth slu\u0161alice ostanu sigurno na mjestu \u010dak i tijekom intenzivnijih treninga.<\/p>","protected":false},"featured_media":13838,"comment_status":"closed","ping_status":"closed","template":"","meta":[],"product_brand":[],"product_cat":[104,91,306],"product_tag":[],"class_list":{"0":"post-13836","1":"product","2":"type-product","3":"status-publish","4":"has-post-thumbnail","6":"product_cat-dodatna-oprema","7":"product_cat-razprodaja","8":"product_cat-slusalke","9":"pa_primerno-za-proizvajalca-apple","10":"pa_primerno-za-proizvajalca-honor","11":"pa_primerno-za-proizvajalca-huawei","12":"pa_primerno-za-proizvajalca-samsung","13":"pa_primerno-za-proizvajalca-xiaomi","15":"first","16":"outofstock","17":"sale","18":"taxable","19":"shipping-taxable","20":"purchasable","21":"product-type-simple"},"yoast_head":"<!-- This site is optimized with the Yoast SEO plugin v27.4 - https:\/\/yoast.com\/product\/yoast-seo-wordpress\/ -->\n<title>Brez\u017ei\u010dne slu\u0161alke XIAOMI MI SPORTS, bLACK -<\/title>\n<meta name=\"robots\" content=\"index, follow, max-snippet:-1, max-image-preview:large, max-video-preview:-1\" \/>\n<link rel=\"canonical\" href=\"https:\/\/www.urbanspot.si\/hr\/proizvod-2\/bezicne-slusalice-xiaomi-mi-sports-crne\/\" \/>\n<meta property=\"og:locale\" content=\"hr_HR\" \/>\n<meta property=\"og:type\" content=\"article\" \/>\n<meta property=\"og:title\" content=\"Brez\u017ei\u010dne slu\u0161alke XIAOMI MI SPORTS, bLACK -\" \/>\n<meta property=\"og:description\" content=\"Xiaomi Mi Sport Bluetooth slu\u0161alke z nizko te\u017eo in udobjem izpolnjujejo potrebe \u0161portnih navdu\u0161encev. Z vodoodpornostjo ter odpornostjo na znoj so primerna za ve\u010dino \u0161portnih aktivnosti. Baterija velike kapacitete z zmo\u017enostjo 7-urnega predvajanja glasbe brez polnjenja bo poskrbela, da boste glasbo lahko poslu\u0161ali tako na poti kot tudi med samo aktivnostjo. Medtem bo posebno izbran dizajn slu\u0161alk poskrbel, da bodo Xiaomi Bluetooth slu\u0161alke ostale na mestu tudi med intenzivnej\u0161o vadbo.\" \/>\n<meta property=\"og:url\" content=\"https:\/\/www.urbanspot.si\/hr\/proizvod-2\/bezicne-slusalice-xiaomi-mi-sports-crne\/\" \/>\n<meta property=\"article:publisher\" content=\"https:\/\/www.facebook.com\/urbanspot.si\" \/>\n<meta property=\"article:modified_time\" content=\"2026-03-18T13:54:11+00:00\" \/>\n<meta property=\"og:image\" content=\"https:\/\/www.urbanspot.si\/wp-content\/uploads\/brezzicne-slusalke-xiaomi-mi-sports-black.jpg\" \/>\n\t<meta property=\"og:image:width\" content=\"592\" \/>\n\t<meta property=\"og:image:height\" content=\"595\" \/>\n\t<meta property=\"og:image:type\" content=\"image\/jpeg\" \/>\n<meta name=\"twitter:card\" content=\"summary_large_image\" \/>\n<script type=\"application\/ld+json\" class=\"yoast-schema-graph\">{\"@context\":\"https:\\\/\\\/schema.org\",\"@graph\":[{\"@type\":\"WebPage\",\"@id\":\"https:\\\/\\\/www.urbanspot.si\\\/produkt\\\/brezzicne-slusalke-xiaomi-mi-sports-black\\\/\",\"url\":\"https:\\\/\\\/www.urbanspot.si\\\/produkt\\\/brezzicne-slusalke-xiaomi-mi-sports-black\\\/\",\"name\":\"Brez\u017ei\u010dne slu\u0161alke XIAOMI MI SPORTS, bLACK -\",\"isPartOf\":{\"@id\":\"https:\\\/\\\/www.urbanspot.si\\\/#website\"},\"primaryImageOfPage\":{\"@id\":\"https:\\\/\\\/www.urbanspot.si\\\/produkt\\\/brezzicne-slusalke-xiaomi-mi-sports-black\\\/#primaryimage\"},\"image\":{\"@id\":\"https:\\\/\\\/www.urbanspot.si\\\/produkt\\\/brezzicne-slusalke-xiaomi-mi-sports-black\\\/#primaryimage\"},\"thumbnailUrl\":\"https:\\\/\\\/www.urbanspot.si\\\/wp-content\\\/uploads\\\/brezzicne-slusalke-xiaomi-mi-sports-black.jpg\",\"datePublished\":\"2024-05-22T13:37:33+00:00\",\"dateModified\":\"2026-03-18T13:54:11+00:00\",\"breadcrumb\":{\"@id\":\"https:\\\/\\\/www.urbanspot.si\\\/produkt\\\/brezzicne-slusalke-xiaomi-mi-sports-black\\\/#breadcrumb\"},\"inLanguage\":\"hr\",\"potentialAction\":[{\"@type\":\"ReadAction\",\"target\":[\"https:\\\/\\\/www.urbanspot.si\\\/produkt\\\/brezzicne-slusalke-xiaomi-mi-sports-black\\\/\"]}]},{\"@type\":\"ImageObject\",\"inLanguage\":\"hr\",\"@id\":\"https:\\\/\\\/www.urbanspot.si\\\/produkt\\\/brezzicne-slusalke-xiaomi-mi-sports-black\\\/#primaryimage\",\"url\":\"https:\\\/\\\/www.urbanspot.si\\\/wp-content\\\/uploads\\\/brezzicne-slusalke-xiaomi-mi-sports-black.jpg\",\"contentUrl\":\"https:\\\/\\\/www.urbanspot.si\\\/wp-content\\\/uploads\\\/brezzicne-slusalke-xiaomi-mi-sports-black.jpg\",\"width\":592,\"height\":595,\"caption\":\"Brez\u017ei\u010dne slu\u0161alke XIAOMI MI SPORTS\"},{\"@type\":\"BreadcrumbList\",\"@id\":\"https:\\\/\\\/www.urbanspot.si\\\/produkt\\\/brezzicne-slusalke-xiaomi-mi-sports-black\\\/#breadcrumb\",\"itemListElement\":[{\"@type\":\"ListItem\",\"position\":1,\"name\":\"Home\",\"item\":\"https:\\\/\\\/www.urbanspot.si\\\/\"},{\"@type\":\"ListItem\",\"position\":2,\"name\":\"Shop\",\"item\":\"https:\\\/\\\/www.urbanspot.si\\\/shop\\\/\"},{\"@type\":\"ListItem\",\"position\":3,\"name\":\"Brez\u017ei\u010dne slu\u0161alke XIAOMI MI SPORTS, bLACK\"}]},{\"@type\":\"WebSite\",\"@id\":\"https:\\\/\\\/www.urbanspot.si\\\/#website\",\"url\":\"https:\\\/\\\/www.urbanspot.si\\\/\",\"name\":\"UrbanSpot\",\"description\":\"\",\"publisher\":{\"@id\":\"https:\\\/\\\/www.urbanspot.si\\\/#organization\"},\"potentialAction\":[{\"@type\":\"SearchAction\",\"target\":{\"@type\":\"EntryPoint\",\"urlTemplate\":\"https:\\\/\\\/www.urbanspot.si\\\/?s={search_term_string}\"},\"query-input\":{\"@type\":\"PropertyValueSpecification\",\"valueRequired\":true,\"valueName\":\"search_term_string\"}}],\"inLanguage\":\"hr\"},{\"@type\":\"Organization\",\"@id\":\"https:\\\/\\\/www.urbanspot.si\\\/#organization\",\"name\":\"UrbanSpot\",\"url\":\"https:\\\/\\\/www.urbanspot.si\\\/\",\"logo\":{\"@type\":\"ImageObject\",\"inLanguage\":\"hr\",\"@id\":\"https:\\\/\\\/www.urbanspot.si\\\/#\\\/schema\\\/logo\\\/image\\\/\",\"url\":\"https:\\\/\\\/www.urbanspot.si\\\/wp-content\\\/uploads\\\/urbanspot-logo.svg\",\"contentUrl\":\"https:\\\/\\\/www.urbanspot.si\\\/wp-content\\\/uploads\\\/urbanspot-logo.svg\",\"width\":185,\"height\":40,\"caption\":\"UrbanSpot\"},\"image\":{\"@id\":\"https:\\\/\\\/www.urbanspot.si\\\/#\\\/schema\\\/logo\\\/image\\\/\"},\"sameAs\":[\"https:\\\/\\\/www.facebook.com\\\/urbanspot.si\"]}]}<\/script>\n<!-- \/ Yoast SEO plugin. -->","yoast_head_json":{"title":"XIAOMI MI SPORTS be\u017ei\u010dne slu\u0161alice, crne -","robots":{"index":"index","follow":"follow","max-snippet":"max-snippet:-1","max-image-preview":"max-image-preview:large","max-video-preview":"max-video-preview:-1"},"canonical":"https:\/\/www.urbanspot.si\/hr\/proizvod-2\/bezicne-slusalice-xiaomi-mi-sports-crne\/","og_locale":"hr_HR","og_type":"article","og_title":"Brez\u017ei\u010dne slu\u0161alke XIAOMI MI SPORTS, bLACK -","og_description":"Xiaomi Mi Sport Bluetooth slu\u0161alke z nizko te\u017eo in udobjem izpolnjujejo potrebe \u0161portnih navdu\u0161encev. Z vodoodpornostjo ter odpornostjo na znoj so primerna za ve\u010dino \u0161portnih aktivnosti. Baterija velike kapacitete z zmo\u017enostjo 7-urnega predvajanja glasbe brez polnjenja bo poskrbela, da boste glasbo lahko poslu\u0161ali tako na poti kot tudi med samo aktivnostjo. Medtem bo posebno izbran dizajn slu\u0161alk poskrbel, da bodo Xiaomi Bluetooth slu\u0161alke ostale na mestu tudi med intenzivnej\u0161o vadbo.","og_url":"https:\/\/www.urbanspot.si\/hr\/proizvod-2\/bezicne-slusalice-xiaomi-mi-sports-crne\/","article_publisher":"https:\/\/www.facebook.com\/urbanspot.si","article_modified_time":"2026-03-18T13:54:11+00:00","og_image":[{"width":592,"height":595,"url":"https:\/\/www.urbanspot.si\/wp-content\/uploads\/brezzicne-slusalke-xiaomi-mi-sports-black.jpg","type":"image\/jpeg"}],"twitter_card":"summary_large_image","schema":{"@context":"https:\/\/schema.org","@graph":[{"@type":"WebPage","@id":"https:\/\/www.urbanspot.si\/produkt\/brezzicne-slusalke-xiaomi-mi-sports-black\/","url":"https:\/\/www.urbanspot.si\/produkt\/brezzicne-slusalke-xiaomi-mi-sports-black\/","name":"XIAOMI MI SPORTS be\u017ei\u010dne slu\u0161alice, crne -","isPartOf":{"@id":"https:\/\/www.urbanspot.si\/#website"},"primaryImageOfPage":{"@id":"https:\/\/www.urbanspot.si\/produkt\/brezzicne-slusalke-xiaomi-mi-sports-black\/#primaryimage"},"image":{"@id":"https:\/\/www.urbanspot.si\/produkt\/brezzicne-slusalke-xiaomi-mi-sports-black\/#primaryimage"},"thumbnailUrl":"https:\/\/www.urbanspot.si\/wp-content\/uploads\/brezzicne-slusalke-xiaomi-mi-sports-black.jpg","datePublished":"2024-05-22T13:37:33+00:00","dateModified":"2026-03-18T13:54:11+00:00","breadcrumb":{"@id":"https:\/\/www.urbanspot.si\/produkt\/brezzicne-slusalke-xiaomi-mi-sports-black\/#breadcrumb"},"inLanguage":"hr","potentialAction":[{"@type":"ReadAction","target":["https:\/\/www.urbanspot.si\/produkt\/brezzicne-slusalke-xiaomi-mi-sports-black\/"]}]},{"@type":"ImageObject","inLanguage":"hr","@id":"https:\/\/www.urbanspot.si\/produkt\/brezzicne-slusalke-xiaomi-mi-sports-black\/#primaryimage","url":"https:\/\/www.urbanspot.si\/wp-content\/uploads\/brezzicne-slusalke-xiaomi-mi-sports-black.jpg","contentUrl":"https:\/\/www.urbanspot.si\/wp-content\/uploads\/brezzicne-slusalke-xiaomi-mi-sports-black.jpg","width":592,"height":595,"caption":"Brez\u017ei\u010dne slu\u0161alke XIAOMI MI SPORTS"},{"@type":"BreadcrumbList","@id":"https:\/\/www.urbanspot.si\/produkt\/brezzicne-slusalke-xiaomi-mi-sports-black\/#breadcrumb","itemListElement":[{"@type":"ListItem","position":1,"name":"Home","item":"https:\/\/www.urbanspot.si\/"},{"@type":"ListItem","position":2,"name":"Shop","item":"https:\/\/www.urbanspot.si\/shop\/"},{"@type":"ListItem","position":3,"name":"Brez\u017ei\u010dne slu\u0161alke XIAOMI MI SPORTS, bLACK"}]},{"@type":"WebSite","@id":"https:\/\/www.urbanspot.si\/#website","url":"https:\/\/www.urbanspot.si\/","name":"UrbanSpot","description":"","publisher":{"@id":"https:\/\/www.urbanspot.si\/#organization"},"potentialAction":[{"@type":"SearchAction","target":{"@type":"EntryPoint","urlTemplate":"https:\/\/www.urbanspot.si\/?s={search_term_string}"},"query-input":{"@type":"PropertyValueSpecification","valueRequired":true,"valueName":"search_term_string"}}],"inLanguage":"hr"},{"@type":"Organization","@id":"https:\/\/www.urbanspot.si\/#organization","name":"UrbanSpot","url":"https:\/\/www.urbanspot.si\/","logo":{"@type":"ImageObject","inLanguage":"hr","@id":"https:\/\/www.urbanspot.si\/#\/schema\/logo\/image\/","url":"https:\/\/www.urbanspot.si\/wp-content\/uploads\/urbanspot-logo.svg","contentUrl":"https:\/\/www.urbanspot.si\/wp-content\/uploads\/urbanspot-logo.svg","width":185,"height":40,"caption":"UrbanSpot"},"image":{"@id":"https:\/\/www.urbanspot.si\/#\/schema\/logo\/image\/"},"sameAs":["https:\/\/www.facebook.com\/urbanspot.si"]}]}},"_links":{"self":[{"href":"https:\/\/www.urbanspot.si\/hr\/wp-json\/wp\/v2\/product\/13836","targetHints":{"allow":["GET"]}}],"collection":[{"href":"https:\/\/www.urbanspot.si\/hr\/wp-json\/wp\/v2\/product"}],"about":[{"href":"https:\/\/www.urbanspot.si\/hr\/wp-json\/wp\/v2\/types\/product"}],"replies":[{"embeddable":true,"href":"https:\/\/www.urbanspot.si\/hr\/wp-json\/wp\/v2\/comments?post=13836"}],"version-history":[{"count":1,"href":"https:\/\/www.urbanspot.si\/hr\/wp-json\/wp\/v2\/product\/13836\/revisions"}],"predecessor-version":[{"id":13837,"href":"https:\/\/www.urbanspot.si\/hr\/wp-json\/wp\/v2\/product\/13836\/revisions\/13837"}],"wp:featuredmedia":[{"embeddable":true,"href":"https:\/\/www.urbanspot.si\/hr\/wp-json\/wp\/v2\/media\/13838"}],"wp:attachment":[{"href":"https:\/\/www.urbanspot.si\/hr\/wp-json\/wp\/v2\/media?parent=13836"}],"wp:term":[{"taxonomy":"product_brand","embeddable":true,"href":"https:\/\/www.urbanspot.si\/hr\/wp-json\/wp\/v2\/product_brand?post=13836"},{"taxonomy":"product_cat","embeddable":true,"href":"https:\/\/www.urbanspot.si\/hr\/wp-json\/wp\/v2\/product_cat?post=13836"},{"taxonomy":"product_tag","embeddable":true,"href":"https:\/\/www.urbanspot.si\/hr\/wp-json\/wp\/v2\/product_tag?post=13836"}],"curies":[{"name":"radni list","href":"https:\/\/api.w.org\/{rel}","templated":true}]}}