{"id":13944,"date":"2024-05-22T14:37:47","date_gmt":"2024-05-22T13:37:47","guid":{"rendered":"https:\/\/www.urbanspot.si\/product\/urbie-y355-prenosni-bluetooth-zvocnik-crn\/"},"modified":"2026-03-19T16:05:09","modified_gmt":"2026-03-19T14:05:09","slug":"urbie-y355-prijenosni-bluetooth-zvucnik-crni","status":"publish","type":"product","link":"https:\/\/www.urbanspot.si\/hr\/produkt\/urbie-y355-prenosni-bluetooth-zvocnik-crn\/","title":{"rendered":"Prijenosni Bluetooth zvu\u010dnik Urbie Y355, crne boje"},"content":{"rendered":"<p>Prijenosni zvu\u010dnik bit \u0107e idealan suputnik za dane provedene na otvorenom. Lako se povezuje s va\u0161im pametnim ure\u0111ajem putem Bluetootha.<\/p>\n<p>\u00a0<\/p>\n<p><strong>Tehni\u010dke zna\u010dajke:<\/strong><\/p>\n<ul>\n<li>Materijal: ABS + tkanina<\/li>\n<li>Udaljenost: 10m<\/li>\n<li>Verzija Bluetootha: 5.0<\/li>\n<li>Ugra\u0111ena baterija od 400 mAh<\/li>\n<li>Izlaz: 3W maks.<\/li>\n<li>USB napajanje 5V<\/li>\n<li>Frekvencija: 100Hz-20KHz<\/li>\n<li>Te\u017eina: 138 g<\/li>\n<li>Boja: crna \u2013 siva<\/li>\n<\/ul>","protected":false},"excerpt":{"rendered":"<p>Urbie Y355 prijenosni Bluetooth zvu\u010dnik ne reproducira samo glazbu putem Bluetootha, ve\u0107 ima i ugra\u0111eni mikrofon za hands-free pozive. Visokokvalitetni, kompaktni prijenosni zvu\u010dnik koji se mo\u017ee povezati s telefonom, prijenosnim ra\u010dunalom, tabletom ili drugim ure\u0111ajem opremljenim Bluetooth tehnologijom.\u00a0<\/p>\n<pre id=\"tw-target-text\" class=\"tw-data-text tw-text-large tw-ta\" dir=\"ltr\" data-placeholder=\"Translation\">\u00a0<\/pre>","protected":false},"featured_media":13946,"comment_status":"closed","ping_status":"closed","template":"","meta":[],"product_brand":[],"product_cat":[104,91,107],"product_tag":[],"class_list":{"0":"post-13944","1":"product","2":"type-product","3":"status-publish","4":"has-post-thumbnail","6":"product_cat-dodatna-oprema","7":"product_cat-razprodaja","8":"product_cat-zvocniki","10":"first","11":"instock","12":"sale","13":"taxable","14":"shipping-taxable","15":"purchasable","16":"product-type-simple"},"yoast_head":"<!-- This site is optimized with the Yoast SEO plugin v27.4 - https:\/\/yoast.com\/product\/yoast-seo-wordpress\/ -->\n<title>Urbie Y355 prenosni bluetooth zvo\u010dnik, \u010drn -<\/title>\n<meta name=\"robots\" content=\"index, follow, max-snippet:-1, max-image-preview:large, max-video-preview:-1\" \/>\n<link rel=\"canonical\" href=\"https:\/\/www.urbanspot.si\/hr\/proizvod-2\/urbie-y355-prijenosni-bluetooth-zvucnik-crni\/\" \/>\n<meta property=\"og:locale\" content=\"hr_HR\" \/>\n<meta property=\"og:type\" content=\"article\" \/>\n<meta property=\"og:title\" content=\"Urbie Y355 prenosni bluetooth zvo\u010dnik, \u010drn -\" \/>\n<meta property=\"og:description\" content=\"Urbie Y355 prenosni bluetooth zvo\u010dnik ima poleg funkcije predvajanja glasbe preko bluetooth povezave vgrajen tudi mikrofon, kateri omogo\u010da prostoro\u010dno telefoniranje. Kakovostenprenosni zvo\u010dnik majhnih dimenzij z mo\u017enostjo priklopa telefona, prenosnika, tablice ali druge naprave opremljene z bluetooth tehnologijo.\u00a0 \u00a0\" \/>\n<meta property=\"og:url\" content=\"https:\/\/www.urbanspot.si\/hr\/proizvod-2\/urbie-y355-prijenosni-bluetooth-zvucnik-crni\/\" \/>\n<meta property=\"article:publisher\" content=\"https:\/\/www.facebook.com\/urbanspot.si\" \/>\n<meta property=\"article:modified_time\" content=\"2026-03-19T14:05:09+00:00\" \/>\n<meta property=\"og:image\" content=\"https:\/\/www.urbanspot.si\/wp-content\/uploads\/urbie-y355-prenosni-bluetooth-zvocnik-crn.jpg\" \/>\n\t<meta property=\"og:image:width\" content=\"1200\" \/>\n\t<meta property=\"og:image:height\" content=\"1200\" \/>\n\t<meta property=\"og:image:type\" content=\"image\/jpeg\" \/>\n<meta name=\"twitter:card\" content=\"summary_large_image\" \/>\n<script type=\"application\/ld+json\" class=\"yoast-schema-graph\">{\"@context\":\"https:\\\/\\\/schema.org\",\"@graph\":[{\"@type\":\"WebPage\",\"@id\":\"https:\\\/\\\/www.urbanspot.si\\\/produkt\\\/urbie-y355-prenosni-bluetooth-zvocnik-crn\\\/\",\"url\":\"https:\\\/\\\/www.urbanspot.si\\\/produkt\\\/urbie-y355-prenosni-bluetooth-zvocnik-crn\\\/\",\"name\":\"Urbie Y355 prenosni bluetooth zvo\u010dnik, \u010drn -\",\"isPartOf\":{\"@id\":\"https:\\\/\\\/www.urbanspot.si\\\/#website\"},\"primaryImageOfPage\":{\"@id\":\"https:\\\/\\\/www.urbanspot.si\\\/produkt\\\/urbie-y355-prenosni-bluetooth-zvocnik-crn\\\/#primaryimage\"},\"image\":{\"@id\":\"https:\\\/\\\/www.urbanspot.si\\\/produkt\\\/urbie-y355-prenosni-bluetooth-zvocnik-crn\\\/#primaryimage\"},\"thumbnailUrl\":\"https:\\\/\\\/www.urbanspot.si\\\/wp-content\\\/uploads\\\/urbie-y355-prenosni-bluetooth-zvocnik-crn.jpg\",\"datePublished\":\"2024-05-22T13:37:47+00:00\",\"dateModified\":\"2026-03-19T14:05:09+00:00\",\"breadcrumb\":{\"@id\":\"https:\\\/\\\/www.urbanspot.si\\\/produkt\\\/urbie-y355-prenosni-bluetooth-zvocnik-crn\\\/#breadcrumb\"},\"inLanguage\":\"hr\",\"potentialAction\":[{\"@type\":\"ReadAction\",\"target\":[\"https:\\\/\\\/www.urbanspot.si\\\/produkt\\\/urbie-y355-prenosni-bluetooth-zvocnik-crn\\\/\"]}]},{\"@type\":\"ImageObject\",\"inLanguage\":\"hr\",\"@id\":\"https:\\\/\\\/www.urbanspot.si\\\/produkt\\\/urbie-y355-prenosni-bluetooth-zvocnik-crn\\\/#primaryimage\",\"url\":\"https:\\\/\\\/www.urbanspot.si\\\/wp-content\\\/uploads\\\/urbie-y355-prenosni-bluetooth-zvocnik-crn.jpg\",\"contentUrl\":\"https:\\\/\\\/www.urbanspot.si\\\/wp-content\\\/uploads\\\/urbie-y355-prenosni-bluetooth-zvocnik-crn.jpg\",\"width\":1200,\"height\":1200,\"caption\":\"Urbie Y355 prenosni bluetooth zvo\u010dnik\"},{\"@type\":\"BreadcrumbList\",\"@id\":\"https:\\\/\\\/www.urbanspot.si\\\/produkt\\\/urbie-y355-prenosni-bluetooth-zvocnik-crn\\\/#breadcrumb\",\"itemListElement\":[{\"@type\":\"ListItem\",\"position\":1,\"name\":\"Home\",\"item\":\"https:\\\/\\\/www.urbanspot.si\\\/\"},{\"@type\":\"ListItem\",\"position\":2,\"name\":\"Shop\",\"item\":\"https:\\\/\\\/www.urbanspot.si\\\/shop\\\/\"},{\"@type\":\"ListItem\",\"position\":3,\"name\":\"Urbie Y355 prenosni bluetooth zvo\u010dnik, \u010drn\"}]},{\"@type\":\"WebSite\",\"@id\":\"https:\\\/\\\/www.urbanspot.si\\\/#website\",\"url\":\"https:\\\/\\\/www.urbanspot.si\\\/\",\"name\":\"UrbanSpot\",\"description\":\"\",\"publisher\":{\"@id\":\"https:\\\/\\\/www.urbanspot.si\\\/#organization\"},\"potentialAction\":[{\"@type\":\"SearchAction\",\"target\":{\"@type\":\"EntryPoint\",\"urlTemplate\":\"https:\\\/\\\/www.urbanspot.si\\\/?s={search_term_string}\"},\"query-input\":{\"@type\":\"PropertyValueSpecification\",\"valueRequired\":true,\"valueName\":\"search_term_string\"}}],\"inLanguage\":\"hr\"},{\"@type\":\"Organization\",\"@id\":\"https:\\\/\\\/www.urbanspot.si\\\/#organization\",\"name\":\"UrbanSpot\",\"url\":\"https:\\\/\\\/www.urbanspot.si\\\/\",\"logo\":{\"@type\":\"ImageObject\",\"inLanguage\":\"hr\",\"@id\":\"https:\\\/\\\/www.urbanspot.si\\\/#\\\/schema\\\/logo\\\/image\\\/\",\"url\":\"https:\\\/\\\/www.urbanspot.si\\\/wp-content\\\/uploads\\\/urbanspot-logo.svg\",\"contentUrl\":\"https:\\\/\\\/www.urbanspot.si\\\/wp-content\\\/uploads\\\/urbanspot-logo.svg\",\"width\":185,\"height\":40,\"caption\":\"UrbanSpot\"},\"image\":{\"@id\":\"https:\\\/\\\/www.urbanspot.si\\\/#\\\/schema\\\/logo\\\/image\\\/\"},\"sameAs\":[\"https:\\\/\\\/www.facebook.com\\\/urbanspot.si\"]}]}<\/script>\n<!-- \/ Yoast SEO plugin. -->","yoast_head_json":{"title":"Urbie Y355 prijenosni Bluetooth zvu\u010dnik, crni -","robots":{"index":"index","follow":"follow","max-snippet":"max-snippet:-1","max-image-preview":"max-image-preview:large","max-video-preview":"max-video-preview:-1"},"canonical":"https:\/\/www.urbanspot.si\/hr\/proizvod-2\/urbie-y355-prijenosni-bluetooth-zvucnik-crni\/","og_locale":"hr_HR","og_type":"article","og_title":"Urbie Y355 prenosni bluetooth zvo\u010dnik, \u010drn -","og_description":"Urbie Y355 prenosni bluetooth zvo\u010dnik ima poleg funkcije predvajanja glasbe preko bluetooth povezave vgrajen tudi mikrofon, kateri omogo\u010da prostoro\u010dno telefoniranje. Kakovostenprenosni zvo\u010dnik majhnih dimenzij z mo\u017enostjo priklopa telefona, prenosnika, tablice ali druge naprave opremljene z bluetooth tehnologijo.\u00a0 \u00a0","og_url":"https:\/\/www.urbanspot.si\/hr\/proizvod-2\/urbie-y355-prijenosni-bluetooth-zvucnik-crni\/","article_publisher":"https:\/\/www.facebook.com\/urbanspot.si","article_modified_time":"2026-03-19T14:05:09+00:00","og_image":[{"width":1200,"height":1200,"url":"https:\/\/www.urbanspot.si\/wp-content\/uploads\/urbie-y355-prenosni-bluetooth-zvocnik-crn.jpg","type":"image\/jpeg"}],"twitter_card":"summary_large_image","schema":{"@context":"https:\/\/schema.org","@graph":[{"@type":"WebPage","@id":"https:\/\/www.urbanspot.si\/produkt\/urbie-y355-prenosni-bluetooth-zvocnik-crn\/","url":"https:\/\/www.urbanspot.si\/produkt\/urbie-y355-prenosni-bluetooth-zvocnik-crn\/","name":"Urbie Y355 prijenosni Bluetooth zvu\u010dnik, crni -","isPartOf":{"@id":"https:\/\/www.urbanspot.si\/#website"},"primaryImageOfPage":{"@id":"https:\/\/www.urbanspot.si\/produkt\/urbie-y355-prenosni-bluetooth-zvocnik-crn\/#primaryimage"},"image":{"@id":"https:\/\/www.urbanspot.si\/produkt\/urbie-y355-prenosni-bluetooth-zvocnik-crn\/#primaryimage"},"thumbnailUrl":"https:\/\/www.urbanspot.si\/wp-content\/uploads\/urbie-y355-prenosni-bluetooth-zvocnik-crn.jpg","datePublished":"2024-05-22T13:37:47+00:00","dateModified":"2026-03-19T14:05:09+00:00","breadcrumb":{"@id":"https:\/\/www.urbanspot.si\/produkt\/urbie-y355-prenosni-bluetooth-zvocnik-crn\/#breadcrumb"},"inLanguage":"hr","potentialAction":[{"@type":"ReadAction","target":["https:\/\/www.urbanspot.si\/produkt\/urbie-y355-prenosni-bluetooth-zvocnik-crn\/"]}]},{"@type":"ImageObject","inLanguage":"hr","@id":"https:\/\/www.urbanspot.si\/produkt\/urbie-y355-prenosni-bluetooth-zvocnik-crn\/#primaryimage","url":"https:\/\/www.urbanspot.si\/wp-content\/uploads\/urbie-y355-prenosni-bluetooth-zvocnik-crn.jpg","contentUrl":"https:\/\/www.urbanspot.si\/wp-content\/uploads\/urbie-y355-prenosni-bluetooth-zvocnik-crn.jpg","width":1200,"height":1200,"caption":"Urbie Y355 prenosni bluetooth zvo\u010dnik"},{"@type":"BreadcrumbList","@id":"https:\/\/www.urbanspot.si\/produkt\/urbie-y355-prenosni-bluetooth-zvocnik-crn\/#breadcrumb","itemListElement":[{"@type":"ListItem","position":1,"name":"Home","item":"https:\/\/www.urbanspot.si\/"},{"@type":"ListItem","position":2,"name":"Shop","item":"https:\/\/www.urbanspot.si\/shop\/"},{"@type":"ListItem","position":3,"name":"Urbie Y355 prenosni bluetooth zvo\u010dnik, \u010drn"}]},{"@type":"WebSite","@id":"https:\/\/www.urbanspot.si\/#website","url":"https:\/\/www.urbanspot.si\/","name":"UrbanSpot","description":"","publisher":{"@id":"https:\/\/www.urbanspot.si\/#organization"},"potentialAction":[{"@type":"SearchAction","target":{"@type":"EntryPoint","urlTemplate":"https:\/\/www.urbanspot.si\/?s={search_term_string}"},"query-input":{"@type":"PropertyValueSpecification","valueRequired":true,"valueName":"search_term_string"}}],"inLanguage":"hr"},{"@type":"Organization","@id":"https:\/\/www.urbanspot.si\/#organization","name":"UrbanSpot","url":"https:\/\/www.urbanspot.si\/","logo":{"@type":"ImageObject","inLanguage":"hr","@id":"https:\/\/www.urbanspot.si\/#\/schema\/logo\/image\/","url":"https:\/\/www.urbanspot.si\/wp-content\/uploads\/urbanspot-logo.svg","contentUrl":"https:\/\/www.urbanspot.si\/wp-content\/uploads\/urbanspot-logo.svg","width":185,"height":40,"caption":"UrbanSpot"},"image":{"@id":"https:\/\/www.urbanspot.si\/#\/schema\/logo\/image\/"},"sameAs":["https:\/\/www.facebook.com\/urbanspot.si"]}]}},"_links":{"self":[{"href":"https:\/\/www.urbanspot.si\/hr\/wp-json\/wp\/v2\/product\/13944","targetHints":{"allow":["GET"]}}],"collection":[{"href":"https:\/\/www.urbanspot.si\/hr\/wp-json\/wp\/v2\/product"}],"about":[{"href":"https:\/\/www.urbanspot.si\/hr\/wp-json\/wp\/v2\/types\/product"}],"replies":[{"embeddable":true,"href":"https:\/\/www.urbanspot.si\/hr\/wp-json\/wp\/v2\/comments?post=13944"}],"version-history":[{"count":1,"href":"https:\/\/www.urbanspot.si\/hr\/wp-json\/wp\/v2\/product\/13944\/revisions"}],"predecessor-version":[{"id":13945,"href":"https:\/\/www.urbanspot.si\/hr\/wp-json\/wp\/v2\/product\/13944\/revisions\/13945"}],"wp:featuredmedia":[{"embeddable":true,"href":"https:\/\/www.urbanspot.si\/hr\/wp-json\/wp\/v2\/media\/13946"}],"wp:attachment":[{"href":"https:\/\/www.urbanspot.si\/hr\/wp-json\/wp\/v2\/media?parent=13944"}],"wp:term":[{"taxonomy":"product_brand","embeddable":true,"href":"https:\/\/www.urbanspot.si\/hr\/wp-json\/wp\/v2\/product_brand?post=13944"},{"taxonomy":"product_cat","embeddable":true,"href":"https:\/\/www.urbanspot.si\/hr\/wp-json\/wp\/v2\/product_cat?post=13944"},{"taxonomy":"product_tag","embeddable":true,"href":"https:\/\/www.urbanspot.si\/hr\/wp-json\/wp\/v2\/product_tag?post=13944"}],"curies":[{"name":"radni list","href":"https:\/\/api.w.org\/{rel}","templated":true}]}}