{"id":14020,"date":"2024-05-22T14:38:03","date_gmt":"2024-05-22T13:38:03","guid":{"rendered":"https:\/\/www.urbanspot.si\/product\/zascitno-steklo-urbie-premium-samsung-galaxy-s22\/"},"modified":"2026-03-18T15:54:04","modified_gmt":"2026-03-18T13:54:04","slug":"urbie-premium-zastitna-folija-za-ekran-za-samsung-galaxy-s22","status":"publish","type":"product","link":"https:\/\/www.urbanspot.si\/hr\/produkt\/zascitno-steklo-urbie-premium-samsung-galaxy-s22\/","title":{"rendered":"Urbie Premium za\u0161titno staklo, Samsung Galaxy S22"},"content":{"rendered":"<p>Za\u0161titno staklo marke Urbie Premium bit \u0107e vrhunska za\u0161tita za va\u0161 pametni telefon. Kaljeno staklo je gotovo nevidljivo na ure\u0111aju, a ugradnja je vrlo jednostavna.<\/p>\n<p>\u00a0<\/p>\n<ul>\n<li>Pru\u017ea za\u0161titu od prskanja i manjih udaraca<\/li>\n<li>Tanko staklo obra\u0111eno visokotehnolo\u0161kim postupkom<\/li>\n<li>Jednostavna instalacija<\/li>\n<li>ASF \u2013 Film protiv lomljenja \u2013 sloj otporan na lomljenje \u2013 (s premazom od silikona)<\/li>\n<li>Tanko staklo obra\u0111eno visokotehnolo\u0161kim postupkom<\/li>\n<li>Debljina stakla: 0,23 mm<\/li>\n<li>Premaz protiv masno\u0107e \u2013 manje otisaka prstiju i drugih mrlja<\/li>\n<li>Tvrdo\u0107a povr\u0161ine: 9H<\/li>\n<li>Ultrazvu\u010dni skener otiska prsta radi besprijekorno<\/li>\n<\/ul>\n<p><strong>Sadr\u017eaj:<\/strong><\/p>\n<p>\u2013 hidratantna maramica<br \/>\u2013 antistati\u010dka krpa<br \/>\u2013 naljepnica za uklanjanje \u010destica pra\u0161ine<\/p>","protected":false},"excerpt":{"rendered":"<p>Urbie Premium za\u0161titno staklo za Samsung Galaxy S22 pru\u017eit \u0107e va\u0161em telefonu izvrsnu za\u0161titu od prljav\u0161tine, ogrebotina i udaraca.<\/p>","protected":false},"featured_media":14022,"comment_status":"closed","ping_status":"closed","template":"","meta":[],"product_brand":[],"product_cat":[385,91,88,89,559],"product_tag":[],"class_list":{"0":"post-14020","1":"product","2":"type-product","3":"status-publish","4":"has-post-thumbnail","6":"product_cat-galaxy-s22","7":"product_cat-razprodaja","8":"product_cat-samsung","9":"product_cat-samsung-s-serija","10":"product_cat-zascitna-stekla","11":"pa_primerno-za-model-samsung-galaxy-s22","12":"pa_primerno-za-proizvajalca-samsung","14":"first","15":"outofstock","16":"sale","17":"taxable","18":"shipping-taxable","19":"purchasable","20":"product-type-simple"},"yoast_head":"<!-- This site is optimized with the Yoast SEO plugin v27.4 - https:\/\/yoast.com\/product\/yoast-seo-wordpress\/ -->\n<title>Za\u0161\u010ditno steklo Urbie Premium , Samsung Galaxy S22 -<\/title>\n<meta name=\"robots\" content=\"index, follow, max-snippet:-1, max-image-preview:large, max-video-preview:-1\" \/>\n<link rel=\"canonical\" href=\"https:\/\/www.urbanspot.si\/hr\/proizvod-2\/urbie-premium-zastitna-folija-za-ekran-za-samsung-galaxy-s22\/\" \/>\n<meta property=\"og:locale\" content=\"hr_HR\" \/>\n<meta property=\"og:type\" content=\"article\" \/>\n<meta property=\"og:title\" content=\"Za\u0161\u010ditno steklo Urbie Premium , Samsung Galaxy S22 -\" \/>\n<meta property=\"og:description\" content=\"Urbie Premium za\u0161\u010ditno steklo za Samsung Galaxy S22 bo va\u0161emu telefonu nudil odli\u010dno za\u0161\u010dito pred umazanijo, praskami in udarci.\" \/>\n<meta property=\"og:url\" content=\"https:\/\/www.urbanspot.si\/hr\/proizvod-2\/urbie-premium-zastitna-folija-za-ekran-za-samsung-galaxy-s22\/\" \/>\n<meta property=\"article:publisher\" content=\"https:\/\/www.facebook.com\/urbanspot.si\" \/>\n<meta property=\"article:modified_time\" content=\"2026-03-18T13:54:04+00:00\" \/>\n<meta property=\"og:image\" content=\"https:\/\/www.urbanspot.si\/wp-content\/uploads\/zascitno-steklo-urbie-premium-samsung-galaxy-s22.png\" \/>\n\t<meta property=\"og:image:width\" content=\"1080\" \/>\n\t<meta property=\"og:image:height\" content=\"1080\" \/>\n\t<meta property=\"og:image:type\" content=\"image\/png\" \/>\n<meta name=\"twitter:card\" content=\"summary_large_image\" \/>\n<meta name=\"twitter:label1\" content=\"Procijenjeno vrijeme \u010ditanja\" \/>\n\t<meta name=\"twitter:data1\" content=\"1 minuta\" \/>\n<script type=\"application\/ld+json\" class=\"yoast-schema-graph\">{\"@context\":\"https:\\\/\\\/schema.org\",\"@graph\":[{\"@type\":\"WebPage\",\"@id\":\"https:\\\/\\\/www.urbanspot.si\\\/produkt\\\/zascitno-steklo-urbie-premium-samsung-galaxy-s22\\\/\",\"url\":\"https:\\\/\\\/www.urbanspot.si\\\/produkt\\\/zascitno-steklo-urbie-premium-samsung-galaxy-s22\\\/\",\"name\":\"Za\u0161\u010ditno steklo Urbie Premium , Samsung Galaxy S22 -\",\"isPartOf\":{\"@id\":\"https:\\\/\\\/www.urbanspot.si\\\/#website\"},\"primaryImageOfPage\":{\"@id\":\"https:\\\/\\\/www.urbanspot.si\\\/produkt\\\/zascitno-steklo-urbie-premium-samsung-galaxy-s22\\\/#primaryimage\"},\"image\":{\"@id\":\"https:\\\/\\\/www.urbanspot.si\\\/produkt\\\/zascitno-steklo-urbie-premium-samsung-galaxy-s22\\\/#primaryimage\"},\"thumbnailUrl\":\"https:\\\/\\\/www.urbanspot.si\\\/wp-content\\\/uploads\\\/zascitno-steklo-urbie-premium-samsung-galaxy-s22.png\",\"datePublished\":\"2024-05-22T13:38:03+00:00\",\"dateModified\":\"2026-03-18T13:54:04+00:00\",\"breadcrumb\":{\"@id\":\"https:\\\/\\\/www.urbanspot.si\\\/produkt\\\/zascitno-steklo-urbie-premium-samsung-galaxy-s22\\\/#breadcrumb\"},\"inLanguage\":\"hr\",\"potentialAction\":[{\"@type\":\"ReadAction\",\"target\":[\"https:\\\/\\\/www.urbanspot.si\\\/produkt\\\/zascitno-steklo-urbie-premium-samsung-galaxy-s22\\\/\"]}]},{\"@type\":\"ImageObject\",\"inLanguage\":\"hr\",\"@id\":\"https:\\\/\\\/www.urbanspot.si\\\/produkt\\\/zascitno-steklo-urbie-premium-samsung-galaxy-s22\\\/#primaryimage\",\"url\":\"https:\\\/\\\/www.urbanspot.si\\\/wp-content\\\/uploads\\\/zascitno-steklo-urbie-premium-samsung-galaxy-s22.png\",\"contentUrl\":\"https:\\\/\\\/www.urbanspot.si\\\/wp-content\\\/uploads\\\/zascitno-steklo-urbie-premium-samsung-galaxy-s22.png\",\"width\":1080,\"height\":1080,\"caption\":\"Za\u0161\u010ditno steklo Urbie Premium\"},{\"@type\":\"BreadcrumbList\",\"@id\":\"https:\\\/\\\/www.urbanspot.si\\\/produkt\\\/zascitno-steklo-urbie-premium-samsung-galaxy-s22\\\/#breadcrumb\",\"itemListElement\":[{\"@type\":\"ListItem\",\"position\":1,\"name\":\"Home\",\"item\":\"https:\\\/\\\/www.urbanspot.si\\\/\"},{\"@type\":\"ListItem\",\"position\":2,\"name\":\"Shop\",\"item\":\"https:\\\/\\\/www.urbanspot.si\\\/shop\\\/\"},{\"@type\":\"ListItem\",\"position\":3,\"name\":\"Za\u0161\u010ditno steklo Urbie Premium , Samsung Galaxy S22\"}]},{\"@type\":\"WebSite\",\"@id\":\"https:\\\/\\\/www.urbanspot.si\\\/#website\",\"url\":\"https:\\\/\\\/www.urbanspot.si\\\/\",\"name\":\"UrbanSpot\",\"description\":\"\",\"publisher\":{\"@id\":\"https:\\\/\\\/www.urbanspot.si\\\/#organization\"},\"potentialAction\":[{\"@type\":\"SearchAction\",\"target\":{\"@type\":\"EntryPoint\",\"urlTemplate\":\"https:\\\/\\\/www.urbanspot.si\\\/?s={search_term_string}\"},\"query-input\":{\"@type\":\"PropertyValueSpecification\",\"valueRequired\":true,\"valueName\":\"search_term_string\"}}],\"inLanguage\":\"hr\"},{\"@type\":\"Organization\",\"@id\":\"https:\\\/\\\/www.urbanspot.si\\\/#organization\",\"name\":\"UrbanSpot\",\"url\":\"https:\\\/\\\/www.urbanspot.si\\\/\",\"logo\":{\"@type\":\"ImageObject\",\"inLanguage\":\"hr\",\"@id\":\"https:\\\/\\\/www.urbanspot.si\\\/#\\\/schema\\\/logo\\\/image\\\/\",\"url\":\"https:\\\/\\\/www.urbanspot.si\\\/wp-content\\\/uploads\\\/urbanspot-logo.svg\",\"contentUrl\":\"https:\\\/\\\/www.urbanspot.si\\\/wp-content\\\/uploads\\\/urbanspot-logo.svg\",\"width\":185,\"height\":40,\"caption\":\"UrbanSpot\"},\"image\":{\"@id\":\"https:\\\/\\\/www.urbanspot.si\\\/#\\\/schema\\\/logo\\\/image\\\/\"},\"sameAs\":[\"https:\\\/\\\/www.facebook.com\\\/urbanspot.si\"]}]}<\/script>\n<!-- \/ Yoast SEO plugin. -->","yoast_head_json":{"title":"Za\u0161\u010ditno steklo Urbie Premium , Samsung Galaxy S22 -","robots":{"index":"index","follow":"follow","max-snippet":"max-snippet:-1","max-image-preview":"max-image-preview:large","max-video-preview":"max-video-preview:-1"},"canonical":"https:\/\/www.urbanspot.si\/hr\/proizvod-2\/urbie-premium-zastitna-folija-za-ekran-za-samsung-galaxy-s22\/","og_locale":"hr_HR","og_type":"article","og_title":"Za\u0161\u010ditno steklo Urbie Premium , Samsung Galaxy S22 -","og_description":"Urbie Premium za\u0161\u010ditno steklo za Samsung Galaxy S22 bo va\u0161emu telefonu nudil odli\u010dno za\u0161\u010dito pred umazanijo, praskami in udarci.","og_url":"https:\/\/www.urbanspot.si\/hr\/proizvod-2\/urbie-premium-zastitna-folija-za-ekran-za-samsung-galaxy-s22\/","article_publisher":"https:\/\/www.facebook.com\/urbanspot.si","article_modified_time":"2026-03-18T13:54:04+00:00","og_image":[{"width":1080,"height":1080,"url":"https:\/\/www.urbanspot.si\/wp-content\/uploads\/zascitno-steklo-urbie-premium-samsung-galaxy-s22.png","type":"image\/png"}],"twitter_card":"summary_large_image","twitter_misc":{"Procijenjeno vrijeme \u010ditanja":"1 minuta"},"schema":{"@context":"https:\/\/schema.org","@graph":[{"@type":"WebPage","@id":"https:\/\/www.urbanspot.si\/produkt\/zascitno-steklo-urbie-premium-samsung-galaxy-s22\/","url":"https:\/\/www.urbanspot.si\/produkt\/zascitno-steklo-urbie-premium-samsung-galaxy-s22\/","name":"Za\u0161\u010ditno steklo Urbie Premium , Samsung Galaxy S22 -","isPartOf":{"@id":"https:\/\/www.urbanspot.si\/#website"},"primaryImageOfPage":{"@id":"https:\/\/www.urbanspot.si\/produkt\/zascitno-steklo-urbie-premium-samsung-galaxy-s22\/#primaryimage"},"image":{"@id":"https:\/\/www.urbanspot.si\/produkt\/zascitno-steklo-urbie-premium-samsung-galaxy-s22\/#primaryimage"},"thumbnailUrl":"https:\/\/www.urbanspot.si\/wp-content\/uploads\/zascitno-steklo-urbie-premium-samsung-galaxy-s22.png","datePublished":"2024-05-22T13:38:03+00:00","dateModified":"2026-03-18T13:54:04+00:00","breadcrumb":{"@id":"https:\/\/www.urbanspot.si\/produkt\/zascitno-steklo-urbie-premium-samsung-galaxy-s22\/#breadcrumb"},"inLanguage":"hr","potentialAction":[{"@type":"ReadAction","target":["https:\/\/www.urbanspot.si\/produkt\/zascitno-steklo-urbie-premium-samsung-galaxy-s22\/"]}]},{"@type":"ImageObject","inLanguage":"hr","@id":"https:\/\/www.urbanspot.si\/produkt\/zascitno-steklo-urbie-premium-samsung-galaxy-s22\/#primaryimage","url":"https:\/\/www.urbanspot.si\/wp-content\/uploads\/zascitno-steklo-urbie-premium-samsung-galaxy-s22.png","contentUrl":"https:\/\/www.urbanspot.si\/wp-content\/uploads\/zascitno-steklo-urbie-premium-samsung-galaxy-s22.png","width":1080,"height":1080,"caption":"Za\u0161\u010ditno steklo Urbie Premium"},{"@type":"BreadcrumbList","@id":"https:\/\/www.urbanspot.si\/produkt\/zascitno-steklo-urbie-premium-samsung-galaxy-s22\/#breadcrumb","itemListElement":[{"@type":"ListItem","position":1,"name":"Home","item":"https:\/\/www.urbanspot.si\/"},{"@type":"ListItem","position":2,"name":"Shop","item":"https:\/\/www.urbanspot.si\/shop\/"},{"@type":"ListItem","position":3,"name":"Za\u0161\u010ditno steklo Urbie Premium , Samsung Galaxy S22"}]},{"@type":"WebSite","@id":"https:\/\/www.urbanspot.si\/#website","url":"https:\/\/www.urbanspot.si\/","name":"UrbanSpot","description":"","publisher":{"@id":"https:\/\/www.urbanspot.si\/#organization"},"potentialAction":[{"@type":"SearchAction","target":{"@type":"EntryPoint","urlTemplate":"https:\/\/www.urbanspot.si\/?s={search_term_string}"},"query-input":{"@type":"PropertyValueSpecification","valueRequired":true,"valueName":"search_term_string"}}],"inLanguage":"hr"},{"@type":"Organization","@id":"https:\/\/www.urbanspot.si\/#organization","name":"UrbanSpot","url":"https:\/\/www.urbanspot.si\/","logo":{"@type":"ImageObject","inLanguage":"hr","@id":"https:\/\/www.urbanspot.si\/#\/schema\/logo\/image\/","url":"https:\/\/www.urbanspot.si\/wp-content\/uploads\/urbanspot-logo.svg","contentUrl":"https:\/\/www.urbanspot.si\/wp-content\/uploads\/urbanspot-logo.svg","width":185,"height":40,"caption":"UrbanSpot"},"image":{"@id":"https:\/\/www.urbanspot.si\/#\/schema\/logo\/image\/"},"sameAs":["https:\/\/www.facebook.com\/urbanspot.si"]}]}},"_links":{"self":[{"href":"https:\/\/www.urbanspot.si\/hr\/wp-json\/wp\/v2\/product\/14020","targetHints":{"allow":["GET"]}}],"collection":[{"href":"https:\/\/www.urbanspot.si\/hr\/wp-json\/wp\/v2\/product"}],"about":[{"href":"https:\/\/www.urbanspot.si\/hr\/wp-json\/wp\/v2\/types\/product"}],"replies":[{"embeddable":true,"href":"https:\/\/www.urbanspot.si\/hr\/wp-json\/wp\/v2\/comments?post=14020"}],"version-history":[{"count":1,"href":"https:\/\/www.urbanspot.si\/hr\/wp-json\/wp\/v2\/product\/14020\/revisions"}],"predecessor-version":[{"id":14021,"href":"https:\/\/www.urbanspot.si\/hr\/wp-json\/wp\/v2\/product\/14020\/revisions\/14021"}],"wp:featuredmedia":[{"embeddable":true,"href":"https:\/\/www.urbanspot.si\/hr\/wp-json\/wp\/v2\/media\/14022"}],"wp:attachment":[{"href":"https:\/\/www.urbanspot.si\/hr\/wp-json\/wp\/v2\/media?parent=14020"}],"wp:term":[{"taxonomy":"product_brand","embeddable":true,"href":"https:\/\/www.urbanspot.si\/hr\/wp-json\/wp\/v2\/product_brand?post=14020"},{"taxonomy":"product_cat","embeddable":true,"href":"https:\/\/www.urbanspot.si\/hr\/wp-json\/wp\/v2\/product_cat?post=14020"},{"taxonomy":"product_tag","embeddable":true,"href":"https:\/\/www.urbanspot.si\/hr\/wp-json\/wp\/v2\/product_tag?post=14020"}],"curies":[{"name":"radni list","href":"https:\/\/api.w.org\/{rel}","templated":true}]}}