{"id":14079,"date":"2024-05-22T14:38:27","date_gmt":"2024-05-22T13:38:27","guid":{"rendered":"https:\/\/www.urbanspot.si\/product\/guess-zascitni-ovitek-liquid-glitter-gold-iphone-11-xr\/"},"modified":"2026-03-18T15:54:02","modified_gmt":"2026-03-18T13:54:02","slug":"guess-zastitna-futrola-s-tekucim-glitterom-i-zlatnim-uzorkom-za-iphone-11-xr","status":"publish","type":"product","link":"https:\/\/www.urbanspot.si\/hr\/produkt\/guess-zascitni-ovitek-liquid-glitter-gold-iphone-11-xr\/","title":{"rendered":"Guess za\u0161titna futrola Liquid Glitter Gold, iPhone 11\/XR"},"content":{"rendered":"<p>Futrola je savr\u0161eno prilago\u0111ena mobilnom ure\u0111aju i savr\u0161eno \u0161titi mobitel od ogrebotina tijekom svakodnevne upotrebe.<\/p>\n<ul>\n<li>Potpuno funkcionalno<\/li>\n<li>Izvorni proizvod<\/li>\n<li>Potpuna za\u0161tita telefona<\/li>\n<li>Udoban hvat<\/li>\n<li>Kvalitetni materijali<\/li>\n<li>Otporno na udarce<\/li>\n<li>\u0160titi od udaraca, padova, ogrebotina i prljav\u0161tine<\/li>\n<\/ul>","protected":false},"excerpt":{"rendered":"<p>Guess za\u0161titna silikonska maskica je komad elegancije i sofisticiranosti u podru\u010dju za\u0161tite va\u0161eg telefona od mehani\u010dkih o\u0161te\u0107enja. Materijal je ugodan na dodir i pobolj\u0161ava prianjanje telefona.<\/p>","protected":false},"featured_media":14081,"comment_status":"closed","ping_status":"open","template":"","meta":[],"product_brand":[],"product_cat":[92,127,122,136,137,560,91],"product_tag":[],"class_list":{"0":"post-14079","1":"product","2":"type-product","3":"status-publish","4":"has-post-thumbnail","6":"product_cat-apple","7":"product_cat-apple-iphone-11-serija","8":"product_cat-apple-iphone-x-serija","9":"product_cat-iphone-11-apple-iphone-11-serija","10":"product_cat-iphone-xr-apple-iphone-x-serija","11":"product_cat-ovitki-za-telefone","12":"product_cat-razprodaja","13":"pa_primerno-za-model-iphone-11","14":"pa_primerno-za-model-iphone-xr","15":"pa_primerno-za-proizvajalca-apple","17":"first","18":"outofstock","19":"sale","20":"taxable","21":"shipping-taxable","22":"purchasable","23":"product-type-simple"},"yoast_head":"<!-- This site is optimized with the Yoast SEO plugin v27.4 - https:\/\/yoast.com\/product\/yoast-seo-wordpress\/ -->\n<title>Guess za\u0161\u010ditni ovitek Liquid Glitter Gold, Iphone 11\/XR -<\/title>\n<meta name=\"robots\" content=\"index, follow, max-snippet:-1, max-image-preview:large, max-video-preview:-1\" \/>\n<link rel=\"canonical\" href=\"https:\/\/www.urbanspot.si\/hr\/proizvod-2\/guess-zastitna-futrola-s-tekucim-glitterom-i-zlatnim-uzorkom-za-iphone-11-xr\/\" \/>\n<meta property=\"og:locale\" content=\"hr_HR\" \/>\n<meta property=\"og:type\" content=\"article\" \/>\n<meta property=\"og:title\" content=\"Guess za\u0161\u010ditni ovitek Liquid Glitter Gold, Iphone 11\/XR -\" \/>\n<meta property=\"og:description\" content=\"Guess za\u0161\u010ditni silikonski ovitek je del elegance in prefinjenosti na podro\u010dju za\u0161\u010dite telefona pred mehanskimi po\u0161kodbami. Material je prijeten na dotik in izbolj\u0161uje oprijem telefona.\" \/>\n<meta property=\"og:url\" content=\"https:\/\/www.urbanspot.si\/hr\/proizvod-2\/guess-zastitna-futrola-s-tekucim-glitterom-i-zlatnim-uzorkom-za-iphone-11-xr\/\" \/>\n<meta property=\"article:publisher\" content=\"https:\/\/www.facebook.com\/urbanspot.si\" \/>\n<meta property=\"article:modified_time\" content=\"2026-03-18T13:54:02+00:00\" \/>\n<meta property=\"og:image\" content=\"https:\/\/www.urbanspot.si\/wp-content\/uploads\/guess-zascitni-ovitek-liquid-glitter-gold-iphone-11-xr.jpg\" \/>\n\t<meta property=\"og:image:width\" content=\"800\" \/>\n\t<meta property=\"og:image:height\" content=\"800\" \/>\n\t<meta property=\"og:image:type\" content=\"image\/jpeg\" \/>\n<meta name=\"twitter:card\" content=\"summary_large_image\" \/>\n<script type=\"application\/ld+json\" class=\"yoast-schema-graph\">{\"@context\":\"https:\\\/\\\/schema.org\",\"@graph\":[{\"@type\":\"WebPage\",\"@id\":\"https:\\\/\\\/www.urbanspot.si\\\/produkt\\\/guess-zascitni-ovitek-liquid-glitter-gold-iphone-11-xr\\\/\",\"url\":\"https:\\\/\\\/www.urbanspot.si\\\/produkt\\\/guess-zascitni-ovitek-liquid-glitter-gold-iphone-11-xr\\\/\",\"name\":\"Guess za\u0161\u010ditni ovitek Liquid Glitter Gold, Iphone 11\\\/XR -\",\"isPartOf\":{\"@id\":\"https:\\\/\\\/www.urbanspot.si\\\/#website\"},\"primaryImageOfPage\":{\"@id\":\"https:\\\/\\\/www.urbanspot.si\\\/produkt\\\/guess-zascitni-ovitek-liquid-glitter-gold-iphone-11-xr\\\/#primaryimage\"},\"image\":{\"@id\":\"https:\\\/\\\/www.urbanspot.si\\\/produkt\\\/guess-zascitni-ovitek-liquid-glitter-gold-iphone-11-xr\\\/#primaryimage\"},\"thumbnailUrl\":\"https:\\\/\\\/www.urbanspot.si\\\/wp-content\\\/uploads\\\/guess-zascitni-ovitek-liquid-glitter-gold-iphone-11-xr.jpg\",\"datePublished\":\"2024-05-22T13:38:27+00:00\",\"dateModified\":\"2026-03-18T13:54:02+00:00\",\"breadcrumb\":{\"@id\":\"https:\\\/\\\/www.urbanspot.si\\\/produkt\\\/guess-zascitni-ovitek-liquid-glitter-gold-iphone-11-xr\\\/#breadcrumb\"},\"inLanguage\":\"hr\",\"potentialAction\":[{\"@type\":\"ReadAction\",\"target\":[\"https:\\\/\\\/www.urbanspot.si\\\/produkt\\\/guess-zascitni-ovitek-liquid-glitter-gold-iphone-11-xr\\\/\"]}]},{\"@type\":\"ImageObject\",\"inLanguage\":\"hr\",\"@id\":\"https:\\\/\\\/www.urbanspot.si\\\/produkt\\\/guess-zascitni-ovitek-liquid-glitter-gold-iphone-11-xr\\\/#primaryimage\",\"url\":\"https:\\\/\\\/www.urbanspot.si\\\/wp-content\\\/uploads\\\/guess-zascitni-ovitek-liquid-glitter-gold-iphone-11-xr.jpg\",\"contentUrl\":\"https:\\\/\\\/www.urbanspot.si\\\/wp-content\\\/uploads\\\/guess-zascitni-ovitek-liquid-glitter-gold-iphone-11-xr.jpg\",\"width\":800,\"height\":800,\"caption\":\"Guess za\u0161\u010ditni ovitek Liquid Glitter Gold\"},{\"@type\":\"BreadcrumbList\",\"@id\":\"https:\\\/\\\/www.urbanspot.si\\\/produkt\\\/guess-zascitni-ovitek-liquid-glitter-gold-iphone-11-xr\\\/#breadcrumb\",\"itemListElement\":[{\"@type\":\"ListItem\",\"position\":1,\"name\":\"Home\",\"item\":\"https:\\\/\\\/www.urbanspot.si\\\/\"},{\"@type\":\"ListItem\",\"position\":2,\"name\":\"Shop\",\"item\":\"https:\\\/\\\/www.urbanspot.si\\\/shop\\\/\"},{\"@type\":\"ListItem\",\"position\":3,\"name\":\"Guess za\u0161\u010ditni ovitek Liquid Glitter Gold, Iphone 11\\\/XR\"}]},{\"@type\":\"WebSite\",\"@id\":\"https:\\\/\\\/www.urbanspot.si\\\/#website\",\"url\":\"https:\\\/\\\/www.urbanspot.si\\\/\",\"name\":\"UrbanSpot\",\"description\":\"\",\"publisher\":{\"@id\":\"https:\\\/\\\/www.urbanspot.si\\\/#organization\"},\"potentialAction\":[{\"@type\":\"SearchAction\",\"target\":{\"@type\":\"EntryPoint\",\"urlTemplate\":\"https:\\\/\\\/www.urbanspot.si\\\/?s={search_term_string}\"},\"query-input\":{\"@type\":\"PropertyValueSpecification\",\"valueRequired\":true,\"valueName\":\"search_term_string\"}}],\"inLanguage\":\"hr\"},{\"@type\":\"Organization\",\"@id\":\"https:\\\/\\\/www.urbanspot.si\\\/#organization\",\"name\":\"UrbanSpot\",\"url\":\"https:\\\/\\\/www.urbanspot.si\\\/\",\"logo\":{\"@type\":\"ImageObject\",\"inLanguage\":\"hr\",\"@id\":\"https:\\\/\\\/www.urbanspot.si\\\/#\\\/schema\\\/logo\\\/image\\\/\",\"url\":\"https:\\\/\\\/www.urbanspot.si\\\/wp-content\\\/uploads\\\/urbanspot-logo.svg\",\"contentUrl\":\"https:\\\/\\\/www.urbanspot.si\\\/wp-content\\\/uploads\\\/urbanspot-logo.svg\",\"width\":185,\"height\":40,\"caption\":\"UrbanSpot\"},\"image\":{\"@id\":\"https:\\\/\\\/www.urbanspot.si\\\/#\\\/schema\\\/logo\\\/image\\\/\"},\"sameAs\":[\"https:\\\/\\\/www.facebook.com\\\/urbanspot.si\"]}]}<\/script>\n<!-- \/ Yoast SEO plugin. -->","yoast_head_json":{"title":"Guess za\u0161\u010ditni ovitek Liquid Glitter Gold, Iphone 11\/XR -","robots":{"index":"index","follow":"follow","max-snippet":"max-snippet:-1","max-image-preview":"max-image-preview:large","max-video-preview":"max-video-preview:-1"},"canonical":"https:\/\/www.urbanspot.si\/hr\/proizvod-2\/guess-zastitna-futrola-s-tekucim-glitterom-i-zlatnim-uzorkom-za-iphone-11-xr\/","og_locale":"hr_HR","og_type":"article","og_title":"Guess za\u0161\u010ditni ovitek Liquid Glitter Gold, Iphone 11\/XR -","og_description":"Guess za\u0161\u010ditni silikonski ovitek je del elegance in prefinjenosti na podro\u010dju za\u0161\u010dite telefona pred mehanskimi po\u0161kodbami. Material je prijeten na dotik in izbolj\u0161uje oprijem telefona.","og_url":"https:\/\/www.urbanspot.si\/hr\/proizvod-2\/guess-zastitna-futrola-s-tekucim-glitterom-i-zlatnim-uzorkom-za-iphone-11-xr\/","article_publisher":"https:\/\/www.facebook.com\/urbanspot.si","article_modified_time":"2026-03-18T13:54:02+00:00","og_image":[{"width":800,"height":800,"url":"https:\/\/www.urbanspot.si\/wp-content\/uploads\/guess-zascitni-ovitek-liquid-glitter-gold-iphone-11-xr.jpg","type":"image\/jpeg"}],"twitter_card":"summary_large_image","schema":{"@context":"https:\/\/schema.org","@graph":[{"@type":"WebPage","@id":"https:\/\/www.urbanspot.si\/produkt\/guess-zascitni-ovitek-liquid-glitter-gold-iphone-11-xr\/","url":"https:\/\/www.urbanspot.si\/produkt\/guess-zascitni-ovitek-liquid-glitter-gold-iphone-11-xr\/","name":"Guess za\u0161\u010ditni ovitek Liquid Glitter Gold, Iphone 11\/XR -","isPartOf":{"@id":"https:\/\/www.urbanspot.si\/#website"},"primaryImageOfPage":{"@id":"https:\/\/www.urbanspot.si\/produkt\/guess-zascitni-ovitek-liquid-glitter-gold-iphone-11-xr\/#primaryimage"},"image":{"@id":"https:\/\/www.urbanspot.si\/produkt\/guess-zascitni-ovitek-liquid-glitter-gold-iphone-11-xr\/#primaryimage"},"thumbnailUrl":"https:\/\/www.urbanspot.si\/wp-content\/uploads\/guess-zascitni-ovitek-liquid-glitter-gold-iphone-11-xr.jpg","datePublished":"2024-05-22T13:38:27+00:00","dateModified":"2026-03-18T13:54:02+00:00","breadcrumb":{"@id":"https:\/\/www.urbanspot.si\/produkt\/guess-zascitni-ovitek-liquid-glitter-gold-iphone-11-xr\/#breadcrumb"},"inLanguage":"hr","potentialAction":[{"@type":"ReadAction","target":["https:\/\/www.urbanspot.si\/produkt\/guess-zascitni-ovitek-liquid-glitter-gold-iphone-11-xr\/"]}]},{"@type":"ImageObject","inLanguage":"hr","@id":"https:\/\/www.urbanspot.si\/produkt\/guess-zascitni-ovitek-liquid-glitter-gold-iphone-11-xr\/#primaryimage","url":"https:\/\/www.urbanspot.si\/wp-content\/uploads\/guess-zascitni-ovitek-liquid-glitter-gold-iphone-11-xr.jpg","contentUrl":"https:\/\/www.urbanspot.si\/wp-content\/uploads\/guess-zascitni-ovitek-liquid-glitter-gold-iphone-11-xr.jpg","width":800,"height":800,"caption":"Guess za\u0161\u010ditni ovitek Liquid Glitter Gold"},{"@type":"BreadcrumbList","@id":"https:\/\/www.urbanspot.si\/produkt\/guess-zascitni-ovitek-liquid-glitter-gold-iphone-11-xr\/#breadcrumb","itemListElement":[{"@type":"ListItem","position":1,"name":"Home","item":"https:\/\/www.urbanspot.si\/"},{"@type":"ListItem","position":2,"name":"Shop","item":"https:\/\/www.urbanspot.si\/shop\/"},{"@type":"ListItem","position":3,"name":"Guess za\u0161\u010ditni ovitek Liquid Glitter Gold, Iphone 11\/XR"}]},{"@type":"WebSite","@id":"https:\/\/www.urbanspot.si\/#website","url":"https:\/\/www.urbanspot.si\/","name":"UrbanSpot","description":"","publisher":{"@id":"https:\/\/www.urbanspot.si\/#organization"},"potentialAction":[{"@type":"SearchAction","target":{"@type":"EntryPoint","urlTemplate":"https:\/\/www.urbanspot.si\/?s={search_term_string}"},"query-input":{"@type":"PropertyValueSpecification","valueRequired":true,"valueName":"search_term_string"}}],"inLanguage":"hr"},{"@type":"Organization","@id":"https:\/\/www.urbanspot.si\/#organization","name":"UrbanSpot","url":"https:\/\/www.urbanspot.si\/","logo":{"@type":"ImageObject","inLanguage":"hr","@id":"https:\/\/www.urbanspot.si\/#\/schema\/logo\/image\/","url":"https:\/\/www.urbanspot.si\/wp-content\/uploads\/urbanspot-logo.svg","contentUrl":"https:\/\/www.urbanspot.si\/wp-content\/uploads\/urbanspot-logo.svg","width":185,"height":40,"caption":"UrbanSpot"},"image":{"@id":"https:\/\/www.urbanspot.si\/#\/schema\/logo\/image\/"},"sameAs":["https:\/\/www.facebook.com\/urbanspot.si"]}]}},"_links":{"self":[{"href":"https:\/\/www.urbanspot.si\/hr\/wp-json\/wp\/v2\/product\/14079","targetHints":{"allow":["GET"]}}],"collection":[{"href":"https:\/\/www.urbanspot.si\/hr\/wp-json\/wp\/v2\/product"}],"about":[{"href":"https:\/\/www.urbanspot.si\/hr\/wp-json\/wp\/v2\/types\/product"}],"replies":[{"embeddable":true,"href":"https:\/\/www.urbanspot.si\/hr\/wp-json\/wp\/v2\/comments?post=14079"}],"version-history":[{"count":1,"href":"https:\/\/www.urbanspot.si\/hr\/wp-json\/wp\/v2\/product\/14079\/revisions"}],"predecessor-version":[{"id":14080,"href":"https:\/\/www.urbanspot.si\/hr\/wp-json\/wp\/v2\/product\/14079\/revisions\/14080"}],"wp:featuredmedia":[{"embeddable":true,"href":"https:\/\/www.urbanspot.si\/hr\/wp-json\/wp\/v2\/media\/14081"}],"wp:attachment":[{"href":"https:\/\/www.urbanspot.si\/hr\/wp-json\/wp\/v2\/media?parent=14079"}],"wp:term":[{"taxonomy":"product_brand","embeddable":true,"href":"https:\/\/www.urbanspot.si\/hr\/wp-json\/wp\/v2\/product_brand?post=14079"},{"taxonomy":"product_cat","embeddable":true,"href":"https:\/\/www.urbanspot.si\/hr\/wp-json\/wp\/v2\/product_cat?post=14079"},{"taxonomy":"product_tag","embeddable":true,"href":"https:\/\/www.urbanspot.si\/hr\/wp-json\/wp\/v2\/product_tag?post=14079"}],"curies":[{"name":"radni list","href":"https:\/\/api.w.org\/{rel}","templated":true}]}}