{"id":14084,"date":"2024-05-22T14:38:27","date_gmt":"2024-05-22T13:38:27","guid":{"rendered":"https:\/\/www.urbanspot.si\/product\/samsung-polnilec-45w-z-kablom-crn\/"},"modified":"2026-03-18T15:54:01","modified_gmt":"2026-03-18T13:54:01","slug":"samsung-polnilec-45w-z-kablom-crn","status":"publish","type":"product","link":"https:\/\/www.urbanspot.si\/hr\/produkt\/samsung-polnilec-45w-z-kablom-crn\/","title":{"rendered":"Samsung punja\u010d 45W, s kabelom, crni"},"content":{"rendered":"<p>Samsung punja\u010d je savr\u0161en partner za va\u0161 mobilni ure\u0111aj. Pomo\u0107u prilo\u017eenog kabela mo\u017eete puniti \u0161irok raspon mobilnih ure\u0111aja, poput telefona ili tableta. Opremljen je tehnologijom brzog punjenja i pru\u017ea maksimalnu snagu od 45 W.<\/p>\n<ul>\n<li><strong>USB Type-C izlaz:<\/strong> 9 V\/3 A, 15 V\/3 A, 20 V\/2,25 A, 3,3-11,0 V\/4,05 A, 3,3-16,0 V\/2,8 A, 3,3-21,0 V\/2,1 A<\/li>\n<li><strong>USB Type-C kabel uklju\u010den<\/strong><\/li>\n<li><strong>Vlast: <\/strong>45 W maks.<\/li>\n<li><strong>Jamstvo:<\/strong> 12 mjeseci<\/li>\n<li><strong>Originalno pakiranje<\/strong><\/li>\n<\/ul>","protected":false},"excerpt":{"rendered":"<p>Samsung 45W punja\u010d s kabelom savr\u0161en je mre\u017eni punja\u010d za punjenje svih Samsung ure\u0111aja kompatibilnih s tehnologijom 45W Super Fast Charge, s USB-C priklju\u010dkom za maksimalnu brzinu i potpunu sigurnost.<\/p>","protected":false},"featured_media":14086,"comment_status":"closed","ping_status":"closed","template":"","meta":[],"product_brand":[],"product_cat":[104,249],"product_tag":[],"class_list":{"0":"post-14084","1":"product","2":"type-product","3":"status-publish","4":"has-post-thumbnail","6":"product_cat-dodatna-oprema","7":"product_cat-kabli-in-polnilci","8":"pa_primerno-za-model-samsung-galaxy-s22-ultra","9":"pa_primerno-za-model-samsung-galaxy-s23-ultra","10":"pa_primerno-za-model-samsung-galaxy-z-flip-4","11":"pa_primerno-za-model-samsung-galaxy-z-flip-5","12":"pa_primerno-za-model-samsung-galaxy-z-fold-4-5g","13":"pa_primerno-za-model-samsung-galaxy-z-fold-5","14":"pa_primerno-za-proizvajalca-samsung","16":"first","17":"outofstock","18":"sale","19":"taxable","20":"shipping-taxable","21":"purchasable","22":"product-type-simple"},"yoast_head":"<!-- This site is optimized with the Yoast SEO plugin v27.2 - https:\/\/yoast.com\/product\/yoast-seo-wordpress\/ -->\n<title>Samsung polnilec 45W, z kablom, \u010drn -<\/title>\n<meta name=\"robots\" content=\"index, follow, max-snippet:-1, max-image-preview:large, max-video-preview:-1\" \/>\n<link rel=\"canonical\" href=\"https:\/\/www.urbanspot.si\/hr\/proizvod-2\/samsung-polnilec-45w-z-kablom-crn\/\" \/>\n<meta property=\"og:locale\" content=\"hr_HR\" \/>\n<meta property=\"og:type\" content=\"article\" \/>\n<meta property=\"og:title\" content=\"Samsung polnilec 45W, z kablom, \u010drn -\" \/>\n<meta property=\"og:description\" content=\"Samsung polnilec z kablom, 45W je popoln omre\u017eni polnilnik za polnjenje vseh Samsungovih naprav, zdru\u017eljivih s 45W Super Fast Charge tehnologijo, s priklju\u010dkom USB-C pri najve\u010dji hitrosti in v popolni varnosti.\" \/>\n<meta property=\"og:url\" content=\"https:\/\/www.urbanspot.si\/hr\/proizvod-2\/samsung-polnilec-45w-z-kablom-crn\/\" \/>\n<meta property=\"article:publisher\" content=\"https:\/\/www.facebook.com\/urbanspot.si\" \/>\n<meta property=\"article:modified_time\" content=\"2026-03-18T13:54:01+00:00\" \/>\n<meta property=\"og:image\" content=\"https:\/\/www.urbanspot.si\/wp-content\/uploads\/samsung-polnilec-45w-z-kablom-crn.png\" \/>\n\t<meta property=\"og:image:width\" content=\"915\" \/>\n\t<meta property=\"og:image:height\" content=\"915\" \/>\n\t<meta property=\"og:image:type\" content=\"image\/png\" \/>\n<meta name=\"twitter:card\" content=\"summary_large_image\" \/>\n<meta name=\"twitter:label1\" content=\"Procijenjeno vrijeme \u010ditanja\" \/>\n\t<meta name=\"twitter:data1\" content=\"1 minuta\" \/>\n<script type=\"application\/ld+json\" class=\"yoast-schema-graph\">{\"@context\":\"https:\/\/schema.org\",\"@graph\":[{\"@type\":\"WebPage\",\"@id\":\"https:\/\/www.urbanspot.si\/produkt\/samsung-polnilec-45w-z-kablom-crn\/\",\"url\":\"https:\/\/www.urbanspot.si\/produkt\/samsung-polnilec-45w-z-kablom-crn\/\",\"name\":\"Samsung polnilec 45W, z kablom, \u010drn -\",\"isPartOf\":{\"@id\":\"https:\/\/www.urbanspot.si\/#website\"},\"primaryImageOfPage\":{\"@id\":\"https:\/\/www.urbanspot.si\/produkt\/samsung-polnilec-45w-z-kablom-crn\/#primaryimage\"},\"image\":{\"@id\":\"https:\/\/www.urbanspot.si\/produkt\/samsung-polnilec-45w-z-kablom-crn\/#primaryimage\"},\"thumbnailUrl\":\"https:\/\/www.urbanspot.si\/wp-content\/uploads\/samsung-polnilec-45w-z-kablom-crn.png\",\"datePublished\":\"2024-05-22T13:38:27+00:00\",\"dateModified\":\"2026-03-18T13:54:01+00:00\",\"breadcrumb\":{\"@id\":\"https:\/\/www.urbanspot.si\/produkt\/samsung-polnilec-45w-z-kablom-crn\/#breadcrumb\"},\"inLanguage\":\"hr\",\"potentialAction\":[{\"@type\":\"ReadAction\",\"target\":[\"https:\/\/www.urbanspot.si\/produkt\/samsung-polnilec-45w-z-kablom-crn\/\"]}]},{\"@type\":\"ImageObject\",\"inLanguage\":\"hr\",\"@id\":\"https:\/\/www.urbanspot.si\/produkt\/samsung-polnilec-45w-z-kablom-crn\/#primaryimage\",\"url\":\"https:\/\/www.urbanspot.si\/wp-content\/uploads\/samsung-polnilec-45w-z-kablom-crn.png\",\"contentUrl\":\"https:\/\/www.urbanspot.si\/wp-content\/uploads\/samsung-polnilec-45w-z-kablom-crn.png\",\"width\":915,\"height\":915,\"caption\":\"Samsung polnilec 45W\"},{\"@type\":\"BreadcrumbList\",\"@id\":\"https:\/\/www.urbanspot.si\/produkt\/samsung-polnilec-45w-z-kablom-crn\/#breadcrumb\",\"itemListElement\":[{\"@type\":\"ListItem\",\"position\":1,\"name\":\"Home\",\"item\":\"https:\/\/www.urbanspot.si\/\"},{\"@type\":\"ListItem\",\"position\":2,\"name\":\"Shop\",\"item\":\"https:\/\/www.urbanspot.si\/shop\/\"},{\"@type\":\"ListItem\",\"position\":3,\"name\":\"Samsung polnilec 45W, z kablom, \u010drn\"}]},{\"@type\":\"WebSite\",\"@id\":\"https:\/\/www.urbanspot.si\/#website\",\"url\":\"https:\/\/www.urbanspot.si\/\",\"name\":\"UrbanSpot\",\"description\":\"\",\"publisher\":{\"@id\":\"https:\/\/www.urbanspot.si\/#organization\"},\"potentialAction\":[{\"@type\":\"SearchAction\",\"target\":{\"@type\":\"EntryPoint\",\"urlTemplate\":\"https:\/\/www.urbanspot.si\/?s={search_term_string}\"},\"query-input\":{\"@type\":\"PropertyValueSpecification\",\"valueRequired\":true,\"valueName\":\"search_term_string\"}}],\"inLanguage\":\"hr\"},{\"@type\":\"Organization\",\"@id\":\"https:\/\/www.urbanspot.si\/#organization\",\"name\":\"UrbanSpot\",\"url\":\"https:\/\/www.urbanspot.si\/\",\"logo\":{\"@type\":\"ImageObject\",\"inLanguage\":\"hr\",\"@id\":\"https:\/\/www.urbanspot.si\/#\/schema\/logo\/image\/\",\"url\":\"https:\/\/www.urbanspot.si\/wp-content\/uploads\/urbanspot-logo.svg\",\"contentUrl\":\"https:\/\/www.urbanspot.si\/wp-content\/uploads\/urbanspot-logo.svg\",\"width\":185,\"height\":40,\"caption\":\"UrbanSpot\"},\"image\":{\"@id\":\"https:\/\/www.urbanspot.si\/#\/schema\/logo\/image\/\"},\"sameAs\":[\"https:\/\/www.facebook.com\/urbanspot.si\"]}]}<\/script>\n<!-- \/ Yoast SEO plugin. -->","yoast_head_json":{"title":"Samsung polnilec 45W, z kablom, \u010drn -","robots":{"index":"index","follow":"follow","max-snippet":"max-snippet:-1","max-image-preview":"max-image-preview:large","max-video-preview":"max-video-preview:-1"},"canonical":"https:\/\/www.urbanspot.si\/hr\/proizvod-2\/samsung-polnilec-45w-z-kablom-crn\/","og_locale":"hr_HR","og_type":"article","og_title":"Samsung polnilec 45W, z kablom, \u010drn -","og_description":"Samsung polnilec z kablom, 45W je popoln omre\u017eni polnilnik za polnjenje vseh Samsungovih naprav, zdru\u017eljivih s 45W Super Fast Charge tehnologijo, s priklju\u010dkom USB-C pri najve\u010dji hitrosti in v popolni varnosti.","og_url":"https:\/\/www.urbanspot.si\/hr\/proizvod-2\/samsung-polnilec-45w-z-kablom-crn\/","article_publisher":"https:\/\/www.facebook.com\/urbanspot.si","article_modified_time":"2026-03-18T13:54:01+00:00","og_image":[{"width":915,"height":915,"url":"https:\/\/www.urbanspot.si\/wp-content\/uploads\/samsung-polnilec-45w-z-kablom-crn.png","type":"image\/png"}],"twitter_card":"summary_large_image","twitter_misc":{"Procijenjeno vrijeme \u010ditanja":"1 minuta"},"schema":{"@context":"https:\/\/schema.org","@graph":[{"@type":"WebPage","@id":"https:\/\/www.urbanspot.si\/produkt\/samsung-polnilec-45w-z-kablom-crn\/","url":"https:\/\/www.urbanspot.si\/produkt\/samsung-polnilec-45w-z-kablom-crn\/","name":"Samsung polnilec 45W, z kablom, \u010drn -","isPartOf":{"@id":"https:\/\/www.urbanspot.si\/#website"},"primaryImageOfPage":{"@id":"https:\/\/www.urbanspot.si\/produkt\/samsung-polnilec-45w-z-kablom-crn\/#primaryimage"},"image":{"@id":"https:\/\/www.urbanspot.si\/produkt\/samsung-polnilec-45w-z-kablom-crn\/#primaryimage"},"thumbnailUrl":"https:\/\/www.urbanspot.si\/wp-content\/uploads\/samsung-polnilec-45w-z-kablom-crn.png","datePublished":"2024-05-22T13:38:27+00:00","dateModified":"2026-03-18T13:54:01+00:00","breadcrumb":{"@id":"https:\/\/www.urbanspot.si\/produkt\/samsung-polnilec-45w-z-kablom-crn\/#breadcrumb"},"inLanguage":"hr","potentialAction":[{"@type":"ReadAction","target":["https:\/\/www.urbanspot.si\/produkt\/samsung-polnilec-45w-z-kablom-crn\/"]}]},{"@type":"ImageObject","inLanguage":"hr","@id":"https:\/\/www.urbanspot.si\/produkt\/samsung-polnilec-45w-z-kablom-crn\/#primaryimage","url":"https:\/\/www.urbanspot.si\/wp-content\/uploads\/samsung-polnilec-45w-z-kablom-crn.png","contentUrl":"https:\/\/www.urbanspot.si\/wp-content\/uploads\/samsung-polnilec-45w-z-kablom-crn.png","width":915,"height":915,"caption":"Samsung polnilec 45W"},{"@type":"BreadcrumbList","@id":"https:\/\/www.urbanspot.si\/produkt\/samsung-polnilec-45w-z-kablom-crn\/#breadcrumb","itemListElement":[{"@type":"ListItem","position":1,"name":"Home","item":"https:\/\/www.urbanspot.si\/"},{"@type":"ListItem","position":2,"name":"Shop","item":"https:\/\/www.urbanspot.si\/shop\/"},{"@type":"ListItem","position":3,"name":"Samsung polnilec 45W, z kablom, \u010drn"}]},{"@type":"WebSite","@id":"https:\/\/www.urbanspot.si\/#website","url":"https:\/\/www.urbanspot.si\/","name":"UrbanSpot","description":"","publisher":{"@id":"https:\/\/www.urbanspot.si\/#organization"},"potentialAction":[{"@type":"SearchAction","target":{"@type":"EntryPoint","urlTemplate":"https:\/\/www.urbanspot.si\/?s={search_term_string}"},"query-input":{"@type":"PropertyValueSpecification","valueRequired":true,"valueName":"search_term_string"}}],"inLanguage":"hr"},{"@type":"Organization","@id":"https:\/\/www.urbanspot.si\/#organization","name":"UrbanSpot","url":"https:\/\/www.urbanspot.si\/","logo":{"@type":"ImageObject","inLanguage":"hr","@id":"https:\/\/www.urbanspot.si\/#\/schema\/logo\/image\/","url":"https:\/\/www.urbanspot.si\/wp-content\/uploads\/urbanspot-logo.svg","contentUrl":"https:\/\/www.urbanspot.si\/wp-content\/uploads\/urbanspot-logo.svg","width":185,"height":40,"caption":"UrbanSpot"},"image":{"@id":"https:\/\/www.urbanspot.si\/#\/schema\/logo\/image\/"},"sameAs":["https:\/\/www.facebook.com\/urbanspot.si"]}]}},"_links":{"self":[{"href":"https:\/\/www.urbanspot.si\/hr\/wp-json\/wp\/v2\/product\/14084","targetHints":{"allow":["GET"]}}],"collection":[{"href":"https:\/\/www.urbanspot.si\/hr\/wp-json\/wp\/v2\/product"}],"about":[{"href":"https:\/\/www.urbanspot.si\/hr\/wp-json\/wp\/v2\/types\/product"}],"replies":[{"embeddable":true,"href":"https:\/\/www.urbanspot.si\/hr\/wp-json\/wp\/v2\/comments?post=14084"}],"version-history":[{"count":2,"href":"https:\/\/www.urbanspot.si\/hr\/wp-json\/wp\/v2\/product\/14084\/revisions"}],"predecessor-version":[{"id":20052,"href":"https:\/\/www.urbanspot.si\/hr\/wp-json\/wp\/v2\/product\/14084\/revisions\/20052"}],"wp:featuredmedia":[{"embeddable":true,"href":"https:\/\/www.urbanspot.si\/hr\/wp-json\/wp\/v2\/media\/14086"}],"wp:attachment":[{"href":"https:\/\/www.urbanspot.si\/hr\/wp-json\/wp\/v2\/media?parent=14084"}],"wp:term":[{"taxonomy":"product_brand","embeddable":true,"href":"https:\/\/www.urbanspot.si\/hr\/wp-json\/wp\/v2\/product_brand?post=14084"},{"taxonomy":"product_cat","embeddable":true,"href":"https:\/\/www.urbanspot.si\/hr\/wp-json\/wp\/v2\/product_cat?post=14084"},{"taxonomy":"product_tag","embeddable":true,"href":"https:\/\/www.urbanspot.si\/hr\/wp-json\/wp\/v2\/product_tag?post=14084"}],"curies":[{"name":"radni list","href":"https:\/\/api.w.org\/{rel}","templated":true}]}}