{"id":14268,"date":"2024-05-22T14:38:59","date_gmt":"2024-05-22T13:38:59","guid":{"rendered":"https:\/\/www.urbanspot.si\/product\/apple-magsafe-brezzicna-polnilna-postaja\/"},"modified":"2026-03-18T15:53:54","modified_gmt":"2026-03-18T13:53:54","slug":"apple-magsafe-bezicna-stanica-za-punjenje","status":"publish","type":"product","link":"https:\/\/www.urbanspot.si\/hr\/produkt\/apple-magsafe-brezzicna-polnilna-postaja\/","title":{"rendered":"Apple MagSafe be\u017ei\u010dna stanica za punjenje"},"content":{"rendered":"<p>Punjiva baterija u sofisticiranom, izdr\u017eljivom ku\u0107i\u0161tu osigurat \u0107e da nikada ne\u0107ete ostati bez prazne baterije na svom Apple telefonu.<\/p>\n<p><strong>Tehni\u010dke zna\u010dajke:<\/strong><\/p>\n<ul>\n<li>Jamstvo: 12 mjeseci<\/li>\n<li>Kompatibilno s APPLE telefonima<\/li>\n<li>MagSafe se be\u017ei\u010dno puni snagom do 15 W<\/li>\n<li>Be\u017ei\u010dno Qi punjenje zahtijeva da va\u0161 pametni telefon podr\u017eava be\u017ei\u010dno punjenje<\/li>\n<li>Za brzo be\u017ei\u010dno punjenje morate koristiti adapter koji podr\u017eava punjenje od 25 W (nije uklju\u010den)<\/li>\n<li>Boja: bijela<\/li>\n<\/ul>","protected":false},"excerpt":{"rendered":"<p>Be\u017ei\u010dni punja\u010d renomiranog proizvo\u0111a\u010da Apple. Punja\u010d je pogodan za be\u017ei\u010dno punjenje Apple ure\u0111aja i ure\u0111aja drugih proizvo\u0111a\u010da koji podr\u017eavaju be\u017ei\u010dno punjenje. Jednostavno i bez nepotrebnih kabela napunite svoj telefon. Samo stavite telefon na postolje za punjenje.<\/p>","protected":false},"featured_media":14270,"comment_status":"closed","ping_status":"closed","template":"","meta":[],"product_brand":[],"product_cat":[104,249,432,91],"product_tag":[],"class_list":{"0":"post-14268","1":"product","2":"type-product","3":"status-publish","4":"has-post-thumbnail","6":"product_cat-dodatna-oprema","7":"product_cat-kabli-in-polnilci","8":"product_cat-power-bank","9":"product_cat-razprodaja","10":"pa_primerno-za-proizvajalca-apple","12":"first","13":"outofstock","14":"sale","15":"taxable","16":"shipping-taxable","17":"purchasable","18":"product-type-simple"},"yoast_head":"<!-- This site is optimized with the Yoast SEO plugin v27.4 - https:\/\/yoast.com\/product\/yoast-seo-wordpress\/ -->\n<title>Apple MagSafe brez\u017ei\u010dna polnilna postaja -<\/title>\n<meta name=\"robots\" content=\"index, follow, max-snippet:-1, max-image-preview:large, max-video-preview:-1\" \/>\n<link rel=\"canonical\" href=\"https:\/\/www.urbanspot.si\/hr\/proizvod-2\/apple-magsafe-bezicna-stanica-za-punjenje\/\" \/>\n<meta property=\"og:locale\" content=\"hr_HR\" \/>\n<meta property=\"og:type\" content=\"article\" \/>\n<meta property=\"og:title\" content=\"Apple MagSafe brez\u017ei\u010dna polnilna postaja -\" \/>\n<meta property=\"og:description\" content=\"Wireless brez\u017ei\u010dni polnilec priznanega proizvajalca Apple. Polnilec je primeren za brez\u017ei\u010dno polnjenje Apple naprav in naprav ostalih proizvajalcev, ki podpirajo brez\u017ei\u010dno polnjenje .Napolnite svoj telefon preposto in brez odve\u010dnih napeljav. Telefon polo\u017eite na stojalo in napolnite svoj telefon\" \/>\n<meta property=\"og:url\" content=\"https:\/\/www.urbanspot.si\/hr\/proizvod-2\/apple-magsafe-bezicna-stanica-za-punjenje\/\" \/>\n<meta property=\"article:publisher\" content=\"https:\/\/www.facebook.com\/urbanspot.si\" \/>\n<meta property=\"article:modified_time\" content=\"2026-03-18T13:53:54+00:00\" \/>\n<meta property=\"og:image\" content=\"https:\/\/www.urbanspot.si\/wp-content\/uploads\/apple-magsafe-brezzicna-polnilna-postaja.jpg\" \/>\n\t<meta property=\"og:image:width\" content=\"700\" \/>\n\t<meta property=\"og:image:height\" content=\"700\" \/>\n\t<meta property=\"og:image:type\" content=\"image\/jpeg\" \/>\n<meta name=\"twitter:card\" content=\"summary_large_image\" \/>\n<meta name=\"twitter:label1\" content=\"Procijenjeno vrijeme \u010ditanja\" \/>\n\t<meta name=\"twitter:data1\" content=\"1 minuta\" \/>\n<script type=\"application\/ld+json\" class=\"yoast-schema-graph\">{\"@context\":\"https:\\\/\\\/schema.org\",\"@graph\":[{\"@type\":\"WebPage\",\"@id\":\"https:\\\/\\\/www.urbanspot.si\\\/produkt\\\/apple-magsafe-brezzicna-polnilna-postaja\\\/\",\"url\":\"https:\\\/\\\/www.urbanspot.si\\\/produkt\\\/apple-magsafe-brezzicna-polnilna-postaja\\\/\",\"name\":\"Apple MagSafe brez\u017ei\u010dna polnilna postaja -\",\"isPartOf\":{\"@id\":\"https:\\\/\\\/www.urbanspot.si\\\/#website\"},\"primaryImageOfPage\":{\"@id\":\"https:\\\/\\\/www.urbanspot.si\\\/produkt\\\/apple-magsafe-brezzicna-polnilna-postaja\\\/#primaryimage\"},\"image\":{\"@id\":\"https:\\\/\\\/www.urbanspot.si\\\/produkt\\\/apple-magsafe-brezzicna-polnilna-postaja\\\/#primaryimage\"},\"thumbnailUrl\":\"https:\\\/\\\/www.urbanspot.si\\\/wp-content\\\/uploads\\\/apple-magsafe-brezzicna-polnilna-postaja.jpg\",\"datePublished\":\"2024-05-22T13:38:59+00:00\",\"dateModified\":\"2026-03-18T13:53:54+00:00\",\"breadcrumb\":{\"@id\":\"https:\\\/\\\/www.urbanspot.si\\\/produkt\\\/apple-magsafe-brezzicna-polnilna-postaja\\\/#breadcrumb\"},\"inLanguage\":\"hr\",\"potentialAction\":[{\"@type\":\"ReadAction\",\"target\":[\"https:\\\/\\\/www.urbanspot.si\\\/produkt\\\/apple-magsafe-brezzicna-polnilna-postaja\\\/\"]}]},{\"@type\":\"ImageObject\",\"inLanguage\":\"hr\",\"@id\":\"https:\\\/\\\/www.urbanspot.si\\\/produkt\\\/apple-magsafe-brezzicna-polnilna-postaja\\\/#primaryimage\",\"url\":\"https:\\\/\\\/www.urbanspot.si\\\/wp-content\\\/uploads\\\/apple-magsafe-brezzicna-polnilna-postaja.jpg\",\"contentUrl\":\"https:\\\/\\\/www.urbanspot.si\\\/wp-content\\\/uploads\\\/apple-magsafe-brezzicna-polnilna-postaja.jpg\",\"width\":700,\"height\":700,\"caption\":\"Apple MagSafe brez\u017ei\u010dna polnilna postaja\"},{\"@type\":\"BreadcrumbList\",\"@id\":\"https:\\\/\\\/www.urbanspot.si\\\/produkt\\\/apple-magsafe-brezzicna-polnilna-postaja\\\/#breadcrumb\",\"itemListElement\":[{\"@type\":\"ListItem\",\"position\":1,\"name\":\"Home\",\"item\":\"https:\\\/\\\/www.urbanspot.si\\\/\"},{\"@type\":\"ListItem\",\"position\":2,\"name\":\"Shop\",\"item\":\"https:\\\/\\\/www.urbanspot.si\\\/shop\\\/\"},{\"@type\":\"ListItem\",\"position\":3,\"name\":\"Apple MagSafe brez\u017ei\u010dna polnilna postaja\"}]},{\"@type\":\"WebSite\",\"@id\":\"https:\\\/\\\/www.urbanspot.si\\\/#website\",\"url\":\"https:\\\/\\\/www.urbanspot.si\\\/\",\"name\":\"UrbanSpot\",\"description\":\"\",\"publisher\":{\"@id\":\"https:\\\/\\\/www.urbanspot.si\\\/#organization\"},\"potentialAction\":[{\"@type\":\"SearchAction\",\"target\":{\"@type\":\"EntryPoint\",\"urlTemplate\":\"https:\\\/\\\/www.urbanspot.si\\\/?s={search_term_string}\"},\"query-input\":{\"@type\":\"PropertyValueSpecification\",\"valueRequired\":true,\"valueName\":\"search_term_string\"}}],\"inLanguage\":\"hr\"},{\"@type\":\"Organization\",\"@id\":\"https:\\\/\\\/www.urbanspot.si\\\/#organization\",\"name\":\"UrbanSpot\",\"url\":\"https:\\\/\\\/www.urbanspot.si\\\/\",\"logo\":{\"@type\":\"ImageObject\",\"inLanguage\":\"hr\",\"@id\":\"https:\\\/\\\/www.urbanspot.si\\\/#\\\/schema\\\/logo\\\/image\\\/\",\"url\":\"https:\\\/\\\/www.urbanspot.si\\\/wp-content\\\/uploads\\\/urbanspot-logo.svg\",\"contentUrl\":\"https:\\\/\\\/www.urbanspot.si\\\/wp-content\\\/uploads\\\/urbanspot-logo.svg\",\"width\":185,\"height\":40,\"caption\":\"UrbanSpot\"},\"image\":{\"@id\":\"https:\\\/\\\/www.urbanspot.si\\\/#\\\/schema\\\/logo\\\/image\\\/\"},\"sameAs\":[\"https:\\\/\\\/www.facebook.com\\\/urbanspot.si\"]}]}<\/script>\n<!-- \/ Yoast SEO plugin. -->","yoast_head_json":{"title":"Apple MagSafe stanica za be\u017ei\u010dno punjenje -","robots":{"index":"index","follow":"follow","max-snippet":"max-snippet:-1","max-image-preview":"max-image-preview:large","max-video-preview":"max-video-preview:-1"},"canonical":"https:\/\/www.urbanspot.si\/hr\/proizvod-2\/apple-magsafe-bezicna-stanica-za-punjenje\/","og_locale":"hr_HR","og_type":"article","og_title":"Apple MagSafe brez\u017ei\u010dna polnilna postaja -","og_description":"Wireless brez\u017ei\u010dni polnilec priznanega proizvajalca Apple. Polnilec je primeren za brez\u017ei\u010dno polnjenje Apple naprav in naprav ostalih proizvajalcev, ki podpirajo brez\u017ei\u010dno polnjenje .Napolnite svoj telefon preposto in brez odve\u010dnih napeljav. Telefon polo\u017eite na stojalo in napolnite svoj telefon","og_url":"https:\/\/www.urbanspot.si\/hr\/proizvod-2\/apple-magsafe-bezicna-stanica-za-punjenje\/","article_publisher":"https:\/\/www.facebook.com\/urbanspot.si","article_modified_time":"2026-03-18T13:53:54+00:00","og_image":[{"width":700,"height":700,"url":"https:\/\/www.urbanspot.si\/wp-content\/uploads\/apple-magsafe-brezzicna-polnilna-postaja.jpg","type":"image\/jpeg"}],"twitter_card":"summary_large_image","twitter_misc":{"Procijenjeno vrijeme \u010ditanja":"1 minuta"},"schema":{"@context":"https:\/\/schema.org","@graph":[{"@type":"WebPage","@id":"https:\/\/www.urbanspot.si\/produkt\/apple-magsafe-brezzicna-polnilna-postaja\/","url":"https:\/\/www.urbanspot.si\/produkt\/apple-magsafe-brezzicna-polnilna-postaja\/","name":"Apple MagSafe stanica za be\u017ei\u010dno punjenje -","isPartOf":{"@id":"https:\/\/www.urbanspot.si\/#website"},"primaryImageOfPage":{"@id":"https:\/\/www.urbanspot.si\/produkt\/apple-magsafe-brezzicna-polnilna-postaja\/#primaryimage"},"image":{"@id":"https:\/\/www.urbanspot.si\/produkt\/apple-magsafe-brezzicna-polnilna-postaja\/#primaryimage"},"thumbnailUrl":"https:\/\/www.urbanspot.si\/wp-content\/uploads\/apple-magsafe-brezzicna-polnilna-postaja.jpg","datePublished":"2024-05-22T13:38:59+00:00","dateModified":"2026-03-18T13:53:54+00:00","breadcrumb":{"@id":"https:\/\/www.urbanspot.si\/produkt\/apple-magsafe-brezzicna-polnilna-postaja\/#breadcrumb"},"inLanguage":"hr","potentialAction":[{"@type":"ReadAction","target":["https:\/\/www.urbanspot.si\/produkt\/apple-magsafe-brezzicna-polnilna-postaja\/"]}]},{"@type":"ImageObject","inLanguage":"hr","@id":"https:\/\/www.urbanspot.si\/produkt\/apple-magsafe-brezzicna-polnilna-postaja\/#primaryimage","url":"https:\/\/www.urbanspot.si\/wp-content\/uploads\/apple-magsafe-brezzicna-polnilna-postaja.jpg","contentUrl":"https:\/\/www.urbanspot.si\/wp-content\/uploads\/apple-magsafe-brezzicna-polnilna-postaja.jpg","width":700,"height":700,"caption":"Apple MagSafe brez\u017ei\u010dna polnilna postaja"},{"@type":"BreadcrumbList","@id":"https:\/\/www.urbanspot.si\/produkt\/apple-magsafe-brezzicna-polnilna-postaja\/#breadcrumb","itemListElement":[{"@type":"ListItem","position":1,"name":"Home","item":"https:\/\/www.urbanspot.si\/"},{"@type":"ListItem","position":2,"name":"Shop","item":"https:\/\/www.urbanspot.si\/shop\/"},{"@type":"ListItem","position":3,"name":"Apple MagSafe brez\u017ei\u010dna polnilna postaja"}]},{"@type":"WebSite","@id":"https:\/\/www.urbanspot.si\/#website","url":"https:\/\/www.urbanspot.si\/","name":"UrbanSpot","description":"","publisher":{"@id":"https:\/\/www.urbanspot.si\/#organization"},"potentialAction":[{"@type":"SearchAction","target":{"@type":"EntryPoint","urlTemplate":"https:\/\/www.urbanspot.si\/?s={search_term_string}"},"query-input":{"@type":"PropertyValueSpecification","valueRequired":true,"valueName":"search_term_string"}}],"inLanguage":"hr"},{"@type":"Organization","@id":"https:\/\/www.urbanspot.si\/#organization","name":"UrbanSpot","url":"https:\/\/www.urbanspot.si\/","logo":{"@type":"ImageObject","inLanguage":"hr","@id":"https:\/\/www.urbanspot.si\/#\/schema\/logo\/image\/","url":"https:\/\/www.urbanspot.si\/wp-content\/uploads\/urbanspot-logo.svg","contentUrl":"https:\/\/www.urbanspot.si\/wp-content\/uploads\/urbanspot-logo.svg","width":185,"height":40,"caption":"UrbanSpot"},"image":{"@id":"https:\/\/www.urbanspot.si\/#\/schema\/logo\/image\/"},"sameAs":["https:\/\/www.facebook.com\/urbanspot.si"]}]}},"_links":{"self":[{"href":"https:\/\/www.urbanspot.si\/hr\/wp-json\/wp\/v2\/product\/14268","targetHints":{"allow":["GET"]}}],"collection":[{"href":"https:\/\/www.urbanspot.si\/hr\/wp-json\/wp\/v2\/product"}],"about":[{"href":"https:\/\/www.urbanspot.si\/hr\/wp-json\/wp\/v2\/types\/product"}],"replies":[{"embeddable":true,"href":"https:\/\/www.urbanspot.si\/hr\/wp-json\/wp\/v2\/comments?post=14268"}],"version-history":[{"count":4,"href":"https:\/\/www.urbanspot.si\/hr\/wp-json\/wp\/v2\/product\/14268\/revisions"}],"predecessor-version":[{"id":20891,"href":"https:\/\/www.urbanspot.si\/hr\/wp-json\/wp\/v2\/product\/14268\/revisions\/20891"}],"wp:featuredmedia":[{"embeddable":true,"href":"https:\/\/www.urbanspot.si\/hr\/wp-json\/wp\/v2\/media\/14270"}],"wp:attachment":[{"href":"https:\/\/www.urbanspot.si\/hr\/wp-json\/wp\/v2\/media?parent=14268"}],"wp:term":[{"taxonomy":"product_brand","embeddable":true,"href":"https:\/\/www.urbanspot.si\/hr\/wp-json\/wp\/v2\/product_brand?post=14268"},{"taxonomy":"product_cat","embeddable":true,"href":"https:\/\/www.urbanspot.si\/hr\/wp-json\/wp\/v2\/product_cat?post=14268"},{"taxonomy":"product_tag","embeddable":true,"href":"https:\/\/www.urbanspot.si\/hr\/wp-json\/wp\/v2\/product_tag?post=14268"}],"curies":[{"name":"radni list","href":"https:\/\/api.w.org\/{rel}","templated":true}]}}