{"id":14330,"date":"2024-05-22T14:38:59","date_gmt":"2024-05-22T13:38:59","guid":{"rendered":"https:\/\/www.urbanspot.si\/product\/guess-zascitni-ovitek-magsafe-saffiano-purple-iphone-15\/"},"modified":"2026-03-18T15:53:52","modified_gmt":"2026-03-18T13:53:52","slug":"guess-zastitna-futrola-magsafe-saffiano-ljubicasta-za-iphone-15","status":"publish","type":"product","link":"https:\/\/www.urbanspot.si\/hr\/produkt\/guess-zascitni-ovitek-magsafe-saffiano-purple-iphone-15\/","title":{"rendered":"Guess za\u0161titna futrola Magsafe Saffiano Purple, iPhone 15"},"content":{"rendered":"<p>Futrola je izra\u0111ena od vrlo izdr\u017eljivog materijala i \u0161titi va\u0161 telefon od udaraca i ogrebotina. Naravno, to je i originalan modni dodatak koji \u0107e va\u0161em telefonu dati neusporediv izgled.<\/p>\n<p>\u00a0<\/p>\n<ul>\n<li>Za\u0161titna futrola modnog brenda Guess<\/li>\n<li>Futrola je kompatibilna s MagSafe punja\u010dima, tako da mo\u017eete be\u017ei\u010dno puniti telefon dok je futrola na njoj.<\/li>\n<li>Futrola je od silikona, mekana i savr\u0161eno prianja uz telefon.<\/li>\n<li>Pouzdana za\u0161tita od padova i ozljeda<\/li>\n<li>\u0160titi od prljav\u0161tine i ogrebotina<\/li>\n<li>Navlaka ima poseban silikonski sloj sa strane koji je ugodan na dodir i ne klizi.<\/li>\n<\/ul>","protected":false},"excerpt":{"rendered":"<p>Za\u0161titna futrola Guess Magsafe Saffiano elegantna je futrola poznatog brenda Guess koja ima sve potrebne izreze za gumbe, kameru i konektore.<br \/>\nFutrola je kompatibilna s MagSafe punja\u010dima, tako da mo\u017eete be\u017ei\u010dno puniti telefon dok je futrola na njoj.<\/p>","protected":false},"featured_media":14332,"comment_status":"closed","ping_status":"open","template":"","meta":[],"product_brand":[],"product_cat":[92,93,94,560,91],"product_tag":[],"class_list":{"0":"post-14330","1":"product","2":"type-product","3":"status-publish","4":"has-post-thumbnail","6":"product_cat-apple","7":"product_cat-apple-iphone-15-serija","8":"product_cat-iphone-15","9":"product_cat-ovitki-za-telefone","10":"product_cat-razprodaja","11":"pa_primerno-za-model-iphone-15","12":"pa_primerno-za-proizvajalca-apple","14":"first","15":"outofstock","16":"sale","17":"taxable","18":"shipping-taxable","19":"purchasable","20":"product-type-simple"},"yoast_head":"<!-- This site is optimized with the Yoast SEO plugin v27.2 - https:\/\/yoast.com\/product\/yoast-seo-wordpress\/ -->\n<title>Guess za\u0161\u010ditni ovitek Magsafe Saffiano Purple, Iphone 15 -<\/title>\n<meta name=\"robots\" content=\"index, follow, max-snippet:-1, max-image-preview:large, max-video-preview:-1\" \/>\n<link rel=\"canonical\" href=\"https:\/\/www.urbanspot.si\/hr\/proizvod-2\/guess-zastitna-futrola-magsafe-saffiano-ljubicasta-za-iphone-15\/\" \/>\n<meta property=\"og:locale\" content=\"hr_HR\" \/>\n<meta property=\"og:type\" content=\"article\" \/>\n<meta property=\"og:title\" content=\"Guess za\u0161\u010ditni ovitek Magsafe Saffiano Purple, Iphone 15 -\" \/>\n<meta property=\"og:description\" content=\"Guess za\u0161\u010ditni ovitek Magsafe Saffiano je eleganten etui znane blagovne znamke Guess, ki ima vse potrebne izreze za gumbe, fotoaparat in priklju\u010dke. Ovitek je zdru\u017eljiv z MagSafe polnilci, tako da boste telefon lahko brezskrbno brez\u017ei\u010dno napolnili tudi z ovitkom.\" \/>\n<meta property=\"og:url\" content=\"https:\/\/www.urbanspot.si\/hr\/proizvod-2\/guess-zastitna-futrola-magsafe-saffiano-ljubicasta-za-iphone-15\/\" \/>\n<meta property=\"article:publisher\" content=\"https:\/\/www.facebook.com\/urbanspot.si\" \/>\n<meta property=\"article:modified_time\" content=\"2026-03-18T13:53:52+00:00\" \/>\n<meta property=\"og:image\" content=\"https:\/\/www.urbanspot.si\/wp-content\/uploads\/guess-zascitni-ovitek-magsafe-saffiano-purple-iphone-15.jpg\" \/>\n\t<meta property=\"og:image:width\" content=\"600\" \/>\n\t<meta property=\"og:image:height\" content=\"600\" \/>\n\t<meta property=\"og:image:type\" content=\"image\/jpeg\" \/>\n<meta name=\"twitter:card\" content=\"summary_large_image\" \/>\n<script type=\"application\/ld+json\" class=\"yoast-schema-graph\">{\"@context\":\"https:\/\/schema.org\",\"@graph\":[{\"@type\":\"WebPage\",\"@id\":\"https:\/\/www.urbanspot.si\/produkt\/guess-zascitni-ovitek-magsafe-saffiano-purple-iphone-15\/\",\"url\":\"https:\/\/www.urbanspot.si\/produkt\/guess-zascitni-ovitek-magsafe-saffiano-purple-iphone-15\/\",\"name\":\"Guess za\u0161\u010ditni ovitek Magsafe Saffiano Purple, Iphone 15 -\",\"isPartOf\":{\"@id\":\"https:\/\/www.urbanspot.si\/#website\"},\"primaryImageOfPage\":{\"@id\":\"https:\/\/www.urbanspot.si\/produkt\/guess-zascitni-ovitek-magsafe-saffiano-purple-iphone-15\/#primaryimage\"},\"image\":{\"@id\":\"https:\/\/www.urbanspot.si\/produkt\/guess-zascitni-ovitek-magsafe-saffiano-purple-iphone-15\/#primaryimage\"},\"thumbnailUrl\":\"https:\/\/www.urbanspot.si\/wp-content\/uploads\/guess-zascitni-ovitek-magsafe-saffiano-purple-iphone-15.jpg\",\"datePublished\":\"2024-05-22T13:38:59+00:00\",\"dateModified\":\"2026-03-18T13:53:52+00:00\",\"breadcrumb\":{\"@id\":\"https:\/\/www.urbanspot.si\/produkt\/guess-zascitni-ovitek-magsafe-saffiano-purple-iphone-15\/#breadcrumb\"},\"inLanguage\":\"hr\",\"potentialAction\":[{\"@type\":\"ReadAction\",\"target\":[\"https:\/\/www.urbanspot.si\/produkt\/guess-zascitni-ovitek-magsafe-saffiano-purple-iphone-15\/\"]}]},{\"@type\":\"ImageObject\",\"inLanguage\":\"hr\",\"@id\":\"https:\/\/www.urbanspot.si\/produkt\/guess-zascitni-ovitek-magsafe-saffiano-purple-iphone-15\/#primaryimage\",\"url\":\"https:\/\/www.urbanspot.si\/wp-content\/uploads\/guess-zascitni-ovitek-magsafe-saffiano-purple-iphone-15.jpg\",\"contentUrl\":\"https:\/\/www.urbanspot.si\/wp-content\/uploads\/guess-zascitni-ovitek-magsafe-saffiano-purple-iphone-15.jpg\",\"width\":600,\"height\":600,\"caption\":\"Guess za\u0161\u010ditni ovitek Magsafe Saffiano Purple\"},{\"@type\":\"BreadcrumbList\",\"@id\":\"https:\/\/www.urbanspot.si\/produkt\/guess-zascitni-ovitek-magsafe-saffiano-purple-iphone-15\/#breadcrumb\",\"itemListElement\":[{\"@type\":\"ListItem\",\"position\":1,\"name\":\"Home\",\"item\":\"https:\/\/www.urbanspot.si\/\"},{\"@type\":\"ListItem\",\"position\":2,\"name\":\"Shop\",\"item\":\"https:\/\/www.urbanspot.si\/shop\/\"},{\"@type\":\"ListItem\",\"position\":3,\"name\":\"Guess za\u0161\u010ditni ovitek Magsafe Saffiano Purple, Iphone 15\"}]},{\"@type\":\"WebSite\",\"@id\":\"https:\/\/www.urbanspot.si\/#website\",\"url\":\"https:\/\/www.urbanspot.si\/\",\"name\":\"UrbanSpot\",\"description\":\"\",\"publisher\":{\"@id\":\"https:\/\/www.urbanspot.si\/#organization\"},\"potentialAction\":[{\"@type\":\"SearchAction\",\"target\":{\"@type\":\"EntryPoint\",\"urlTemplate\":\"https:\/\/www.urbanspot.si\/?s={search_term_string}\"},\"query-input\":{\"@type\":\"PropertyValueSpecification\",\"valueRequired\":true,\"valueName\":\"search_term_string\"}}],\"inLanguage\":\"hr\"},{\"@type\":\"Organization\",\"@id\":\"https:\/\/www.urbanspot.si\/#organization\",\"name\":\"UrbanSpot\",\"url\":\"https:\/\/www.urbanspot.si\/\",\"logo\":{\"@type\":\"ImageObject\",\"inLanguage\":\"hr\",\"@id\":\"https:\/\/www.urbanspot.si\/#\/schema\/logo\/image\/\",\"url\":\"https:\/\/www.urbanspot.si\/wp-content\/uploads\/urbanspot-logo.svg\",\"contentUrl\":\"https:\/\/www.urbanspot.si\/wp-content\/uploads\/urbanspot-logo.svg\",\"width\":185,\"height\":40,\"caption\":\"UrbanSpot\"},\"image\":{\"@id\":\"https:\/\/www.urbanspot.si\/#\/schema\/logo\/image\/\"},\"sameAs\":[\"https:\/\/www.facebook.com\/urbanspot.si\"]}]}<\/script>\n<!-- \/ Yoast SEO plugin. -->","yoast_head_json":{"title":"Guess za\u0161\u010ditni ovitek Magsafe Saffiano Purple, Iphone 15 -","robots":{"index":"index","follow":"follow","max-snippet":"max-snippet:-1","max-image-preview":"max-image-preview:large","max-video-preview":"max-video-preview:-1"},"canonical":"https:\/\/www.urbanspot.si\/hr\/proizvod-2\/guess-zastitna-futrola-magsafe-saffiano-ljubicasta-za-iphone-15\/","og_locale":"hr_HR","og_type":"article","og_title":"Guess za\u0161\u010ditni ovitek Magsafe Saffiano Purple, Iphone 15 -","og_description":"Guess za\u0161\u010ditni ovitek Magsafe Saffiano je eleganten etui znane blagovne znamke Guess, ki ima vse potrebne izreze za gumbe, fotoaparat in priklju\u010dke. Ovitek je zdru\u017eljiv z MagSafe polnilci, tako da boste telefon lahko brezskrbno brez\u017ei\u010dno napolnili tudi z ovitkom.","og_url":"https:\/\/www.urbanspot.si\/hr\/proizvod-2\/guess-zastitna-futrola-magsafe-saffiano-ljubicasta-za-iphone-15\/","article_publisher":"https:\/\/www.facebook.com\/urbanspot.si","article_modified_time":"2026-03-18T13:53:52+00:00","og_image":[{"width":600,"height":600,"url":"https:\/\/www.urbanspot.si\/wp-content\/uploads\/guess-zascitni-ovitek-magsafe-saffiano-purple-iphone-15.jpg","type":"image\/jpeg"}],"twitter_card":"summary_large_image","schema":{"@context":"https:\/\/schema.org","@graph":[{"@type":"WebPage","@id":"https:\/\/www.urbanspot.si\/produkt\/guess-zascitni-ovitek-magsafe-saffiano-purple-iphone-15\/","url":"https:\/\/www.urbanspot.si\/produkt\/guess-zascitni-ovitek-magsafe-saffiano-purple-iphone-15\/","name":"Guess za\u0161\u010ditni ovitek Magsafe Saffiano Purple, Iphone 15 -","isPartOf":{"@id":"https:\/\/www.urbanspot.si\/#website"},"primaryImageOfPage":{"@id":"https:\/\/www.urbanspot.si\/produkt\/guess-zascitni-ovitek-magsafe-saffiano-purple-iphone-15\/#primaryimage"},"image":{"@id":"https:\/\/www.urbanspot.si\/produkt\/guess-zascitni-ovitek-magsafe-saffiano-purple-iphone-15\/#primaryimage"},"thumbnailUrl":"https:\/\/www.urbanspot.si\/wp-content\/uploads\/guess-zascitni-ovitek-magsafe-saffiano-purple-iphone-15.jpg","datePublished":"2024-05-22T13:38:59+00:00","dateModified":"2026-03-18T13:53:52+00:00","breadcrumb":{"@id":"https:\/\/www.urbanspot.si\/produkt\/guess-zascitni-ovitek-magsafe-saffiano-purple-iphone-15\/#breadcrumb"},"inLanguage":"hr","potentialAction":[{"@type":"ReadAction","target":["https:\/\/www.urbanspot.si\/produkt\/guess-zascitni-ovitek-magsafe-saffiano-purple-iphone-15\/"]}]},{"@type":"ImageObject","inLanguage":"hr","@id":"https:\/\/www.urbanspot.si\/produkt\/guess-zascitni-ovitek-magsafe-saffiano-purple-iphone-15\/#primaryimage","url":"https:\/\/www.urbanspot.si\/wp-content\/uploads\/guess-zascitni-ovitek-magsafe-saffiano-purple-iphone-15.jpg","contentUrl":"https:\/\/www.urbanspot.si\/wp-content\/uploads\/guess-zascitni-ovitek-magsafe-saffiano-purple-iphone-15.jpg","width":600,"height":600,"caption":"Guess za\u0161\u010ditni ovitek Magsafe Saffiano Purple"},{"@type":"BreadcrumbList","@id":"https:\/\/www.urbanspot.si\/produkt\/guess-zascitni-ovitek-magsafe-saffiano-purple-iphone-15\/#breadcrumb","itemListElement":[{"@type":"ListItem","position":1,"name":"Home","item":"https:\/\/www.urbanspot.si\/"},{"@type":"ListItem","position":2,"name":"Shop","item":"https:\/\/www.urbanspot.si\/shop\/"},{"@type":"ListItem","position":3,"name":"Guess za\u0161\u010ditni ovitek Magsafe Saffiano Purple, Iphone 15"}]},{"@type":"WebSite","@id":"https:\/\/www.urbanspot.si\/#website","url":"https:\/\/www.urbanspot.si\/","name":"UrbanSpot","description":"","publisher":{"@id":"https:\/\/www.urbanspot.si\/#organization"},"potentialAction":[{"@type":"SearchAction","target":{"@type":"EntryPoint","urlTemplate":"https:\/\/www.urbanspot.si\/?s={search_term_string}"},"query-input":{"@type":"PropertyValueSpecification","valueRequired":true,"valueName":"search_term_string"}}],"inLanguage":"hr"},{"@type":"Organization","@id":"https:\/\/www.urbanspot.si\/#organization","name":"UrbanSpot","url":"https:\/\/www.urbanspot.si\/","logo":{"@type":"ImageObject","inLanguage":"hr","@id":"https:\/\/www.urbanspot.si\/#\/schema\/logo\/image\/","url":"https:\/\/www.urbanspot.si\/wp-content\/uploads\/urbanspot-logo.svg","contentUrl":"https:\/\/www.urbanspot.si\/wp-content\/uploads\/urbanspot-logo.svg","width":185,"height":40,"caption":"UrbanSpot"},"image":{"@id":"https:\/\/www.urbanspot.si\/#\/schema\/logo\/image\/"},"sameAs":["https:\/\/www.facebook.com\/urbanspot.si"]}]}},"_links":{"self":[{"href":"https:\/\/www.urbanspot.si\/hr\/wp-json\/wp\/v2\/product\/14330","targetHints":{"allow":["GET"]}}],"collection":[{"href":"https:\/\/www.urbanspot.si\/hr\/wp-json\/wp\/v2\/product"}],"about":[{"href":"https:\/\/www.urbanspot.si\/hr\/wp-json\/wp\/v2\/types\/product"}],"replies":[{"embeddable":true,"href":"https:\/\/www.urbanspot.si\/hr\/wp-json\/wp\/v2\/comments?post=14330"}],"version-history":[{"count":1,"href":"https:\/\/www.urbanspot.si\/hr\/wp-json\/wp\/v2\/product\/14330\/revisions"}],"predecessor-version":[{"id":14331,"href":"https:\/\/www.urbanspot.si\/hr\/wp-json\/wp\/v2\/product\/14330\/revisions\/14331"}],"wp:featuredmedia":[{"embeddable":true,"href":"https:\/\/www.urbanspot.si\/hr\/wp-json\/wp\/v2\/media\/14332"}],"wp:attachment":[{"href":"https:\/\/www.urbanspot.si\/hr\/wp-json\/wp\/v2\/media?parent=14330"}],"wp:term":[{"taxonomy":"product_brand","embeddable":true,"href":"https:\/\/www.urbanspot.si\/hr\/wp-json\/wp\/v2\/product_brand?post=14330"},{"taxonomy":"product_cat","embeddable":true,"href":"https:\/\/www.urbanspot.si\/hr\/wp-json\/wp\/v2\/product_cat?post=14330"},{"taxonomy":"product_tag","embeddable":true,"href":"https:\/\/www.urbanspot.si\/hr\/wp-json\/wp\/v2\/product_tag?post=14330"}],"curies":[{"name":"radni list","href":"https:\/\/api.w.org\/{rel}","templated":true}]}}