{"id":14417,"date":"2024-05-22T14:39:11","date_gmt":"2024-05-22T13:39:11","guid":{"rendered":"https:\/\/www.urbanspot.si\/product\/zascitni-ovitek-spigen-liquid-crystal-samsung-galaxy-a54-5g\/"},"modified":"2026-03-18T15:53:48","modified_gmt":"2026-03-18T13:53:48","slug":"spigen-liquid-crystal-zastitna-maska-za-samsung-galaxy-a54-5g","status":"publish","type":"product","link":"https:\/\/www.urbanspot.si\/hr\/produkt\/zascitni-ovitek-spigen-liquid-crystal-samsung-galaxy-a54-5g\/","title":{"rendered":"Spigen za\u0161titna maskica s teku\u0107im kristalima za Samsung Galaxy A54 5G"},"content":{"rendered":"<p>Spigen Liquid Crystal maska izra\u0111ena je od visokokvalitetnih materijala koji \u0161tite va\u0161 telefon od svakodnevne prljav\u0161tine, ogrebotina i udaraca.<\/p>\n<p>\u00a0<\/p>\n<p>Zna\u010dajke:<\/p>\n<ul>\n<li>Savr\u0161en izgled<\/li>\n<li>Savr\u0161eno pristaje telefonu<\/li>\n<li>Tanka i d\u017eepna torbica<\/li>\n<li>Omogu\u0107uje be\u017ei\u010dno punjenje<\/li>\n<li>Visokokvalitetni materijal<\/li>\n<li>Omogu\u0107uje kori\u0161tenje magnetskog dr\u017ea\u010da za automobil<\/li>\n<li>Boja: prozirna<\/li>\n<\/ul>\n<p>\u00a0<\/p>\n<pre id=\"tw-target-text\" class=\"tw-data-text tw-text-large XcVN5d tw-ta\" dir=\"ltr\" data-placeholder=\"Translation\">\u00a0<\/pre>","protected":false},"excerpt":{"rendered":"<p><p>Spigen Liquid Crystal maskica ne odlikuje se samo iznimnom kvalitetom, ve\u0107 i dizajnom. Silikonska maskica koja \u0161titi va\u0161 pametni telefon od ogrebotina, prljav\u0161tine i udaraca. Dobro pristaje i ugodna je na dodir. <\/p><\/p>","protected":false},"featured_media":14419,"comment_status":"closed","ping_status":"open","template":"","meta":[],"product_brand":[],"product_cat":[435,560,91,88,190],"product_tag":[],"class_list":{"0":"post-14417","1":"product","2":"type-product","3":"status-publish","4":"has-post-thumbnail","6":"product_cat-galaxy-a54-5g","7":"product_cat-ovitki-za-telefone","8":"product_cat-razprodaja","9":"product_cat-samsung","10":"product_cat-samsung-a-serija","11":"pa_primerno-za-model-samsung-galaxy-a54-5g","12":"pa_primerno-za-proizvajalca-samsung","14":"first","15":"outofstock","16":"sale","17":"taxable","18":"shipping-taxable","19":"purchasable","20":"product-type-simple"},"yoast_head":"<!-- This site is optimized with the Yoast SEO plugin v27.4 - https:\/\/yoast.com\/product\/yoast-seo-wordpress\/ -->\n<title>Za\u0161\u010ditni ovitek Spigen Liquid Crystal, Samsung Galaxy A54 5G -<\/title>\n<meta name=\"robots\" content=\"index, follow, max-snippet:-1, max-image-preview:large, max-video-preview:-1\" \/>\n<link rel=\"canonical\" href=\"https:\/\/www.urbanspot.si\/hr\/proizvod-2\/spigen-liquid-crystal-zastitna-maska-za-samsung-galaxy-a54-5g\/\" \/>\n<meta property=\"og:locale\" content=\"hr_HR\" \/>\n<meta property=\"og:type\" content=\"article\" \/>\n<meta property=\"og:title\" content=\"Za\u0161\u010ditni ovitek Spigen Liquid Crystal, Samsung Galaxy A54 5G -\" \/>\n<meta property=\"og:description\" content=\"Ovitka Spigen Liquid Crystal ne odlikuje le izjemna kakovost, temve\u010d tudi dizajn. Silikonski ovoj, ki va\u0161emu pametnemu telefonu nudi za\u0161\u010dito pred praskami, umazanijo in udarci. Dobro prileganje in prijeten na otip.\" \/>\n<meta property=\"og:url\" content=\"https:\/\/www.urbanspot.si\/hr\/proizvod-2\/spigen-liquid-crystal-zastitna-maska-za-samsung-galaxy-a54-5g\/\" \/>\n<meta property=\"article:publisher\" content=\"https:\/\/www.facebook.com\/urbanspot.si\" \/>\n<meta property=\"article:modified_time\" content=\"2026-03-18T13:53:48+00:00\" \/>\n<meta property=\"og:image\" content=\"https:\/\/www.urbanspot.si\/wp-content\/uploads\/zascitni-ovitek-spigen-liquid-crystal-samsung-galaxy-a54-5g.jpg\" \/>\n\t<meta property=\"og:image:width\" content=\"540\" \/>\n\t<meta property=\"og:image:height\" content=\"540\" \/>\n\t<meta property=\"og:image:type\" content=\"image\/jpeg\" \/>\n<meta name=\"twitter:card\" content=\"summary_large_image\" \/>\n<script type=\"application\/ld+json\" class=\"yoast-schema-graph\">{\"@context\":\"https:\\\/\\\/schema.org\",\"@graph\":[{\"@type\":\"WebPage\",\"@id\":\"https:\\\/\\\/www.urbanspot.si\\\/produkt\\\/zascitni-ovitek-spigen-liquid-crystal-samsung-galaxy-a54-5g\\\/\",\"url\":\"https:\\\/\\\/www.urbanspot.si\\\/produkt\\\/zascitni-ovitek-spigen-liquid-crystal-samsung-galaxy-a54-5g\\\/\",\"name\":\"Za\u0161\u010ditni ovitek Spigen Liquid Crystal, Samsung Galaxy A54 5G -\",\"isPartOf\":{\"@id\":\"https:\\\/\\\/www.urbanspot.si\\\/#website\"},\"primaryImageOfPage\":{\"@id\":\"https:\\\/\\\/www.urbanspot.si\\\/produkt\\\/zascitni-ovitek-spigen-liquid-crystal-samsung-galaxy-a54-5g\\\/#primaryimage\"},\"image\":{\"@id\":\"https:\\\/\\\/www.urbanspot.si\\\/produkt\\\/zascitni-ovitek-spigen-liquid-crystal-samsung-galaxy-a54-5g\\\/#primaryimage\"},\"thumbnailUrl\":\"https:\\\/\\\/www.urbanspot.si\\\/wp-content\\\/uploads\\\/zascitni-ovitek-spigen-liquid-crystal-samsung-galaxy-a54-5g.jpg\",\"datePublished\":\"2024-05-22T13:39:11+00:00\",\"dateModified\":\"2026-03-18T13:53:48+00:00\",\"breadcrumb\":{\"@id\":\"https:\\\/\\\/www.urbanspot.si\\\/produkt\\\/zascitni-ovitek-spigen-liquid-crystal-samsung-galaxy-a54-5g\\\/#breadcrumb\"},\"inLanguage\":\"hr\",\"potentialAction\":[{\"@type\":\"ReadAction\",\"target\":[\"https:\\\/\\\/www.urbanspot.si\\\/produkt\\\/zascitni-ovitek-spigen-liquid-crystal-samsung-galaxy-a54-5g\\\/\"]}]},{\"@type\":\"ImageObject\",\"inLanguage\":\"hr\",\"@id\":\"https:\\\/\\\/www.urbanspot.si\\\/produkt\\\/zascitni-ovitek-spigen-liquid-crystal-samsung-galaxy-a54-5g\\\/#primaryimage\",\"url\":\"https:\\\/\\\/www.urbanspot.si\\\/wp-content\\\/uploads\\\/zascitni-ovitek-spigen-liquid-crystal-samsung-galaxy-a54-5g.jpg\",\"contentUrl\":\"https:\\\/\\\/www.urbanspot.si\\\/wp-content\\\/uploads\\\/zascitni-ovitek-spigen-liquid-crystal-samsung-galaxy-a54-5g.jpg\",\"width\":540,\"height\":540,\"caption\":\"Za\u0161\u010ditni ovitek Spigen Liquid Crystal\"},{\"@type\":\"BreadcrumbList\",\"@id\":\"https:\\\/\\\/www.urbanspot.si\\\/produkt\\\/zascitni-ovitek-spigen-liquid-crystal-samsung-galaxy-a54-5g\\\/#breadcrumb\",\"itemListElement\":[{\"@type\":\"ListItem\",\"position\":1,\"name\":\"Home\",\"item\":\"https:\\\/\\\/www.urbanspot.si\\\/\"},{\"@type\":\"ListItem\",\"position\":2,\"name\":\"Shop\",\"item\":\"https:\\\/\\\/www.urbanspot.si\\\/shop\\\/\"},{\"@type\":\"ListItem\",\"position\":3,\"name\":\"Za\u0161\u010ditni ovitek Spigen Liquid Crystal, Samsung Galaxy A54 5G\"}]},{\"@type\":\"WebSite\",\"@id\":\"https:\\\/\\\/www.urbanspot.si\\\/#website\",\"url\":\"https:\\\/\\\/www.urbanspot.si\\\/\",\"name\":\"UrbanSpot\",\"description\":\"\",\"publisher\":{\"@id\":\"https:\\\/\\\/www.urbanspot.si\\\/#organization\"},\"potentialAction\":[{\"@type\":\"SearchAction\",\"target\":{\"@type\":\"EntryPoint\",\"urlTemplate\":\"https:\\\/\\\/www.urbanspot.si\\\/?s={search_term_string}\"},\"query-input\":{\"@type\":\"PropertyValueSpecification\",\"valueRequired\":true,\"valueName\":\"search_term_string\"}}],\"inLanguage\":\"hr\"},{\"@type\":\"Organization\",\"@id\":\"https:\\\/\\\/www.urbanspot.si\\\/#organization\",\"name\":\"UrbanSpot\",\"url\":\"https:\\\/\\\/www.urbanspot.si\\\/\",\"logo\":{\"@type\":\"ImageObject\",\"inLanguage\":\"hr\",\"@id\":\"https:\\\/\\\/www.urbanspot.si\\\/#\\\/schema\\\/logo\\\/image\\\/\",\"url\":\"https:\\\/\\\/www.urbanspot.si\\\/wp-content\\\/uploads\\\/urbanspot-logo.svg\",\"contentUrl\":\"https:\\\/\\\/www.urbanspot.si\\\/wp-content\\\/uploads\\\/urbanspot-logo.svg\",\"width\":185,\"height\":40,\"caption\":\"UrbanSpot\"},\"image\":{\"@id\":\"https:\\\/\\\/www.urbanspot.si\\\/#\\\/schema\\\/logo\\\/image\\\/\"},\"sameAs\":[\"https:\\\/\\\/www.facebook.com\\\/urbanspot.si\"]}]}<\/script>\n<!-- \/ Yoast SEO plugin. -->","yoast_head_json":{"title":"Spigen Liquid Crystal za\u0161titna maska, Samsung Galaxy A54 5G -","robots":{"index":"index","follow":"follow","max-snippet":"max-snippet:-1","max-image-preview":"max-image-preview:large","max-video-preview":"max-video-preview:-1"},"canonical":"https:\/\/www.urbanspot.si\/hr\/proizvod-2\/spigen-liquid-crystal-zastitna-maska-za-samsung-galaxy-a54-5g\/","og_locale":"hr_HR","og_type":"article","og_title":"Za\u0161\u010ditni ovitek Spigen Liquid Crystal, Samsung Galaxy A54 5G -","og_description":"Ovitka Spigen Liquid Crystal ne odlikuje le izjemna kakovost, temve\u010d tudi dizajn. Silikonski ovoj, ki va\u0161emu pametnemu telefonu nudi za\u0161\u010dito pred praskami, umazanijo in udarci. Dobro prileganje in prijeten na otip.","og_url":"https:\/\/www.urbanspot.si\/hr\/proizvod-2\/spigen-liquid-crystal-zastitna-maska-za-samsung-galaxy-a54-5g\/","article_publisher":"https:\/\/www.facebook.com\/urbanspot.si","article_modified_time":"2026-03-18T13:53:48+00:00","og_image":[{"width":540,"height":540,"url":"https:\/\/www.urbanspot.si\/wp-content\/uploads\/zascitni-ovitek-spigen-liquid-crystal-samsung-galaxy-a54-5g.jpg","type":"image\/jpeg"}],"twitter_card":"summary_large_image","schema":{"@context":"https:\/\/schema.org","@graph":[{"@type":"WebPage","@id":"https:\/\/www.urbanspot.si\/produkt\/zascitni-ovitek-spigen-liquid-crystal-samsung-galaxy-a54-5g\/","url":"https:\/\/www.urbanspot.si\/produkt\/zascitni-ovitek-spigen-liquid-crystal-samsung-galaxy-a54-5g\/","name":"Spigen Liquid Crystal za\u0161titna maska, Samsung Galaxy A54 5G -","isPartOf":{"@id":"https:\/\/www.urbanspot.si\/#website"},"primaryImageOfPage":{"@id":"https:\/\/www.urbanspot.si\/produkt\/zascitni-ovitek-spigen-liquid-crystal-samsung-galaxy-a54-5g\/#primaryimage"},"image":{"@id":"https:\/\/www.urbanspot.si\/produkt\/zascitni-ovitek-spigen-liquid-crystal-samsung-galaxy-a54-5g\/#primaryimage"},"thumbnailUrl":"https:\/\/www.urbanspot.si\/wp-content\/uploads\/zascitni-ovitek-spigen-liquid-crystal-samsung-galaxy-a54-5g.jpg","datePublished":"2024-05-22T13:39:11+00:00","dateModified":"2026-03-18T13:53:48+00:00","breadcrumb":{"@id":"https:\/\/www.urbanspot.si\/produkt\/zascitni-ovitek-spigen-liquid-crystal-samsung-galaxy-a54-5g\/#breadcrumb"},"inLanguage":"hr","potentialAction":[{"@type":"ReadAction","target":["https:\/\/www.urbanspot.si\/produkt\/zascitni-ovitek-spigen-liquid-crystal-samsung-galaxy-a54-5g\/"]}]},{"@type":"ImageObject","inLanguage":"hr","@id":"https:\/\/www.urbanspot.si\/produkt\/zascitni-ovitek-spigen-liquid-crystal-samsung-galaxy-a54-5g\/#primaryimage","url":"https:\/\/www.urbanspot.si\/wp-content\/uploads\/zascitni-ovitek-spigen-liquid-crystal-samsung-galaxy-a54-5g.jpg","contentUrl":"https:\/\/www.urbanspot.si\/wp-content\/uploads\/zascitni-ovitek-spigen-liquid-crystal-samsung-galaxy-a54-5g.jpg","width":540,"height":540,"caption":"Za\u0161\u010ditni ovitek Spigen Liquid Crystal"},{"@type":"BreadcrumbList","@id":"https:\/\/www.urbanspot.si\/produkt\/zascitni-ovitek-spigen-liquid-crystal-samsung-galaxy-a54-5g\/#breadcrumb","itemListElement":[{"@type":"ListItem","position":1,"name":"Home","item":"https:\/\/www.urbanspot.si\/"},{"@type":"ListItem","position":2,"name":"Shop","item":"https:\/\/www.urbanspot.si\/shop\/"},{"@type":"ListItem","position":3,"name":"Za\u0161\u010ditni ovitek Spigen Liquid Crystal, Samsung Galaxy A54 5G"}]},{"@type":"WebSite","@id":"https:\/\/www.urbanspot.si\/#website","url":"https:\/\/www.urbanspot.si\/","name":"UrbanSpot","description":"","publisher":{"@id":"https:\/\/www.urbanspot.si\/#organization"},"potentialAction":[{"@type":"SearchAction","target":{"@type":"EntryPoint","urlTemplate":"https:\/\/www.urbanspot.si\/?s={search_term_string}"},"query-input":{"@type":"PropertyValueSpecification","valueRequired":true,"valueName":"search_term_string"}}],"inLanguage":"hr"},{"@type":"Organization","@id":"https:\/\/www.urbanspot.si\/#organization","name":"UrbanSpot","url":"https:\/\/www.urbanspot.si\/","logo":{"@type":"ImageObject","inLanguage":"hr","@id":"https:\/\/www.urbanspot.si\/#\/schema\/logo\/image\/","url":"https:\/\/www.urbanspot.si\/wp-content\/uploads\/urbanspot-logo.svg","contentUrl":"https:\/\/www.urbanspot.si\/wp-content\/uploads\/urbanspot-logo.svg","width":185,"height":40,"caption":"UrbanSpot"},"image":{"@id":"https:\/\/www.urbanspot.si\/#\/schema\/logo\/image\/"},"sameAs":["https:\/\/www.facebook.com\/urbanspot.si"]}]}},"_links":{"self":[{"href":"https:\/\/www.urbanspot.si\/hr\/wp-json\/wp\/v2\/product\/14417","targetHints":{"allow":["GET"]}}],"collection":[{"href":"https:\/\/www.urbanspot.si\/hr\/wp-json\/wp\/v2\/product"}],"about":[{"href":"https:\/\/www.urbanspot.si\/hr\/wp-json\/wp\/v2\/types\/product"}],"replies":[{"embeddable":true,"href":"https:\/\/www.urbanspot.si\/hr\/wp-json\/wp\/v2\/comments?post=14417"}],"version-history":[{"count":1,"href":"https:\/\/www.urbanspot.si\/hr\/wp-json\/wp\/v2\/product\/14417\/revisions"}],"predecessor-version":[{"id":14418,"href":"https:\/\/www.urbanspot.si\/hr\/wp-json\/wp\/v2\/product\/14417\/revisions\/14418"}],"wp:featuredmedia":[{"embeddable":true,"href":"https:\/\/www.urbanspot.si\/hr\/wp-json\/wp\/v2\/media\/14419"}],"wp:attachment":[{"href":"https:\/\/www.urbanspot.si\/hr\/wp-json\/wp\/v2\/media?parent=14417"}],"wp:term":[{"taxonomy":"product_brand","embeddable":true,"href":"https:\/\/www.urbanspot.si\/hr\/wp-json\/wp\/v2\/product_brand?post=14417"},{"taxonomy":"product_cat","embeddable":true,"href":"https:\/\/www.urbanspot.si\/hr\/wp-json\/wp\/v2\/product_cat?post=14417"},{"taxonomy":"product_tag","embeddable":true,"href":"https:\/\/www.urbanspot.si\/hr\/wp-json\/wp\/v2\/product_tag?post=14417"}],"curies":[{"name":"radni list","href":"https:\/\/api.w.org\/{rel}","templated":true}]}}